{"id":20177,"date":"2025-03-04T14:44:26","date_gmt":"2025-03-04T14:44:26","guid":{"rendered":"https:\/\/www.cetestgroup.com\/?page_id=20177"},"modified":"2025-03-05T06:17:59","modified_gmt":"2025-03-05T06:17:59","slug":"ingenieur-dessais-virtuels","status":"publish","type":"page","link":"https:\/\/www.cetestgroup.com\/fr\/offres-demploi\/ingenieur-dessais-virtuels\/","title":{"rendered":"Ing\u00e9nieur d&rsquo;essais virtuels"},"content":{"rendered":"<div class=\"wpb-content-wrapper\"><p>[vc_row][vc_column]<div class=\"ult-spacer spacer-69dd1d776b564\" data-id=\"69dd1d776b564\" data-height=\"80\" data-height-mobile=\"30\" data-height-tab=\"50\" data-height-tab-portrait=\"\" data-height-mobile-landscape=\"\" style=\"clear:both;display:block;\"><\/div>[\/vc_column][\/vc_row][vc_row][vc_column width=\u00a0\u00bb1\/2&Prime;]<div class=\"dfd-heading-shortcode\"><div class=\"dfd-heading-module-wrap  text-left style_01 dfd-heading-69dd1d776b602 dfd-disable-resposive-headings\" id=\"dfd-heading-69dd1d776b602\" ><div class=\"inline-block\"><div class=\"dfd-heading-module\"><h6 class=\"widget-title dfd-title \" style=\"font-family:PT Sans Narrow; font-weight:400; font-style:normal; font-size: 18px; color: #25bdd5 !important; line-height: 22px; \">Titre<\/h6><h5 class=\"widget-sub-title dfd-sub-title \" style=\"font-family:PT Sans; font-weight:400; font-style:normal; font-size: 20px; line-height: 25px; \">Ing\u00e9nieur d'essais virtuels<\/h5><\/div><\/div><\/div><script type=\"text\/javascript\">\r\n\t\t\t\t\t\t\t\t\t(function($) {\r\n\t\t\t\t\t\t\t\t\t\t$(\"head\").append(\"<style>.dfd-heading-69dd1d776b602.dfd-heading-module-wrap .dfd-heading-module .dfd-heading-delimiter {margin-top:10px;margin-bottom:10px;}<\/style>\");\r\n\t\t\t\t\t\t\t\t\t})(jQuery);\r\n\t\t\t\t\t\t\t\t<\/script><\/div>[\/vc_column][vc_column width=\u00a0\u00bb1\/4&Prime;]<div class=\"dfd-heading-shortcode\"><div class=\"dfd-heading-module-wrap  text-center style_01 dfd-heading-69dd1d776b75f dfd-disable-resposive-headings\" id=\"dfd-heading-69dd1d776b75f\" ><div class=\"inline-block\"><div class=\"dfd-heading-module\"><h6 class=\"widget-title dfd-title \" style=\"font-family:PT Sans Narrow; font-weight:400; font-style:normal; font-size: 18px; color: #25bdd5 !important; line-height: 22px; \">Ref.<\/p>\n<p><\/h6><h5 class=\"widget-sub-title dfd-sub-title \" style=\"font-family:PT Sans; font-weight:400; font-style:normal; font-size: 20px; line-height: 25px; \">250302<\/h5><\/div><\/div><\/div><script type=\"text\/javascript\">\r\n\t\t\t\t\t\t\t\t\t(function($) {\r\n\t\t\t\t\t\t\t\t\t\t$(\"head\").append(\"<style>.dfd-heading-69dd1d776b75f.dfd-heading-module-wrap .dfd-heading-module .dfd-heading-delimiter {margin-top:10px;margin-bottom:10px;}<\/style>\");\r\n\t\t\t\t\t\t\t\t\t})(jQuery);\r\n\t\t\t\t\t\t\t\t<\/script><\/div>[\/vc_column][vc_column width=\u00a0\u00bb1\/4&Prime;]<div class=\"dfd-heading-shortcode\"><div class=\"dfd-heading-module-wrap  text-center style_01 dfd-heading-69dd1d776b898 dfd-disable-resposive-headings\" id=\"dfd-heading-69dd1d776b898\" ><div class=\"inline-block\"><div class=\"dfd-heading-module\"><h6 class=\"widget-title dfd-title \" style=\"font-family:PT Sans Narrow; font-weight:400; font-style:normal; font-size: 18px; color: #25bdd5 !important; line-height: 22px; \">Int\u00e9gration<\/h6><h5 class=\"widget-sub-title dfd-sub-title \" style=\"font-family:PT Sans; font-weight:400; font-style:normal; font-size: 20px; line-height: 25px; \">\u00c0 convenir<\/h5><\/div><\/div><\/div><script type=\"text\/javascript\">\r\n\t\t\t\t\t\t\t\t\t(function($) {\r\n\t\t\t\t\t\t\t\t\t\t$(\"head\").append(\"<style>.dfd-heading-69dd1d776b898.dfd-heading-module-wrap .dfd-heading-module .dfd-heading-delimiter {margin-top:10px;margin-bottom:10px;}<\/style>\");\r\n\t\t\t\t\t\t\t\t\t})(jQuery);\r\n\t\t\t\t\t\t\t\t<\/script><\/div>[\/vc_column][vc_column]<div class=\"ult-spacer spacer-69dd1d776b991\" data-id=\"69dd1d776b991\" data-height=\"30\" data-height-mobile=\"0\" data-height-tab=\"20\" data-height-tab-portrait=\"\" data-height-mobile-landscape=\"\" style=\"clear:both;display:block;\"><\/div>[vc_column_text css=\u00a0\u00bb\u00a0\u00bb]Aimez-vous comprendre comment fonctionne le monde physique? Vous aimez les simulations? Vous souhaitez d\u00e9velopper des jumeaux num\u00e9riques d&rsquo;environnements ferroviaires? Si c&rsquo;est le cas, c&rsquo;est l&rsquo;endroit qu&rsquo;il vous faut![\/vc_column_text]<div class=\"ult-spacer spacer-69dd1d776b9ca\" data-id=\"69dd1d776b9ca\" data-height=\"30\" data-height-mobile=\"10\" data-height-tab=\"20\" data-height-tab-portrait=\"\" data-height-mobile-landscape=\"\" style=\"clear:both;display:block;\"><\/div><div class=\"dfd-heading-shortcode\"><div class=\"dfd-heading-module-wrap  text-left style_01 dfd-heading-69dd1d776ba24 dfd-disable-resposive-headings\" id=\"dfd-heading-69dd1d776ba24\" ><div class=\"inline-block\"><div class=\"dfd-heading-module\"><h6 class=\"widget-title dfd-title \" style=\"font-family:PT Sans Narrow; font-weight:400; font-style:normal; font-size: 25px; color: #25bdd5 !important; line-height: 30px; \">Qui sommes-nous?<\/h6><\/div><\/div><\/div><script type=\"text\/javascript\">\r\n\t\t\t\t\t\t\t\t\t(function($) {\r\n\t\t\t\t\t\t\t\t\t\t$(\"head\").append(\"<style>.dfd-heading-69dd1d776ba24.dfd-heading-module-wrap .dfd-heading-module .dfd-heading-delimiter {margin-top:10px;margin-bottom:10px;}<\/style>\");\r\n\t\t\t\t\t\t\t\t\t})(jQuery);\r\n\t\t\t\t\t\t\t\t<\/script><\/div>[vc_column_text css=\u00a0\u00bb\u00a0\u00bb]CETEST est un <em>laboratoire d&rsquo;essais accr\u00e9dit\u00e9<\/em> qui fait partie du Groupe CAF, l&rsquo;un des leaders internationaux dans la conception et la mise en \u0153uvre de syst\u00e8mes complets de <em>mobilit\u00e9<\/em> durable.[\/vc_column_text]<div class=\"ult-spacer spacer-69dd1d776badd\" data-id=\"69dd1d776badd\" data-height=\"30\" data-height-mobile=\"10\" data-height-tab=\"20\" data-height-tab-portrait=\"\" data-height-mobile-landscape=\"\" style=\"clear:both;display:block;\"><\/div><div class=\"dfd-heading-shortcode\"><div class=\"dfd-heading-module-wrap  text-left style_01 dfd-heading-69dd1d776bb3a dfd-disable-resposive-headings\" id=\"dfd-heading-69dd1d776bb3a\" ><div class=\"inline-block\"><div class=\"dfd-heading-module\"><h6 class=\"widget-title dfd-title \" style=\"font-family:PT Sans Narrow; font-weight:400; font-style:normal; font-size: 25px; color: #25bdd5 !important; line-height: 30px; \">Ce que nous offrons<\/h6><\/div><\/div><\/div><script type=\"text\/javascript\">\r\n\t\t\t\t\t\t\t\t\t(function($) {\r\n\t\t\t\t\t\t\t\t\t\t$(\"head\").append(\"<style>.dfd-heading-69dd1d776bb3a.dfd-heading-module-wrap .dfd-heading-module .dfd-heading-delimiter {margin-top:10px;margin-bottom:10px;}<\/style>\");\r\n\t\t\t\t\t\t\t\t\t})(jQuery);\r\n\t\t\t\t\t\t\t\t<\/script><\/div>[vc_column_text css=\u00a0\u00bb\u00a0\u00bb]Nous proposons l&rsquo;incorporation d&rsquo;une \u00e9quipe hautement qualifi\u00e9e en d\u00e9veloppement continu, ce qui vous permettra de continuer \u00e0 grandir dans le cadre d&rsquo;un projet ambitieux de services et de nouveaux d\u00e9veloppements d&rsquo;envergure internationale et \u00e0 forte composante technologique.[\/vc_column_text]<div class=\"ult-spacer spacer-69dd1d776bbf3\" data-id=\"69dd1d776bbf3\" data-height=\"30\" data-height-mobile=\"10\" data-height-tab=\"30\" data-height-tab-portrait=\"\" data-height-mobile-landscape=\"\" style=\"clear:both;display:block;\"><\/div><div class=\"dfd-heading-shortcode\"><div class=\"dfd-heading-module-wrap  text-left style_01 dfd-heading-69dd1d776bc53 dfd-disable-resposive-headings\" id=\"dfd-heading-69dd1d776bc53\" ><div class=\"inline-block\"><div class=\"dfd-heading-module\"><h6 class=\"widget-title dfd-title \" style=\"font-family:PT Sans Narrow; font-weight:400; font-style:normal; font-size: 25px; color: #25bdd5 !important; line-height: 30px; \"><strong>Ce que nous recherchons<\/strong><\/h6><\/div><\/div><\/div><script type=\"text\/javascript\">\r\n\t\t\t\t\t\t\t\t\t(function($) {\r\n\t\t\t\t\t\t\t\t\t\t$(\"head\").append(\"<style>.dfd-heading-69dd1d776bc53.dfd-heading-module-wrap .dfd-heading-module .dfd-heading-delimiter {margin-top:10px;margin-bottom:10px;}<\/style>\");\r\n\t\t\t\t\t\t\t\t\t})(jQuery);\r\n\t\t\t\t\t\t\t\t<\/script><\/div>[vc_column_text css=\u00a0\u00bb\u00a0\u00bb]Nous sommes \u00e0 la recherche de personnes pour renforcer notre \u00e9quipe et qui ont:<\/p>\n<ul>\n<li>Baccalaur\u00e9at ou ma\u00eetrise en <strong>g\u00e9nie<\/strong><\/li>\n<li>D\u00e9sireux <strong>d&rsquo;apprendre<\/strong> dans un <strong>environnement international et interculturel<\/strong><\/li>\n<li><strong>Pr\u00e9occupation technique<\/strong><\/li>\n<li><strong>Connaissances avanc\u00e9es <\/strong>dans au moins l&rsquo;une des comp\u00e9tences suivantes:\n<ul>\n<li><strong>LabVIEW<\/strong><\/li>\n<li><strong>Matlab\/Simulink<\/strong><\/li>\n<li><strong>Architectures (HW et SW) pour la validation<\/strong><\/li>\n<li><strong>\u00c9lectronique industrielle<\/strong><\/li>\n<li><strong>Syst\u00e8mes ferroviaires<\/strong><\/li>\n<li><strong>D\u00e9veloppement logiciel avec C\/C++<\/strong><\/li>\n<\/ul>\n<\/li>\n<li>Un bon niveau d\u2019anglais et tant de langues peuvent y contribuer<\/li>\n<\/ul>\n<p><em><span style=\"font-family: 'Calibri',sans-serif;\">Int\u00e9ress\u00e9? Venez nous rencontrer!<\/span><\/em><b><\/b>[\/vc_column_text]<div class=\"ult-spacer spacer-69dd1d776bd1c\" data-id=\"69dd1d776bd1c\" data-height=\"30\" data-height-mobile=\"10\" data-height-tab=\"30\" data-height-tab-portrait=\"\" data-height-mobile-landscape=\"\" style=\"clear:both;display:block;\"><\/div>[\/vc_column][\/vc_row]<\/p>\n<\/div>","protected":false},"excerpt":{"rendered":"<p>[vc_row][vc_column][\/vc_column][\/vc_row][vc_row][vc_column width=\u00a0\u00bb1\/2&Prime;][\/vc_column][vc_column width=\u00a0\u00bb1\/4&Prime;][\/vc_column][vc_column width=\u00a0\u00bb1\/4&Prime;][\/vc_column][vc_column][vc_column_text css=\u00a0\u00bb\u00a0\u00bb]Aimez-vous comprendre comment fonctionne le monde physique? Vous aimez les simulations? Vous souhaitez d\u00e9velopper des jumeaux num\u00e9riques d&rsquo;environnements ferroviaires? Si c&rsquo;est le cas, c&rsquo;est l&rsquo;endroit qu&rsquo;il<\/p>\n","protected":false},"author":2,"featured_media":0,"parent":18557,"menu_order":0,"comment_status":"closed","ping_status":"closed","template":"tmp-page-right-sidebar.php","meta":{"_acf_changed":false,"footnotes":""},"class_list":["post-20177","page","type-page","status-publish","hentry"],"acf":[],"yoast_head":"<!-- This site is optimized with the Yoast SEO plugin v27.3 - https:\/\/yoast.com\/product\/yoast-seo-wordpress\/ -->\n<title>Ing\u00e9nieur d&#039;essais virtuels | CETEST<\/title>\n<meta name=\"robots\" content=\"index, follow, max-snippet:-1, max-image-preview:large, max-video-preview:-1\" \/>\n<link rel=\"canonical\" href=\"https:\/\/www.cetestgroup.com\/fr\/offres-demploi\/ingenieur-dessais-virtuels\/\" \/>\n<meta property=\"og:locale\" content=\"fr_FR\" \/>\n<meta property=\"og:type\" content=\"article\" \/>\n<meta property=\"og:title\" content=\"Ing\u00e9nieur d&#039;essais virtuels | CETEST\" \/>\n<meta property=\"og:description\" content=\"[vc_row][vc_column][\/vc_column][\/vc_row][vc_row][vc_column width=\u00a0\u00bb1\/2&Prime;][\/vc_column][vc_column width=\u00a0\u00bb1\/4&Prime;][\/vc_column][vc_column width=\u00a0\u00bb1\/4&Prime;][\/vc_column][vc_column][vc_column_text css=\u00a0\u00bb\u00a0\u00bb]Aimez-vous comprendre comment fonctionne le monde physique? Vous aimez les simulations? Vous souhaitez d\u00e9velopper des jumeaux num\u00e9riques d&rsquo;environnements ferroviaires? Si c&rsquo;est le cas, c&rsquo;est l&rsquo;endroit qu&rsquo;il\" \/>\n<meta property=\"og:url\" content=\"https:\/\/www.cetestgroup.com\/fr\/offres-demploi\/ingenieur-dessais-virtuels\/\" \/>\n<meta property=\"og:site_name\" content=\"CETEST\" \/>\n<meta property=\"article:modified_time\" content=\"2025-03-05T06:17:59+00:00\" \/>\n<meta name=\"twitter:card\" content=\"summary_large_image\" \/>\n<meta name=\"twitter:label1\" content=\"Dur\u00e9e de lecture estim\u00e9e\" \/>\n\t<meta name=\"twitter:data1\" content=\"2 minutes\" \/>\n<script type=\"application\/ld+json\" class=\"yoast-schema-graph\">{\"@context\":\"https:\\\/\\\/schema.org\",\"@graph\":[{\"@type\":\"WebPage\",\"@id\":\"https:\\\/\\\/www.cetestgroup.com\\\/fr\\\/offres-demploi\\\/ingenieur-dessais-virtuels\\\/\",\"url\":\"https:\\\/\\\/www.cetestgroup.com\\\/fr\\\/offres-demploi\\\/ingenieur-dessais-virtuels\\\/\",\"name\":\"Ing\u00e9nieur d'essais virtuels | CETEST\",\"isPartOf\":{\"@id\":\"https:\\\/\\\/www.cetestgroup.com\\\/es\\\/#website\"},\"datePublished\":\"2025-03-04T14:44:26+00:00\",\"dateModified\":\"2025-03-05T06:17:59+00:00\",\"breadcrumb\":{\"@id\":\"https:\\\/\\\/www.cetestgroup.com\\\/fr\\\/offres-demploi\\\/ingenieur-dessais-virtuels\\\/#breadcrumb\"},\"inLanguage\":\"fr-FR\",\"potentialAction\":[{\"@type\":\"ReadAction\",\"target\":[\"https:\\\/\\\/www.cetestgroup.com\\\/fr\\\/offres-demploi\\\/ingenieur-dessais-virtuels\\\/\"]}]},{\"@type\":\"BreadcrumbList\",\"@id\":\"https:\\\/\\\/www.cetestgroup.com\\\/fr\\\/offres-demploi\\\/ingenieur-dessais-virtuels\\\/#breadcrumb\",\"itemListElement\":[{\"@type\":\"ListItem\",\"position\":1,\"name\":\"Home\",\"item\":\"https:\\\/\\\/www.cetestgroup.com\\\/fr\\\/\"},{\"@type\":\"ListItem\",\"position\":2,\"name\":\"Offres d\u2019emploi\",\"item\":\"https:\\\/\\\/www.cetestgroup.com\\\/fr\\\/offres-demploi\\\/\"},{\"@type\":\"ListItem\",\"position\":3,\"name\":\"Ing\u00e9nieur d&#8217;essais virtuels\"}]},{\"@type\":\"WebSite\",\"@id\":\"https:\\\/\\\/www.cetestgroup.com\\\/es\\\/#website\",\"url\":\"https:\\\/\\\/www.cetestgroup.com\\\/es\\\/\",\"name\":\"CETEST\",\"description\":\"CETEST is a fully accredited independent test laboratory offering services for design verification, model validation, developmental testing and\\\/or answers to help you identify failure root causes. We carry out tests in our facilities as well as on site as required by customer needs.\",\"potentialAction\":[{\"@type\":\"SearchAction\",\"target\":{\"@type\":\"EntryPoint\",\"urlTemplate\":\"https:\\\/\\\/www.cetestgroup.com\\\/es\\\/?s={search_term_string}\"},\"query-input\":{\"@type\":\"PropertyValueSpecification\",\"valueRequired\":true,\"valueName\":\"search_term_string\"}}],\"inLanguage\":\"fr-FR\"}]}<\/script>\n<!-- \/ Yoast SEO plugin. -->","yoast_head_json":{"title":"Ing\u00e9nieur d'essais virtuels | CETEST","robots":{"index":"index","follow":"follow","max-snippet":"max-snippet:-1","max-image-preview":"max-image-preview:large","max-video-preview":"max-video-preview:-1"},"canonical":"https:\/\/www.cetestgroup.com\/fr\/offres-demploi\/ingenieur-dessais-virtuels\/","og_locale":"fr_FR","og_type":"article","og_title":"Ing\u00e9nieur d'essais virtuels | CETEST","og_description":"[vc_row][vc_column][\/vc_column][\/vc_row][vc_row][vc_column width=\u00a0\u00bb1\/2&Prime;][\/vc_column][vc_column width=\u00a0\u00bb1\/4&Prime;][\/vc_column][vc_column width=\u00a0\u00bb1\/4&Prime;][\/vc_column][vc_column][vc_column_text css=\u00a0\u00bb\u00a0\u00bb]Aimez-vous comprendre comment fonctionne le monde physique? Vous aimez les simulations? Vous souhaitez d\u00e9velopper des jumeaux num\u00e9riques d&rsquo;environnements ferroviaires? Si c&rsquo;est le cas, c&rsquo;est l&rsquo;endroit qu&rsquo;il","og_url":"https:\/\/www.cetestgroup.com\/fr\/offres-demploi\/ingenieur-dessais-virtuels\/","og_site_name":"CETEST","article_modified_time":"2025-03-05T06:17:59+00:00","twitter_card":"summary_large_image","twitter_misc":{"Dur\u00e9e de lecture estim\u00e9e":"2 minutes"},"schema":{"@context":"https:\/\/schema.org","@graph":[{"@type":"WebPage","@id":"https:\/\/www.cetestgroup.com\/fr\/offres-demploi\/ingenieur-dessais-virtuels\/","url":"https:\/\/www.cetestgroup.com\/fr\/offres-demploi\/ingenieur-dessais-virtuels\/","name":"Ing\u00e9nieur d'essais virtuels | CETEST","isPartOf":{"@id":"https:\/\/www.cetestgroup.com\/es\/#website"},"datePublished":"2025-03-04T14:44:26+00:00","dateModified":"2025-03-05T06:17:59+00:00","breadcrumb":{"@id":"https:\/\/www.cetestgroup.com\/fr\/offres-demploi\/ingenieur-dessais-virtuels\/#breadcrumb"},"inLanguage":"fr-FR","potentialAction":[{"@type":"ReadAction","target":["https:\/\/www.cetestgroup.com\/fr\/offres-demploi\/ingenieur-dessais-virtuels\/"]}]},{"@type":"BreadcrumbList","@id":"https:\/\/www.cetestgroup.com\/fr\/offres-demploi\/ingenieur-dessais-virtuels\/#breadcrumb","itemListElement":[{"@type":"ListItem","position":1,"name":"Home","item":"https:\/\/www.cetestgroup.com\/fr\/"},{"@type":"ListItem","position":2,"name":"Offres d\u2019emploi","item":"https:\/\/www.cetestgroup.com\/fr\/offres-demploi\/"},{"@type":"ListItem","position":3,"name":"Ing\u00e9nieur d&#8217;essais virtuels"}]},{"@type":"WebSite","@id":"https:\/\/www.cetestgroup.com\/es\/#website","url":"https:\/\/www.cetestgroup.com\/es\/","name":"CETEST","description":"CETEST is a fully accredited independent test laboratory offering services for design verification, model validation, developmental testing and\/or answers to help you identify failure root causes. We carry out tests in our facilities as well as on site as required by customer needs.","potentialAction":[{"@type":"SearchAction","target":{"@type":"EntryPoint","urlTemplate":"https:\/\/www.cetestgroup.com\/es\/?s={search_term_string}"},"query-input":{"@type":"PropertyValueSpecification","valueRequired":true,"valueName":"search_term_string"}}],"inLanguage":"fr-FR"}]}},"_links":{"self":[{"href":"https:\/\/www.cetestgroup.com\/fr\/wp-json\/wp\/v2\/pages\/20177","targetHints":{"allow":["GET"]}}],"collection":[{"href":"https:\/\/www.cetestgroup.com\/fr\/wp-json\/wp\/v2\/pages"}],"about":[{"href":"https:\/\/www.cetestgroup.com\/fr\/wp-json\/wp\/v2\/types\/page"}],"author":[{"embeddable":true,"href":"https:\/\/www.cetestgroup.com\/fr\/wp-json\/wp\/v2\/users\/2"}],"replies":[{"embeddable":true,"href":"https:\/\/www.cetestgroup.com\/fr\/wp-json\/wp\/v2\/comments?post=20177"}],"version-history":[{"count":2,"href":"https:\/\/www.cetestgroup.com\/fr\/wp-json\/wp\/v2\/pages\/20177\/revisions"}],"predecessor-version":[{"id":20195,"href":"https:\/\/www.cetestgroup.com\/fr\/wp-json\/wp\/v2\/pages\/20177\/revisions\/20195"}],"up":[{"embeddable":true,"href":"https:\/\/www.cetestgroup.com\/fr\/wp-json\/wp\/v2\/pages\/18557"}],"wp:attachment":[{"href":"https:\/\/www.cetestgroup.com\/fr\/wp-json\/wp\/v2\/media?parent=20177"}],"curies":[{"name":"wp","href":"https:\/\/api.w.org\/{rel}","templated":true}]}}