{"id":19210,"date":"2020-05-14T14:21:38","date_gmt":"2020-05-14T13:21:38","guid":{"rendered":"https:\/\/www.cetestgroup.com\/offres-demploi\/virtual-test-and-sw-platform-engineer\/"},"modified":"2020-05-15T11:21:34","modified_gmt":"2020-05-15T10:21:34","slug":"ingenieur-test-virtuel-et-plateforme-sw","status":"publish","type":"page","link":"https:\/\/www.cetestgroup.com\/fr\/offres-demploi\/ingenieur-test-virtuel-et-plateforme-sw\/","title":{"rendered":"Ing\u00e9nieur Test Virtuel et Plateforme SW"},"content":{"rendered":"<div class=\"wpb-content-wrapper\"><p>[vc_row][vc_column]<div class=\"ult-spacer spacer-69dcf398bd097\" data-id=\"69dcf398bd097\" data-height=\"80\" data-height-mobile=\"30\" data-height-tab=\"50\" data-height-tab-portrait=\"\" data-height-mobile-landscape=\"\" style=\"clear:both;display:block;\"><\/div>[\/vc_column][\/vc_row][vc_row css=\u00a0\u00bb.vc_custom_1508832705309{border-bottom-width: 1px !important;padding-bottom: 20px !important;border-bottom-color: #eeeeee !important;border-bottom-style: solid !important;}\u00a0\u00bb][vc_column width=\u00a0\u00bb1\/2&Prime;]<div class=\"dfd-heading-shortcode\"><div class=\"dfd-heading-module-wrap  text-left style_01 dfd-heading-69dcf398bd139 dfd-disable-resposive-headings\" id=\"dfd-heading-69dcf398bd139\" ><div class=\"inline-block\"><div class=\"dfd-heading-module\"><h6 class=\"widget-title dfd-title \" style=\"font-family:PT Sans Narrow; font-weight:400; font-style:normal; font-size: 18px; color: #25bdd5 !important; line-height: 22px; \">Title<\/p>\n<p><\/h6><h5 class=\"widget-sub-title dfd-sub-title \" style=\"font-family:PT Sans; font-weight:400; font-style:normal; font-size: 20px; line-height: 25px; \">Ing\u00e9nieur Test Virtuel et Plateforme SW<\/h5><\/div><\/div><\/div><script type=\"text\/javascript\">\r\n\t\t\t\t\t\t\t\t\t(function($) {\r\n\t\t\t\t\t\t\t\t\t\t$(\"head\").append(\"<style>.dfd-heading-69dcf398bd139.dfd-heading-module-wrap .dfd-heading-module .dfd-heading-delimiter {margin-top:10px;margin-bottom:10px;}<\/style>\");\r\n\t\t\t\t\t\t\t\t\t})(jQuery);\r\n\t\t\t\t\t\t\t\t<\/script><\/div>[\/vc_column][vc_column width=\u00a0\u00bb1\/4&Prime;]<div class=\"dfd-heading-shortcode\"><div class=\"dfd-heading-module-wrap  text-left style_01 dfd-heading-69dcf398bd2bd dfd-disable-resposive-headings\" id=\"dfd-heading-69dcf398bd2bd\" ><div class=\"inline-block\"><div class=\"dfd-heading-module\"><h6 class=\"widget-title dfd-title \" style=\"font-family:PT Sans Narrow; font-weight:400; font-style:normal; font-size: 18px; color: #25bdd5 !important; line-height: 22px; \">Ref.<\/p>\n<p><\/h6><h5 class=\"widget-sub-title dfd-sub-title \" style=\"font-family:PT Sans; font-weight:400; font-style:normal; font-size: 20px; line-height: 25px; \">200508<\/h5><\/div><\/div><\/div><script type=\"text\/javascript\">\r\n\t\t\t\t\t\t\t\t\t(function($) {\r\n\t\t\t\t\t\t\t\t\t\t$(\"head\").append(\"<style>.dfd-heading-69dcf398bd2bd.dfd-heading-module-wrap .dfd-heading-module .dfd-heading-delimiter {margin-top:10px;margin-bottom:10px;}<\/style>\");\r\n\t\t\t\t\t\t\t\t\t})(jQuery);\r\n\t\t\t\t\t\t\t\t<\/script><\/div>[\/vc_column][vc_column width=\u00a0\u00bb1\/4&Prime;]<div class=\"dfd-heading-shortcode\"><div class=\"dfd-heading-module-wrap  text-left style_01 dfd-heading-69dcf398bd3e5 dfd-disable-resposive-headings\" id=\"dfd-heading-69dcf398bd3e5\" ><div class=\"inline-block\"><div class=\"dfd-heading-module\"><h6 class=\"widget-title dfd-title \" style=\"font-family:PT Sans Narrow; font-weight:400; font-style:normal; font-size: 18px; color: #25bdd5 !important; line-height: 22px; \">Start date:<\/p>\n<p><\/h6><h5 class=\"widget-sub-title dfd-sub-title \" style=\"font-family:PT Sans; font-weight:400; font-style:normal; font-size: 20px; line-height: 25px; \">\u00c0 discuter<\/h5><\/div><\/div><\/div><script type=\"text\/javascript\">\r\n\t\t\t\t\t\t\t\t\t(function($) {\r\n\t\t\t\t\t\t\t\t\t\t$(\"head\").append(\"<style>.dfd-heading-69dcf398bd3e5.dfd-heading-module-wrap .dfd-heading-module .dfd-heading-delimiter {margin-top:10px;margin-bottom:10px;}<\/style>\");\r\n\t\t\t\t\t\t\t\t\t})(jQuery);\r\n\t\t\t\t\t\t\t\t<\/script><\/div>[\/vc_column][\/vc_row][vc_row][vc_column css=\u00a0\u00bb.vc_custom_1508832727555{padding-top: 20px !important;}\u00a0\u00bb]<div class=\"ult-spacer spacer-69dcf398bd4c7\" data-id=\"69dcf398bd4c7\" data-height=\"30\" data-height-mobile=\"0\" data-height-tab=\"20\" data-height-tab-portrait=\"\" data-height-mobile-landscape=\"\" style=\"clear:both;display:block;\"><\/div><div class=\"dfd-heading-shortcode\"><div class=\"dfd-heading-module-wrap  text-left style_02 dfd-heading-69dcf398bd528 dfd-disable-resposive-headings\" id=\"dfd-heading-69dcf398bd528\" ><div class=\"inline-block\"><div class=\"dfd-heading-module\"><h4 class=\"widget-title dfd-title \" style=\"font-size: 25px; line-height: 25px; \">FONCTION<\/p>\n<p><\/h4><div class=\"dfd-heading-delimiter\"><\/div><\/div><\/div><\/div><script type=\"text\/javascript\">\r\n\t\t\t\t\t\t\t\t\t(function($) {\r\n\t\t\t\t\t\t\t\t\t\t$(\"head\").append(\"<style>.dfd-heading-69dcf398bd528.dfd-heading-module-wrap .dfd-heading-module .dfd-heading-delimiter {border-bottom-style:solid;border-bottom-width:1px;width:100px;border-bottom-color:#25bdd5;}.dfd-heading-69dcf398bd528.dfd-heading-module-wrap .dfd-heading-module .dfd-heading-delimiter {margin-top:10px;margin-bottom:10px;}<\/style>\");\r\n\t\t\t\t\t\t\t\t\t})(jQuery);\r\n\t\t\t\t\t\t\t\t<\/script><\/div>[vc_column_text]Nous recherchons un ing\u00e9nieur hautement motiv\u00e9 pour rejoindre notre \u00e9quipe R&amp;D. Nous aimerions que vous nous aidiez en tant qu&rsquo;ing\u00e9nieur de programme technique pour les tests virtuels et le d\u00e9veloppement SW \/ HW qui seront effectu\u00e9s par CETEST. Cela comprend entre autres, les t\u00e2ches suivantes:<br \/>\n\u2022 D\u00e9veloppement HW \/ SW pour les plates-formes de test.<br \/>\n\u2022 D\u00e9veloppement de syst\u00e8mes de contr\u00f4le. Syst\u00e8mes d&rsquo;acquisition et de surveillance des donn\u00e9es.<br \/>\n\u2022 Syst\u00e8mes Hardware-In-The-Loop pour applications ferroviaires.<br \/>\n\u2022 Ex\u00e9cution de test virtuel.[\/vc_column_text]<div class=\"ult-spacer spacer-69dcf398bd5eb\" data-id=\"69dcf398bd5eb\" data-height=\"30\" data-height-mobile=\"10\" data-height-tab=\"20\" data-height-tab-portrait=\"\" data-height-mobile-landscape=\"\" style=\"clear:both;display:block;\"><\/div><div class=\"dfd-heading-shortcode\"><div class=\"dfd-heading-module-wrap  text-left style_01 cr-animate-gen dfd-heading-69dcf398bd64f dfd-disable-resposive-headings\" id=\"dfd-heading-69dcf398bd64f\" data-animate-type = \"transition.fadeIn\" ><div class=\"inline-block\"><div class=\"dfd-heading-module\"><h6 class=\"widget-title dfd-title \" style=\"font-family:PT Sans Narrow; font-weight:400; font-style:normal; font-size: 25px; color: #25bdd5 !important; line-height: 30px; \">Conditions<\/p>\n<p><\/h6><\/div><\/div><\/div><script type=\"text\/javascript\">\r\n\t\t\t\t\t\t\t\t\t(function($) {\r\n\t\t\t\t\t\t\t\t\t\t$(\"head\").append(\"<style>.dfd-heading-69dcf398bd64f.dfd-heading-module-wrap .dfd-heading-module .dfd-heading-delimiter {margin-top:10px;margin-bottom:10px;}<\/style>\");\r\n\t\t\t\t\t\t\t\t\t})(jQuery);\r\n\t\t\t\t\t\t\t\t<\/script><\/div>[vc_column_text item_animation=\u00a0\u00bbtransition.fadeIn\u00a0\u00bb]<\/p>\n<ul>\n<li>Master en Ing\u00e9nierie industrielle (m\u00e9canique ou \u00e9lectronique \/ automatique).<\/li>\n<li>Haut niveau d\u2019anglais (oral et \u00e9crit). Un bon niveau dans d\u2019autres langues (fran\u00e7ais et\/ou allemand) est un plus.<\/li>\n<\/ul>\n<p>[\/vc_column_text]<div class=\"ult-spacer spacer-69dcf398bd704\" data-id=\"69dcf398bd704\" data-height=\"50\" data-height-mobile=\"20\" data-height-tab=\"30\" data-height-tab-portrait=\"\" data-height-mobile-landscape=\"\" style=\"clear:both;display:block;\"><\/div><div class=\"dfd-heading-shortcode\"><div class=\"dfd-heading-module-wrap  text-left style_01 cr-animate-gen dfd-heading-69dcf398bd765 dfd-disable-resposive-headings\" id=\"dfd-heading-69dcf398bd765\" data-animate-type = \"transition.fadeIn\" ><div class=\"inline-block\"><div class=\"dfd-heading-module\"><h6 class=\"widget-title dfd-title \" style=\"font-family:PT Sans Narrow; font-weight:400; font-style:normal; font-size: 25px; color: #25bdd5 !important; line-height: 30px; \">Aptitudes et exp\u00e9rience<\/h6><\/div><\/div><\/div><script type=\"text\/javascript\">\r\n\t\t\t\t\t\t\t\t\t(function($) {\r\n\t\t\t\t\t\t\t\t\t\t$(\"head\").append(\"<style>.dfd-heading-69dcf398bd765.dfd-heading-module-wrap .dfd-heading-module .dfd-heading-delimiter {margin-top:10px;margin-bottom:10px;}<\/style>\");\r\n\t\t\t\t\t\t\t\t\t})(jQuery);\r\n\t\t\t\t\t\t\t\t<\/script><\/div>[vc_column_text item_animation=\u00a0\u00bbtransition.fadeIn\u00a0\u00bb]<\/p>\n<ul>\n<li>Comp\u00e9tences dans les plates-formes National Instruments \/ Labview (MUST).<\/li>\n<li>Des comp\u00e9tences en C \/ C ++, Matlab \/ Simulink et VeriStand seront un atout.<\/li>\n<li>Comp\u00e9tences dans les syst\u00e8mes d&rsquo;essai, de contr\u00f4le et de surveillance.<\/li>\n<li>Motiv\u00e9 \u00e0 travailler avec des \u00e9quipes internationales.<\/li>\n<li>Flexibilit\u00e9 d\u2019adaptation \u00e0 un environnement changeant.<\/li>\n<li>Orientation client, ax\u00e9 sur les r\u00e9sultats.<\/li>\n<li>Int\u00e9r\u00eat dans les sujets techniques et motivation pour l\u2019am\u00e9lioration constante.<\/li>\n<li>Responsabilit\u00e9 et engagement pour une entreprise en expansion.<\/li>\n<\/ul>\n<p>[\/vc_column_text]<div class=\"ult-spacer spacer-69dcf398bd815\" data-id=\"69dcf398bd815\" data-height=\"30\" data-height-mobile=\"30\" data-height-tab=\"30\" data-height-tab-portrait=\"\" data-height-mobile-landscape=\"\" style=\"clear:both;display:block;\"><\/div>[\/vc_column][\/vc_row]<\/p>\n<\/div>","protected":false},"excerpt":{"rendered":"<p>[vc_row][vc_column][\/vc_column][\/vc_row][vc_row css=\u00a0\u00bb.vc_custom_1508832705309{border-bottom-width: 1px !important;padding-bottom: 20px !important;border-bottom-color: #eeeeee !important;border-bottom-style: solid !important;}\u00a0\u00bb][vc_column width=\u00a0\u00bb1\/2&Prime;][\/vc_column][vc_column width=\u00a0\u00bb1\/4&Prime;][\/vc_column][vc_column width=\u00a0\u00bb1\/4&Prime;][\/vc_column][\/vc_row][vc_row][vc_column css=\u00a0\u00bb.vc_custom_1508832727555{padding-top: 20px !important;}\u00a0\u00bb][vc_column_text]Nous recherchons un ing\u00e9nieur hautement motiv\u00e9 pour rejoindre notre \u00e9quipe R&amp;D. Nous aimerions que vous<\/p>\n","protected":false},"author":2,"featured_media":0,"parent":18557,"menu_order":0,"comment_status":"closed","ping_status":"closed","template":"tmp-page-right-sidebar.php","meta":{"_acf_changed":false,"footnotes":""},"class_list":["post-19210","page","type-page","status-publish","hentry"],"acf":[],"yoast_head":"<!-- This site is optimized with the Yoast SEO plugin v27.3 - https:\/\/yoast.com\/product\/yoast-seo-wordpress\/ -->\n<title>Ing\u00e9nieur Test Virtuel et Plateforme SW | CETEST<\/title>\n<meta name=\"robots\" content=\"index, follow, max-snippet:-1, max-image-preview:large, max-video-preview:-1\" \/>\n<link rel=\"canonical\" href=\"https:\/\/www.cetestgroup.com\/fr\/offres-demploi\/ingenieur-test-virtuel-et-plateforme-sw\/\" \/>\n<meta property=\"og:locale\" content=\"fr_FR\" \/>\n<meta property=\"og:type\" content=\"article\" \/>\n<meta property=\"og:title\" content=\"Ing\u00e9nieur Test Virtuel et Plateforme SW | CETEST\" \/>\n<meta property=\"og:description\" content=\"[vc_row][vc_column][\/vc_column][\/vc_row][vc_row css=\u00a0\u00bb.vc_custom_1508832705309{border-bottom-width: 1px !important;padding-bottom: 20px !important;border-bottom-color: #eeeeee !important;border-bottom-style: solid !important;}\u00a0\u00bb][vc_column width=\u00a0\u00bb1\/2&Prime;][\/vc_column][vc_column width=\u00a0\u00bb1\/4&Prime;][\/vc_column][vc_column width=\u00a0\u00bb1\/4&Prime;][\/vc_column][\/vc_row][vc_row][vc_column css=\u00a0\u00bb.vc_custom_1508832727555{padding-top: 20px !important;}\u00a0\u00bb][vc_column_text]Nous recherchons un ing\u00e9nieur hautement motiv\u00e9 pour rejoindre notre \u00e9quipe R&amp;D. Nous aimerions que vous\" \/>\n<meta property=\"og:url\" content=\"https:\/\/www.cetestgroup.com\/fr\/offres-demploi\/ingenieur-test-virtuel-et-plateforme-sw\/\" \/>\n<meta property=\"og:site_name\" content=\"CETEST\" \/>\n<meta property=\"article:modified_time\" content=\"2020-05-15T10:21:34+00:00\" \/>\n<meta name=\"twitter:card\" content=\"summary_large_image\" \/>\n<meta name=\"twitter:label1\" content=\"Dur\u00e9e de lecture estim\u00e9e\" \/>\n\t<meta name=\"twitter:data1\" content=\"3 minutes\" \/>\n<script type=\"application\/ld+json\" class=\"yoast-schema-graph\">{\"@context\":\"https:\\\/\\\/schema.org\",\"@graph\":[{\"@type\":\"WebPage\",\"@id\":\"https:\\\/\\\/www.cetestgroup.com\\\/fr\\\/offres-demploi\\\/ingenieur-test-virtuel-et-plateforme-sw\\\/\",\"url\":\"https:\\\/\\\/www.cetestgroup.com\\\/fr\\\/offres-demploi\\\/ingenieur-test-virtuel-et-plateforme-sw\\\/\",\"name\":\"Ing\u00e9nieur Test Virtuel et Plateforme SW | CETEST\",\"isPartOf\":{\"@id\":\"https:\\\/\\\/www.cetestgroup.com\\\/es\\\/#website\"},\"datePublished\":\"2020-05-14T13:21:38+00:00\",\"dateModified\":\"2020-05-15T10:21:34+00:00\",\"breadcrumb\":{\"@id\":\"https:\\\/\\\/www.cetestgroup.com\\\/fr\\\/offres-demploi\\\/ingenieur-test-virtuel-et-plateforme-sw\\\/#breadcrumb\"},\"inLanguage\":\"fr-FR\",\"potentialAction\":[{\"@type\":\"ReadAction\",\"target\":[\"https:\\\/\\\/www.cetestgroup.com\\\/fr\\\/offres-demploi\\\/ingenieur-test-virtuel-et-plateforme-sw\\\/\"]}]},{\"@type\":\"BreadcrumbList\",\"@id\":\"https:\\\/\\\/www.cetestgroup.com\\\/fr\\\/offres-demploi\\\/ingenieur-test-virtuel-et-plateforme-sw\\\/#breadcrumb\",\"itemListElement\":[{\"@type\":\"ListItem\",\"position\":1,\"name\":\"Home\",\"item\":\"https:\\\/\\\/www.cetestgroup.com\\\/fr\\\/\"},{\"@type\":\"ListItem\",\"position\":2,\"name\":\"Offres d\u2019emploi\",\"item\":\"https:\\\/\\\/www.cetestgroup.com\\\/fr\\\/offres-demploi\\\/\"},{\"@type\":\"ListItem\",\"position\":3,\"name\":\"Ing\u00e9nieur Test Virtuel et Plateforme SW\"}]},{\"@type\":\"WebSite\",\"@id\":\"https:\\\/\\\/www.cetestgroup.com\\\/es\\\/#website\",\"url\":\"https:\\\/\\\/www.cetestgroup.com\\\/es\\\/\",\"name\":\"CETEST\",\"description\":\"CETEST is a fully accredited independent test laboratory offering services for design verification, model validation, developmental testing and\\\/or answers to help you identify failure root causes. We carry out tests in our facilities as well as on site as required by customer needs.\",\"potentialAction\":[{\"@type\":\"SearchAction\",\"target\":{\"@type\":\"EntryPoint\",\"urlTemplate\":\"https:\\\/\\\/www.cetestgroup.com\\\/es\\\/?s={search_term_string}\"},\"query-input\":{\"@type\":\"PropertyValueSpecification\",\"valueRequired\":true,\"valueName\":\"search_term_string\"}}],\"inLanguage\":\"fr-FR\"}]}<\/script>\n<!-- \/ Yoast SEO plugin. -->","yoast_head_json":{"title":"Ing\u00e9nieur Test Virtuel et Plateforme SW | CETEST","robots":{"index":"index","follow":"follow","max-snippet":"max-snippet:-1","max-image-preview":"max-image-preview:large","max-video-preview":"max-video-preview:-1"},"canonical":"https:\/\/www.cetestgroup.com\/fr\/offres-demploi\/ingenieur-test-virtuel-et-plateforme-sw\/","og_locale":"fr_FR","og_type":"article","og_title":"Ing\u00e9nieur Test Virtuel et Plateforme SW | CETEST","og_description":"[vc_row][vc_column][\/vc_column][\/vc_row][vc_row css=\u00a0\u00bb.vc_custom_1508832705309{border-bottom-width: 1px !important;padding-bottom: 20px !important;border-bottom-color: #eeeeee !important;border-bottom-style: solid !important;}\u00a0\u00bb][vc_column width=\u00a0\u00bb1\/2&Prime;][\/vc_column][vc_column width=\u00a0\u00bb1\/4&Prime;][\/vc_column][vc_column width=\u00a0\u00bb1\/4&Prime;][\/vc_column][\/vc_row][vc_row][vc_column css=\u00a0\u00bb.vc_custom_1508832727555{padding-top: 20px !important;}\u00a0\u00bb][vc_column_text]Nous recherchons un ing\u00e9nieur hautement motiv\u00e9 pour rejoindre notre \u00e9quipe R&amp;D. Nous aimerions que vous","og_url":"https:\/\/www.cetestgroup.com\/fr\/offres-demploi\/ingenieur-test-virtuel-et-plateforme-sw\/","og_site_name":"CETEST","article_modified_time":"2020-05-15T10:21:34+00:00","twitter_card":"summary_large_image","twitter_misc":{"Dur\u00e9e de lecture estim\u00e9e":"3 minutes"},"schema":{"@context":"https:\/\/schema.org","@graph":[{"@type":"WebPage","@id":"https:\/\/www.cetestgroup.com\/fr\/offres-demploi\/ingenieur-test-virtuel-et-plateforme-sw\/","url":"https:\/\/www.cetestgroup.com\/fr\/offres-demploi\/ingenieur-test-virtuel-et-plateforme-sw\/","name":"Ing\u00e9nieur Test Virtuel et Plateforme SW | CETEST","isPartOf":{"@id":"https:\/\/www.cetestgroup.com\/es\/#website"},"datePublished":"2020-05-14T13:21:38+00:00","dateModified":"2020-05-15T10:21:34+00:00","breadcrumb":{"@id":"https:\/\/www.cetestgroup.com\/fr\/offres-demploi\/ingenieur-test-virtuel-et-plateforme-sw\/#breadcrumb"},"inLanguage":"fr-FR","potentialAction":[{"@type":"ReadAction","target":["https:\/\/www.cetestgroup.com\/fr\/offres-demploi\/ingenieur-test-virtuel-et-plateforme-sw\/"]}]},{"@type":"BreadcrumbList","@id":"https:\/\/www.cetestgroup.com\/fr\/offres-demploi\/ingenieur-test-virtuel-et-plateforme-sw\/#breadcrumb","itemListElement":[{"@type":"ListItem","position":1,"name":"Home","item":"https:\/\/www.cetestgroup.com\/fr\/"},{"@type":"ListItem","position":2,"name":"Offres d\u2019emploi","item":"https:\/\/www.cetestgroup.com\/fr\/offres-demploi\/"},{"@type":"ListItem","position":3,"name":"Ing\u00e9nieur Test Virtuel et Plateforme SW"}]},{"@type":"WebSite","@id":"https:\/\/www.cetestgroup.com\/es\/#website","url":"https:\/\/www.cetestgroup.com\/es\/","name":"CETEST","description":"CETEST is a fully accredited independent test laboratory offering services for design verification, model validation, developmental testing and\/or answers to help you identify failure root causes. We carry out tests in our facilities as well as on site as required by customer needs.","potentialAction":[{"@type":"SearchAction","target":{"@type":"EntryPoint","urlTemplate":"https:\/\/www.cetestgroup.com\/es\/?s={search_term_string}"},"query-input":{"@type":"PropertyValueSpecification","valueRequired":true,"valueName":"search_term_string"}}],"inLanguage":"fr-FR"}]}},"_links":{"self":[{"href":"https:\/\/www.cetestgroup.com\/fr\/wp-json\/wp\/v2\/pages\/19210","targetHints":{"allow":["GET"]}}],"collection":[{"href":"https:\/\/www.cetestgroup.com\/fr\/wp-json\/wp\/v2\/pages"}],"about":[{"href":"https:\/\/www.cetestgroup.com\/fr\/wp-json\/wp\/v2\/types\/page"}],"author":[{"embeddable":true,"href":"https:\/\/www.cetestgroup.com\/fr\/wp-json\/wp\/v2\/users\/2"}],"replies":[{"embeddable":true,"href":"https:\/\/www.cetestgroup.com\/fr\/wp-json\/wp\/v2\/comments?post=19210"}],"version-history":[{"count":2,"href":"https:\/\/www.cetestgroup.com\/fr\/wp-json\/wp\/v2\/pages\/19210\/revisions"}],"predecessor-version":[{"id":19226,"href":"https:\/\/www.cetestgroup.com\/fr\/wp-json\/wp\/v2\/pages\/19210\/revisions\/19226"}],"up":[{"embeddable":true,"href":"https:\/\/www.cetestgroup.com\/fr\/wp-json\/wp\/v2\/pages\/18557"}],"wp:attachment":[{"href":"https:\/\/www.cetestgroup.com\/fr\/wp-json\/wp\/v2\/media?parent=19210"}],"curies":[{"name":"wp","href":"https:\/\/api.w.org\/{rel}","templated":true}]}}