{"id":18589,"date":"2018-06-01T15:57:38","date_gmt":"2018-06-01T14:57:38","guid":{"rendered":"https:\/\/www.cetestgroup.com\/?page_id=18589"},"modified":"2025-02-10T08:24:07","modified_gmt":"2025-02-10T08:24:07","slug":"certifications","status":"publish","type":"page","link":"https:\/\/www.cetestgroup.com\/fr\/certifications\/","title":{"rendered":"Certifications"},"content":{"rendered":"<div class=\"wpb-content-wrapper\"><p>[vc_row][vc_column]<div class=\"ult-spacer spacer-69dd0376cb3bf\" data-id=\"69dd0376cb3bf\" data-height=\"30\" data-height-mobile=\"20\" data-height-tab=\"20\" data-height-tab-portrait=\"\" data-height-mobile-landscape=\"\" style=\"clear:both;display:block;\"><\/div>[\/vc_column][\/vc_row][vc_row][vc_column width=\u00a0\u00bb1\/4&Prime;]<div class=\"dfd-heading-shortcode\"><div class=\"dfd-heading-module-wrap  text-left style_01 dfd-heading-69dd0376cb475 dfd-disable-resposive-headings\" id=\"dfd-heading-69dd0376cb475\" ><div class=\"inline-block\"><div class=\"dfd-heading-module\"><h6 class=\"widget-title dfd-title \" style=\"font-family:PT Sans Narrow; font-weight:400; font-style:normal; font-size: 20px; color: #25bdd5 !important; line-height: 25px; \">CETEST a conscience de la valeur du travail bien fait. Nous nous effor\u00e7ons de progresser jour apr\u00e8s jour et d\u2019offrir des services de la plus haute qualit\u00e9.<\/h6><div class=\"dfd-heading-delimiter\"><\/div><\/div><\/div><\/div><script type=\"text\/javascript\">\r\n\t\t\t\t\t\t\t\t\t(function($) {\r\n\t\t\t\t\t\t\t\t\t\t$(\"head\").append(\"<style>.dfd-heading-69dd0376cb475.dfd-heading-module-wrap .dfd-heading-module .dfd-heading-delimiter {border-bottom-style:solid;border-bottom-width:1px;width:100px;border-bottom-color:#dddddd;}.dfd-heading-69dd0376cb475.dfd-heading-module-wrap .dfd-heading-module .dfd-heading-delimiter {margin-top:20px;margin-bottom:20px;}<\/style>\");\r\n\t\t\t\t\t\t\t\t\t})(jQuery);\r\n\t\t\t\t\t\t\t\t<\/script><\/div>[vc_column_text]Notre accr\u00e9ditation pour la r\u00e9alisation d\u2019essais selon les principales normes internationales signifie la reconnaissance des plus grands organismes d\u2019accr\u00e9ditation, et garantit un service de qualit\u00e9.[\/vc_column_text]<div class=\"ult-spacer spacer-69dd0376cb579\" data-id=\"69dd0376cb579\" data-height=\"30\" data-height-mobile=\"20\" data-height-tab=\"20\" data-height-tab-portrait=\"\" data-height-mobile-landscape=\"\" style=\"clear:both;display:block;\"><\/div>[vc_column_text]Nos politiques en mati\u00e8re de qualit\u00e9 et d\u2019environnement r\u00e9sument les \u00e9l\u00e9ments cl\u00e9 de notre engagement pour la prestation de services et d\u2019essai avec de hauts niveaux de qualit\u00e9, et pour la protection de l\u2019environnement. Nos politiques et cadres en mati\u00e8re de qualit\u00e9 et d\u2019environnement sont disponibles sur demande pour toutes les parties int\u00e9ress\u00e9es.[\/vc_column_text]<div class=\"ult-spacer spacer-69dd0376cb5ac\" data-id=\"69dd0376cb5ac\" data-height=\"30\" data-height-mobile=\"20\" data-height-tab=\"20\" data-height-tab-portrait=\"\" data-height-mobile-landscape=\"\" style=\"clear:both;display:block;\"><\/div>[\/vc_column][vc_column width=\u00a0\u00bb3\/4&Prime;][vc_row_inner][vc_column_inner width=\u00a0\u00bb1\/3&Prime;][vc_single_image image=\u00a0\u00bb14785&Prime; alignment=\u00a0\u00bbcenter\u00a0\u00bb css_animation=\u00a0\u00bbbounceIn\u00a0\u00bb css=\u00a0\u00bb.vc_custom_1501661098055{padding-bottom: 15px !important;}\u00a0\u00bb onclick=\u00a0\u00bbcustom_link\u00a0\u00bb link=\u00a0\u00bbhttps:\/\/www.cetestgroup.com\/wp-content\/uploads\/2017\/08\/certificado_ISO17025.pdf\u00a0\u00bb]<div id=\"ultimate-heading69dd0376cb5f1\" class=\"uvc-heading dfd-delim-bottom   heading-config-top dfd-disable-resposive-headings\"  data-hspacer=\"line_only\"  data-halign=\"center\" style=\"text-align:center\"><h5 class=\"widget-title\">ISO 17025<\/h5><div class=\"uvc-heading-spacer line_only\" style=\"height:1px;\"><span class=\"uvc-headings-line\" style=\"border-style:dotted;border-bottom-width:1px;border-color:#4d6378;width:100px;\"><\/span><\/div><\/div>[vc_column_text]<\/p>\n<p style=\"text-align: center;\"><a href=\"https:\/\/www.cetestgroup.com\/wp-content\/uploads\/2017\/08\/certificado_ISO17025.pdf\" target=\"_blank\" rel=\"noopener noreferrer\">T\u00e9l\u00e9charger<\/a><\/p>\n<p>[\/vc_column_text][vc_column_text]<\/p>\n<p style=\"text-align: center;\"><a href=\"https:\/\/www.enac.es\/documents\/7020\/efe51324-5bcd-498c-9045-486bd105c3a7\" target=\"_blank\" rel=\"noopener noreferrer\">T\u00e9l\u00e9charger L\u00b4Annexe Technique 664\/LE1385 <\/a><\/p>\n<p>[\/vc_column_text]<div class=\"ult-spacer spacer-69dd0376cb621\" data-id=\"69dd0376cb621\" data-height=\"30\" data-height-mobile=\"20\" data-height-tab=\"20\" data-height-tab-portrait=\"\" data-height-mobile-landscape=\"\" style=\"clear:both;display:block;\"><\/div>[\/vc_column_inner][vc_column_inner width=\u00a0\u00bb1\/3&Prime;][vc_single_image image=\u00a0\u00bb14784&Prime; alignment=\u00a0\u00bbcenter\u00a0\u00bb css_animation=\u00a0\u00bbbounceIn\u00a0\u00bb css=\u00a0\u00bb.vc_custom_1739175762467{padding-bottom: 15px !important;}\u00a0\u00bb onclick=\u00a0\u00bbcustom_link\u00a0\u00bb link=\u00a0\u00bbhttps:\/\/www.cetestgroup.com\/wp-content\/uploads\/2017\/08\/ISO_9001_EN-1.pdf\u00a0\u00bb]<div id=\"ultimate-heading69dd0376cb655\" class=\"uvc-heading dfd-delim-bottom   heading-config-top dfd-disable-resposive-headings\"  data-hspacer=\"line_only\"  data-halign=\"center\" style=\"text-align:center\"><h5 class=\"widget-title\">ISO 9001<\/h5><div class=\"uvc-heading-spacer line_only\" style=\"height:1px;\"><span class=\"uvc-headings-line\" style=\"border-style:dotted;border-bottom-width:1px;border-color:#4d6378;width:100px;\"><\/span><\/div><\/div>[vc_column_text css=\u00a0\u00bb\u00a0\u00bb]<\/p>\n<p style=\"text-align: center;\"><a href=\"https:\/\/www.cetestgroup.com\/wp-content\/uploads\/2017\/08\/ISO_9001_EN-1.pdf\" target=\"_blank\" rel=\"noopener noreferrer\">T\u00e9l\u00e9charger<\/a><\/p>\n<p>[\/vc_column_text]<div class=\"ult-spacer spacer-69dd0376cb67e\" data-id=\"69dd0376cb67e\" data-height=\"30\" data-height-mobile=\"20\" data-height-tab=\"20\" data-height-tab-portrait=\"\" data-height-mobile-landscape=\"\" style=\"clear:both;display:block;\"><\/div>[\/vc_column_inner][vc_column_inner width=\u00a0\u00bb1\/3&Prime;][vc_single_image image=\u00a0\u00bb14786&Prime; alignment=\u00a0\u00bbcenter\u00a0\u00bb css_animation=\u00a0\u00bbbounceIn\u00a0\u00bb css=\u00a0\u00bb.vc_custom_1739175794511{padding-bottom: 15px !important;}\u00a0\u00bb onclick=\u00a0\u00bbcustom_link\u00a0\u00bb link=\u00a0\u00bbhttps:\/\/www.cetestgroup.com\/wp-content\/uploads\/2021\/12\/ISO_14001_FR.pdf\u00a0\u00bb]<div id=\"ultimate-heading69dd0376cb6b0\" class=\"uvc-heading dfd-delim-bottom   heading-config-top dfd-disable-resposive-headings\"  data-hspacer=\"line_only\"  data-halign=\"center\" style=\"text-align:center\"><h5 class=\"widget-title\">ISO 14001<\/h5><div class=\"uvc-heading-spacer line_only\" style=\"height:1px;\"><span class=\"uvc-headings-line\" style=\"border-style:dotted;border-bottom-width:1px;border-color:#4d6378;width:100px;\"><\/span><\/div><\/div>[vc_column_text css=\u00a0\u00bb\u00a0\u00bb]<\/p>\n<p style=\"text-align: center;\"><a href=\"https:\/\/www.cetestgroup.com\/wp-content\/uploads\/2021\/12\/ISO_14001_FR.pdf\" target=\"_blank\" rel=\"noopener noreferrer\">T\u00e9l\u00e9charger<\/a><\/p>\n<p>[\/vc_column_text]<div class=\"ult-spacer spacer-69dd0376cb6d5\" data-id=\"69dd0376cb6d5\" data-height=\"30\" data-height-mobile=\"20\" data-height-tab=\"20\" data-height-tab-portrait=\"\" data-height-mobile-landscape=\"\" style=\"clear:both;display:block;\"><\/div>[\/vc_column_inner][\/vc_row_inner][vc_row_inner][vc_column_inner width=\u00a0\u00bb1\/2&Prime; offset=\u00a0\u00bbvc_col-lg-offset-2 vc_col-lg-4 vc_col-md-offset-2 vc_col-md-4&Prime;][vc_single_image image=\u00a0\u00bb14782&Prime; alignment=\u00a0\u00bbcenter\u00a0\u00bb css_animation=\u00a0\u00bbbounceIn\u00a0\u00bb css=\u00a0\u00bb.vc_custom_1739175827473{padding-bottom: 15px !important;}\u00a0\u00bb onclick=\u00a0\u00bbcustom_link\u00a0\u00bb link=\u00a0\u00bbhttps:\/\/www.cetestgroup.com\/wp-content\/uploads\/2021\/12\/EN_9100_EN.pdf\u00a0\u00bb]<div id=\"ultimate-heading69dd0376cb706\" class=\"uvc-heading dfd-delim-bottom   heading-config-top dfd-disable-resposive-headings\"  data-hspacer=\"line_only\"  data-halign=\"center\" style=\"text-align:center\"><h5 class=\"widget-title\">EN 9100<\/h5><div class=\"uvc-heading-spacer line_only\" style=\"height:1px;\"><span class=\"uvc-headings-line\" style=\"border-style:dotted;border-bottom-width:1px;border-color:#4d6378;width:100px;\"><\/span><\/div><\/div>[vc_column_text css=\u00a0\u00bb\u00a0\u00bb]<\/p>\n<p style=\"text-align: center;\"><a href=\"https:\/\/www.cetestgroup.com\/wp-content\/uploads\/2021\/12\/EN_9100_EN.pdf\" target=\"_blank\" rel=\"noopener noreferrer\">T\u00e9l\u00e9charger<\/a><\/p>\n<p>[\/vc_column_text]<div class=\"ult-spacer spacer-69dd0376cb729\" data-id=\"69dd0376cb729\" data-height=\"30\" data-height-mobile=\"20\" data-height-tab=\"20\" data-height-tab-portrait=\"\" data-height-mobile-landscape=\"\" style=\"clear:both;display:block;\"><\/div>[\/vc_column_inner][vc_column_inner width=\u00a0\u00bb1\/2&Prime; offset=\u00a0\u00bbvc_col-lg-4 vc_col-md-4&Prime;][vc_single_image image=\u00a0\u00bb14783&Prime; alignment=\u00a0\u00bbcenter\u00a0\u00bb css_animation=\u00a0\u00bbbounceIn\u00a0\u00bb css=\u00a0\u00bb.vc_custom_1501660817089{padding-bottom: 15px !important;}\u00a0\u00bb onclick=\u00a0\u00bbcustom_link\u00a0\u00bb]<div id=\"ultimate-heading69dd0376cb751\" class=\"uvc-heading dfd-delim-top   heading-config-top dfd-disable-resposive-headings\"  data-hspacer=\"no_spacer\"  data-halign=\"center\" style=\"text-align:center\"><div class=\"uvc-heading-spacer no_spacer\" style=\"\"><\/div><h5 class=\"widget-title\">ISO 9712<\/h5><\/div>[\/vc_column_inner][\/vc_row_inner][\/vc_column][\/vc_row][vc_row][vc_column]<div class=\"ult-spacer spacer-69dd0376cb774\" data-id=\"69dd0376cb774\" data-height=\"30\" data-height-mobile=\"20\" data-height-tab=\"20\" data-height-tab-portrait=\"\" data-height-mobile-landscape=\"\" style=\"clear:both;display:block;\"><\/div>[\/vc_column][\/vc_row]<\/p>\n<\/div>","protected":false},"excerpt":{"rendered":"<p>[vc_row][vc_column][\/vc_column][\/vc_row][vc_row][vc_column width=\u00a0\u00bb1\/4&Prime;][vc_column_text]Notre accr\u00e9ditation pour la r\u00e9alisation d\u2019essais selon les principales normes internationales signifie la reconnaissance des plus grands organismes d\u2019accr\u00e9ditation, et garantit un service de qualit\u00e9.[\/vc_column_text][vc_column_text]Nos politiques en mati\u00e8re de<\/p>\n","protected":false},"author":1,"featured_media":0,"parent":0,"menu_order":0,"comment_status":"closed","ping_status":"closed","template":"tmp-page-no-sidebar.php","meta":{"_acf_changed":false,"footnotes":""},"class_list":["post-18589","page","type-page","status-publish","hentry"],"acf":[],"yoast_head":"<!-- This site is optimized with the Yoast SEO plugin v27.3 - https:\/\/yoast.com\/product\/yoast-seo-wordpress\/ -->\n<title>Certifications | CETEST<\/title>\n<meta name=\"description\" content=\"Notre accr\u00e9ditation pour la r\u00e9alisation d\u2019essais selon les principales normes internationales signifie la reconnaissance des plus grands organismes d\u2019accr\u00e9ditation, et garantit un service de qualit\u00e9.\" \/>\n<meta name=\"robots\" content=\"index, follow, max-snippet:-1, max-image-preview:large, max-video-preview:-1\" \/>\n<link rel=\"canonical\" href=\"https:\/\/www.cetestgroup.com\/fr\/certifications\/\" \/>\n<meta property=\"og:locale\" content=\"fr_FR\" \/>\n<meta property=\"og:type\" content=\"article\" \/>\n<meta property=\"og:title\" content=\"Certifications | CETEST\" \/>\n<meta property=\"og:description\" content=\"Notre accr\u00e9ditation pour la r\u00e9alisation d\u2019essais selon les principales normes internationales signifie la reconnaissance des plus grands organismes d\u2019accr\u00e9ditation, et garantit un service de qualit\u00e9.\" \/>\n<meta property=\"og:url\" content=\"https:\/\/www.cetestgroup.com\/fr\/certifications\/\" \/>\n<meta property=\"og:site_name\" content=\"CETEST\" \/>\n<meta property=\"article:modified_time\" content=\"2025-02-10T08:24:07+00:00\" \/>\n<meta name=\"twitter:card\" content=\"summary_large_image\" \/>\n<meta name=\"twitter:label1\" content=\"Dur\u00e9e de lecture estim\u00e9e\" \/>\n\t<meta name=\"twitter:data1\" content=\"3 minutes\" \/>\n<script type=\"application\/ld+json\" class=\"yoast-schema-graph\">{\"@context\":\"https:\\\/\\\/schema.org\",\"@graph\":[{\"@type\":\"WebPage\",\"@id\":\"https:\\\/\\\/www.cetestgroup.com\\\/fr\\\/certifications\\\/\",\"url\":\"https:\\\/\\\/www.cetestgroup.com\\\/fr\\\/certifications\\\/\",\"name\":\"Certifications | CETEST\",\"isPartOf\":{\"@id\":\"https:\\\/\\\/www.cetestgroup.com\\\/es\\\/#website\"},\"datePublished\":\"2018-06-01T14:57:38+00:00\",\"dateModified\":\"2025-02-10T08:24:07+00:00\",\"description\":\"Notre accr\u00e9ditation pour la r\u00e9alisation d\u2019essais selon les principales normes internationales signifie la reconnaissance des plus grands organismes d\u2019accr\u00e9ditation, et garantit un service de qualit\u00e9.\",\"breadcrumb\":{\"@id\":\"https:\\\/\\\/www.cetestgroup.com\\\/fr\\\/certifications\\\/#breadcrumb\"},\"inLanguage\":\"fr-FR\",\"potentialAction\":[{\"@type\":\"ReadAction\",\"target\":[\"https:\\\/\\\/www.cetestgroup.com\\\/fr\\\/certifications\\\/\"]}]},{\"@type\":\"BreadcrumbList\",\"@id\":\"https:\\\/\\\/www.cetestgroup.com\\\/fr\\\/certifications\\\/#breadcrumb\",\"itemListElement\":[{\"@type\":\"ListItem\",\"position\":1,\"name\":\"Home\",\"item\":\"https:\\\/\\\/www.cetestgroup.com\\\/fr\\\/\"},{\"@type\":\"ListItem\",\"position\":2,\"name\":\"Certifications\"}]},{\"@type\":\"WebSite\",\"@id\":\"https:\\\/\\\/www.cetestgroup.com\\\/es\\\/#website\",\"url\":\"https:\\\/\\\/www.cetestgroup.com\\\/es\\\/\",\"name\":\"CETEST\",\"description\":\"CETEST is a fully accredited independent test laboratory offering services for design verification, model validation, developmental testing and\\\/or answers to help you identify failure root causes. We carry out tests in our facilities as well as on site as required by customer needs.\",\"potentialAction\":[{\"@type\":\"SearchAction\",\"target\":{\"@type\":\"EntryPoint\",\"urlTemplate\":\"https:\\\/\\\/www.cetestgroup.com\\\/es\\\/?s={search_term_string}\"},\"query-input\":{\"@type\":\"PropertyValueSpecification\",\"valueRequired\":true,\"valueName\":\"search_term_string\"}}],\"inLanguage\":\"fr-FR\"}]}<\/script>\n<!-- \/ Yoast SEO plugin. -->","yoast_head_json":{"title":"Certifications | CETEST","description":"Notre accr\u00e9ditation pour la r\u00e9alisation d\u2019essais selon les principales normes internationales signifie la reconnaissance des plus grands organismes d\u2019accr\u00e9ditation, et garantit un service de qualit\u00e9.","robots":{"index":"index","follow":"follow","max-snippet":"max-snippet:-1","max-image-preview":"max-image-preview:large","max-video-preview":"max-video-preview:-1"},"canonical":"https:\/\/www.cetestgroup.com\/fr\/certifications\/","og_locale":"fr_FR","og_type":"article","og_title":"Certifications | CETEST","og_description":"Notre accr\u00e9ditation pour la r\u00e9alisation d\u2019essais selon les principales normes internationales signifie la reconnaissance des plus grands organismes d\u2019accr\u00e9ditation, et garantit un service de qualit\u00e9.","og_url":"https:\/\/www.cetestgroup.com\/fr\/certifications\/","og_site_name":"CETEST","article_modified_time":"2025-02-10T08:24:07+00:00","twitter_card":"summary_large_image","twitter_misc":{"Dur\u00e9e de lecture estim\u00e9e":"3 minutes"},"schema":{"@context":"https:\/\/schema.org","@graph":[{"@type":"WebPage","@id":"https:\/\/www.cetestgroup.com\/fr\/certifications\/","url":"https:\/\/www.cetestgroup.com\/fr\/certifications\/","name":"Certifications | CETEST","isPartOf":{"@id":"https:\/\/www.cetestgroup.com\/es\/#website"},"datePublished":"2018-06-01T14:57:38+00:00","dateModified":"2025-02-10T08:24:07+00:00","description":"Notre accr\u00e9ditation pour la r\u00e9alisation d\u2019essais selon les principales normes internationales signifie la reconnaissance des plus grands organismes d\u2019accr\u00e9ditation, et garantit un service de qualit\u00e9.","breadcrumb":{"@id":"https:\/\/www.cetestgroup.com\/fr\/certifications\/#breadcrumb"},"inLanguage":"fr-FR","potentialAction":[{"@type":"ReadAction","target":["https:\/\/www.cetestgroup.com\/fr\/certifications\/"]}]},{"@type":"BreadcrumbList","@id":"https:\/\/www.cetestgroup.com\/fr\/certifications\/#breadcrumb","itemListElement":[{"@type":"ListItem","position":1,"name":"Home","item":"https:\/\/www.cetestgroup.com\/fr\/"},{"@type":"ListItem","position":2,"name":"Certifications"}]},{"@type":"WebSite","@id":"https:\/\/www.cetestgroup.com\/es\/#website","url":"https:\/\/www.cetestgroup.com\/es\/","name":"CETEST","description":"CETEST is a fully accredited independent test laboratory offering services for design verification, model validation, developmental testing and\/or answers to help you identify failure root causes. We carry out tests in our facilities as well as on site as required by customer needs.","potentialAction":[{"@type":"SearchAction","target":{"@type":"EntryPoint","urlTemplate":"https:\/\/www.cetestgroup.com\/es\/?s={search_term_string}"},"query-input":{"@type":"PropertyValueSpecification","valueRequired":true,"valueName":"search_term_string"}}],"inLanguage":"fr-FR"}]}},"_links":{"self":[{"href":"https:\/\/www.cetestgroup.com\/fr\/wp-json\/wp\/v2\/pages\/18589","targetHints":{"allow":["GET"]}}],"collection":[{"href":"https:\/\/www.cetestgroup.com\/fr\/wp-json\/wp\/v2\/pages"}],"about":[{"href":"https:\/\/www.cetestgroup.com\/fr\/wp-json\/wp\/v2\/types\/page"}],"author":[{"embeddable":true,"href":"https:\/\/www.cetestgroup.com\/fr\/wp-json\/wp\/v2\/users\/1"}],"replies":[{"embeddable":true,"href":"https:\/\/www.cetestgroup.com\/fr\/wp-json\/wp\/v2\/comments?post=18589"}],"version-history":[{"count":2,"href":"https:\/\/www.cetestgroup.com\/fr\/wp-json\/wp\/v2\/pages\/18589\/revisions"}],"predecessor-version":[{"id":20030,"href":"https:\/\/www.cetestgroup.com\/fr\/wp-json\/wp\/v2\/pages\/18589\/revisions\/20030"}],"wp:attachment":[{"href":"https:\/\/www.cetestgroup.com\/fr\/wp-json\/wp\/v2\/media?parent=18589"}],"curies":[{"name":"wp","href":"https:\/\/api.w.org\/{rel}","templated":true}]}}