{"id":18568,"date":"2018-06-01T15:21:33","date_gmt":"2018-06-01T14:21:33","guid":{"rendered":"https:\/\/www.cetestgroup.com\/?page_id=18568"},"modified":"2025-03-05T07:30:03","modified_gmt":"2025-03-05T07:30:03","slug":"ingenieur-en-instrumentation-et-mesure","status":"publish","type":"page","link":"https:\/\/www.cetestgroup.com\/fr\/offres-demploi\/ingenieur-en-instrumentation-et-mesure\/","title":{"rendered":"Ing\u00e9nieur en instrumentation et mesure"},"content":{"rendered":"<div class=\"wpb-content-wrapper\"><p>[vc_row][vc_column]<div class=\"ult-spacer spacer-69dd0a2fbf799\" data-id=\"69dd0a2fbf799\" data-height=\"80\" data-height-mobile=\"30\" data-height-tab=\"50\" data-height-tab-portrait=\"\" data-height-mobile-landscape=\"\" style=\"clear:both;display:block;\"><\/div>[\/vc_column][\/vc_row][vc_row css=\u00a0\u00bb.vc_custom_1508832705309{border-bottom-width: 1px !important;padding-bottom: 20px !important;border-bottom-color: #eeeeee !important;border-bottom-style: solid !important;}\u00a0\u00bb][vc_column width=\u00a0\u00bb1\/2&Prime;]<div class=\"dfd-heading-shortcode\"><div class=\"dfd-heading-module-wrap  text-left style_01 dfd-heading-69dd0a2fbf845 dfd-disable-resposive-headings\" id=\"dfd-heading-69dd0a2fbf845\" ><div class=\"inline-block\"><div class=\"dfd-heading-module\"><h6 class=\"widget-title dfd-title \" style=\"font-family:PT Sans Narrow; font-weight:400; font-style:normal; font-size: 18px; color: #25bdd5 !important; line-height: 22px; \">Poste<\/h6><h5 class=\"widget-sub-title dfd-sub-title \" style=\"font-family:PT Sans; font-weight:400; font-style:normal; font-size: 20px; line-height: 25px; \">Ing\u00e9nieur en instrumentation et mesure<\/h5><\/div><\/div><\/div><script type=\"text\/javascript\">\r\n\t\t\t\t\t\t\t\t\t(function($) {\r\n\t\t\t\t\t\t\t\t\t\t$(\"head\").append(\"<style>.dfd-heading-69dd0a2fbf845.dfd-heading-module-wrap .dfd-heading-module .dfd-heading-delimiter {margin-top:10px;margin-bottom:10px;}<\/style>\");\r\n\t\t\t\t\t\t\t\t\t})(jQuery);\r\n\t\t\t\t\t\t\t\t<\/script><\/div>[\/vc_column][vc_column width=\u00a0\u00bb1\/4&Prime;]<div class=\"dfd-heading-shortcode\"><div class=\"dfd-heading-module-wrap  text-left style_01 dfd-heading-69dd0a2fbf9cd dfd-disable-resposive-headings\" id=\"dfd-heading-69dd0a2fbf9cd\" ><div class=\"inline-block\"><div class=\"dfd-heading-module\"><h6 class=\"widget-title dfd-title \" style=\"font-family:PT Sans Narrow; font-weight:400; font-style:normal; font-size: 18px; color: #25bdd5 !important; line-height: 22px; \">Ref.<\/h6><h5 class=\"widget-sub-title dfd-sub-title \" style=\"font-family:PT Sans; font-weight:400; font-style:normal; font-size: 20px; line-height: 25px; \">250301<\/h5><\/div><\/div><\/div><script type=\"text\/javascript\">\r\n\t\t\t\t\t\t\t\t\t(function($) {\r\n\t\t\t\t\t\t\t\t\t\t$(\"head\").append(\"<style>.dfd-heading-69dd0a2fbf9cd.dfd-heading-module-wrap .dfd-heading-module .dfd-heading-delimiter {margin-top:10px;margin-bottom:10px;}<\/style>\");\r\n\t\t\t\t\t\t\t\t\t})(jQuery);\r\n\t\t\t\t\t\t\t\t<\/script><\/div>[\/vc_column][vc_column width=\u00a0\u00bb1\/4&Prime;]<div class=\"dfd-heading-shortcode\"><div class=\"dfd-heading-module-wrap  text-left style_01 dfd-heading-69dd0a2fbfaf6 dfd-disable-resposive-headings\" id=\"dfd-heading-69dd0a2fbfaf6\" ><div class=\"inline-block\"><div class=\"dfd-heading-module\"><h6 class=\"widget-title dfd-title \" style=\"font-family:PT Sans Narrow; font-weight:400; font-style:normal; font-size: 18px; color: #25bdd5 !important; line-height: 22px; \">Int\u00e9gration:<\/h6><h5 class=\"widget-sub-title dfd-sub-title \" style=\"font-family:PT Sans; font-weight:400; font-style:normal; font-size: 20px; line-height: 25px; \">\u00c0 convenir<\/h5><\/div><\/div><\/div><script type=\"text\/javascript\">\r\n\t\t\t\t\t\t\t\t\t(function($) {\r\n\t\t\t\t\t\t\t\t\t\t$(\"head\").append(\"<style>.dfd-heading-69dd0a2fbfaf6.dfd-heading-module-wrap .dfd-heading-module .dfd-heading-delimiter {margin-top:10px;margin-bottom:10px;}<\/style>\");\r\n\t\t\t\t\t\t\t\t\t})(jQuery);\r\n\t\t\t\t\t\t\t\t<\/script><\/div>[\/vc_column][\/vc_row][vc_row][vc_column css=\u00a0\u00bb.vc_custom_1508832727555{padding-top: 20px !important;}\u00a0\u00bb]<div class=\"ult-spacer spacer-69dd0a2fbfbd9\" data-id=\"69dd0a2fbfbd9\" data-height=\"30\" data-height-mobile=\"0\" data-height-tab=\"20\" data-height-tab-portrait=\"\" data-height-mobile-landscape=\"\" style=\"clear:both;display:block;\"><\/div><div class=\"dfd-heading-shortcode\"><div class=\"dfd-heading-module-wrap  text-left style_02 dfd-heading-69dd0a2fbfc3b dfd-disable-resposive-headings\" id=\"dfd-heading-69dd0a2fbfc3b\" ><div class=\"inline-block\"><div class=\"dfd-heading-module\"><h6 class=\"widget-title dfd-title \" style=\"font-family:PT Sans Narrow; font-weight:400; font-style:normal; font-size: 25px; color: #25bdd5 !important; line-height: 30px; \">FONCTION<\/h6><div class=\"dfd-heading-delimiter\"><\/div><\/div><\/div><\/div><script type=\"text\/javascript\">\r\n\t\t\t\t\t\t\t\t\t(function($) {\r\n\t\t\t\t\t\t\t\t\t\t$(\"head\").append(\"<style>.dfd-heading-69dd0a2fbfc3b.dfd-heading-module-wrap .dfd-heading-module .dfd-heading-delimiter {border-bottom-style:solid;border-bottom-width:1px;width:100px;border-bottom-color:#25bdd5;}.dfd-heading-69dd0a2fbfc3b.dfd-heading-module-wrap .dfd-heading-module .dfd-heading-delimiter {margin-top:10px;margin-bottom:10px;}<\/style>\");\r\n\t\t\t\t\t\t\t\t\t})(jQuery);\r\n\t\t\t\t\t\t\t\t<\/script><\/div>[vc_column_text css=\u00a0\u00bb\u00a0\u00bb]Pr\u00e9parer et organiser un essai, collecter des donn\u00e9es sur le terrain, les analyser&#8230; vous voyez-vous dans cela ? Et si on le compl\u00e9tait en disant que ce n&rsquo;est ni plus ni moins que les v\u00e9hicules ferroviaires que l&rsquo;on teste davantage, en \u00e9valuant des param\u00e8tres aussi complexes que le comportement dynamique du v\u00e9hicule, les niveaux de vibrations et de bruit ou encore la compatibilit\u00e9 \u00e9lectromagn\u00e9tique entre le v\u00e9hicule et l&rsquo;infrastructure ? La gamme de tests que nous proposons est tr\u00e8s large et nous visons \u00e0 \u00eatre toujours \u00e0 la pointe des technologies afin de continuer \u00e0 offrir le meilleur service \u00e0 nos clients.[\/vc_column_text]<div class=\"ult-spacer spacer-69dd0a2fbfd16\" data-id=\"69dd0a2fbfd16\" data-height=\"30\" data-height-mobile=\"10\" data-height-tab=\"20\" data-height-tab-portrait=\"\" data-height-mobile-landscape=\"\" style=\"clear:both;display:block;\"><\/div><div class=\"dfd-heading-shortcode\"><div class=\"dfd-heading-module-wrap  text-left style_01 cr-animate-gen dfd-heading-69dd0a2fbfd77 dfd-disable-resposive-headings\" id=\"dfd-heading-69dd0a2fbfd77\" data-animate-type = \"transition.fadeIn\" ><div class=\"inline-block\"><div class=\"dfd-heading-module\"><h6 class=\"widget-title dfd-title \" style=\"font-family:PT Sans Narrow; font-weight:400; font-style:normal; font-size: 25px; color: #25bdd5 !important; line-height: 30px; \">Qui sommes-nous?<\/h6><\/div><\/div><\/div><script type=\"text\/javascript\">\r\n\t\t\t\t\t\t\t\t\t(function($) {\r\n\t\t\t\t\t\t\t\t\t\t$(\"head\").append(\"<style>.dfd-heading-69dd0a2fbfd77.dfd-heading-module-wrap .dfd-heading-module .dfd-heading-delimiter {margin-top:10px;margin-bottom:10px;}<\/style>\");\r\n\t\t\t\t\t\t\t\t\t})(jQuery);\r\n\t\t\t\t\t\t\t\t<\/script><\/div>[vc_column_text css=\u00a0\u00bb\u00a0\u00bb item_animation=\u00a0\u00bbtransition.fadeIn\u00a0\u00bb]CETEST est un <em>laboratoire d&rsquo;essais accr\u00e9dit\u00e9<\/em> qui fait partie du Groupe CAF, l&rsquo;un des leaders internationaux dans la conception et la mise en \u0153uvre de syst\u00e8mes complets de <em>\u00a0mobilit\u00e9<\/em> durable.[\/vc_column_text]<div class=\"ult-spacer spacer-69dd0a2fbfe2b\" data-id=\"69dd0a2fbfe2b\" data-height=\"50\" data-height-mobile=\"20\" data-height-tab=\"30\" data-height-tab-portrait=\"\" data-height-mobile-landscape=\"\" style=\"clear:both;display:block;\"><\/div><div class=\"dfd-heading-shortcode\"><div class=\"dfd-heading-module-wrap  text-left style_01 cr-animate-gen dfd-heading-69dd0a2fbfe8b dfd-disable-resposive-headings\" id=\"dfd-heading-69dd0a2fbfe8b\" data-animate-type = \"transition.fadeIn\" ><div class=\"inline-block\"><div class=\"dfd-heading-module\"><h6 class=\"widget-title dfd-title \" style=\"font-family:PT Sans Narrow; font-weight:400; font-style:normal; font-size: 25px; color: #25bdd5 !important; line-height: 30px; \">Ce que nous offrons<\/h6><\/div><\/div><\/div><script type=\"text\/javascript\">\r\n\t\t\t\t\t\t\t\t\t(function($) {\r\n\t\t\t\t\t\t\t\t\t\t$(\"head\").append(\"<style>.dfd-heading-69dd0a2fbfe8b.dfd-heading-module-wrap .dfd-heading-module .dfd-heading-delimiter {margin-top:10px;margin-bottom:10px;}<\/style>\");\r\n\t\t\t\t\t\t\t\t\t})(jQuery);\r\n\t\t\t\t\t\t\t\t<\/script><\/div>[vc_column_text css=\u00a0\u00bb\u00a0\u00bb item_animation=\u00a0\u00bbtransition.fadeIn\u00a0\u00bb]Nous proposons l&rsquo;incorporation d&rsquo;une \u00e9quipe hautement qualifi\u00e9e en d\u00e9veloppement continu, ce qui vous permettra de continuer \u00e0 grandir dans le cadre d&rsquo;un projet ambitieux de services et de nouveaux d\u00e9veloppements d&rsquo;envergure internationale et \u00e0 forte composante technologique.[\/vc_column_text]<div class=\"ult-spacer spacer-69dd0a2fbff3c\" data-id=\"69dd0a2fbff3c\" data-height=\"30\" data-height-mobile=\"30\" data-height-tab=\"30\" data-height-tab-portrait=\"\" data-height-mobile-landscape=\"\" style=\"clear:both;display:block;\"><\/div><div class=\"dfd-heading-shortcode\"><div class=\"dfd-heading-module-wrap  text-left style_01 cr-animate-gen dfd-heading-69dd0a2fbff9b dfd-disable-resposive-headings\" id=\"dfd-heading-69dd0a2fbff9b\" data-animate-type = \"transition.fadeIn\" ><div class=\"inline-block\"><div class=\"dfd-heading-module\"><h6 class=\"widget-title dfd-title \" style=\"font-family:PT Sans Narrow; font-weight:400; font-style:normal; font-size: 25px; color: #25bdd5 !important; line-height: 30px; \">Ce que nous recherchons<\/h6><\/div><\/div><\/div><script type=\"text\/javascript\">\r\n\t\t\t\t\t\t\t\t\t(function($) {\r\n\t\t\t\t\t\t\t\t\t\t$(\"head\").append(\"<style>.dfd-heading-69dd0a2fbff9b.dfd-heading-module-wrap .dfd-heading-module .dfd-heading-delimiter {margin-top:10px;margin-bottom:10px;}<\/style>\");\r\n\t\t\t\t\t\t\t\t\t})(jQuery);\r\n\t\t\t\t\t\t\t\t<\/script><\/div>[vc_column_text css=\u00a0\u00bb\u00a0\u00bb item_animation=\u00a0\u00bbtransition.fadeIn\u00a0\u00bb]Nous sommes \u00e0 la recherche de personnes pour renforcer notre grande \u00e9quipe et qui ont:<\/p>\n<ul>\n<li>D\u00e9sireux <strong>d&rsquo;apprendre<\/strong> dans un environnement international et <strong>interculturel.<\/strong><\/li>\n<li><strong>Disponibilit\u00e9 <\/strong>et souci d&rsquo;une activit\u00e9 qui n\u00e9cessite un volume important de <strong>d\u00e9placements internationaux<\/strong>.<\/li>\n<li>Baccalaur\u00e9at ou ma\u00eetrise en <strong>g\u00e9nie.<\/strong><\/li>\n<li>Un bon niveau d&rsquo; <strong>anglais<\/strong>, et tant de langues peuvent y contribuer.<\/li>\n<li>Souci <strong>technique.<\/strong><\/li>\n<\/ul>\n<p><em>Int\u00e9ress\u00e9? Venez nous rencontrer!<\/em>[\/vc_column_text][\/vc_column][\/vc_row]<\/p>\n<\/div>","protected":false},"excerpt":{"rendered":"<p>[vc_row][vc_column][\/vc_column][\/vc_row][vc_row css=\u00a0\u00bb.vc_custom_1508832705309{border-bottom-width: 1px !important;padding-bottom: 20px !important;border-bottom-color: #eeeeee !important;border-bottom-style: solid !important;}\u00a0\u00bb][vc_column width=\u00a0\u00bb1\/2&Prime;][\/vc_column][vc_column width=\u00a0\u00bb1\/4&Prime;][\/vc_column][vc_column width=\u00a0\u00bb1\/4&Prime;][\/vc_column][\/vc_row][vc_row][vc_column css=\u00a0\u00bb.vc_custom_1508832727555{padding-top: 20px !important;}\u00a0\u00bb][vc_column_text css=\u00a0\u00bb\u00a0\u00bb]Pr\u00e9parer et organiser un essai, collecter des donn\u00e9es sur le terrain, les analyser&#8230; vous<\/p>\n","protected":false},"author":1,"featured_media":0,"parent":18557,"menu_order":0,"comment_status":"closed","ping_status":"closed","template":"tmp-page-right-sidebar.php","meta":{"_acf_changed":false,"footnotes":""},"class_list":["post-18568","page","type-page","status-publish","hentry"],"acf":[],"yoast_head":"<!-- This site is optimized with the Yoast SEO plugin v27.3 - https:\/\/yoast.com\/product\/yoast-seo-wordpress\/ -->\n<title>Ing\u00e9nieur en instrumentation et mesure | CETEST<\/title>\n<meta name=\"description\" content=\"Offre d\u2019emploi, nous recherchons un ing\u00e9nieur pour notre \u00e9quipe commerciale. Nous avons besoin de votre aide pour augmenter notre activit\u00e9 \u00e0 l\u2019international et prendre en charge nos clients, ce qui inclut le support \u00e0 la pr\u00e9paration d\u2019offres, le suivi et les n\u00e9gociations.\" \/>\n<meta name=\"robots\" content=\"index, follow, max-snippet:-1, max-image-preview:large, max-video-preview:-1\" \/>\n<link rel=\"canonical\" href=\"https:\/\/www.cetestgroup.com\/fr\/offres-demploi\/ingenieur-en-instrumentation-et-mesure\/\" \/>\n<meta property=\"og:locale\" content=\"fr_FR\" \/>\n<meta property=\"og:type\" content=\"article\" \/>\n<meta property=\"og:title\" content=\"Ing\u00e9nieur en instrumentation et mesure | CETEST\" \/>\n<meta property=\"og:description\" content=\"Offre d\u2019emploi, nous recherchons un ing\u00e9nieur pour notre \u00e9quipe commerciale. Nous avons besoin de votre aide pour augmenter notre activit\u00e9 \u00e0 l\u2019international et prendre en charge nos clients, ce qui inclut le support \u00e0 la pr\u00e9paration d\u2019offres, le suivi et les n\u00e9gociations.\" \/>\n<meta property=\"og:url\" content=\"https:\/\/www.cetestgroup.com\/fr\/offres-demploi\/ingenieur-en-instrumentation-et-mesure\/\" \/>\n<meta property=\"og:site_name\" content=\"CETEST\" \/>\n<meta property=\"article:modified_time\" content=\"2025-03-05T07:30:03+00:00\" \/>\n<meta name=\"twitter:card\" content=\"summary_large_image\" \/>\n<meta name=\"twitter:label1\" content=\"Dur\u00e9e de lecture estim\u00e9e\" \/>\n\t<meta name=\"twitter:data1\" content=\"2 minutes\" \/>\n<script type=\"application\/ld+json\" class=\"yoast-schema-graph\">{\"@context\":\"https:\\\/\\\/schema.org\",\"@graph\":[{\"@type\":\"WebPage\",\"@id\":\"https:\\\/\\\/www.cetestgroup.com\\\/fr\\\/offres-demploi\\\/ingenieur-en-instrumentation-et-mesure\\\/\",\"url\":\"https:\\\/\\\/www.cetestgroup.com\\\/fr\\\/offres-demploi\\\/ingenieur-en-instrumentation-et-mesure\\\/\",\"name\":\"Ing\u00e9nieur en instrumentation et mesure | CETEST\",\"isPartOf\":{\"@id\":\"https:\\\/\\\/www.cetestgroup.com\\\/es\\\/#website\"},\"datePublished\":\"2018-06-01T14:21:33+00:00\",\"dateModified\":\"2025-03-05T07:30:03+00:00\",\"description\":\"Offre d\u2019emploi, nous recherchons un ing\u00e9nieur pour notre \u00e9quipe commerciale. Nous avons besoin de votre aide pour augmenter notre activit\u00e9 \u00e0 l\u2019international et prendre en charge nos clients, ce qui inclut le support \u00e0 la pr\u00e9paration d\u2019offres, le suivi et les n\u00e9gociations.\",\"breadcrumb\":{\"@id\":\"https:\\\/\\\/www.cetestgroup.com\\\/fr\\\/offres-demploi\\\/ingenieur-en-instrumentation-et-mesure\\\/#breadcrumb\"},\"inLanguage\":\"fr-FR\",\"potentialAction\":[{\"@type\":\"ReadAction\",\"target\":[\"https:\\\/\\\/www.cetestgroup.com\\\/fr\\\/offres-demploi\\\/ingenieur-en-instrumentation-et-mesure\\\/\"]}]},{\"@type\":\"BreadcrumbList\",\"@id\":\"https:\\\/\\\/www.cetestgroup.com\\\/fr\\\/offres-demploi\\\/ingenieur-en-instrumentation-et-mesure\\\/#breadcrumb\",\"itemListElement\":[{\"@type\":\"ListItem\",\"position\":1,\"name\":\"Home\",\"item\":\"https:\\\/\\\/www.cetestgroup.com\\\/fr\\\/\"},{\"@type\":\"ListItem\",\"position\":2,\"name\":\"Offres d\u2019emploi\",\"item\":\"https:\\\/\\\/www.cetestgroup.com\\\/fr\\\/offres-demploi\\\/\"},{\"@type\":\"ListItem\",\"position\":3,\"name\":\"Ing\u00e9nieur en instrumentation et mesure\"}]},{\"@type\":\"WebSite\",\"@id\":\"https:\\\/\\\/www.cetestgroup.com\\\/es\\\/#website\",\"url\":\"https:\\\/\\\/www.cetestgroup.com\\\/es\\\/\",\"name\":\"CETEST\",\"description\":\"CETEST is a fully accredited independent test laboratory offering services for design verification, model validation, developmental testing and\\\/or answers to help you identify failure root causes. We carry out tests in our facilities as well as on site as required by customer needs.\",\"potentialAction\":[{\"@type\":\"SearchAction\",\"target\":{\"@type\":\"EntryPoint\",\"urlTemplate\":\"https:\\\/\\\/www.cetestgroup.com\\\/es\\\/?s={search_term_string}\"},\"query-input\":{\"@type\":\"PropertyValueSpecification\",\"valueRequired\":true,\"valueName\":\"search_term_string\"}}],\"inLanguage\":\"fr-FR\"}]}<\/script>\n<!-- \/ Yoast SEO plugin. -->","yoast_head_json":{"title":"Ing\u00e9nieur en instrumentation et mesure | CETEST","description":"Offre d\u2019emploi, nous recherchons un ing\u00e9nieur pour notre \u00e9quipe commerciale. Nous avons besoin de votre aide pour augmenter notre activit\u00e9 \u00e0 l\u2019international et prendre en charge nos clients, ce qui inclut le support \u00e0 la pr\u00e9paration d\u2019offres, le suivi et les n\u00e9gociations.","robots":{"index":"index","follow":"follow","max-snippet":"max-snippet:-1","max-image-preview":"max-image-preview:large","max-video-preview":"max-video-preview:-1"},"canonical":"https:\/\/www.cetestgroup.com\/fr\/offres-demploi\/ingenieur-en-instrumentation-et-mesure\/","og_locale":"fr_FR","og_type":"article","og_title":"Ing\u00e9nieur en instrumentation et mesure | CETEST","og_description":"Offre d\u2019emploi, nous recherchons un ing\u00e9nieur pour notre \u00e9quipe commerciale. Nous avons besoin de votre aide pour augmenter notre activit\u00e9 \u00e0 l\u2019international et prendre en charge nos clients, ce qui inclut le support \u00e0 la pr\u00e9paration d\u2019offres, le suivi et les n\u00e9gociations.","og_url":"https:\/\/www.cetestgroup.com\/fr\/offres-demploi\/ingenieur-en-instrumentation-et-mesure\/","og_site_name":"CETEST","article_modified_time":"2025-03-05T07:30:03+00:00","twitter_card":"summary_large_image","twitter_misc":{"Dur\u00e9e de lecture estim\u00e9e":"2 minutes"},"schema":{"@context":"https:\/\/schema.org","@graph":[{"@type":"WebPage","@id":"https:\/\/www.cetestgroup.com\/fr\/offres-demploi\/ingenieur-en-instrumentation-et-mesure\/","url":"https:\/\/www.cetestgroup.com\/fr\/offres-demploi\/ingenieur-en-instrumentation-et-mesure\/","name":"Ing\u00e9nieur en instrumentation et mesure | CETEST","isPartOf":{"@id":"https:\/\/www.cetestgroup.com\/es\/#website"},"datePublished":"2018-06-01T14:21:33+00:00","dateModified":"2025-03-05T07:30:03+00:00","description":"Offre d\u2019emploi, nous recherchons un ing\u00e9nieur pour notre \u00e9quipe commerciale. Nous avons besoin de votre aide pour augmenter notre activit\u00e9 \u00e0 l\u2019international et prendre en charge nos clients, ce qui inclut le support \u00e0 la pr\u00e9paration d\u2019offres, le suivi et les n\u00e9gociations.","breadcrumb":{"@id":"https:\/\/www.cetestgroup.com\/fr\/offres-demploi\/ingenieur-en-instrumentation-et-mesure\/#breadcrumb"},"inLanguage":"fr-FR","potentialAction":[{"@type":"ReadAction","target":["https:\/\/www.cetestgroup.com\/fr\/offres-demploi\/ingenieur-en-instrumentation-et-mesure\/"]}]},{"@type":"BreadcrumbList","@id":"https:\/\/www.cetestgroup.com\/fr\/offres-demploi\/ingenieur-en-instrumentation-et-mesure\/#breadcrumb","itemListElement":[{"@type":"ListItem","position":1,"name":"Home","item":"https:\/\/www.cetestgroup.com\/fr\/"},{"@type":"ListItem","position":2,"name":"Offres d\u2019emploi","item":"https:\/\/www.cetestgroup.com\/fr\/offres-demploi\/"},{"@type":"ListItem","position":3,"name":"Ing\u00e9nieur en instrumentation et mesure"}]},{"@type":"WebSite","@id":"https:\/\/www.cetestgroup.com\/es\/#website","url":"https:\/\/www.cetestgroup.com\/es\/","name":"CETEST","description":"CETEST is a fully accredited independent test laboratory offering services for design verification, model validation, developmental testing and\/or answers to help you identify failure root causes. We carry out tests in our facilities as well as on site as required by customer needs.","potentialAction":[{"@type":"SearchAction","target":{"@type":"EntryPoint","urlTemplate":"https:\/\/www.cetestgroup.com\/es\/?s={search_term_string}"},"query-input":{"@type":"PropertyValueSpecification","valueRequired":true,"valueName":"search_term_string"}}],"inLanguage":"fr-FR"}]}},"_links":{"self":[{"href":"https:\/\/www.cetestgroup.com\/fr\/wp-json\/wp\/v2\/pages\/18568","targetHints":{"allow":["GET"]}}],"collection":[{"href":"https:\/\/www.cetestgroup.com\/fr\/wp-json\/wp\/v2\/pages"}],"about":[{"href":"https:\/\/www.cetestgroup.com\/fr\/wp-json\/wp\/v2\/types\/page"}],"author":[{"embeddable":true,"href":"https:\/\/www.cetestgroup.com\/fr\/wp-json\/wp\/v2\/users\/1"}],"replies":[{"embeddable":true,"href":"https:\/\/www.cetestgroup.com\/fr\/wp-json\/wp\/v2\/comments?post=18568"}],"version-history":[{"count":2,"href":"https:\/\/www.cetestgroup.com\/fr\/wp-json\/wp\/v2\/pages\/18568\/revisions"}],"predecessor-version":[{"id":20208,"href":"https:\/\/www.cetestgroup.com\/fr\/wp-json\/wp\/v2\/pages\/18568\/revisions\/20208"}],"up":[{"embeddable":true,"href":"https:\/\/www.cetestgroup.com\/fr\/wp-json\/wp\/v2\/pages\/18557"}],"wp:attachment":[{"href":"https:\/\/www.cetestgroup.com\/fr\/wp-json\/wp\/v2\/media?parent=18568"}],"curies":[{"name":"wp","href":"https:\/\/api.w.org\/{rel}","templated":true}]}}