{"id":18557,"date":"2018-06-01T14:51:53","date_gmt":"2018-06-01T13:51:53","guid":{"rendered":"https:\/\/www.cetestgroup.com\/?page_id=18557"},"modified":"2025-03-05T07:35:00","modified_gmt":"2025-03-05T07:35:00","slug":"offres-demploi","status":"publish","type":"page","link":"https:\/\/www.cetestgroup.com\/fr\/offres-demploi\/","title":{"rendered":"Offres d\u2019emploi"},"content":{"rendered":"<div class=\"wpb-content-wrapper\"><p>[vc_row][vc_column]<div class=\"ult-spacer spacer-69dccfdc101c5\" data-id=\"69dccfdc101c5\" data-height=\"30\" data-height-mobile=\"0\" data-height-tab=\"20\" data-height-tab-portrait=\"\" data-height-mobile-landscape=\"\" style=\"clear:both;display:block;\"><\/div>[\/vc_column][\/vc_row][vc_row][vc_column width=\u00a0\u00bb1\/3&Prime; css=\u00a0\u00bb.vc_custom_1501741811224{margin-bottom: 30px !important;padding-top: 3% !important;padding-right: 3% !important;padding-bottom: 3% !important;padding-left: 3% !important;background-color: #eeeeee !important;}\u00a0\u00bb el_class=\u00a0\u00bbformEmpleo\u00a0\u00bb]\n<div class=\"wpcf7 no-js\" id=\"wpcf7-f18884-o1\" lang=\"en-US\" dir=\"ltr\" data-wpcf7-id=\"18884\">\n<div class=\"screen-reader-response\"><p role=\"status\" aria-live=\"polite\" aria-atomic=\"true\"><\/p> <ul><\/ul><\/div>\n<form action=\"\/fr\/wp-json\/wp\/v2\/pages\/18557#wpcf7-f18884-o1\" method=\"post\" class=\"wpcf7-form init\" aria-label=\"Contact form\" enctype=\"multipart\/form-data\" novalidate=\"novalidate\" data-status=\"init\">\n<fieldset class=\"hidden-fields-container\"><input type=\"hidden\" name=\"_wpcf7\" value=\"18884\" \/><input type=\"hidden\" name=\"_wpcf7_version\" value=\"6.1.5\" \/><input type=\"hidden\" name=\"_wpcf7_locale\" value=\"en_US\" \/><input type=\"hidden\" name=\"_wpcf7_unit_tag\" value=\"wpcf7-f18884-o1\" \/><input type=\"hidden\" name=\"_wpcf7_container_post\" value=\"0\" \/><input type=\"hidden\" name=\"_wpcf7_posted_data_hash\" value=\"\" \/><input type=\"hidden\" name=\"_wpcf7_recaptcha_response\" value=\"\" \/>\n<\/fieldset>\n<div class=\"campoObligatorio\">Les champs marqu\u00e9s d'une * sont obligatoires.<\/div>\n<div style=\"float:left; width:100%;\"><span class=\"wpcf7-form-control-wrap\" data-name=\"number\"><input class=\"wpcf7-form-control wpcf7-number wpcf7-validates-as-required wpcf7-validates-as-number\" aria-required=\"true\" aria-invalid=\"false\" placeholder=\"R\u00e9f\u00e9rence de l&#039;offre*\" value=\"\" type=\"number\" name=\"number\" \/><\/span><\/div>\n<div style=\"float:left; width:100%;\"><span class=\"wpcf7-form-control-wrap\" data-name=\"your-name\"><input size=\"40\" maxlength=\"400\" class=\"wpcf7-form-control wpcf7-text wpcf7-validates-as-required\" aria-required=\"true\" aria-invalid=\"false\" placeholder=\"Nom*\" value=\"\" type=\"text\" name=\"your-name\" \/><\/span><\/div>\n<div style=\"float:left; width:100%;\"><span class=\"wpcf7-form-control-wrap\" data-name=\"your-surname\"><input size=\"40\" maxlength=\"400\" class=\"wpcf7-form-control wpcf7-text wpcf7-validates-as-required\" aria-required=\"true\" aria-invalid=\"false\" placeholder=\"Nom de famille*\" value=\"\" type=\"text\" name=\"your-surname\" \/><\/span><\/div>\n<div style=\"float:left; width:100%;\"><span class=\"wpcf7-form-control-wrap\" data-name=\"your-email\"><input size=\"40\" maxlength=\"400\" class=\"wpcf7-form-control wpcf7-email wpcf7-validates-as-required wpcf7-text wpcf7-validates-as-email\" aria-required=\"true\" aria-invalid=\"false\" placeholder=\"Adresse email*\" value=\"\" type=\"email\" name=\"your-email\" \/><\/span><\/div>\n<div style=\"float:left; width:100%;\"><span class=\"wpcf7-form-control-wrap\" data-name=\"telephone\"><input size=\"40\" maxlength=\"400\" class=\"wpcf7-form-control wpcf7-tel wpcf7-text wpcf7-validates-as-tel\" aria-invalid=\"false\" placeholder=\"Num\u00e9ro de t\u00e9l\u00e9phone\" value=\"\" type=\"tel\" name=\"telephone\" \/><\/span><\/div>\n<div class=\"formOfertasBottom\">\n<div style=\"padding-bottom:10px;\"><div style=\"float:left; width:auto; font-size:14px;\">Curriculum Vitae<\/div><div><span class=\"wpcf7-form-control-wrap\" data-name=\"file-734\"><input size=\"40\" class=\"wpcf7-form-control wpcf7-file\" accept=\".pdf,.doc,.docx\" aria-invalid=\"false\" type=\"file\" name=\"file-734\" \/><\/span><\/div><\/div>\n<div style=\"float:left; width:auto; font-size:14px;\">Dossier acad\u00e9mique<\/div><div><span class=\"wpcf7-form-control-wrap\" data-name=\"file-228\"><input size=\"40\" class=\"wpcf7-form-control wpcf7-file\" accept=\".pdf,.doc,.docx\" aria-invalid=\"false\" type=\"file\" name=\"file-228\" \/><\/span><\/div>\n<\/div>\n<div style=\"clear:both!important; padding-top:10px;\"><input class=\"wpcf7-form-control wpcf7-submit has-spinner\" type=\"submit\" value=\"Envoyer\" \/><\/div><input type='hidden' class='wpcf7-pum' value='{\"closepopup\":false,\"closedelay\":0,\"openpopup\":false,\"openpopup_id\":0}' \/><div class=\"wpcf7-response-output\" aria-hidden=\"true\"><\/div>\n<\/form>\n<\/div>\n[\/vc_column][vc_column width=\u00a0\u00bb2\/3&Prime; offset=\u00a0\u00bbvc_col-lg-offset-1 vc_col-lg-7&Prime;]<div class=\"dfd-heading-shortcode\"><div class=\"dfd-heading-module-wrap  text-left style_01 dfd-heading-69dccfdc1267b dfd-disable-resposive-headings\" id=\"dfd-heading-69dccfdc1267b\" ><div class=\"inline-block\"><div class=\"dfd-heading-module\"><h5 class=\"widget-title dfd-title \" style=\"\">POSTES \u00c0 POURVOIR<\/h5><h3 class=\"widget-sub-title dfd-sub-title \" style=\"\">Rejoignez l\u2019\u00e9quipe CETEST!<\/h3><div class=\"dfd-heading-delimiter\"><\/div><\/div><\/div><\/div><script type=\"text\/javascript\">\r\n\t\t\t\t\t\t\t\t\t(function($) {\r\n\t\t\t\t\t\t\t\t\t\t$(\"head\").append(\"<style>.dfd-heading-69dccfdc1267b.dfd-heading-module-wrap .dfd-heading-module .dfd-heading-delimiter {border-bottom-style:solid;border-bottom-width:1px;width:100px;border-bottom-color:#dddddd;}.dfd-heading-69dccfdc1267b.dfd-heading-module-wrap .dfd-heading-module .dfd-heading-delimiter {margin-top:10px;margin-bottom:10px;}<\/style>\");\r\n\t\t\t\t\t\t\t\t\t})(jQuery);\r\n\t\t\t\t\t\t\t\t<\/script><\/div><div class=\"dfd-service-module-wrap \"><ul class=\"dfd-service-list dfd-mobile-keep-height clearfix full-width-elements\"><li class=\"dfd-service-item \"  style=\"border-style: solid; border-color: #cccccc; \"><div class=\"dfd-service-item  style-01  hover-04  \" ><div class=\"dfd-service-front dfd-equalize-height\" style=\"\"><div class=\"dfd-service-front-wrap dfd-vertical-aligned \"><div class=\"module-icon\"><i class=\"featured-icon dfd-icon-pin2\" style=\"color:#25bdd5; opacity:1;\" ><\/i><a href=\"https:\/\/www.cetestgroup.com\/fr\/offres-demploi\/ingenieur-en-instrumentation-et-mesure\/\" class=\"abs-link\" title=\"Ingenieur en instrumentation et mesure\" ><\/a><\/div><div class=\"content-wrapper\"><div class=\"info-banner-title feature-title\" style=\"\">Ing\u00e9nieur en instrumentation et mesure<\/div><div class=\"info-banner-subtitle subtitle\" style=\"\">Ref. 250301<\/div><\/div><\/div><\/div><div class=\"dfd-service-description dfd-service-back dfd-equalize-height\" style=\"\"><div class=\"description dfd-vertical-aligned\" style=\"\"><h3>Ing\u00e9nieur en instrumentation et mesure<\/h3>\n<h4>Ref.: 250301<\/h4>\n<p>Nous cherchons \u00e0 renforcer notre p\u00f4le Instrumentation et Mesure avec une personne qui sera en charge de d\u00e9finir et d&rsquo;ex\u00e9cuter des tests terrain sur des syst\u00e8mes complexes (mat\u00e9riel roulant ferroviaire). Il sera g\u00e9n\u00e9ralement test\u00e9 conform\u00e9ment aux r\u00e9glementations internationales.<img \/><\/p>\n<p><a style=\"float: left;\" href=\"https:\/\/www.cetestgroup.com\/fr\/offres-demploi\/ingenieur-test-virtuel-et-plateforme-sw\/\" rel=\"noopener\">Plus d&rsquo;information<\/a><\/p>\n<\/div><\/div><a href=\"https:\/\/www.cetestgroup.com\/fr\/offres-demploi\/ingenieur-en-instrumentation-et-mesure\/\" class=\"abs-link\" title=\"Ingenieur en instrumentation et mesure\" ><\/a><\/div><\/li><li class=\"dfd-service-item \"  style=\"border-style: solid; border-color: #cccccc; \"><div class=\"dfd-service-item  style-01  hover-04  \" ><div class=\"dfd-service-front dfd-equalize-height\" style=\"\"><div class=\"dfd-service-front-wrap dfd-vertical-aligned \"><div class=\"module-icon\"><i class=\"featured-icon dfd-icon-pin2\" style=\"color:#25bdd5; opacity:1;\" ><\/i><a href=\"https:\/\/www.cetestgroup.com\/fr\/offres-demploi\/ingenieur-dessais-virtuels\/\" class=\"abs-link\" title=\"Inenieur de essais virtuels\" ><\/a><\/div><div class=\"content-wrapper\"><div class=\"info-banner-title feature-title\" style=\"\">Ingenieur de essais virtuels<\/div><div class=\"info-banner-subtitle subtitle\" style=\"\">Ref. 250302<\/div><\/div><\/div><\/div><div class=\"dfd-service-description dfd-service-back dfd-equalize-height\" style=\"\"><div class=\"description dfd-vertical-aligned\" style=\"\"><h3>Ingenieur de essais virtuels<\/h3>\n<h4>Ref.: 250302<\/h4>\n<p>Nous recherchons une personne poss\u00e9dant un profil d&rsquo;ing\u00e9nieur sup\u00e9rieur pour rejoindre notre \u00e9quipe de tests virtuels et participer \u00e0 des projets de d\u00e9veloppement de tests virtuels \u00e0 haut contenu technologique.<br \/>\n<a style=\"float: left;\" href=\"https:\/\/www.cetestgroup.com\/fr\/offres-demploi\/ingenieur-dessais-virtuels\/\" rel=\"noopener\">Plus d&rsquo;information<\/a><\/p>\n<\/div><\/div><a href=\"https:\/\/www.cetestgroup.com\/fr\/offres-demploi\/ingenieur-dessais-virtuels\/\" class=\"abs-link\" title=\"Inenieur de essais virtuels\" ><\/a><\/div><\/li><\/ul><\/div>[\/vc_column][\/vc_row]<\/p>\n<\/div>","protected":false},"excerpt":{"rendered":"<p>[vc_row][vc_column][\/vc_column][\/vc_row][vc_row][vc_column width=\u00a0\u00bb1\/3&Prime; css=\u00a0\u00bb.vc_custom_1501741811224{margin-bottom: 30px !important;padding-top: 3% !important;padding-right: 3% !important;padding-bottom: 3% !important;padding-left: 3% !important;background-color: #eeeeee !important;}\u00a0\u00bb el_class=\u00a0\u00bbformEmpleo\u00a0\u00bb][\/vc_column][vc_column width=\u00a0\u00bb2\/3&Prime; offset=\u00a0\u00bbvc_col-lg-offset-1 vc_col-lg-7&Prime;][\/vc_column][\/vc_row]<\/p>\n","protected":false},"author":1,"featured_media":0,"parent":0,"menu_order":0,"comment_status":"closed","ping_status":"closed","template":"tmp-page-right-sidebar.php","meta":{"_acf_changed":false,"footnotes":""},"class_list":["post-18557","page","type-page","status-publish","hentry"],"acf":[],"yoast_head":"<!-- This site is optimized with the Yoast SEO plugin v27.3 - https:\/\/yoast.com\/product\/yoast-seo-wordpress\/ -->\n<title>Offres d\u2019emploi | CETEST<\/title>\n<meta name=\"description\" content=\"Rejoignez l\u2019\u00e9quipe CETEST!\" \/>\n<meta name=\"robots\" content=\"index, follow, max-snippet:-1, max-image-preview:large, max-video-preview:-1\" \/>\n<link rel=\"canonical\" href=\"https:\/\/www.cetestgroup.com\/fr\/offres-demploi\/\" \/>\n<meta property=\"og:locale\" content=\"fr_FR\" \/>\n<meta property=\"og:type\" content=\"article\" \/>\n<meta property=\"og:title\" content=\"Offres d\u2019emploi | CETEST\" \/>\n<meta property=\"og:description\" content=\"Rejoignez l\u2019\u00e9quipe CETEST!\" \/>\n<meta property=\"og:url\" content=\"https:\/\/www.cetestgroup.com\/fr\/offres-demploi\/\" \/>\n<meta property=\"og:site_name\" content=\"CETEST\" \/>\n<meta property=\"article:modified_time\" content=\"2025-03-05T07:35:00+00:00\" \/>\n<meta name=\"twitter:card\" content=\"summary_large_image\" \/>\n<meta name=\"twitter:label1\" content=\"Dur\u00e9e de lecture estim\u00e9e\" \/>\n\t<meta name=\"twitter:data1\" content=\"1 minute\" \/>\n<script type=\"application\/ld+json\" class=\"yoast-schema-graph\">{\"@context\":\"https:\\\/\\\/schema.org\",\"@graph\":[{\"@type\":\"WebPage\",\"@id\":\"https:\\\/\\\/www.cetestgroup.com\\\/fr\\\/offres-demploi\\\/\",\"url\":\"https:\\\/\\\/www.cetestgroup.com\\\/fr\\\/offres-demploi\\\/\",\"name\":\"Offres d\u2019emploi | CETEST\",\"isPartOf\":{\"@id\":\"https:\\\/\\\/www.cetestgroup.com\\\/es\\\/#website\"},\"datePublished\":\"2018-06-01T13:51:53+00:00\",\"dateModified\":\"2025-03-05T07:35:00+00:00\",\"description\":\"Rejoignez l\u2019\u00e9quipe CETEST!\",\"breadcrumb\":{\"@id\":\"https:\\\/\\\/www.cetestgroup.com\\\/fr\\\/offres-demploi\\\/#breadcrumb\"},\"inLanguage\":\"fr-FR\",\"potentialAction\":[{\"@type\":\"ReadAction\",\"target\":[\"https:\\\/\\\/www.cetestgroup.com\\\/fr\\\/offres-demploi\\\/\"]}]},{\"@type\":\"BreadcrumbList\",\"@id\":\"https:\\\/\\\/www.cetestgroup.com\\\/fr\\\/offres-demploi\\\/#breadcrumb\",\"itemListElement\":[{\"@type\":\"ListItem\",\"position\":1,\"name\":\"Home\",\"item\":\"https:\\\/\\\/www.cetestgroup.com\\\/fr\\\/\"},{\"@type\":\"ListItem\",\"position\":2,\"name\":\"Offres d\u2019emploi\"}]},{\"@type\":\"WebSite\",\"@id\":\"https:\\\/\\\/www.cetestgroup.com\\\/es\\\/#website\",\"url\":\"https:\\\/\\\/www.cetestgroup.com\\\/es\\\/\",\"name\":\"CETEST\",\"description\":\"CETEST is a fully accredited independent test laboratory offering services for design verification, model validation, developmental testing and\\\/or answers to help you identify failure root causes. We carry out tests in our facilities as well as on site as required by customer needs.\",\"potentialAction\":[{\"@type\":\"SearchAction\",\"target\":{\"@type\":\"EntryPoint\",\"urlTemplate\":\"https:\\\/\\\/www.cetestgroup.com\\\/es\\\/?s={search_term_string}\"},\"query-input\":{\"@type\":\"PropertyValueSpecification\",\"valueRequired\":true,\"valueName\":\"search_term_string\"}}],\"inLanguage\":\"fr-FR\"}]}<\/script>\n<!-- \/ Yoast SEO plugin. -->","yoast_head_json":{"title":"Offres d\u2019emploi | CETEST","description":"Rejoignez l\u2019\u00e9quipe CETEST!","robots":{"index":"index","follow":"follow","max-snippet":"max-snippet:-1","max-image-preview":"max-image-preview:large","max-video-preview":"max-video-preview:-1"},"canonical":"https:\/\/www.cetestgroup.com\/fr\/offres-demploi\/","og_locale":"fr_FR","og_type":"article","og_title":"Offres d\u2019emploi | CETEST","og_description":"Rejoignez l\u2019\u00e9quipe CETEST!","og_url":"https:\/\/www.cetestgroup.com\/fr\/offres-demploi\/","og_site_name":"CETEST","article_modified_time":"2025-03-05T07:35:00+00:00","twitter_card":"summary_large_image","twitter_misc":{"Dur\u00e9e de lecture estim\u00e9e":"1 minute"},"schema":{"@context":"https:\/\/schema.org","@graph":[{"@type":"WebPage","@id":"https:\/\/www.cetestgroup.com\/fr\/offres-demploi\/","url":"https:\/\/www.cetestgroup.com\/fr\/offres-demploi\/","name":"Offres d\u2019emploi | CETEST","isPartOf":{"@id":"https:\/\/www.cetestgroup.com\/es\/#website"},"datePublished":"2018-06-01T13:51:53+00:00","dateModified":"2025-03-05T07:35:00+00:00","description":"Rejoignez l\u2019\u00e9quipe CETEST!","breadcrumb":{"@id":"https:\/\/www.cetestgroup.com\/fr\/offres-demploi\/#breadcrumb"},"inLanguage":"fr-FR","potentialAction":[{"@type":"ReadAction","target":["https:\/\/www.cetestgroup.com\/fr\/offres-demploi\/"]}]},{"@type":"BreadcrumbList","@id":"https:\/\/www.cetestgroup.com\/fr\/offres-demploi\/#breadcrumb","itemListElement":[{"@type":"ListItem","position":1,"name":"Home","item":"https:\/\/www.cetestgroup.com\/fr\/"},{"@type":"ListItem","position":2,"name":"Offres d\u2019emploi"}]},{"@type":"WebSite","@id":"https:\/\/www.cetestgroup.com\/es\/#website","url":"https:\/\/www.cetestgroup.com\/es\/","name":"CETEST","description":"CETEST is a fully accredited independent test laboratory offering services for design verification, model validation, developmental testing and\/or answers to help you identify failure root causes. We carry out tests in our facilities as well as on site as required by customer needs.","potentialAction":[{"@type":"SearchAction","target":{"@type":"EntryPoint","urlTemplate":"https:\/\/www.cetestgroup.com\/es\/?s={search_term_string}"},"query-input":{"@type":"PropertyValueSpecification","valueRequired":true,"valueName":"search_term_string"}}],"inLanguage":"fr-FR"}]}},"_links":{"self":[{"href":"https:\/\/www.cetestgroup.com\/fr\/wp-json\/wp\/v2\/pages\/18557","targetHints":{"allow":["GET"]}}],"collection":[{"href":"https:\/\/www.cetestgroup.com\/fr\/wp-json\/wp\/v2\/pages"}],"about":[{"href":"https:\/\/www.cetestgroup.com\/fr\/wp-json\/wp\/v2\/types\/page"}],"author":[{"embeddable":true,"href":"https:\/\/www.cetestgroup.com\/fr\/wp-json\/wp\/v2\/users\/1"}],"replies":[{"embeddable":true,"href":"https:\/\/www.cetestgroup.com\/fr\/wp-json\/wp\/v2\/comments?post=18557"}],"version-history":[{"count":3,"href":"https:\/\/www.cetestgroup.com\/fr\/wp-json\/wp\/v2\/pages\/18557\/revisions"}],"predecessor-version":[{"id":20212,"href":"https:\/\/www.cetestgroup.com\/fr\/wp-json\/wp\/v2\/pages\/18557\/revisions\/20212"}],"wp:attachment":[{"href":"https:\/\/www.cetestgroup.com\/fr\/wp-json\/wp\/v2\/media?parent=18557"}],"curies":[{"name":"wp","href":"https:\/\/api.w.org\/{rel}","templated":true}]}}