{"id":18552,"date":"2018-06-01T14:21:27","date_gmt":"2018-06-01T13:21:27","guid":{"rendered":"https:\/\/www.cetestgroup.com\/?page_id=18552"},"modified":"2018-08-28T08:24:27","modified_gmt":"2018-08-28T07:24:27","slug":"localisation-et-contact","status":"publish","type":"page","link":"https:\/\/www.cetestgroup.com\/fr\/localisation-et-contact\/","title":{"rendered":"Localisation et Contact"},"content":{"rendered":"<div class=\"wpb-content-wrapper\"><p>[vc_row][vc_column width=\u00a0\u00bb1\/3&Prime;]<div class=\"dfd-heading-shortcode\"><div class=\"dfd-heading-module-wrap  text-left style_01 dfd-heading-69dc8bed30622 dfd-disable-resposive-headings\" id=\"dfd-heading-69dc8bed30622\" ><div class=\"inline-block\"><div class=\"dfd-heading-module\"><h6 class=\"widget-title dfd-title \" style=\"font-family:PT Sans Narrow; font-weight:400; font-style:normal; font-size: 20px; color: #25bdd5 !important; line-height: 25px; \">Merci de nous contacter pour obtenir tout renseignement suppl\u00e9mentaire ou toute autre question. Nos ing\u00e9nieurs vous contacteront tr\u00e8s bient\u00f4t.<\/h6><div class=\"dfd-heading-delimiter\"><\/div><\/div><\/div><\/div><script type=\"text\/javascript\">\r\n\t\t\t\t\t\t\t\t\t(function($) {\r\n\t\t\t\t\t\t\t\t\t\t$(\"head\").append(\"<style>.dfd-heading-69dc8bed30622.dfd-heading-module-wrap .dfd-heading-module .dfd-heading-delimiter {border-bottom-style:solid;border-bottom-width:1px;width:100px;border-bottom-color:#dddddd;}.dfd-heading-69dc8bed30622.dfd-heading-module-wrap .dfd-heading-module .dfd-heading-delimiter {margin-top:20px;margin-bottom:20px;}<\/style>\");\r\n\t\t\t\t\t\t\t\t\t})(jQuery);\r\n\t\t\t\t\t\t\t\t<\/script><\/div><div class=\"dfd-contact-block-container style-1    cr-animate-gen\" data-animate-type = \"transition.slideLeftIn\"  style=\"\"><div class=\"dfd-contact-block-module\" >\r\n\t\t\t\t\t\t\t<div class=\"fild-content\">\r\n\t\t\t\t\t\t\t\t<i class=\"dfd-icon-navigation\" style=\"width: 40px; height: 40px; \"><span class=\"delimiter\" style=\"left: 40px ;\"><\/span><\/i>\r\n\t\t\t\t\t\t\t\t<div class=\"fild-name\" style=\"height: 20px; \">Adresse:<\/div>\r\n\t\t\t\t\t\t\t\t<p class=\"Adresse\">Lazkaibar s\/n, Beasain. 20.200, Espagne.<\/p>\r\n\t\t\t\t\t\t\t<\/div>\r\n\t\t\t\t\t\t\t<div class=\"fild-content\">\r\n\t\t\t\t\t\t\t\t<i class=\"dfd-icon-tablet2\" style=\"width: 40px; height: 40px; \"><span class=\"delimiter\" style=\"left: 40px ;\"><\/span><\/i>\r\n\t\t\t\t\t\t\t\t<div class=\"fild-name\" style=\"height: 20px; \">T\u00e9l\u00e9phone:<\/div>\r\n\t\t\t\t\t\t\t\t<p class=\"T\u00e9l\u00e9phone\">+34 943 028 690 <\/p>\r\n\t\t\t\t\t\t\t<\/div><\/div><\/div><div class=\"ult-spacer spacer-69dc8bed30798\" data-id=\"69dc8bed30798\" data-height=\"30\" data-height-mobile=\"10\" data-height-tab=\"20\" data-height-tab-portrait=\"\" data-height-mobile-landscape=\"\" style=\"clear:both;display:block;\"><\/div>[\/vc_column][vc_column width=\u00a0\u00bb2\/3&Prime;]\n<div class=\"wpcf7 no-js\" id=\"wpcf7-f18878-o1\" lang=\"en-US\" dir=\"ltr\" data-wpcf7-id=\"18878\">\n<div class=\"screen-reader-response\"><p role=\"status\" aria-live=\"polite\" aria-atomic=\"true\"><\/p> <ul><\/ul><\/div>\n<form action=\"\/fr\/wp-json\/wp\/v2\/pages\/18552#wpcf7-f18878-o1\" method=\"post\" class=\"wpcf7-form init\" aria-label=\"Contact form\" novalidate=\"novalidate\" data-status=\"init\">\n<fieldset class=\"hidden-fields-container\"><input type=\"hidden\" name=\"_wpcf7\" value=\"18878\" \/><input type=\"hidden\" name=\"_wpcf7_version\" value=\"6.1.5\" \/><input type=\"hidden\" name=\"_wpcf7_locale\" value=\"en_US\" \/><input type=\"hidden\" name=\"_wpcf7_unit_tag\" value=\"wpcf7-f18878-o1\" \/><input type=\"hidden\" name=\"_wpcf7_container_post\" value=\"0\" \/><input type=\"hidden\" name=\"_wpcf7_posted_data_hash\" value=\"\" \/><input type=\"hidden\" name=\"_wpcf7_recaptcha_response\" value=\"\" \/>\n<\/fieldset>\n<div class=\"campoObligatorio\">Les champs marqu\u00e9s d'un * sont obligatoires.<\/div>\n<div style=\"float:left; width:100%;\"><span class=\"wpcf7-form-control-wrap\" data-name=\"your-name\"><input size=\"40\" maxlength=\"400\" class=\"wpcf7-form-control wpcf7-text wpcf7-validates-as-required\" aria-required=\"true\" aria-invalid=\"false\" placeholder=\"Nom*\" value=\"\" type=\"text\" name=\"your-name\" \/><\/span><\/div>\n<div style=\"float:left; width:100%;\"><span class=\"wpcf7-form-control-wrap\" data-name=\"your-email\"><input size=\"40\" maxlength=\"400\" class=\"wpcf7-form-control wpcf7-email wpcf7-validates-as-required wpcf7-text wpcf7-validates-as-email\" aria-required=\"true\" aria-invalid=\"false\" placeholder=\"Adresse email*\" value=\"\" type=\"email\" name=\"your-email\" \/><\/span><\/div>\n<div style=\"float:left; width:100%;\"><span class=\"wpcf7-form-control-wrap\" data-name=\"telephone\"><input size=\"40\" maxlength=\"400\" class=\"wpcf7-form-control wpcf7-tel wpcf7-text wpcf7-validates-as-tel\" aria-invalid=\"false\" placeholder=\"Num\u00e9ro de t\u00e9l\u00e9phone\" value=\"\" type=\"tel\" name=\"telephone\" \/><\/span><\/div>\n<div style=\"float:left; width:100%;\"><span class=\"wpcf7-form-control-wrap\" data-name=\"your-message\"><textarea cols=\"40\" rows=\"10\" maxlength=\"2000\" class=\"wpcf7-form-control wpcf7-textarea wpcf7-validates-as-required\" aria-required=\"true\" aria-invalid=\"false\" placeholder=\"Comment puis-je vous aider? *\" name=\"your-message\"><\/textarea><\/span><\/label>\n<div class=\"formPolitica2\"><span class=\"wpcf7-form-control-wrap\" data-name=\"acepto-politica\"><span class=\"wpcf7-form-control wpcf7-acceptance\"><span class=\"wpcf7-list-item\"><input type=\"checkbox\" name=\"acepto-politica\" value=\"1\" aria-invalid=\"false\" \/><\/span><\/span><\/span> <span style=\"padding-left:10px;\">J'accepte les conditions <a href=\"https:\/\/www.cetestgroup.com\/legal-disclaimer\/\" target=\"_blank\" style='text-decoration:underline'>Conditions G\u00e9n\u00e9rales<\/a><\/span><\/div>\n<div style=\"clear:both!important; padding-top:20px;\"><input class=\"wpcf7-form-control wpcf7-submit has-spinner\" type=\"submit\" value=\"Envoyer\" \/><\/div><input type='hidden' class='wpcf7-pum' value='{\"closepopup\":false,\"closedelay\":0,\"openpopup\":false,\"openpopup_id\":0}' \/><div class=\"wpcf7-response-output\" aria-hidden=\"true\"><\/div>\n<\/form>\n<\/div>\n<div class=\"ult-spacer spacer-69dc8bed32c0a\" data-id=\"69dc8bed32c0a\" data-height=\"30\" data-height-mobile=\"30\" data-height-tab=\"20\" data-height-tab-portrait=\"\" data-height-mobile-landscape=\"\" style=\"clear:both;display:block;\"><\/div>[\/vc_column][\/vc_row]<\/p>\n<\/div>","protected":false},"excerpt":{"rendered":"<p>[vc_row][vc_column width=\u00a0\u00bb1\/3&Prime;][\/vc_column][vc_column width=\u00a0\u00bb2\/3&Prime;][\/vc_column][\/vc_row]<\/p>\n","protected":false},"author":1,"featured_media":0,"parent":0,"menu_order":0,"comment_status":"closed","ping_status":"closed","template":"tmp-page-right-sidebar.php","meta":{"_acf_changed":false,"footnotes":""},"class_list":["post-18552","page","type-page","status-publish","hentry"],"acf":[],"yoast_head":"<!-- This site is optimized with the Yoast SEO plugin v27.3 - https:\/\/yoast.com\/product\/yoast-seo-wordpress\/ -->\n<title>Localisation et Contact | CETEST<\/title>\n<meta name=\"description\" content=\"Merci de nous contacter pour obtenir tout renseignement suppl\u00e9mentaire ou toute autre question. Nos ing\u00e9nieurs vous contacteront tr\u00e8s bient\u00f4t.\" \/>\n<meta name=\"robots\" content=\"index, follow, max-snippet:-1, max-image-preview:large, max-video-preview:-1\" \/>\n<link rel=\"canonical\" href=\"https:\/\/www.cetestgroup.com\/fr\/localisation-et-contact\/\" \/>\n<meta property=\"og:locale\" content=\"fr_FR\" \/>\n<meta property=\"og:type\" content=\"article\" \/>\n<meta property=\"og:title\" content=\"Localisation et Contact | CETEST\" \/>\n<meta property=\"og:description\" content=\"Merci de nous contacter pour obtenir tout renseignement suppl\u00e9mentaire ou toute autre question. Nos ing\u00e9nieurs vous contacteront tr\u00e8s bient\u00f4t.\" \/>\n<meta property=\"og:url\" content=\"https:\/\/www.cetestgroup.com\/fr\/localisation-et-contact\/\" \/>\n<meta property=\"og:site_name\" content=\"CETEST\" \/>\n<meta property=\"article:modified_time\" content=\"2018-08-28T07:24:27+00:00\" \/>\n<meta name=\"twitter:card\" content=\"summary_large_image\" \/>\n<meta name=\"twitter:label1\" content=\"Dur\u00e9e de lecture estim\u00e9e\" \/>\n\t<meta name=\"twitter:data1\" content=\"1 minute\" \/>\n<script type=\"application\/ld+json\" class=\"yoast-schema-graph\">{\"@context\":\"https:\\\/\\\/schema.org\",\"@graph\":[{\"@type\":\"WebPage\",\"@id\":\"https:\\\/\\\/www.cetestgroup.com\\\/fr\\\/localisation-et-contact\\\/\",\"url\":\"https:\\\/\\\/www.cetestgroup.com\\\/fr\\\/localisation-et-contact\\\/\",\"name\":\"Localisation et Contact | CETEST\",\"isPartOf\":{\"@id\":\"https:\\\/\\\/www.cetestgroup.com\\\/es\\\/#website\"},\"datePublished\":\"2018-06-01T13:21:27+00:00\",\"dateModified\":\"2018-08-28T07:24:27+00:00\",\"description\":\"Merci de nous contacter pour obtenir tout renseignement suppl\u00e9mentaire ou toute autre question. Nos ing\u00e9nieurs vous contacteront tr\u00e8s bient\u00f4t.\",\"breadcrumb\":{\"@id\":\"https:\\\/\\\/www.cetestgroup.com\\\/fr\\\/localisation-et-contact\\\/#breadcrumb\"},\"inLanguage\":\"fr-FR\",\"potentialAction\":[{\"@type\":\"ReadAction\",\"target\":[\"https:\\\/\\\/www.cetestgroup.com\\\/fr\\\/localisation-et-contact\\\/\"]}]},{\"@type\":\"BreadcrumbList\",\"@id\":\"https:\\\/\\\/www.cetestgroup.com\\\/fr\\\/localisation-et-contact\\\/#breadcrumb\",\"itemListElement\":[{\"@type\":\"ListItem\",\"position\":1,\"name\":\"Home\",\"item\":\"https:\\\/\\\/www.cetestgroup.com\\\/fr\\\/\"},{\"@type\":\"ListItem\",\"position\":2,\"name\":\"Localisation et Contact\"}]},{\"@type\":\"WebSite\",\"@id\":\"https:\\\/\\\/www.cetestgroup.com\\\/es\\\/#website\",\"url\":\"https:\\\/\\\/www.cetestgroup.com\\\/es\\\/\",\"name\":\"CETEST\",\"description\":\"CETEST is a fully accredited independent test laboratory offering services for design verification, model validation, developmental testing and\\\/or answers to help you identify failure root causes. We carry out tests in our facilities as well as on site as required by customer needs.\",\"potentialAction\":[{\"@type\":\"SearchAction\",\"target\":{\"@type\":\"EntryPoint\",\"urlTemplate\":\"https:\\\/\\\/www.cetestgroup.com\\\/es\\\/?s={search_term_string}\"},\"query-input\":{\"@type\":\"PropertyValueSpecification\",\"valueRequired\":true,\"valueName\":\"search_term_string\"}}],\"inLanguage\":\"fr-FR\"}]}<\/script>\n<!-- \/ Yoast SEO plugin. -->","yoast_head_json":{"title":"Localisation et Contact | CETEST","description":"Merci de nous contacter pour obtenir tout renseignement suppl\u00e9mentaire ou toute autre question. Nos ing\u00e9nieurs vous contacteront tr\u00e8s bient\u00f4t.","robots":{"index":"index","follow":"follow","max-snippet":"max-snippet:-1","max-image-preview":"max-image-preview:large","max-video-preview":"max-video-preview:-1"},"canonical":"https:\/\/www.cetestgroup.com\/fr\/localisation-et-contact\/","og_locale":"fr_FR","og_type":"article","og_title":"Localisation et Contact | CETEST","og_description":"Merci de nous contacter pour obtenir tout renseignement suppl\u00e9mentaire ou toute autre question. Nos ing\u00e9nieurs vous contacteront tr\u00e8s bient\u00f4t.","og_url":"https:\/\/www.cetestgroup.com\/fr\/localisation-et-contact\/","og_site_name":"CETEST","article_modified_time":"2018-08-28T07:24:27+00:00","twitter_card":"summary_large_image","twitter_misc":{"Dur\u00e9e de lecture estim\u00e9e":"1 minute"},"schema":{"@context":"https:\/\/schema.org","@graph":[{"@type":"WebPage","@id":"https:\/\/www.cetestgroup.com\/fr\/localisation-et-contact\/","url":"https:\/\/www.cetestgroup.com\/fr\/localisation-et-contact\/","name":"Localisation et Contact | CETEST","isPartOf":{"@id":"https:\/\/www.cetestgroup.com\/es\/#website"},"datePublished":"2018-06-01T13:21:27+00:00","dateModified":"2018-08-28T07:24:27+00:00","description":"Merci de nous contacter pour obtenir tout renseignement suppl\u00e9mentaire ou toute autre question. Nos ing\u00e9nieurs vous contacteront tr\u00e8s bient\u00f4t.","breadcrumb":{"@id":"https:\/\/www.cetestgroup.com\/fr\/localisation-et-contact\/#breadcrumb"},"inLanguage":"fr-FR","potentialAction":[{"@type":"ReadAction","target":["https:\/\/www.cetestgroup.com\/fr\/localisation-et-contact\/"]}]},{"@type":"BreadcrumbList","@id":"https:\/\/www.cetestgroup.com\/fr\/localisation-et-contact\/#breadcrumb","itemListElement":[{"@type":"ListItem","position":1,"name":"Home","item":"https:\/\/www.cetestgroup.com\/fr\/"},{"@type":"ListItem","position":2,"name":"Localisation et Contact"}]},{"@type":"WebSite","@id":"https:\/\/www.cetestgroup.com\/es\/#website","url":"https:\/\/www.cetestgroup.com\/es\/","name":"CETEST","description":"CETEST is a fully accredited independent test laboratory offering services for design verification, model validation, developmental testing and\/or answers to help you identify failure root causes. We carry out tests in our facilities as well as on site as required by customer needs.","potentialAction":[{"@type":"SearchAction","target":{"@type":"EntryPoint","urlTemplate":"https:\/\/www.cetestgroup.com\/es\/?s={search_term_string}"},"query-input":{"@type":"PropertyValueSpecification","valueRequired":true,"valueName":"search_term_string"}}],"inLanguage":"fr-FR"}]}},"_links":{"self":[{"href":"https:\/\/www.cetestgroup.com\/fr\/wp-json\/wp\/v2\/pages\/18552","targetHints":{"allow":["GET"]}}],"collection":[{"href":"https:\/\/www.cetestgroup.com\/fr\/wp-json\/wp\/v2\/pages"}],"about":[{"href":"https:\/\/www.cetestgroup.com\/fr\/wp-json\/wp\/v2\/types\/page"}],"author":[{"embeddable":true,"href":"https:\/\/www.cetestgroup.com\/fr\/wp-json\/wp\/v2\/users\/1"}],"replies":[{"embeddable":true,"href":"https:\/\/www.cetestgroup.com\/fr\/wp-json\/wp\/v2\/comments?post=18552"}],"version-history":[{"count":3,"href":"https:\/\/www.cetestgroup.com\/fr\/wp-json\/wp\/v2\/pages\/18552\/revisions"}],"predecessor-version":[{"id":18938,"href":"https:\/\/www.cetestgroup.com\/fr\/wp-json\/wp\/v2\/pages\/18552\/revisions\/18938"}],"wp:attachment":[{"href":"https:\/\/www.cetestgroup.com\/fr\/wp-json\/wp\/v2\/media?parent=18552"}],"curies":[{"name":"wp","href":"https:\/\/api.w.org\/{rel}","templated":true}]}}