{"id":18530,"date":"2018-06-01T11:07:34","date_gmt":"2018-06-01T10:07:34","guid":{"rendered":"https:\/\/www.cetestgroup.com\/?page_id=18530"},"modified":"2018-06-04T14:34:00","modified_gmt":"2018-06-04T13:34:00","slug":"installations-instrumentation-et-inspection","status":"publish","type":"page","link":"https:\/\/www.cetestgroup.com\/fr\/essais-aeronautiques-et-autres\/installations-instrumentation-et-inspection\/","title":{"rendered":"Installations, instrumentation et inspection"},"content":{"rendered":"<div class=\"wpb-content-wrapper\"><p>[vc_row][vc_column]<div class=\"ult-spacer spacer-69dca2d60d680\" data-id=\"69dca2d60d680\" data-height=\"30\" data-height-mobile=\"20\" data-height-tab=\"20\" data-height-tab-portrait=\"\" data-height-mobile-landscape=\"\" style=\"clear:both;display:block;\"><\/div><div id=\"dfd-carousel-69dca2d60d727\" class=\"dfd-carousel-wrapper\"><div class=\"dfd-carousel-module-wrapper  dfd-carousel-horizontal dfd-arrows_aside2 dfdfillsquare dfd-arrows-style_4 dfd-arrows-enabled dfd-dots-enabled\" ><div class=\"dfd-carousel\">[vc_single_image image=\u00a0\u00bb16185&Prime; img_size=\u00a0\u00bbfull\u00a0\u00bb alignment=\u00a0\u00bbcenter\u00a0\u00bb][vc_single_image image=\u00a0\u00bb16183&Prime; img_size=\u00a0\u00bbfull\u00a0\u00bb alignment=\u00a0\u00bbcenter\u00a0\u00bb]<\/div><a href=\"#\" class=\"dfd-slider-control prev\" title=\"Previous slide\"><i class=\"dfd-added-font-icon-left-open2\"><\/i><\/a><a href=\"#\" class=\"dfd-slider-control next\" title=\"Next slide\"><i class=\"dfd-added-font-icon-right-open2\"><\/i><\/a><\/div>\t\t\t\t<script type=\"text\/javascript\">\r\n\t\t\t\t\t(function($) {\r\n\t\t\t\t\t\t\"use strict\";\r\n\t\t\t\t\t\tvar $carousel = $('#dfd-carousel-69dca2d60d727').find('.dfd-carousel');\r\n\t\t\t\t\t\t$(document).ready(function() {\r\n\t\t\t\t\t\t\tvar $initialized = ($('body').hasClass('page-template-tmp-side-by-side')) ? $carousel.not('.slick-initialized') : $carousel;\r\n\t\t\t\t\t\t\t\t\t\t\t\t\t\t$carousel.siblings('.dfd-slider-control.prev').click(function(e) {\r\n\t\t\t\t\t\t\t\te.preventDefault();\r\n\t\t\t\t\t\t\t\t$carousel.eq(0).slick('slickPrev');\r\n\t\t\t\t\t\t\t});\r\n\t\t\t\t\t\t\t$carousel.siblings('.dfd-slider-control.next').click(function(e) {\r\n\t\t\t\t\t\t\t\te.preventDefault();\r\n\t\t\t\t\t\t\t\t$carousel.eq(0).slick('slickNext');\r\n\t\t\t\t\t\t\t});\r\n\t\t\t\t\t\t\t$initialized.slick({arrows: false,dotsClass: 'dfd-slick-dots',slidesToScroll: 1,autoplay: true,autoplaySpeed: 5000,dots: true,customPaging: function(slider, i) {\r\n\t\t\t\t\t\t\t\t\treturn '<span data-role=\"none\" role=\"button\" aria-required=\"false\" tabindex=\"0\"><\/span>';\r\n\t\t\t\t\t\t\t\t},infinite: true,slidesToShow: 1,speed: 300,swipe: true,draggable: true,adaptiveHeight: true,responsive: [\r\n\t\t\t\t\t\t\t{\r\n\t\t\t\t\t\t\t\tbreakpoint: 1024,\r\n\t\t\t\t\t\t\t\tsettings: {\r\n\t\t\t\t\t\t\t\t\tslidesToShow: 1,\r\n\t\t\t\t\t\t\t\t\tslidesToScroll: 1,\r\n\t\t\t\t\t\t\t\t}\r\n\t\t\t\t\t\t\t},\r\n\t\t\t\t\t\t\t{\r\n\t\t\t\t\t\t\t\tbreakpoint: 800,\r\n\t\t\t\t\t\t\t\tsettings: {\r\n\t\t\t\t\t\t\t\t\tslidesToShow: 1,\r\n\t\t\t\t\t\t\t\t\tslidesToScroll: 1,\r\n\t\t\t\t\t\t\t\t}\r\n\t\t\t\t\t\t\t},\r\n\t\t\t\t\t\t\t{\r\n\t\t\t\t\t\t\t\tbreakpoint: 480,\r\n\t\t\t\t\t\t\t\tsettings: {\r\n\t\t\t\t\t\t\t\t\tslidesToShow: 1,\r\n\t\t\t\t\t\t\t\t\tslidesToScroll: 1,\r\n\t\t\t\t\t\t\t\t}\r\n\t\t\t\t\t\t\t},]});\r\n\t\t\t\t\t\t\t$(\"head\").append(\"<style>#dfd-carousel-69dca2d60d727 > .dfd-carousel-module-wrapper > .dfd-carousel > .slick-list > .slick-track > .dfd-item-wrap > .cover {padding: 10px;}#dfd-carousel-69dca2d60d727 {margin: -10px;}<\/style>\")\t\t\t\t\t\t});\r\n\t\t\t\t\t})(jQuery);\r\n\t\t\t\t<\/script>\r\n            <\/div><div class=\"ult-spacer spacer-69dca2d60d7be\" data-id=\"69dca2d60d7be\" data-height=\"30\" data-height-mobile=\"20\" data-height-tab=\"20\" data-height-tab-portrait=\"\" data-height-mobile-landscape=\"\" style=\"clear:both;display:block;\"><\/div>[\/vc_column][\/vc_row][vc_row][vc_column width=\u00a0\u00bb1\/2&Prime;][vc_column_text]<\/p>\n<p>Cetest offre un espace unique et d\u2019importantes capacit\u00e9s pour l\u2019installation de montages d\u2019essai modulaire pour installer toute configuration d\u2019essai exig\u00e9e par nos clients.<\/p>\n<ul>\n<li>B\u00e2timent principal : 120 x 30 m2 d\u2019espace ouvert sous toit.<\/li>\n<li>Grues : 2 grues de 50 tonnes.<\/li>\n<li>3 bases d\u2019essai universelles isol\u00e9es de 16&#215;8 m2, 8&#215;8 m2 et 6&#215;8 m2.<\/li>\n<li>1600 l\/min de puissance hydraulique pour essais dynamiques.<\/li>\n<li>Large vari\u00e9t\u00e9 d\u2019actionneurs hydrauliques (15 kN \u00e0 2000 kN), et capacit\u00e9 d\u2019investissement flexible pour de nouveaux projets.<\/li>\n<li>16 postes de syst\u00e8mes de contr\u00f4le.<\/li>\n<\/ul>\n<p>[\/vc_column_text]<div class=\"ult-spacer spacer-69dca2d60d7ec\" data-id=\"69dca2d60d7ec\" data-height=\"30\" data-height-mobile=\"20\" data-height-tab=\"30\" data-height-tab-portrait=\"\" data-height-mobile-landscape=\"\" style=\"clear:both;display:block;\"><\/div>[\/vc_column][vc_column width=\u00a0\u00bb1\/2&Prime;]<div id=\"dfd-carousel-69dca2d60d84b\" class=\"dfd-carousel-wrapper\"><div class=\"dfd-carousel-module-wrapper  dfd-carousel-horizontal dfd-arrows_aside2 dfdfillsquare dfd-arrows-style_4 dfd-arrows-enabled dfd-dots-enabled\" ><div class=\"dfd-carousel\">[vc_single_image image=\u00a0\u00bb16184&Prime; img_size=\u00a0\u00bbfull\u00a0\u00bb alignment=\u00a0\u00bbcenter\u00a0\u00bb][vc_single_image image=\u00a0\u00bb16182&Prime; img_size=\u00a0\u00bbfull\u00a0\u00bb alignment=\u00a0\u00bbcenter\u00a0\u00bb]<\/div><a href=\"#\" class=\"dfd-slider-control prev\" title=\"Previous slide\"><i class=\"dfd-added-font-icon-left-open2\"><\/i><\/a><a href=\"#\" class=\"dfd-slider-control next\" title=\"Next slide\"><i class=\"dfd-added-font-icon-right-open2\"><\/i><\/a><\/div>\t\t\t\t<script type=\"text\/javascript\">\r\n\t\t\t\t\t(function($) {\r\n\t\t\t\t\t\t\"use strict\";\r\n\t\t\t\t\t\tvar $carousel = $('#dfd-carousel-69dca2d60d84b').find('.dfd-carousel');\r\n\t\t\t\t\t\t$(document).ready(function() {\r\n\t\t\t\t\t\t\tvar $initialized = ($('body').hasClass('page-template-tmp-side-by-side')) ? $carousel.not('.slick-initialized') : $carousel;\r\n\t\t\t\t\t\t\t\t\t\t\t\t\t\t$carousel.siblings('.dfd-slider-control.prev').click(function(e) {\r\n\t\t\t\t\t\t\t\te.preventDefault();\r\n\t\t\t\t\t\t\t\t$carousel.eq(0).slick('slickPrev');\r\n\t\t\t\t\t\t\t});\r\n\t\t\t\t\t\t\t$carousel.siblings('.dfd-slider-control.next').click(function(e) {\r\n\t\t\t\t\t\t\t\te.preventDefault();\r\n\t\t\t\t\t\t\t\t$carousel.eq(0).slick('slickNext');\r\n\t\t\t\t\t\t\t});\r\n\t\t\t\t\t\t\t$initialized.slick({arrows: false,dotsClass: 'dfd-slick-dots',slidesToScroll: 1,autoplay: true,autoplaySpeed: 5000,dots: true,customPaging: function(slider, i) {\r\n\t\t\t\t\t\t\t\t\treturn '<span data-role=\"none\" role=\"button\" aria-required=\"false\" tabindex=\"0\"><\/span>';\r\n\t\t\t\t\t\t\t\t},infinite: true,slidesToShow: 1,speed: 300,swipe: true,draggable: true,adaptiveHeight: true,responsive: [\r\n\t\t\t\t\t\t\t{\r\n\t\t\t\t\t\t\t\tbreakpoint: 1024,\r\n\t\t\t\t\t\t\t\tsettings: {\r\n\t\t\t\t\t\t\t\t\tslidesToShow: 1,\r\n\t\t\t\t\t\t\t\t\tslidesToScroll: 1,\r\n\t\t\t\t\t\t\t\t}\r\n\t\t\t\t\t\t\t},\r\n\t\t\t\t\t\t\t{\r\n\t\t\t\t\t\t\t\tbreakpoint: 800,\r\n\t\t\t\t\t\t\t\tsettings: {\r\n\t\t\t\t\t\t\t\t\tslidesToShow: 1,\r\n\t\t\t\t\t\t\t\t\tslidesToScroll: 1,\r\n\t\t\t\t\t\t\t\t}\r\n\t\t\t\t\t\t\t},\r\n\t\t\t\t\t\t\t{\r\n\t\t\t\t\t\t\t\tbreakpoint: 480,\r\n\t\t\t\t\t\t\t\tsettings: {\r\n\t\t\t\t\t\t\t\t\tslidesToShow: 1,\r\n\t\t\t\t\t\t\t\t\tslidesToScroll: 1,\r\n\t\t\t\t\t\t\t\t}\r\n\t\t\t\t\t\t\t},]});\r\n\t\t\t\t\t\t\t$(\"head\").append(\"<style>#dfd-carousel-69dca2d60d84b > .dfd-carousel-module-wrapper > .dfd-carousel > .slick-list > .slick-track > .dfd-item-wrap > .cover {padding: 10px;}#dfd-carousel-69dca2d60d84b {margin: -10px;}<\/style>\")\t\t\t\t\t\t});\r\n\t\t\t\t\t})(jQuery);\r\n\t\t\t\t<\/script>\r\n            <\/div>[\/vc_column][\/vc_row][vc_row][vc_column]<div class=\"ult-spacer spacer-69dca2d60d8bc\" data-id=\"69dca2d60d8bc\" data-height=\"30\" data-height-mobile=\"20\" data-height-tab=\"30\" data-height-tab-portrait=\"\" data-height-mobile-landscape=\"\" style=\"clear:both;display:block;\"><\/div>[vc_column_text][\/vc_column_text]<div class=\"ult-spacer spacer-69dca2d60d8e4\" data-id=\"69dca2d60d8e4\" data-height=\"30\" data-height-mobile=\"20\" data-height-tab=\"30\" data-height-tab-portrait=\"\" data-height-mobile-landscape=\"\" style=\"clear:both;display:block;\"><\/div>[\/vc_column][\/vc_row][vc_row css=\u00a0\u00bb.vc_custom_1504006915213{padding-top: 5% !important;padding-right: 5% !important;padding-bottom: 5% !important;padding-left: 5% !important;background-color: #f4f4f4 !important;background-position: center !important;background-repeat: no-repeat !important;background-size: cover !important;}\u00a0\u00bb][vc_column]<div class=\"dfd-heading-shortcode\"><div class=\"dfd-heading-module-wrap  text-left style_10 dfd-heading-69dca2d60d971 dfd-disable-resposive-headings\" id=\"dfd-heading-69dca2d60d971\" ><div class=\"inline-block\"><div class=\"dfd-heading-module\"><div class=\"title-wrap\"><h6 class=\"widget-title dfd-title \" style=\"font-family:PT Sans; font-weight:400; font-style:normal; font-size: 20px; color: #25bdd5 !important; \"><\/p>\n<p>Instrumentation et inspection<\/p>\n<p><\/h6><div class=\"dfd-heading-delimiter\"><\/div><\/div><\/div><\/div><\/div><script type=\"text\/javascript\">\r\n\t\t\t\t\t\t\t\t\t(function($) {\r\n\t\t\t\t\t\t\t\t\t\t$(\"head\").append(\"<style>.dfd-heading-69dca2d60d971.dfd-heading-module-wrap .dfd-heading-module .dfd-heading-delimiter {border-bottom-style:solid;border-bottom-width:1px;width:100px;border-bottom-color:#dddddd;}.dfd-heading-69dca2d60d971.dfd-heading-module-wrap .dfd-heading-module .dfd-heading-delimiter {margin-top:10px;margin-bottom:10px;}<\/style>\");\r\n\t\t\t\t\t\t\t\t\t})(jQuery);\r\n\t\t\t\t\t\t\t\t<\/script><\/div><div class=\"ult-spacer spacer-69dca2d60da6e\" data-id=\"69dca2d60da6e\" data-height=\"10\" data-height-mobile=\"10\" data-height-tab=\"10\" data-height-tab-portrait=\"\" data-height-mobile-landscape=\"\" style=\"clear:both;display:block;\"><\/div>[vc_column_text]<\/p>\n<p>Jusqu\u2019\u00e0 2000 canaux d\u2019acquisition simultan\u00e9s (expansibles selon les besoins du client) avec plusieurs syst\u00e8mes d\u2019acquisition de donn\u00e9es. Les capteurs incluent une grande vari\u00e9t\u00e9 de:<\/p>\n<p>[\/vc_column_text]<div class=\"ult-spacer spacer-69dca2d60da9c\" data-id=\"69dca2d60da9c\" data-height=\"30\" data-height-mobile=\"20\" data-height-tab=\"30\" data-height-tab-portrait=\"\" data-height-mobile-landscape=\"\" style=\"clear:both;display:block;\"><\/div>[vc_row_inner][vc_column_inner width=\u00a0\u00bb1\/3&Prime;][vc_column_text]<\/p>\n<ul>\n<li>Jauges de d\u00e9formation<\/li>\n<li>Capteurs de force<\/li>\n<li>Acc\u00e9l\u00e9rom\u00e8tres<\/li>\n<li>Displacement sensors<\/li>\n<li>Capteurs de d\u00e9placement<\/li>\n<li>Inclinom\u00e8tres<\/li>\n<li>Capteurs de pression<\/li>\n<\/ul>\n<p>[\/vc_column_text][\/vc_column_inner][vc_column_inner width=\u00a0\u00bb1\/3&Prime;][vc_column_text]<\/p>\n<ul>\n<li>Capteurs de temp\u00e9rature<\/li>\n<li>\u00c9quipement thermographique<\/li>\n<li>Microphones et r\u00e9seaux<\/li>\n<li>Antennes<\/li>\n<li>Tubes de Pitot<\/li>\n<li>An\u00e9mom\u00e8tres \u00e0 ultrasons<\/li>\n<\/ul>\n<p>[\/vc_column_text][\/vc_column_inner][vc_column_inner width=\u00a0\u00bb1\/3&Prime;][vc_column_text]<\/p>\n<ul>\n<li>Sondes de courant<\/li>\n<li>Sondes de RF<\/li>\n<li>Capteurs de couple<\/li>\n<li>etc.<\/li>\n<\/ul>\n<p>[\/vc_column_text][\/vc_column_inner][\/vc_row_inner]<div class=\"ult-spacer spacer-69dca2d60dac1\" data-id=\"69dca2d60dac1\" data-height=\"30\" data-height-mobile=\"20\" data-height-tab=\"30\" data-height-tab-portrait=\"\" data-height-mobile-landscape=\"\" style=\"clear:both;display:block;\"><\/div>[vc_column_text]<\/p>\n<p>Capacit\u00e9 et expertise pour la conception de capteurs personnalis\u00e9s en interne, selon les besoins sp\u00e9cifiques du client. Syst\u00e8mes avanc\u00e9s de t\u00e9l\u00e9m\u00e9trie pour demandes et applications sans fil. Inspection par END (visuels, magn\u00e9tiques, par ultrasons) pour analyse de croissance et de propagation de fissures.<\/p>\n<p>[\/vc_column_text]<div class=\"ult-spacer spacer-69dca2d60dae1\" data-id=\"69dca2d60dae1\" data-height=\"10\" data-height-mobile=\"10\" data-height-tab=\"10\" data-height-tab-portrait=\"\" data-height-mobile-landscape=\"\" style=\"clear:both;display:block;\"><\/div>[vc_column_text el_class=\u00a0\u00bbtextCita\u00a0\u00bb]<\/p>\n<p>*Investissement en instrumentation suppl\u00e9mentaire assur\u00e9 en fonction des besoins du projet.<\/p>\n<p>[\/vc_column_text][\/vc_column][\/vc_row][vc_row][vc_column]<div class=\"ult-spacer spacer-69dca2d60daff\" data-id=\"69dca2d60daff\" data-height=\"60\" data-height-mobile=\"20\" data-height-tab=\"30\" data-height-tab-portrait=\"\" data-height-mobile-landscape=\"\" style=\"clear:both;display:block;\"><\/div>[\/vc_column][\/vc_row]<\/p>\n<\/div>","protected":false},"excerpt":{"rendered":"<p>[vc_row][vc_column][\/vc_column][\/vc_row][vc_row][vc_column width=\u00a0\u00bb1\/2&Prime;][vc_column_text] Cetest offre un espace unique et d\u2019importantes capacit\u00e9s pour l\u2019installation de montages d\u2019essai modulaire pour installer toute configuration d\u2019essai exig\u00e9e par nos clients. B\u00e2timent principal : 120 x<\/p>\n","protected":false},"author":1,"featured_media":0,"parent":18419,"menu_order":0,"comment_status":"closed","ping_status":"closed","template":"tmp-page-right-sidebar.php","meta":{"_acf_changed":false,"footnotes":""},"class_list":["post-18530","page","type-page","status-publish","hentry"],"acf":[],"yoast_head":"<!-- This site is optimized with the Yoast SEO plugin v27.3 - https:\/\/yoast.com\/product\/yoast-seo-wordpress\/ -->\n<title>Installations, instrumentation et inspection | CETEST<\/title>\n<meta name=\"robots\" content=\"index, follow, max-snippet:-1, max-image-preview:large, max-video-preview:-1\" \/>\n<link rel=\"canonical\" href=\"https:\/\/www.cetestgroup.com\/fr\/essais-aeronautiques-et-autres\/installations-instrumentation-et-inspection\/\" \/>\n<meta property=\"og:locale\" content=\"fr_FR\" \/>\n<meta property=\"og:type\" content=\"article\" \/>\n<meta property=\"og:title\" content=\"Installations, instrumentation et inspection | CETEST\" \/>\n<meta property=\"og:description\" content=\"[vc_row][vc_column][\/vc_column][\/vc_row][vc_row][vc_column width=\u00a0\u00bb1\/2&Prime;][vc_column_text] Cetest offre un espace unique et d\u2019importantes capacit\u00e9s pour l\u2019installation de montages d\u2019essai modulaire pour installer toute configuration d\u2019essai exig\u00e9e par nos clients. B\u00e2timent principal : 120 x\" \/>\n<meta property=\"og:url\" content=\"https:\/\/www.cetestgroup.com\/fr\/essais-aeronautiques-et-autres\/installations-instrumentation-et-inspection\/\" \/>\n<meta property=\"og:site_name\" content=\"CETEST\" \/>\n<meta property=\"article:modified_time\" content=\"2018-06-04T13:34:00+00:00\" \/>\n<meta name=\"twitter:card\" content=\"summary_large_image\" \/>\n<meta name=\"twitter:label1\" content=\"Dur\u00e9e de lecture estim\u00e9e\" \/>\n\t<meta name=\"twitter:data1\" content=\"3 minutes\" \/>\n<script type=\"application\/ld+json\" class=\"yoast-schema-graph\">{\"@context\":\"https:\\\/\\\/schema.org\",\"@graph\":[{\"@type\":\"WebPage\",\"@id\":\"https:\\\/\\\/www.cetestgroup.com\\\/fr\\\/essais-aeronautiques-et-autres\\\/installations-instrumentation-et-inspection\\\/\",\"url\":\"https:\\\/\\\/www.cetestgroup.com\\\/fr\\\/essais-aeronautiques-et-autres\\\/installations-instrumentation-et-inspection\\\/\",\"name\":\"Installations, instrumentation et inspection | CETEST\",\"isPartOf\":{\"@id\":\"https:\\\/\\\/www.cetestgroup.com\\\/es\\\/#website\"},\"datePublished\":\"2018-06-01T10:07:34+00:00\",\"dateModified\":\"2018-06-04T13:34:00+00:00\",\"breadcrumb\":{\"@id\":\"https:\\\/\\\/www.cetestgroup.com\\\/fr\\\/essais-aeronautiques-et-autres\\\/installations-instrumentation-et-inspection\\\/#breadcrumb\"},\"inLanguage\":\"fr-FR\",\"potentialAction\":[{\"@type\":\"ReadAction\",\"target\":[\"https:\\\/\\\/www.cetestgroup.com\\\/fr\\\/essais-aeronautiques-et-autres\\\/installations-instrumentation-et-inspection\\\/\"]}]},{\"@type\":\"BreadcrumbList\",\"@id\":\"https:\\\/\\\/www.cetestgroup.com\\\/fr\\\/essais-aeronautiques-et-autres\\\/installations-instrumentation-et-inspection\\\/#breadcrumb\",\"itemListElement\":[{\"@type\":\"ListItem\",\"position\":1,\"name\":\"Home\",\"item\":\"https:\\\/\\\/www.cetestgroup.com\\\/fr\\\/\"},{\"@type\":\"ListItem\",\"position\":2,\"name\":\"Essais A\u00e9ronautiques et Autres\",\"item\":\"https:\\\/\\\/www.cetestgroup.com\\\/fr\\\/essais-aeronautiques-et-autres\\\/\"},{\"@type\":\"ListItem\",\"position\":3,\"name\":\"Installations, instrumentation et inspection\"}]},{\"@type\":\"WebSite\",\"@id\":\"https:\\\/\\\/www.cetestgroup.com\\\/es\\\/#website\",\"url\":\"https:\\\/\\\/www.cetestgroup.com\\\/es\\\/\",\"name\":\"CETEST\",\"description\":\"CETEST is a fully accredited independent test laboratory offering services for design verification, model validation, developmental testing and\\\/or answers to help you identify failure root causes. We carry out tests in our facilities as well as on site as required by customer needs.\",\"potentialAction\":[{\"@type\":\"SearchAction\",\"target\":{\"@type\":\"EntryPoint\",\"urlTemplate\":\"https:\\\/\\\/www.cetestgroup.com\\\/es\\\/?s={search_term_string}\"},\"query-input\":{\"@type\":\"PropertyValueSpecification\",\"valueRequired\":true,\"valueName\":\"search_term_string\"}}],\"inLanguage\":\"fr-FR\"}]}<\/script>\n<!-- \/ Yoast SEO plugin. -->","yoast_head_json":{"title":"Installations, instrumentation et inspection | CETEST","robots":{"index":"index","follow":"follow","max-snippet":"max-snippet:-1","max-image-preview":"max-image-preview:large","max-video-preview":"max-video-preview:-1"},"canonical":"https:\/\/www.cetestgroup.com\/fr\/essais-aeronautiques-et-autres\/installations-instrumentation-et-inspection\/","og_locale":"fr_FR","og_type":"article","og_title":"Installations, instrumentation et inspection | CETEST","og_description":"[vc_row][vc_column][\/vc_column][\/vc_row][vc_row][vc_column width=\u00a0\u00bb1\/2&Prime;][vc_column_text] Cetest offre un espace unique et d\u2019importantes capacit\u00e9s pour l\u2019installation de montages d\u2019essai modulaire pour installer toute configuration d\u2019essai exig\u00e9e par nos clients. B\u00e2timent principal : 120 x","og_url":"https:\/\/www.cetestgroup.com\/fr\/essais-aeronautiques-et-autres\/installations-instrumentation-et-inspection\/","og_site_name":"CETEST","article_modified_time":"2018-06-04T13:34:00+00:00","twitter_card":"summary_large_image","twitter_misc":{"Dur\u00e9e de lecture estim\u00e9e":"3 minutes"},"schema":{"@context":"https:\/\/schema.org","@graph":[{"@type":"WebPage","@id":"https:\/\/www.cetestgroup.com\/fr\/essais-aeronautiques-et-autres\/installations-instrumentation-et-inspection\/","url":"https:\/\/www.cetestgroup.com\/fr\/essais-aeronautiques-et-autres\/installations-instrumentation-et-inspection\/","name":"Installations, instrumentation et inspection | CETEST","isPartOf":{"@id":"https:\/\/www.cetestgroup.com\/es\/#website"},"datePublished":"2018-06-01T10:07:34+00:00","dateModified":"2018-06-04T13:34:00+00:00","breadcrumb":{"@id":"https:\/\/www.cetestgroup.com\/fr\/essais-aeronautiques-et-autres\/installations-instrumentation-et-inspection\/#breadcrumb"},"inLanguage":"fr-FR","potentialAction":[{"@type":"ReadAction","target":["https:\/\/www.cetestgroup.com\/fr\/essais-aeronautiques-et-autres\/installations-instrumentation-et-inspection\/"]}]},{"@type":"BreadcrumbList","@id":"https:\/\/www.cetestgroup.com\/fr\/essais-aeronautiques-et-autres\/installations-instrumentation-et-inspection\/#breadcrumb","itemListElement":[{"@type":"ListItem","position":1,"name":"Home","item":"https:\/\/www.cetestgroup.com\/fr\/"},{"@type":"ListItem","position":2,"name":"Essais A\u00e9ronautiques et Autres","item":"https:\/\/www.cetestgroup.com\/fr\/essais-aeronautiques-et-autres\/"},{"@type":"ListItem","position":3,"name":"Installations, instrumentation et inspection"}]},{"@type":"WebSite","@id":"https:\/\/www.cetestgroup.com\/es\/#website","url":"https:\/\/www.cetestgroup.com\/es\/","name":"CETEST","description":"CETEST is a fully accredited independent test laboratory offering services for design verification, model validation, developmental testing and\/or answers to help you identify failure root causes. We carry out tests in our facilities as well as on site as required by customer needs.","potentialAction":[{"@type":"SearchAction","target":{"@type":"EntryPoint","urlTemplate":"https:\/\/www.cetestgroup.com\/es\/?s={search_term_string}"},"query-input":{"@type":"PropertyValueSpecification","valueRequired":true,"valueName":"search_term_string"}}],"inLanguage":"fr-FR"}]}},"_links":{"self":[{"href":"https:\/\/www.cetestgroup.com\/fr\/wp-json\/wp\/v2\/pages\/18530","targetHints":{"allow":["GET"]}}],"collection":[{"href":"https:\/\/www.cetestgroup.com\/fr\/wp-json\/wp\/v2\/pages"}],"about":[{"href":"https:\/\/www.cetestgroup.com\/fr\/wp-json\/wp\/v2\/types\/page"}],"author":[{"embeddable":true,"href":"https:\/\/www.cetestgroup.com\/fr\/wp-json\/wp\/v2\/users\/1"}],"replies":[{"embeddable":true,"href":"https:\/\/www.cetestgroup.com\/fr\/wp-json\/wp\/v2\/comments?post=18530"}],"version-history":[{"count":2,"href":"https:\/\/www.cetestgroup.com\/fr\/wp-json\/wp\/v2\/pages\/18530\/revisions"}],"predecessor-version":[{"id":18532,"href":"https:\/\/www.cetestgroup.com\/fr\/wp-json\/wp\/v2\/pages\/18530\/revisions\/18532"}],"up":[{"embeddable":true,"href":"https:\/\/www.cetestgroup.com\/fr\/wp-json\/wp\/v2\/pages\/18419"}],"wp:attachment":[{"href":"https:\/\/www.cetestgroup.com\/fr\/wp-json\/wp\/v2\/media?parent=18530"}],"curies":[{"name":"wp","href":"https:\/\/api.w.org\/{rel}","templated":true}]}}