{"id":18474,"date":"2018-05-31T14:44:09","date_gmt":"2018-05-31T13:44:09","guid":{"rendered":"https:\/\/www.cetestgroup.com\/?page_id=18474"},"modified":"2018-05-31T15:37:24","modified_gmt":"2018-05-31T14:37:24","slug":"systemes-de-mesure-et-bancs-dessai-speciaux","status":"publish","type":"page","link":"https:\/\/www.cetestgroup.com\/fr\/notre-expertise\/systemes-de-mesure-et-bancs-dessai-speciaux\/","title":{"rendered":"Syst\u00e8mes de mesure et bancs d\u2019essai sp\u00e9ciaux"},"content":{"rendered":"<div class=\"wpb-content-wrapper\"><p>[vc_row][vc_column]<div class=\"ult-spacer spacer-69dca15ee5588\" data-id=\"69dca15ee5588\" data-height=\"30\" data-height-mobile=\"20\" data-height-tab=\"20\" data-height-tab-portrait=\"\" data-height-mobile-landscape=\"\" style=\"clear:both;display:block;\"><\/div>[vc_single_image image=\u00a0\u00bb16244&Prime; img_size=\u00a0\u00bbfull\u00a0\u00bb alignment=\u00a0\u00bbcenter\u00a0\u00bb]<div class=\"ult-spacer spacer-69dca15ee55f1\" data-id=\"69dca15ee55f1\" data-height=\"30\" data-height-mobile=\"20\" data-height-tab=\"20\" data-height-tab-portrait=\"\" data-height-mobile-landscape=\"\" style=\"clear:both;display:block;\"><\/div>[\/vc_column][\/vc_row][vc_row][vc_column][vc_column_text]<\/p>\n<p>Ce qui diff\u00e9rentie CETEST et nous rend uniques, c\u2019est notre savoir-faire et notre exp\u00e9rience en d\u00e9veloppement de solutions m\u00e9catroniques: des solutions personnalis\u00e9es de contr\u00f4le et de mesure qui allient conception m\u00e9canique et syst\u00e8mes \u00e9lectroniques.<\/p>\n<p>Des exemples notables sont les solutions des essais de syst\u00e8mes par l\u2019utilisation d\u2019actionnements servo-hydrauliques avec des techniques de contr\u00f4le avanc\u00e9es.<\/p>\n<p>[\/vc_column_text][\/vc_column][\/vc_row][vc_row][vc_column]<div class=\"ult-spacer spacer-69dca15ee5636\" data-id=\"69dca15ee5636\" data-height=\"60\" data-height-mobile=\"20\" data-height-tab=\"30\" data-height-tab-portrait=\"\" data-height-mobile-landscape=\"\" style=\"clear:both;display:block;\"><\/div>[\/vc_column][\/vc_row]<\/p>\n<\/div>","protected":false},"excerpt":{"rendered":"<p>[vc_row][vc_column][vc_single_image image=\u00a0\u00bb16244&Prime; img_size=\u00a0\u00bbfull\u00a0\u00bb alignment=\u00a0\u00bbcenter\u00a0\u00bb][\/vc_column][\/vc_row][vc_row][vc_column][vc_column_text] Ce qui diff\u00e9rentie CETEST et nous rend uniques, c\u2019est notre savoir-faire et notre exp\u00e9rience en d\u00e9veloppement de solutions m\u00e9catroniques: des solutions personnalis\u00e9es de contr\u00f4le et de<\/p>\n","protected":false},"author":1,"featured_media":0,"parent":18494,"menu_order":0,"comment_status":"closed","ping_status":"closed","template":"tmp-page-right-sidebar.php","meta":{"_acf_changed":false,"footnotes":""},"class_list":["post-18474","page","type-page","status-publish","hentry"],"acf":[],"yoast_head":"<!-- This site is optimized with the Yoast SEO plugin v27.3 - https:\/\/yoast.com\/product\/yoast-seo-wordpress\/ -->\n<title>Syst\u00e8mes de mesure et bancs d\u2019essai sp\u00e9ciaux | CETEST<\/title>\n<meta name=\"description\" content=\"Ce qui diff\u00e9rentie CETEST et nous rend uniques, c\u2019est notre savoir-faire et notre exp\u00e9rience en d\u00e9veloppement de solutions m\u00e9catroniques: des solutions personnalis\u00e9es de contr\u00f4le et de mesure qui allient conception m\u00e9canique et syst\u00e8mes \u00e9lectroniques.\" \/>\n<meta name=\"robots\" content=\"index, follow, max-snippet:-1, max-image-preview:large, max-video-preview:-1\" \/>\n<link rel=\"canonical\" href=\"https:\/\/www.cetestgroup.com\/fr\/notre-expertise\/systemes-de-mesure-et-bancs-dessai-speciaux\/\" \/>\n<meta property=\"og:locale\" content=\"fr_FR\" \/>\n<meta property=\"og:type\" content=\"article\" \/>\n<meta property=\"og:title\" content=\"Syst\u00e8mes de mesure et bancs d\u2019essai sp\u00e9ciaux | CETEST\" \/>\n<meta property=\"og:description\" content=\"Ce qui diff\u00e9rentie CETEST et nous rend uniques, c\u2019est notre savoir-faire et notre exp\u00e9rience en d\u00e9veloppement de solutions m\u00e9catroniques: des solutions personnalis\u00e9es de contr\u00f4le et de mesure qui allient conception m\u00e9canique et syst\u00e8mes \u00e9lectroniques.\" \/>\n<meta property=\"og:url\" content=\"https:\/\/www.cetestgroup.com\/fr\/notre-expertise\/systemes-de-mesure-et-bancs-dessai-speciaux\/\" \/>\n<meta property=\"og:site_name\" content=\"CETEST\" \/>\n<meta property=\"article:modified_time\" content=\"2018-05-31T14:37:24+00:00\" \/>\n<meta name=\"twitter:card\" content=\"summary_large_image\" \/>\n<meta name=\"twitter:label1\" content=\"Dur\u00e9e de lecture estim\u00e9e\" \/>\n\t<meta name=\"twitter:data1\" content=\"1 minute\" \/>\n<script type=\"application\/ld+json\" class=\"yoast-schema-graph\">{\"@context\":\"https:\\\/\\\/schema.org\",\"@graph\":[{\"@type\":\"WebPage\",\"@id\":\"https:\\\/\\\/www.cetestgroup.com\\\/fr\\\/notre-expertise\\\/systemes-de-mesure-et-bancs-dessai-speciaux\\\/\",\"url\":\"https:\\\/\\\/www.cetestgroup.com\\\/fr\\\/notre-expertise\\\/systemes-de-mesure-et-bancs-dessai-speciaux\\\/\",\"name\":\"Syst\u00e8mes de mesure et bancs d\u2019essai sp\u00e9ciaux | CETEST\",\"isPartOf\":{\"@id\":\"https:\\\/\\\/www.cetestgroup.com\\\/es\\\/#website\"},\"datePublished\":\"2018-05-31T13:44:09+00:00\",\"dateModified\":\"2018-05-31T14:37:24+00:00\",\"description\":\"Ce qui diff\u00e9rentie CETEST et nous rend uniques, c\u2019est notre savoir-faire et notre exp\u00e9rience en d\u00e9veloppement de solutions m\u00e9catroniques: des solutions personnalis\u00e9es de contr\u00f4le et de mesure qui allient conception m\u00e9canique et syst\u00e8mes \u00e9lectroniques.\",\"breadcrumb\":{\"@id\":\"https:\\\/\\\/www.cetestgroup.com\\\/fr\\\/notre-expertise\\\/systemes-de-mesure-et-bancs-dessai-speciaux\\\/#breadcrumb\"},\"inLanguage\":\"fr-FR\",\"potentialAction\":[{\"@type\":\"ReadAction\",\"target\":[\"https:\\\/\\\/www.cetestgroup.com\\\/fr\\\/notre-expertise\\\/systemes-de-mesure-et-bancs-dessai-speciaux\\\/\"]}]},{\"@type\":\"BreadcrumbList\",\"@id\":\"https:\\\/\\\/www.cetestgroup.com\\\/fr\\\/notre-expertise\\\/systemes-de-mesure-et-bancs-dessai-speciaux\\\/#breadcrumb\",\"itemListElement\":[{\"@type\":\"ListItem\",\"position\":1,\"name\":\"Home\",\"item\":\"https:\\\/\\\/www.cetestgroup.com\\\/fr\\\/\"},{\"@type\":\"ListItem\",\"position\":2,\"name\":\"Notre expertise\",\"item\":\"https:\\\/\\\/www.cetestgroup.com\\\/fr\\\/notre-expertise\\\/\"},{\"@type\":\"ListItem\",\"position\":3,\"name\":\"Syst\u00e8mes de mesure et bancs d\u2019essai sp\u00e9ciaux\"}]},{\"@type\":\"WebSite\",\"@id\":\"https:\\\/\\\/www.cetestgroup.com\\\/es\\\/#website\",\"url\":\"https:\\\/\\\/www.cetestgroup.com\\\/es\\\/\",\"name\":\"CETEST\",\"description\":\"CETEST is a fully accredited independent test laboratory offering services for design verification, model validation, developmental testing and\\\/or answers to help you identify failure root causes. We carry out tests in our facilities as well as on site as required by customer needs.\",\"potentialAction\":[{\"@type\":\"SearchAction\",\"target\":{\"@type\":\"EntryPoint\",\"urlTemplate\":\"https:\\\/\\\/www.cetestgroup.com\\\/es\\\/?s={search_term_string}\"},\"query-input\":{\"@type\":\"PropertyValueSpecification\",\"valueRequired\":true,\"valueName\":\"search_term_string\"}}],\"inLanguage\":\"fr-FR\"}]}<\/script>\n<!-- \/ Yoast SEO plugin. -->","yoast_head_json":{"title":"Syst\u00e8mes de mesure et bancs d\u2019essai sp\u00e9ciaux | CETEST","description":"Ce qui diff\u00e9rentie CETEST et nous rend uniques, c\u2019est notre savoir-faire et notre exp\u00e9rience en d\u00e9veloppement de solutions m\u00e9catroniques: des solutions personnalis\u00e9es de contr\u00f4le et de mesure qui allient conception m\u00e9canique et syst\u00e8mes \u00e9lectroniques.","robots":{"index":"index","follow":"follow","max-snippet":"max-snippet:-1","max-image-preview":"max-image-preview:large","max-video-preview":"max-video-preview:-1"},"canonical":"https:\/\/www.cetestgroup.com\/fr\/notre-expertise\/systemes-de-mesure-et-bancs-dessai-speciaux\/","og_locale":"fr_FR","og_type":"article","og_title":"Syst\u00e8mes de mesure et bancs d\u2019essai sp\u00e9ciaux | CETEST","og_description":"Ce qui diff\u00e9rentie CETEST et nous rend uniques, c\u2019est notre savoir-faire et notre exp\u00e9rience en d\u00e9veloppement de solutions m\u00e9catroniques: des solutions personnalis\u00e9es de contr\u00f4le et de mesure qui allient conception m\u00e9canique et syst\u00e8mes \u00e9lectroniques.","og_url":"https:\/\/www.cetestgroup.com\/fr\/notre-expertise\/systemes-de-mesure-et-bancs-dessai-speciaux\/","og_site_name":"CETEST","article_modified_time":"2018-05-31T14:37:24+00:00","twitter_card":"summary_large_image","twitter_misc":{"Dur\u00e9e de lecture estim\u00e9e":"1 minute"},"schema":{"@context":"https:\/\/schema.org","@graph":[{"@type":"WebPage","@id":"https:\/\/www.cetestgroup.com\/fr\/notre-expertise\/systemes-de-mesure-et-bancs-dessai-speciaux\/","url":"https:\/\/www.cetestgroup.com\/fr\/notre-expertise\/systemes-de-mesure-et-bancs-dessai-speciaux\/","name":"Syst\u00e8mes de mesure et bancs d\u2019essai sp\u00e9ciaux | CETEST","isPartOf":{"@id":"https:\/\/www.cetestgroup.com\/es\/#website"},"datePublished":"2018-05-31T13:44:09+00:00","dateModified":"2018-05-31T14:37:24+00:00","description":"Ce qui diff\u00e9rentie CETEST et nous rend uniques, c\u2019est notre savoir-faire et notre exp\u00e9rience en d\u00e9veloppement de solutions m\u00e9catroniques: des solutions personnalis\u00e9es de contr\u00f4le et de mesure qui allient conception m\u00e9canique et syst\u00e8mes \u00e9lectroniques.","breadcrumb":{"@id":"https:\/\/www.cetestgroup.com\/fr\/notre-expertise\/systemes-de-mesure-et-bancs-dessai-speciaux\/#breadcrumb"},"inLanguage":"fr-FR","potentialAction":[{"@type":"ReadAction","target":["https:\/\/www.cetestgroup.com\/fr\/notre-expertise\/systemes-de-mesure-et-bancs-dessai-speciaux\/"]}]},{"@type":"BreadcrumbList","@id":"https:\/\/www.cetestgroup.com\/fr\/notre-expertise\/systemes-de-mesure-et-bancs-dessai-speciaux\/#breadcrumb","itemListElement":[{"@type":"ListItem","position":1,"name":"Home","item":"https:\/\/www.cetestgroup.com\/fr\/"},{"@type":"ListItem","position":2,"name":"Notre expertise","item":"https:\/\/www.cetestgroup.com\/fr\/notre-expertise\/"},{"@type":"ListItem","position":3,"name":"Syst\u00e8mes de mesure et bancs d\u2019essai sp\u00e9ciaux"}]},{"@type":"WebSite","@id":"https:\/\/www.cetestgroup.com\/es\/#website","url":"https:\/\/www.cetestgroup.com\/es\/","name":"CETEST","description":"CETEST is a fully accredited independent test laboratory offering services for design verification, model validation, developmental testing and\/or answers to help you identify failure root causes. We carry out tests in our facilities as well as on site as required by customer needs.","potentialAction":[{"@type":"SearchAction","target":{"@type":"EntryPoint","urlTemplate":"https:\/\/www.cetestgroup.com\/es\/?s={search_term_string}"},"query-input":{"@type":"PropertyValueSpecification","valueRequired":true,"valueName":"search_term_string"}}],"inLanguage":"fr-FR"}]}},"_links":{"self":[{"href":"https:\/\/www.cetestgroup.com\/fr\/wp-json\/wp\/v2\/pages\/18474","targetHints":{"allow":["GET"]}}],"collection":[{"href":"https:\/\/www.cetestgroup.com\/fr\/wp-json\/wp\/v2\/pages"}],"about":[{"href":"https:\/\/www.cetestgroup.com\/fr\/wp-json\/wp\/v2\/types\/page"}],"author":[{"embeddable":true,"href":"https:\/\/www.cetestgroup.com\/fr\/wp-json\/wp\/v2\/users\/1"}],"replies":[{"embeddable":true,"href":"https:\/\/www.cetestgroup.com\/fr\/wp-json\/wp\/v2\/comments?post=18474"}],"version-history":[{"count":3,"href":"https:\/\/www.cetestgroup.com\/fr\/wp-json\/wp\/v2\/pages\/18474\/revisions"}],"predecessor-version":[{"id":18518,"href":"https:\/\/www.cetestgroup.com\/fr\/wp-json\/wp\/v2\/pages\/18474\/revisions\/18518"}],"up":[{"embeddable":true,"href":"https:\/\/www.cetestgroup.com\/fr\/wp-json\/wp\/v2\/pages\/18494"}],"wp:attachment":[{"href":"https:\/\/www.cetestgroup.com\/fr\/wp-json\/wp\/v2\/media?parent=18474"}],"curies":[{"name":"wp","href":"https:\/\/api.w.org\/{rel}","templated":true}]}}