{"id":18470,"date":"2018-05-31T14:40:38","date_gmt":"2018-05-31T13:40:38","guid":{"rendered":"https:\/\/www.cetestgroup.com\/?page_id=18470"},"modified":"2018-08-27T13:38:01","modified_gmt":"2018-08-27T12:38:01","slug":"electronique-et-electronique-dalimentation","status":"publish","type":"page","link":"https:\/\/www.cetestgroup.com\/fr\/notre-expertise\/electronique-et-electronique-dalimentation\/","title":{"rendered":"EMC et \u00e9lectronique d\u2019alimentation"},"content":{"rendered":"<div class=\"wpb-content-wrapper\"><p>[vc_row][vc_column]<div class=\"ult-spacer spacer-69dcb40643e61\" data-id=\"69dcb40643e61\" data-height=\"30\" data-height-mobile=\"20\" data-height-tab=\"20\" data-height-tab-portrait=\"\" data-height-mobile-landscape=\"\" style=\"clear:both;display:block;\"><\/div>[vc_single_image image=\u00a0\u00bb16280&Prime; img_size=\u00a0\u00bbfull\u00a0\u00bb alignment=\u00a0\u00bbcenter\u00a0\u00bb]<div class=\"ult-spacer spacer-69dcb40643eab\" data-id=\"69dcb40643eab\" data-height=\"30\" data-height-mobile=\"20\" data-height-tab=\"20\" data-height-tab-portrait=\"\" data-height-mobile-landscape=\"\" style=\"clear:both;display:block;\"><\/div>[\/vc_column][\/vc_row][vc_row][vc_column width=\u00a0\u00bb1\/2&Prime;][vc_column_text]<\/p>\n<p>L\u2019\u00e9tude de la compatibilit\u00e9 et de l\u2019immunit\u00e9 \u00e9lectromagn\u00e9tiques est l\u2019une de nos principales offres et nous disposons d\u00e9j\u00e0 d\u2019une \u00e9quipe d\u2019experts sur le sujet, ainsi que d\u2019\u00e9quipement et de syst\u00e8mes d\u2019acquisition de pointe. Nous pouvons analyser des composants seuls et des syst\u00e8mes complets afin de v\u00e9rifier la conformit\u00e9 aux r\u00e8glementations et normes.<\/p>\n<p>CETEST offre un d\u00e9ploiement de capacit\u00e9 globale enti\u00e8rement flexible pour les essais sur champ et l\u2019\u00e9valuation de ph\u00e9nom\u00e8nes associ\u00e9s \u00e0 l\u2019interaction avec d\u2019autres syst\u00e8mes.<\/p>\n<p>[\/vc_column_text]<div class=\"ult-spacer spacer-69dcb40643ed4\" data-id=\"69dcb40643ed4\" data-height=\"40\" data-height-mobile=\"20\" data-height-tab=\"30\" data-height-tab-portrait=\"\" data-height-mobile-landscape=\"\" style=\"clear:both;display:block;\"><\/div>[vc_single_image image=\u00a0\u00bb16242&Prime; img_size=\u00a0\u00bbfull\u00a0\u00bb alignment=\u00a0\u00bbcenter\u00a0\u00bb][\/vc_column][vc_column width=\u00a0\u00bb1\/2&Prime;]<div class=\"ult-spacer spacer-69dcb40643ef7\" data-id=\"69dcb40643ef7\" data-height=\"45\" data-height-mobile=\"20\" data-height-tab=\"30\" data-height-tab-portrait=\"\" data-height-mobile-landscape=\"\" style=\"clear:both;display:block;\"><\/div>[vc_single_image image=\u00a0\u00bb16241&Prime; img_size=\u00a0\u00bbfull\u00a0\u00bb alignment=\u00a0\u00bbcenter\u00a0\u00bb][\/vc_column][\/vc_row][vc_row][vc_column]<div class=\"ult-spacer spacer-69dcb40643f18\" data-id=\"69dcb40643f18\" data-height=\"60\" data-height-mobile=\"20\" data-height-tab=\"30\" data-height-tab-portrait=\"\" data-height-mobile-landscape=\"\" style=\"clear:both;display:block;\"><\/div>[\/vc_column][\/vc_row]<\/p>\n<\/div>","protected":false},"excerpt":{"rendered":"<p>[vc_row][vc_column][vc_single_image image=\u00a0\u00bb16280&Prime; img_size=\u00a0\u00bbfull\u00a0\u00bb alignment=\u00a0\u00bbcenter\u00a0\u00bb][\/vc_column][\/vc_row][vc_row][vc_column width=\u00a0\u00bb1\/2&Prime;][vc_column_text] L\u2019\u00e9tude de la compatibilit\u00e9 et de l\u2019immunit\u00e9 \u00e9lectromagn\u00e9tiques est l\u2019une de nos principales offres et nous disposons d\u00e9j\u00e0 d\u2019une \u00e9quipe d\u2019experts sur le sujet, ainsi<\/p>\n","protected":false},"author":1,"featured_media":0,"parent":18494,"menu_order":0,"comment_status":"closed","ping_status":"closed","template":"tmp-page-right-sidebar.php","meta":{"_acf_changed":false,"footnotes":""},"class_list":["post-18470","page","type-page","status-publish","hentry"],"acf":[],"yoast_head":"<!-- This site is optimized with the Yoast SEO plugin v27.3 - https:\/\/yoast.com\/product\/yoast-seo-wordpress\/ -->\n<title>EMC et \u00e9lectronique d\u2019alimentation | CETEST<\/title>\n<meta name=\"description\" content=\"L\u2019\u00e9tude de la compatibilit\u00e9 et de l\u2019immunit\u00e9 \u00e9lectromagn\u00e9tiques est l\u2019une de nos principales offres et nous disposons d\u00e9j\u00e0 d\u2019une \u00e9quipe d\u2019experts sur le sujet, ainsi que d\u2019\u00e9quipement et de syst\u00e8mes d\u2019acquisition de pointe.\" \/>\n<meta name=\"robots\" content=\"index, follow, max-snippet:-1, max-image-preview:large, max-video-preview:-1\" \/>\n<link rel=\"canonical\" href=\"https:\/\/www.cetestgroup.com\/fr\/notre-expertise\/electronique-et-electronique-dalimentation\/\" \/>\n<meta property=\"og:locale\" content=\"fr_FR\" \/>\n<meta property=\"og:type\" content=\"article\" \/>\n<meta property=\"og:title\" content=\"EMC et \u00e9lectronique d\u2019alimentation | CETEST\" \/>\n<meta property=\"og:description\" content=\"L\u2019\u00e9tude de la compatibilit\u00e9 et de l\u2019immunit\u00e9 \u00e9lectromagn\u00e9tiques est l\u2019une de nos principales offres et nous disposons d\u00e9j\u00e0 d\u2019une \u00e9quipe d\u2019experts sur le sujet, ainsi que d\u2019\u00e9quipement et de syst\u00e8mes d\u2019acquisition de pointe.\" \/>\n<meta property=\"og:url\" content=\"https:\/\/www.cetestgroup.com\/fr\/notre-expertise\/electronique-et-electronique-dalimentation\/\" \/>\n<meta property=\"og:site_name\" content=\"CETEST\" \/>\n<meta property=\"article:modified_time\" content=\"2018-08-27T12:38:01+00:00\" \/>\n<meta name=\"twitter:card\" content=\"summary_large_image\" \/>\n<meta name=\"twitter:label1\" content=\"Dur\u00e9e de lecture estim\u00e9e\" \/>\n\t<meta name=\"twitter:data1\" content=\"1 minute\" \/>\n<script type=\"application\/ld+json\" class=\"yoast-schema-graph\">{\"@context\":\"https:\\\/\\\/schema.org\",\"@graph\":[{\"@type\":\"WebPage\",\"@id\":\"https:\\\/\\\/www.cetestgroup.com\\\/fr\\\/notre-expertise\\\/electronique-et-electronique-dalimentation\\\/\",\"url\":\"https:\\\/\\\/www.cetestgroup.com\\\/fr\\\/notre-expertise\\\/electronique-et-electronique-dalimentation\\\/\",\"name\":\"EMC et \u00e9lectronique d\u2019alimentation | CETEST\",\"isPartOf\":{\"@id\":\"https:\\\/\\\/www.cetestgroup.com\\\/es\\\/#website\"},\"datePublished\":\"2018-05-31T13:40:38+00:00\",\"dateModified\":\"2018-08-27T12:38:01+00:00\",\"description\":\"L\u2019\u00e9tude de la compatibilit\u00e9 et de l\u2019immunit\u00e9 \u00e9lectromagn\u00e9tiques est l\u2019une de nos principales offres et nous disposons d\u00e9j\u00e0 d\u2019une \u00e9quipe d\u2019experts sur le sujet, ainsi que d\u2019\u00e9quipement et de syst\u00e8mes d\u2019acquisition de pointe.\",\"breadcrumb\":{\"@id\":\"https:\\\/\\\/www.cetestgroup.com\\\/fr\\\/notre-expertise\\\/electronique-et-electronique-dalimentation\\\/#breadcrumb\"},\"inLanguage\":\"fr-FR\",\"potentialAction\":[{\"@type\":\"ReadAction\",\"target\":[\"https:\\\/\\\/www.cetestgroup.com\\\/fr\\\/notre-expertise\\\/electronique-et-electronique-dalimentation\\\/\"]}]},{\"@type\":\"BreadcrumbList\",\"@id\":\"https:\\\/\\\/www.cetestgroup.com\\\/fr\\\/notre-expertise\\\/electronique-et-electronique-dalimentation\\\/#breadcrumb\",\"itemListElement\":[{\"@type\":\"ListItem\",\"position\":1,\"name\":\"Home\",\"item\":\"https:\\\/\\\/www.cetestgroup.com\\\/fr\\\/\"},{\"@type\":\"ListItem\",\"position\":2,\"name\":\"Notre expertise\",\"item\":\"https:\\\/\\\/www.cetestgroup.com\\\/fr\\\/notre-expertise\\\/\"},{\"@type\":\"ListItem\",\"position\":3,\"name\":\"EMC et \u00e9lectronique d\u2019alimentation\"}]},{\"@type\":\"WebSite\",\"@id\":\"https:\\\/\\\/www.cetestgroup.com\\\/es\\\/#website\",\"url\":\"https:\\\/\\\/www.cetestgroup.com\\\/es\\\/\",\"name\":\"CETEST\",\"description\":\"CETEST is a fully accredited independent test laboratory offering services for design verification, model validation, developmental testing and\\\/or answers to help you identify failure root causes. We carry out tests in our facilities as well as on site as required by customer needs.\",\"potentialAction\":[{\"@type\":\"SearchAction\",\"target\":{\"@type\":\"EntryPoint\",\"urlTemplate\":\"https:\\\/\\\/www.cetestgroup.com\\\/es\\\/?s={search_term_string}\"},\"query-input\":{\"@type\":\"PropertyValueSpecification\",\"valueRequired\":true,\"valueName\":\"search_term_string\"}}],\"inLanguage\":\"fr-FR\"}]}<\/script>\n<!-- \/ Yoast SEO plugin. -->","yoast_head_json":{"title":"EMC et \u00e9lectronique d\u2019alimentation | CETEST","description":"L\u2019\u00e9tude de la compatibilit\u00e9 et de l\u2019immunit\u00e9 \u00e9lectromagn\u00e9tiques est l\u2019une de nos principales offres et nous disposons d\u00e9j\u00e0 d\u2019une \u00e9quipe d\u2019experts sur le sujet, ainsi que d\u2019\u00e9quipement et de syst\u00e8mes d\u2019acquisition de pointe.","robots":{"index":"index","follow":"follow","max-snippet":"max-snippet:-1","max-image-preview":"max-image-preview:large","max-video-preview":"max-video-preview:-1"},"canonical":"https:\/\/www.cetestgroup.com\/fr\/notre-expertise\/electronique-et-electronique-dalimentation\/","og_locale":"fr_FR","og_type":"article","og_title":"EMC et \u00e9lectronique d\u2019alimentation | CETEST","og_description":"L\u2019\u00e9tude de la compatibilit\u00e9 et de l\u2019immunit\u00e9 \u00e9lectromagn\u00e9tiques est l\u2019une de nos principales offres et nous disposons d\u00e9j\u00e0 d\u2019une \u00e9quipe d\u2019experts sur le sujet, ainsi que d\u2019\u00e9quipement et de syst\u00e8mes d\u2019acquisition de pointe.","og_url":"https:\/\/www.cetestgroup.com\/fr\/notre-expertise\/electronique-et-electronique-dalimentation\/","og_site_name":"CETEST","article_modified_time":"2018-08-27T12:38:01+00:00","twitter_card":"summary_large_image","twitter_misc":{"Dur\u00e9e de lecture estim\u00e9e":"1 minute"},"schema":{"@context":"https:\/\/schema.org","@graph":[{"@type":"WebPage","@id":"https:\/\/www.cetestgroup.com\/fr\/notre-expertise\/electronique-et-electronique-dalimentation\/","url":"https:\/\/www.cetestgroup.com\/fr\/notre-expertise\/electronique-et-electronique-dalimentation\/","name":"EMC et \u00e9lectronique d\u2019alimentation | CETEST","isPartOf":{"@id":"https:\/\/www.cetestgroup.com\/es\/#website"},"datePublished":"2018-05-31T13:40:38+00:00","dateModified":"2018-08-27T12:38:01+00:00","description":"L\u2019\u00e9tude de la compatibilit\u00e9 et de l\u2019immunit\u00e9 \u00e9lectromagn\u00e9tiques est l\u2019une de nos principales offres et nous disposons d\u00e9j\u00e0 d\u2019une \u00e9quipe d\u2019experts sur le sujet, ainsi que d\u2019\u00e9quipement et de syst\u00e8mes d\u2019acquisition de pointe.","breadcrumb":{"@id":"https:\/\/www.cetestgroup.com\/fr\/notre-expertise\/electronique-et-electronique-dalimentation\/#breadcrumb"},"inLanguage":"fr-FR","potentialAction":[{"@type":"ReadAction","target":["https:\/\/www.cetestgroup.com\/fr\/notre-expertise\/electronique-et-electronique-dalimentation\/"]}]},{"@type":"BreadcrumbList","@id":"https:\/\/www.cetestgroup.com\/fr\/notre-expertise\/electronique-et-electronique-dalimentation\/#breadcrumb","itemListElement":[{"@type":"ListItem","position":1,"name":"Home","item":"https:\/\/www.cetestgroup.com\/fr\/"},{"@type":"ListItem","position":2,"name":"Notre expertise","item":"https:\/\/www.cetestgroup.com\/fr\/notre-expertise\/"},{"@type":"ListItem","position":3,"name":"EMC et \u00e9lectronique d\u2019alimentation"}]},{"@type":"WebSite","@id":"https:\/\/www.cetestgroup.com\/es\/#website","url":"https:\/\/www.cetestgroup.com\/es\/","name":"CETEST","description":"CETEST is a fully accredited independent test laboratory offering services for design verification, model validation, developmental testing and\/or answers to help you identify failure root causes. We carry out tests in our facilities as well as on site as required by customer needs.","potentialAction":[{"@type":"SearchAction","target":{"@type":"EntryPoint","urlTemplate":"https:\/\/www.cetestgroup.com\/es\/?s={search_term_string}"},"query-input":{"@type":"PropertyValueSpecification","valueRequired":true,"valueName":"search_term_string"}}],"inLanguage":"fr-FR"}]}},"_links":{"self":[{"href":"https:\/\/www.cetestgroup.com\/fr\/wp-json\/wp\/v2\/pages\/18470","targetHints":{"allow":["GET"]}}],"collection":[{"href":"https:\/\/www.cetestgroup.com\/fr\/wp-json\/wp\/v2\/pages"}],"about":[{"href":"https:\/\/www.cetestgroup.com\/fr\/wp-json\/wp\/v2\/types\/page"}],"author":[{"embeddable":true,"href":"https:\/\/www.cetestgroup.com\/fr\/wp-json\/wp\/v2\/users\/1"}],"replies":[{"embeddable":true,"href":"https:\/\/www.cetestgroup.com\/fr\/wp-json\/wp\/v2\/comments?post=18470"}],"version-history":[{"count":3,"href":"https:\/\/www.cetestgroup.com\/fr\/wp-json\/wp\/v2\/pages\/18470\/revisions"}],"predecessor-version":[{"id":18932,"href":"https:\/\/www.cetestgroup.com\/fr\/wp-json\/wp\/v2\/pages\/18470\/revisions\/18932"}],"up":[{"embeddable":true,"href":"https:\/\/www.cetestgroup.com\/fr\/wp-json\/wp\/v2\/pages\/18494"}],"wp:attachment":[{"href":"https:\/\/www.cetestgroup.com\/fr\/wp-json\/wp\/v2\/media?parent=18470"}],"curies":[{"name":"wp","href":"https:\/\/api.w.org\/{rel}","templated":true}]}}