{"id":18467,"date":"2018-05-31T14:36:37","date_gmt":"2018-05-31T13:36:37","guid":{"rendered":"https:\/\/www.cetestgroup.com\/?page_id=18467"},"modified":"2018-05-31T15:37:59","modified_gmt":"2018-05-31T14:37:59","slug":"mesure-traitement-et-analyse-du-signal","status":"publish","type":"page","link":"https:\/\/www.cetestgroup.com\/fr\/notre-expertise\/mesure-traitement-et-analyse-du-signal\/","title":{"rendered":"Mesure, traitement et analyse du signal"},"content":{"rendered":"<div class=\"wpb-content-wrapper\"><p>[vc_row][vc_column][vc_single_image image=\u00a0\u00bb16802&Prime; img_size=\u00a0\u00bbfull\u00a0\u00bb alignment=\u00a0\u00bbcenter\u00a0\u00bb]<div class=\"ult-spacer spacer-69dcf3f00901d\" data-id=\"69dcf3f00901d\" data-height=\"30\" data-height-mobile=\"20\" data-height-tab=\"20\" data-height-tab-portrait=\"\" data-height-mobile-landscape=\"\" style=\"clear:both;display:block;\"><\/div>[\/vc_column][\/vc_row][vc_row][vc_column width=\u00a0\u00bb1\/2&Prime;][vc_column_text]<\/p>\n<p>CETEST est experte en mesure de variables physiques \u00e0 travers l\u2019utilisation des moyens et des techniques les plus appropri\u00e9s pour chaque application. Nous poss\u00e9dons et utilisons une grande vari\u00e9t\u00e9 de capteurs et d\u2019\u00e9quipement de pointe dans nos services quotidiens d\u2019essai.<\/p>\n<p>De plus, nous ma\u00eetrisons des techniques avanc\u00e9es de post-traitement de donn\u00e9es telles que: analyses dans le domaine temporel, analyses dans le domaine de fr\u00e9quence, analyse statistique, analyse modale, etc.<\/p>\n<p>[\/vc_column_text]<div class=\"ult-spacer spacer-69dcf3f0090d5\" data-id=\"69dcf3f0090d5\" data-height=\"20\" data-height-mobile=\"20\" data-height-tab=\"20\" data-height-tab-portrait=\"\" data-height-mobile-landscape=\"\" style=\"clear:both;display:block;\"><\/div>[\/vc_column][vc_column width=\u00a0\u00bb1\/2&Prime;][vc_single_image image=\u00a0\u00bb16238&Prime; img_size=\u00a0\u00bbfull\u00a0\u00bb alignment=\u00a0\u00bbcenter\u00a0\u00bb][\/vc_column][\/vc_row][vc_row][vc_column]<div class=\"ult-spacer spacer-69dcf3f00914a\" data-id=\"69dcf3f00914a\" data-height=\"60\" data-height-mobile=\"20\" data-height-tab=\"30\" data-height-tab-portrait=\"\" data-height-mobile-landscape=\"\" style=\"clear:both;display:block;\"><\/div>[\/vc_column][\/vc_row]<\/p>\n<\/div>","protected":false},"excerpt":{"rendered":"<p>[vc_row][vc_column][vc_single_image image=\u00a0\u00bb16802&Prime; img_size=\u00a0\u00bbfull\u00a0\u00bb alignment=\u00a0\u00bbcenter\u00a0\u00bb][\/vc_column][\/vc_row][vc_row][vc_column width=\u00a0\u00bb1\/2&Prime;][vc_column_text] CETEST est experte en mesure de variables physiques \u00e0 travers l\u2019utilisation des moyens et des techniques les plus appropri\u00e9s pour chaque application. Nous poss\u00e9dons et<\/p>\n","protected":false},"author":1,"featured_media":0,"parent":18494,"menu_order":0,"comment_status":"closed","ping_status":"closed","template":"tmp-page-right-sidebar.php","meta":{"_acf_changed":false,"footnotes":""},"class_list":["post-18467","page","type-page","status-publish","hentry"],"acf":[],"yoast_head":"<!-- This site is optimized with the Yoast SEO plugin v27.3 - https:\/\/yoast.com\/product\/yoast-seo-wordpress\/ -->\n<title>Mesure, traitement et analyse du signal | CETEST<\/title>\n<meta name=\"description\" content=\"CETEST est experte en mesure de variables physiques \u00e0 travers l\u2019utilisation des moyens et des techniques les plus appropri\u00e9s pour chaque application. Nous poss\u00e9dons et utilisons une grande vari\u00e9t\u00e9 de capteurs et d\u2019\u00e9quipement de pointe dans nos services quotidiens d\u2019essai.\" \/>\n<meta name=\"robots\" content=\"index, follow, max-snippet:-1, max-image-preview:large, max-video-preview:-1\" \/>\n<link rel=\"canonical\" href=\"https:\/\/www.cetestgroup.com\/fr\/notre-expertise\/mesure-traitement-et-analyse-du-signal\/\" \/>\n<meta property=\"og:locale\" content=\"fr_FR\" \/>\n<meta property=\"og:type\" content=\"article\" \/>\n<meta property=\"og:title\" content=\"Mesure, traitement et analyse du signal | CETEST\" \/>\n<meta property=\"og:description\" content=\"CETEST est experte en mesure de variables physiques \u00e0 travers l\u2019utilisation des moyens et des techniques les plus appropri\u00e9s pour chaque application. Nous poss\u00e9dons et utilisons une grande vari\u00e9t\u00e9 de capteurs et d\u2019\u00e9quipement de pointe dans nos services quotidiens d\u2019essai.\" \/>\n<meta property=\"og:url\" content=\"https:\/\/www.cetestgroup.com\/fr\/notre-expertise\/mesure-traitement-et-analyse-du-signal\/\" \/>\n<meta property=\"og:site_name\" content=\"CETEST\" \/>\n<meta property=\"article:modified_time\" content=\"2018-05-31T14:37:59+00:00\" \/>\n<meta name=\"twitter:card\" content=\"summary_large_image\" \/>\n<meta name=\"twitter:label1\" content=\"Dur\u00e9e de lecture estim\u00e9e\" \/>\n\t<meta name=\"twitter:data1\" content=\"1 minute\" \/>\n<script type=\"application\/ld+json\" class=\"yoast-schema-graph\">{\"@context\":\"https:\\\/\\\/schema.org\",\"@graph\":[{\"@type\":\"WebPage\",\"@id\":\"https:\\\/\\\/www.cetestgroup.com\\\/fr\\\/notre-expertise\\\/mesure-traitement-et-analyse-du-signal\\\/\",\"url\":\"https:\\\/\\\/www.cetestgroup.com\\\/fr\\\/notre-expertise\\\/mesure-traitement-et-analyse-du-signal\\\/\",\"name\":\"Mesure, traitement et analyse du signal | CETEST\",\"isPartOf\":{\"@id\":\"https:\\\/\\\/www.cetestgroup.com\\\/es\\\/#website\"},\"datePublished\":\"2018-05-31T13:36:37+00:00\",\"dateModified\":\"2018-05-31T14:37:59+00:00\",\"description\":\"CETEST est experte en mesure de variables physiques \u00e0 travers l\u2019utilisation des moyens et des techniques les plus appropri\u00e9s pour chaque application. Nous poss\u00e9dons et utilisons une grande vari\u00e9t\u00e9 de capteurs et d\u2019\u00e9quipement de pointe dans nos services quotidiens d\u2019essai.\",\"breadcrumb\":{\"@id\":\"https:\\\/\\\/www.cetestgroup.com\\\/fr\\\/notre-expertise\\\/mesure-traitement-et-analyse-du-signal\\\/#breadcrumb\"},\"inLanguage\":\"fr-FR\",\"potentialAction\":[{\"@type\":\"ReadAction\",\"target\":[\"https:\\\/\\\/www.cetestgroup.com\\\/fr\\\/notre-expertise\\\/mesure-traitement-et-analyse-du-signal\\\/\"]}]},{\"@type\":\"BreadcrumbList\",\"@id\":\"https:\\\/\\\/www.cetestgroup.com\\\/fr\\\/notre-expertise\\\/mesure-traitement-et-analyse-du-signal\\\/#breadcrumb\",\"itemListElement\":[{\"@type\":\"ListItem\",\"position\":1,\"name\":\"Home\",\"item\":\"https:\\\/\\\/www.cetestgroup.com\\\/fr\\\/\"},{\"@type\":\"ListItem\",\"position\":2,\"name\":\"Notre expertise\",\"item\":\"https:\\\/\\\/www.cetestgroup.com\\\/fr\\\/notre-expertise\\\/\"},{\"@type\":\"ListItem\",\"position\":3,\"name\":\"Mesure, traitement et analyse du signal\"}]},{\"@type\":\"WebSite\",\"@id\":\"https:\\\/\\\/www.cetestgroup.com\\\/es\\\/#website\",\"url\":\"https:\\\/\\\/www.cetestgroup.com\\\/es\\\/\",\"name\":\"CETEST\",\"description\":\"CETEST is a fully accredited independent test laboratory offering services for design verification, model validation, developmental testing and\\\/or answers to help you identify failure root causes. We carry out tests in our facilities as well as on site as required by customer needs.\",\"potentialAction\":[{\"@type\":\"SearchAction\",\"target\":{\"@type\":\"EntryPoint\",\"urlTemplate\":\"https:\\\/\\\/www.cetestgroup.com\\\/es\\\/?s={search_term_string}\"},\"query-input\":{\"@type\":\"PropertyValueSpecification\",\"valueRequired\":true,\"valueName\":\"search_term_string\"}}],\"inLanguage\":\"fr-FR\"}]}<\/script>\n<!-- \/ Yoast SEO plugin. -->","yoast_head_json":{"title":"Mesure, traitement et analyse du signal | CETEST","description":"CETEST est experte en mesure de variables physiques \u00e0 travers l\u2019utilisation des moyens et des techniques les plus appropri\u00e9s pour chaque application. Nous poss\u00e9dons et utilisons une grande vari\u00e9t\u00e9 de capteurs et d\u2019\u00e9quipement de pointe dans nos services quotidiens d\u2019essai.","robots":{"index":"index","follow":"follow","max-snippet":"max-snippet:-1","max-image-preview":"max-image-preview:large","max-video-preview":"max-video-preview:-1"},"canonical":"https:\/\/www.cetestgroup.com\/fr\/notre-expertise\/mesure-traitement-et-analyse-du-signal\/","og_locale":"fr_FR","og_type":"article","og_title":"Mesure, traitement et analyse du signal | CETEST","og_description":"CETEST est experte en mesure de variables physiques \u00e0 travers l\u2019utilisation des moyens et des techniques les plus appropri\u00e9s pour chaque application. Nous poss\u00e9dons et utilisons une grande vari\u00e9t\u00e9 de capteurs et d\u2019\u00e9quipement de pointe dans nos services quotidiens d\u2019essai.","og_url":"https:\/\/www.cetestgroup.com\/fr\/notre-expertise\/mesure-traitement-et-analyse-du-signal\/","og_site_name":"CETEST","article_modified_time":"2018-05-31T14:37:59+00:00","twitter_card":"summary_large_image","twitter_misc":{"Dur\u00e9e de lecture estim\u00e9e":"1 minute"},"schema":{"@context":"https:\/\/schema.org","@graph":[{"@type":"WebPage","@id":"https:\/\/www.cetestgroup.com\/fr\/notre-expertise\/mesure-traitement-et-analyse-du-signal\/","url":"https:\/\/www.cetestgroup.com\/fr\/notre-expertise\/mesure-traitement-et-analyse-du-signal\/","name":"Mesure, traitement et analyse du signal | CETEST","isPartOf":{"@id":"https:\/\/www.cetestgroup.com\/es\/#website"},"datePublished":"2018-05-31T13:36:37+00:00","dateModified":"2018-05-31T14:37:59+00:00","description":"CETEST est experte en mesure de variables physiques \u00e0 travers l\u2019utilisation des moyens et des techniques les plus appropri\u00e9s pour chaque application. Nous poss\u00e9dons et utilisons une grande vari\u00e9t\u00e9 de capteurs et d\u2019\u00e9quipement de pointe dans nos services quotidiens d\u2019essai.","breadcrumb":{"@id":"https:\/\/www.cetestgroup.com\/fr\/notre-expertise\/mesure-traitement-et-analyse-du-signal\/#breadcrumb"},"inLanguage":"fr-FR","potentialAction":[{"@type":"ReadAction","target":["https:\/\/www.cetestgroup.com\/fr\/notre-expertise\/mesure-traitement-et-analyse-du-signal\/"]}]},{"@type":"BreadcrumbList","@id":"https:\/\/www.cetestgroup.com\/fr\/notre-expertise\/mesure-traitement-et-analyse-du-signal\/#breadcrumb","itemListElement":[{"@type":"ListItem","position":1,"name":"Home","item":"https:\/\/www.cetestgroup.com\/fr\/"},{"@type":"ListItem","position":2,"name":"Notre expertise","item":"https:\/\/www.cetestgroup.com\/fr\/notre-expertise\/"},{"@type":"ListItem","position":3,"name":"Mesure, traitement et analyse du signal"}]},{"@type":"WebSite","@id":"https:\/\/www.cetestgroup.com\/es\/#website","url":"https:\/\/www.cetestgroup.com\/es\/","name":"CETEST","description":"CETEST is a fully accredited independent test laboratory offering services for design verification, model validation, developmental testing and\/or answers to help you identify failure root causes. We carry out tests in our facilities as well as on site as required by customer needs.","potentialAction":[{"@type":"SearchAction","target":{"@type":"EntryPoint","urlTemplate":"https:\/\/www.cetestgroup.com\/es\/?s={search_term_string}"},"query-input":{"@type":"PropertyValueSpecification","valueRequired":true,"valueName":"search_term_string"}}],"inLanguage":"fr-FR"}]}},"_links":{"self":[{"href":"https:\/\/www.cetestgroup.com\/fr\/wp-json\/wp\/v2\/pages\/18467","targetHints":{"allow":["GET"]}}],"collection":[{"href":"https:\/\/www.cetestgroup.com\/fr\/wp-json\/wp\/v2\/pages"}],"about":[{"href":"https:\/\/www.cetestgroup.com\/fr\/wp-json\/wp\/v2\/types\/page"}],"author":[{"embeddable":true,"href":"https:\/\/www.cetestgroup.com\/fr\/wp-json\/wp\/v2\/users\/1"}],"replies":[{"embeddable":true,"href":"https:\/\/www.cetestgroup.com\/fr\/wp-json\/wp\/v2\/comments?post=18467"}],"version-history":[{"count":2,"href":"https:\/\/www.cetestgroup.com\/fr\/wp-json\/wp\/v2\/pages\/18467\/revisions"}],"predecessor-version":[{"id":18469,"href":"https:\/\/www.cetestgroup.com\/fr\/wp-json\/wp\/v2\/pages\/18467\/revisions\/18469"}],"up":[{"embeddable":true,"href":"https:\/\/www.cetestgroup.com\/fr\/wp-json\/wp\/v2\/pages\/18494"}],"wp:attachment":[{"href":"https:\/\/www.cetestgroup.com\/fr\/wp-json\/wp\/v2\/media?parent=18467"}],"curies":[{"name":"wp","href":"https:\/\/api.w.org\/{rel}","templated":true}]}}