{"id":18319,"date":"2018-05-29T14:42:19","date_gmt":"2018-05-29T13:42:19","guid":{"rendered":"https:\/\/www.cetestgroup.com\/?page_id=18319"},"modified":"2018-05-29T15:18:41","modified_gmt":"2018-05-29T14:18:41","slug":"traction-frein-et-captage-de-courant","status":"publish","type":"page","link":"https:\/\/www.cetestgroup.com\/fr\/essais-ferroviaires\/traction-frein-et-captage-de-courant\/","title":{"rendered":"Traction, frein et captage de courant"},"content":{"rendered":"<div class=\"wpb-content-wrapper\"><p>[vc_row][vc_column]<div class=\"ult-spacer spacer-69dcf6c47d606\" data-id=\"69dcf6c47d606\" data-height=\"70\" data-height-mobile=\"70\" data-height-tab=\"70\" data-height-tab-portrait=\"\" data-height-mobile-landscape=\"\" style=\"clear:both;display:block;\"><\/div><div class=\"dfd-heading-shortcode\"><div class=\"dfd-heading-module-wrap  text-center style_01 dfd-heading-69dcf6c47d723 dfd-disable-resposive-headings\" id=\"dfd-heading-69dcf6c47d723\" ><div class=\"inline-block\"><div class=\"dfd-heading-module\"><h6 class=\"widget-title dfd-title \" style=\"font-family:PT Sans Narrow; font-weight:400; font-style:normal; font-size: 20px; color: #25bdd5 !important; line-height: 25px; \">Essais en ligne pour l\u2019\u00e9valuation des performances de traction et freinage, ainsi que de captage de courant (interaction pantographe \u2013 cat\u00e9naire).<\/p>\n<p>Essais d\u2019homologation selon les normes internationales, ou essais sp\u00e9cifiques pour le d\u00e9veloppement de projets de R&amp;D, la modification et l\u2019optimisation de la conception, ainsi que l\u2019analyse des causes de d\u00e9faillance.<\/h6><div class=\"dfd-heading-delimiter\"><\/div><\/div><\/div><\/div><script type=\"text\/javascript\">\r\n\t\t\t\t\t\t\t\t\t(function($) {\r\n\t\t\t\t\t\t\t\t\t\t$(\"head\").append(\"<style>.dfd-heading-69dcf6c47d723.dfd-heading-module-wrap .dfd-heading-module .dfd-heading-delimiter {border-bottom-style:solid;border-bottom-width:1px;width:100px;border-bottom-color:#dddddd;}.dfd-heading-69dcf6c47d723.dfd-heading-module-wrap .dfd-heading-module .dfd-heading-delimiter {margin-top:10px;margin-bottom:10px;}<\/style>\");\r\n\t\t\t\t\t\t\t\t\t})(jQuery);\r\n\t\t\t\t\t\t\t\t<\/script><\/div><div class=\"dfd-spacer-module\"  data-units=\"px\" data-wide_resolution=\"1280\" data-wide_size=\"50\" data-normal_resolution=\"1024\" data-normal_size=\"30\" data-tablet_resolution=\"800\" data-tablet_size=\"30\" data-mobile_resolution=\"480\" data-mobile_size=\"30\" style=\"height: 50px;\"><\/div>[\/vc_column][\/vc_row][vc_row][vc_column width=\u00a0\u00bb1\/3&Prime; offset=\u00a0\u00bbvc_col-lg-4&Prime;]\n<div id=\"interactive-banner-1-wrap-4312\" class=\"ult-banner-block ult-adjust-bottom-margin ult-bb-box  banner-style01 BannerInteractivo\"   style=\"\">\n\t<img decoding=\"async\" src=\"https:\/\/www.cetestgroup.com\/wp-content\/uploads\/2017\/09\/cetest-traction-systems-boton.jpg\" alt=\"Cetest: Traction systems\">\n\t<h3  data-ultimate-target='#interactive-banner-1-wrap-4312 .bb-top-title '  data-responsive-json-new='{\"font-size\":\"desktop:16px;\",\"line-height\":\"\"}'  class=\"title-center bb-top-title ult-responsive\" style=\"font-weight:bold;color:#ffffff;\">Performance du syst\u00e8me de traction<\/h3>\n\t<div class=\"mask opaque-background\" style=\"background:#242424;\">\n\t\t<div  data-ultimate-target='#interactive-banner-1-wrap-4312 .bb-description'  data-responsive-json-new='{\"font-size\":\"\",\"line-height\":\"\"}'  class=\"bb-description ult-responsive\" style=\"font-weight:normal;color:#ffffff;\">CETEST est homologu\u00e9e pour \u00e9valuer la performance de traction et la fonctionnalit\u00e9 des cha\u00eenes de traction de v\u00e9hicules ferroviaires conform\u00e9ment aux normes europ\u00e9ennes TSI 1302\/2014, EN 50215, EN 50163, EN 14067-4 et EN 50388 et aux sp\u00e9cifications nationales ou aux exigences particuli\u00e8res d\u00e9coulant de sp\u00e9cifications du projet du client.<\/div>\n\t<\/div><a class=\"bb-link\" href=\"https:\/\/www.cetestgroup.com\/fr\/essais-ferroviaires\/traction-frein-et-captage-de-courant\/performance-du-systeme-de-traction\/\" ><\/a>\n<\/div><div class=\"dfd-spacer-module\"  data-units=\"px\" data-wide_resolution=\"1280\" data-wide_size=\"15\" data-normal_resolution=\"1024\" data-normal_size=\"15\" data-tablet_resolution=\"800\" data-tablet_size=\"15\" data-mobile_resolution=\"480\" data-mobile_size=\"10\" style=\"height: 15px;\"><\/div>[\/vc_column][vc_column width=\u00a0\u00bb1\/3&Prime;]\n<div id=\"interactive-banner-1-wrap-4170\" class=\"ult-banner-block ult-adjust-bottom-margin ult-bb-box  banner-style01 BannerInteractivo\"   style=\"\">\n\t<img decoding=\"async\" src=\"https:\/\/www.cetestgroup.com\/wp-content\/uploads\/2017\/09\/cetest-braking-systems-performance-boton.jpg\" alt=\"Cetest: Braking systems performance\">\n\t<h3  data-ultimate-target='#interactive-banner-1-wrap-4170 .bb-top-title '  data-responsive-json-new='{\"font-size\":\"desktop:16px;\",\"line-height\":\"\"}'  class=\"title-center bb-top-title ult-responsive\" style=\"font-weight:bold;color:#ffffff;\">Performance du syst\u00e8me de freinage<\/h3>\n\t<div class=\"mask opaque-background\" style=\"background:#242424;\">\n\t\t<div  data-ultimate-target='#interactive-banner-1-wrap-4170 .bb-description'  data-responsive-json-new='{\"font-size\":\"desktop:14px;\",\"line-height\":\"\"}'  class=\"bb-description ult-responsive\" style=\"font-weight:normal;color:#ffffff;\">CETEST est homologu\u00e9e pour la r\u00e9alisation d\u2019\u00e9valuations de performance de freinage conform\u00e9ment aux normes UIC 544, TSI CR, TSI HS et TSI LOC &amp; PAS. <\/div>\n\t<\/div><a class=\"bb-link\" href=\"https:\/\/www.cetestgroup.com\/fr\/essais-ferroviaires\/traction-frein-et-captage-de-courant\/performance-du-systeme-de-freinage\/\" ><\/a>\n<\/div><div class=\"dfd-spacer-module\"  data-units=\"px\" data-wide_resolution=\"1280\" data-wide_size=\"15\" data-normal_resolution=\"1024\" data-normal_size=\"15\" data-tablet_resolution=\"800\" data-tablet_size=\"15\" data-mobile_resolution=\"480\" data-mobile_size=\"10\" style=\"height: 15px;\"><\/div>[\/vc_column][vc_column width=\u00a0\u00bb1\/3&Prime;]\n<div id=\"interactive-banner-1-wrap-4578\" class=\"ult-banner-block ult-adjust-bottom-margin ult-bb-box  banner-style01 BannerInteractivo\"   style=\"\">\n\t<img decoding=\"async\" src=\"https:\/\/www.cetestgroup.com\/wp-content\/uploads\/2017\/09\/cetest-current-collection-boton.jpg\" alt=\"Cetest: Current collection\">\n\t<h3  data-ultimate-target='#interactive-banner-1-wrap-4578 .bb-top-title '  data-responsive-json-new='{\"font-size\":\"desktop:16px;\",\"line-height\":\"\"}'  class=\"title-center bb-top-title ult-responsive\" style=\"font-weight:bold;color:#ffffff;\">Captage de courant<\/h3>\n\t<div class=\"mask opaque-background\" style=\"background:#242424;\">\n\t\t<div  data-ultimate-target='#interactive-banner-1-wrap-4578 .bb-description'  data-responsive-json-new='{\"font-size\":\"desktop:14px;\",\"line-height\":\"\"}'  class=\"bb-description ult-responsive\" style=\"font-weight:normal;color:#ffffff;\">CETEST est homologu\u00e9e pour la r\u00e9alisation d'essais d'\u00e9valuation de la qualit\u00e9 du captage de courant, conform\u00e9ment aux normes EN 50317, EN 50367 et TSI.<\/div>\n\t<\/div><a class=\"bb-link\" href=\"https:\/\/www.cetestgroup.com\/fr\/essais-ferroviaires\/traction-frein-et-captage-de-courant\/captage-de-courant\/\" ><\/a>\n<\/div><div class=\"dfd-spacer-module\"  data-units=\"px\" data-wide_resolution=\"1280\" data-wide_size=\"15\" data-normal_resolution=\"1024\" data-normal_size=\"15\" data-tablet_resolution=\"800\" data-tablet_size=\"15\" data-mobile_resolution=\"480\" data-mobile_size=\"10\" style=\"height: 15px;\"><\/div>[\/vc_column][\/vc_row][vc_row][vc_column]<div class=\"ult-spacer spacer-69dcf6c47e9ed\" data-id=\"69dcf6c47e9ed\" data-height=\"60\" data-height-mobile=\"30\" data-height-tab=\"40\" data-height-tab-portrait=\"\" data-height-mobile-landscape=\"\" style=\"clear:both;display:block;\"><\/div>[\/vc_column][\/vc_row]<\/p>\n<\/div>","protected":false},"excerpt":{"rendered":"<p>[vc_row][vc_column][\/vc_column][\/vc_row][vc_row][vc_column width=\u00a0\u00bb1\/3&Prime; offset=\u00a0\u00bbvc_col-lg-4&Prime;][\/vc_column][vc_column width=\u00a0\u00bb1\/3&Prime;][\/vc_column][vc_column width=\u00a0\u00bb1\/3&Prime;][\/vc_column][\/vc_row][vc_row][vc_column][\/vc_column][\/vc_row]<\/p>\n","protected":false},"author":1,"featured_media":0,"parent":18322,"menu_order":0,"comment_status":"closed","ping_status":"closed","template":"page-custom-with-header.php","meta":{"_acf_changed":false,"footnotes":""},"class_list":["post-18319","page","type-page","status-publish","hentry"],"acf":[],"yoast_head":"<!-- This site is optimized with the Yoast SEO plugin v27.3 - https:\/\/yoast.com\/product\/yoast-seo-wordpress\/ -->\n<title>Traction, frein et captage de courant | CETEST<\/title>\n<meta name=\"description\" content=\"Essais en ligne pour l\u2019\u00e9valuation des performances de traction et freinage, ainsi que de captage de courant (interaction pantographe \u2013 cat\u00e9naire).\" \/>\n<meta name=\"robots\" content=\"index, follow, max-snippet:-1, max-image-preview:large, max-video-preview:-1\" \/>\n<link rel=\"canonical\" href=\"https:\/\/www.cetestgroup.com\/fr\/essais-ferroviaires\/traction-frein-et-captage-de-courant\/\" \/>\n<meta property=\"og:locale\" content=\"fr_FR\" \/>\n<meta property=\"og:type\" content=\"article\" \/>\n<meta property=\"og:title\" content=\"Traction, frein et captage de courant | CETEST\" \/>\n<meta property=\"og:description\" content=\"Essais en ligne pour l\u2019\u00e9valuation des performances de traction et freinage, ainsi que de captage de courant (interaction pantographe \u2013 cat\u00e9naire).\" \/>\n<meta property=\"og:url\" content=\"https:\/\/www.cetestgroup.com\/fr\/essais-ferroviaires\/traction-frein-et-captage-de-courant\/\" \/>\n<meta property=\"og:site_name\" content=\"CETEST\" \/>\n<meta property=\"article:modified_time\" content=\"2018-05-29T14:18:41+00:00\" \/>\n<meta name=\"twitter:card\" content=\"summary_large_image\" \/>\n<meta name=\"twitter:label1\" content=\"Dur\u00e9e de lecture estim\u00e9e\" \/>\n\t<meta name=\"twitter:data1\" content=\"3 minutes\" \/>\n<script type=\"application\/ld+json\" class=\"yoast-schema-graph\">{\"@context\":\"https:\\\/\\\/schema.org\",\"@graph\":[{\"@type\":\"WebPage\",\"@id\":\"https:\\\/\\\/www.cetestgroup.com\\\/fr\\\/essais-ferroviaires\\\/traction-frein-et-captage-de-courant\\\/\",\"url\":\"https:\\\/\\\/www.cetestgroup.com\\\/fr\\\/essais-ferroviaires\\\/traction-frein-et-captage-de-courant\\\/\",\"name\":\"Traction, frein et captage de courant | CETEST\",\"isPartOf\":{\"@id\":\"https:\\\/\\\/www.cetestgroup.com\\\/es\\\/#website\"},\"datePublished\":\"2018-05-29T13:42:19+00:00\",\"dateModified\":\"2018-05-29T14:18:41+00:00\",\"description\":\"Essais en ligne pour l\u2019\u00e9valuation des performances de traction et freinage, ainsi que de captage de courant (interaction pantographe \u2013 cat\u00e9naire).\",\"breadcrumb\":{\"@id\":\"https:\\\/\\\/www.cetestgroup.com\\\/fr\\\/essais-ferroviaires\\\/traction-frein-et-captage-de-courant\\\/#breadcrumb\"},\"inLanguage\":\"fr-FR\",\"potentialAction\":[{\"@type\":\"ReadAction\",\"target\":[\"https:\\\/\\\/www.cetestgroup.com\\\/fr\\\/essais-ferroviaires\\\/traction-frein-et-captage-de-courant\\\/\"]}]},{\"@type\":\"BreadcrumbList\",\"@id\":\"https:\\\/\\\/www.cetestgroup.com\\\/fr\\\/essais-ferroviaires\\\/traction-frein-et-captage-de-courant\\\/#breadcrumb\",\"itemListElement\":[{\"@type\":\"ListItem\",\"position\":1,\"name\":\"Home\",\"item\":\"https:\\\/\\\/www.cetestgroup.com\\\/fr\\\/\"},{\"@type\":\"ListItem\",\"position\":2,\"name\":\"Essais ferroviaires\",\"item\":\"https:\\\/\\\/www.cetestgroup.com\\\/fr\\\/essais-ferroviaires\\\/\"},{\"@type\":\"ListItem\",\"position\":3,\"name\":\"Traction, frein et captage de courant\"}]},{\"@type\":\"WebSite\",\"@id\":\"https:\\\/\\\/www.cetestgroup.com\\\/es\\\/#website\",\"url\":\"https:\\\/\\\/www.cetestgroup.com\\\/es\\\/\",\"name\":\"CETEST\",\"description\":\"CETEST is a fully accredited independent test laboratory offering services for design verification, model validation, developmental testing and\\\/or answers to help you identify failure root causes. We carry out tests in our facilities as well as on site as required by customer needs.\",\"potentialAction\":[{\"@type\":\"SearchAction\",\"target\":{\"@type\":\"EntryPoint\",\"urlTemplate\":\"https:\\\/\\\/www.cetestgroup.com\\\/es\\\/?s={search_term_string}\"},\"query-input\":{\"@type\":\"PropertyValueSpecification\",\"valueRequired\":true,\"valueName\":\"search_term_string\"}}],\"inLanguage\":\"fr-FR\"}]}<\/script>\n<!-- \/ Yoast SEO plugin. -->","yoast_head_json":{"title":"Traction, frein et captage de courant | CETEST","description":"Essais en ligne pour l\u2019\u00e9valuation des performances de traction et freinage, ainsi que de captage de courant (interaction pantographe \u2013 cat\u00e9naire).","robots":{"index":"index","follow":"follow","max-snippet":"max-snippet:-1","max-image-preview":"max-image-preview:large","max-video-preview":"max-video-preview:-1"},"canonical":"https:\/\/www.cetestgroup.com\/fr\/essais-ferroviaires\/traction-frein-et-captage-de-courant\/","og_locale":"fr_FR","og_type":"article","og_title":"Traction, frein et captage de courant | CETEST","og_description":"Essais en ligne pour l\u2019\u00e9valuation des performances de traction et freinage, ainsi que de captage de courant (interaction pantographe \u2013 cat\u00e9naire).","og_url":"https:\/\/www.cetestgroup.com\/fr\/essais-ferroviaires\/traction-frein-et-captage-de-courant\/","og_site_name":"CETEST","article_modified_time":"2018-05-29T14:18:41+00:00","twitter_card":"summary_large_image","twitter_misc":{"Dur\u00e9e de lecture estim\u00e9e":"3 minutes"},"schema":{"@context":"https:\/\/schema.org","@graph":[{"@type":"WebPage","@id":"https:\/\/www.cetestgroup.com\/fr\/essais-ferroviaires\/traction-frein-et-captage-de-courant\/","url":"https:\/\/www.cetestgroup.com\/fr\/essais-ferroviaires\/traction-frein-et-captage-de-courant\/","name":"Traction, frein et captage de courant | CETEST","isPartOf":{"@id":"https:\/\/www.cetestgroup.com\/es\/#website"},"datePublished":"2018-05-29T13:42:19+00:00","dateModified":"2018-05-29T14:18:41+00:00","description":"Essais en ligne pour l\u2019\u00e9valuation des performances de traction et freinage, ainsi que de captage de courant (interaction pantographe \u2013 cat\u00e9naire).","breadcrumb":{"@id":"https:\/\/www.cetestgroup.com\/fr\/essais-ferroviaires\/traction-frein-et-captage-de-courant\/#breadcrumb"},"inLanguage":"fr-FR","potentialAction":[{"@type":"ReadAction","target":["https:\/\/www.cetestgroup.com\/fr\/essais-ferroviaires\/traction-frein-et-captage-de-courant\/"]}]},{"@type":"BreadcrumbList","@id":"https:\/\/www.cetestgroup.com\/fr\/essais-ferroviaires\/traction-frein-et-captage-de-courant\/#breadcrumb","itemListElement":[{"@type":"ListItem","position":1,"name":"Home","item":"https:\/\/www.cetestgroup.com\/fr\/"},{"@type":"ListItem","position":2,"name":"Essais ferroviaires","item":"https:\/\/www.cetestgroup.com\/fr\/essais-ferroviaires\/"},{"@type":"ListItem","position":3,"name":"Traction, frein et captage de courant"}]},{"@type":"WebSite","@id":"https:\/\/www.cetestgroup.com\/es\/#website","url":"https:\/\/www.cetestgroup.com\/es\/","name":"CETEST","description":"CETEST is a fully accredited independent test laboratory offering services for design verification, model validation, developmental testing and\/or answers to help you identify failure root causes. We carry out tests in our facilities as well as on site as required by customer needs.","potentialAction":[{"@type":"SearchAction","target":{"@type":"EntryPoint","urlTemplate":"https:\/\/www.cetestgroup.com\/es\/?s={search_term_string}"},"query-input":{"@type":"PropertyValueSpecification","valueRequired":true,"valueName":"search_term_string"}}],"inLanguage":"fr-FR"}]}},"_links":{"self":[{"href":"https:\/\/www.cetestgroup.com\/fr\/wp-json\/wp\/v2\/pages\/18319","targetHints":{"allow":["GET"]}}],"collection":[{"href":"https:\/\/www.cetestgroup.com\/fr\/wp-json\/wp\/v2\/pages"}],"about":[{"href":"https:\/\/www.cetestgroup.com\/fr\/wp-json\/wp\/v2\/types\/page"}],"author":[{"embeddable":true,"href":"https:\/\/www.cetestgroup.com\/fr\/wp-json\/wp\/v2\/users\/1"}],"replies":[{"embeddable":true,"href":"https:\/\/www.cetestgroup.com\/fr\/wp-json\/wp\/v2\/comments?post=18319"}],"version-history":[{"count":3,"href":"https:\/\/www.cetestgroup.com\/fr\/wp-json\/wp\/v2\/pages\/18319\/revisions"}],"predecessor-version":[{"id":18339,"href":"https:\/\/www.cetestgroup.com\/fr\/wp-json\/wp\/v2\/pages\/18319\/revisions\/18339"}],"up":[{"embeddable":true,"href":"https:\/\/www.cetestgroup.com\/fr\/wp-json\/wp\/v2\/pages\/18322"}],"wp:attachment":[{"href":"https:\/\/www.cetestgroup.com\/fr\/wp-json\/wp\/v2\/media?parent=18319"}],"curies":[{"name":"wp","href":"https:\/\/api.w.org\/{rel}","templated":true}]}}