{"id":18307,"date":"2018-05-29T14:23:43","date_gmt":"2018-05-29T13:23:43","guid":{"rendered":"https:\/\/www.cetestgroup.com\/?page_id=18307"},"modified":"2023-04-28T08:10:10","modified_gmt":"2023-04-28T07:10:10","slug":"essais-speciaux-en-ligne","status":"publish","type":"page","link":"https:\/\/www.cetestgroup.com\/fr\/essais-ferroviaires\/essais-speciaux-en-ligne\/","title":{"rendered":"Essais sp\u00e9ciaux en ligne"},"content":{"rendered":"<div class=\"wpb-content-wrapper\"><p>[vc_row][vc_column]<div class=\"ult-spacer spacer-69dd3dcf4cd47\" data-id=\"69dd3dcf4cd47\" data-height=\"70\" data-height-mobile=\"70\" data-height-tab=\"70\" data-height-tab-portrait=\"\" data-height-mobile-landscape=\"\" style=\"clear:both;display:block;\"><\/div><div class=\"dfd-heading-shortcode\"><div class=\"dfd-heading-module-wrap  text-center style_01 dfd-heading-69dd3dcf4cde3 dfd-disable-resposive-headings\" id=\"dfd-heading-69dd3dcf4cde3\" ><div class=\"inline-block\"><div class=\"dfd-heading-module\"><h6 class=\"widget-title dfd-title \" style=\"font-family:PT Sans Narrow; font-weight:400; font-style:normal; font-size: 20px; color: #25bdd5 !important; line-height: 25px; \">Moyens d\u2019essai et essais sur le terrain pour l\u2019\u00e9valuation de la conception selon les exigences a\u00e9rodynamiques et de fatigue des composants pendant le service.<\/p>\n<p>Essais d\u2019homologation selon les normes internationales, ou essais sp\u00e9cifiques pour le d\u00e9veloppement de projets de R&amp;D, la modification et l\u2019optimisation de la conception, ainsi que l\u2019analyse des causes de d\u00e9faillance.<\/h6><div class=\"dfd-heading-delimiter\"><\/div><\/div><\/div><\/div><script type=\"text\/javascript\">\r\n\t\t\t\t\t\t\t\t\t(function($) {\r\n\t\t\t\t\t\t\t\t\t\t$(\"head\").append(\"<style>.dfd-heading-69dd3dcf4cde3.dfd-heading-module-wrap .dfd-heading-module .dfd-heading-delimiter {border-bottom-style:solid;border-bottom-width:1px;width:100px;border-bottom-color:#dddddd;}.dfd-heading-69dd3dcf4cde3.dfd-heading-module-wrap .dfd-heading-module .dfd-heading-delimiter {margin-top:10px;margin-bottom:10px;}<\/style>\");\r\n\t\t\t\t\t\t\t\t\t})(jQuery);\r\n\t\t\t\t\t\t\t\t<\/script><\/div><div class=\"dfd-spacer-module\"  data-units=\"px\" data-wide_resolution=\"1280\" data-wide_size=\"50\" data-normal_resolution=\"1024\" data-normal_size=\"30\" data-tablet_resolution=\"800\" data-tablet_size=\"30\" data-mobile_resolution=\"480\" data-mobile_size=\"30\" style=\"height: 50px;\"><\/div>[\/vc_column][\/vc_row][vc_row][vc_column width=\u00a0\u00bb1\/3&Prime; offset=\u00a0\u00bbvc_col-lg-4&Prime; col_shadow=\u00a0\u00bbbox_shadow_enable:disable|shadow_horizontal:0|shadow_vertical:15|shadow_blur:50|shadow_spread:0|box_shadow_color:rgba(0%2C0%2C0%2C0.35)\u00a0\u00bb col_shadow_hover=\u00a0\u00bbbox_shadow_enable:disable|shadow_horizontal:0|shadow_vertical:15|shadow_blur:50|shadow_spread:0|box_shadow_color:rgba(0%2C0%2C0%2C0.35)\u00a0\u00bb]\n<div id=\"interactive-banner-1-wrap-1483\" class=\"ult-banner-block ult-adjust-bottom-margin ult-bb-box  banner-style01 BannerInteractivo\"   style=\"\">\n\t<img decoding=\"async\" src=\"https:\/\/www.cetestgroup.com\/wp-content\/uploads\/2023\/04\/cetest-aerodynamics-e1682663505345-1.jpg\" alt=\"aerodynamics cetest\">\n\t<h3  data-ultimate-target='#interactive-banner-1-wrap-1483 .bb-top-title '  data-responsive-json-new='{\"font-size\":\"desktop:16px;\",\"line-height\":\"\"}'  class=\"title-center bb-top-title ult-responsive\" style=\"font-weight:bold;color:#ffffff;\">A\u00e9rodynamique<\/h3>\n\t<div class=\"mask opaque-background\" style=\"background:#242424;\">\n\t\t<div  data-ultimate-target='#interactive-banner-1-wrap-1483 .bb-description'  data-responsive-json-new='{\"font-size\":\"desktop:14px;\",\"line-height\":\"\"}'  class=\"bb-description ult-responsive\" style=\"font-weight:normal;color:#ffffff;\">La norme EN 14067 est consacr\u00e9e au ph\u00e9nom\u00e8ne a\u00e9rodynamique agissant sur les v\u00e9hicules ferroviaires \u00e0 l'air libre et dans des tunnels. CETEST est homologu\u00e9e pour effectuer des essais conform\u00e9ment \u00e0 cette norme et ceux inclus dans LOC &amp; PAS TSI.<\/div>\n\t<\/div><a class=\"bb-link\" href=\"https:\/\/www.cetestgroup.com\/fr\/essais-ferroviaires\/essais-speciaux-en-ligne\/aerodynamique\/\" ><\/a>\n<\/div><div class=\"dfd-spacer-module\"  data-units=\"px\" data-wide_resolution=\"1280\" data-wide_size=\"15\" data-normal_resolution=\"1024\" data-normal_size=\"15\" data-tablet_resolution=\"800\" data-tablet_size=\"15\" data-mobile_resolution=\"480\" data-mobile_size=\"10\" style=\"height: 15px;\"><\/div>[\/vc_column][vc_column width=\u00a0\u00bb1\/3&Prime; offset=\u00a0\u00bbvc_col-lg-4&Prime;]\n<div id=\"interactive-banner-1-wrap-7802\" class=\"ult-banner-block ult-adjust-bottom-margin ult-bb-box  banner-style01 BannerInteractivo\"   style=\"\">\n\t<img decoding=\"async\" src=\"https:\/\/www.cetestgroup.com\/wp-content\/uploads\/2023\/04\/on-track-strength-test-e1682663531145-1.jpg\" alt=\"oin track test CETEST\">\n\t<h3  data-ultimate-target='#interactive-banner-1-wrap-7802 .bb-top-title '  data-responsive-json-new='{\"font-size\":\"desktop:16px;\",\"line-height\":\"\"}'  class=\"title-center bb-top-title ult-responsive\" style=\"font-weight:bold;color:#ffffff;\">Essai de surveillance structurelle en ligne<\/h3>\n\t<div class=\"mask opaque-background\" style=\"background:#242424;\">\n\t\t<div  data-ultimate-target='#interactive-banner-1-wrap-7802 .bb-description'  data-responsive-json-new='{\"font-size\":\"desktop:14px;\",\"line-height\":\"\"}'  class=\"bb-description ult-responsive\" style=\"font-weight:normal;color:#ffffff;\">CETEST est sp\u00e9cialiste en essais avec jauges de d\u00e9formation en ligne pour la d\u00e9termination des niveaux de contrainte sur diff\u00e9rents composants (bogies, structures de caisse, ou \u00e9l\u00e9ments sp\u00e9cifiques) pendant le service normal.<\/div>\n\t<\/div><a class=\"bb-link\" href=\"https:\/\/www.cetestgroup.com\/fr\/essais-ferroviaires\/essais-speciaux-en-ligne\/essai-de-surveillance-structurelle-en-ligne\/\" ><\/a>\n<\/div><div class=\"dfd-spacer-module\"  data-units=\"px\" data-wide_resolution=\"1280\" data-wide_size=\"15\" data-normal_resolution=\"1024\" data-normal_size=\"15\" data-tablet_resolution=\"800\" data-tablet_size=\"15\" data-mobile_resolution=\"480\" data-mobile_size=\"10\" style=\"height: 15px;\"><\/div>[\/vc_column][vc_column width=\u00a0\u00bb1\/3&Prime;]\n<div id=\"interactive-banner-1-wrap-6144\" class=\"ult-banner-block ult-adjust-bottom-margin ult-bb-box  banner-style01 BannerInteractivo\"   style=\"\">\n\t<img decoding=\"async\" src=\"https:\/\/www.cetestgroup.com\/wp-content\/uploads\/2023\/04\/pesada-3-e1682665623921.jpg\" alt=\"Weighting cetest\">\n\t<h3  data-ultimate-target='#interactive-banner-1-wrap-6144 .bb-top-title '  data-responsive-json-new='{\"font-size\":\"desktop:16px;\",\"line-height\":\"\"}'  class=\"title-center bb-top-title ult-responsive\" style=\"font-weight:bold;color:#ffffff;\">Pes\u00e9e du vehicule<\/h3>\n\t<div class=\"mask opaque-background\" style=\"background:#242424;\">\n\t\t<div  data-ultimate-target='#interactive-banner-1-wrap-6144 .bb-description'  data-responsive-json-new='{\"font-size\":\"desktop:14px;\",\"line-height\":\"\"}'  class=\"bb-description ult-responsive\" style=\"font-weight:normal;color:#ffffff;\">CETEST a r\u00e9alis\u00e9 de nombreux essais de comportement dynamique conform\u00e9ment aux normes EN50215 et EN15654-2 dans le monde entier.<\/div>\n\t<\/div><a class=\"bb-link\" href=\"https:\/\/www.cetestgroup.com\/fr\/pesee-du-vehicule\/\" ><\/a>\n<\/div><div class=\"dfd-spacer-module\"  data-units=\"px\" data-wide_resolution=\"1280\" data-wide_size=\"15\" data-normal_resolution=\"1024\" data-normal_size=\"15\" data-tablet_resolution=\"800\" data-tablet_size=\"15\" data-mobile_resolution=\"480\" data-mobile_size=\"10\" style=\"height: 15px;\"><\/div>[\/vc_column][\/vc_row][vc_row][vc_column]<div class=\"ult-spacer spacer-69dd3dcf4d97d\" data-id=\"69dd3dcf4d97d\" data-height=\"60\" data-height-mobile=\"30\" data-height-tab=\"40\" data-height-tab-portrait=\"\" data-height-mobile-landscape=\"\" style=\"clear:both;display:block;\"><\/div>[\/vc_column][\/vc_row]<\/p>\n<\/div>","protected":false},"excerpt":{"rendered":"<p>[vc_row][vc_column][\/vc_column][\/vc_row][vc_row][vc_column width=\u00a0\u00bb1\/3&Prime; offset=\u00a0\u00bbvc_col-lg-4&Prime; col_shadow=\u00a0\u00bbbox_shadow_enable:disable|shadow_horizontal:0|shadow_vertical:15|shadow_blur:50|shadow_spread:0|box_shadow_color:rgba(0%2C0%2C0%2C0.35)\u00a0\u00bb col_shadow_hover=\u00a0\u00bbbox_shadow_enable:disable|shadow_horizontal:0|shadow_vertical:15|shadow_blur:50|shadow_spread:0|box_shadow_color:rgba(0%2C0%2C0%2C0.35)\u00a0\u00bb][\/vc_column][vc_column width=\u00a0\u00bb1\/3&Prime; offset=\u00a0\u00bbvc_col-lg-4&Prime;][\/vc_column][vc_column width=\u00a0\u00bb1\/3&Prime;][\/vc_column][\/vc_row][vc_row][vc_column][\/vc_column][\/vc_row]<\/p>\n","protected":false},"author":1,"featured_media":0,"parent":18322,"menu_order":0,"comment_status":"closed","ping_status":"closed","template":"page-custom-with-header.php","meta":{"_acf_changed":false,"footnotes":""},"class_list":["post-18307","page","type-page","status-publish","hentry"],"acf":[],"yoast_head":"<!-- This site is optimized with the Yoast SEO plugin v27.3 - https:\/\/yoast.com\/product\/yoast-seo-wordpress\/ -->\n<title>Essais sp\u00e9ciaux en ligne | CETEST<\/title>\n<meta name=\"description\" content=\"Moyens d\u2019essai et essais sur le terrain pour l\u2019\u00e9valuation de la conception selon les exigences a\u00e9rodynamiques et de fatigue des composants pendant le service.\" \/>\n<meta name=\"robots\" content=\"index, follow, max-snippet:-1, max-image-preview:large, max-video-preview:-1\" \/>\n<link rel=\"canonical\" href=\"https:\/\/www.cetestgroup.com\/fr\/essais-ferroviaires\/essais-speciaux-en-ligne\/\" \/>\n<meta property=\"og:locale\" content=\"fr_FR\" \/>\n<meta property=\"og:type\" content=\"article\" \/>\n<meta property=\"og:title\" content=\"Essais sp\u00e9ciaux en ligne | CETEST\" \/>\n<meta property=\"og:description\" content=\"Moyens d\u2019essai et essais sur le terrain pour l\u2019\u00e9valuation de la conception selon les exigences a\u00e9rodynamiques et de fatigue des composants pendant le service.\" \/>\n<meta property=\"og:url\" content=\"https:\/\/www.cetestgroup.com\/fr\/essais-ferroviaires\/essais-speciaux-en-ligne\/\" \/>\n<meta property=\"og:site_name\" content=\"CETEST\" \/>\n<meta property=\"article:modified_time\" content=\"2023-04-28T07:10:10+00:00\" \/>\n<meta name=\"twitter:card\" content=\"summary_large_image\" \/>\n<meta name=\"twitter:label1\" content=\"Dur\u00e9e de lecture estim\u00e9e\" \/>\n\t<meta name=\"twitter:data1\" content=\"3 minutes\" \/>\n<script type=\"application\/ld+json\" class=\"yoast-schema-graph\">{\"@context\":\"https:\\\/\\\/schema.org\",\"@graph\":[{\"@type\":\"WebPage\",\"@id\":\"https:\\\/\\\/www.cetestgroup.com\\\/fr\\\/essais-ferroviaires\\\/essais-speciaux-en-ligne\\\/\",\"url\":\"https:\\\/\\\/www.cetestgroup.com\\\/fr\\\/essais-ferroviaires\\\/essais-speciaux-en-ligne\\\/\",\"name\":\"Essais sp\u00e9ciaux en ligne | CETEST\",\"isPartOf\":{\"@id\":\"https:\\\/\\\/www.cetestgroup.com\\\/es\\\/#website\"},\"datePublished\":\"2018-05-29T13:23:43+00:00\",\"dateModified\":\"2023-04-28T07:10:10+00:00\",\"description\":\"Moyens d\u2019essai et essais sur le terrain pour l\u2019\u00e9valuation de la conception selon les exigences a\u00e9rodynamiques et de fatigue des composants pendant le service.\",\"breadcrumb\":{\"@id\":\"https:\\\/\\\/www.cetestgroup.com\\\/fr\\\/essais-ferroviaires\\\/essais-speciaux-en-ligne\\\/#breadcrumb\"},\"inLanguage\":\"fr-FR\",\"potentialAction\":[{\"@type\":\"ReadAction\",\"target\":[\"https:\\\/\\\/www.cetestgroup.com\\\/fr\\\/essais-ferroviaires\\\/essais-speciaux-en-ligne\\\/\"]}]},{\"@type\":\"BreadcrumbList\",\"@id\":\"https:\\\/\\\/www.cetestgroup.com\\\/fr\\\/essais-ferroviaires\\\/essais-speciaux-en-ligne\\\/#breadcrumb\",\"itemListElement\":[{\"@type\":\"ListItem\",\"position\":1,\"name\":\"Home\",\"item\":\"https:\\\/\\\/www.cetestgroup.com\\\/fr\\\/\"},{\"@type\":\"ListItem\",\"position\":2,\"name\":\"Essais ferroviaires\",\"item\":\"https:\\\/\\\/www.cetestgroup.com\\\/fr\\\/essais-ferroviaires\\\/\"},{\"@type\":\"ListItem\",\"position\":3,\"name\":\"Essais sp\u00e9ciaux en ligne\"}]},{\"@type\":\"WebSite\",\"@id\":\"https:\\\/\\\/www.cetestgroup.com\\\/es\\\/#website\",\"url\":\"https:\\\/\\\/www.cetestgroup.com\\\/es\\\/\",\"name\":\"CETEST\",\"description\":\"CETEST is a fully accredited independent test laboratory offering services for design verification, model validation, developmental testing and\\\/or answers to help you identify failure root causes. We carry out tests in our facilities as well as on site as required by customer needs.\",\"potentialAction\":[{\"@type\":\"SearchAction\",\"target\":{\"@type\":\"EntryPoint\",\"urlTemplate\":\"https:\\\/\\\/www.cetestgroup.com\\\/es\\\/?s={search_term_string}\"},\"query-input\":{\"@type\":\"PropertyValueSpecification\",\"valueRequired\":true,\"valueName\":\"search_term_string\"}}],\"inLanguage\":\"fr-FR\"}]}<\/script>\n<!-- \/ Yoast SEO plugin. -->","yoast_head_json":{"title":"Essais sp\u00e9ciaux en ligne | CETEST","description":"Moyens d\u2019essai et essais sur le terrain pour l\u2019\u00e9valuation de la conception selon les exigences a\u00e9rodynamiques et de fatigue des composants pendant le service.","robots":{"index":"index","follow":"follow","max-snippet":"max-snippet:-1","max-image-preview":"max-image-preview:large","max-video-preview":"max-video-preview:-1"},"canonical":"https:\/\/www.cetestgroup.com\/fr\/essais-ferroviaires\/essais-speciaux-en-ligne\/","og_locale":"fr_FR","og_type":"article","og_title":"Essais sp\u00e9ciaux en ligne | CETEST","og_description":"Moyens d\u2019essai et essais sur le terrain pour l\u2019\u00e9valuation de la conception selon les exigences a\u00e9rodynamiques et de fatigue des composants pendant le service.","og_url":"https:\/\/www.cetestgroup.com\/fr\/essais-ferroviaires\/essais-speciaux-en-ligne\/","og_site_name":"CETEST","article_modified_time":"2023-04-28T07:10:10+00:00","twitter_card":"summary_large_image","twitter_misc":{"Dur\u00e9e de lecture estim\u00e9e":"3 minutes"},"schema":{"@context":"https:\/\/schema.org","@graph":[{"@type":"WebPage","@id":"https:\/\/www.cetestgroup.com\/fr\/essais-ferroviaires\/essais-speciaux-en-ligne\/","url":"https:\/\/www.cetestgroup.com\/fr\/essais-ferroviaires\/essais-speciaux-en-ligne\/","name":"Essais sp\u00e9ciaux en ligne | CETEST","isPartOf":{"@id":"https:\/\/www.cetestgroup.com\/es\/#website"},"datePublished":"2018-05-29T13:23:43+00:00","dateModified":"2023-04-28T07:10:10+00:00","description":"Moyens d\u2019essai et essais sur le terrain pour l\u2019\u00e9valuation de la conception selon les exigences a\u00e9rodynamiques et de fatigue des composants pendant le service.","breadcrumb":{"@id":"https:\/\/www.cetestgroup.com\/fr\/essais-ferroviaires\/essais-speciaux-en-ligne\/#breadcrumb"},"inLanguage":"fr-FR","potentialAction":[{"@type":"ReadAction","target":["https:\/\/www.cetestgroup.com\/fr\/essais-ferroviaires\/essais-speciaux-en-ligne\/"]}]},{"@type":"BreadcrumbList","@id":"https:\/\/www.cetestgroup.com\/fr\/essais-ferroviaires\/essais-speciaux-en-ligne\/#breadcrumb","itemListElement":[{"@type":"ListItem","position":1,"name":"Home","item":"https:\/\/www.cetestgroup.com\/fr\/"},{"@type":"ListItem","position":2,"name":"Essais ferroviaires","item":"https:\/\/www.cetestgroup.com\/fr\/essais-ferroviaires\/"},{"@type":"ListItem","position":3,"name":"Essais sp\u00e9ciaux en ligne"}]},{"@type":"WebSite","@id":"https:\/\/www.cetestgroup.com\/es\/#website","url":"https:\/\/www.cetestgroup.com\/es\/","name":"CETEST","description":"CETEST is a fully accredited independent test laboratory offering services for design verification, model validation, developmental testing and\/or answers to help you identify failure root causes. We carry out tests in our facilities as well as on site as required by customer needs.","potentialAction":[{"@type":"SearchAction","target":{"@type":"EntryPoint","urlTemplate":"https:\/\/www.cetestgroup.com\/es\/?s={search_term_string}"},"query-input":{"@type":"PropertyValueSpecification","valueRequired":true,"valueName":"search_term_string"}}],"inLanguage":"fr-FR"}]}},"_links":{"self":[{"href":"https:\/\/www.cetestgroup.com\/fr\/wp-json\/wp\/v2\/pages\/18307","targetHints":{"allow":["GET"]}}],"collection":[{"href":"https:\/\/www.cetestgroup.com\/fr\/wp-json\/wp\/v2\/pages"}],"about":[{"href":"https:\/\/www.cetestgroup.com\/fr\/wp-json\/wp\/v2\/types\/page"}],"author":[{"embeddable":true,"href":"https:\/\/www.cetestgroup.com\/fr\/wp-json\/wp\/v2\/users\/1"}],"replies":[{"embeddable":true,"href":"https:\/\/www.cetestgroup.com\/fr\/wp-json\/wp\/v2\/comments?post=18307"}],"version-history":[{"count":2,"href":"https:\/\/www.cetestgroup.com\/fr\/wp-json\/wp\/v2\/pages\/18307\/revisions"}],"predecessor-version":[{"id":19900,"href":"https:\/\/www.cetestgroup.com\/fr\/wp-json\/wp\/v2\/pages\/18307\/revisions\/19900"}],"up":[{"embeddable":true,"href":"https:\/\/www.cetestgroup.com\/fr\/wp-json\/wp\/v2\/pages\/18322"}],"wp:attachment":[{"href":"https:\/\/www.cetestgroup.com\/fr\/wp-json\/wp\/v2\/media?parent=18307"}],"curies":[{"name":"wp","href":"https:\/\/api.w.org\/{rel}","templated":true}]}}