{"id":18300,"date":"2018-05-29T14:09:48","date_gmt":"2018-05-29T13:09:48","guid":{"rendered":"https:\/\/www.cetestgroup.com\/?page_id=18300"},"modified":"2018-05-29T15:09:03","modified_gmt":"2018-05-29T14:09:03","slug":"bruit-et-vibrations","status":"publish","type":"page","link":"https:\/\/www.cetestgroup.com\/fr\/essais-ferroviaires\/bruit-et-vibrations\/","title":{"rendered":"Bruit et vibrations"},"content":{"rendered":"<div class=\"wpb-content-wrapper\"><p>[vc_row][vc_column]<div class=\"ult-spacer spacer-69dcef8b1e862\" data-id=\"69dcef8b1e862\" data-height=\"70\" data-height-mobile=\"70\" data-height-tab=\"70\" data-height-tab-portrait=\"\" data-height-mobile-landscape=\"\" style=\"clear:both;display:block;\"><\/div><div class=\"dfd-heading-shortcode\"><div class=\"dfd-heading-module-wrap  text-center style_01 dfd-heading-69dcef8b1e96a dfd-disable-resposive-headings\" id=\"dfd-heading-69dcef8b1e96a\" ><div class=\"inline-block\"><div class=\"dfd-heading-module\"><h6 class=\"widget-title dfd-title \" style=\"font-family:PT Sans Narrow; font-weight:400; font-style:normal; font-size: 20px; color: #25bdd5 !important; line-height: 25px; \">Essai de bruit et d\u00e9termination des niveaux de vibrations sur composants et sur v\u00e9hicule complet.<\/p>\n<p>Essais d\u2019homologation selon les normes internationales, ou essais sp\u00e9cifiques pour le d\u00e9veloppement de projets de R&amp;D, la modification et l\u2019optimisation de la conception, ainsi que l\u2019analyse des causes de d\u00e9faillance.<\/h6><div class=\"dfd-heading-delimiter\"><\/div><\/div><\/div><\/div><script type=\"text\/javascript\">\r\n\t\t\t\t\t\t\t\t\t(function($) {\r\n\t\t\t\t\t\t\t\t\t\t$(\"head\").append(\"<style>.dfd-heading-69dcef8b1e96a.dfd-heading-module-wrap .dfd-heading-module .dfd-heading-delimiter {border-bottom-style:solid;border-bottom-width:1px;width:100px;border-bottom-color:#dddddd;}.dfd-heading-69dcef8b1e96a.dfd-heading-module-wrap .dfd-heading-module .dfd-heading-delimiter {margin-top:10px;margin-bottom:10px;}<\/style>\");\r\n\t\t\t\t\t\t\t\t\t})(jQuery);\r\n\t\t\t\t\t\t\t\t<\/script><\/div><div class=\"dfd-spacer-module\"  data-units=\"px\" data-wide_resolution=\"1280\" data-wide_size=\"50\" data-normal_resolution=\"1024\" data-normal_size=\"30\" data-tablet_resolution=\"800\" data-tablet_size=\"30\" data-mobile_resolution=\"480\" data-mobile_size=\"30\" style=\"height: 50px;\"><\/div>[\/vc_column][\/vc_row][vc_row][vc_column width=\u00a0\u00bb1\/3&Prime; offset=\u00a0\u00bbvc_col-lg-4&Prime;]\n<div id=\"interactive-banner-1-wrap-9273\" class=\"ult-banner-block ult-adjust-bottom-margin ult-bb-box  banner-style01 BannerInteractivo\"   style=\"\">\n\t<img decoding=\"async\" src=\"https:\/\/www.cetestgroup.com\/wp-content\/uploads\/2017\/09\/cetest-noise-and-vibrations-noise-boton.jpg\" alt=\"Cetest: Noise\">\n\t<h3  data-ultimate-target='#interactive-banner-1-wrap-9273 .bb-top-title '  data-responsive-json-new='{\"font-size\":\"desktop:16px;\",\"line-height\":\"\"}'  class=\"title-center bb-top-title ult-responsive\" style=\"font-weight:bold;color:#ffffff;\">Bruit<\/h3>\n\t<div class=\"mask opaque-background\" style=\"background:#242424;\">\n\t\t<div  data-ultimate-target='#interactive-banner-1-wrap-9273 .bb-description'  data-responsive-json-new='{\"font-size\":\"desktop:14px;\",\"line-height\":\"\"}'  class=\"bb-description ult-responsive\" style=\"font-weight:normal;color:#ffffff;\">CETEST est homologu\u00e9e pour la r\u00e9alisation d\u2019essais de bruit conform\u00e9ment aux normes ISO 3095, ISO 3381, TSI 1304\/2014, UIC 651, EN 15892, EN 15153 et UIC 644, entre autres.<\/div>\n\t<\/div><a class=\"bb-link\" href=\"https:\/\/www.cetestgroup.com\/fr\/essais-ferroviaires\/bruit-et-vibrations\/bruit\/\" ><\/a>\n<\/div><div class=\"dfd-spacer-module\"  data-units=\"px\" data-wide_resolution=\"1280\" data-wide_size=\"15\" data-normal_resolution=\"1024\" data-normal_size=\"15\" data-tablet_resolution=\"800\" data-tablet_size=\"15\" data-mobile_resolution=\"480\" data-mobile_size=\"10\" style=\"height: 15px;\"><\/div>[\/vc_column][vc_column width=\u00a0\u00bb1\/3&Prime;]\n<div id=\"interactive-banner-1-wrap-9154\" class=\"ult-banner-block ult-adjust-bottom-margin ult-bb-box  banner-style01 BannerInteractivo\"   style=\"\">\n\t<img decoding=\"async\" src=\"https:\/\/www.cetestgroup.com\/wp-content\/uploads\/2017\/09\/cetest-vibrations-boton.jpg\" alt=\"Cetest: Vibrations\">\n\t<h3  data-ultimate-target='#interactive-banner-1-wrap-9154 .bb-top-title '  data-responsive-json-new='{\"font-size\":\"desktop:16px;\",\"line-height\":\"\"}'  class=\"title-center bb-top-title ult-responsive\" style=\"font-weight:bold;color:#ffffff;\">Vibrations<\/h3>\n\t<div class=\"mask opaque-background\" style=\"background:#242424;\">\n\t\t<div  data-ultimate-target='#interactive-banner-1-wrap-9154 .bb-description'  data-responsive-json-new='{\"font-size\":\"desktop:14px;\",\"line-height\":\"\"}'  class=\"bb-description ult-responsive\" style=\"font-weight:normal;color:#ffffff;\">CETEST mesure et analyse les niveaux de vibration sur des composants et sous-ensembles en vue d\u2019\u00e9tudier leur conformit\u00e9 aux normes et aux limites.<\/div>\n\t<\/div><a class=\"bb-link\" href=\"https:\/\/www.cetestgroup.com\/fr\/essais-ferroviaires\/bruit-et-vibrations\/vibrations\/\" ><\/a>\n<\/div><div class=\"dfd-spacer-module\"  data-units=\"px\" data-wide_resolution=\"1280\" data-wide_size=\"15\" data-normal_resolution=\"1024\" data-normal_size=\"15\" data-tablet_resolution=\"800\" data-tablet_size=\"15\" data-mobile_resolution=\"480\" data-mobile_size=\"10\" style=\"height: 15px;\"><\/div>[\/vc_column][vc_column width=\u00a0\u00bb1\/3&Prime;]\n<div id=\"interactive-banner-1-wrap-4119\" class=\"ult-banner-block ult-adjust-bottom-margin ult-bb-box  banner-style01 BannerInteractivo\"   style=\"\">\n\t<img decoding=\"async\" src=\"https:\/\/www.cetestgroup.com\/wp-content\/uploads\/2017\/09\/cetest-modal-analysis-boton.jpg\" alt=\"Cetest: Modal analysis\">\n\t<h3  data-ultimate-target='#interactive-banner-1-wrap-4119 .bb-top-title '  data-responsive-json-new='{\"font-size\":\"desktop:16px;\",\"line-height\":\"\"}'  class=\"title-center bb-top-title ult-responsive\" style=\"font-weight:bold;color:#ffffff;\">Analyse modale<\/h3>\n\t<div class=\"mask opaque-background\" style=\"background:#242424;\">\n\t\t<div  data-ultimate-target='#interactive-banner-1-wrap-4119 .bb-description'  data-responsive-json-new='{\"font-size\":\"desktop:14px;\",\"line-height\":\"\"}'  class=\"bb-description ult-responsive\" style=\"font-weight:normal;color:#ffffff;\">L'essai d'analyse modale utilise les techniques les plus appropri\u00e9es pour d\u00e9terminer les fr\u00e9quences propres, les modes et les formes de vibration de composants et\/ou v\u00e9hicules.<\/div>\n\t<\/div><a class=\"bb-link\" href=\"https:\/\/www.cetestgroup.com\/fr\/essais-ferroviaires\/bruit-et-vibrations\/analyse-modale\/\" ><\/a>\n<\/div><div class=\"dfd-spacer-module\"  data-units=\"px\" data-wide_resolution=\"1280\" data-wide_size=\"15\" data-normal_resolution=\"1024\" data-normal_size=\"15\" data-tablet_resolution=\"800\" data-tablet_size=\"15\" data-mobile_resolution=\"480\" data-mobile_size=\"10\" style=\"height: 15px;\"><\/div>[\/vc_column][\/vc_row][vc_row][vc_column]<div class=\"ult-spacer spacer-69dcef8b1f8bf\" data-id=\"69dcef8b1f8bf\" data-height=\"60\" data-height-mobile=\"30\" data-height-tab=\"40\" data-height-tab-portrait=\"\" data-height-mobile-landscape=\"\" style=\"clear:both;display:block;\"><\/div>[\/vc_column][\/vc_row]<\/p>\n<\/div>","protected":false},"excerpt":{"rendered":"<p>[vc_row][vc_column][\/vc_column][\/vc_row][vc_row][vc_column width=\u00a0\u00bb1\/3&Prime; offset=\u00a0\u00bbvc_col-lg-4&Prime;][\/vc_column][vc_column width=\u00a0\u00bb1\/3&Prime;][\/vc_column][vc_column width=\u00a0\u00bb1\/3&Prime;][\/vc_column][\/vc_row][vc_row][vc_column][\/vc_column][\/vc_row]<\/p>\n","protected":false},"author":1,"featured_media":0,"parent":18322,"menu_order":0,"comment_status":"closed","ping_status":"closed","template":"page-custom-with-header.php","meta":{"_acf_changed":false,"footnotes":""},"class_list":["post-18300","page","type-page","status-publish","hentry"],"acf":[],"yoast_head":"<!-- This site is optimized with the Yoast SEO plugin v27.3 - https:\/\/yoast.com\/product\/yoast-seo-wordpress\/ -->\n<title>Bruit et vibrations | CETEST<\/title>\n<meta name=\"description\" content=\"Essai de bruit et d\u00e9termination des niveaux de vibrations sur composants et sur v\u00e9hicule complet. Essais d\u2019homologation selon les normes internationales, ou essais sp\u00e9cifiques pour le d\u00e9veloppement de projets de R&amp;D, la modification et l\u2019optimisation de la conception, ainsi que l\u2019analyse des causes de d\u00e9faillance.\" \/>\n<meta name=\"robots\" content=\"index, follow, max-snippet:-1, max-image-preview:large, max-video-preview:-1\" \/>\n<link rel=\"canonical\" href=\"https:\/\/www.cetestgroup.com\/fr\/essais-ferroviaires\/bruit-et-vibrations\/\" \/>\n<meta property=\"og:locale\" content=\"fr_FR\" \/>\n<meta property=\"og:type\" content=\"article\" \/>\n<meta property=\"og:title\" content=\"Bruit et vibrations | CETEST\" \/>\n<meta property=\"og:description\" content=\"Essai de bruit et d\u00e9termination des niveaux de vibrations sur composants et sur v\u00e9hicule complet. Essais d\u2019homologation selon les normes internationales, ou essais sp\u00e9cifiques pour le d\u00e9veloppement de projets de R&amp;D, la modification et l\u2019optimisation de la conception, ainsi que l\u2019analyse des causes de d\u00e9faillance.\" \/>\n<meta property=\"og:url\" content=\"https:\/\/www.cetestgroup.com\/fr\/essais-ferroviaires\/bruit-et-vibrations\/\" \/>\n<meta property=\"og:site_name\" content=\"CETEST\" \/>\n<meta property=\"article:modified_time\" content=\"2018-05-29T14:09:03+00:00\" \/>\n<meta name=\"twitter:card\" content=\"summary_large_image\" \/>\n<meta name=\"twitter:label1\" content=\"Dur\u00e9e de lecture estim\u00e9e\" \/>\n\t<meta name=\"twitter:data1\" content=\"2 minutes\" \/>\n<script type=\"application\/ld+json\" class=\"yoast-schema-graph\">{\"@context\":\"https:\\\/\\\/schema.org\",\"@graph\":[{\"@type\":\"WebPage\",\"@id\":\"https:\\\/\\\/www.cetestgroup.com\\\/fr\\\/essais-ferroviaires\\\/bruit-et-vibrations\\\/\",\"url\":\"https:\\\/\\\/www.cetestgroup.com\\\/fr\\\/essais-ferroviaires\\\/bruit-et-vibrations\\\/\",\"name\":\"Bruit et vibrations | CETEST\",\"isPartOf\":{\"@id\":\"https:\\\/\\\/www.cetestgroup.com\\\/es\\\/#website\"},\"datePublished\":\"2018-05-29T13:09:48+00:00\",\"dateModified\":\"2018-05-29T14:09:03+00:00\",\"description\":\"Essai de bruit et d\u00e9termination des niveaux de vibrations sur composants et sur v\u00e9hicule complet. Essais d\u2019homologation selon les normes internationales, ou essais sp\u00e9cifiques pour le d\u00e9veloppement de projets de R&D, la modification et l\u2019optimisation de la conception, ainsi que l\u2019analyse des causes de d\u00e9faillance.\",\"breadcrumb\":{\"@id\":\"https:\\\/\\\/www.cetestgroup.com\\\/fr\\\/essais-ferroviaires\\\/bruit-et-vibrations\\\/#breadcrumb\"},\"inLanguage\":\"fr-FR\",\"potentialAction\":[{\"@type\":\"ReadAction\",\"target\":[\"https:\\\/\\\/www.cetestgroup.com\\\/fr\\\/essais-ferroviaires\\\/bruit-et-vibrations\\\/\"]}]},{\"@type\":\"BreadcrumbList\",\"@id\":\"https:\\\/\\\/www.cetestgroup.com\\\/fr\\\/essais-ferroviaires\\\/bruit-et-vibrations\\\/#breadcrumb\",\"itemListElement\":[{\"@type\":\"ListItem\",\"position\":1,\"name\":\"Home\",\"item\":\"https:\\\/\\\/www.cetestgroup.com\\\/fr\\\/\"},{\"@type\":\"ListItem\",\"position\":2,\"name\":\"Essais ferroviaires\",\"item\":\"https:\\\/\\\/www.cetestgroup.com\\\/fr\\\/essais-ferroviaires\\\/\"},{\"@type\":\"ListItem\",\"position\":3,\"name\":\"Bruit et vibrations\"}]},{\"@type\":\"WebSite\",\"@id\":\"https:\\\/\\\/www.cetestgroup.com\\\/es\\\/#website\",\"url\":\"https:\\\/\\\/www.cetestgroup.com\\\/es\\\/\",\"name\":\"CETEST\",\"description\":\"CETEST is a fully accredited independent test laboratory offering services for design verification, model validation, developmental testing and\\\/or answers to help you identify failure root causes. We carry out tests in our facilities as well as on site as required by customer needs.\",\"potentialAction\":[{\"@type\":\"SearchAction\",\"target\":{\"@type\":\"EntryPoint\",\"urlTemplate\":\"https:\\\/\\\/www.cetestgroup.com\\\/es\\\/?s={search_term_string}\"},\"query-input\":{\"@type\":\"PropertyValueSpecification\",\"valueRequired\":true,\"valueName\":\"search_term_string\"}}],\"inLanguage\":\"fr-FR\"}]}<\/script>\n<!-- \/ Yoast SEO plugin. -->","yoast_head_json":{"title":"Bruit et vibrations | CETEST","description":"Essai de bruit et d\u00e9termination des niveaux de vibrations sur composants et sur v\u00e9hicule complet. Essais d\u2019homologation selon les normes internationales, ou essais sp\u00e9cifiques pour le d\u00e9veloppement de projets de R&D, la modification et l\u2019optimisation de la conception, ainsi que l\u2019analyse des causes de d\u00e9faillance.","robots":{"index":"index","follow":"follow","max-snippet":"max-snippet:-1","max-image-preview":"max-image-preview:large","max-video-preview":"max-video-preview:-1"},"canonical":"https:\/\/www.cetestgroup.com\/fr\/essais-ferroviaires\/bruit-et-vibrations\/","og_locale":"fr_FR","og_type":"article","og_title":"Bruit et vibrations | CETEST","og_description":"Essai de bruit et d\u00e9termination des niveaux de vibrations sur composants et sur v\u00e9hicule complet. Essais d\u2019homologation selon les normes internationales, ou essais sp\u00e9cifiques pour le d\u00e9veloppement de projets de R&D, la modification et l\u2019optimisation de la conception, ainsi que l\u2019analyse des causes de d\u00e9faillance.","og_url":"https:\/\/www.cetestgroup.com\/fr\/essais-ferroviaires\/bruit-et-vibrations\/","og_site_name":"CETEST","article_modified_time":"2018-05-29T14:09:03+00:00","twitter_card":"summary_large_image","twitter_misc":{"Dur\u00e9e de lecture estim\u00e9e":"2 minutes"},"schema":{"@context":"https:\/\/schema.org","@graph":[{"@type":"WebPage","@id":"https:\/\/www.cetestgroup.com\/fr\/essais-ferroviaires\/bruit-et-vibrations\/","url":"https:\/\/www.cetestgroup.com\/fr\/essais-ferroviaires\/bruit-et-vibrations\/","name":"Bruit et vibrations | CETEST","isPartOf":{"@id":"https:\/\/www.cetestgroup.com\/es\/#website"},"datePublished":"2018-05-29T13:09:48+00:00","dateModified":"2018-05-29T14:09:03+00:00","description":"Essai de bruit et d\u00e9termination des niveaux de vibrations sur composants et sur v\u00e9hicule complet. Essais d\u2019homologation selon les normes internationales, ou essais sp\u00e9cifiques pour le d\u00e9veloppement de projets de R&D, la modification et l\u2019optimisation de la conception, ainsi que l\u2019analyse des causes de d\u00e9faillance.","breadcrumb":{"@id":"https:\/\/www.cetestgroup.com\/fr\/essais-ferroviaires\/bruit-et-vibrations\/#breadcrumb"},"inLanguage":"fr-FR","potentialAction":[{"@type":"ReadAction","target":["https:\/\/www.cetestgroup.com\/fr\/essais-ferroviaires\/bruit-et-vibrations\/"]}]},{"@type":"BreadcrumbList","@id":"https:\/\/www.cetestgroup.com\/fr\/essais-ferroviaires\/bruit-et-vibrations\/#breadcrumb","itemListElement":[{"@type":"ListItem","position":1,"name":"Home","item":"https:\/\/www.cetestgroup.com\/fr\/"},{"@type":"ListItem","position":2,"name":"Essais ferroviaires","item":"https:\/\/www.cetestgroup.com\/fr\/essais-ferroviaires\/"},{"@type":"ListItem","position":3,"name":"Bruit et vibrations"}]},{"@type":"WebSite","@id":"https:\/\/www.cetestgroup.com\/es\/#website","url":"https:\/\/www.cetestgroup.com\/es\/","name":"CETEST","description":"CETEST is a fully accredited independent test laboratory offering services for design verification, model validation, developmental testing and\/or answers to help you identify failure root causes. We carry out tests in our facilities as well as on site as required by customer needs.","potentialAction":[{"@type":"SearchAction","target":{"@type":"EntryPoint","urlTemplate":"https:\/\/www.cetestgroup.com\/es\/?s={search_term_string}"},"query-input":{"@type":"PropertyValueSpecification","valueRequired":true,"valueName":"search_term_string"}}],"inLanguage":"fr-FR"}]}},"_links":{"self":[{"href":"https:\/\/www.cetestgroup.com\/fr\/wp-json\/wp\/v2\/pages\/18300","targetHints":{"allow":["GET"]}}],"collection":[{"href":"https:\/\/www.cetestgroup.com\/fr\/wp-json\/wp\/v2\/pages"}],"about":[{"href":"https:\/\/www.cetestgroup.com\/fr\/wp-json\/wp\/v2\/types\/page"}],"author":[{"embeddable":true,"href":"https:\/\/www.cetestgroup.com\/fr\/wp-json\/wp\/v2\/users\/1"}],"replies":[{"embeddable":true,"href":"https:\/\/www.cetestgroup.com\/fr\/wp-json\/wp\/v2\/comments?post=18300"}],"version-history":[{"count":3,"href":"https:\/\/www.cetestgroup.com\/fr\/wp-json\/wp\/v2\/pages\/18300\/revisions"}],"predecessor-version":[{"id":18329,"href":"https:\/\/www.cetestgroup.com\/fr\/wp-json\/wp\/v2\/pages\/18300\/revisions\/18329"}],"up":[{"embeddable":true,"href":"https:\/\/www.cetestgroup.com\/fr\/wp-json\/wp\/v2\/pages\/18322"}],"wp:attachment":[{"href":"https:\/\/www.cetestgroup.com\/fr\/wp-json\/wp\/v2\/media?parent=18300"}],"curies":[{"name":"wp","href":"https:\/\/api.w.org\/{rel}","templated":true}]}}