{"id":18282,"date":"2018-05-29T12:55:23","date_gmt":"2018-05-29T11:55:23","guid":{"rendered":"https:\/\/www.cetestgroup.com\/?page_id=18282"},"modified":"2025-03-10T10:46:47","modified_gmt":"2025-03-10T10:46:47","slug":"captage-de-courant","status":"publish","type":"page","link":"https:\/\/www.cetestgroup.com\/fr\/essais-ferroviaires\/traction-frein-et-captage-de-courant\/captage-de-courant\/","title":{"rendered":"Captage de courant"},"content":{"rendered":"<div class=\"wpb-content-wrapper\"><p>[vc_row][vc_column]<div class=\"ult-spacer spacer-69dcb357d69c1\" data-id=\"69dcb357d69c1\" data-height=\"30\" data-height-mobile=\"20\" data-height-tab=\"20\" data-height-tab-portrait=\"\" data-height-mobile-landscape=\"\" style=\"clear:both;display:block;\"><\/div><div class=\"dfd-heading-shortcode\"><div class=\"dfd-heading-module-wrap  text-center style_01 dfd-heading-69dcb357d6add dfd-disable-resposive-headings\" id=\"dfd-heading-69dcb357d6add\" ><div class=\"inline-block\"><div class=\"dfd-heading-module\"><h6 class=\"widget-title dfd-title \" style=\"font-family:PT Sans Narrow; font-weight:400; font-style:normal; font-size: 20px; color: #25bdd5 !important; line-height: 25px; \">CETEST est homologu\u00e9e pour la r\u00e9alisation d&rsquo;essais d&rsquo;\u00e9valuation de la qualit\u00e9 du captage de courant, conform\u00e9ment aux normes EN 50317, EN 50367 et TSI.<\/h6><div class=\"dfd-heading-delimiter\"><\/div><\/div><\/div><\/div><script type=\"text\/javascript\">\r\n\t\t\t\t\t\t\t\t\t(function($) {\r\n\t\t\t\t\t\t\t\t\t\t$(\"head\").append(\"<style>.dfd-heading-69dcb357d6add.dfd-heading-module-wrap .dfd-heading-module .dfd-heading-delimiter {border-bottom-style:solid;border-bottom-width:1px;width:100px;border-bottom-color:#dddddd;}.dfd-heading-69dcb357d6add.dfd-heading-module-wrap .dfd-heading-module .dfd-heading-delimiter {margin-top:20px;margin-bottom:20px;}<\/style>\");\r\n\t\t\t\t\t\t\t\t\t})(jQuery);\r\n\t\t\t\t\t\t\t\t<\/script><\/div><div class=\"ult-spacer spacer-69dcb357d6caa\" data-id=\"69dcb357d6caa\" data-height=\"30\" data-height-mobile=\"20\" data-height-tab=\"20\" data-height-tab-portrait=\"\" data-height-mobile-landscape=\"\" style=\"clear:both;display:block;\"><\/div>[vc_row_inner][vc_column_inner width=\u00a0\u00bb1\/3&Prime;][vc_column_text css=\u00a0\u00bb\u00a0\u00bb]Nous \u00e9valuons la qualit\u00e9 du captage de courant \u00e0 travers les essais suivants, comme l\u2019exigent les normes mentionn\u00e9es ci-dessus:<\/p>\n<ul>\n<li>\n<div id=\"tw-target-text-container\" class=\"tw-ta-container F0azHf tw-nfl\" tabindex=\"0\">\n<p id=\"tw-target-text\" class=\"tw-data-text tw-text-large tw-ta\" dir=\"ltr\" data-placeholder=\"Translation\"><span class=\"Y2IQFc\" lang=\"fr\"><strong>Simulation<\/strong>: Logiciel de simulation d&rsquo;interaction pantographe-cat\u00e9naire.<\/span><\/p>\n<\/div>\n<\/li>\n<li><strong>\u00c9valuation des forces de contact entre l\u2019archet et la cat\u00e9naire:<\/strong> le pantographe est instrument\u00e9 dans les installations de CETEST, et calibr\u00e9 sur un banc d\u2019essais sp\u00e9cial pour pantographes. Vous pouvez trouver plus d\u2019informations sur notre <a href=\"https:\/\/www.cetestgroup.com\/fr\/essais-ferroviaires\/instrumentation-speciale\/pantographe-instrumente\/\">pantographe instrument\u00e9<\/a>.<\/li>\n<li><strong>Soul\u00e8vement du fil:<\/strong> Le syst\u00e8me de mesure est non intrusif, c&rsquo;est-\u00e0-dire qu&rsquo;aucune modification de la cat\u00e9naire n&rsquo;est n\u00e9cessaire. Il est install\u00e9 \u00e0 c\u00f4t\u00e9 de la voie, avec une cam\u00e9ra pointant le fil de contact. Ce syst\u00e8me mesure le d\u00e9placement vertical du fil de contact provoqu\u00e9 par le passage d&rsquo;un train. Le d\u00e9placement vertical obtenu est \u00e9valu\u00e9 selon les limites \u00e9tablies dans les normes.<\/li>\n<li><strong>Compteur d&rsquo;arcs:<\/strong> mesure du nombre et de la dur\u00e9e des arcs g\u00e9n\u00e9r\u00e9s pendant le fonctionnement. Les param\u00e8tres sont analys\u00e9s conform\u00e9ment \u00e0 la norme EN50317, donnant les informations n\u00e9cessaires pour \u00e9valuer la qualit\u00e9 du captage de courant.<\/li>\n<\/ul>\n<p id=\"tw-target-text\" class=\"tw-data-text tw-text-large tw-ta\" dir=\"ltr\" data-placeholder=\"Traducci\u00f3n\"><span class=\"Y2IQFc\" lang=\"fr\">Autres tests de panto: <\/span><\/p>\n<ul>\n<li class=\"tw-data-text tw-text-large tw-ta\" dir=\"ltr\" data-placeholder=\"Traducci\u00f3n\"><span class=\"Y2IQFc\" lang=\"fr\"><strong>V\u00e9rification du syst\u00e8me d&rsquo;exploitation \u00e0 vitesse maximale<\/strong>: distance d&rsquo;isolement. <\/span><\/li>\n<li class=\"tw-data-text tw-text-large tw-ta\" dir=\"ltr\" data-placeholder=\"Traducci\u00f3n\"><span class=\"Y2IQFc\" lang=\"fr\"><strong>Mesure de la force statique<\/strong>.<\/span><\/li>\n<\/ul>\n<p>[\/vc_column_text]<div class=\"ult-spacer spacer-69dcb357d6cfa\" data-id=\"69dcb357d6cfa\" data-height=\"20\" data-height-mobile=\"10\" data-height-tab=\"20\" data-height-tab-portrait=\"\" data-height-mobile-landscape=\"\" style=\"clear:both;display:block;\"><\/div>[\/vc_column_inner][vc_column_inner width=\u00a0\u00bb2\/3&Prime; css=\u00a0\u00bb.vc_custom_1501153082267{padding-right: 5% !important;padding-left: 5% !important;}\u00a0\u00bb][vc_single_image image=\u00a0\u00bb15936&Prime; img_size=\u00a0\u00bbfull\u00a0\u00bb alignment=\u00a0\u00bbcenter\u00a0\u00bb]<div class=\"ult-spacer spacer-69dcb357d6d3c\" data-id=\"69dcb357d6d3c\" data-height=\"20\" data-height-mobile=\"10\" data-height-tab=\"20\" data-height-tab-portrait=\"\" data-height-mobile-landscape=\"\" style=\"clear:both;display:block;\"><\/div><div id=\"dfd-announce-69dcb357d6da5-2706\" class=\"dfd-announce-module-wrap align-left no_full_bg_class  style-3 layout-1\" ><div class=\"dfd-announce-module\"><div class=\"module-icon\" ><i class = \"dfd-icon-train_1\"><\/i><\/div><div class=\"module-text\" style=\"font-family:PT Sans; font-weight:400; font-style:normal; font-size: 18px; color: #25bdd5 !important; line-height: 22px; font-weight:bold; \">Le pantographe est instrument\u00e9 dans les installations de CETEST, et calibr\u00e9 sur un banc d\u2019essais sp\u00e9cial.<\/div><\/div><\/div><div class=\"ult-spacer spacer-69dcb357d6e49\" data-id=\"69dcb357d6e49\" data-height=\"30\" data-height-mobile=\"30\" data-height-tab=\"30\" data-height-tab-portrait=\"\" data-height-mobile-landscape=\"\" style=\"clear:both;display:block;\"><\/div>[\/vc_column_inner][\/vc_row_inner][vc_row_inner][vc_column_inner dfd_column_responsive_enable=\u00a0\u00bbdfd-column-responsive-enable\u00a0\u00bb responsive_styles=\u00a0\u00bbpadding_left_desktop:10|padding_right_desktop:10&Prime;][vc_column_text]CETEST poss\u00e8de une large exp\u00e9rience en applications DC et AC sur toute la gamme de vitesses, m\u00eame \u00e0 grande vitesse (plus de 350 km\/h). Nous utilisons une technologie de captage de pointe et avons appliqu\u00e9 nos connaissances et notre expertise dans le domaine pour d\u00e9velopper des syst\u00e8mes sp\u00e9cifiques pour ces essais.[\/vc_column_text][\/vc_column_inner][\/vc_row_inner]<div class=\"ult-spacer spacer-69dcb357d6eae\" data-id=\"69dcb357d6eae\" data-height=\"60\" data-height-mobile=\"20\" data-height-tab=\"30\" data-height-tab-portrait=\"\" data-height-mobile-landscape=\"\" style=\"clear:both;display:block;\"><\/div>[\/vc_column][\/vc_row]<\/p>\n<\/div>","protected":false},"excerpt":{"rendered":"<p>[vc_row][vc_column][vc_row_inner][vc_column_inner width=\u00a0\u00bb1\/3&Prime;][vc_column_text css=\u00a0\u00bb\u00a0\u00bb]Nous \u00e9valuons la qualit\u00e9 du captage de courant \u00e0 travers les essais suivants, comme l\u2019exigent les normes mentionn\u00e9es ci-dessus: Simulation: Logiciel de simulation d&rsquo;interaction pantographe-cat\u00e9naire. \u00c9valuation des forces<\/p>\n","protected":false},"author":1,"featured_media":0,"parent":18319,"menu_order":0,"comment_status":"closed","ping_status":"closed","template":"tmp-page-right-sidebar.php","meta":{"_acf_changed":false,"footnotes":""},"class_list":["post-18282","page","type-page","status-publish","hentry"],"acf":[],"yoast_head":"<!-- This site is optimized with the Yoast SEO plugin v27.3 - https:\/\/yoast.com\/product\/yoast-seo-wordpress\/ -->\n<title>Evaluation de la qualit\u00e9 du captage de courant | CETEST<\/title>\n<meta name=\"description\" content=\"CETEST est homologu\u00e9e pour la r\u00e9alisation d&#039;essais d&#039;\u00e9valuation de la qualit\u00e9 du captage de courant, conform\u00e9ment aux normes EN 50317, EN 50367 et TSI. CETEST poss\u00e8de une large exp\u00e9rience en applications DC et AC sur toute la gamme de vitesses, m\u00eame \u00e0 grande vitesse (plus de 350 km\/h).\" \/>\n<meta name=\"robots\" content=\"index, follow, max-snippet:-1, max-image-preview:large, max-video-preview:-1\" \/>\n<link rel=\"canonical\" href=\"https:\/\/www.cetestgroup.com\/fr\/essais-ferroviaires\/traction-frein-et-captage-de-courant\/captage-de-courant\/\" \/>\n<meta property=\"og:locale\" content=\"fr_FR\" \/>\n<meta property=\"og:type\" content=\"article\" \/>\n<meta property=\"og:title\" content=\"Evaluation de la qualit\u00e9 du captage de courant | CETEST\" \/>\n<meta property=\"og:description\" content=\"CETEST est homologu\u00e9e pour la r\u00e9alisation d&#039;essais d&#039;\u00e9valuation de la qualit\u00e9 du captage de courant, conform\u00e9ment aux normes EN 50317, EN 50367 et TSI. CETEST poss\u00e8de une large exp\u00e9rience en applications DC et AC sur toute la gamme de vitesses, m\u00eame \u00e0 grande vitesse (plus de 350 km\/h).\" \/>\n<meta property=\"og:url\" content=\"https:\/\/www.cetestgroup.com\/fr\/essais-ferroviaires\/traction-frein-et-captage-de-courant\/captage-de-courant\/\" \/>\n<meta property=\"og:site_name\" content=\"CETEST\" \/>\n<meta property=\"article:modified_time\" content=\"2025-03-10T10:46:47+00:00\" \/>\n<meta name=\"twitter:card\" content=\"summary_large_image\" \/>\n<meta name=\"twitter:label1\" content=\"Dur\u00e9e de lecture estim\u00e9e\" \/>\n\t<meta name=\"twitter:data1\" content=\"2 minutes\" \/>\n<script type=\"application\/ld+json\" class=\"yoast-schema-graph\">{\"@context\":\"https:\\\/\\\/schema.org\",\"@graph\":[{\"@type\":\"WebPage\",\"@id\":\"https:\\\/\\\/www.cetestgroup.com\\\/fr\\\/essais-ferroviaires\\\/traction-frein-et-captage-de-courant\\\/captage-de-courant\\\/\",\"url\":\"https:\\\/\\\/www.cetestgroup.com\\\/fr\\\/essais-ferroviaires\\\/traction-frein-et-captage-de-courant\\\/captage-de-courant\\\/\",\"name\":\"Evaluation de la qualit\u00e9 du captage de courant | CETEST\",\"isPartOf\":{\"@id\":\"https:\\\/\\\/www.cetestgroup.com\\\/es\\\/#website\"},\"datePublished\":\"2018-05-29T11:55:23+00:00\",\"dateModified\":\"2025-03-10T10:46:47+00:00\",\"description\":\"CETEST est homologu\u00e9e pour la r\u00e9alisation d'essais d'\u00e9valuation de la qualit\u00e9 du captage de courant, conform\u00e9ment aux normes EN 50317, EN 50367 et TSI. CETEST poss\u00e8de une large exp\u00e9rience en applications DC et AC sur toute la gamme de vitesses, m\u00eame \u00e0 grande vitesse (plus de 350 km\\\/h).\",\"breadcrumb\":{\"@id\":\"https:\\\/\\\/www.cetestgroup.com\\\/fr\\\/essais-ferroviaires\\\/traction-frein-et-captage-de-courant\\\/captage-de-courant\\\/#breadcrumb\"},\"inLanguage\":\"fr-FR\",\"potentialAction\":[{\"@type\":\"ReadAction\",\"target\":[\"https:\\\/\\\/www.cetestgroup.com\\\/fr\\\/essais-ferroviaires\\\/traction-frein-et-captage-de-courant\\\/captage-de-courant\\\/\"]}]},{\"@type\":\"BreadcrumbList\",\"@id\":\"https:\\\/\\\/www.cetestgroup.com\\\/fr\\\/essais-ferroviaires\\\/traction-frein-et-captage-de-courant\\\/captage-de-courant\\\/#breadcrumb\",\"itemListElement\":[{\"@type\":\"ListItem\",\"position\":1,\"name\":\"Home\",\"item\":\"https:\\\/\\\/www.cetestgroup.com\\\/fr\\\/\"},{\"@type\":\"ListItem\",\"position\":2,\"name\":\"Essais ferroviaires\",\"item\":\"https:\\\/\\\/www.cetestgroup.com\\\/fr\\\/essais-ferroviaires\\\/\"},{\"@type\":\"ListItem\",\"position\":3,\"name\":\"Traction, frein et captage de courant\",\"item\":\"https:\\\/\\\/www.cetestgroup.com\\\/fr\\\/essais-ferroviaires\\\/traction-frein-et-captage-de-courant\\\/\"},{\"@type\":\"ListItem\",\"position\":4,\"name\":\"Captage de courant\"}]},{\"@type\":\"WebSite\",\"@id\":\"https:\\\/\\\/www.cetestgroup.com\\\/es\\\/#website\",\"url\":\"https:\\\/\\\/www.cetestgroup.com\\\/es\\\/\",\"name\":\"CETEST\",\"description\":\"CETEST is a fully accredited independent test laboratory offering services for design verification, model validation, developmental testing and\\\/or answers to help you identify failure root causes. We carry out tests in our facilities as well as on site as required by customer needs.\",\"potentialAction\":[{\"@type\":\"SearchAction\",\"target\":{\"@type\":\"EntryPoint\",\"urlTemplate\":\"https:\\\/\\\/www.cetestgroup.com\\\/es\\\/?s={search_term_string}\"},\"query-input\":{\"@type\":\"PropertyValueSpecification\",\"valueRequired\":true,\"valueName\":\"search_term_string\"}}],\"inLanguage\":\"fr-FR\"}]}<\/script>\n<!-- \/ Yoast SEO plugin. -->","yoast_head_json":{"title":"Evaluation de la qualit\u00e9 du captage de courant | CETEST","description":"CETEST est homologu\u00e9e pour la r\u00e9alisation d'essais d'\u00e9valuation de la qualit\u00e9 du captage de courant, conform\u00e9ment aux normes EN 50317, EN 50367 et TSI. CETEST poss\u00e8de une large exp\u00e9rience en applications DC et AC sur toute la gamme de vitesses, m\u00eame \u00e0 grande vitesse (plus de 350 km\/h).","robots":{"index":"index","follow":"follow","max-snippet":"max-snippet:-1","max-image-preview":"max-image-preview:large","max-video-preview":"max-video-preview:-1"},"canonical":"https:\/\/www.cetestgroup.com\/fr\/essais-ferroviaires\/traction-frein-et-captage-de-courant\/captage-de-courant\/","og_locale":"fr_FR","og_type":"article","og_title":"Evaluation de la qualit\u00e9 du captage de courant | CETEST","og_description":"CETEST est homologu\u00e9e pour la r\u00e9alisation d'essais d'\u00e9valuation de la qualit\u00e9 du captage de courant, conform\u00e9ment aux normes EN 50317, EN 50367 et TSI. CETEST poss\u00e8de une large exp\u00e9rience en applications DC et AC sur toute la gamme de vitesses, m\u00eame \u00e0 grande vitesse (plus de 350 km\/h).","og_url":"https:\/\/www.cetestgroup.com\/fr\/essais-ferroviaires\/traction-frein-et-captage-de-courant\/captage-de-courant\/","og_site_name":"CETEST","article_modified_time":"2025-03-10T10:46:47+00:00","twitter_card":"summary_large_image","twitter_misc":{"Dur\u00e9e de lecture estim\u00e9e":"2 minutes"},"schema":{"@context":"https:\/\/schema.org","@graph":[{"@type":"WebPage","@id":"https:\/\/www.cetestgroup.com\/fr\/essais-ferroviaires\/traction-frein-et-captage-de-courant\/captage-de-courant\/","url":"https:\/\/www.cetestgroup.com\/fr\/essais-ferroviaires\/traction-frein-et-captage-de-courant\/captage-de-courant\/","name":"Evaluation de la qualit\u00e9 du captage de courant | CETEST","isPartOf":{"@id":"https:\/\/www.cetestgroup.com\/es\/#website"},"datePublished":"2018-05-29T11:55:23+00:00","dateModified":"2025-03-10T10:46:47+00:00","description":"CETEST est homologu\u00e9e pour la r\u00e9alisation d'essais d'\u00e9valuation de la qualit\u00e9 du captage de courant, conform\u00e9ment aux normes EN 50317, EN 50367 et TSI. CETEST poss\u00e8de une large exp\u00e9rience en applications DC et AC sur toute la gamme de vitesses, m\u00eame \u00e0 grande vitesse (plus de 350 km\/h).","breadcrumb":{"@id":"https:\/\/www.cetestgroup.com\/fr\/essais-ferroviaires\/traction-frein-et-captage-de-courant\/captage-de-courant\/#breadcrumb"},"inLanguage":"fr-FR","potentialAction":[{"@type":"ReadAction","target":["https:\/\/www.cetestgroup.com\/fr\/essais-ferroviaires\/traction-frein-et-captage-de-courant\/captage-de-courant\/"]}]},{"@type":"BreadcrumbList","@id":"https:\/\/www.cetestgroup.com\/fr\/essais-ferroviaires\/traction-frein-et-captage-de-courant\/captage-de-courant\/#breadcrumb","itemListElement":[{"@type":"ListItem","position":1,"name":"Home","item":"https:\/\/www.cetestgroup.com\/fr\/"},{"@type":"ListItem","position":2,"name":"Essais ferroviaires","item":"https:\/\/www.cetestgroup.com\/fr\/essais-ferroviaires\/"},{"@type":"ListItem","position":3,"name":"Traction, frein et captage de courant","item":"https:\/\/www.cetestgroup.com\/fr\/essais-ferroviaires\/traction-frein-et-captage-de-courant\/"},{"@type":"ListItem","position":4,"name":"Captage de courant"}]},{"@type":"WebSite","@id":"https:\/\/www.cetestgroup.com\/es\/#website","url":"https:\/\/www.cetestgroup.com\/es\/","name":"CETEST","description":"CETEST is a fully accredited independent test laboratory offering services for design verification, model validation, developmental testing and\/or answers to help you identify failure root causes. We carry out tests in our facilities as well as on site as required by customer needs.","potentialAction":[{"@type":"SearchAction","target":{"@type":"EntryPoint","urlTemplate":"https:\/\/www.cetestgroup.com\/es\/?s={search_term_string}"},"query-input":{"@type":"PropertyValueSpecification","valueRequired":true,"valueName":"search_term_string"}}],"inLanguage":"fr-FR"}]}},"_links":{"self":[{"href":"https:\/\/www.cetestgroup.com\/fr\/wp-json\/wp\/v2\/pages\/18282","targetHints":{"allow":["GET"]}}],"collection":[{"href":"https:\/\/www.cetestgroup.com\/fr\/wp-json\/wp\/v2\/pages"}],"about":[{"href":"https:\/\/www.cetestgroup.com\/fr\/wp-json\/wp\/v2\/types\/page"}],"author":[{"embeddable":true,"href":"https:\/\/www.cetestgroup.com\/fr\/wp-json\/wp\/v2\/users\/1"}],"replies":[{"embeddable":true,"href":"https:\/\/www.cetestgroup.com\/fr\/wp-json\/wp\/v2\/comments?post=18282"}],"version-history":[{"count":2,"href":"https:\/\/www.cetestgroup.com\/fr\/wp-json\/wp\/v2\/pages\/18282\/revisions"}],"predecessor-version":[{"id":20230,"href":"https:\/\/www.cetestgroup.com\/fr\/wp-json\/wp\/v2\/pages\/18282\/revisions\/20230"}],"up":[{"embeddable":true,"href":"https:\/\/www.cetestgroup.com\/fr\/wp-json\/wp\/v2\/pages\/18319"}],"wp:attachment":[{"href":"https:\/\/www.cetestgroup.com\/fr\/wp-json\/wp\/v2\/media?parent=18282"}],"curies":[{"name":"wp","href":"https:\/\/api.w.org\/{rel}","templated":true}]}}