{"id":18258,"date":"2018-05-29T11:53:25","date_gmt":"2018-05-29T10:53:25","guid":{"rendered":"https:\/\/www.cetestgroup.com\/?page_id=18258"},"modified":"2018-05-29T16:22:20","modified_gmt":"2018-05-29T15:22:20","slug":"roues-et-essieux","status":"publish","type":"page","link":"https:\/\/www.cetestgroup.com\/fr\/essais-ferroviaires\/elements-et-composants-rotatifs\/roues-et-essieux\/","title":{"rendered":"Roues et essieux"},"content":{"rendered":"<div class=\"wpb-content-wrapper\"><p>[vc_row][vc_column]<div class=\"ult-spacer spacer-69dd092f2b6bd\" data-id=\"69dd092f2b6bd\" data-height=\"30\" data-height-mobile=\"20\" data-height-tab=\"20\" data-height-tab-portrait=\"\" data-height-mobile-landscape=\"\" style=\"clear:both;display:block;\"><\/div><div class=\"dfd-heading-shortcode\"><div class=\"dfd-heading-module-wrap  text-center style_01 dfd-heading-69dd092f2b7c6 dfd-disable-resposive-headings\" id=\"dfd-heading-69dd092f2b7c6\" ><div class=\"inline-block\"><div class=\"dfd-heading-module\"><h6 class=\"widget-title dfd-title \" style=\"font-family:PT Sans Narrow; font-weight:400; font-style:normal; font-size: 20px; color: #25bdd5 !important; line-height: 25px; \">Le laboratoire d\u2019essai de CETEST est homologu\u00e9 pour les essais d\u2019homologation de fatigue et d\u2019endurance de roues et d\u2019essieux conform\u00e9ment aux normes EN 13260, EN 13261, EN 13262 et ISO 1143.<\/h6><div class=\"dfd-heading-delimiter\"><\/div><\/div><\/div><\/div><script type=\"text\/javascript\">\r\n\t\t\t\t\t\t\t\t\t(function($) {\r\n\t\t\t\t\t\t\t\t\t\t$(\"head\").append(\"<style>.dfd-heading-69dd092f2b7c6.dfd-heading-module-wrap .dfd-heading-module .dfd-heading-delimiter {border-bottom-style:solid;border-bottom-width:1px;width:100px;border-bottom-color:#dddddd;}.dfd-heading-69dd092f2b7c6.dfd-heading-module-wrap .dfd-heading-module .dfd-heading-delimiter {margin-top:20px;margin-bottom:20px;}<\/style>\");\r\n\t\t\t\t\t\t\t\t\t})(jQuery);\r\n\t\t\t\t\t\t\t\t<\/script><\/div><div class=\"ult-spacer spacer-69dd092f2b93d\" data-id=\"69dd092f2b93d\" data-height=\"30\" data-height-mobile=\"20\" data-height-tab=\"20\" data-height-tab-portrait=\"\" data-height-mobile-landscape=\"\" style=\"clear:both;display:block;\"><\/div>[vc_row_inner][vc_column_inner]<div id=\"dfd-carousel-69dd092f2ba3c\" class=\"dfd-carousel-wrapper\"><div class=\"dfd-carousel-module-wrapper  dfd-carousel-horizontal dfd-arrows_aside2 dfdfillsquare dfd-arrows-style_4 dfd-arrows-enabled dfd-dots-enabled\" ><div class=\"dfd-carousel\">[vc_single_image image=\u00a0\u00bb15694&Prime; img_size=\u00a0\u00bbfull\u00a0\u00bb alignment=\u00a0\u00bbcenter\u00a0\u00bb][vc_single_image image=\u00a0\u00bb15700&Prime; img_size=\u00a0\u00bbfull\u00a0\u00bb alignment=\u00a0\u00bbcenter\u00a0\u00bb][vc_single_image image=\u00a0\u00bb15701&Prime; img_size=\u00a0\u00bbfull\u00a0\u00bb alignment=\u00a0\u00bbcenter\u00a0\u00bb]<\/div><a href=\"#\" class=\"dfd-slider-control prev\" title=\"Previous slide\"><i class=\"dfd-added-font-icon-left-open2\"><\/i><\/a><a href=\"#\" class=\"dfd-slider-control next\" title=\"Next slide\"><i class=\"dfd-added-font-icon-right-open2\"><\/i><\/a><\/div>\t\t\t\t<script type=\"text\/javascript\">\r\n\t\t\t\t\t(function($) {\r\n\t\t\t\t\t\t\"use strict\";\r\n\t\t\t\t\t\tvar $carousel = $('#dfd-carousel-69dd092f2ba3c').find('.dfd-carousel');\r\n\t\t\t\t\t\t$(document).ready(function() {\r\n\t\t\t\t\t\t\tvar $initialized = ($('body').hasClass('page-template-tmp-side-by-side')) ? $carousel.not('.slick-initialized') : $carousel;\r\n\t\t\t\t\t\t\t\t\t\t\t\t\t\t$carousel.siblings('.dfd-slider-control.prev').click(function(e) {\r\n\t\t\t\t\t\t\t\te.preventDefault();\r\n\t\t\t\t\t\t\t\t$carousel.eq(0).slick('slickPrev');\r\n\t\t\t\t\t\t\t});\r\n\t\t\t\t\t\t\t$carousel.siblings('.dfd-slider-control.next').click(function(e) {\r\n\t\t\t\t\t\t\t\te.preventDefault();\r\n\t\t\t\t\t\t\t\t$carousel.eq(0).slick('slickNext');\r\n\t\t\t\t\t\t\t});\r\n\t\t\t\t\t\t\t$initialized.slick({arrows: false,dotsClass: 'dfd-slick-dots',slidesToScroll: 1,autoplay: true,autoplaySpeed: 5000,dots: true,customPaging: function(slider, i) {\r\n\t\t\t\t\t\t\t\t\treturn '<span data-role=\"none\" role=\"button\" aria-required=\"false\" tabindex=\"0\"><\/span>';\r\n\t\t\t\t\t\t\t\t},infinite: true,slidesToShow: 1,speed: 300,swipe: true,draggable: true,adaptiveHeight: true,responsive: [\r\n\t\t\t\t\t\t\t{\r\n\t\t\t\t\t\t\t\tbreakpoint: 1024,\r\n\t\t\t\t\t\t\t\tsettings: {\r\n\t\t\t\t\t\t\t\t\tslidesToShow: 1,\r\n\t\t\t\t\t\t\t\t\tslidesToScroll: 1,\r\n\t\t\t\t\t\t\t\t}\r\n\t\t\t\t\t\t\t},\r\n\t\t\t\t\t\t\t{\r\n\t\t\t\t\t\t\t\tbreakpoint: 800,\r\n\t\t\t\t\t\t\t\tsettings: {\r\n\t\t\t\t\t\t\t\t\tslidesToShow: 1,\r\n\t\t\t\t\t\t\t\t\tslidesToScroll: 1,\r\n\t\t\t\t\t\t\t\t}\r\n\t\t\t\t\t\t\t},\r\n\t\t\t\t\t\t\t{\r\n\t\t\t\t\t\t\t\tbreakpoint: 480,\r\n\t\t\t\t\t\t\t\tsettings: {\r\n\t\t\t\t\t\t\t\t\tslidesToShow: 1,\r\n\t\t\t\t\t\t\t\t\tslidesToScroll: 1,\r\n\t\t\t\t\t\t\t\t}\r\n\t\t\t\t\t\t\t},]});\r\n\t\t\t\t\t\t\t$(\"head\").append(\"<style>#dfd-carousel-69dd092f2ba3c > .dfd-carousel-module-wrapper > .dfd-carousel > .slick-list > .slick-track > .dfd-item-wrap > .cover {padding: 10px;}#dfd-carousel-69dd092f2ba3c {margin: -10px;}<\/style>\")\t\t\t\t\t\t});\r\n\t\t\t\t\t})(jQuery);\r\n\t\t\t\t<\/script>\r\n            <\/div><div class=\"ult-spacer spacer-69dd092f2bb25\" data-id=\"69dd092f2bb25\" data-height=\"30\" data-height-mobile=\"20\" data-height-tab=\"20\" data-height-tab-portrait=\"\" data-height-mobile-landscape=\"\" style=\"clear:both;display:block;\"><\/div>[\/vc_column_inner][\/vc_row_inner][vc_row_inner][vc_column_inner width=\u00a0\u00bb1\/2&Prime;]<div class=\"ult-spacer spacer-69dd092f2bb6d\" data-id=\"69dd092f2bb6d\" data-height=\"20\" data-height-mobile=\"10\" data-height-tab=\"20\" data-height-tab-portrait=\"\" data-height-mobile-landscape=\"\" style=\"clear:both;display:block;\"><\/div>[vc_column_text]CETEST dispose d&rsquo;un banc sp\u00e9cial destin\u00e9 aux essais de roues et d&rsquo;essieux. Ce sont des essais succ\u00e8s\/\u00e9chec, dans lesquels une charge cyclique est introduite conform\u00e9ment \u00e0 la norme. Si une fissure appara\u00eet pendant l\u2019essai, la pi\u00e8ce test\u00e9e est consid\u00e9r\u00e9e comme ayant \u00e9chou\u00e9 l\u2019essai. La totalit\u00e9 de l\u2019essai est contr\u00f4l\u00e9e automatiquement.<\/p>\n<p>Outre la conformit\u00e9 \u00e0 la norme, nous aidons nos clients \u00e0 v\u00e9rifier les limites r\u00e9elles de la conception en testant des \u00e9chantillons en conditions exceptionnelles.<\/p>\n<p>De plus, CETEST effectue des essais d\u2019homologation des roues \u00e9lastiques habituellement utilis\u00e9es sur les applications de TLR et de tramway. Les s\u00e9ries d\u2019essai incluent, entre autres:<\/p>\n<ul>\n<li>Essais statiques avec charges de service et charges exceptionnelles.<\/li>\n<li>\u00c9valuation de la rigidit\u00e9 de l\u2019ensemble (pi\u00e8ce en caoutchouc comprise).<\/li>\n<li>Essais de fatigue.<\/li>\n<\/ul>\n<p>Nous pouvons aussi contribuer \u00e0 d\u00e9finir les charges d\u2019essai. Nous pouvons, si n\u00e9cessaire, effectuer une \u00e9valuation en ligne afin de mesurer les forces r\u00e9elles roue-rail qui seront ensuite utilis\u00e9es comme donn\u00e9es d\u2019entr\u00e9e de l\u2019essai.[\/vc_column_text]<div class=\"ult-spacer spacer-69dd092f2bbac\" data-id=\"69dd092f2bbac\" data-height=\"30\" data-height-mobile=\"30\" data-height-tab=\"30\" data-height-tab-portrait=\"\" data-height-mobile-landscape=\"\" style=\"clear:both;display:block;\"><\/div>[\/vc_column_inner][vc_column_inner width=\u00a0\u00bb1\/2&Prime; css=\u00a0\u00bb.vc_custom_1501153082267{padding-right: 5% !important;padding-left: 5% !important;}\u00a0\u00bb][vc_single_image image=\u00a0\u00bb15691&Prime; img_size=\u00a0\u00bbfull\u00a0\u00bb alignment=\u00a0\u00bbcenter\u00a0\u00bb]<div id=\"dfd-announce-69dd092f2bbf6-3040\" class=\"dfd-announce-module-wrap align-left no_full_bg_class  style-3 layout-1\" ><div class=\"dfd-announce-module\"><div class=\"module-icon\" ><i class = \"dfd-icon-train_1\"><\/i><\/div><div class=\"module-text\" style=\"font-family:PT Sans; font-weight:400; font-style:normal; font-size: 18px; color: #25bdd5 !important; line-height: 22px; font-weight:bold; \">Nous aidons nos clients \u00e0 v\u00e9rifier les limites r\u00e9elles de la conception en testant des \u00e9chantillons en conditions exceptionnelles. <\/div><\/div><\/div>[\/vc_column_inner][\/vc_row_inner]<div class=\"ult-spacer spacer-69dd092f2bc61\" data-id=\"69dd092f2bc61\" data-height=\"60\" data-height-mobile=\"20\" data-height-tab=\"30\" data-height-tab-portrait=\"\" data-height-mobile-landscape=\"\" style=\"clear:both;display:block;\"><\/div>[\/vc_column][\/vc_row]<\/p>\n<\/div>","protected":false},"excerpt":{"rendered":"<p>[vc_row][vc_column][vc_row_inner][vc_column_inner][\/vc_column_inner][\/vc_row_inner][vc_row_inner][vc_column_inner width=\u00a0\u00bb1\/2&Prime;][vc_column_text]CETEST dispose d&rsquo;un banc sp\u00e9cial destin\u00e9 aux essais de roues et d&rsquo;essieux. Ce sont des essais succ\u00e8s\/\u00e9chec, dans lesquels une charge cyclique est introduite conform\u00e9ment \u00e0 la norme. Si<\/p>\n","protected":false},"author":1,"featured_media":0,"parent":18311,"menu_order":0,"comment_status":"closed","ping_status":"closed","template":"tmp-page-right-sidebar.php","meta":{"_acf_changed":false,"footnotes":""},"class_list":["post-18258","page","type-page","status-publish","hentry"],"acf":[],"yoast_head":"<!-- This site is optimized with the Yoast SEO plugin v27.3 - https:\/\/yoast.com\/product\/yoast-seo-wordpress\/ -->\n<title>Essais de fatigue et d\u2019endurance de roues et d\u2019essieux | CETEST<\/title>\n<meta name=\"description\" content=\"Le laboratoire d\u2019essai de CETEST est homologu\u00e9 pour les essais d\u2019homologation de fatigue et d\u2019endurance de roues et d\u2019essieux conform\u00e9ment aux normes EN 13260, EN 13261, EN 13262 et ISO 1143.\" \/>\n<meta name=\"robots\" content=\"index, follow, max-snippet:-1, max-image-preview:large, max-video-preview:-1\" \/>\n<link rel=\"canonical\" href=\"https:\/\/www.cetestgroup.com\/fr\/essais-ferroviaires\/elements-et-composants-rotatifs\/roues-et-essieux\/\" \/>\n<meta property=\"og:locale\" content=\"fr_FR\" \/>\n<meta property=\"og:type\" content=\"article\" \/>\n<meta property=\"og:title\" content=\"Essais de fatigue et d\u2019endurance de roues et d\u2019essieux | CETEST\" \/>\n<meta property=\"og:description\" content=\"Le laboratoire d\u2019essai de CETEST est homologu\u00e9 pour les essais d\u2019homologation de fatigue et d\u2019endurance de roues et d\u2019essieux conform\u00e9ment aux normes EN 13260, EN 13261, EN 13262 et ISO 1143.\" \/>\n<meta property=\"og:url\" content=\"https:\/\/www.cetestgroup.com\/fr\/essais-ferroviaires\/elements-et-composants-rotatifs\/roues-et-essieux\/\" \/>\n<meta property=\"og:site_name\" content=\"CETEST\" \/>\n<meta property=\"article:modified_time\" content=\"2018-05-29T15:22:20+00:00\" \/>\n<meta name=\"twitter:card\" content=\"summary_large_image\" \/>\n<meta name=\"twitter:label1\" content=\"Dur\u00e9e de lecture estim\u00e9e\" \/>\n\t<meta name=\"twitter:data1\" content=\"2 minutes\" \/>\n<script type=\"application\/ld+json\" class=\"yoast-schema-graph\">{\"@context\":\"https:\\\/\\\/schema.org\",\"@graph\":[{\"@type\":\"WebPage\",\"@id\":\"https:\\\/\\\/www.cetestgroup.com\\\/fr\\\/essais-ferroviaires\\\/elements-et-composants-rotatifs\\\/roues-et-essieux\\\/\",\"url\":\"https:\\\/\\\/www.cetestgroup.com\\\/fr\\\/essais-ferroviaires\\\/elements-et-composants-rotatifs\\\/roues-et-essieux\\\/\",\"name\":\"Essais de fatigue et d\u2019endurance de roues et d\u2019essieux | CETEST\",\"isPartOf\":{\"@id\":\"https:\\\/\\\/www.cetestgroup.com\\\/es\\\/#website\"},\"datePublished\":\"2018-05-29T10:53:25+00:00\",\"dateModified\":\"2018-05-29T15:22:20+00:00\",\"description\":\"Le laboratoire d\u2019essai de CETEST est homologu\u00e9 pour les essais d\u2019homologation de fatigue et d\u2019endurance de roues et d\u2019essieux conform\u00e9ment aux normes EN 13260, EN 13261, EN 13262 et ISO 1143.\",\"breadcrumb\":{\"@id\":\"https:\\\/\\\/www.cetestgroup.com\\\/fr\\\/essais-ferroviaires\\\/elements-et-composants-rotatifs\\\/roues-et-essieux\\\/#breadcrumb\"},\"inLanguage\":\"fr-FR\",\"potentialAction\":[{\"@type\":\"ReadAction\",\"target\":[\"https:\\\/\\\/www.cetestgroup.com\\\/fr\\\/essais-ferroviaires\\\/elements-et-composants-rotatifs\\\/roues-et-essieux\\\/\"]}]},{\"@type\":\"BreadcrumbList\",\"@id\":\"https:\\\/\\\/www.cetestgroup.com\\\/fr\\\/essais-ferroviaires\\\/elements-et-composants-rotatifs\\\/roues-et-essieux\\\/#breadcrumb\",\"itemListElement\":[{\"@type\":\"ListItem\",\"position\":1,\"name\":\"Home\",\"item\":\"https:\\\/\\\/www.cetestgroup.com\\\/fr\\\/\"},{\"@type\":\"ListItem\",\"position\":2,\"name\":\"Essais ferroviaires\",\"item\":\"https:\\\/\\\/www.cetestgroup.com\\\/fr\\\/essais-ferroviaires\\\/\"},{\"@type\":\"ListItem\",\"position\":3,\"name\":\"\u00c9l\u00e9ments et composants rotatifs\",\"item\":\"https:\\\/\\\/www.cetestgroup.com\\\/fr\\\/essais-ferroviaires\\\/elements-et-composants-rotatifs\\\/\"},{\"@type\":\"ListItem\",\"position\":4,\"name\":\"Roues et essieux\"}]},{\"@type\":\"WebSite\",\"@id\":\"https:\\\/\\\/www.cetestgroup.com\\\/es\\\/#website\",\"url\":\"https:\\\/\\\/www.cetestgroup.com\\\/es\\\/\",\"name\":\"CETEST\",\"description\":\"CETEST is a fully accredited independent test laboratory offering services for design verification, model validation, developmental testing and\\\/or answers to help you identify failure root causes. We carry out tests in our facilities as well as on site as required by customer needs.\",\"potentialAction\":[{\"@type\":\"SearchAction\",\"target\":{\"@type\":\"EntryPoint\",\"urlTemplate\":\"https:\\\/\\\/www.cetestgroup.com\\\/es\\\/?s={search_term_string}\"},\"query-input\":{\"@type\":\"PropertyValueSpecification\",\"valueRequired\":true,\"valueName\":\"search_term_string\"}}],\"inLanguage\":\"fr-FR\"}]}<\/script>\n<!-- \/ Yoast SEO plugin. -->","yoast_head_json":{"title":"Essais de fatigue et d\u2019endurance de roues et d\u2019essieux | CETEST","description":"Le laboratoire d\u2019essai de CETEST est homologu\u00e9 pour les essais d\u2019homologation de fatigue et d\u2019endurance de roues et d\u2019essieux conform\u00e9ment aux normes EN 13260, EN 13261, EN 13262 et ISO 1143.","robots":{"index":"index","follow":"follow","max-snippet":"max-snippet:-1","max-image-preview":"max-image-preview:large","max-video-preview":"max-video-preview:-1"},"canonical":"https:\/\/www.cetestgroup.com\/fr\/essais-ferroviaires\/elements-et-composants-rotatifs\/roues-et-essieux\/","og_locale":"fr_FR","og_type":"article","og_title":"Essais de fatigue et d\u2019endurance de roues et d\u2019essieux | CETEST","og_description":"Le laboratoire d\u2019essai de CETEST est homologu\u00e9 pour les essais d\u2019homologation de fatigue et d\u2019endurance de roues et d\u2019essieux conform\u00e9ment aux normes EN 13260, EN 13261, EN 13262 et ISO 1143.","og_url":"https:\/\/www.cetestgroup.com\/fr\/essais-ferroviaires\/elements-et-composants-rotatifs\/roues-et-essieux\/","og_site_name":"CETEST","article_modified_time":"2018-05-29T15:22:20+00:00","twitter_card":"summary_large_image","twitter_misc":{"Dur\u00e9e de lecture estim\u00e9e":"2 minutes"},"schema":{"@context":"https:\/\/schema.org","@graph":[{"@type":"WebPage","@id":"https:\/\/www.cetestgroup.com\/fr\/essais-ferroviaires\/elements-et-composants-rotatifs\/roues-et-essieux\/","url":"https:\/\/www.cetestgroup.com\/fr\/essais-ferroviaires\/elements-et-composants-rotatifs\/roues-et-essieux\/","name":"Essais de fatigue et d\u2019endurance de roues et d\u2019essieux | CETEST","isPartOf":{"@id":"https:\/\/www.cetestgroup.com\/es\/#website"},"datePublished":"2018-05-29T10:53:25+00:00","dateModified":"2018-05-29T15:22:20+00:00","description":"Le laboratoire d\u2019essai de CETEST est homologu\u00e9 pour les essais d\u2019homologation de fatigue et d\u2019endurance de roues et d\u2019essieux conform\u00e9ment aux normes EN 13260, EN 13261, EN 13262 et ISO 1143.","breadcrumb":{"@id":"https:\/\/www.cetestgroup.com\/fr\/essais-ferroviaires\/elements-et-composants-rotatifs\/roues-et-essieux\/#breadcrumb"},"inLanguage":"fr-FR","potentialAction":[{"@type":"ReadAction","target":["https:\/\/www.cetestgroup.com\/fr\/essais-ferroviaires\/elements-et-composants-rotatifs\/roues-et-essieux\/"]}]},{"@type":"BreadcrumbList","@id":"https:\/\/www.cetestgroup.com\/fr\/essais-ferroviaires\/elements-et-composants-rotatifs\/roues-et-essieux\/#breadcrumb","itemListElement":[{"@type":"ListItem","position":1,"name":"Home","item":"https:\/\/www.cetestgroup.com\/fr\/"},{"@type":"ListItem","position":2,"name":"Essais ferroviaires","item":"https:\/\/www.cetestgroup.com\/fr\/essais-ferroviaires\/"},{"@type":"ListItem","position":3,"name":"\u00c9l\u00e9ments et composants rotatifs","item":"https:\/\/www.cetestgroup.com\/fr\/essais-ferroviaires\/elements-et-composants-rotatifs\/"},{"@type":"ListItem","position":4,"name":"Roues et essieux"}]},{"@type":"WebSite","@id":"https:\/\/www.cetestgroup.com\/es\/#website","url":"https:\/\/www.cetestgroup.com\/es\/","name":"CETEST","description":"CETEST is a fully accredited independent test laboratory offering services for design verification, model validation, developmental testing and\/or answers to help you identify failure root causes. We carry out tests in our facilities as well as on site as required by customer needs.","potentialAction":[{"@type":"SearchAction","target":{"@type":"EntryPoint","urlTemplate":"https:\/\/www.cetestgroup.com\/es\/?s={search_term_string}"},"query-input":{"@type":"PropertyValueSpecification","valueRequired":true,"valueName":"search_term_string"}}],"inLanguage":"fr-FR"}]}},"_links":{"self":[{"href":"https:\/\/www.cetestgroup.com\/fr\/wp-json\/wp\/v2\/pages\/18258","targetHints":{"allow":["GET"]}}],"collection":[{"href":"https:\/\/www.cetestgroup.com\/fr\/wp-json\/wp\/v2\/pages"}],"about":[{"href":"https:\/\/www.cetestgroup.com\/fr\/wp-json\/wp\/v2\/types\/page"}],"author":[{"embeddable":true,"href":"https:\/\/www.cetestgroup.com\/fr\/wp-json\/wp\/v2\/users\/1"}],"replies":[{"embeddable":true,"href":"https:\/\/www.cetestgroup.com\/fr\/wp-json\/wp\/v2\/comments?post=18258"}],"version-history":[{"count":2,"href":"https:\/\/www.cetestgroup.com\/fr\/wp-json\/wp\/v2\/pages\/18258\/revisions"}],"predecessor-version":[{"id":18260,"href":"https:\/\/www.cetestgroup.com\/fr\/wp-json\/wp\/v2\/pages\/18258\/revisions\/18260"}],"up":[{"embeddable":true,"href":"https:\/\/www.cetestgroup.com\/fr\/wp-json\/wp\/v2\/pages\/18311"}],"wp:attachment":[{"href":"https:\/\/www.cetestgroup.com\/fr\/wp-json\/wp\/v2\/media?parent=18258"}],"curies":[{"name":"wp","href":"https:\/\/api.w.org\/{rel}","templated":true}]}}