{"id":18243,"date":"2018-05-29T11:26:27","date_gmt":"2018-05-29T10:26:27","guid":{"rendered":"https:\/\/www.cetestgroup.com\/?page_id=18243"},"modified":"2018-05-29T15:58:49","modified_gmt":"2018-05-29T14:58:49","slug":"essais-de-composants","status":"publish","type":"page","link":"https:\/\/www.cetestgroup.com\/fr\/essais-ferroviaires\/structures-et-sous-systemes\/essais-de-composants\/","title":{"rendered":"Essais de composants"},"content":{"rendered":"<div class=\"wpb-content-wrapper\"><p>[vc_row][vc_column]<div class=\"ult-spacer spacer-69dcf65e3d7a1\" data-id=\"69dcf65e3d7a1\" data-height=\"30\" data-height-mobile=\"20\" data-height-tab=\"20\" data-height-tab-portrait=\"\" data-height-mobile-landscape=\"\" style=\"clear:both;display:block;\"><\/div><div class=\"dfd-heading-shortcode\"><div class=\"dfd-heading-module-wrap  text-center style_01 dfd-heading-69dcf65e3d886 dfd-disable-resposive-headings\" id=\"dfd-heading-69dcf65e3d886\" ><div class=\"inline-block\"><div class=\"dfd-heading-module\"><h6 class=\"widget-title dfd-title \" style=\"font-family:PT Sans Narrow; font-weight:400; font-style:normal; font-size: 20px; color: #25bdd5 !important; line-height: 25px; \">CETEST poss\u00e8de l\u2019expertise et l\u2019\u00e9quipement n\u00e9cessaires pour tester une large gamme de composants mont\u00e9s sur un v\u00e9hicule ferroviaire. Les essais de fonctionnement et de fatigue sont con\u00e7us en fonction des sp\u00e9cifications du client.<\/h6><div class=\"dfd-heading-delimiter\"><\/div><\/div><\/div><\/div><script type=\"text\/javascript\">\r\n\t\t\t\t\t\t\t\t\t(function($) {\r\n\t\t\t\t\t\t\t\t\t\t$(\"head\").append(\"<style>.dfd-heading-69dcf65e3d886.dfd-heading-module-wrap .dfd-heading-module .dfd-heading-delimiter {border-bottom-style:solid;border-bottom-width:1px;width:100px;border-bottom-color:#dddddd;}.dfd-heading-69dcf65e3d886.dfd-heading-module-wrap .dfd-heading-module .dfd-heading-delimiter {margin-top:20px;margin-bottom:20px;}<\/style>\");\r\n\t\t\t\t\t\t\t\t\t})(jQuery);\r\n\t\t\t\t\t\t\t\t<\/script><\/div><div class=\"ult-spacer spacer-69dcf65e3da0c\" data-id=\"69dcf65e3da0c\" data-height=\"30\" data-height-mobile=\"20\" data-height-tab=\"20\" data-height-tab-portrait=\"\" data-height-mobile-landscape=\"\" style=\"clear:both;display:block;\"><\/div>[vc_row_inner][vc_column_inner width=\u00a0\u00bb1\/2&Prime;]<div class=\"ult-spacer spacer-69dcf65e3da5b\" data-id=\"69dcf65e3da5b\" data-height=\"20\" data-height-mobile=\"10\" data-height-tab=\"20\" data-height-tab-portrait=\"\" data-height-mobile-landscape=\"\" style=\"clear:both;display:block;\"><\/div>[vc_column_text]Nous concevons les essais en fonction des objectifs sp\u00e9cifiques de chaque client. Les objectifs typiques sont, entre autres:<\/p>\n<ul>\n<li>V\u00e9rification et homologation de la conception du composant conform\u00e9ment aux sp\u00e9cifications de la norme ou du client.<\/li>\n<li>Caract\u00e9risation de la performance du composant.<\/li>\n<li>Analyse de la cause racine de d\u00e9faillance du composant.<\/li>\n<\/ul>\n<p>Nous utilisons notre expertise en composants ferroviaires pour aider nos clients dans toute modification de conception jug\u00e9e n\u00e9cessaire apr\u00e8s l\u2019\u00e9valuation des r\u00e9sultats de l\u2019essai.[\/vc_column_text]<div id=\"dfd-announce-69dcf65e3daa9-7977\" class=\"dfd-announce-module-wrap align-left no_full_bg_class  style-3 layout-1\" ><div class=\"dfd-announce-module\"><div class=\"module-icon\" ><i class = \"dfd-icon-train_1\"><\/i><\/div><div class=\"module-text\" style=\"font-family:PT Sans; font-weight:400; font-style:normal; font-size: 18px; color: #25bdd5 !important; line-height: 22px; font-weight:bold; \">Nous concevons les essais en fonction des objectifs sp\u00e9cifiques de chaque client.<\/div><\/div><\/div><div class=\"ult-spacer spacer-69dcf65e3db39\" data-id=\"69dcf65e3db39\" data-height=\"30\" data-height-mobile=\"30\" data-height-tab=\"30\" data-height-tab-portrait=\"\" data-height-mobile-landscape=\"\" style=\"clear:both;display:block;\"><\/div>[\/vc_column_inner][vc_column_inner width=\u00a0\u00bb1\/2&Prime; dfd_column_responsive_enable=\u00a0\u00bbdfd-column-responsive-enable\u00a0\u00bb css=\u00a0\u00bb.vc_custom_1503902619061{padding-right: 5% !important;padding-left: 5% !important;}\u00a0\u00bb responsive_styles=\u00a0\u00bbpadding_left_mobile:10|padding_right_mobile:10&Prime;]<div id=\"dfd-carousel-69dcf65e3dc0c\" class=\"dfd-carousel-wrapper\"><div class=\"dfd-carousel-module-wrapper  dfd-carousel-horizontal dfd-arrows_aside2 dfdfillsquare dfd-arrows-style_4 dfd-arrows-enabled dfd-dots-enabled\" ><div class=\"dfd-carousel\">[vc_single_image image=\u00a0\u00bb16220&Prime; img_size=\u00a0\u00bbfull\u00a0\u00bb alignment=\u00a0\u00bbcenter\u00a0\u00bb][vc_single_image image=\u00a0\u00bb16219&Prime; img_size=\u00a0\u00bbfull\u00a0\u00bb alignment=\u00a0\u00bbcenter\u00a0\u00bb][vc_single_image image=\u00a0\u00bb16218&Prime; img_size=\u00a0\u00bbfull\u00a0\u00bb alignment=\u00a0\u00bbcenter\u00a0\u00bb]<\/div><a href=\"#\" class=\"dfd-slider-control prev\" title=\"Previous slide\"><i class=\"dfd-added-font-icon-left-open2\"><\/i><\/a><a href=\"#\" class=\"dfd-slider-control next\" title=\"Next slide\"><i class=\"dfd-added-font-icon-right-open2\"><\/i><\/a><\/div>\t\t\t\t<script type=\"text\/javascript\">\r\n\t\t\t\t\t(function($) {\r\n\t\t\t\t\t\t\"use strict\";\r\n\t\t\t\t\t\tvar $carousel = $('#dfd-carousel-69dcf65e3dc0c').find('.dfd-carousel');\r\n\t\t\t\t\t\t$(document).ready(function() {\r\n\t\t\t\t\t\t\tvar $initialized = ($('body').hasClass('page-template-tmp-side-by-side')) ? $carousel.not('.slick-initialized') : $carousel;\r\n\t\t\t\t\t\t\t\t\t\t\t\t\t\t$carousel.siblings('.dfd-slider-control.prev').click(function(e) {\r\n\t\t\t\t\t\t\t\te.preventDefault();\r\n\t\t\t\t\t\t\t\t$carousel.eq(0).slick('slickPrev');\r\n\t\t\t\t\t\t\t});\r\n\t\t\t\t\t\t\t$carousel.siblings('.dfd-slider-control.next').click(function(e) {\r\n\t\t\t\t\t\t\t\te.preventDefault();\r\n\t\t\t\t\t\t\t\t$carousel.eq(0).slick('slickNext');\r\n\t\t\t\t\t\t\t});\r\n\t\t\t\t\t\t\t$initialized.slick({arrows: false,dotsClass: 'dfd-slick-dots',slidesToScroll: 1,autoplay: true,autoplaySpeed: 5000,dots: true,customPaging: function(slider, i) {\r\n\t\t\t\t\t\t\t\t\treturn '<span data-role=\"none\" role=\"button\" aria-required=\"false\" tabindex=\"0\"><\/span>';\r\n\t\t\t\t\t\t\t\t},infinite: true,slidesToShow: 1,speed: 300,swipe: true,draggable: true,adaptiveHeight: true,responsive: [\r\n\t\t\t\t\t\t\t{\r\n\t\t\t\t\t\t\t\tbreakpoint: 1024,\r\n\t\t\t\t\t\t\t\tsettings: {\r\n\t\t\t\t\t\t\t\t\tslidesToShow: 1,\r\n\t\t\t\t\t\t\t\t\tslidesToScroll: 1,\r\n\t\t\t\t\t\t\t\t}\r\n\t\t\t\t\t\t\t},\r\n\t\t\t\t\t\t\t{\r\n\t\t\t\t\t\t\t\tbreakpoint: 800,\r\n\t\t\t\t\t\t\t\tsettings: {\r\n\t\t\t\t\t\t\t\t\tslidesToShow: 1,\r\n\t\t\t\t\t\t\t\t\tslidesToScroll: 1,\r\n\t\t\t\t\t\t\t\t}\r\n\t\t\t\t\t\t\t},\r\n\t\t\t\t\t\t\t{\r\n\t\t\t\t\t\t\t\tbreakpoint: 480,\r\n\t\t\t\t\t\t\t\tsettings: {\r\n\t\t\t\t\t\t\t\t\tslidesToShow: 1,\r\n\t\t\t\t\t\t\t\t\tslidesToScroll: 1,\r\n\t\t\t\t\t\t\t\t}\r\n\t\t\t\t\t\t\t},]});\r\n\t\t\t\t\t\t\t$(\"head\").append(\"<style>#dfd-carousel-69dcf65e3dc0c > .dfd-carousel-module-wrapper > .dfd-carousel > .slick-list > .slick-track > .dfd-item-wrap > .cover {padding: 10px;}#dfd-carousel-69dcf65e3dc0c {margin: -10px;}<\/style>\")\t\t\t\t\t\t});\r\n\t\t\t\t\t})(jQuery);\r\n\t\t\t\t<\/script>\r\n            <\/div>[\/vc_column_inner][\/vc_row_inner][vc_row_inner][vc_column_inner width=\u00a0\u00bb1\/2&Prime;]<div class=\"ult-spacer spacer-69dcf65e3dceb\" data-id=\"69dcf65e3dceb\" data-height=\"30\" data-height-mobile=\"20\" data-height-tab=\"20\" data-height-tab-portrait=\"\" data-height-mobile-landscape=\"\" style=\"clear:both;display:block;\"><\/div><div id=\"dfd-carousel-69dcf65e3dda0\" class=\"dfd-carousel-wrapper\"><div class=\"dfd-carousel-module-wrapper  dfd-carousel-horizontal dfd-arrows_aside2 dfdfillsquare dfd-arrows-style_4 dfd-arrows-enabled dfd-dots-enabled\" ><div class=\"dfd-carousel\">[vc_single_image image=\u00a0\u00bb16223&Prime; img_size=\u00a0\u00bbfull\u00a0\u00bb alignment=\u00a0\u00bbcenter\u00a0\u00bb][vc_single_image image=\u00a0\u00bb16221&Prime; img_size=\u00a0\u00bbfull\u00a0\u00bb alignment=\u00a0\u00bbcenter\u00a0\u00bb]<\/div><a href=\"#\" class=\"dfd-slider-control prev\" title=\"Previous slide\"><i class=\"dfd-added-font-icon-left-open2\"><\/i><\/a><a href=\"#\" class=\"dfd-slider-control next\" title=\"Next slide\"><i class=\"dfd-added-font-icon-right-open2\"><\/i><\/a><\/div>\t\t\t\t<script type=\"text\/javascript\">\r\n\t\t\t\t\t(function($) {\r\n\t\t\t\t\t\t\"use strict\";\r\n\t\t\t\t\t\tvar $carousel = $('#dfd-carousel-69dcf65e3dda0').find('.dfd-carousel');\r\n\t\t\t\t\t\t$(document).ready(function() {\r\n\t\t\t\t\t\t\tvar $initialized = ($('body').hasClass('page-template-tmp-side-by-side')) ? $carousel.not('.slick-initialized') : $carousel;\r\n\t\t\t\t\t\t\t\t\t\t\t\t\t\t$carousel.siblings('.dfd-slider-control.prev').click(function(e) {\r\n\t\t\t\t\t\t\t\te.preventDefault();\r\n\t\t\t\t\t\t\t\t$carousel.eq(0).slick('slickPrev');\r\n\t\t\t\t\t\t\t});\r\n\t\t\t\t\t\t\t$carousel.siblings('.dfd-slider-control.next').click(function(e) {\r\n\t\t\t\t\t\t\t\te.preventDefault();\r\n\t\t\t\t\t\t\t\t$carousel.eq(0).slick('slickNext');\r\n\t\t\t\t\t\t\t});\r\n\t\t\t\t\t\t\t$initialized.slick({arrows: false,dotsClass: 'dfd-slick-dots',slidesToScroll: 1,autoplay: true,autoplaySpeed: 5000,dots: true,customPaging: function(slider, i) {\r\n\t\t\t\t\t\t\t\t\treturn '<span data-role=\"none\" role=\"button\" aria-required=\"false\" tabindex=\"0\"><\/span>';\r\n\t\t\t\t\t\t\t\t},infinite: true,slidesToShow: 1,speed: 300,swipe: true,draggable: true,adaptiveHeight: true,responsive: [\r\n\t\t\t\t\t\t\t{\r\n\t\t\t\t\t\t\t\tbreakpoint: 1024,\r\n\t\t\t\t\t\t\t\tsettings: {\r\n\t\t\t\t\t\t\t\t\tslidesToShow: 1,\r\n\t\t\t\t\t\t\t\t\tslidesToScroll: 1,\r\n\t\t\t\t\t\t\t\t}\r\n\t\t\t\t\t\t\t},\r\n\t\t\t\t\t\t\t{\r\n\t\t\t\t\t\t\t\tbreakpoint: 800,\r\n\t\t\t\t\t\t\t\tsettings: {\r\n\t\t\t\t\t\t\t\t\tslidesToShow: 1,\r\n\t\t\t\t\t\t\t\t\tslidesToScroll: 1,\r\n\t\t\t\t\t\t\t\t}\r\n\t\t\t\t\t\t\t},\r\n\t\t\t\t\t\t\t{\r\n\t\t\t\t\t\t\t\tbreakpoint: 480,\r\n\t\t\t\t\t\t\t\tsettings: {\r\n\t\t\t\t\t\t\t\t\tslidesToShow: 1,\r\n\t\t\t\t\t\t\t\t\tslidesToScroll: 1,\r\n\t\t\t\t\t\t\t\t}\r\n\t\t\t\t\t\t\t},]});\r\n\t\t\t\t\t\t\t$(\"head\").append(\"<style>#dfd-carousel-69dcf65e3dda0 > .dfd-carousel-module-wrapper > .dfd-carousel > .slick-list > .slick-track > .dfd-item-wrap > .cover {padding: 10px;}#dfd-carousel-69dcf65e3dda0 {margin: -10px;}<\/style>\")\t\t\t\t\t\t});\r\n\t\t\t\t\t})(jQuery);\r\n\t\t\t\t<\/script>\r\n            <\/div>[\/vc_column_inner][vc_column_inner width=\u00a0\u00bb1\/2&Prime; dfd_column_responsive_enable=\u00a0\u00bbdfd-column-responsive-enable\u00a0\u00bb css=\u00a0\u00bb.vc_custom_1502282649545{padding-right: 5% !important;padding-left: 5% !important;}\u00a0\u00bb responsive_styles=\u00a0\u00bbpadding_left_desktop:10|padding_right_desktop:10&Prime;]<div class=\"ult-spacer spacer-69dcf65e3de56\" data-id=\"69dcf65e3de56\" data-height=\"30\" data-height-mobile=\"20\" data-height-tab=\"20\" data-height-tab-portrait=\"\" data-height-mobile-landscape=\"\" style=\"clear:both;display:block;\"><\/div>[vc_column_text]Voici certains exemples d\u2019essais r\u00e9alis\u00e9s dans nos installations:<\/p>\n<ul>\n<li>Caract\u00e9risation des dispositifs d&rsquo;absorption d&rsquo;\u00e9nergie pendant les essais de collision.<\/li>\n<li>Essais de fonctionnement et de fatigue sur amortisseurs.<\/li>\n<li>Essais de fonctionnement et de fatigue sur barres anti-roulis.<\/li>\n<li>Caract\u00e9risation de suspension primaire et secondaire.<\/li>\n<li>Essais de fonctionnement et d\u2019endurance sur tige de traction et rotules.<\/li>\n<li>Essais de fatigue sur supports de ch\u00e2ssis de bogie.<\/li>\n<\/ul>\n<p>[\/vc_column_text]<div class=\"ult-spacer spacer-69dcf65e3de95\" data-id=\"69dcf65e3de95\" data-height=\"30\" data-height-mobile=\"30\" data-height-tab=\"30\" data-height-tab-portrait=\"\" data-height-mobile-landscape=\"\" style=\"clear:both;display:block;\"><\/div>[\/vc_column_inner][\/vc_row_inner]<div class=\"ult-spacer spacer-69dcf65e3dee9\" data-id=\"69dcf65e3dee9\" data-height=\"60\" data-height-mobile=\"20\" data-height-tab=\"30\" data-height-tab-portrait=\"\" data-height-mobile-landscape=\"\" style=\"clear:both;display:block;\"><\/div>[\/vc_column][\/vc_row]<\/p>\n<\/div>","protected":false},"excerpt":{"rendered":"<p>[vc_row][vc_column][vc_row_inner][vc_column_inner width=\u00a0\u00bb1\/2&Prime;][vc_column_text]Nous concevons les essais en fonction des objectifs sp\u00e9cifiques de chaque client. Les objectifs typiques sont, entre autres: V\u00e9rification et homologation de la conception du composant conform\u00e9ment aux sp\u00e9cifications<\/p>\n","protected":false},"author":1,"featured_media":0,"parent":18304,"menu_order":0,"comment_status":"closed","ping_status":"closed","template":"tmp-page-right-sidebar.php","meta":{"_acf_changed":false,"footnotes":""},"class_list":["post-18243","page","type-page","status-publish","hentry"],"acf":[],"yoast_head":"<!-- This site is optimized with the Yoast SEO plugin v27.3 - https:\/\/yoast.com\/product\/yoast-seo-wordpress\/ -->\n<title>Essais de composants mont\u00e9s sur un v\u00e9hicule ferroviaire | CETEST<\/title>\n<meta name=\"description\" content=\"CETEST poss\u00e8de l\u2019expertise et l\u2019\u00e9quipement n\u00e9cessaires pour tester une large gamme de composants mont\u00e9s sur un v\u00e9hicule ferroviaire. Les essais de fonctionnement et de fatigue sont con\u00e7us en fonction des sp\u00e9cifications du client.\" \/>\n<meta name=\"robots\" content=\"index, follow, max-snippet:-1, max-image-preview:large, max-video-preview:-1\" \/>\n<link rel=\"canonical\" href=\"https:\/\/www.cetestgroup.com\/fr\/essais-ferroviaires\/structures-et-sous-systemes\/essais-de-composants\/\" \/>\n<meta property=\"og:locale\" content=\"fr_FR\" \/>\n<meta property=\"og:type\" content=\"article\" \/>\n<meta property=\"og:title\" content=\"Essais de composants mont\u00e9s sur un v\u00e9hicule ferroviaire | CETEST\" \/>\n<meta property=\"og:description\" content=\"CETEST poss\u00e8de l\u2019expertise et l\u2019\u00e9quipement n\u00e9cessaires pour tester une large gamme de composants mont\u00e9s sur un v\u00e9hicule ferroviaire. Les essais de fonctionnement et de fatigue sont con\u00e7us en fonction des sp\u00e9cifications du client.\" \/>\n<meta property=\"og:url\" content=\"https:\/\/www.cetestgroup.com\/fr\/essais-ferroviaires\/structures-et-sous-systemes\/essais-de-composants\/\" \/>\n<meta property=\"og:site_name\" content=\"CETEST\" \/>\n<meta property=\"article:modified_time\" content=\"2018-05-29T14:58:49+00:00\" \/>\n<meta name=\"twitter:card\" content=\"summary_large_image\" \/>\n<meta name=\"twitter:label1\" content=\"Dur\u00e9e de lecture estim\u00e9e\" \/>\n\t<meta name=\"twitter:data1\" content=\"3 minutes\" \/>\n<script type=\"application\/ld+json\" class=\"yoast-schema-graph\">{\"@context\":\"https:\\\/\\\/schema.org\",\"@graph\":[{\"@type\":\"WebPage\",\"@id\":\"https:\\\/\\\/www.cetestgroup.com\\\/fr\\\/essais-ferroviaires\\\/structures-et-sous-systemes\\\/essais-de-composants\\\/\",\"url\":\"https:\\\/\\\/www.cetestgroup.com\\\/fr\\\/essais-ferroviaires\\\/structures-et-sous-systemes\\\/essais-de-composants\\\/\",\"name\":\"Essais de composants mont\u00e9s sur un v\u00e9hicule ferroviaire | CETEST\",\"isPartOf\":{\"@id\":\"https:\\\/\\\/www.cetestgroup.com\\\/es\\\/#website\"},\"datePublished\":\"2018-05-29T10:26:27+00:00\",\"dateModified\":\"2018-05-29T14:58:49+00:00\",\"description\":\"CETEST poss\u00e8de l\u2019expertise et l\u2019\u00e9quipement n\u00e9cessaires pour tester une large gamme de composants mont\u00e9s sur un v\u00e9hicule ferroviaire. Les essais de fonctionnement et de fatigue sont con\u00e7us en fonction des sp\u00e9cifications du client.\",\"breadcrumb\":{\"@id\":\"https:\\\/\\\/www.cetestgroup.com\\\/fr\\\/essais-ferroviaires\\\/structures-et-sous-systemes\\\/essais-de-composants\\\/#breadcrumb\"},\"inLanguage\":\"fr-FR\",\"potentialAction\":[{\"@type\":\"ReadAction\",\"target\":[\"https:\\\/\\\/www.cetestgroup.com\\\/fr\\\/essais-ferroviaires\\\/structures-et-sous-systemes\\\/essais-de-composants\\\/\"]}]},{\"@type\":\"BreadcrumbList\",\"@id\":\"https:\\\/\\\/www.cetestgroup.com\\\/fr\\\/essais-ferroviaires\\\/structures-et-sous-systemes\\\/essais-de-composants\\\/#breadcrumb\",\"itemListElement\":[{\"@type\":\"ListItem\",\"position\":1,\"name\":\"Home\",\"item\":\"https:\\\/\\\/www.cetestgroup.com\\\/fr\\\/\"},{\"@type\":\"ListItem\",\"position\":2,\"name\":\"Essais ferroviaires\",\"item\":\"https:\\\/\\\/www.cetestgroup.com\\\/fr\\\/essais-ferroviaires\\\/\"},{\"@type\":\"ListItem\",\"position\":3,\"name\":\"Structures et sous-syst\u00e8mes\",\"item\":\"https:\\\/\\\/www.cetestgroup.com\\\/fr\\\/essais-ferroviaires\\\/structures-et-sous-systemes\\\/\"},{\"@type\":\"ListItem\",\"position\":4,\"name\":\"Essais de composants\"}]},{\"@type\":\"WebSite\",\"@id\":\"https:\\\/\\\/www.cetestgroup.com\\\/es\\\/#website\",\"url\":\"https:\\\/\\\/www.cetestgroup.com\\\/es\\\/\",\"name\":\"CETEST\",\"description\":\"CETEST is a fully accredited independent test laboratory offering services for design verification, model validation, developmental testing and\\\/or answers to help you identify failure root causes. We carry out tests in our facilities as well as on site as required by customer needs.\",\"potentialAction\":[{\"@type\":\"SearchAction\",\"target\":{\"@type\":\"EntryPoint\",\"urlTemplate\":\"https:\\\/\\\/www.cetestgroup.com\\\/es\\\/?s={search_term_string}\"},\"query-input\":{\"@type\":\"PropertyValueSpecification\",\"valueRequired\":true,\"valueName\":\"search_term_string\"}}],\"inLanguage\":\"fr-FR\"}]}<\/script>\n<!-- \/ Yoast SEO plugin. -->","yoast_head_json":{"title":"Essais de composants mont\u00e9s sur un v\u00e9hicule ferroviaire | CETEST","description":"CETEST poss\u00e8de l\u2019expertise et l\u2019\u00e9quipement n\u00e9cessaires pour tester une large gamme de composants mont\u00e9s sur un v\u00e9hicule ferroviaire. Les essais de fonctionnement et de fatigue sont con\u00e7us en fonction des sp\u00e9cifications du client.","robots":{"index":"index","follow":"follow","max-snippet":"max-snippet:-1","max-image-preview":"max-image-preview:large","max-video-preview":"max-video-preview:-1"},"canonical":"https:\/\/www.cetestgroup.com\/fr\/essais-ferroviaires\/structures-et-sous-systemes\/essais-de-composants\/","og_locale":"fr_FR","og_type":"article","og_title":"Essais de composants mont\u00e9s sur un v\u00e9hicule ferroviaire | CETEST","og_description":"CETEST poss\u00e8de l\u2019expertise et l\u2019\u00e9quipement n\u00e9cessaires pour tester une large gamme de composants mont\u00e9s sur un v\u00e9hicule ferroviaire. Les essais de fonctionnement et de fatigue sont con\u00e7us en fonction des sp\u00e9cifications du client.","og_url":"https:\/\/www.cetestgroup.com\/fr\/essais-ferroviaires\/structures-et-sous-systemes\/essais-de-composants\/","og_site_name":"CETEST","article_modified_time":"2018-05-29T14:58:49+00:00","twitter_card":"summary_large_image","twitter_misc":{"Dur\u00e9e de lecture estim\u00e9e":"3 minutes"},"schema":{"@context":"https:\/\/schema.org","@graph":[{"@type":"WebPage","@id":"https:\/\/www.cetestgroup.com\/fr\/essais-ferroviaires\/structures-et-sous-systemes\/essais-de-composants\/","url":"https:\/\/www.cetestgroup.com\/fr\/essais-ferroviaires\/structures-et-sous-systemes\/essais-de-composants\/","name":"Essais de composants mont\u00e9s sur un v\u00e9hicule ferroviaire | CETEST","isPartOf":{"@id":"https:\/\/www.cetestgroup.com\/es\/#website"},"datePublished":"2018-05-29T10:26:27+00:00","dateModified":"2018-05-29T14:58:49+00:00","description":"CETEST poss\u00e8de l\u2019expertise et l\u2019\u00e9quipement n\u00e9cessaires pour tester une large gamme de composants mont\u00e9s sur un v\u00e9hicule ferroviaire. Les essais de fonctionnement et de fatigue sont con\u00e7us en fonction des sp\u00e9cifications du client.","breadcrumb":{"@id":"https:\/\/www.cetestgroup.com\/fr\/essais-ferroviaires\/structures-et-sous-systemes\/essais-de-composants\/#breadcrumb"},"inLanguage":"fr-FR","potentialAction":[{"@type":"ReadAction","target":["https:\/\/www.cetestgroup.com\/fr\/essais-ferroviaires\/structures-et-sous-systemes\/essais-de-composants\/"]}]},{"@type":"BreadcrumbList","@id":"https:\/\/www.cetestgroup.com\/fr\/essais-ferroviaires\/structures-et-sous-systemes\/essais-de-composants\/#breadcrumb","itemListElement":[{"@type":"ListItem","position":1,"name":"Home","item":"https:\/\/www.cetestgroup.com\/fr\/"},{"@type":"ListItem","position":2,"name":"Essais ferroviaires","item":"https:\/\/www.cetestgroup.com\/fr\/essais-ferroviaires\/"},{"@type":"ListItem","position":3,"name":"Structures et sous-syst\u00e8mes","item":"https:\/\/www.cetestgroup.com\/fr\/essais-ferroviaires\/structures-et-sous-systemes\/"},{"@type":"ListItem","position":4,"name":"Essais de composants"}]},{"@type":"WebSite","@id":"https:\/\/www.cetestgroup.com\/es\/#website","url":"https:\/\/www.cetestgroup.com\/es\/","name":"CETEST","description":"CETEST is a fully accredited independent test laboratory offering services for design verification, model validation, developmental testing and\/or answers to help you identify failure root causes. We carry out tests in our facilities as well as on site as required by customer needs.","potentialAction":[{"@type":"SearchAction","target":{"@type":"EntryPoint","urlTemplate":"https:\/\/www.cetestgroup.com\/es\/?s={search_term_string}"},"query-input":{"@type":"PropertyValueSpecification","valueRequired":true,"valueName":"search_term_string"}}],"inLanguage":"fr-FR"}]}},"_links":{"self":[{"href":"https:\/\/www.cetestgroup.com\/fr\/wp-json\/wp\/v2\/pages\/18243","targetHints":{"allow":["GET"]}}],"collection":[{"href":"https:\/\/www.cetestgroup.com\/fr\/wp-json\/wp\/v2\/pages"}],"about":[{"href":"https:\/\/www.cetestgroup.com\/fr\/wp-json\/wp\/v2\/types\/page"}],"author":[{"embeddable":true,"href":"https:\/\/www.cetestgroup.com\/fr\/wp-json\/wp\/v2\/users\/1"}],"replies":[{"embeddable":true,"href":"https:\/\/www.cetestgroup.com\/fr\/wp-json\/wp\/v2\/comments?post=18243"}],"version-history":[{"count":2,"href":"https:\/\/www.cetestgroup.com\/fr\/wp-json\/wp\/v2\/pages\/18243\/revisions"}],"predecessor-version":[{"id":18245,"href":"https:\/\/www.cetestgroup.com\/fr\/wp-json\/wp\/v2\/pages\/18243\/revisions\/18245"}],"up":[{"embeddable":true,"href":"https:\/\/www.cetestgroup.com\/fr\/wp-json\/wp\/v2\/pages\/18304"}],"wp:attachment":[{"href":"https:\/\/www.cetestgroup.com\/fr\/wp-json\/wp\/v2\/media?parent=18243"}],"curies":[{"name":"wp","href":"https:\/\/api.w.org\/{rel}","templated":true}]}}