{"id":18232,"date":"2018-05-29T10:57:11","date_gmt":"2018-05-29T09:57:11","guid":{"rendered":"https:\/\/www.cetestgroup.com\/?page_id=18232"},"modified":"2022-12-20T08:00:58","modified_gmt":"2022-12-20T08:00:58","slug":"structures-de-caisse","status":"publish","type":"page","link":"https:\/\/www.cetestgroup.com\/fr\/essais-ferroviaires\/structures-et-sous-systemes\/structures-de-caisse\/","title":{"rendered":"Structures de caisse"},"content":{"rendered":"<div class=\"wpb-content-wrapper\"><p>[vc_row][vc_column]<div class=\"ult-spacer spacer-69dd193dbe3b7\" data-id=\"69dd193dbe3b7\" data-height=\"30\" data-height-mobile=\"20\" data-height-tab=\"20\" data-height-tab-portrait=\"\" data-height-mobile-landscape=\"\" style=\"clear:both;display:block;\"><\/div><div class=\"dfd-heading-shortcode\"><div class=\"dfd-heading-module-wrap  text-center style_01 dfd-heading-69dd193dbe49e dfd-disable-resposive-headings\" id=\"dfd-heading-69dd193dbe49e\" ><div class=\"inline-block\"><div class=\"dfd-heading-module\"><h6 class=\"widget-title dfd-title \" style=\"font-family:PT Sans Narrow; font-weight:400; font-style:normal; font-size: 20px; color: #25bdd5 !important; line-height: 25px; \">CETEST est un laboratoire d\u2019essai homologu\u00e9 pour la r\u00e9alisation d\u2019essais structurels conform\u00e9ment \u00e0 la norme EN 12663. Gr\u00e2ce \u00e0 notre large exp\u00e9rience dans ce domaine, nous pr\u00eatons un service complet de v\u00e9rification structurelle des caisses. Nous utilisons pour cela nos propres bancs d\u2019essai, soit dans nos installations, soit dans l&rsquo;usine du client \u00e0 l\u2019aide de nos bancs d\u2019essai portables.<br \/>\n<\/h6><div class=\"dfd-heading-delimiter\"><\/div><\/div><\/div><\/div><script type=\"text\/javascript\">\r\n\t\t\t\t\t\t\t\t\t(function($) {\r\n\t\t\t\t\t\t\t\t\t\t$(\"head\").append(\"<style>.dfd-heading-69dd193dbe49e.dfd-heading-module-wrap .dfd-heading-module .dfd-heading-delimiter {border-bottom-style:solid;border-bottom-width:1px;width:100px;border-bottom-color:#dddddd;}.dfd-heading-69dd193dbe49e.dfd-heading-module-wrap .dfd-heading-module .dfd-heading-delimiter {margin-top:20px;margin-bottom:20px;}<\/style>\");\r\n\t\t\t\t\t\t\t\t\t})(jQuery);\r\n\t\t\t\t\t\t\t\t<\/script><\/div><div class=\"ult-spacer spacer-69dd193dbe5de\" data-id=\"69dd193dbe5de\" data-height=\"30\" data-height-mobile=\"20\" data-height-tab=\"20\" data-height-tab-portrait=\"\" data-height-mobile-landscape=\"\" style=\"clear:both;display:block;\"><\/div>[vc_row_inner][vc_column_inner]<div id=\"dfd-carousel-69dd193dbe6ae\" class=\"dfd-carousel-wrapper\"><div class=\"dfd-carousel-module-wrapper  dfd-carousel-horizontal dfd-arrows_aside2 dfdfillsquare dfd-arrows-style_4 dfd-arrows-enabled dfd-dots-enabled\" ><div class=\"dfd-carousel\">[vc_single_image image=\u00a0\u00bb15737&Prime; img_size=\u00a0\u00bbfull\u00a0\u00bb alignment=\u00a0\u00bbcenter\u00a0\u00bb][vc_single_image image=\u00a0\u00bb16713&Prime; img_size=\u00a0\u00bbfull\u00a0\u00bb alignment=\u00a0\u00bbcenter\u00a0\u00bb][vc_single_image image=\u00a0\u00bb16714&Prime; img_size=\u00a0\u00bbfull\u00a0\u00bb alignment=\u00a0\u00bbcenter\u00a0\u00bb]<\/div><a href=\"#\" class=\"dfd-slider-control prev\" title=\"Previous slide\"><i class=\"dfd-added-font-icon-left-open2\"><\/i><\/a><a href=\"#\" class=\"dfd-slider-control next\" title=\"Next slide\"><i class=\"dfd-added-font-icon-right-open2\"><\/i><\/a><\/div>\t\t\t\t<script type=\"text\/javascript\">\r\n\t\t\t\t\t(function($) {\r\n\t\t\t\t\t\t\"use strict\";\r\n\t\t\t\t\t\tvar $carousel = $('#dfd-carousel-69dd193dbe6ae').find('.dfd-carousel');\r\n\t\t\t\t\t\t$(document).ready(function() {\r\n\t\t\t\t\t\t\tvar $initialized = ($('body').hasClass('page-template-tmp-side-by-side')) ? $carousel.not('.slick-initialized') : $carousel;\r\n\t\t\t\t\t\t\t\t\t\t\t\t\t\t$carousel.siblings('.dfd-slider-control.prev').click(function(e) {\r\n\t\t\t\t\t\t\t\te.preventDefault();\r\n\t\t\t\t\t\t\t\t$carousel.eq(0).slick('slickPrev');\r\n\t\t\t\t\t\t\t});\r\n\t\t\t\t\t\t\t$carousel.siblings('.dfd-slider-control.next').click(function(e) {\r\n\t\t\t\t\t\t\t\te.preventDefault();\r\n\t\t\t\t\t\t\t\t$carousel.eq(0).slick('slickNext');\r\n\t\t\t\t\t\t\t});\r\n\t\t\t\t\t\t\t$initialized.slick({arrows: false,dotsClass: 'dfd-slick-dots',slidesToScroll: 1,autoplay: true,autoplaySpeed: 5000,dots: true,customPaging: function(slider, i) {\r\n\t\t\t\t\t\t\t\t\treturn '<span data-role=\"none\" role=\"button\" aria-required=\"false\" tabindex=\"0\"><\/span>';\r\n\t\t\t\t\t\t\t\t},infinite: true,slidesToShow: 1,speed: 300,swipe: true,draggable: true,adaptiveHeight: true,responsive: [\r\n\t\t\t\t\t\t\t{\r\n\t\t\t\t\t\t\t\tbreakpoint: 1024,\r\n\t\t\t\t\t\t\t\tsettings: {\r\n\t\t\t\t\t\t\t\t\tslidesToShow: 1,\r\n\t\t\t\t\t\t\t\t\tslidesToScroll: 1,\r\n\t\t\t\t\t\t\t\t}\r\n\t\t\t\t\t\t\t},\r\n\t\t\t\t\t\t\t{\r\n\t\t\t\t\t\t\t\tbreakpoint: 800,\r\n\t\t\t\t\t\t\t\tsettings: {\r\n\t\t\t\t\t\t\t\t\tslidesToShow: 1,\r\n\t\t\t\t\t\t\t\t\tslidesToScroll: 1,\r\n\t\t\t\t\t\t\t\t}\r\n\t\t\t\t\t\t\t},\r\n\t\t\t\t\t\t\t{\r\n\t\t\t\t\t\t\t\tbreakpoint: 480,\r\n\t\t\t\t\t\t\t\tsettings: {\r\n\t\t\t\t\t\t\t\t\tslidesToShow: 1,\r\n\t\t\t\t\t\t\t\t\tslidesToScroll: 1,\r\n\t\t\t\t\t\t\t\t}\r\n\t\t\t\t\t\t\t},]});\r\n\t\t\t\t\t\t\t$(\"head\").append(\"<style>#dfd-carousel-69dd193dbe6ae > .dfd-carousel-module-wrapper > .dfd-carousel > .slick-list > .slick-track > .dfd-item-wrap > .cover {padding: 10px;}#dfd-carousel-69dd193dbe6ae {margin: -10px;}<\/style>\")\t\t\t\t\t\t});\r\n\t\t\t\t\t})(jQuery);\r\n\t\t\t\t<\/script>\r\n            <\/div><div class=\"ult-spacer spacer-69dd193dbe794\" data-id=\"69dd193dbe794\" data-height=\"30\" data-height-mobile=\"20\" data-height-tab=\"20\" data-height-tab-portrait=\"\" data-height-mobile-landscape=\"\" style=\"clear:both;display:block;\"><\/div>[\/vc_column_inner][\/vc_row_inner][vc_row_inner][vc_column_inner width=\u00a0\u00bb1\/2&Prime;][vc_column_text]Nous concevons, g\u00e9rons et r\u00e9alisons des essais structurels conform\u00e9ment aux normes EN, APTA, PRIIA, ASME, GM RT et autres normes internationales. CETEST peut aussi adapter la conception de l\u2019essai \u00e0 vos besoins sp\u00e9cifiques, en utilisant des charges statiques et dynamiques, si n\u00e9cessaire.<\/p>\n<p>La conception structurelle, et donc la s\u00e9curit\u00e9 des caisses des v\u00e9hicules ferroviaires, d\u00e9pend des charges auxquelles elles sont sujettes et des caract\u00e9ristiques des mat\u00e9riaux avec lesquelles elles sont fabriqu\u00e9es. Ces exigences en mati\u00e8re de charge prises en compte dans la conception structurelle et dans les essais de la caisse du v\u00e9hicule s\u2019appuient sur une exp\u00e9rience prouv\u00e9e et sont support\u00e9es par l\u2019\u00e9valuation de donn\u00e9es exp\u00e9rimentales et d\u2019informations publi\u00e9es. CETEST travaille en collaboration avec vous tout au long de la phase d\u2019essai.<\/p>\n<p>Le laboratoire de CETEST op\u00e8re plusieurs bancs d\u2019essai structurels adapt\u00e9s \u00e0 des caisses de v\u00e9hicule \u00e0 \u00e9cartements de voie, longueurs et g\u00e9om\u00e9tries diff\u00e9rents. Des jauges de d\u00e9formation et des rosettes peuvent \u00eatre plac\u00e9es sur tout point autour du v\u00e9hicule, si n\u00e9cessaire. Nous avons r\u00e9alis\u00e9 des essais avec succ\u00e8s en prenant des mesures \u00e0 travers plus de 400 canaux![\/vc_column_text][\/vc_column_inner][vc_column_inner width=\u00a0\u00bb1\/2&Prime; dfd_column_responsive_enable=\u00a0\u00bbdfd-column-responsive-enable\u00a0\u00bb css=\u00a0\u00bb.vc_custom_1503901763609{padding-right: 5% !important;padding-left: 5% !important;}\u00a0\u00bb responsive_styles=\u00a0\u00bbpadding_left_mobile:10|padding_right_mobile:10&Prime;]<div class=\"ult-spacer spacer-69dd193dbe7dd\" data-id=\"69dd193dbe7dd\" data-height=\"20\" data-height-mobile=\"20\" data-height-tab=\"20\" data-height-tab-portrait=\"\" data-height-mobile-landscape=\"\" style=\"clear:both;display:block;\"><\/div>[vc_single_image image=\u00a0\u00bb16717&Prime; img_size=\u00a0\u00bbfull\u00a0\u00bb alignment=\u00a0\u00bbcenter\u00a0\u00bb]<div class=\"ult-spacer spacer-69dd193dbe81f\" data-id=\"69dd193dbe81f\" data-height=\"10\" data-height-mobile=\"10\" data-height-tab=\"10\" data-height-tab-portrait=\"\" data-height-mobile-landscape=\"\" style=\"clear:both;display:block;\"><\/div>[\/vc_column_inner][\/vc_row_inner]<div class=\"ult-spacer spacer-69dd193dbe85f\" data-id=\"69dd193dbe85f\" data-height=\"50\" data-height-mobile=\"10\" data-height-tab=\"30\" data-height-tab-portrait=\"\" data-height-mobile-landscape=\"\" style=\"clear:both;display:block;\"><\/div>[vc_row_inner][vc_column_inner width=\u00a0\u00bb1\/2&Prime;][vc_single_image image=\u00a0\u00bb17711&Prime; img_size=\u00a0\u00bbfull\u00a0\u00bb add_caption=\u00a0\u00bbyes\u00a0\u00bb alignment=\u00a0\u00bbcenter\u00a0\u00bb]<div class=\"ult-spacer spacer-69dd193dbe89c\" data-id=\"69dd193dbe89c\" data-height=\"30\" data-height-mobile=\"20\" data-height-tab=\"20\" data-height-tab-portrait=\"\" data-height-mobile-landscape=\"\" style=\"clear:both;display:block;\"><\/div>[\/vc_column_inner][vc_column_inner width=\u00a0\u00bb1\/2&Prime; dfd_column_responsive_enable=\u00a0\u00bbdfd-column-responsive-enable\u00a0\u00bb css=\u00a0\u00bb.vc_custom_1503901780924{padding-right: 5% !important;padding-left: 5% !important;}\u00a0\u00bb responsive_styles=\u00a0\u00bbpadding_left_mobile:10|padding_right_mobile:10&Prime;][vc_column_text item_animation=\u00a0\u00bbtransition.fadeIn\u00a0\u00bb]<\/p>\n<p>CETEST est fi\u00e8re de son \u00e9quipement et de son instrumentation de mesure de pointe\u00a0: capteurs de d\u00e9placement, cellules de charge, syst\u00e8mes de commande et logiciel actualis\u00e9 d\u2019acquisition de donn\u00e9es, qui garantissent \u00e0 nos clients le meilleur service possible.<\/p>\n<p>[\/vc_column_text]<div id=\"dfd-announce-69dd193dbe8e2-1536\" class=\"dfd-announce-module-wrap align-left no_full_bg_class  style-3 layout-1\" ><div class=\"dfd-announce-module\"><div class=\"module-icon\" ><i class = \"dfd-icon-train_1\"><\/i><\/div><div class=\"module-text\" style=\"font-family:PT Sans; font-weight:400; font-style:normal; font-size: 18px; color: #25bdd5 !important; line-height: 22px; font-weight:bold; \">Nos solutions d\u2019essais structurels sur caisse de v\u00e9hicule comprennent des bancs d\u2019essai portables, qui peuvent \u00eatre install\u00e9s dans n\u2019importe quel emplacement.<\/div><\/div><\/div><div class=\"ult-spacer spacer-69dd193dbe974\" data-id=\"69dd193dbe974\" data-height=\"30\" data-height-mobile=\"20\" data-height-tab=\"20\" data-height-tab-portrait=\"\" data-height-mobile-landscape=\"\" style=\"clear:both;display:block;\"><\/div>[\/vc_column_inner][\/vc_row_inner]<div class=\"ult-spacer spacer-69dd193dbe9ba\" data-id=\"69dd193dbe9ba\" data-height=\"30\" data-height-mobile=\"10\" data-height-tab=\"20\" data-height-tab-portrait=\"\" data-height-mobile-landscape=\"\" style=\"clear:both;display:block;\"><\/div>[vc_row_inner][vc_column_inner][vc_column_text item_animation=\u00a0\u00bbtransition.fadeIn\u00a0\u00bb]<\/p>\n<p>De plus, nos solutions d\u2019essais structurels sur caisse de v\u00e9hicule comprennent des bancs d\u2019essai portables, qui peuvent \u00eatre install\u00e9s dans n\u2019importe quel emplacement. Nous pouvons ainsi fournir un service sur mesure pour chaque client et chaque projet. Vous n\u2019avez pas \u00e0 d\u00e9placer votre v\u00e9hicule, nous transportons le banc d\u2019essai chez vous. <em>Anywhere, anytime<\/em>.<\/p>\n<p>Nos bancs d&rsquo;essai pour caisse sont con\u00e7us pour appliquer des charges de service et des charges exceptionnelles, telles que charges longitudinales (compression et traction), verticales et lat\u00e9rales, de mise sur v\u00e9rin et de levage, ainsi que des charges de ch\u00e2ssis de bogie.<\/p>\n<p>Nous coop\u00e9rons \u00e9galement avec nos clients pour comparer les r\u00e9sultats de calcul FEM aux r\u00e9sultats r\u00e9els obtenus pendant les essais. Gr\u00e2ce \u00e0 notre exp\u00e9rience accumul\u00e9e en essais, nous aidons nos clients \u00e0 terminer avec succ\u00e8s le processus de comparaison en les guidant et en leur apportant des suggestions lorsque cela est n\u00e9cessaire.<\/p>\n<p>[\/vc_column_text][\/vc_column_inner][\/vc_row_inner]<div class=\"ult-spacer spacer-69dd193dbe9fe\" data-id=\"69dd193dbe9fe\" data-height=\"60\" data-height-mobile=\"20\" data-height-tab=\"30\" data-height-tab-portrait=\"\" data-height-mobile-landscape=\"\" style=\"clear:both;display:block;\"><\/div>[\/vc_column][\/vc_row]<\/p>\n<\/div>","protected":false},"excerpt":{"rendered":"<p>[vc_row][vc_column][vc_row_inner][vc_column_inner][\/vc_column_inner][\/vc_row_inner][vc_row_inner][vc_column_inner width=\u00a0\u00bb1\/2&Prime;][vc_column_text]Nous concevons, g\u00e9rons et r\u00e9alisons des essais structurels conform\u00e9ment aux normes EN, APTA, PRIIA, ASME, GM RT et autres normes internationales. CETEST peut aussi adapter la conception de l\u2019essai<\/p>\n","protected":false},"author":1,"featured_media":0,"parent":18304,"menu_order":0,"comment_status":"closed","ping_status":"closed","template":"tmp-page-right-sidebar.php","meta":{"_acf_changed":false,"footnotes":""},"class_list":["post-18232","page","type-page","status-publish","hentry"],"acf":[],"yoast_head":"<!-- This site is optimized with the Yoast SEO plugin v27.3 - https:\/\/yoast.com\/product\/yoast-seo-wordpress\/ -->\n<title>Essais structurels des v\u00e9hicules ferroviaires | CETEST<\/title>\n<meta name=\"description\" content=\"Gr\u00e2ce \u00e0 notre large exp\u00e9rience dans ce domaine, nous pr\u00eatons un service complet de v\u00e9rification structurelle des caisses. Nous utilisons pour cela nos propres bancs d\u2019essai, soit dans nos installations, soit dans l&#039;usine du client \u00e0 l\u2019aide de nos bancs d\u2019essai portables.\" \/>\n<meta name=\"robots\" content=\"index, follow, max-snippet:-1, max-image-preview:large, max-video-preview:-1\" \/>\n<link rel=\"canonical\" href=\"https:\/\/www.cetestgroup.com\/fr\/essais-ferroviaires\/structures-et-sous-systemes\/structures-de-caisse\/\" \/>\n<meta property=\"og:locale\" content=\"fr_FR\" \/>\n<meta property=\"og:type\" content=\"article\" \/>\n<meta property=\"og:title\" content=\"Essais structurels des v\u00e9hicules ferroviaires | CETEST\" \/>\n<meta property=\"og:description\" content=\"Gr\u00e2ce \u00e0 notre large exp\u00e9rience dans ce domaine, nous pr\u00eatons un service complet de v\u00e9rification structurelle des caisses. Nous utilisons pour cela nos propres bancs d\u2019essai, soit dans nos installations, soit dans l&#039;usine du client \u00e0 l\u2019aide de nos bancs d\u2019essai portables.\" \/>\n<meta property=\"og:url\" content=\"https:\/\/www.cetestgroup.com\/fr\/essais-ferroviaires\/structures-et-sous-systemes\/structures-de-caisse\/\" \/>\n<meta property=\"og:site_name\" content=\"CETEST\" \/>\n<meta property=\"article:modified_time\" content=\"2022-12-20T08:00:58+00:00\" \/>\n<meta name=\"twitter:card\" content=\"summary_large_image\" \/>\n<meta name=\"twitter:label1\" content=\"Dur\u00e9e de lecture estim\u00e9e\" \/>\n\t<meta name=\"twitter:data1\" content=\"5 minutes\" \/>\n<script type=\"application\/ld+json\" class=\"yoast-schema-graph\">{\"@context\":\"https:\\\/\\\/schema.org\",\"@graph\":[{\"@type\":\"WebPage\",\"@id\":\"https:\\\/\\\/www.cetestgroup.com\\\/fr\\\/essais-ferroviaires\\\/structures-et-sous-systemes\\\/structures-de-caisse\\\/\",\"url\":\"https:\\\/\\\/www.cetestgroup.com\\\/fr\\\/essais-ferroviaires\\\/structures-et-sous-systemes\\\/structures-de-caisse\\\/\",\"name\":\"Essais structurels des v\u00e9hicules ferroviaires | CETEST\",\"isPartOf\":{\"@id\":\"https:\\\/\\\/www.cetestgroup.com\\\/es\\\/#website\"},\"datePublished\":\"2018-05-29T09:57:11+00:00\",\"dateModified\":\"2022-12-20T08:00:58+00:00\",\"description\":\"Gr\u00e2ce \u00e0 notre large exp\u00e9rience dans ce domaine, nous pr\u00eatons un service complet de v\u00e9rification structurelle des caisses. Nous utilisons pour cela nos propres bancs d\u2019essai, soit dans nos installations, soit dans l'usine du client \u00e0 l\u2019aide de nos bancs d\u2019essai portables.\",\"breadcrumb\":{\"@id\":\"https:\\\/\\\/www.cetestgroup.com\\\/fr\\\/essais-ferroviaires\\\/structures-et-sous-systemes\\\/structures-de-caisse\\\/#breadcrumb\"},\"inLanguage\":\"fr-FR\",\"potentialAction\":[{\"@type\":\"ReadAction\",\"target\":[\"https:\\\/\\\/www.cetestgroup.com\\\/fr\\\/essais-ferroviaires\\\/structures-et-sous-systemes\\\/structures-de-caisse\\\/\"]}]},{\"@type\":\"BreadcrumbList\",\"@id\":\"https:\\\/\\\/www.cetestgroup.com\\\/fr\\\/essais-ferroviaires\\\/structures-et-sous-systemes\\\/structures-de-caisse\\\/#breadcrumb\",\"itemListElement\":[{\"@type\":\"ListItem\",\"position\":1,\"name\":\"Home\",\"item\":\"https:\\\/\\\/www.cetestgroup.com\\\/fr\\\/\"},{\"@type\":\"ListItem\",\"position\":2,\"name\":\"Essais ferroviaires\",\"item\":\"https:\\\/\\\/www.cetestgroup.com\\\/fr\\\/essais-ferroviaires\\\/\"},{\"@type\":\"ListItem\",\"position\":3,\"name\":\"Structures et sous-syst\u00e8mes\",\"item\":\"https:\\\/\\\/www.cetestgroup.com\\\/fr\\\/essais-ferroviaires\\\/structures-et-sous-systemes\\\/\"},{\"@type\":\"ListItem\",\"position\":4,\"name\":\"Structures de caisse\"}]},{\"@type\":\"WebSite\",\"@id\":\"https:\\\/\\\/www.cetestgroup.com\\\/es\\\/#website\",\"url\":\"https:\\\/\\\/www.cetestgroup.com\\\/es\\\/\",\"name\":\"CETEST\",\"description\":\"CETEST is a fully accredited independent test laboratory offering services for design verification, model validation, developmental testing and\\\/or answers to help you identify failure root causes. We carry out tests in our facilities as well as on site as required by customer needs.\",\"potentialAction\":[{\"@type\":\"SearchAction\",\"target\":{\"@type\":\"EntryPoint\",\"urlTemplate\":\"https:\\\/\\\/www.cetestgroup.com\\\/es\\\/?s={search_term_string}\"},\"query-input\":{\"@type\":\"PropertyValueSpecification\",\"valueRequired\":true,\"valueName\":\"search_term_string\"}}],\"inLanguage\":\"fr-FR\"}]}<\/script>\n<!-- \/ Yoast SEO plugin. -->","yoast_head_json":{"title":"Essais structurels des v\u00e9hicules ferroviaires | CETEST","description":"Gr\u00e2ce \u00e0 notre large exp\u00e9rience dans ce domaine, nous pr\u00eatons un service complet de v\u00e9rification structurelle des caisses. Nous utilisons pour cela nos propres bancs d\u2019essai, soit dans nos installations, soit dans l'usine du client \u00e0 l\u2019aide de nos bancs d\u2019essai portables.","robots":{"index":"index","follow":"follow","max-snippet":"max-snippet:-1","max-image-preview":"max-image-preview:large","max-video-preview":"max-video-preview:-1"},"canonical":"https:\/\/www.cetestgroup.com\/fr\/essais-ferroviaires\/structures-et-sous-systemes\/structures-de-caisse\/","og_locale":"fr_FR","og_type":"article","og_title":"Essais structurels des v\u00e9hicules ferroviaires | CETEST","og_description":"Gr\u00e2ce \u00e0 notre large exp\u00e9rience dans ce domaine, nous pr\u00eatons un service complet de v\u00e9rification structurelle des caisses. Nous utilisons pour cela nos propres bancs d\u2019essai, soit dans nos installations, soit dans l'usine du client \u00e0 l\u2019aide de nos bancs d\u2019essai portables.","og_url":"https:\/\/www.cetestgroup.com\/fr\/essais-ferroviaires\/structures-et-sous-systemes\/structures-de-caisse\/","og_site_name":"CETEST","article_modified_time":"2022-12-20T08:00:58+00:00","twitter_card":"summary_large_image","twitter_misc":{"Dur\u00e9e de lecture estim\u00e9e":"5 minutes"},"schema":{"@context":"https:\/\/schema.org","@graph":[{"@type":"WebPage","@id":"https:\/\/www.cetestgroup.com\/fr\/essais-ferroviaires\/structures-et-sous-systemes\/structures-de-caisse\/","url":"https:\/\/www.cetestgroup.com\/fr\/essais-ferroviaires\/structures-et-sous-systemes\/structures-de-caisse\/","name":"Essais structurels des v\u00e9hicules ferroviaires | CETEST","isPartOf":{"@id":"https:\/\/www.cetestgroup.com\/es\/#website"},"datePublished":"2018-05-29T09:57:11+00:00","dateModified":"2022-12-20T08:00:58+00:00","description":"Gr\u00e2ce \u00e0 notre large exp\u00e9rience dans ce domaine, nous pr\u00eatons un service complet de v\u00e9rification structurelle des caisses. Nous utilisons pour cela nos propres bancs d\u2019essai, soit dans nos installations, soit dans l'usine du client \u00e0 l\u2019aide de nos bancs d\u2019essai portables.","breadcrumb":{"@id":"https:\/\/www.cetestgroup.com\/fr\/essais-ferroviaires\/structures-et-sous-systemes\/structures-de-caisse\/#breadcrumb"},"inLanguage":"fr-FR","potentialAction":[{"@type":"ReadAction","target":["https:\/\/www.cetestgroup.com\/fr\/essais-ferroviaires\/structures-et-sous-systemes\/structures-de-caisse\/"]}]},{"@type":"BreadcrumbList","@id":"https:\/\/www.cetestgroup.com\/fr\/essais-ferroviaires\/structures-et-sous-systemes\/structures-de-caisse\/#breadcrumb","itemListElement":[{"@type":"ListItem","position":1,"name":"Home","item":"https:\/\/www.cetestgroup.com\/fr\/"},{"@type":"ListItem","position":2,"name":"Essais ferroviaires","item":"https:\/\/www.cetestgroup.com\/fr\/essais-ferroviaires\/"},{"@type":"ListItem","position":3,"name":"Structures et sous-syst\u00e8mes","item":"https:\/\/www.cetestgroup.com\/fr\/essais-ferroviaires\/structures-et-sous-systemes\/"},{"@type":"ListItem","position":4,"name":"Structures de caisse"}]},{"@type":"WebSite","@id":"https:\/\/www.cetestgroup.com\/es\/#website","url":"https:\/\/www.cetestgroup.com\/es\/","name":"CETEST","description":"CETEST is a fully accredited independent test laboratory offering services for design verification, model validation, developmental testing and\/or answers to help you identify failure root causes. We carry out tests in our facilities as well as on site as required by customer needs.","potentialAction":[{"@type":"SearchAction","target":{"@type":"EntryPoint","urlTemplate":"https:\/\/www.cetestgroup.com\/es\/?s={search_term_string}"},"query-input":{"@type":"PropertyValueSpecification","valueRequired":true,"valueName":"search_term_string"}}],"inLanguage":"fr-FR"}]}},"_links":{"self":[{"href":"https:\/\/www.cetestgroup.com\/fr\/wp-json\/wp\/v2\/pages\/18232","targetHints":{"allow":["GET"]}}],"collection":[{"href":"https:\/\/www.cetestgroup.com\/fr\/wp-json\/wp\/v2\/pages"}],"about":[{"href":"https:\/\/www.cetestgroup.com\/fr\/wp-json\/wp\/v2\/types\/page"}],"author":[{"embeddable":true,"href":"https:\/\/www.cetestgroup.com\/fr\/wp-json\/wp\/v2\/users\/1"}],"replies":[{"embeddable":true,"href":"https:\/\/www.cetestgroup.com\/fr\/wp-json\/wp\/v2\/comments?post=18232"}],"version-history":[{"count":1,"href":"https:\/\/www.cetestgroup.com\/fr\/wp-json\/wp\/v2\/pages\/18232\/revisions"}],"predecessor-version":[{"id":19702,"href":"https:\/\/www.cetestgroup.com\/fr\/wp-json\/wp\/v2\/pages\/18232\/revisions\/19702"}],"up":[{"embeddable":true,"href":"https:\/\/www.cetestgroup.com\/fr\/wp-json\/wp\/v2\/pages\/18304"}],"wp:attachment":[{"href":"https:\/\/www.cetestgroup.com\/fr\/wp-json\/wp\/v2\/media?parent=18232"}],"curies":[{"name":"wp","href":"https:\/\/api.w.org\/{rel}","templated":true}]}}