{"id":18216,"date":"2018-05-29T10:12:56","date_gmt":"2018-05-29T09:12:56","guid":{"rendered":"https:\/\/www.cetestgroup.com\/?page_id=18216"},"modified":"2023-02-17T07:45:17","modified_gmt":"2023-02-17T07:45:17","slug":"confort","status":"publish","type":"page","link":"https:\/\/www.cetestgroup.com\/fr\/essais-ferroviaires\/comportement-dynamique-et-essais-stationnaires\/confort\/","title":{"rendered":"Confort"},"content":{"rendered":"<div class=\"wpb-content-wrapper\"><p>[vc_row][vc_column]<div class=\"ult-spacer spacer-69dcf3f5e7108\" data-id=\"69dcf3f5e7108\" data-height=\"30\" data-height-mobile=\"20\" data-height-tab=\"20\" data-height-tab-portrait=\"\" data-height-mobile-landscape=\"\" style=\"clear:both;display:block;\"><\/div><div class=\"dfd-heading-shortcode\"><div class=\"dfd-heading-module-wrap  text-center style_01 dfd-heading-69dcf3f5e720c dfd-disable-resposive-headings\" id=\"dfd-heading-69dcf3f5e720c\" ><div class=\"inline-block\"><div class=\"dfd-heading-module\"><h6 class=\"widget-title dfd-title \" style=\"font-family:PT Sans Narrow; font-weight:400; font-style:normal; font-size: 20px; color: #25bdd5 !important; line-height: 25px; \">\u00c9valuation de l&rsquo;exposition humaine aux vibrations selon la norme EN 12299, ISO 2631, ISO 5349, etc\u2026<\/p>\n<p><\/h6><div class=\"dfd-heading-delimiter\"><\/div><\/div><\/div><\/div><script type=\"text\/javascript\">\r\n\t\t\t\t\t\t\t\t\t(function($) {\r\n\t\t\t\t\t\t\t\t\t\t$(\"head\").append(\"<style>.dfd-heading-69dcf3f5e720c.dfd-heading-module-wrap .dfd-heading-module .dfd-heading-delimiter {border-bottom-style:solid;border-bottom-width:1px;width:100px;border-bottom-color:#dddddd;}.dfd-heading-69dcf3f5e720c.dfd-heading-module-wrap .dfd-heading-module .dfd-heading-delimiter {margin-top:20px;margin-bottom:20px;}<\/style>\");\r\n\t\t\t\t\t\t\t\t\t})(jQuery);\r\n\t\t\t\t\t\t\t\t<\/script><\/div><div class=\"ult-spacer spacer-69dcf3f5e73aa\" data-id=\"69dcf3f5e73aa\" data-height=\"30\" data-height-mobile=\"20\" data-height-tab=\"20\" data-height-tab-portrait=\"\" data-height-mobile-landscape=\"\" style=\"clear:both;display:block;\"><\/div>[vc_row_inner][vc_column_inner width=\u00a0\u00bb1\/3&Prime;][vc_column_text]Les essais de confort sont con\u00e7us pour quantifier les niveaux de confort dans les v\u00e9hicules ferroviaires en fonction de leur mouvement m\u00e9canique. D&rsquo;autres facteurs, tels que temp\u00e9rature, humidit\u00e9, bruit, etc., sont \u00e9galement \u00e9valu\u00e9s, selon des crit\u00e8res sp\u00e9cifiques.[\/vc_column_text]<div class=\"ult-spacer spacer-69dcf3f5e73f9\" data-id=\"69dcf3f5e73f9\" data-height=\"20\" data-height-mobile=\"20\" data-height-tab=\"20\" data-height-tab-portrait=\"\" data-height-mobile-landscape=\"\" style=\"clear:both;display:block;\"><\/div>[vc_column_text]La performance du v\u00e9hicule d\u00e9pend des conditions de marche: vitesse, charge, \u00e9tat de maintenance de la voie et trac\u00e9 des voies, entre autres. Toutes ces conditions ont une influence sur le confort per\u00e7u par les voyageurs. Par cons\u00e9quent, les essais sont effectu\u00e9s dans chacune des conditions d\u2019\u00e9valuation selon les m\u00e9thodes d\u00e9finies dans les normes internationales.[\/vc_column_text]<div class=\"ult-spacer spacer-69dcf3f5e743b\" data-id=\"69dcf3f5e743b\" data-height=\"20\" data-height-mobile=\"20\" data-height-tab=\"20\" data-height-tab-portrait=\"\" data-height-mobile-landscape=\"\" style=\"clear:both;display:block;\"><\/div>[vc_column_text]CETEST \u00e9value le mouvement du v\u00e9hicule en mesurant les acc\u00e9l\u00e9rations sur la plage ayant une influence sur la perception humaine du confort. Ces acc\u00e9l\u00e9rations sont ensuite trait\u00e9es pour obtenir l\u2019indice de confort, s\u00e9curit\u00e9 ou la sant\u00e9e.<\/p>\n<ul>\n<li>L\u2019indice de confort.<\/li>\n<li>\u00c9valuation de l&rsquo;exposition humaine aux vibrations au lieu de travail (transmission des pieds, des mains et du si\u00e8ge).<\/li>\n<\/ul>\n<p>[\/vc_column_text]<div class=\"ult-spacer spacer-69dcf3f5e7479\" data-id=\"69dcf3f5e7479\" data-height=\"20\" data-height-mobile=\"20\" data-height-tab=\"20\" data-height-tab-portrait=\"\" data-height-mobile-landscape=\"\" style=\"clear:both;display:block;\"><\/div>[\/vc_column_inner][vc_column_inner width=\u00a0\u00bb2\/3&Prime; dfd_column_responsive_enable=\u00a0\u00bbdfd-column-responsive-enable\u00a0\u00bb css=\u00a0\u00bb.vc_custom_1503901763609{padding-right: 5% !important;padding-left: 5% !important;}\u00a0\u00bb responsive_styles=\u00a0\u00bbpadding_left_mobile:10|padding_right_mobile:10&Prime;][vc_single_image image=\u00a0\u00bb15925&Prime; img_size=\u00a0\u00bbfull\u00a0\u00bb alignment=\u00a0\u00bbcenter\u00a0\u00bb]<div class=\"ult-spacer spacer-69dcf3f5e74b2\" data-id=\"69dcf3f5e74b2\" data-height=\"10\" data-height-mobile=\"10\" data-height-tab=\"10\" data-height-tab-portrait=\"\" data-height-mobile-landscape=\"\" style=\"clear:both;display:block;\"><\/div><div id=\"dfd-announce-69dcf3f5e74f9-9707\" class=\"dfd-announce-module-wrap align-left no_full_bg_class  style-3 layout-1\" ><div class=\"dfd-announce-module\"><div class=\"module-icon\" ><i class = \"dfd-icon-train_1\"><\/i><\/div><div class=\"module-text\" style=\"font-family:PT Sans; font-weight:400; font-style:normal; font-size: 18px; color: #25bdd5 !important; line-height: 22px; font-weight:bold; \">La performance du v\u00e9hicule d\u00e9pend des conditions de marche\u00a0: vitesse, charge, \u00e9tat de maintenance de la voie et trac\u00e9 des voies, entre autres.<\/div><\/div><\/div>[\/vc_column_inner][\/vc_row_inner]<div class=\"ult-spacer spacer-69dcf3f5e7572\" data-id=\"69dcf3f5e7572\" data-height=\"60\" data-height-mobile=\"20\" data-height-tab=\"30\" data-height-tab-portrait=\"\" data-height-mobile-landscape=\"\" style=\"clear:both;display:block;\"><\/div>[\/vc_column][\/vc_row]<\/p>\n<\/div>","protected":false},"excerpt":{"rendered":"<p>[vc_row][vc_column][vc_row_inner][vc_column_inner width=\u00a0\u00bb1\/3&Prime;][vc_column_text]Les essais de confort sont con\u00e7us pour quantifier les niveaux de confort dans les v\u00e9hicules ferroviaires en fonction de leur mouvement m\u00e9canique. D&rsquo;autres facteurs, tels que temp\u00e9rature, humidit\u00e9, bruit,<\/p>\n","protected":false},"author":1,"featured_media":0,"parent":18293,"menu_order":0,"comment_status":"closed","ping_status":"closed","template":"tmp-page-right-sidebar.php","meta":{"_acf_changed":false,"footnotes":""},"class_list":["post-18216","page","type-page","status-publish","hentry"],"acf":[],"yoast_head":"<!-- This site is optimized with the Yoast SEO plugin v27.3 - https:\/\/yoast.com\/product\/yoast-seo-wordpress\/ -->\n<title>Essais de confort dans les v\u00e9hicules ferroviaires | CETEST<\/title>\n<meta name=\"description\" content=\"CETEST est homologu\u00e9e pour la r\u00e9alisation d\u2019essais d\u2019\u00e9valuation du confort, conform\u00e9ment \u00e0 la norme EN 12299. Les essais de confort sont con\u00e7us pour quantifier les niveaux de confort dans les v\u00e9hicules ferroviaires en fonction de leur mouvement m\u00e9canique.\" \/>\n<meta name=\"robots\" content=\"index, follow, max-snippet:-1, max-image-preview:large, max-video-preview:-1\" \/>\n<link rel=\"canonical\" href=\"https:\/\/www.cetestgroup.com\/fr\/essais-ferroviaires\/comportement-dynamique-et-essais-stationnaires\/confort\/\" \/>\n<meta property=\"og:locale\" content=\"fr_FR\" \/>\n<meta property=\"og:type\" content=\"article\" \/>\n<meta property=\"og:title\" content=\"Essais de confort dans les v\u00e9hicules ferroviaires | CETEST\" \/>\n<meta property=\"og:description\" content=\"CETEST est homologu\u00e9e pour la r\u00e9alisation d\u2019essais d\u2019\u00e9valuation du confort, conform\u00e9ment \u00e0 la norme EN 12299. Les essais de confort sont con\u00e7us pour quantifier les niveaux de confort dans les v\u00e9hicules ferroviaires en fonction de leur mouvement m\u00e9canique.\" \/>\n<meta property=\"og:url\" content=\"https:\/\/www.cetestgroup.com\/fr\/essais-ferroviaires\/comportement-dynamique-et-essais-stationnaires\/confort\/\" \/>\n<meta property=\"og:site_name\" content=\"CETEST\" \/>\n<meta property=\"article:modified_time\" content=\"2023-02-17T07:45:17+00:00\" \/>\n<meta name=\"twitter:card\" content=\"summary_large_image\" \/>\n<meta name=\"twitter:label1\" content=\"Dur\u00e9e de lecture estim\u00e9e\" \/>\n\t<meta name=\"twitter:data1\" content=\"2 minutes\" \/>\n<script type=\"application\/ld+json\" class=\"yoast-schema-graph\">{\"@context\":\"https:\\\/\\\/schema.org\",\"@graph\":[{\"@type\":\"WebPage\",\"@id\":\"https:\\\/\\\/www.cetestgroup.com\\\/fr\\\/essais-ferroviaires\\\/comportement-dynamique-et-essais-stationnaires\\\/confort\\\/\",\"url\":\"https:\\\/\\\/www.cetestgroup.com\\\/fr\\\/essais-ferroviaires\\\/comportement-dynamique-et-essais-stationnaires\\\/confort\\\/\",\"name\":\"Essais de confort dans les v\u00e9hicules ferroviaires | CETEST\",\"isPartOf\":{\"@id\":\"https:\\\/\\\/www.cetestgroup.com\\\/es\\\/#website\"},\"datePublished\":\"2018-05-29T09:12:56+00:00\",\"dateModified\":\"2023-02-17T07:45:17+00:00\",\"description\":\"CETEST est homologu\u00e9e pour la r\u00e9alisation d\u2019essais d\u2019\u00e9valuation du confort, conform\u00e9ment \u00e0 la norme EN 12299. Les essais de confort sont con\u00e7us pour quantifier les niveaux de confort dans les v\u00e9hicules ferroviaires en fonction de leur mouvement m\u00e9canique.\",\"breadcrumb\":{\"@id\":\"https:\\\/\\\/www.cetestgroup.com\\\/fr\\\/essais-ferroviaires\\\/comportement-dynamique-et-essais-stationnaires\\\/confort\\\/#breadcrumb\"},\"inLanguage\":\"fr-FR\",\"potentialAction\":[{\"@type\":\"ReadAction\",\"target\":[\"https:\\\/\\\/www.cetestgroup.com\\\/fr\\\/essais-ferroviaires\\\/comportement-dynamique-et-essais-stationnaires\\\/confort\\\/\"]}]},{\"@type\":\"BreadcrumbList\",\"@id\":\"https:\\\/\\\/www.cetestgroup.com\\\/fr\\\/essais-ferroviaires\\\/comportement-dynamique-et-essais-stationnaires\\\/confort\\\/#breadcrumb\",\"itemListElement\":[{\"@type\":\"ListItem\",\"position\":1,\"name\":\"Home\",\"item\":\"https:\\\/\\\/www.cetestgroup.com\\\/fr\\\/\"},{\"@type\":\"ListItem\",\"position\":2,\"name\":\"Essais ferroviaires\",\"item\":\"https:\\\/\\\/www.cetestgroup.com\\\/fr\\\/essais-ferroviaires\\\/\"},{\"@type\":\"ListItem\",\"position\":3,\"name\":\"Comportement dynamique\",\"item\":\"https:\\\/\\\/www.cetestgroup.com\\\/fr\\\/essais-ferroviaires\\\/comportement-dynamique-et-essais-stationnaires\\\/\"},{\"@type\":\"ListItem\",\"position\":4,\"name\":\"Confort\"}]},{\"@type\":\"WebSite\",\"@id\":\"https:\\\/\\\/www.cetestgroup.com\\\/es\\\/#website\",\"url\":\"https:\\\/\\\/www.cetestgroup.com\\\/es\\\/\",\"name\":\"CETEST\",\"description\":\"CETEST is a fully accredited independent test laboratory offering services for design verification, model validation, developmental testing and\\\/or answers to help you identify failure root causes. We carry out tests in our facilities as well as on site as required by customer needs.\",\"potentialAction\":[{\"@type\":\"SearchAction\",\"target\":{\"@type\":\"EntryPoint\",\"urlTemplate\":\"https:\\\/\\\/www.cetestgroup.com\\\/es\\\/?s={search_term_string}\"},\"query-input\":{\"@type\":\"PropertyValueSpecification\",\"valueRequired\":true,\"valueName\":\"search_term_string\"}}],\"inLanguage\":\"fr-FR\"}]}<\/script>\n<!-- \/ Yoast SEO plugin. -->","yoast_head_json":{"title":"Essais de confort dans les v\u00e9hicules ferroviaires | CETEST","description":"CETEST est homologu\u00e9e pour la r\u00e9alisation d\u2019essais d\u2019\u00e9valuation du confort, conform\u00e9ment \u00e0 la norme EN 12299. Les essais de confort sont con\u00e7us pour quantifier les niveaux de confort dans les v\u00e9hicules ferroviaires en fonction de leur mouvement m\u00e9canique.","robots":{"index":"index","follow":"follow","max-snippet":"max-snippet:-1","max-image-preview":"max-image-preview:large","max-video-preview":"max-video-preview:-1"},"canonical":"https:\/\/www.cetestgroup.com\/fr\/essais-ferroviaires\/comportement-dynamique-et-essais-stationnaires\/confort\/","og_locale":"fr_FR","og_type":"article","og_title":"Essais de confort dans les v\u00e9hicules ferroviaires | CETEST","og_description":"CETEST est homologu\u00e9e pour la r\u00e9alisation d\u2019essais d\u2019\u00e9valuation du confort, conform\u00e9ment \u00e0 la norme EN 12299. Les essais de confort sont con\u00e7us pour quantifier les niveaux de confort dans les v\u00e9hicules ferroviaires en fonction de leur mouvement m\u00e9canique.","og_url":"https:\/\/www.cetestgroup.com\/fr\/essais-ferroviaires\/comportement-dynamique-et-essais-stationnaires\/confort\/","og_site_name":"CETEST","article_modified_time":"2023-02-17T07:45:17+00:00","twitter_card":"summary_large_image","twitter_misc":{"Dur\u00e9e de lecture estim\u00e9e":"2 minutes"},"schema":{"@context":"https:\/\/schema.org","@graph":[{"@type":"WebPage","@id":"https:\/\/www.cetestgroup.com\/fr\/essais-ferroviaires\/comportement-dynamique-et-essais-stationnaires\/confort\/","url":"https:\/\/www.cetestgroup.com\/fr\/essais-ferroviaires\/comportement-dynamique-et-essais-stationnaires\/confort\/","name":"Essais de confort dans les v\u00e9hicules ferroviaires | CETEST","isPartOf":{"@id":"https:\/\/www.cetestgroup.com\/es\/#website"},"datePublished":"2018-05-29T09:12:56+00:00","dateModified":"2023-02-17T07:45:17+00:00","description":"CETEST est homologu\u00e9e pour la r\u00e9alisation d\u2019essais d\u2019\u00e9valuation du confort, conform\u00e9ment \u00e0 la norme EN 12299. Les essais de confort sont con\u00e7us pour quantifier les niveaux de confort dans les v\u00e9hicules ferroviaires en fonction de leur mouvement m\u00e9canique.","breadcrumb":{"@id":"https:\/\/www.cetestgroup.com\/fr\/essais-ferroviaires\/comportement-dynamique-et-essais-stationnaires\/confort\/#breadcrumb"},"inLanguage":"fr-FR","potentialAction":[{"@type":"ReadAction","target":["https:\/\/www.cetestgroup.com\/fr\/essais-ferroviaires\/comportement-dynamique-et-essais-stationnaires\/confort\/"]}]},{"@type":"BreadcrumbList","@id":"https:\/\/www.cetestgroup.com\/fr\/essais-ferroviaires\/comportement-dynamique-et-essais-stationnaires\/confort\/#breadcrumb","itemListElement":[{"@type":"ListItem","position":1,"name":"Home","item":"https:\/\/www.cetestgroup.com\/fr\/"},{"@type":"ListItem","position":2,"name":"Essais ferroviaires","item":"https:\/\/www.cetestgroup.com\/fr\/essais-ferroviaires\/"},{"@type":"ListItem","position":3,"name":"Comportement dynamique","item":"https:\/\/www.cetestgroup.com\/fr\/essais-ferroviaires\/comportement-dynamique-et-essais-stationnaires\/"},{"@type":"ListItem","position":4,"name":"Confort"}]},{"@type":"WebSite","@id":"https:\/\/www.cetestgroup.com\/es\/#website","url":"https:\/\/www.cetestgroup.com\/es\/","name":"CETEST","description":"CETEST is a fully accredited independent test laboratory offering services for design verification, model validation, developmental testing and\/or answers to help you identify failure root causes. We carry out tests in our facilities as well as on site as required by customer needs.","potentialAction":[{"@type":"SearchAction","target":{"@type":"EntryPoint","urlTemplate":"https:\/\/www.cetestgroup.com\/es\/?s={search_term_string}"},"query-input":{"@type":"PropertyValueSpecification","valueRequired":true,"valueName":"search_term_string"}}],"inLanguage":"fr-FR"}]}},"_links":{"self":[{"href":"https:\/\/www.cetestgroup.com\/fr\/wp-json\/wp\/v2\/pages\/18216","targetHints":{"allow":["GET"]}}],"collection":[{"href":"https:\/\/www.cetestgroup.com\/fr\/wp-json\/wp\/v2\/pages"}],"about":[{"href":"https:\/\/www.cetestgroup.com\/fr\/wp-json\/wp\/v2\/types\/page"}],"author":[{"embeddable":true,"href":"https:\/\/www.cetestgroup.com\/fr\/wp-json\/wp\/v2\/users\/1"}],"replies":[{"embeddable":true,"href":"https:\/\/www.cetestgroup.com\/fr\/wp-json\/wp\/v2\/comments?post=18216"}],"version-history":[{"count":3,"href":"https:\/\/www.cetestgroup.com\/fr\/wp-json\/wp\/v2\/pages\/18216\/revisions"}],"predecessor-version":[{"id":19724,"href":"https:\/\/www.cetestgroup.com\/fr\/wp-json\/wp\/v2\/pages\/18216\/revisions\/19724"}],"up":[{"embeddable":true,"href":"https:\/\/www.cetestgroup.com\/fr\/wp-json\/wp\/v2\/pages\/18293"}],"wp:attachment":[{"href":"https:\/\/www.cetestgroup.com\/fr\/wp-json\/wp\/v2\/media?parent=18216"}],"curies":[{"name":"wp","href":"https:\/\/api.w.org\/{rel}","templated":true}]}}