{"id":18209,"date":"2018-05-29T09:52:54","date_gmt":"2018-05-29T08:52:54","guid":{"rendered":"https:\/\/www.cetestgroup.com\/?page_id=18209"},"modified":"2025-02-10T10:03:01","modified_gmt":"2025-02-10T10:03:01","slug":"essais-stationnaires","status":"publish","type":"page","link":"https:\/\/www.cetestgroup.com\/fr\/essais-ferroviaires\/comportement-dynamique-et-essais-stationnaires\/essais-stationnaires\/","title":{"rendered":"Essais stationnaires"},"content":{"rendered":"<div class=\"wpb-content-wrapper\"><p>[vc_row][vc_column]<div class=\"ult-spacer spacer-69dcf40a4b9ba\" data-id=\"69dcf40a4b9ba\" data-height=\"30\" data-height-mobile=\"20\" data-height-tab=\"20\" data-height-tab-portrait=\"\" data-height-mobile-landscape=\"\" style=\"clear:both;display:block;\"><\/div><div class=\"dfd-heading-shortcode\"><div class=\"dfd-heading-module-wrap  text-center style_01 dfd-heading-69dcf40a4bb3b dfd-disable-resposive-headings\" id=\"dfd-heading-69dcf40a4bb3b\" ><div class=\"inline-block\"><div class=\"dfd-heading-module\"><h6 class=\"widget-title dfd-title \" style=\"font-family:PT Sans Narrow; font-weight:400; font-style:normal; font-size: 20px; color: #25bdd5 !important; line-height: 25px; \">Le laboratoire CETEST est homologu\u00e9 pour la r\u00e9alisation d\u2019un portefeuille complet d\u2019essais statiques (D\u00e9chargement de Roue, essais de coefficient de Souplesse et de facteur X), comme l\u2019exigent diff\u00e9rentes normes, telles que les EN 14363, UIC 528 et US CFR 49, entre autres.<\/h6><div class=\"dfd-heading-delimiter\"><\/div><\/div><\/div><\/div><script type=\"text\/javascript\">\r\n\t\t\t\t\t\t\t\t\t(function($) {\r\n\t\t\t\t\t\t\t\t\t\t$(\"head\").append(\"<style>.dfd-heading-69dcf40a4bb3b.dfd-heading-module-wrap .dfd-heading-module .dfd-heading-delimiter {border-bottom-style:solid;border-bottom-width:1px;width:100px;border-bottom-color:#dddddd;}.dfd-heading-69dcf40a4bb3b.dfd-heading-module-wrap .dfd-heading-module .dfd-heading-delimiter {margin-top:20px;margin-bottom:20px;}<\/style>\");\r\n\t\t\t\t\t\t\t\t\t})(jQuery);\r\n\t\t\t\t\t\t\t\t<\/script><\/div><div class=\"ult-spacer spacer-69dcf40a4bd54\" data-id=\"69dcf40a4bd54\" data-height=\"30\" data-height-mobile=\"20\" data-height-tab=\"20\" data-height-tab-portrait=\"\" data-height-mobile-landscape=\"\" style=\"clear:both;display:block;\"><\/div>[vc_row_inner][vc_column_inner][vc_column_text]Les essais statiques sont n\u00e9cessaires pour \u00e9valuer la s\u00e9curit\u00e9 contre le d\u00e9raillement du mat\u00e9riel roulant.<\/p>\n<p>Nous avons r\u00e9alis\u00e9 plusieurs projets dans le monde entier, ce qui nous a permis d\u2019accumuler une bonne exp\u00e9rience dans ce domaine. Plates-formes enti\u00e8rement autonomes et portables, pr\u00eates \u00e0 \u00eatre exp\u00e9di\u00e9es aux installations du client pour effectuer des essais stationnaires avec des d\u00e9lais de livraison r\u00e9duits et en \u00e9vitant les co\u00fbts d&rsquo;exp\u00e9dition des v\u00e9hicules. Vous n\u2019avez pas \u00e0 d\u00e9placer votre v\u00e9hicule, nous transportons notre \u00e9quipement l\u00e0 o\u00f9 vous en avez besoin! <em>Anywhere, anytime<\/em>.[\/vc_column_text][\/vc_column_inner][\/vc_row_inner]<div class=\"ult-spacer spacer-69dcf40a4bdea\" data-id=\"69dcf40a4bdea\" data-height=\"30\" data-height-mobile=\"20\" data-height-tab=\"20\" data-height-tab-portrait=\"\" data-height-mobile-landscape=\"\" style=\"clear:both;display:block;\"><\/div>[vc_row_inner][vc_column_inner width=\u00a0\u00bb1\/2&Prime;]<div class=\"ult-spacer spacer-69dcf40a4be9e\" data-id=\"69dcf40a4be9e\" data-height=\"20\" data-height-mobile=\"10\" data-height-tab=\"20\" data-height-tab-portrait=\"\" data-height-mobile-landscape=\"\" style=\"clear:both;display:block;\"><\/div><div id=\"dfd-carousel-69dcf40a4bfee\" class=\"dfd-carousel-wrapper\"><div class=\"dfd-carousel-module-wrapper  dfd-carousel-horizontal dfd-arrows_aside2 dfdfillsquare dfd-arrows-style_4 dfd-arrows-enabled dfd-dots-enabled\" ><div class=\"dfd-carousel\">[vc_single_image image=\u00a0\u00bb16602&Prime; img_size=\u00a0\u00bbfull\u00a0\u00bb alignment=\u00a0\u00bbcenter\u00a0\u00bb][vc_single_image image=\u00a0\u00bb16603&Prime; img_size=\u00a0\u00bbfull\u00a0\u00bb alignment=\u00a0\u00bbcenter\u00a0\u00bb][vc_single_image image=\u00a0\u00bb16604&Prime; img_size=\u00a0\u00bbfull\u00a0\u00bb alignment=\u00a0\u00bbcenter\u00a0\u00bb]<\/div><a href=\"#\" class=\"dfd-slider-control prev\" title=\"Previous slide\"><i class=\"dfd-added-font-icon-left-open2\"><\/i><\/a><a href=\"#\" class=\"dfd-slider-control next\" title=\"Next slide\"><i class=\"dfd-added-font-icon-right-open2\"><\/i><\/a><\/div>\t\t\t\t<script type=\"text\/javascript\">\r\n\t\t\t\t\t(function($) {\r\n\t\t\t\t\t\t\"use strict\";\r\n\t\t\t\t\t\tvar $carousel = $('#dfd-carousel-69dcf40a4bfee').find('.dfd-carousel');\r\n\t\t\t\t\t\t$(document).ready(function() {\r\n\t\t\t\t\t\t\tvar $initialized = ($('body').hasClass('page-template-tmp-side-by-side')) ? $carousel.not('.slick-initialized') : $carousel;\r\n\t\t\t\t\t\t\t\t\t\t\t\t\t\t$carousel.siblings('.dfd-slider-control.prev').click(function(e) {\r\n\t\t\t\t\t\t\t\te.preventDefault();\r\n\t\t\t\t\t\t\t\t$carousel.eq(0).slick('slickPrev');\r\n\t\t\t\t\t\t\t});\r\n\t\t\t\t\t\t\t$carousel.siblings('.dfd-slider-control.next').click(function(e) {\r\n\t\t\t\t\t\t\t\te.preventDefault();\r\n\t\t\t\t\t\t\t\t$carousel.eq(0).slick('slickNext');\r\n\t\t\t\t\t\t\t});\r\n\t\t\t\t\t\t\t$initialized.slick({arrows: false,dotsClass: 'dfd-slick-dots',slidesToScroll: 1,autoplay: true,autoplaySpeed: 5000,dots: true,customPaging: function(slider, i) {\r\n\t\t\t\t\t\t\t\t\treturn '<span data-role=\"none\" role=\"button\" aria-required=\"false\" tabindex=\"0\"><\/span>';\r\n\t\t\t\t\t\t\t\t},infinite: true,slidesToShow: 1,speed: 300,swipe: true,draggable: true,adaptiveHeight: true,responsive: [\r\n\t\t\t\t\t\t\t{\r\n\t\t\t\t\t\t\t\tbreakpoint: 1024,\r\n\t\t\t\t\t\t\t\tsettings: {\r\n\t\t\t\t\t\t\t\t\tslidesToShow: 1,\r\n\t\t\t\t\t\t\t\t\tslidesToScroll: 1,\r\n\t\t\t\t\t\t\t\t}\r\n\t\t\t\t\t\t\t},\r\n\t\t\t\t\t\t\t{\r\n\t\t\t\t\t\t\t\tbreakpoint: 800,\r\n\t\t\t\t\t\t\t\tsettings: {\r\n\t\t\t\t\t\t\t\t\tslidesToShow: 1,\r\n\t\t\t\t\t\t\t\t\tslidesToScroll: 1,\r\n\t\t\t\t\t\t\t\t}\r\n\t\t\t\t\t\t\t},\r\n\t\t\t\t\t\t\t{\r\n\t\t\t\t\t\t\t\tbreakpoint: 480,\r\n\t\t\t\t\t\t\t\tsettings: {\r\n\t\t\t\t\t\t\t\t\tslidesToShow: 1,\r\n\t\t\t\t\t\t\t\t\tslidesToScroll: 1,\r\n\t\t\t\t\t\t\t\t}\r\n\t\t\t\t\t\t\t},]});\r\n\t\t\t\t\t\t\t$(\"head\").append(\"<style>#dfd-carousel-69dcf40a4bfee > .dfd-carousel-module-wrapper > .dfd-carousel > .slick-list > .slick-track > .dfd-item-wrap > .cover {padding: 10px;}#dfd-carousel-69dcf40a4bfee {margin: -10px;}<\/style>\")\t\t\t\t\t\t});\r\n\t\t\t\t\t})(jQuery);\r\n\t\t\t\t<\/script>\r\n            <\/div>[\/vc_column_inner][vc_column_inner width=\u00a0\u00bb1\/2&Prime; css=\u00a0\u00bb.vc_custom_1501153082267{padding-right: 5% !important;padding-left: 5% !important;}\u00a0\u00bb]<div class=\"ult-spacer spacer-69dcf40a4c16e\" data-id=\"69dcf40a4c16e\" data-height=\"20\" data-height-mobile=\"10\" data-height-tab=\"20\" data-height-tab-portrait=\"\" data-height-mobile-landscape=\"\" style=\"clear:both;display:block;\"><\/div>[vc_column_text]Ces bancs d\u2019essai ont \u00e9t\u00e9 sp\u00e9cialement con\u00e7us pour l\u2019ex\u00e9cution correcte des essais suivants:<\/p>\n<ul>\n<li>D\u00e9chargement de roue.<\/li>\n<li>Essai d\u2019\u00e9quilibrage de roue.<\/li>\n<li>Flexibilit\u00e9 de la suspension (Souplesse) \/ Lean testing<\/li>\n<li>R\u00e9sistance \u00e0 la rotation du bogie (X-factor).<\/li>\n<li>V\u00e9rification du gabarit.<\/li>\n<li>Coefficient de Rigidit\u00e9 Torsionnelle.<\/li>\n<li>V\u00e9rification du centre de gravit\u00e9 (trois axes).<\/li>\n<li>Pes\u00e9e du v\u00e9hicule.<\/li>\n<li>Mesure des forces de guidage sur une courbe plane de 150m de rayon<\/li>\n<\/ul>\n<p>[\/vc_column_text]<div class=\"ult-spacer spacer-69dcf40a4c1f2\" data-id=\"69dcf40a4c1f2\" data-height=\"20\" data-height-mobile=\"10\" data-height-tab=\"20\" data-height-tab-portrait=\"\" data-height-mobile-landscape=\"\" style=\"clear:both;display:block;\"><\/div>[\/vc_column_inner][\/vc_row_inner][vc_row_inner][vc_column_inner dfd_column_responsive_enable=\u00a0\u00bbdfd-column-responsive-enable\u00a0\u00bb responsive_styles=\u00a0\u00bbpadding_left_desktop:10|padding_right_desktop:10&Prime;]<div id=\"dfd-announce-69dcf40a4c2b3-5000\" class=\"dfd-announce-module-wrap align-left no_full_bg_class  style-3 layout-1\" ><div class=\"dfd-announce-module\"><div class=\"module-icon\" ><i class = \"dfd-icon-train_1\"><\/i><\/div><div class=\"module-text\" style=\"font-family:PT Sans; font-weight:400; font-style:normal; font-size: 18px; color: #25bdd5 !important; line-height: 22px; font-weight:bold; \">Vous n\u2019avez pas \u00e0 d\u00e9placer votre v\u00e9hicule, nous transportons notre \u00e9quipement l\u00e0 o\u00f9 vous en avez besoin! Anywhere, anytime.<\/div><\/div><\/div><div class=\"ult-spacer spacer-69dcf40a4c3c2\" data-id=\"69dcf40a4c3c2\" data-height=\"30\" data-height-mobile=\"30\" data-height-tab=\"30\" data-height-tab-portrait=\"\" data-height-mobile-landscape=\"\" style=\"clear:both;display:block;\"><\/div>[vc_column_text]Les bancs d\u2019essai peuvent \u00eatre adapt\u00e9s \u00e0 tout empattement et \u00e9cartement de voie, puis positionn\u00e9s selon les configurations exig\u00e9es. Les essais sont totalement automatis\u00e9s, et tous les param\u00e8tres sont surveill\u00e9s en temps r\u00e9el. Les cycles d\u2019hyst\u00e9r\u00e9sis sont enregistr\u00e9s et int\u00e9gr\u00e9s au rapport, comme l&rsquo;exige la r\u00e8glementation applicable.<\/p>\n<p>De plus, nous collaborons avec nos clients pour valider le mod\u00e8le th\u00e9orique <em>multibody<\/em> avec les r\u00e9sultats r\u00e9els obtenus dans les essais.[\/vc_column_text][\/vc_column_inner][\/vc_row_inner]<div class=\"ult-spacer spacer-69dcf40a4c404\" data-id=\"69dcf40a4c404\" data-height=\"60\" data-height-mobile=\"20\" data-height-tab=\"30\" data-height-tab-portrait=\"\" data-height-mobile-landscape=\"\" style=\"clear:both;display:block;\"><\/div>[\/vc_column][\/vc_row]<\/p>\n<\/div>","protected":false},"excerpt":{"rendered":"<p>[vc_row][vc_column][vc_row_inner][vc_column_inner][vc_column_text]Les essais statiques sont n\u00e9cessaires pour \u00e9valuer la s\u00e9curit\u00e9 contre le d\u00e9raillement du mat\u00e9riel roulant. Nous avons r\u00e9alis\u00e9 plusieurs projets dans le monde entier, ce qui nous a permis d\u2019accumuler<\/p>\n","protected":false},"author":1,"featured_media":0,"parent":18293,"menu_order":0,"comment_status":"closed","ping_status":"closed","template":"tmp-page-right-sidebar.php","meta":{"_acf_changed":false,"footnotes":""},"class_list":["post-18209","page","type-page","status-publish","hentry"],"acf":[],"yoast_head":"<!-- This site is optimized with the Yoast SEO plugin v27.3 - https:\/\/yoast.com\/product\/yoast-seo-wordpress\/ -->\n<title>Essais stationnaires | CETEST<\/title>\n<meta name=\"description\" content=\"Le laboratoire CETEST est homologu\u00e9 pour la r\u00e9alisation d\u2019un portefeuille complet d\u2019essais statiques (d\u00e9chargement de roue, essais de coefficient de souplesse et de facteur X), n\u00e9cessaires pour \u00e9valuer la s\u00e9curit\u00e9 contre le d\u00e9raillement du mat\u00e9riel roulant.\" \/>\n<meta name=\"robots\" content=\"index, follow, max-snippet:-1, max-image-preview:large, max-video-preview:-1\" \/>\n<link rel=\"canonical\" href=\"https:\/\/www.cetestgroup.com\/fr\/essais-ferroviaires\/comportement-dynamique-et-essais-stationnaires\/essais-stationnaires\/\" \/>\n<meta property=\"og:locale\" content=\"fr_FR\" \/>\n<meta property=\"og:type\" content=\"article\" \/>\n<meta property=\"og:title\" content=\"Essais stationnaires | CETEST\" \/>\n<meta property=\"og:description\" content=\"Le laboratoire CETEST est homologu\u00e9 pour la r\u00e9alisation d\u2019un portefeuille complet d\u2019essais statiques (d\u00e9chargement de roue, essais de coefficient de souplesse et de facteur X), n\u00e9cessaires pour \u00e9valuer la s\u00e9curit\u00e9 contre le d\u00e9raillement du mat\u00e9riel roulant.\" \/>\n<meta property=\"og:url\" content=\"https:\/\/www.cetestgroup.com\/fr\/essais-ferroviaires\/comportement-dynamique-et-essais-stationnaires\/essais-stationnaires\/\" \/>\n<meta property=\"og:site_name\" content=\"CETEST\" \/>\n<meta property=\"article:modified_time\" content=\"2025-02-10T10:03:01+00:00\" \/>\n<meta name=\"twitter:card\" content=\"summary_large_image\" \/>\n<meta name=\"twitter:label1\" content=\"Dur\u00e9e de lecture estim\u00e9e\" \/>\n\t<meta name=\"twitter:data1\" content=\"3 minutes\" \/>\n<script type=\"application\/ld+json\" class=\"yoast-schema-graph\">{\"@context\":\"https:\\\/\\\/schema.org\",\"@graph\":[{\"@type\":\"WebPage\",\"@id\":\"https:\\\/\\\/www.cetestgroup.com\\\/fr\\\/essais-ferroviaires\\\/comportement-dynamique-et-essais-stationnaires\\\/essais-stationnaires\\\/\",\"url\":\"https:\\\/\\\/www.cetestgroup.com\\\/fr\\\/essais-ferroviaires\\\/comportement-dynamique-et-essais-stationnaires\\\/essais-stationnaires\\\/\",\"name\":\"Essais stationnaires | CETEST\",\"isPartOf\":{\"@id\":\"https:\\\/\\\/www.cetestgroup.com\\\/es\\\/#website\"},\"datePublished\":\"2018-05-29T08:52:54+00:00\",\"dateModified\":\"2025-02-10T10:03:01+00:00\",\"description\":\"Le laboratoire CETEST est homologu\u00e9 pour la r\u00e9alisation d\u2019un portefeuille complet d\u2019essais statiques (d\u00e9chargement de roue, essais de coefficient de souplesse et de facteur X), n\u00e9cessaires pour \u00e9valuer la s\u00e9curit\u00e9 contre le d\u00e9raillement du mat\u00e9riel roulant.\",\"breadcrumb\":{\"@id\":\"https:\\\/\\\/www.cetestgroup.com\\\/fr\\\/essais-ferroviaires\\\/comportement-dynamique-et-essais-stationnaires\\\/essais-stationnaires\\\/#breadcrumb\"},\"inLanguage\":\"fr-FR\",\"potentialAction\":[{\"@type\":\"ReadAction\",\"target\":[\"https:\\\/\\\/www.cetestgroup.com\\\/fr\\\/essais-ferroviaires\\\/comportement-dynamique-et-essais-stationnaires\\\/essais-stationnaires\\\/\"]}]},{\"@type\":\"BreadcrumbList\",\"@id\":\"https:\\\/\\\/www.cetestgroup.com\\\/fr\\\/essais-ferroviaires\\\/comportement-dynamique-et-essais-stationnaires\\\/essais-stationnaires\\\/#breadcrumb\",\"itemListElement\":[{\"@type\":\"ListItem\",\"position\":1,\"name\":\"Home\",\"item\":\"https:\\\/\\\/www.cetestgroup.com\\\/fr\\\/\"},{\"@type\":\"ListItem\",\"position\":2,\"name\":\"Essais ferroviaires\",\"item\":\"https:\\\/\\\/www.cetestgroup.com\\\/fr\\\/essais-ferroviaires\\\/\"},{\"@type\":\"ListItem\",\"position\":3,\"name\":\"Comportement dynamique\",\"item\":\"https:\\\/\\\/www.cetestgroup.com\\\/fr\\\/essais-ferroviaires\\\/comportement-dynamique-et-essais-stationnaires\\\/\"},{\"@type\":\"ListItem\",\"position\":4,\"name\":\"Essais stationnaires\"}]},{\"@type\":\"WebSite\",\"@id\":\"https:\\\/\\\/www.cetestgroup.com\\\/es\\\/#website\",\"url\":\"https:\\\/\\\/www.cetestgroup.com\\\/es\\\/\",\"name\":\"CETEST\",\"description\":\"CETEST is a fully accredited independent test laboratory offering services for design verification, model validation, developmental testing and\\\/or answers to help you identify failure root causes. We carry out tests in our facilities as well as on site as required by customer needs.\",\"potentialAction\":[{\"@type\":\"SearchAction\",\"target\":{\"@type\":\"EntryPoint\",\"urlTemplate\":\"https:\\\/\\\/www.cetestgroup.com\\\/es\\\/?s={search_term_string}\"},\"query-input\":{\"@type\":\"PropertyValueSpecification\",\"valueRequired\":true,\"valueName\":\"search_term_string\"}}],\"inLanguage\":\"fr-FR\"}]}<\/script>\n<!-- \/ Yoast SEO plugin. -->","yoast_head_json":{"title":"Essais stationnaires | CETEST","description":"Le laboratoire CETEST est homologu\u00e9 pour la r\u00e9alisation d\u2019un portefeuille complet d\u2019essais statiques (d\u00e9chargement de roue, essais de coefficient de souplesse et de facteur X), n\u00e9cessaires pour \u00e9valuer la s\u00e9curit\u00e9 contre le d\u00e9raillement du mat\u00e9riel roulant.","robots":{"index":"index","follow":"follow","max-snippet":"max-snippet:-1","max-image-preview":"max-image-preview:large","max-video-preview":"max-video-preview:-1"},"canonical":"https:\/\/www.cetestgroup.com\/fr\/essais-ferroviaires\/comportement-dynamique-et-essais-stationnaires\/essais-stationnaires\/","og_locale":"fr_FR","og_type":"article","og_title":"Essais stationnaires | CETEST","og_description":"Le laboratoire CETEST est homologu\u00e9 pour la r\u00e9alisation d\u2019un portefeuille complet d\u2019essais statiques (d\u00e9chargement de roue, essais de coefficient de souplesse et de facteur X), n\u00e9cessaires pour \u00e9valuer la s\u00e9curit\u00e9 contre le d\u00e9raillement du mat\u00e9riel roulant.","og_url":"https:\/\/www.cetestgroup.com\/fr\/essais-ferroviaires\/comportement-dynamique-et-essais-stationnaires\/essais-stationnaires\/","og_site_name":"CETEST","article_modified_time":"2025-02-10T10:03:01+00:00","twitter_card":"summary_large_image","twitter_misc":{"Dur\u00e9e de lecture estim\u00e9e":"3 minutes"},"schema":{"@context":"https:\/\/schema.org","@graph":[{"@type":"WebPage","@id":"https:\/\/www.cetestgroup.com\/fr\/essais-ferroviaires\/comportement-dynamique-et-essais-stationnaires\/essais-stationnaires\/","url":"https:\/\/www.cetestgroup.com\/fr\/essais-ferroviaires\/comportement-dynamique-et-essais-stationnaires\/essais-stationnaires\/","name":"Essais stationnaires | CETEST","isPartOf":{"@id":"https:\/\/www.cetestgroup.com\/es\/#website"},"datePublished":"2018-05-29T08:52:54+00:00","dateModified":"2025-02-10T10:03:01+00:00","description":"Le laboratoire CETEST est homologu\u00e9 pour la r\u00e9alisation d\u2019un portefeuille complet d\u2019essais statiques (d\u00e9chargement de roue, essais de coefficient de souplesse et de facteur X), n\u00e9cessaires pour \u00e9valuer la s\u00e9curit\u00e9 contre le d\u00e9raillement du mat\u00e9riel roulant.","breadcrumb":{"@id":"https:\/\/www.cetestgroup.com\/fr\/essais-ferroviaires\/comportement-dynamique-et-essais-stationnaires\/essais-stationnaires\/#breadcrumb"},"inLanguage":"fr-FR","potentialAction":[{"@type":"ReadAction","target":["https:\/\/www.cetestgroup.com\/fr\/essais-ferroviaires\/comportement-dynamique-et-essais-stationnaires\/essais-stationnaires\/"]}]},{"@type":"BreadcrumbList","@id":"https:\/\/www.cetestgroup.com\/fr\/essais-ferroviaires\/comportement-dynamique-et-essais-stationnaires\/essais-stationnaires\/#breadcrumb","itemListElement":[{"@type":"ListItem","position":1,"name":"Home","item":"https:\/\/www.cetestgroup.com\/fr\/"},{"@type":"ListItem","position":2,"name":"Essais ferroviaires","item":"https:\/\/www.cetestgroup.com\/fr\/essais-ferroviaires\/"},{"@type":"ListItem","position":3,"name":"Comportement dynamique","item":"https:\/\/www.cetestgroup.com\/fr\/essais-ferroviaires\/comportement-dynamique-et-essais-stationnaires\/"},{"@type":"ListItem","position":4,"name":"Essais stationnaires"}]},{"@type":"WebSite","@id":"https:\/\/www.cetestgroup.com\/es\/#website","url":"https:\/\/www.cetestgroup.com\/es\/","name":"CETEST","description":"CETEST is a fully accredited independent test laboratory offering services for design verification, model validation, developmental testing and\/or answers to help you identify failure root causes. We carry out tests in our facilities as well as on site as required by customer needs.","potentialAction":[{"@type":"SearchAction","target":{"@type":"EntryPoint","urlTemplate":"https:\/\/www.cetestgroup.com\/es\/?s={search_term_string}"},"query-input":{"@type":"PropertyValueSpecification","valueRequired":true,"valueName":"search_term_string"}}],"inLanguage":"fr-FR"}]}},"_links":{"self":[{"href":"https:\/\/www.cetestgroup.com\/fr\/wp-json\/wp\/v2\/pages\/18209","targetHints":{"allow":["GET"]}}],"collection":[{"href":"https:\/\/www.cetestgroup.com\/fr\/wp-json\/wp\/v2\/pages"}],"about":[{"href":"https:\/\/www.cetestgroup.com\/fr\/wp-json\/wp\/v2\/types\/page"}],"author":[{"embeddable":true,"href":"https:\/\/www.cetestgroup.com\/fr\/wp-json\/wp\/v2\/users\/1"}],"replies":[{"embeddable":true,"href":"https:\/\/www.cetestgroup.com\/fr\/wp-json\/wp\/v2\/comments?post=18209"}],"version-history":[{"count":1,"href":"https:\/\/www.cetestgroup.com\/fr\/wp-json\/wp\/v2\/pages\/18209\/revisions"}],"predecessor-version":[{"id":20041,"href":"https:\/\/www.cetestgroup.com\/fr\/wp-json\/wp\/v2\/pages\/18209\/revisions\/20041"}],"up":[{"embeddable":true,"href":"https:\/\/www.cetestgroup.com\/fr\/wp-json\/wp\/v2\/pages\/18293"}],"wp:attachment":[{"href":"https:\/\/www.cetestgroup.com\/fr\/wp-json\/wp\/v2\/media?parent=18209"}],"curies":[{"name":"wp","href":"https:\/\/api.w.org\/{rel}","templated":true}]}}