{"id":18206,"date":"2018-05-29T09:44:43","date_gmt":"2018-05-29T08:44:43","guid":{"rendered":"https:\/\/www.cetestgroup.com\/?page_id=18206"},"modified":"2018-05-29T16:28:31","modified_gmt":"2018-05-29T15:28:31","slug":"systemes-pour-mesure-speciales","status":"publish","type":"page","link":"https:\/\/www.cetestgroup.com\/fr\/essais-ferroviaires\/instrumentation-speciale\/systemes-pour-mesure-speciales\/","title":{"rendered":"Syst\u00e8mes pour mesure sp\u00e9ciales"},"content":{"rendered":"<div class=\"wpb-content-wrapper\"><p>[vc_row][vc_column]<div class=\"ult-spacer spacer-69e4b60dafd0d\" data-id=\"69e4b60dafd0d\" data-height=\"30\" data-height-mobile=\"20\" data-height-tab=\"20\" data-height-tab-portrait=\"\" data-height-mobile-landscape=\"\" style=\"clear:both;display:block;\"><\/div><div class=\"dfd-heading-shortcode\"><div class=\"dfd-heading-module-wrap  text-center style_01 dfd-heading-69e4b60dafda8 dfd-disable-resposive-headings\" id=\"dfd-heading-69e4b60dafda8\" ><div class=\"inline-block\"><div class=\"dfd-heading-module\"><h6 class=\"widget-title dfd-title \" style=\"font-family:PT Sans Narrow; font-weight:400; font-style:normal; font-size: 20px; color: #25bdd5 !important; line-height: 25px; \">CETEST peut adapter plusieurs syst\u00e8mes de mesure embarqu\u00e9s devant fonctionner pendant le service normal et en conditions normales de circulation. Ainsi, le syst\u00e8me mesure les param\u00e8tres de fonctionnement r\u00e9el pour le v\u00e9hicule et pour les infrastructures, sans que cela n\u2019affecte le service normal.<\/h6><div class=\"dfd-heading-delimiter\"><\/div><\/div><\/div><\/div><script type=\"text\/javascript\">\r\n\t\t\t\t\t\t\t\t\t(function($) {\r\n\t\t\t\t\t\t\t\t\t\t$(\"head\").append(\"<style>.dfd-heading-69e4b60dafda8.dfd-heading-module-wrap .dfd-heading-module .dfd-heading-delimiter {border-bottom-style:solid;border-bottom-width:1px;width:100px;border-bottom-color:#dddddd;}.dfd-heading-69e4b60dafda8.dfd-heading-module-wrap .dfd-heading-module .dfd-heading-delimiter {margin-top:20px;margin-bottom:20px;}<\/style>\");\r\n\t\t\t\t\t\t\t\t\t})(jQuery);\r\n\t\t\t\t\t\t\t\t<\/script><\/div><div class=\"ult-spacer spacer-69e4b60dafea1\" data-id=\"69e4b60dafea1\" data-height=\"30\" data-height-mobile=\"20\" data-height-tab=\"20\" data-height-tab-portrait=\"\" data-height-mobile-landscape=\"\" style=\"clear:both;display:block;\"><\/div>[vc_row_inner][vc_column_inner][vc_single_image image=\u00a0\u00bb15951&Prime; img_size=\u00a0\u00bbfull\u00a0\u00bb alignment=\u00a0\u00bbcenter\u00a0\u00bb]<div class=\"ult-spacer spacer-69e4b60dafee5\" data-id=\"69e4b60dafee5\" data-height=\"20\" data-height-mobile=\"20\" data-height-tab=\"20\" data-height-tab-portrait=\"\" data-height-mobile-landscape=\"\" style=\"clear:both;display:block;\"><\/div>[vc_column_text]Nous d\u00e9veloppons des syst\u00e8mes personnalis\u00e9s de mesure et de surveillance bas\u00e9s sur notre expertise en syst\u00e8mes de mesure, traitement de signaux et disciplines d\u2019essais associ\u00e9es. Les projets sont d\u00e9velopp\u00e9s ad hoc en fonction des exigences sp\u00e9cifiques de nos clients.[\/vc_column_text]<div class=\"ult-spacer spacer-69e4b60daff0e\" data-id=\"69e4b60daff0e\" data-height=\"20\" data-height-mobile=\"20\" data-height-tab=\"20\" data-height-tab-portrait=\"\" data-height-mobile-landscape=\"\" style=\"clear:both;display:block;\"><\/div>[\/vc_column_inner][\/vc_row_inner][vc_row_inner][vc_column_inner width=\u00a0\u00bb1\/2&Prime;][vc_column_text]CETEST offre diff\u00e9rentes solutions et diff\u00e9rents services de mesure et de surveillance:<\/p>\n<ul>\n<li>Mesures de la dynamique du v\u00e9hicule et du confort de marche.<\/li>\n<li>Surveillance de la cat\u00e9naire et du pantographe.<\/li>\n<li>Mesures de g\u00e9om\u00e9trie de voie.<\/li>\n<li>lForces d\u2019interaction roue-rail.<\/li>\n<li>Consommation d\u2019\u00e9nergie du v\u00e9hicule.<\/li>\n<li>SHM (<em>Structural Health Monitoring<\/em>).<\/li>\n<li>\u2026<\/li>\n<\/ul>\n<p>Peu importe ce que vous voulez surveiller et contr\u00f4ler. Contactez-nous pour que nous puissions vous formuler quelques suggestions et conseils.[\/vc_column_text]<div class=\"ult-spacer spacer-69e4b60daff30\" data-id=\"69e4b60daff30\" data-height=\"20\" data-height-mobile=\"20\" data-height-tab=\"20\" data-height-tab-portrait=\"\" data-height-mobile-landscape=\"\" style=\"clear:both;display:block;\"><\/div>[\/vc_column_inner][vc_column_inner width=\u00a0\u00bb1\/2&Prime; css=\u00a0\u00bb.vc_custom_1504123353864{padding-right: 5% !important;padding-left: 5% !important;}\u00a0\u00bb][vc_single_image image=\u00a0\u00bb15988&Prime; img_size=\u00a0\u00bbfull\u00a0\u00bb alignment=\u00a0\u00bbcenter\u00a0\u00bb][\/vc_column_inner][\/vc_row_inner]<div class=\"ult-spacer spacer-69e4b60daff4f\" data-id=\"69e4b60daff4f\" data-height=\"60\" data-height-mobile=\"20\" data-height-tab=\"30\" data-height-tab-portrait=\"\" data-height-mobile-landscape=\"\" style=\"clear:both;display:block;\"><\/div>[\/vc_column][\/vc_row]<\/p>\n<\/div>","protected":false},"excerpt":{"rendered":"<p>[vc_row][vc_column][vc_row_inner][vc_column_inner][vc_single_image image=\u00a0\u00bb15951&Prime; img_size=\u00a0\u00bbfull\u00a0\u00bb alignment=\u00a0\u00bbcenter\u00a0\u00bb][vc_column_text]Nous d\u00e9veloppons des syst\u00e8mes personnalis\u00e9s de mesure et de surveillance bas\u00e9s sur notre expertise en syst\u00e8mes de mesure, traitement de signaux et disciplines d\u2019essais associ\u00e9es. Les projets<\/p>\n","protected":false},"author":1,"featured_media":0,"parent":18290,"menu_order":0,"comment_status":"closed","ping_status":"closed","template":"tmp-page-right-sidebar.php","meta":{"_acf_changed":false,"footnotes":""},"class_list":["post-18206","page","type-page","status-publish","hentry"],"acf":[],"yoast_head":"<!-- This site is optimized with the Yoast SEO plugin v27.4 - https:\/\/yoast.com\/product\/yoast-seo-wordpress\/ -->\n<title>Syst\u00e8mes pour mesure sp\u00e9ciales | CETEST<\/title>\n<meta name=\"description\" content=\"CETEST peut adapter plusieurs syst\u00e8mes de mesure embarqu\u00e9s devant fonctionner pendant le service normal et en conditions normales de circulation. Ainsi, le syst\u00e8me mesure les param\u00e8tres de fonctionnement r\u00e9el pour le v\u00e9hicule et pour les infrastructures, sans que cela n\u2019affecte le service normal.\" \/>\n<meta name=\"robots\" content=\"index, follow, max-snippet:-1, max-image-preview:large, max-video-preview:-1\" \/>\n<link rel=\"canonical\" href=\"https:\/\/www.cetestgroup.com\/fr\/essais-ferroviaires\/instrumentation-speciale\/systemes-pour-mesure-speciales\/\" \/>\n<meta property=\"og:locale\" content=\"fr_FR\" \/>\n<meta property=\"og:type\" content=\"article\" \/>\n<meta property=\"og:title\" content=\"Syst\u00e8mes pour mesure sp\u00e9ciales | CETEST\" \/>\n<meta property=\"og:description\" content=\"CETEST peut adapter plusieurs syst\u00e8mes de mesure embarqu\u00e9s devant fonctionner pendant le service normal et en conditions normales de circulation. Ainsi, le syst\u00e8me mesure les param\u00e8tres de fonctionnement r\u00e9el pour le v\u00e9hicule et pour les infrastructures, sans que cela n\u2019affecte le service normal.\" \/>\n<meta property=\"og:url\" content=\"https:\/\/www.cetestgroup.com\/fr\/essais-ferroviaires\/instrumentation-speciale\/systemes-pour-mesure-speciales\/\" \/>\n<meta property=\"og:site_name\" content=\"CETEST\" \/>\n<meta property=\"article:modified_time\" content=\"2018-05-29T15:28:31+00:00\" \/>\n<meta name=\"twitter:card\" content=\"summary_large_image\" \/>\n<meta name=\"twitter:label1\" content=\"Dur\u00e9e de lecture estim\u00e9e\" \/>\n\t<meta name=\"twitter:data1\" content=\"2 minutes\" \/>\n<script type=\"application\/ld+json\" class=\"yoast-schema-graph\">{\"@context\":\"https:\\\/\\\/schema.org\",\"@graph\":[{\"@type\":\"WebPage\",\"@id\":\"https:\\\/\\\/www.cetestgroup.com\\\/fr\\\/essais-ferroviaires\\\/instrumentation-speciale\\\/systemes-pour-mesure-speciales\\\/\",\"url\":\"https:\\\/\\\/www.cetestgroup.com\\\/fr\\\/essais-ferroviaires\\\/instrumentation-speciale\\\/systemes-pour-mesure-speciales\\\/\",\"name\":\"Syst\u00e8mes pour mesure sp\u00e9ciales | CETEST\",\"isPartOf\":{\"@id\":\"https:\\\/\\\/www.cetestgroup.com\\\/es\\\/#website\"},\"datePublished\":\"2018-05-29T08:44:43+00:00\",\"dateModified\":\"2018-05-29T15:28:31+00:00\",\"description\":\"CETEST peut adapter plusieurs syst\u00e8mes de mesure embarqu\u00e9s devant fonctionner pendant le service normal et en conditions normales de circulation. Ainsi, le syst\u00e8me mesure les param\u00e8tres de fonctionnement r\u00e9el pour le v\u00e9hicule et pour les infrastructures, sans que cela n\u2019affecte le service normal.\",\"breadcrumb\":{\"@id\":\"https:\\\/\\\/www.cetestgroup.com\\\/fr\\\/essais-ferroviaires\\\/instrumentation-speciale\\\/systemes-pour-mesure-speciales\\\/#breadcrumb\"},\"inLanguage\":\"fr-FR\",\"potentialAction\":[{\"@type\":\"ReadAction\",\"target\":[\"https:\\\/\\\/www.cetestgroup.com\\\/fr\\\/essais-ferroviaires\\\/instrumentation-speciale\\\/systemes-pour-mesure-speciales\\\/\"]}]},{\"@type\":\"BreadcrumbList\",\"@id\":\"https:\\\/\\\/www.cetestgroup.com\\\/fr\\\/essais-ferroviaires\\\/instrumentation-speciale\\\/systemes-pour-mesure-speciales\\\/#breadcrumb\",\"itemListElement\":[{\"@type\":\"ListItem\",\"position\":1,\"name\":\"Home\",\"item\":\"https:\\\/\\\/www.cetestgroup.com\\\/fr\\\/\"},{\"@type\":\"ListItem\",\"position\":2,\"name\":\"Essais ferroviaires\",\"item\":\"https:\\\/\\\/www.cetestgroup.com\\\/fr\\\/essais-ferroviaires\\\/\"},{\"@type\":\"ListItem\",\"position\":3,\"name\":\"Instrumentation sp\u00e9ciale\",\"item\":\"https:\\\/\\\/www.cetestgroup.com\\\/fr\\\/essais-ferroviaires\\\/instrumentation-speciale\\\/\"},{\"@type\":\"ListItem\",\"position\":4,\"name\":\"Syst\u00e8mes pour mesure sp\u00e9ciales\"}]},{\"@type\":\"WebSite\",\"@id\":\"https:\\\/\\\/www.cetestgroup.com\\\/es\\\/#website\",\"url\":\"https:\\\/\\\/www.cetestgroup.com\\\/es\\\/\",\"name\":\"CETEST\",\"description\":\"CETEST is a fully accredited independent test laboratory offering services for design verification, model validation, developmental testing and\\\/or answers to help you identify failure root causes. We carry out tests in our facilities as well as on site as required by customer needs.\",\"potentialAction\":[{\"@type\":\"SearchAction\",\"target\":{\"@type\":\"EntryPoint\",\"urlTemplate\":\"https:\\\/\\\/www.cetestgroup.com\\\/es\\\/?s={search_term_string}\"},\"query-input\":{\"@type\":\"PropertyValueSpecification\",\"valueRequired\":true,\"valueName\":\"search_term_string\"}}],\"inLanguage\":\"fr-FR\"}]}<\/script>\n<!-- \/ Yoast SEO plugin. -->","yoast_head_json":{"title":"Syst\u00e8mes pour mesure sp\u00e9ciales | CETEST","description":"CETEST peut adapter plusieurs syst\u00e8mes de mesure embarqu\u00e9s devant fonctionner pendant le service normal et en conditions normales de circulation. Ainsi, le syst\u00e8me mesure les param\u00e8tres de fonctionnement r\u00e9el pour le v\u00e9hicule et pour les infrastructures, sans que cela n\u2019affecte le service normal.","robots":{"index":"index","follow":"follow","max-snippet":"max-snippet:-1","max-image-preview":"max-image-preview:large","max-video-preview":"max-video-preview:-1"},"canonical":"https:\/\/www.cetestgroup.com\/fr\/essais-ferroviaires\/instrumentation-speciale\/systemes-pour-mesure-speciales\/","og_locale":"fr_FR","og_type":"article","og_title":"Syst\u00e8mes pour mesure sp\u00e9ciales | CETEST","og_description":"CETEST peut adapter plusieurs syst\u00e8mes de mesure embarqu\u00e9s devant fonctionner pendant le service normal et en conditions normales de circulation. Ainsi, le syst\u00e8me mesure les param\u00e8tres de fonctionnement r\u00e9el pour le v\u00e9hicule et pour les infrastructures, sans que cela n\u2019affecte le service normal.","og_url":"https:\/\/www.cetestgroup.com\/fr\/essais-ferroviaires\/instrumentation-speciale\/systemes-pour-mesure-speciales\/","og_site_name":"CETEST","article_modified_time":"2018-05-29T15:28:31+00:00","twitter_card":"summary_large_image","twitter_misc":{"Dur\u00e9e de lecture estim\u00e9e":"2 minutes"},"schema":{"@context":"https:\/\/schema.org","@graph":[{"@type":"WebPage","@id":"https:\/\/www.cetestgroup.com\/fr\/essais-ferroviaires\/instrumentation-speciale\/systemes-pour-mesure-speciales\/","url":"https:\/\/www.cetestgroup.com\/fr\/essais-ferroviaires\/instrumentation-speciale\/systemes-pour-mesure-speciales\/","name":"Syst\u00e8mes pour mesure sp\u00e9ciales | CETEST","isPartOf":{"@id":"https:\/\/www.cetestgroup.com\/es\/#website"},"datePublished":"2018-05-29T08:44:43+00:00","dateModified":"2018-05-29T15:28:31+00:00","description":"CETEST peut adapter plusieurs syst\u00e8mes de mesure embarqu\u00e9s devant fonctionner pendant le service normal et en conditions normales de circulation. Ainsi, le syst\u00e8me mesure les param\u00e8tres de fonctionnement r\u00e9el pour le v\u00e9hicule et pour les infrastructures, sans que cela n\u2019affecte le service normal.","breadcrumb":{"@id":"https:\/\/www.cetestgroup.com\/fr\/essais-ferroviaires\/instrumentation-speciale\/systemes-pour-mesure-speciales\/#breadcrumb"},"inLanguage":"fr-FR","potentialAction":[{"@type":"ReadAction","target":["https:\/\/www.cetestgroup.com\/fr\/essais-ferroviaires\/instrumentation-speciale\/systemes-pour-mesure-speciales\/"]}]},{"@type":"BreadcrumbList","@id":"https:\/\/www.cetestgroup.com\/fr\/essais-ferroviaires\/instrumentation-speciale\/systemes-pour-mesure-speciales\/#breadcrumb","itemListElement":[{"@type":"ListItem","position":1,"name":"Home","item":"https:\/\/www.cetestgroup.com\/fr\/"},{"@type":"ListItem","position":2,"name":"Essais ferroviaires","item":"https:\/\/www.cetestgroup.com\/fr\/essais-ferroviaires\/"},{"@type":"ListItem","position":3,"name":"Instrumentation sp\u00e9ciale","item":"https:\/\/www.cetestgroup.com\/fr\/essais-ferroviaires\/instrumentation-speciale\/"},{"@type":"ListItem","position":4,"name":"Syst\u00e8mes pour mesure sp\u00e9ciales"}]},{"@type":"WebSite","@id":"https:\/\/www.cetestgroup.com\/es\/#website","url":"https:\/\/www.cetestgroup.com\/es\/","name":"CETEST","description":"CETEST is a fully accredited independent test laboratory offering services for design verification, model validation, developmental testing and\/or answers to help you identify failure root causes. We carry out tests in our facilities as well as on site as required by customer needs.","potentialAction":[{"@type":"SearchAction","target":{"@type":"EntryPoint","urlTemplate":"https:\/\/www.cetestgroup.com\/es\/?s={search_term_string}"},"query-input":{"@type":"PropertyValueSpecification","valueRequired":true,"valueName":"search_term_string"}}],"inLanguage":"fr-FR"}]}},"_links":{"self":[{"href":"https:\/\/www.cetestgroup.com\/fr\/wp-json\/wp\/v2\/pages\/18206","targetHints":{"allow":["GET"]}}],"collection":[{"href":"https:\/\/www.cetestgroup.com\/fr\/wp-json\/wp\/v2\/pages"}],"about":[{"href":"https:\/\/www.cetestgroup.com\/fr\/wp-json\/wp\/v2\/types\/page"}],"author":[{"embeddable":true,"href":"https:\/\/www.cetestgroup.com\/fr\/wp-json\/wp\/v2\/users\/1"}],"replies":[{"embeddable":true,"href":"https:\/\/www.cetestgroup.com\/fr\/wp-json\/wp\/v2\/comments?post=18206"}],"version-history":[{"count":2,"href":"https:\/\/www.cetestgroup.com\/fr\/wp-json\/wp\/v2\/pages\/18206\/revisions"}],"predecessor-version":[{"id":18208,"href":"https:\/\/www.cetestgroup.com\/fr\/wp-json\/wp\/v2\/pages\/18206\/revisions\/18208"}],"up":[{"embeddable":true,"href":"https:\/\/www.cetestgroup.com\/fr\/wp-json\/wp\/v2\/pages\/18290"}],"wp:attachment":[{"href":"https:\/\/www.cetestgroup.com\/fr\/wp-json\/wp\/v2\/media?parent=18206"}],"curies":[{"name":"wp","href":"https:\/\/api.w.org\/{rel}","templated":true}]}}