{"id":18197,"date":"2018-05-29T09:24:12","date_gmt":"2018-05-29T08:24:12","guid":{"rendered":"https:\/\/www.cetestgroup.com\/?page_id=18197"},"modified":"2018-05-29T16:25:17","modified_gmt":"2018-05-29T15:25:17","slug":"essai-climatique-simplifie","status":"publish","type":"page","link":"https:\/\/www.cetestgroup.com\/fr\/essais-ferroviaires\/essais-climatiques\/essai-climatique-simplifie\/","title":{"rendered":"Essai climatique simplifi\u00e9"},"content":{"rendered":"<div class=\"wpb-content-wrapper\"><p>[vc_row][vc_column]<div class=\"ult-spacer spacer-69dcdb2f9c45d\" data-id=\"69dcdb2f9c45d\" data-height=\"30\" data-height-mobile=\"20\" data-height-tab=\"20\" data-height-tab-portrait=\"\" data-height-mobile-landscape=\"\" style=\"clear:both;display:block;\"><\/div><div class=\"dfd-heading-shortcode\"><div class=\"dfd-heading-module-wrap  text-center style_01 dfd-heading-69dcdb2f9c4fa dfd-disable-resposive-headings\" id=\"dfd-heading-69dcdb2f9c4fa\" ><div class=\"inline-block\"><div class=\"dfd-heading-module\"><h6 class=\"widget-title dfd-title \" style=\"font-family:PT Sans Narrow; font-weight:400; font-style:normal; font-size: 20px; color: #25bdd5 !important; line-height: 25px; \">Chez CETEST, nous sommes experts dans le domaine du HVAC et de la ventilation. Nous aidons notre client pendant le processus d\u2019homologation, et \u00e0 r\u00e9soudre les probl\u00e8mes associ\u00e9s au syst\u00e8me HVAC, selon les directives \u00e9tablies par les diff\u00e9rentes normes (par exemple, la EN14750).<\/h6><div class=\"dfd-heading-delimiter\"><\/div><\/div><\/div><\/div><script type=\"text\/javascript\">\r\n\t\t\t\t\t\t\t\t\t(function($) {\r\n\t\t\t\t\t\t\t\t\t\t$(\"head\").append(\"<style>.dfd-heading-69dcdb2f9c4fa.dfd-heading-module-wrap .dfd-heading-module .dfd-heading-delimiter {border-bottom-style:solid;border-bottom-width:1px;width:100px;border-bottom-color:#dddddd;}.dfd-heading-69dcdb2f9c4fa.dfd-heading-module-wrap .dfd-heading-module .dfd-heading-delimiter {margin-top:20px;margin-bottom:20px;}<\/style>\");\r\n\t\t\t\t\t\t\t\t\t})(jQuery);\r\n\t\t\t\t\t\t\t\t<\/script><\/div><div class=\"ult-spacer spacer-69dcdb2f9c5f0\" data-id=\"69dcdb2f9c5f0\" data-height=\"30\" data-height-mobile=\"20\" data-height-tab=\"20\" data-height-tab-portrait=\"\" data-height-mobile-landscape=\"\" style=\"clear:both;display:block;\"><\/div>[vc_row_inner][vc_column_inner width=\u00a0\u00bb1\/2&Prime;]<div class=\"ult-spacer spacer-69dcdb2f9c61f\" data-id=\"69dcdb2f9c61f\" data-height=\"20\" data-height-mobile=\"10\" data-height-tab=\"20\" data-height-tab-portrait=\"\" data-height-mobile-landscape=\"\" style=\"clear:both;display:block;\"><\/div>[vc_column_text]Nous pouvons effectuer plusieurs mesures pour v\u00e9rifier la performance du chauffage et de la climatisation. Pour ce faire, nous compl\u00e9tons diff\u00e9rents cycles de chauffage et de refroidissement conform\u00e9ment aux sp\u00e9cifications du client, en simulant la chaleur apport\u00e9e par les voyageurs, etc. Nous r\u00e9alisons entre autres, les essais suivants:<\/p>\n<ul>\n<li>Essais de transfert de chaleur du v\u00e9hicule (d\u00e9termination du coefficient k \/ valeur UA), dans des espaces correctement pr\u00e9par\u00e9s, soit dans les installations du client, soit dans notre propre chambre climatique.<\/li>\n<li>Pressurisation du v\u00e9hicule et d\u00e9tection de fuite.<\/li>\n<li>Essai de bilan d\u2019air (mesures de flux d\u2019air frais et de retour de flux du HVAC).<\/li>\n<li>Mesures de vitesse d\u2019air \u00e0 l\u2019int\u00e9rieur du v\u00e9hicule.<\/li>\n<li>Mesures de la consommation.<\/li>\n<li>\u00c9valuation de la performance du syst\u00e8me HVAC et du confort thermique.<\/li>\n<li>Essais fonctionnels sur diff\u00e9rents composants sujets \u00e0 des conditions climatiques extr\u00eames.<\/li>\n<li>Mesures thermiques et services de r\u00e9solution de probl\u00e8mes pour composants (disques de frein, roues, compresseurs, syst\u00e8mes de transmission, syst\u00e8mes de chauffage).<\/li>\n<li>Corr\u00e9lation de simulation MFN sur prototypes.<\/li>\n<\/ul>\n<p>[\/vc_column_text][\/vc_column_inner][vc_column_inner width=\u00a0\u00bb1\/2&Prime; css=\u00a0\u00bb.vc_custom_1501153082267{padding-right: 5% !important;padding-left: 5% !important;}\u00a0\u00bb]<div class=\"ult-spacer spacer-69dcdb2f9c644\" data-id=\"69dcdb2f9c644\" data-height=\"20\" data-height-mobile=\"20\" data-height-tab=\"20\" data-height-tab-portrait=\"\" data-height-mobile-landscape=\"\" style=\"clear:both;display:block;\"><\/div><div id=\"dfd-carousel-69dcdb2f9c6e5\" class=\"dfd-carousel-wrapper\"><div class=\"dfd-carousel-module-wrapper  dfd-carousel-horizontal dfd-arrows_aside2 dfdfillsquare dfd-arrows-style_4 dfd-arrows-enabled dfd-dots-enabled\" ><div class=\"dfd-carousel\">[vc_single_image image=\u00a0\u00bb15805&Prime; img_size=\u00a0\u00bbfull\u00a0\u00bb alignment=\u00a0\u00bbcenter\u00a0\u00bb][vc_single_image image=\u00a0\u00bb15954&Prime; img_size=\u00a0\u00bbfull\u00a0\u00bb alignment=\u00a0\u00bbcenter\u00a0\u00bb]<\/div><a href=\"#\" class=\"dfd-slider-control prev\" title=\"Previous slide\"><i class=\"dfd-added-font-icon-left-open2\"><\/i><\/a><a href=\"#\" class=\"dfd-slider-control next\" title=\"Next slide\"><i class=\"dfd-added-font-icon-right-open2\"><\/i><\/a><\/div>\t\t\t\t<script type=\"text\/javascript\">\r\n\t\t\t\t\t(function($) {\r\n\t\t\t\t\t\t\"use strict\";\r\n\t\t\t\t\t\tvar $carousel = $('#dfd-carousel-69dcdb2f9c6e5').find('.dfd-carousel');\r\n\t\t\t\t\t\t$(document).ready(function() {\r\n\t\t\t\t\t\t\tvar $initialized = ($('body').hasClass('page-template-tmp-side-by-side')) ? $carousel.not('.slick-initialized') : $carousel;\r\n\t\t\t\t\t\t\t\t\t\t\t\t\t\t$carousel.siblings('.dfd-slider-control.prev').click(function(e) {\r\n\t\t\t\t\t\t\t\te.preventDefault();\r\n\t\t\t\t\t\t\t\t$carousel.eq(0).slick('slickPrev');\r\n\t\t\t\t\t\t\t});\r\n\t\t\t\t\t\t\t$carousel.siblings('.dfd-slider-control.next').click(function(e) {\r\n\t\t\t\t\t\t\t\te.preventDefault();\r\n\t\t\t\t\t\t\t\t$carousel.eq(0).slick('slickNext');\r\n\t\t\t\t\t\t\t});\r\n\t\t\t\t\t\t\t$initialized.slick({arrows: false,dotsClass: 'dfd-slick-dots',slidesToScroll: 1,autoplay: true,autoplaySpeed: 5000,dots: true,customPaging: function(slider, i) {\r\n\t\t\t\t\t\t\t\t\treturn '<span data-role=\"none\" role=\"button\" aria-required=\"false\" tabindex=\"0\"><\/span>';\r\n\t\t\t\t\t\t\t\t},infinite: true,slidesToShow: 1,speed: 300,swipe: true,draggable: true,adaptiveHeight: true,responsive: [\r\n\t\t\t\t\t\t\t{\r\n\t\t\t\t\t\t\t\tbreakpoint: 1024,\r\n\t\t\t\t\t\t\t\tsettings: {\r\n\t\t\t\t\t\t\t\t\tslidesToShow: 1,\r\n\t\t\t\t\t\t\t\t\tslidesToScroll: 1,\r\n\t\t\t\t\t\t\t\t}\r\n\t\t\t\t\t\t\t},\r\n\t\t\t\t\t\t\t{\r\n\t\t\t\t\t\t\t\tbreakpoint: 800,\r\n\t\t\t\t\t\t\t\tsettings: {\r\n\t\t\t\t\t\t\t\t\tslidesToShow: 1,\r\n\t\t\t\t\t\t\t\t\tslidesToScroll: 1,\r\n\t\t\t\t\t\t\t\t}\r\n\t\t\t\t\t\t\t},\r\n\t\t\t\t\t\t\t{\r\n\t\t\t\t\t\t\t\tbreakpoint: 480,\r\n\t\t\t\t\t\t\t\tsettings: {\r\n\t\t\t\t\t\t\t\t\tslidesToShow: 1,\r\n\t\t\t\t\t\t\t\t\tslidesToScroll: 1,\r\n\t\t\t\t\t\t\t\t}\r\n\t\t\t\t\t\t\t},]});\r\n\t\t\t\t\t\t\t$(\"head\").append(\"<style>#dfd-carousel-69dcdb2f9c6e5 > .dfd-carousel-module-wrapper > .dfd-carousel > .slick-list > .slick-track > .dfd-item-wrap > .cover {padding: 10px;}#dfd-carousel-69dcdb2f9c6e5 {margin: -10px;}<\/style>\")\t\t\t\t\t\t});\r\n\t\t\t\t\t})(jQuery);\r\n\t\t\t\t<\/script>\r\n            <\/div><div class=\"ult-spacer spacer-69dcdb2f9c774\" data-id=\"69dcdb2f9c774\" data-height=\"10\" data-height-mobile=\"10\" data-height-tab=\"10\" data-height-tab-portrait=\"\" data-height-mobile-landscape=\"\" style=\"clear:both;display:block;\"><\/div><div id=\"dfd-announce-69dcdb2f9c7a4-3094\" class=\"dfd-announce-module-wrap align-left no_full_bg_class  style-3 layout-1\" ><div class=\"dfd-announce-module\"><div class=\"module-icon\" ><i class = \"dfd-icon-train_1\"><\/i><\/div><div class=\"module-text\" style=\"font-family:PT Sans; font-weight:400; font-style:normal; font-size: 18px; color: #25bdd5 !important; line-height: 22px; font-weight:bold; \">Nous pouvons effectuer plusieurs mesures pour v\u00e9rifier la performance du chauffage et de la climatisation.<\/div><\/div><\/div><div class=\"ult-spacer spacer-69dcdb2f9c7f2\" data-id=\"69dcdb2f9c7f2\" data-height=\"20\" data-height-mobile=\"20\" data-height-tab=\"20\" data-height-tab-portrait=\"\" data-height-mobile-landscape=\"\" style=\"clear:both;display:block;\"><\/div>[\/vc_column_inner][\/vc_row_inner]<div class=\"ult-spacer spacer-69dcdb2f9c814\" data-id=\"69dcdb2f9c814\" data-height=\"60\" data-height-mobile=\"20\" data-height-tab=\"30\" data-height-tab-portrait=\"\" data-height-mobile-landscape=\"\" style=\"clear:both;display:block;\"><\/div>[\/vc_column][\/vc_row]<\/p>\n<\/div>","protected":false},"excerpt":{"rendered":"<p>[vc_row][vc_column][vc_row_inner][vc_column_inner width=\u00a0\u00bb1\/2&Prime;][vc_column_text]Nous pouvons effectuer plusieurs mesures pour v\u00e9rifier la performance du chauffage et de la climatisation. Pour ce faire, nous compl\u00e9tons diff\u00e9rents cycles de chauffage et de refroidissement conform\u00e9ment aux<\/p>\n","protected":false},"author":1,"featured_media":0,"parent":18286,"menu_order":0,"comment_status":"closed","ping_status":"closed","template":"tmp-page-right-sidebar.php","meta":{"_acf_changed":false,"footnotes":""},"class_list":["post-18197","page","type-page","status-publish","hentry"],"acf":[],"yoast_head":"<!-- This site is optimized with the Yoast SEO plugin v27.3 - https:\/\/yoast.com\/product\/yoast-seo-wordpress\/ -->\n<title>Essai climatique simplifi\u00e9 | CETEST<\/title>\n<meta name=\"description\" content=\"Chez CETEST, nous sommes experts dans le domaine du HVAC et de la ventilation. Nous aidons notre client pendant le processus d\u2019homologation, et \u00e0 r\u00e9soudre les probl\u00e8mes associ\u00e9s au syst\u00e8me HVAC, selon les directives \u00e9tablies par les diff\u00e9rentes normes (par exemple, la EN14750).\" \/>\n<meta name=\"robots\" content=\"index, follow, max-snippet:-1, max-image-preview:large, max-video-preview:-1\" \/>\n<link rel=\"canonical\" href=\"https:\/\/www.cetestgroup.com\/fr\/essais-ferroviaires\/essais-climatiques\/essai-climatique-simplifie\/\" \/>\n<meta property=\"og:locale\" content=\"fr_FR\" \/>\n<meta property=\"og:type\" content=\"article\" \/>\n<meta property=\"og:title\" content=\"Essai climatique simplifi\u00e9 | CETEST\" \/>\n<meta property=\"og:description\" content=\"Chez CETEST, nous sommes experts dans le domaine du HVAC et de la ventilation. Nous aidons notre client pendant le processus d\u2019homologation, et \u00e0 r\u00e9soudre les probl\u00e8mes associ\u00e9s au syst\u00e8me HVAC, selon les directives \u00e9tablies par les diff\u00e9rentes normes (par exemple, la EN14750).\" \/>\n<meta property=\"og:url\" content=\"https:\/\/www.cetestgroup.com\/fr\/essais-ferroviaires\/essais-climatiques\/essai-climatique-simplifie\/\" \/>\n<meta property=\"og:site_name\" content=\"CETEST\" \/>\n<meta property=\"article:modified_time\" content=\"2018-05-29T15:25:17+00:00\" \/>\n<meta name=\"twitter:card\" content=\"summary_large_image\" \/>\n<meta name=\"twitter:label1\" content=\"Dur\u00e9e de lecture estim\u00e9e\" \/>\n\t<meta name=\"twitter:data1\" content=\"2 minutes\" \/>\n<script type=\"application\/ld+json\" class=\"yoast-schema-graph\">{\"@context\":\"https:\\\/\\\/schema.org\",\"@graph\":[{\"@type\":\"WebPage\",\"@id\":\"https:\\\/\\\/www.cetestgroup.com\\\/fr\\\/essais-ferroviaires\\\/essais-climatiques\\\/essai-climatique-simplifie\\\/\",\"url\":\"https:\\\/\\\/www.cetestgroup.com\\\/fr\\\/essais-ferroviaires\\\/essais-climatiques\\\/essai-climatique-simplifie\\\/\",\"name\":\"Essai climatique simplifi\u00e9 | CETEST\",\"isPartOf\":{\"@id\":\"https:\\\/\\\/www.cetestgroup.com\\\/es\\\/#website\"},\"datePublished\":\"2018-05-29T08:24:12+00:00\",\"dateModified\":\"2018-05-29T15:25:17+00:00\",\"description\":\"Chez CETEST, nous sommes experts dans le domaine du HVAC et de la ventilation. Nous aidons notre client pendant le processus d\u2019homologation, et \u00e0 r\u00e9soudre les probl\u00e8mes associ\u00e9s au syst\u00e8me HVAC, selon les directives \u00e9tablies par les diff\u00e9rentes normes (par exemple, la EN14750).\",\"breadcrumb\":{\"@id\":\"https:\\\/\\\/www.cetestgroup.com\\\/fr\\\/essais-ferroviaires\\\/essais-climatiques\\\/essai-climatique-simplifie\\\/#breadcrumb\"},\"inLanguage\":\"fr-FR\",\"potentialAction\":[{\"@type\":\"ReadAction\",\"target\":[\"https:\\\/\\\/www.cetestgroup.com\\\/fr\\\/essais-ferroviaires\\\/essais-climatiques\\\/essai-climatique-simplifie\\\/\"]}]},{\"@type\":\"BreadcrumbList\",\"@id\":\"https:\\\/\\\/www.cetestgroup.com\\\/fr\\\/essais-ferroviaires\\\/essais-climatiques\\\/essai-climatique-simplifie\\\/#breadcrumb\",\"itemListElement\":[{\"@type\":\"ListItem\",\"position\":1,\"name\":\"Home\",\"item\":\"https:\\\/\\\/www.cetestgroup.com\\\/fr\\\/\"},{\"@type\":\"ListItem\",\"position\":2,\"name\":\"Essais ferroviaires\",\"item\":\"https:\\\/\\\/www.cetestgroup.com\\\/fr\\\/essais-ferroviaires\\\/\"},{\"@type\":\"ListItem\",\"position\":3,\"name\":\"Essais climatiques\",\"item\":\"https:\\\/\\\/www.cetestgroup.com\\\/fr\\\/essais-ferroviaires\\\/essais-climatiques\\\/\"},{\"@type\":\"ListItem\",\"position\":4,\"name\":\"Essai climatique simplifi\u00e9\"}]},{\"@type\":\"WebSite\",\"@id\":\"https:\\\/\\\/www.cetestgroup.com\\\/es\\\/#website\",\"url\":\"https:\\\/\\\/www.cetestgroup.com\\\/es\\\/\",\"name\":\"CETEST\",\"description\":\"CETEST is a fully accredited independent test laboratory offering services for design verification, model validation, developmental testing and\\\/or answers to help you identify failure root causes. We carry out tests in our facilities as well as on site as required by customer needs.\",\"potentialAction\":[{\"@type\":\"SearchAction\",\"target\":{\"@type\":\"EntryPoint\",\"urlTemplate\":\"https:\\\/\\\/www.cetestgroup.com\\\/es\\\/?s={search_term_string}\"},\"query-input\":{\"@type\":\"PropertyValueSpecification\",\"valueRequired\":true,\"valueName\":\"search_term_string\"}}],\"inLanguage\":\"fr-FR\"}]}<\/script>\n<!-- \/ Yoast SEO plugin. -->","yoast_head_json":{"title":"Essai climatique simplifi\u00e9 | CETEST","description":"Chez CETEST, nous sommes experts dans le domaine du HVAC et de la ventilation. Nous aidons notre client pendant le processus d\u2019homologation, et \u00e0 r\u00e9soudre les probl\u00e8mes associ\u00e9s au syst\u00e8me HVAC, selon les directives \u00e9tablies par les diff\u00e9rentes normes (par exemple, la EN14750).","robots":{"index":"index","follow":"follow","max-snippet":"max-snippet:-1","max-image-preview":"max-image-preview:large","max-video-preview":"max-video-preview:-1"},"canonical":"https:\/\/www.cetestgroup.com\/fr\/essais-ferroviaires\/essais-climatiques\/essai-climatique-simplifie\/","og_locale":"fr_FR","og_type":"article","og_title":"Essai climatique simplifi\u00e9 | CETEST","og_description":"Chez CETEST, nous sommes experts dans le domaine du HVAC et de la ventilation. Nous aidons notre client pendant le processus d\u2019homologation, et \u00e0 r\u00e9soudre les probl\u00e8mes associ\u00e9s au syst\u00e8me HVAC, selon les directives \u00e9tablies par les diff\u00e9rentes normes (par exemple, la EN14750).","og_url":"https:\/\/www.cetestgroup.com\/fr\/essais-ferroviaires\/essais-climatiques\/essai-climatique-simplifie\/","og_site_name":"CETEST","article_modified_time":"2018-05-29T15:25:17+00:00","twitter_card":"summary_large_image","twitter_misc":{"Dur\u00e9e de lecture estim\u00e9e":"2 minutes"},"schema":{"@context":"https:\/\/schema.org","@graph":[{"@type":"WebPage","@id":"https:\/\/www.cetestgroup.com\/fr\/essais-ferroviaires\/essais-climatiques\/essai-climatique-simplifie\/","url":"https:\/\/www.cetestgroup.com\/fr\/essais-ferroviaires\/essais-climatiques\/essai-climatique-simplifie\/","name":"Essai climatique simplifi\u00e9 | CETEST","isPartOf":{"@id":"https:\/\/www.cetestgroup.com\/es\/#website"},"datePublished":"2018-05-29T08:24:12+00:00","dateModified":"2018-05-29T15:25:17+00:00","description":"Chez CETEST, nous sommes experts dans le domaine du HVAC et de la ventilation. Nous aidons notre client pendant le processus d\u2019homologation, et \u00e0 r\u00e9soudre les probl\u00e8mes associ\u00e9s au syst\u00e8me HVAC, selon les directives \u00e9tablies par les diff\u00e9rentes normes (par exemple, la EN14750).","breadcrumb":{"@id":"https:\/\/www.cetestgroup.com\/fr\/essais-ferroviaires\/essais-climatiques\/essai-climatique-simplifie\/#breadcrumb"},"inLanguage":"fr-FR","potentialAction":[{"@type":"ReadAction","target":["https:\/\/www.cetestgroup.com\/fr\/essais-ferroviaires\/essais-climatiques\/essai-climatique-simplifie\/"]}]},{"@type":"BreadcrumbList","@id":"https:\/\/www.cetestgroup.com\/fr\/essais-ferroviaires\/essais-climatiques\/essai-climatique-simplifie\/#breadcrumb","itemListElement":[{"@type":"ListItem","position":1,"name":"Home","item":"https:\/\/www.cetestgroup.com\/fr\/"},{"@type":"ListItem","position":2,"name":"Essais ferroviaires","item":"https:\/\/www.cetestgroup.com\/fr\/essais-ferroviaires\/"},{"@type":"ListItem","position":3,"name":"Essais climatiques","item":"https:\/\/www.cetestgroup.com\/fr\/essais-ferroviaires\/essais-climatiques\/"},{"@type":"ListItem","position":4,"name":"Essai climatique simplifi\u00e9"}]},{"@type":"WebSite","@id":"https:\/\/www.cetestgroup.com\/es\/#website","url":"https:\/\/www.cetestgroup.com\/es\/","name":"CETEST","description":"CETEST is a fully accredited independent test laboratory offering services for design verification, model validation, developmental testing and\/or answers to help you identify failure root causes. We carry out tests in our facilities as well as on site as required by customer needs.","potentialAction":[{"@type":"SearchAction","target":{"@type":"EntryPoint","urlTemplate":"https:\/\/www.cetestgroup.com\/es\/?s={search_term_string}"},"query-input":{"@type":"PropertyValueSpecification","valueRequired":true,"valueName":"search_term_string"}}],"inLanguage":"fr-FR"}]}},"_links":{"self":[{"href":"https:\/\/www.cetestgroup.com\/fr\/wp-json\/wp\/v2\/pages\/18197","targetHints":{"allow":["GET"]}}],"collection":[{"href":"https:\/\/www.cetestgroup.com\/fr\/wp-json\/wp\/v2\/pages"}],"about":[{"href":"https:\/\/www.cetestgroup.com\/fr\/wp-json\/wp\/v2\/types\/page"}],"author":[{"embeddable":true,"href":"https:\/\/www.cetestgroup.com\/fr\/wp-json\/wp\/v2\/users\/1"}],"replies":[{"embeddable":true,"href":"https:\/\/www.cetestgroup.com\/fr\/wp-json\/wp\/v2\/comments?post=18197"}],"version-history":[{"count":2,"href":"https:\/\/www.cetestgroup.com\/fr\/wp-json\/wp\/v2\/pages\/18197\/revisions"}],"predecessor-version":[{"id":18199,"href":"https:\/\/www.cetestgroup.com\/fr\/wp-json\/wp\/v2\/pages\/18197\/revisions\/18199"}],"up":[{"embeddable":true,"href":"https:\/\/www.cetestgroup.com\/fr\/wp-json\/wp\/v2\/pages\/18286"}],"wp:attachment":[{"href":"https:\/\/www.cetestgroup.com\/fr\/wp-json\/wp\/v2\/media?parent=18197"}],"curies":[{"name":"wp","href":"https:\/\/api.w.org\/{rel}","templated":true}]}}