{"id":18194,"date":"2018-05-29T09:16:07","date_gmt":"2018-05-29T08:16:07","guid":{"rendered":"https:\/\/www.cetestgroup.com\/?page_id=18194"},"modified":"2018-05-29T16:25:09","modified_gmt":"2018-05-29T15:25:09","slug":"chambre-climatique","status":"publish","type":"page","link":"https:\/\/www.cetestgroup.com\/fr\/essais-ferroviaires\/essais-climatiques\/chambre-climatique\/","title":{"rendered":"Chambre climatique"},"content":{"rendered":"<div class=\"wpb-content-wrapper\"><p>[vc_row][vc_column]<div class=\"ult-spacer spacer-69dcb5d35cbe0\" data-id=\"69dcb5d35cbe0\" data-height=\"30\" data-height-mobile=\"20\" data-height-tab=\"20\" data-height-tab-portrait=\"\" data-height-mobile-landscape=\"\" style=\"clear:both;display:block;\"><\/div><div class=\"dfd-heading-shortcode\"><div class=\"dfd-heading-module-wrap  text-center style_01 dfd-heading-69dcb5d35cc79 dfd-disable-resposive-headings\" id=\"dfd-heading-69dcb5d35cc79\" ><div class=\"inline-block\"><div class=\"dfd-heading-module\"><h6 class=\"widget-title dfd-title \" style=\"font-family:PT Sans Narrow; font-weight:400; font-style:normal; font-size: 20px; color: #25bdd5 !important; line-height: 25px; \">CETEST effectue des campagnes compl\u00e8tes d&rsquo;essai sur les syst\u00e8mes de chauffage et de climatisation, visant \u00e0 analyser le bilan d\u2019air, le confort thermique et la consommation.<\/h6><div class=\"dfd-heading-delimiter\"><\/div><\/div><\/div><\/div><script type=\"text\/javascript\">\r\n\t\t\t\t\t\t\t\t\t(function($) {\r\n\t\t\t\t\t\t\t\t\t\t$(\"head\").append(\"<style>.dfd-heading-69dcb5d35cc79.dfd-heading-module-wrap .dfd-heading-module .dfd-heading-delimiter {border-bottom-style:solid;border-bottom-width:1px;width:100px;border-bottom-color:#dddddd;}.dfd-heading-69dcb5d35cc79.dfd-heading-module-wrap .dfd-heading-module .dfd-heading-delimiter {margin-top:20px;margin-bottom:20px;}<\/style>\");\r\n\t\t\t\t\t\t\t\t\t})(jQuery);\r\n\t\t\t\t\t\t\t\t<\/script><\/div><div class=\"ult-spacer spacer-69dcb5d35cd6f\" data-id=\"69dcb5d35cd6f\" data-height=\"30\" data-height-mobile=\"20\" data-height-tab=\"20\" data-height-tab-portrait=\"\" data-height-mobile-landscape=\"\" style=\"clear:both;display:block;\"><\/div>[vc_row_inner][vc_column_inner][vc_column_text]L&rsquo;objectif de cet essai est de v\u00e9rifier le fonctionnement du syst\u00e8me HVAC sur l&rsquo;ensemble du spectre de charges internes, en simulant les conditions climatiques externes pour lesquelles le v\u00e9hicule a \u00e9t\u00e9 con\u00e7u. De plus, ces s\u00e9ries d\u2019essai d\u00e9terminent g\u00e9n\u00e9ralement les caract\u00e9ristiques du transfert de chaleur (facteur UA, coefficient k) se produisant dans la caisse.<\/p>\n<p>CETEST pr\u00e9pare, fournit l\u2019instrumentation et ex\u00e9cute l\u2019essai conform\u00e9ment \u00e0 la proc\u00e9dure pr\u00e9alablement convenue avec le client. Nous g\u00e9n\u00e9rons ensuite des rapports finaux pr\u00e9sentant les r\u00e9sultats et les conclusions de l\u2019essai.[\/vc_column_text][\/vc_column_inner][\/vc_row_inner]<div class=\"ult-spacer spacer-69dcb5d35cda1\" data-id=\"69dcb5d35cda1\" data-height=\"30\" data-height-mobile=\"20\" data-height-tab=\"20\" data-height-tab-portrait=\"\" data-height-mobile-landscape=\"\" style=\"clear:both;display:block;\"><\/div>[vc_row_inner][vc_column_inner width=\u00a0\u00bb1\/2&Prime;]<div class=\"ult-spacer spacer-69dcb5d35cdca\" data-id=\"69dcb5d35cdca\" data-height=\"20\" data-height-mobile=\"10\" data-height-tab=\"20\" data-height-tab-portrait=\"\" data-height-mobile-landscape=\"\" style=\"clear:both;display:block;\"><\/div><div id=\"dfd-carousel-69dcb5d35ce3d\" class=\"dfd-carousel-wrapper\"><div class=\"dfd-carousel-module-wrapper  dfd-carousel-horizontal dfd-arrows_aside2 dfdfillsquare dfd-arrows-style_4 dfd-arrows-enabled dfd-dots-enabled\" ><div class=\"dfd-carousel\">[vc_single_image image=\u00a0\u00bb15663&Prime; img_size=\u00a0\u00bbfull\u00a0\u00bb alignment=\u00a0\u00bbcenter\u00a0\u00bb][vc_single_image image=\u00a0\u00bb15664&Prime; img_size=\u00a0\u00bbfull\u00a0\u00bb alignment=\u00a0\u00bbcenter\u00a0\u00bb][vc_single_image image=\u00a0\u00bb15671&Prime; img_size=\u00a0\u00bbfull\u00a0\u00bb alignment=\u00a0\u00bbcenter\u00a0\u00bb]<\/div><a href=\"#\" class=\"dfd-slider-control prev\" title=\"Previous slide\"><i class=\"dfd-added-font-icon-left-open2\"><\/i><\/a><a href=\"#\" class=\"dfd-slider-control next\" title=\"Next slide\"><i class=\"dfd-added-font-icon-right-open2\"><\/i><\/a><\/div>\t\t\t\t<script type=\"text\/javascript\">\r\n\t\t\t\t\t(function($) {\r\n\t\t\t\t\t\t\"use strict\";\r\n\t\t\t\t\t\tvar $carousel = $('#dfd-carousel-69dcb5d35ce3d').find('.dfd-carousel');\r\n\t\t\t\t\t\t$(document).ready(function() {\r\n\t\t\t\t\t\t\tvar $initialized = ($('body').hasClass('page-template-tmp-side-by-side')) ? $carousel.not('.slick-initialized') : $carousel;\r\n\t\t\t\t\t\t\t\t\t\t\t\t\t\t$carousel.siblings('.dfd-slider-control.prev').click(function(e) {\r\n\t\t\t\t\t\t\t\te.preventDefault();\r\n\t\t\t\t\t\t\t\t$carousel.eq(0).slick('slickPrev');\r\n\t\t\t\t\t\t\t});\r\n\t\t\t\t\t\t\t$carousel.siblings('.dfd-slider-control.next').click(function(e) {\r\n\t\t\t\t\t\t\t\te.preventDefault();\r\n\t\t\t\t\t\t\t\t$carousel.eq(0).slick('slickNext');\r\n\t\t\t\t\t\t\t});\r\n\t\t\t\t\t\t\t$initialized.slick({arrows: false,dotsClass: 'dfd-slick-dots',slidesToScroll: 1,autoplay: true,autoplaySpeed: 5000,dots: true,customPaging: function(slider, i) {\r\n\t\t\t\t\t\t\t\t\treturn '<span data-role=\"none\" role=\"button\" aria-required=\"false\" tabindex=\"0\"><\/span>';\r\n\t\t\t\t\t\t\t\t},infinite: true,slidesToShow: 1,speed: 300,swipe: true,draggable: true,adaptiveHeight: true,responsive: [\r\n\t\t\t\t\t\t\t{\r\n\t\t\t\t\t\t\t\tbreakpoint: 1024,\r\n\t\t\t\t\t\t\t\tsettings: {\r\n\t\t\t\t\t\t\t\t\tslidesToShow: 1,\r\n\t\t\t\t\t\t\t\t\tslidesToScroll: 1,\r\n\t\t\t\t\t\t\t\t}\r\n\t\t\t\t\t\t\t},\r\n\t\t\t\t\t\t\t{\r\n\t\t\t\t\t\t\t\tbreakpoint: 800,\r\n\t\t\t\t\t\t\t\tsettings: {\r\n\t\t\t\t\t\t\t\t\tslidesToShow: 1,\r\n\t\t\t\t\t\t\t\t\tslidesToScroll: 1,\r\n\t\t\t\t\t\t\t\t}\r\n\t\t\t\t\t\t\t},\r\n\t\t\t\t\t\t\t{\r\n\t\t\t\t\t\t\t\tbreakpoint: 480,\r\n\t\t\t\t\t\t\t\tsettings: {\r\n\t\t\t\t\t\t\t\t\tslidesToShow: 1,\r\n\t\t\t\t\t\t\t\t\tslidesToScroll: 1,\r\n\t\t\t\t\t\t\t\t}\r\n\t\t\t\t\t\t\t},]});\r\n\t\t\t\t\t\t\t$(\"head\").append(\"<style>#dfd-carousel-69dcb5d35ce3d > .dfd-carousel-module-wrapper > .dfd-carousel > .slick-list > .slick-track > .dfd-item-wrap > .cover {padding: 10px;}#dfd-carousel-69dcb5d35ce3d {margin: -10px;}<\/style>\")\t\t\t\t\t\t});\r\n\t\t\t\t\t})(jQuery);\r\n\t\t\t\t<\/script>\r\n            <\/div>[\/vc_column_inner][vc_column_inner width=\u00a0\u00bb1\/2&Prime; css=\u00a0\u00bb.vc_custom_1501153082267{padding-right: 5% !important;padding-left: 5% !important;}\u00a0\u00bb]<div class=\"ult-spacer spacer-69dcb5d35ceeb\" data-id=\"69dcb5d35ceeb\" data-height=\"20\" data-height-mobile=\"10\" data-height-tab=\"20\" data-height-tab-portrait=\"\" data-height-mobile-landscape=\"\" style=\"clear:both;display:block;\"><\/div>[vc_column_text]De m\u00eame, et simultan\u00e9ment aux autres lectures, des relev\u00e9s continus de la temp\u00e9rature et des niveaux d&rsquo;humidit\u00e9 dans la chambre sont effectu\u00e9s. Nous utilisons aussi d\u2019autres \u00e9l\u00e9ments d\u2019instrumentation, tels qu\u2019an\u00e9mom\u00e8tres, manom\u00e8tres, hottes \u00e0 flux, d\u00e9bitm\u00e8tres d\u2019air, sondes de tension diff\u00e9rentielle, pinces amp\u00e8rem\u00e9triques, tachym\u00e8tres, sonom\u00e8tres, etc.[\/vc_column_text]<div class=\"ult-spacer spacer-69dcb5d35cf1d\" data-id=\"69dcb5d35cf1d\" data-height=\"20\" data-height-mobile=\"10\" data-height-tab=\"20\" data-height-tab-portrait=\"\" data-height-mobile-landscape=\"\" style=\"clear:both;display:block;\"><\/div><div id=\"dfd-announce-69dcb5d35cf49-2365\" class=\"dfd-announce-module-wrap align-left no_full_bg_class  style-3 layout-1\" ><div class=\"dfd-announce-module\"><div class=\"module-icon\" ><i class = \"dfd-icon-train_1\"><\/i><\/div><div class=\"module-text\" style=\"font-family:PT Sans; font-weight:400; font-style:normal; font-size: 18px; color: #25bdd5 !important; line-height: 22px; font-weight:bold; \">CETEST pr\u00e9pare, fournit l\u2019instrumentation et ex\u00e9cute l\u2019essai conform\u00e9ment \u00e0 la proc\u00e9dure pr\u00e9alablement convenue avec le client.<\/div><\/div><\/div><div class=\"ult-spacer spacer-69dcb5d35cf9b\" data-id=\"69dcb5d35cf9b\" data-height=\"20\" data-height-mobile=\"10\" data-height-tab=\"20\" data-height-tab-portrait=\"\" data-height-mobile-landscape=\"\" style=\"clear:both;display:block;\"><\/div>[vc_column_text]Les donn\u00e9es enregistr\u00e9es peuvent aussi \u00eatre analys\u00e9es et post-trait\u00e9es, si n\u00e9cessaire. La corr\u00e9lation des simulations MFN sur des prototypes est une autre option disponible.<\/p>\n<p>Les essais climatiques peuvent \u00eatre effectu\u00e9s dans les installations de la chambre climatique situ\u00e9e \u00e0 Elmira, NY (\u00c9tats-Unis). CETEST effectuera les essais conform\u00e9ment \u00e0 un accord-cadre les d\u00e9finissant comme le seul op\u00e9rateur de l\u2019installation.[\/vc_column_text]<div class=\"ult-spacer spacer-69dcb5d35cfbe\" data-id=\"69dcb5d35cfbe\" data-height=\"30\" data-height-mobile=\"30\" data-height-tab=\"30\" data-height-tab-portrait=\"\" data-height-mobile-landscape=\"\" style=\"clear:both;display:block;\"><\/div>[\/vc_column_inner][\/vc_row_inner][vc_row_inner][vc_column_inner width=\u00a0\u00bb1\/2&Prime; css=\u00a0\u00bb.vc_custom_1504165616442{margin-bottom: 20px !important;padding-top: 5% !important;padding-right: 5% !important;padding-bottom: 5% !important;padding-left: 5% !important;background-color: #f4f4f4 !important;}\u00a0\u00bb]<div class=\"dfd-heading-shortcode\"><div class=\"dfd-heading-module-wrap  text-left style_02 dfd-heading-69dcb5d35d016 dfd-disable-resposive-headings\" id=\"dfd-heading-69dcb5d35d016\" ><div class=\"inline-block\"><div class=\"dfd-heading-module\"><h6 class=\"widget-title dfd-title \" style=\"font-size: 20px; color: #25bdd5 !important; \">CARACT\u00c9RISTIQUES DE LA CHAMBRE CLIMATIQUE DE CETEST<\/h6><div class=\"dfd-heading-delimiter\"><\/div><\/div><\/div><\/div><script type=\"text\/javascript\">\r\n\t\t\t\t\t\t\t\t\t(function($) {\r\n\t\t\t\t\t\t\t\t\t\t$(\"head\").append(\"<style>.dfd-heading-69dcb5d35d016.dfd-heading-module-wrap .dfd-heading-module .dfd-heading-delimiter {border-bottom-style:solid;border-bottom-width:1px;width:100px;border-bottom-color:#dddddd;}.dfd-heading-69dcb5d35d016.dfd-heading-module-wrap .dfd-heading-module .dfd-heading-delimiter {margin-top:10px;margin-bottom:10px;}<\/style>\");\r\n\t\t\t\t\t\t\t\t\t})(jQuery);\r\n\t\t\t\t\t\t\t\t<\/script><\/div><div class=\"ult-spacer spacer-69dcb5d35d0ca\" data-id=\"69dcb5d35d0ca\" data-height=\"10\" data-height-mobile=\"10\" data-height-tab=\"10\" data-height-tab-portrait=\"\" data-height-mobile-landscape=\"\" style=\"clear:both;display:block;\"><\/div>[vc_column_text]<\/p>\n<ul>\n<li>Dimensions int\u00e9rieures:\n<ul>\n<li>Largeur: 6,0 m (19,7 ft)<\/li>\n<li>Hauteur: 6,8 m (22,3 ft)<\/li>\n<li>Longueur: 34,8 m (114,2 ft)<\/li>\n<\/ul>\n<\/li>\n<li>Voies \u00e0 \u00e9cartement normal: 1,435 m (4 ft 8 \u00bd in)<\/li>\n<li>Contr\u00f4le automatis\u00e9 des param\u00e8tres temp\u00e9rature et humidit\u00e9.<\/li>\n<li>Plage de temp\u00e9rature: -40\u00baC \u00e0 +70 \u00b0C. (-40\u00a0\u00baF \u00e0 +158\u00a0\u00baF)<\/li>\n<li>Plage d\u2019humidit\u00e9: 0 &#8211; 95%<\/li>\n<li>Plus de 300 canaux d\u2019acquisition de donn\u00e9es.<\/li>\n<li>Syst\u00e8mes de chauffage ind\u00e9pendants : charge de voyageurs latente et sensible.<\/li>\n<li>Acc\u00e8s au rail et au bogie.<\/li>\n<li>Accumulation de glace et de neige.<\/li>\n<\/ul>\n<p>[\/vc_column_text][\/vc_column_inner][vc_column_inner width=\u00a0\u00bb1\/2&Prime; dfd_column_responsive_enable=\u00a0\u00bbdfd-column-responsive-enable\u00a0\u00bb css=\u00a0\u00bb.vc_custom_1502282649545{padding-right: 5% !important;padding-left: 5% !important;}\u00a0\u00bb responsive_styles=\u00a0\u00bbpadding_left_desktop:10|padding_right_desktop:10&Prime;][vc_single_image image=\u00a0\u00bb15660&Prime; img_size=\u00a0\u00bbfull\u00a0\u00bb alignment=\u00a0\u00bbcenter\u00a0\u00bb]<div class=\"ult-spacer spacer-69dcb5d35d0f2\" data-id=\"69dcb5d35d0f2\" data-height=\"20\" data-height-mobile=\"10\" data-height-tab=\"20\" data-height-tab-portrait=\"\" data-height-mobile-landscape=\"\" style=\"clear:both;display:block;\"><\/div>[vc_single_image image=\u00a0\u00bb15669&Prime; img_size=\u00a0\u00bbfull\u00a0\u00bb alignment=\u00a0\u00bbcenter\u00a0\u00bb][\/vc_column_inner][\/vc_row_inner]<div class=\"ult-spacer spacer-69dcb5d35d112\" data-id=\"69dcb5d35d112\" data-height=\"60\" data-height-mobile=\"20\" data-height-tab=\"30\" data-height-tab-portrait=\"\" data-height-mobile-landscape=\"\" style=\"clear:both;display:block;\"><\/div>[\/vc_column][\/vc_row]<\/p>\n<\/div>","protected":false},"excerpt":{"rendered":"<p>[vc_row][vc_column][vc_row_inner][vc_column_inner][vc_column_text]L&rsquo;objectif de cet essai est de v\u00e9rifier le fonctionnement du syst\u00e8me HVAC sur l&rsquo;ensemble du spectre de charges internes, en simulant les conditions climatiques externes pour lesquelles le v\u00e9hicule a<\/p>\n","protected":false},"author":1,"featured_media":0,"parent":18286,"menu_order":0,"comment_status":"closed","ping_status":"closed","template":"tmp-page-right-sidebar.php","meta":{"_acf_changed":false,"footnotes":""},"class_list":["post-18194","page","type-page","status-publish","hentry"],"acf":[],"yoast_head":"<!-- This site is optimized with the Yoast SEO plugin v27.3 - https:\/\/yoast.com\/product\/yoast-seo-wordpress\/ -->\n<title>Essais Ferroviaires dans la Chambre Climatique | CETEST<\/title>\n<meta name=\"description\" content=\"CETEST effectue des campagnes compl\u00e8tes d&#039;essai sur les syst\u00e8mes de chauffage et de climatisation, visant \u00e0 analyser le bilan d\u2019air, le confort thermique et la consommation.\" \/>\n<meta name=\"robots\" content=\"index, follow, max-snippet:-1, max-image-preview:large, max-video-preview:-1\" \/>\n<link rel=\"canonical\" href=\"https:\/\/www.cetestgroup.com\/fr\/essais-ferroviaires\/essais-climatiques\/chambre-climatique\/\" \/>\n<meta property=\"og:locale\" content=\"fr_FR\" \/>\n<meta property=\"og:type\" content=\"article\" \/>\n<meta property=\"og:title\" content=\"Essais Ferroviaires dans la Chambre Climatique | CETEST\" \/>\n<meta property=\"og:description\" content=\"CETEST effectue des campagnes compl\u00e8tes d&#039;essai sur les syst\u00e8mes de chauffage et de climatisation, visant \u00e0 analyser le bilan d\u2019air, le confort thermique et la consommation.\" \/>\n<meta property=\"og:url\" content=\"https:\/\/www.cetestgroup.com\/fr\/essais-ferroviaires\/essais-climatiques\/chambre-climatique\/\" \/>\n<meta property=\"og:site_name\" content=\"CETEST\" \/>\n<meta property=\"article:modified_time\" content=\"2018-05-29T15:25:09+00:00\" \/>\n<meta name=\"twitter:card\" content=\"summary_large_image\" \/>\n<meta name=\"twitter:label1\" content=\"Dur\u00e9e de lecture estim\u00e9e\" \/>\n\t<meta name=\"twitter:data1\" content=\"4 minutes\" \/>\n<script type=\"application\/ld+json\" class=\"yoast-schema-graph\">{\"@context\":\"https:\\\/\\\/schema.org\",\"@graph\":[{\"@type\":\"WebPage\",\"@id\":\"https:\\\/\\\/www.cetestgroup.com\\\/fr\\\/essais-ferroviaires\\\/essais-climatiques\\\/chambre-climatique\\\/\",\"url\":\"https:\\\/\\\/www.cetestgroup.com\\\/fr\\\/essais-ferroviaires\\\/essais-climatiques\\\/chambre-climatique\\\/\",\"name\":\"Essais Ferroviaires dans la Chambre Climatique | CETEST\",\"isPartOf\":{\"@id\":\"https:\\\/\\\/www.cetestgroup.com\\\/es\\\/#website\"},\"datePublished\":\"2018-05-29T08:16:07+00:00\",\"dateModified\":\"2018-05-29T15:25:09+00:00\",\"description\":\"CETEST effectue des campagnes compl\u00e8tes d'essai sur les syst\u00e8mes de chauffage et de climatisation, visant \u00e0 analyser le bilan d\u2019air, le confort thermique et la consommation.\",\"breadcrumb\":{\"@id\":\"https:\\\/\\\/www.cetestgroup.com\\\/fr\\\/essais-ferroviaires\\\/essais-climatiques\\\/chambre-climatique\\\/#breadcrumb\"},\"inLanguage\":\"fr-FR\",\"potentialAction\":[{\"@type\":\"ReadAction\",\"target\":[\"https:\\\/\\\/www.cetestgroup.com\\\/fr\\\/essais-ferroviaires\\\/essais-climatiques\\\/chambre-climatique\\\/\"]}]},{\"@type\":\"BreadcrumbList\",\"@id\":\"https:\\\/\\\/www.cetestgroup.com\\\/fr\\\/essais-ferroviaires\\\/essais-climatiques\\\/chambre-climatique\\\/#breadcrumb\",\"itemListElement\":[{\"@type\":\"ListItem\",\"position\":1,\"name\":\"Home\",\"item\":\"https:\\\/\\\/www.cetestgroup.com\\\/fr\\\/\"},{\"@type\":\"ListItem\",\"position\":2,\"name\":\"Essais ferroviaires\",\"item\":\"https:\\\/\\\/www.cetestgroup.com\\\/fr\\\/essais-ferroviaires\\\/\"},{\"@type\":\"ListItem\",\"position\":3,\"name\":\"Essais climatiques\",\"item\":\"https:\\\/\\\/www.cetestgroup.com\\\/fr\\\/essais-ferroviaires\\\/essais-climatiques\\\/\"},{\"@type\":\"ListItem\",\"position\":4,\"name\":\"Chambre climatique\"}]},{\"@type\":\"WebSite\",\"@id\":\"https:\\\/\\\/www.cetestgroup.com\\\/es\\\/#website\",\"url\":\"https:\\\/\\\/www.cetestgroup.com\\\/es\\\/\",\"name\":\"CETEST\",\"description\":\"CETEST is a fully accredited independent test laboratory offering services for design verification, model validation, developmental testing and\\\/or answers to help you identify failure root causes. We carry out tests in our facilities as well as on site as required by customer needs.\",\"potentialAction\":[{\"@type\":\"SearchAction\",\"target\":{\"@type\":\"EntryPoint\",\"urlTemplate\":\"https:\\\/\\\/www.cetestgroup.com\\\/es\\\/?s={search_term_string}\"},\"query-input\":{\"@type\":\"PropertyValueSpecification\",\"valueRequired\":true,\"valueName\":\"search_term_string\"}}],\"inLanguage\":\"fr-FR\"}]}<\/script>\n<!-- \/ Yoast SEO plugin. -->","yoast_head_json":{"title":"Essais Ferroviaires dans la Chambre Climatique | CETEST","description":"CETEST effectue des campagnes compl\u00e8tes d'essai sur les syst\u00e8mes de chauffage et de climatisation, visant \u00e0 analyser le bilan d\u2019air, le confort thermique et la consommation.","robots":{"index":"index","follow":"follow","max-snippet":"max-snippet:-1","max-image-preview":"max-image-preview:large","max-video-preview":"max-video-preview:-1"},"canonical":"https:\/\/www.cetestgroup.com\/fr\/essais-ferroviaires\/essais-climatiques\/chambre-climatique\/","og_locale":"fr_FR","og_type":"article","og_title":"Essais Ferroviaires dans la Chambre Climatique | CETEST","og_description":"CETEST effectue des campagnes compl\u00e8tes d'essai sur les syst\u00e8mes de chauffage et de climatisation, visant \u00e0 analyser le bilan d\u2019air, le confort thermique et la consommation.","og_url":"https:\/\/www.cetestgroup.com\/fr\/essais-ferroviaires\/essais-climatiques\/chambre-climatique\/","og_site_name":"CETEST","article_modified_time":"2018-05-29T15:25:09+00:00","twitter_card":"summary_large_image","twitter_misc":{"Dur\u00e9e de lecture estim\u00e9e":"4 minutes"},"schema":{"@context":"https:\/\/schema.org","@graph":[{"@type":"WebPage","@id":"https:\/\/www.cetestgroup.com\/fr\/essais-ferroviaires\/essais-climatiques\/chambre-climatique\/","url":"https:\/\/www.cetestgroup.com\/fr\/essais-ferroviaires\/essais-climatiques\/chambre-climatique\/","name":"Essais Ferroviaires dans la Chambre Climatique | CETEST","isPartOf":{"@id":"https:\/\/www.cetestgroup.com\/es\/#website"},"datePublished":"2018-05-29T08:16:07+00:00","dateModified":"2018-05-29T15:25:09+00:00","description":"CETEST effectue des campagnes compl\u00e8tes d'essai sur les syst\u00e8mes de chauffage et de climatisation, visant \u00e0 analyser le bilan d\u2019air, le confort thermique et la consommation.","breadcrumb":{"@id":"https:\/\/www.cetestgroup.com\/fr\/essais-ferroviaires\/essais-climatiques\/chambre-climatique\/#breadcrumb"},"inLanguage":"fr-FR","potentialAction":[{"@type":"ReadAction","target":["https:\/\/www.cetestgroup.com\/fr\/essais-ferroviaires\/essais-climatiques\/chambre-climatique\/"]}]},{"@type":"BreadcrumbList","@id":"https:\/\/www.cetestgroup.com\/fr\/essais-ferroviaires\/essais-climatiques\/chambre-climatique\/#breadcrumb","itemListElement":[{"@type":"ListItem","position":1,"name":"Home","item":"https:\/\/www.cetestgroup.com\/fr\/"},{"@type":"ListItem","position":2,"name":"Essais ferroviaires","item":"https:\/\/www.cetestgroup.com\/fr\/essais-ferroviaires\/"},{"@type":"ListItem","position":3,"name":"Essais climatiques","item":"https:\/\/www.cetestgroup.com\/fr\/essais-ferroviaires\/essais-climatiques\/"},{"@type":"ListItem","position":4,"name":"Chambre climatique"}]},{"@type":"WebSite","@id":"https:\/\/www.cetestgroup.com\/es\/#website","url":"https:\/\/www.cetestgroup.com\/es\/","name":"CETEST","description":"CETEST is a fully accredited independent test laboratory offering services for design verification, model validation, developmental testing and\/or answers to help you identify failure root causes. We carry out tests in our facilities as well as on site as required by customer needs.","potentialAction":[{"@type":"SearchAction","target":{"@type":"EntryPoint","urlTemplate":"https:\/\/www.cetestgroup.com\/es\/?s={search_term_string}"},"query-input":{"@type":"PropertyValueSpecification","valueRequired":true,"valueName":"search_term_string"}}],"inLanguage":"fr-FR"}]}},"_links":{"self":[{"href":"https:\/\/www.cetestgroup.com\/fr\/wp-json\/wp\/v2\/pages\/18194","targetHints":{"allow":["GET"]}}],"collection":[{"href":"https:\/\/www.cetestgroup.com\/fr\/wp-json\/wp\/v2\/pages"}],"about":[{"href":"https:\/\/www.cetestgroup.com\/fr\/wp-json\/wp\/v2\/types\/page"}],"author":[{"embeddable":true,"href":"https:\/\/www.cetestgroup.com\/fr\/wp-json\/wp\/v2\/users\/1"}],"replies":[{"embeddable":true,"href":"https:\/\/www.cetestgroup.com\/fr\/wp-json\/wp\/v2\/comments?post=18194"}],"version-history":[{"count":2,"href":"https:\/\/www.cetestgroup.com\/fr\/wp-json\/wp\/v2\/pages\/18194\/revisions"}],"predecessor-version":[{"id":18196,"href":"https:\/\/www.cetestgroup.com\/fr\/wp-json\/wp\/v2\/pages\/18194\/revisions\/18196"}],"up":[{"embeddable":true,"href":"https:\/\/www.cetestgroup.com\/fr\/wp-json\/wp\/v2\/pages\/18286"}],"wp:attachment":[{"href":"https:\/\/www.cetestgroup.com\/fr\/wp-json\/wp\/v2\/media?parent=18194"}],"curies":[{"name":"wp","href":"https:\/\/api.w.org\/{rel}","templated":true}]}}