{"id":19757,"date":"2023-03-23T10:18:06","date_gmt":"2023-03-23T10:18:06","guid":{"rendered":"https:\/\/www.cetestgroup.com\/?page_id=19757"},"modified":"2025-02-10T11:29:09","modified_gmt":"2025-02-10T11:29:09","slug":"pesada","status":"publish","type":"page","link":"https:\/\/www.cetestgroup.com\/es\/ensayos-ferroviarios\/ensayos-especiales-en-via\/pesada\/","title":{"rendered":"Pesada"},"content":{"rendered":"<div class=\"wpb-content-wrapper\"><p>[vc_row][vc_column]<div class=\"ult-spacer spacer-69dcca43b0f48\" data-id=\"69dcca43b0f48\" data-height=\"30\" data-height-mobile=\"20\" data-height-tab=\"20\" data-height-tab-portrait=\"\" data-height-mobile-landscape=\"\" style=\"clear:both;display:block;\"><\/div><div class=\"dfd-heading-shortcode\"><div class=\"dfd-heading-module-wrap  text-center style_01 dfd-heading-69dcca43b1037 dfd-disable-resposive-headings\" id=\"dfd-heading-69dcca43b1037\" ><div class=\"inline-block\"><div class=\"dfd-heading-module\"><h6 class=\"widget-title dfd-title \" style=\"font-family:PT Sans Narrow; font-weight:400; font-style:normal; font-size: 20px; color: #25bdd5 !important; line-height: 25px; \">CETEST ha completado m\u00faltiples ensayos de comportamiento din\u00e1mico conforme a EN50215 y a EN15654-2 en todo el mundo.<\/h6><div class=\"dfd-heading-delimiter\"><\/div><\/div><\/div><\/div><script type=\"text\/javascript\">\r\n\t\t\t\t\t\t\t\t\t(function($) {\r\n\t\t\t\t\t\t\t\t\t\t$(\"head\").append(\"<style>.dfd-heading-69dcca43b1037.dfd-heading-module-wrap .dfd-heading-module .dfd-heading-delimiter {border-bottom-style:solid;border-bottom-width:1px;width:100px;border-bottom-color:#dddddd;}.dfd-heading-69dcca43b1037.dfd-heading-module-wrap .dfd-heading-module .dfd-heading-delimiter {margin-top:20px;margin-bottom:20px;}<\/style>\");\r\n\t\t\t\t\t\t\t\t\t})(jQuery);\r\n\t\t\t\t\t\t\t\t<\/script><\/div><div class=\"ult-spacer spacer-69dcca43b11e5\" data-id=\"69dcca43b11e5\" data-height=\"30\" data-height-mobile=\"20\" data-height-tab=\"20\" data-height-tab-portrait=\"\" data-height-mobile-landscape=\"\" style=\"clear:both;display:block;\"><\/div>[vc_column_text]El objetivo del ensayo es obtener las fuerzas est\u00e1ticas necesarias verticales sobre cada rueda del veh\u00edculo para el c\u00e1lculo de la masa total del veh\u00edculo. Para ello, se instalar\u00e1 en la v\u00eda un sistema port\u00e1til de pesaje que permita medir los esfuerzos verticales por eje cuando el veh\u00edculo est\u00e9 sobre el aparato de medida.[\/vc_column_text]<div class=\"ult-spacer spacer-69dcca43b122e\" data-id=\"69dcca43b122e\" data-height=\"30\" data-height-mobile=\"20\" data-height-tab=\"20\" data-height-tab-portrait=\"\" data-height-mobile-landscape=\"\" style=\"clear:both;display:block;\"><\/div>[vc_row_inner][vc_column_inner width=\u00bb1\/2&#8243;]<div class=\"ult-spacer spacer-69dcca43b1284\" data-id=\"69dcca43b1284\" data-height=\"20\" data-height-mobile=\"10\" data-height-tab=\"20\" data-height-tab-portrait=\"\" data-height-mobile-landscape=\"\" style=\"clear:both;display:block;\"><\/div>[vc_single_image image=\u00bb19752&#8243; img_size=\u00bbfull\u00bb alignment=\u00bbcenter\u00bb][\/vc_column_inner][vc_column_inner width=\u00bb1\/2&#8243; css=\u00bb.vc_custom_1501153082267{padding-right: 5% !important;padding-left: 5% !important;}\u00bb]<div class=\"ult-spacer spacer-69dcca43b12c1\" data-id=\"69dcca43b12c1\" data-height=\"20\" data-height-mobile=\"20\" data-height-tab=\"20\" data-height-tab-portrait=\"\" data-height-mobile-landscape=\"\" style=\"clear:both;display:block;\"><\/div>[vc_column_text]<\/p>\n<p align=\"justify\">Conforme a las normas indicadas, se llevan a cabo los siguientes ensayos de evaluaci\u00f3n:<\/p>\n<ul>\n<li>Carga por eje<\/li>\n<li>Desviaci\u00f3n relativa de la fuerza de rueda<\/li>\n<li>Fuerza media del juego de ruedas del tren de rodaje<\/li>\n<li>Medida del peso del veh\u00edculo<\/li>\n<li>Desviaci\u00f3n relativa de la carga del eje dentro del tren de rodaje<\/li>\n<li>Sistema independiente del ancho de v\u00eda<\/li>\n<\/ul>\n<p>[\/vc_column_text][\/vc_column_inner][\/vc_row_inner][vc_row_inner][vc_column_inner dfd_column_responsive_enable=\u00bbdfd-column-responsive-enable\u00bb responsive_styles=\u00bbpadding_left_desktop:10|padding_right_desktop:10&#8243;]<div class=\"ult-spacer spacer-69dcca43b12fb\" data-id=\"69dcca43b12fb\" data-height=\"20\" data-height-mobile=\"10\" data-height-tab=\"20\" data-height-tab-portrait=\"\" data-height-mobile-landscape=\"\" style=\"clear:both;display:block;\"><\/div><div id=\"dfd-announce-69dcca43b1341-2816\" class=\"dfd-announce-module-wrap align-left no_full_bg_class  style-3 layout-1\" ><div class=\"dfd-announce-module\"><div class=\"module-icon\" ><i class = \"dfd-icon-train_1\"><\/i><\/div><div class=\"module-text\" style=\"font-family:PT Sans; font-weight:400; font-style:normal; font-size: 18px; color: #25bdd5 !important; line-height: 22px; font-weight:bold; \">Medici\u00f3n de peso de acuerdo con la normas EN50215 y EN15654-2 a trav\u00e9s de un sistema de b\u00e1scula port\u00e1til capaz de establecer la carga de fuerza vertical de cada rueda de un veh\u00edculo ferroviario en la v\u00eda.<\/p>\n<p><\/div><\/div><\/div>[\/vc_column_inner][\/vc_row_inner]<div class=\"ult-spacer spacer-69dcca43b13af\" data-id=\"69dcca43b13af\" data-height=\"60\" data-height-mobile=\"20\" data-height-tab=\"30\" data-height-tab-portrait=\"\" data-height-mobile-landscape=\"\" style=\"clear:both;display:block;\"><\/div>[\/vc_column][\/vc_row]<\/p>\n<\/div>","protected":false},"excerpt":{"rendered":"<p>[vc_row][vc_column][vc_column_text]El objetivo del ensayo es obtener las fuerzas est\u00e1ticas necesarias verticales sobre cada rueda del veh\u00edculo para el c\u00e1lculo de la masa total del veh\u00edculo. Para ello, se instalar\u00e1 en<\/p>\n","protected":false},"author":2,"featured_media":0,"parent":17819,"menu_order":0,"comment_status":"closed","ping_status":"closed","template":"tmp-page-right-sidebar.php","meta":{"_acf_changed":false,"footnotes":""},"class_list":["post-19757","page","type-page","status-publish","hentry"],"acf":[],"yoast_head":"<!-- This site is optimized with the Yoast SEO plugin v27.3 - https:\/\/yoast.com\/product\/yoast-seo-wordpress\/ -->\n<title>Pesada | CETEST<\/title>\n<meta name=\"description\" content=\"Medici\u00f3n de peso de acuerdo con la norma (EN50215, EN15654-2) a trav\u00e9s de un sistema de b\u00e1scula port\u00e1til capaz de establecer la carga de cada rueda.\" \/>\n<meta name=\"robots\" content=\"index, follow, max-snippet:-1, max-image-preview:large, max-video-preview:-1\" \/>\n<link rel=\"canonical\" href=\"https:\/\/www.cetestgroup.com\/es\/ensayos-ferroviarios\/ensayos-especiales-en-via\/pesada\/\" \/>\n<meta property=\"og:locale\" content=\"es_ES\" \/>\n<meta property=\"og:type\" content=\"article\" \/>\n<meta property=\"og:title\" content=\"Pesada | CETEST\" \/>\n<meta property=\"og:description\" content=\"Medici\u00f3n de peso de acuerdo con la norma (EN50215, EN15654-2) a trav\u00e9s de un sistema de b\u00e1scula port\u00e1til capaz de establecer la carga de cada rueda.\" \/>\n<meta property=\"og:url\" content=\"https:\/\/www.cetestgroup.com\/es\/ensayos-ferroviarios\/ensayos-especiales-en-via\/pesada\/\" \/>\n<meta property=\"og:site_name\" content=\"CETEST\" \/>\n<meta property=\"article:modified_time\" content=\"2025-02-10T11:29:09+00:00\" \/>\n<meta name=\"twitter:card\" content=\"summary_large_image\" \/>\n<meta name=\"twitter:label1\" content=\"Tiempo de lectura\" \/>\n\t<meta name=\"twitter:data1\" content=\"1 minuto\" \/>\n<script type=\"application\/ld+json\" class=\"yoast-schema-graph\">{\"@context\":\"https:\\\/\\\/schema.org\",\"@graph\":[{\"@type\":\"WebPage\",\"@id\":\"https:\\\/\\\/www.cetestgroup.com\\\/es\\\/ensayos-ferroviarios\\\/ensayos-especiales-en-via\\\/pesada\\\/\",\"url\":\"https:\\\/\\\/www.cetestgroup.com\\\/es\\\/ensayos-ferroviarios\\\/ensayos-especiales-en-via\\\/pesada\\\/\",\"name\":\"Pesada | CETEST\",\"isPartOf\":{\"@id\":\"https:\\\/\\\/www.cetestgroup.com\\\/es\\\/#website\"},\"datePublished\":\"2023-03-23T10:18:06+00:00\",\"dateModified\":\"2025-02-10T11:29:09+00:00\",\"description\":\"Medici\u00f3n de peso de acuerdo con la norma (EN50215, EN15654-2) a trav\u00e9s de un sistema de b\u00e1scula port\u00e1til capaz de establecer la carga de cada rueda.\",\"breadcrumb\":{\"@id\":\"https:\\\/\\\/www.cetestgroup.com\\\/es\\\/ensayos-ferroviarios\\\/ensayos-especiales-en-via\\\/pesada\\\/#breadcrumb\"},\"inLanguage\":\"es\",\"potentialAction\":[{\"@type\":\"ReadAction\",\"target\":[\"https:\\\/\\\/www.cetestgroup.com\\\/es\\\/ensayos-ferroviarios\\\/ensayos-especiales-en-via\\\/pesada\\\/\"]}]},{\"@type\":\"BreadcrumbList\",\"@id\":\"https:\\\/\\\/www.cetestgroup.com\\\/es\\\/ensayos-ferroviarios\\\/ensayos-especiales-en-via\\\/pesada\\\/#breadcrumb\",\"itemListElement\":[{\"@type\":\"ListItem\",\"position\":1,\"name\":\"Home\",\"item\":\"https:\\\/\\\/www.cetestgroup.com\\\/es\\\/\"},{\"@type\":\"ListItem\",\"position\":2,\"name\":\"Ensayos Ferroviarios\",\"item\":\"https:\\\/\\\/www.cetestgroup.com\\\/es\\\/ensayos-ferroviarios\\\/\"},{\"@type\":\"ListItem\",\"position\":3,\"name\":\"Ensayos especiales en v\u00eda\",\"item\":\"https:\\\/\\\/www.cetestgroup.com\\\/es\\\/ensayos-ferroviarios\\\/ensayos-especiales-en-via\\\/\"},{\"@type\":\"ListItem\",\"position\":4,\"name\":\"Pesada\"}]},{\"@type\":\"WebSite\",\"@id\":\"https:\\\/\\\/www.cetestgroup.com\\\/es\\\/#website\",\"url\":\"https:\\\/\\\/www.cetestgroup.com\\\/es\\\/\",\"name\":\"CETEST\",\"description\":\"CETEST is a fully accredited independent test laboratory offering services for design verification, model validation, developmental testing and\\\/or answers to help you identify failure root causes. We carry out tests in our facilities as well as on site as required by customer needs.\",\"potentialAction\":[{\"@type\":\"SearchAction\",\"target\":{\"@type\":\"EntryPoint\",\"urlTemplate\":\"https:\\\/\\\/www.cetestgroup.com\\\/es\\\/?s={search_term_string}\"},\"query-input\":{\"@type\":\"PropertyValueSpecification\",\"valueRequired\":true,\"valueName\":\"search_term_string\"}}],\"inLanguage\":\"es\"}]}<\/script>\n<!-- \/ Yoast SEO plugin. -->","yoast_head_json":{"title":"Pesada | CETEST","description":"Medici\u00f3n de peso de acuerdo con la norma (EN50215, EN15654-2) a trav\u00e9s de un sistema de b\u00e1scula port\u00e1til capaz de establecer la carga de cada rueda.","robots":{"index":"index","follow":"follow","max-snippet":"max-snippet:-1","max-image-preview":"max-image-preview:large","max-video-preview":"max-video-preview:-1"},"canonical":"https:\/\/www.cetestgroup.com\/es\/ensayos-ferroviarios\/ensayos-especiales-en-via\/pesada\/","og_locale":"es_ES","og_type":"article","og_title":"Pesada | CETEST","og_description":"Medici\u00f3n de peso de acuerdo con la norma (EN50215, EN15654-2) a trav\u00e9s de un sistema de b\u00e1scula port\u00e1til capaz de establecer la carga de cada rueda.","og_url":"https:\/\/www.cetestgroup.com\/es\/ensayos-ferroviarios\/ensayos-especiales-en-via\/pesada\/","og_site_name":"CETEST","article_modified_time":"2025-02-10T11:29:09+00:00","twitter_card":"summary_large_image","twitter_misc":{"Tiempo de lectura":"1 minuto"},"schema":{"@context":"https:\/\/schema.org","@graph":[{"@type":"WebPage","@id":"https:\/\/www.cetestgroup.com\/es\/ensayos-ferroviarios\/ensayos-especiales-en-via\/pesada\/","url":"https:\/\/www.cetestgroup.com\/es\/ensayos-ferroviarios\/ensayos-especiales-en-via\/pesada\/","name":"Pesada | CETEST","isPartOf":{"@id":"https:\/\/www.cetestgroup.com\/es\/#website"},"datePublished":"2023-03-23T10:18:06+00:00","dateModified":"2025-02-10T11:29:09+00:00","description":"Medici\u00f3n de peso de acuerdo con la norma (EN50215, EN15654-2) a trav\u00e9s de un sistema de b\u00e1scula port\u00e1til capaz de establecer la carga de cada rueda.","breadcrumb":{"@id":"https:\/\/www.cetestgroup.com\/es\/ensayos-ferroviarios\/ensayos-especiales-en-via\/pesada\/#breadcrumb"},"inLanguage":"es","potentialAction":[{"@type":"ReadAction","target":["https:\/\/www.cetestgroup.com\/es\/ensayos-ferroviarios\/ensayos-especiales-en-via\/pesada\/"]}]},{"@type":"BreadcrumbList","@id":"https:\/\/www.cetestgroup.com\/es\/ensayos-ferroviarios\/ensayos-especiales-en-via\/pesada\/#breadcrumb","itemListElement":[{"@type":"ListItem","position":1,"name":"Home","item":"https:\/\/www.cetestgroup.com\/es\/"},{"@type":"ListItem","position":2,"name":"Ensayos Ferroviarios","item":"https:\/\/www.cetestgroup.com\/es\/ensayos-ferroviarios\/"},{"@type":"ListItem","position":3,"name":"Ensayos especiales en v\u00eda","item":"https:\/\/www.cetestgroup.com\/es\/ensayos-ferroviarios\/ensayos-especiales-en-via\/"},{"@type":"ListItem","position":4,"name":"Pesada"}]},{"@type":"WebSite","@id":"https:\/\/www.cetestgroup.com\/es\/#website","url":"https:\/\/www.cetestgroup.com\/es\/","name":"CETEST","description":"CETEST is a fully accredited independent test laboratory offering services for design verification, model validation, developmental testing and\/or answers to help you identify failure root causes. We carry out tests in our facilities as well as on site as required by customer needs.","potentialAction":[{"@type":"SearchAction","target":{"@type":"EntryPoint","urlTemplate":"https:\/\/www.cetestgroup.com\/es\/?s={search_term_string}"},"query-input":{"@type":"PropertyValueSpecification","valueRequired":true,"valueName":"search_term_string"}}],"inLanguage":"es"}]}},"_links":{"self":[{"href":"https:\/\/www.cetestgroup.com\/es\/wp-json\/wp\/v2\/pages\/19757","targetHints":{"allow":["GET"]}}],"collection":[{"href":"https:\/\/www.cetestgroup.com\/es\/wp-json\/wp\/v2\/pages"}],"about":[{"href":"https:\/\/www.cetestgroup.com\/es\/wp-json\/wp\/v2\/types\/page"}],"author":[{"embeddable":true,"href":"https:\/\/www.cetestgroup.com\/es\/wp-json\/wp\/v2\/users\/2"}],"replies":[{"embeddable":true,"href":"https:\/\/www.cetestgroup.com\/es\/wp-json\/wp\/v2\/comments?post=19757"}],"version-history":[{"count":2,"href":"https:\/\/www.cetestgroup.com\/es\/wp-json\/wp\/v2\/pages\/19757\/revisions"}],"predecessor-version":[{"id":19819,"href":"https:\/\/www.cetestgroup.com\/es\/wp-json\/wp\/v2\/pages\/19757\/revisions\/19819"}],"up":[{"embeddable":true,"href":"https:\/\/www.cetestgroup.com\/es\/wp-json\/wp\/v2\/pages\/17819"}],"wp:attachment":[{"href":"https:\/\/www.cetestgroup.com\/es\/wp-json\/wp\/v2\/media?parent=19757"}],"curies":[{"name":"wp","href":"https:\/\/api.w.org\/{rel}","templated":true}]}}