{"id":19488,"date":"2022-04-12T13:00:24","date_gmt":"2022-04-12T12:00:24","guid":{"rendered":"https:\/\/www.cetestgroup.com\/?page_id=19488"},"modified":"2022-06-29T10:35:38","modified_gmt":"2022-06-29T09:35:38","slug":"ingeniero-hw-sw","status":"publish","type":"page","link":"https:\/\/www.cetestgroup.com\/es\/ofertas-de-empleo\/ingeniero-hw-sw\/","title":{"rendered":"Ingeniero HW\/SW"},"content":{"rendered":"<div class=\"wpb-content-wrapper\"><p>[vc_row][vc_column]<div class=\"ult-spacer spacer-69e4dcfa4e308\" data-id=\"69e4dcfa4e308\" data-height=\"80\" data-height-mobile=\"30\" data-height-tab=\"50\" data-height-tab-portrait=\"\" data-height-mobile-landscape=\"\" style=\"clear:both;display:block;\"><\/div>[\/vc_column][\/vc_row][vc_row][vc_column width=\u00bb1\/2&#8243;]<div class=\"dfd-heading-shortcode\"><div class=\"dfd-heading-module-wrap  text-left style_01 dfd-heading-69e4dcfa4e3f9 dfd-disable-resposive-headings\" id=\"dfd-heading-69e4dcfa4e3f9\" ><div class=\"inline-block\"><div class=\"dfd-heading-module\"><h6 class=\"widget-title dfd-title \" style=\"font-family:PT Sans Narrow; font-weight:400; font-style:normal; font-size: 18px; color: #25bdd5 !important; line-height: 22px; \">Title<\/p>\n<p>&nbsp;<\/p>\n<p><\/h6><h5 class=\"widget-sub-title dfd-sub-title \" style=\"font-family:PT Sans; font-weight:400; font-style:normal; font-size: 20px; line-height: 25px; \">Ingeniero HW\/SW<\/h5><\/div><\/div><\/div><script type=\"text\/javascript\">\r\n\t\t\t\t\t\t\t\t\t(function($) {\r\n\t\t\t\t\t\t\t\t\t\t$(\"head\").append(\"<style>.dfd-heading-69e4dcfa4e3f9.dfd-heading-module-wrap .dfd-heading-module .dfd-heading-delimiter {margin-top:10px;margin-bottom:10px;}<\/style>\");\r\n\t\t\t\t\t\t\t\t\t})(jQuery);\r\n\t\t\t\t\t\t\t\t<\/script><\/div>[\/vc_column][vc_column width=\u00bb1\/4&#8243;]<div class=\"dfd-heading-shortcode\"><div class=\"dfd-heading-module-wrap  text-center style_01 dfd-heading-69e4dcfa4e5e6 dfd-disable-resposive-headings\" id=\"dfd-heading-69e4dcfa4e5e6\" ><div class=\"inline-block\"><div class=\"dfd-heading-module\"><h6 class=\"widget-title dfd-title \" style=\"font-family:PT Sans Narrow; font-weight:400; font-style:normal; font-size: 18px; color: #25bdd5 !important; line-height: 22px; \">Ref.<\/p>\n<p>&nbsp;<\/p>\n<p><\/h6><h5 class=\"widget-sub-title dfd-sub-title \" style=\"font-family:PT Sans; font-weight:400; font-style:normal; font-size: 20px; line-height: 25px; \">220404<\/h5><\/div><\/div><\/div><script type=\"text\/javascript\">\r\n\t\t\t\t\t\t\t\t\t(function($) {\r\n\t\t\t\t\t\t\t\t\t\t$(\"head\").append(\"<style>.dfd-heading-69e4dcfa4e5e6.dfd-heading-module-wrap .dfd-heading-module .dfd-heading-delimiter {margin-top:10px;margin-bottom:10px;}<\/style>\");\r\n\t\t\t\t\t\t\t\t\t})(jQuery);\r\n\t\t\t\t\t\t\t\t<\/script><\/div>[\/vc_column][vc_column width=\u00bb1\/4&#8243;]<div class=\"dfd-heading-shortcode\"><div class=\"dfd-heading-module-wrap  text-center style_01 dfd-heading-69e4dcfa4e7a4 dfd-disable-resposive-headings\" id=\"dfd-heading-69e4dcfa4e7a4\" ><div class=\"inline-block\"><div class=\"dfd-heading-module\"><h6 class=\"widget-title dfd-title \" style=\"font-family:PT Sans Narrow; font-weight:400; font-style:normal; font-size: 18px; color: #25bdd5 !important; line-height: 22px; \">Start date<\/p>\n<p>&nbsp;<\/p>\n<p><\/h6><h5 class=\"widget-sub-title dfd-sub-title \" style=\"font-family:PT Sans; font-weight:400; font-style:normal; font-size: 20px; line-height: 25px; \">A convenir<\/h5><\/div><\/div><\/div><script type=\"text\/javascript\">\r\n\t\t\t\t\t\t\t\t\t(function($) {\r\n\t\t\t\t\t\t\t\t\t\t$(\"head\").append(\"<style>.dfd-heading-69e4dcfa4e7a4.dfd-heading-module-wrap .dfd-heading-module .dfd-heading-delimiter {margin-top:10px;margin-bottom:10px;}<\/style>\");\r\n\t\t\t\t\t\t\t\t\t})(jQuery);\r\n\t\t\t\t\t\t\t\t<\/script><\/div>[\/vc_column][\/vc_row][vc_row][vc_column]<div class=\"ult-spacer spacer-69e4dcfa4e8d2\" data-id=\"69e4dcfa4e8d2\" data-height=\"30\" data-height-mobile=\"0\" data-height-tab=\"20\" data-height-tab-portrait=\"\" data-height-mobile-landscape=\"\" style=\"clear:both;display:block;\"><\/div><div class=\"dfd-heading-shortcode\"><div class=\"dfd-heading-module-wrap  text-left style_01 dfd-heading-69e4dcfa4e96f dfd-disable-resposive-headings\" id=\"dfd-heading-69e4dcfa4e96f\" ><div class=\"inline-block\"><div class=\"dfd-heading-module\"><h4 class=\"widget-title dfd-title \" style=\"font-size: 25px; line-height: 25px; \">FUNCIONES<\/p>\n<p><\/h4><div class=\"dfd-heading-delimiter\"><\/div><\/div><\/div><\/div><script type=\"text\/javascript\">\r\n\t\t\t\t\t\t\t\t\t(function($) {\r\n\t\t\t\t\t\t\t\t\t\t$(\"head\").append(\"<style>.dfd-heading-69e4dcfa4e96f.dfd-heading-module-wrap .dfd-heading-module .dfd-heading-delimiter {border-bottom-style:solid;border-bottom-width:1px;width:100px;border-bottom-color:#25bdd5;}.dfd-heading-69e4dcfa4e96f.dfd-heading-module-wrap .dfd-heading-module .dfd-heading-delimiter {margin-top:10px;margin-bottom:10px;}<\/style>\");\r\n\t\t\t\t\t\t\t\t\t})(jQuery);\r\n\t\t\t\t\t\t\t\t<\/script><\/div>[vc_column_text]<br \/>\nEstamos buscando a una persona con perfil de ingenier\u00eda superior para unirse a nuestro equipo de I + D y participar en proyectos de desarrollo de sistemas HW\/SW con alto contenido tecnol\u00f3gico.<\/p>\n<p>Las funciones principales del puesto son:<\/p>\n<ul>\n<li>Definici\u00f3n de especificaci\u00f3n t\u00e9cnica y arquitecturas de sistemas HW\/SW orientadas a soluciones de monitorizaci\u00f3n y medida<\/li>\n<li>Dise\u00f1o y desarrollo de estos sistemas en base a especificaciones t\u00e9cnicas: Sens\u00f3rica, acondicionamiento de se\u00f1al, adquisici\u00f3n de se\u00f1al, procesamiento realtime de se\u00f1ales. Prototipado de las soluciones dise\u00f1adas<\/li>\n<li>Dise\u00f1o y desarrollo de soluciones de gesti\u00f3n de datos, configuraci\u00f3n y control de sistemas de monitorizaci\u00f3n y medida<\/li>\n<li>Dise\u00f1o y desarrollo de soluciones de sincronizaci\u00f3n y alimentaci\u00f3n de sistemas de monitorizaci\u00f3n distribuidos. Protocolos de comunicaci\u00f3n. Redes de sistemas de medida<\/li>\n<li>Especificaci\u00f3n y participaci\u00f3n en actividades de validaci\u00f3n de prototipos<\/li>\n<\/ul>\n<p>[\/vc_column_text]<div class=\"ult-spacer spacer-69e4dcfa4ea3d\" data-id=\"69e4dcfa4ea3d\" data-height=\"30\" data-height-mobile=\"10\" data-height-tab=\"20\" data-height-tab-portrait=\"\" data-height-mobile-landscape=\"\" style=\"clear:both;display:block;\"><\/div><div class=\"dfd-heading-shortcode\"><div class=\"dfd-heading-module-wrap  text-left style_01 dfd-heading-69e4dcfa4eafa dfd-disable-resposive-headings\" id=\"dfd-heading-69e4dcfa4eafa\" ><div class=\"inline-block\"><div class=\"dfd-heading-module\"><h6 class=\"widget-title dfd-title \" style=\"font-family:PT Sans Narrow; font-weight:400; font-style:normal; font-size: 25px; color: #25bdd5 !important; line-height: 30px; \">Requisitos y experiencia<\/p>\n<p><\/h6><\/div><\/div><\/div><script type=\"text\/javascript\">\r\n\t\t\t\t\t\t\t\t\t(function($) {\r\n\t\t\t\t\t\t\t\t\t\t$(\"head\").append(\"<style>.dfd-heading-69e4dcfa4eafa.dfd-heading-module-wrap .dfd-heading-module .dfd-heading-delimiter {margin-top:10px;margin-bottom:10px;}<\/style>\");\r\n\t\t\t\t\t\t\t\t\t})(jQuery);\r\n\t\t\t\t\t\t\t\t<\/script><\/div>[vc_column_text]<\/p>\n<ul>\n<li><strong><u>Formaci\u00f3n Acad\u00e9mica: <\/u><\/strong><\/li>\n<\/ul>\n<p>M\u00e1ster en Ingenier\u00eda Industrial (especialidad electr\u00f3nica), Autom\u00e1tico y Electr\u00f3nica o Telecomunicaciones<\/p>\n<ul>\n<li><strong><u>Experiencia Profesional:<\/u><\/strong><\/li>\n<\/ul>\n<p><strong>\u00a0<\/strong>Necesaria experiencia en soluciones HW\/SW orientadas a la monitorizaci\u00f3n y la medida. Protocolos de comunicaci\u00f3n (por ejemplo TCP, UDP, MVB, TRDP, TSN).<\/p>\n<ul>\n<li><strong><u>Idiomas:<\/u><\/strong><\/li>\n<\/ul>\n<p>Elevado dominio del ingl\u00e9s hablado y escrito. Valorables idiomas adicionales (franc\u00e9s y\/o alem\u00e1n)<\/p>\n<ul>\n<li style=\"list-style-type: none;\">\n<ul>[\/vc_column_text]<div class=\"ult-spacer spacer-69e4dcfa4ebd8\" data-id=\"69e4dcfa4ebd8\" data-height=\"30\" data-height-mobile=\"10\" data-height-tab=\"20\" data-height-tab-portrait=\"\" data-height-mobile-landscape=\"\" style=\"clear:both;display:block;\"><\/div><div class=\"dfd-heading-shortcode\"><div class=\"dfd-heading-module-wrap  text-left style_01 dfd-heading-69e4dcfa4ec84 dfd-disable-resposive-headings\" id=\"dfd-heading-69e4dcfa4ec84\" ><div class=\"inline-block\"><div class=\"dfd-heading-module\"><h6 class=\"widget-title dfd-title \" style=\"font-family:PT Sans Narrow; font-weight:400; font-style:normal; font-size: 25px; color: #25bdd5 !important; line-height: 30px; \">Competencias a valorar<\/ul>\n<\/li>\n<\/ul>\n<p><\/h6><\/div><\/div><\/div><script type=\"text\/javascript\">\r\n\t\t\t\t\t\t\t\t\t(function($) {\r\n\t\t\t\t\t\t\t\t\t\t$(\"head\").append(\"<style>.dfd-heading-69e4dcfa4ec84.dfd-heading-module-wrap .dfd-heading-module .dfd-heading-delimiter {margin-top:10px;margin-bottom:10px;}<\/style>\");\r\n\t\t\t\t\t\t\t\t\t})(jQuery);\r\n\t\t\t\t\t\t\t\t<\/script><\/div>[vc_column_text]Competencias t\u00e9cnicas<\/p>\n<ul>\n<li>Se valorar\u00e1 positivamente experiencia en Matlab\/Simulink y conocimientos en sens\u00f3rica y acondicionamiento de se\u00f1al.xperiencia en desarrollo de SW con C\/C++.<\/li>\n<li>Se valorar\u00e1 positivamente el conocimiento y dominio de plataformas NI (Labview).<\/li>\n<\/ul>\n<p>Competencias generales<\/p>\n<ul>\n<li>Inquietud investigadora en las \u00e1reas y tecnolog\u00edas descritas en la oferta.<\/li>\n<li>Inquietud por mejorar los conocimientos t\u00e9cnicos y en general por la mejora continua.<\/li>\n<li>Rigurosidad.<\/li>\n<li>Orientaci\u00f3n a la consecuci\u00f3n de resultados.<\/li>\n<li>Responsabilidad y cumplimiento de los compromisos adquiridos.<\/li>\n<li>Flexibilidad para adaptarse a un entorno cambiante.<\/li>\n<li>Dotes relacionales para trabajar en equipo y con los departamentos usuarios potenciales de sus desarrollos.<\/li>\n<li style=\"list-style-type: none;\"><\/li>\n<\/ul>\n<p>[\/vc_column_text]<div class=\"ult-spacer spacer-69e4dcfa4ed65\" data-id=\"69e4dcfa4ed65\" data-height=\"30\" data-height-mobile=\"30\" data-height-tab=\"30\" data-height-tab-portrait=\"\" data-height-mobile-landscape=\"\" style=\"clear:both;display:block;\"><\/div>[\/vc_column][\/vc_row]<\/p>\n<\/div>","protected":false},"excerpt":{"rendered":"<p>[vc_row][vc_column][\/vc_column][\/vc_row][vc_row][vc_column width=\u00bb1\/2&#8243;][\/vc_column][vc_column width=\u00bb1\/4&#8243;][\/vc_column][vc_column width=\u00bb1\/4&#8243;][\/vc_column][\/vc_row][vc_row][vc_column][vc_column_text] Estamos buscando a una persona con perfil de ingenier\u00eda superior para unirse a nuestro equipo de I + D y participar en proyectos de desarrollo de<\/p>\n","protected":false},"author":2,"featured_media":0,"parent":17922,"menu_order":0,"comment_status":"closed","ping_status":"closed","template":"tmp-page-right-sidebar.php","meta":{"_acf_changed":false,"footnotes":""},"class_list":["post-19488","page","type-page","status-publish","hentry"],"acf":[],"yoast_head":"<!-- This site is optimized with the Yoast SEO plugin v27.4 - https:\/\/yoast.com\/product\/yoast-seo-wordpress\/ -->\n<title>Ingeniero HW\/SW | CETEST<\/title>\n<meta name=\"robots\" content=\"index, follow, max-snippet:-1, max-image-preview:large, max-video-preview:-1\" \/>\n<link rel=\"canonical\" href=\"https:\/\/www.cetestgroup.com\/es\/ofertas-de-empleo\/ingeniero-hw-sw\/\" \/>\n<meta property=\"og:locale\" content=\"es_ES\" \/>\n<meta property=\"og:type\" content=\"article\" \/>\n<meta property=\"og:title\" content=\"Ingeniero HW\/SW | CETEST\" \/>\n<meta property=\"og:description\" content=\"[vc_row][vc_column][\/vc_column][\/vc_row][vc_row][vc_column width=\u00bb1\/2&#8243;][\/vc_column][vc_column width=\u00bb1\/4&#8243;][\/vc_column][vc_column width=\u00bb1\/4&#8243;][\/vc_column][\/vc_row][vc_row][vc_column][vc_column_text] Estamos buscando a una persona con perfil de ingenier\u00eda superior para unirse a nuestro equipo de I + D y participar en proyectos de desarrollo de\" \/>\n<meta property=\"og:url\" content=\"https:\/\/www.cetestgroup.com\/es\/ofertas-de-empleo\/ingeniero-hw-sw\/\" \/>\n<meta property=\"og:site_name\" content=\"CETEST\" \/>\n<meta property=\"article:modified_time\" content=\"2022-06-29T09:35:38+00:00\" \/>\n<meta name=\"twitter:card\" content=\"summary_large_image\" \/>\n<meta name=\"twitter:label1\" content=\"Tiempo de lectura\" \/>\n\t<meta name=\"twitter:data1\" content=\"4 minutos\" \/>\n<script type=\"application\/ld+json\" class=\"yoast-schema-graph\">{\"@context\":\"https:\\\/\\\/schema.org\",\"@graph\":[{\"@type\":\"WebPage\",\"@id\":\"https:\\\/\\\/www.cetestgroup.com\\\/es\\\/ofertas-de-empleo\\\/ingeniero-hw-sw\\\/\",\"url\":\"https:\\\/\\\/www.cetestgroup.com\\\/es\\\/ofertas-de-empleo\\\/ingeniero-hw-sw\\\/\",\"name\":\"Ingeniero HW\\\/SW | CETEST\",\"isPartOf\":{\"@id\":\"https:\\\/\\\/www.cetestgroup.com\\\/es\\\/#website\"},\"datePublished\":\"2022-04-12T12:00:24+00:00\",\"dateModified\":\"2022-06-29T09:35:38+00:00\",\"breadcrumb\":{\"@id\":\"https:\\\/\\\/www.cetestgroup.com\\\/es\\\/ofertas-de-empleo\\\/ingeniero-hw-sw\\\/#breadcrumb\"},\"inLanguage\":\"es\",\"potentialAction\":[{\"@type\":\"ReadAction\",\"target\":[\"https:\\\/\\\/www.cetestgroup.com\\\/es\\\/ofertas-de-empleo\\\/ingeniero-hw-sw\\\/\"]}]},{\"@type\":\"BreadcrumbList\",\"@id\":\"https:\\\/\\\/www.cetestgroup.com\\\/es\\\/ofertas-de-empleo\\\/ingeniero-hw-sw\\\/#breadcrumb\",\"itemListElement\":[{\"@type\":\"ListItem\",\"position\":1,\"name\":\"Home\",\"item\":\"https:\\\/\\\/www.cetestgroup.com\\\/es\\\/\"},{\"@type\":\"ListItem\",\"position\":2,\"name\":\"Ofertas de empleo\",\"item\":\"https:\\\/\\\/www.cetestgroup.com\\\/es\\\/ofertas-de-empleo\\\/\"},{\"@type\":\"ListItem\",\"position\":3,\"name\":\"Ingeniero HW\\\/SW\"}]},{\"@type\":\"WebSite\",\"@id\":\"https:\\\/\\\/www.cetestgroup.com\\\/es\\\/#website\",\"url\":\"https:\\\/\\\/www.cetestgroup.com\\\/es\\\/\",\"name\":\"CETEST\",\"description\":\"CETEST is a fully accredited independent test laboratory offering services for design verification, model validation, developmental testing and\\\/or answers to help you identify failure root causes. We carry out tests in our facilities as well as on site as required by customer needs.\",\"potentialAction\":[{\"@type\":\"SearchAction\",\"target\":{\"@type\":\"EntryPoint\",\"urlTemplate\":\"https:\\\/\\\/www.cetestgroup.com\\\/es\\\/?s={search_term_string}\"},\"query-input\":{\"@type\":\"PropertyValueSpecification\",\"valueRequired\":true,\"valueName\":\"search_term_string\"}}],\"inLanguage\":\"es\"}]}<\/script>\n<!-- \/ Yoast SEO plugin. -->","yoast_head_json":{"title":"Ingeniero HW\/SW | CETEST","robots":{"index":"index","follow":"follow","max-snippet":"max-snippet:-1","max-image-preview":"max-image-preview:large","max-video-preview":"max-video-preview:-1"},"canonical":"https:\/\/www.cetestgroup.com\/es\/ofertas-de-empleo\/ingeniero-hw-sw\/","og_locale":"es_ES","og_type":"article","og_title":"Ingeniero HW\/SW | CETEST","og_description":"[vc_row][vc_column][\/vc_column][\/vc_row][vc_row][vc_column width=\u00bb1\/2&#8243;][\/vc_column][vc_column width=\u00bb1\/4&#8243;][\/vc_column][vc_column width=\u00bb1\/4&#8243;][\/vc_column][\/vc_row][vc_row][vc_column][vc_column_text] Estamos buscando a una persona con perfil de ingenier\u00eda superior para unirse a nuestro equipo de I + D y participar en proyectos de desarrollo de","og_url":"https:\/\/www.cetestgroup.com\/es\/ofertas-de-empleo\/ingeniero-hw-sw\/","og_site_name":"CETEST","article_modified_time":"2022-06-29T09:35:38+00:00","twitter_card":"summary_large_image","twitter_misc":{"Tiempo de lectura":"4 minutos"},"schema":{"@context":"https:\/\/schema.org","@graph":[{"@type":"WebPage","@id":"https:\/\/www.cetestgroup.com\/es\/ofertas-de-empleo\/ingeniero-hw-sw\/","url":"https:\/\/www.cetestgroup.com\/es\/ofertas-de-empleo\/ingeniero-hw-sw\/","name":"Ingeniero HW\/SW | CETEST","isPartOf":{"@id":"https:\/\/www.cetestgroup.com\/es\/#website"},"datePublished":"2022-04-12T12:00:24+00:00","dateModified":"2022-06-29T09:35:38+00:00","breadcrumb":{"@id":"https:\/\/www.cetestgroup.com\/es\/ofertas-de-empleo\/ingeniero-hw-sw\/#breadcrumb"},"inLanguage":"es","potentialAction":[{"@type":"ReadAction","target":["https:\/\/www.cetestgroup.com\/es\/ofertas-de-empleo\/ingeniero-hw-sw\/"]}]},{"@type":"BreadcrumbList","@id":"https:\/\/www.cetestgroup.com\/es\/ofertas-de-empleo\/ingeniero-hw-sw\/#breadcrumb","itemListElement":[{"@type":"ListItem","position":1,"name":"Home","item":"https:\/\/www.cetestgroup.com\/es\/"},{"@type":"ListItem","position":2,"name":"Ofertas de empleo","item":"https:\/\/www.cetestgroup.com\/es\/ofertas-de-empleo\/"},{"@type":"ListItem","position":3,"name":"Ingeniero HW\/SW"}]},{"@type":"WebSite","@id":"https:\/\/www.cetestgroup.com\/es\/#website","url":"https:\/\/www.cetestgroup.com\/es\/","name":"CETEST","description":"CETEST is a fully accredited independent test laboratory offering services for design verification, model validation, developmental testing and\/or answers to help you identify failure root causes. We carry out tests in our facilities as well as on site as required by customer needs.","potentialAction":[{"@type":"SearchAction","target":{"@type":"EntryPoint","urlTemplate":"https:\/\/www.cetestgroup.com\/es\/?s={search_term_string}"},"query-input":{"@type":"PropertyValueSpecification","valueRequired":true,"valueName":"search_term_string"}}],"inLanguage":"es"}]}},"_links":{"self":[{"href":"https:\/\/www.cetestgroup.com\/es\/wp-json\/wp\/v2\/pages\/19488","targetHints":{"allow":["GET"]}}],"collection":[{"href":"https:\/\/www.cetestgroup.com\/es\/wp-json\/wp\/v2\/pages"}],"about":[{"href":"https:\/\/www.cetestgroup.com\/es\/wp-json\/wp\/v2\/types\/page"}],"author":[{"embeddable":true,"href":"https:\/\/www.cetestgroup.com\/es\/wp-json\/wp\/v2\/users\/2"}],"replies":[{"embeddable":true,"href":"https:\/\/www.cetestgroup.com\/es\/wp-json\/wp\/v2\/comments?post=19488"}],"version-history":[{"count":1,"href":"https:\/\/www.cetestgroup.com\/es\/wp-json\/wp\/v2\/pages\/19488\/revisions"}],"predecessor-version":[{"id":19562,"href":"https:\/\/www.cetestgroup.com\/es\/wp-json\/wp\/v2\/pages\/19488\/revisions\/19562"}],"up":[{"embeddable":true,"href":"https:\/\/www.cetestgroup.com\/es\/wp-json\/wp\/v2\/pages\/17922"}],"wp:attachment":[{"href":"https:\/\/www.cetestgroup.com\/es\/wp-json\/wp\/v2\/media?parent=19488"}],"curies":[{"name":"wp","href":"https:\/\/api.w.org\/{rel}","templated":true}]}}