{"id":19482,"date":"2022-04-12T12:38:57","date_gmt":"2022-04-12T11:38:57","guid":{"rendered":"https:\/\/www.cetestgroup.com\/?page_id=19482"},"modified":"2022-11-11T12:29:41","modified_gmt":"2022-11-11T12:29:41","slug":"ingeniero-test-systems","status":"publish","type":"page","link":"https:\/\/www.cetestgroup.com\/es\/ofertas-de-empleo\/ingeniero-test-systems\/","title":{"rendered":"Ingeniero de Test- Systems"},"content":{"rendered":"<div class=\"wpb-content-wrapper\"><p>[vc_row][vc_column]<div class=\"ult-spacer spacer-69dcdc0b4b480\" data-id=\"69dcdc0b4b480\" data-height=\"80\" data-height-mobile=\"30\" data-height-tab=\"50\" data-height-tab-portrait=\"\" data-height-mobile-landscape=\"\" style=\"clear:both;display:block;\"><\/div>[\/vc_column][\/vc_row][vc_row][vc_column width=\u00bb1\/2&#8243;]<div class=\"dfd-heading-shortcode\"><div class=\"dfd-heading-module-wrap  text-left style_01 dfd-heading-69dcdc0b4b51f dfd-disable-resposive-headings\" id=\"dfd-heading-69dcdc0b4b51f\" ><div class=\"inline-block\"><div class=\"dfd-heading-module\"><h6 class=\"widget-title dfd-title \" style=\"font-family:PT Sans Narrow; font-weight:400; font-style:normal; font-size: 18px; color: #25bdd5 !important; line-height: 22px; \">Title<\/p>\n<p>&nbsp;<\/p>\n<p><\/h6><h5 class=\"widget-sub-title dfd-sub-title \" style=\"font-family:PT Sans; font-weight:400; font-style:normal; font-size: 20px; line-height: 25px; \">Ingeniero de Test- Systems<\/h5><\/div><\/div><\/div><script type=\"text\/javascript\">\r\n\t\t\t\t\t\t\t\t\t(function($) {\r\n\t\t\t\t\t\t\t\t\t\t$(\"head\").append(\"<style>.dfd-heading-69dcdc0b4b51f.dfd-heading-module-wrap .dfd-heading-module .dfd-heading-delimiter {margin-top:10px;margin-bottom:10px;}<\/style>\");\r\n\t\t\t\t\t\t\t\t\t})(jQuery);\r\n\t\t\t\t\t\t\t\t<\/script><\/div>[\/vc_column][vc_column width=\u00bb1\/4&#8243;]<div class=\"dfd-heading-shortcode\"><div class=\"dfd-heading-module-wrap  text-center style_01 dfd-heading-69dcdc0b4b6cd dfd-disable-resposive-headings\" id=\"dfd-heading-69dcdc0b4b6cd\" ><div class=\"inline-block\"><div class=\"dfd-heading-module\"><h6 class=\"widget-title dfd-title \" style=\"font-family:PT Sans Narrow; font-weight:400; font-style:normal; font-size: 18px; color: #25bdd5 !important; line-height: 22px; \">Ref.<\/p>\n<p>&nbsp;<\/p>\n<p><\/h6><h5 class=\"widget-sub-title dfd-sub-title \" style=\"font-family:PT Sans; font-weight:400; font-style:normal; font-size: 20px; line-height: 25px; \">221101<\/h5><\/div><\/div><\/div><script type=\"text\/javascript\">\r\n\t\t\t\t\t\t\t\t\t(function($) {\r\n\t\t\t\t\t\t\t\t\t\t$(\"head\").append(\"<style>.dfd-heading-69dcdc0b4b6cd.dfd-heading-module-wrap .dfd-heading-module .dfd-heading-delimiter {margin-top:10px;margin-bottom:10px;}<\/style>\");\r\n\t\t\t\t\t\t\t\t\t})(jQuery);\r\n\t\t\t\t\t\t\t\t<\/script><\/div>[\/vc_column][vc_column width=\u00bb1\/4&#8243;]<div class=\"dfd-heading-shortcode\"><div class=\"dfd-heading-module-wrap  text-center style_01 dfd-heading-69dcdc0b4b81f dfd-disable-resposive-headings\" id=\"dfd-heading-69dcdc0b4b81f\" ><div class=\"inline-block\"><div class=\"dfd-heading-module\"><h6 class=\"widget-title dfd-title \" style=\"font-family:PT Sans Narrow; font-weight:400; font-style:normal; font-size: 18px; color: #25bdd5 !important; line-height: 22px; \">Start date<\/p>\n<p>&nbsp;<\/p>\n<p><\/h6><h5 class=\"widget-sub-title dfd-sub-title \" style=\"font-family:PT Sans; font-weight:400; font-style:normal; font-size: 20px; line-height: 25px; \">A convenir<\/h5><\/div><\/div><\/div><script type=\"text\/javascript\">\r\n\t\t\t\t\t\t\t\t\t(function($) {\r\n\t\t\t\t\t\t\t\t\t\t$(\"head\").append(\"<style>.dfd-heading-69dcdc0b4b81f.dfd-heading-module-wrap .dfd-heading-module .dfd-heading-delimiter {margin-top:10px;margin-bottom:10px;}<\/style>\");\r\n\t\t\t\t\t\t\t\t\t})(jQuery);\r\n\t\t\t\t\t\t\t\t<\/script><\/div>[\/vc_column][\/vc_row][vc_row][vc_column]<div class=\"ult-spacer spacer-69dcdc0b4b931\" data-id=\"69dcdc0b4b931\" data-height=\"30\" data-height-mobile=\"0\" data-height-tab=\"20\" data-height-tab-portrait=\"\" data-height-mobile-landscape=\"\" style=\"clear:both;display:block;\"><\/div><div class=\"dfd-heading-shortcode\"><div class=\"dfd-heading-module-wrap  text-left style_01 dfd-heading-69dcdc0b4b9ab dfd-disable-resposive-headings\" id=\"dfd-heading-69dcdc0b4b9ab\" ><div class=\"inline-block\"><div class=\"dfd-heading-module\"><h4 class=\"widget-title dfd-title \" style=\"font-size: 25px; line-height: 25px; \">FUNCIONES<\/p>\n<p><\/h4><div class=\"dfd-heading-delimiter\"><\/div><\/div><\/div><\/div><script type=\"text\/javascript\">\r\n\t\t\t\t\t\t\t\t\t(function($) {\r\n\t\t\t\t\t\t\t\t\t\t$(\"head\").append(\"<style>.dfd-heading-69dcdc0b4b9ab.dfd-heading-module-wrap .dfd-heading-module .dfd-heading-delimiter {border-bottom-style:solid;border-bottom-width:1px;width:100px;border-bottom-color:#25bdd5;}.dfd-heading-69dcdc0b4b9ab.dfd-heading-module-wrap .dfd-heading-module .dfd-heading-delimiter {margin-top:10px;margin-bottom:10px;}<\/style>\");\r\n\t\t\t\t\t\t\t\t\t})(jQuery);\r\n\t\t\t\t\t\t\t\t<\/script><\/div>[vc_column_text]Estamos buscando ingeniero\/a de producto para la participaci\u00f3n en proyectos de desarrollo y suministro de sistemas de monitorizaci\u00f3n\/bancos de ensayo de alto valor a\u00f1adido.<\/p>\n<p>Las funciones principales del puesto son:<\/p>\n<ul>\n<li>Definici\u00f3n de especificaci\u00f3n t\u00e9cnica y arquitecturas de sistemas HW\/SW orientadas a soluciones de monitorizaci\u00f3n, medida y bancos de ensayo.<\/li>\n<li>Dise\u00f1o conceptual de arquitectura del sistema de monitorizaci\u00f3n y\/o banco de ensayo. Dise\u00f1o en detalle de soluci\u00f3n mecatr\u00f3nica y dise\u00f1o factor de forma de soluci\u00f3n final.<\/li>\n<li>Integraci\u00f3n de soluciones HW (comercial o interna CETEST) en soluci\u00f3n dise\u00f1ada: sens\u00f3rica, acondicionameinto y control, adquisici\u00f3n de se\u00f1al, procesamiento.<\/li>\n<li>Integraci\u00f3n de soluci\u00f3n SW (comercial o interna CETEST) en sistema.<\/li>\n<li>Desarrollo y seguimiento de fabricaci\u00f3n de la soluci\u00f3n (llave en mano). Gesti\u00f3n de incidencias y no conformidades del producto. Identificaci\u00f3n de puntos de mejora y ejecuci\u00f3n de plan de acciones.<\/li>\n<li>Definici\u00f3n de especificaci\u00f3n de validaci\u00f3n y puesta en marcha del sistema. Participaci\u00f3n en actividades de validaci\u00f3n y puesta en marcha de la soluci\u00f3n en entorno real.<\/li>\n<\/ul>\n<p>[\/vc_column_text]<div class=\"ult-spacer spacer-69dcdc0b4ba88\" data-id=\"69dcdc0b4ba88\" data-height=\"30\" data-height-mobile=\"10\" data-height-tab=\"20\" data-height-tab-portrait=\"\" data-height-mobile-landscape=\"\" style=\"clear:both;display:block;\"><\/div><div class=\"dfd-heading-shortcode\"><div class=\"dfd-heading-module-wrap  text-left style_01 dfd-heading-69dcdc0b4bae7 dfd-disable-resposive-headings\" id=\"dfd-heading-69dcdc0b4bae7\" ><div class=\"inline-block\"><div class=\"dfd-heading-module\"><h6 class=\"widget-title dfd-title \" style=\"font-family:PT Sans Narrow; font-weight:400; font-style:normal; font-size: 25px; color: #25bdd5 !important; line-height: 30px; \">Requisitos y experiencia<\/p>\n<p><\/h6><\/div><\/div><\/div><script type=\"text\/javascript\">\r\n\t\t\t\t\t\t\t\t\t(function($) {\r\n\t\t\t\t\t\t\t\t\t\t$(\"head\").append(\"<style>.dfd-heading-69dcdc0b4bae7.dfd-heading-module-wrap .dfd-heading-module .dfd-heading-delimiter {margin-top:10px;margin-bottom:10px;}<\/style>\");\r\n\t\t\t\t\t\t\t\t\t})(jQuery);\r\n\t\t\t\t\t\t\t\t<\/script><\/div>[vc_column_text]<\/p>\n<ul>\n<li><strong><u>Formaci\u00f3n Acad\u00e9mica: <\/u><\/strong><\/li>\n<\/ul>\n<p>Ingeniero Industrial (especialidad mec\u00e1nica o electr\u00f3nica), Autom\u00e1tica y Electr\u00f3nica o Telecomunicaciones.<\/p>\n<ul>\n<li><strong><u>Experiencia Profesional:<\/u><\/strong><\/li>\n<\/ul>\n<p>Necesaria experiencia en soluciones HW\/SW orientadas a la monitorizaci\u00f3n y la medida. Experiencia en herramientas de dise\u00f1o mec\u00e1nico.<\/p>\n<ul>\n<li><strong><u>Idiomas:<\/u><\/strong><\/li>\n<\/ul>\n<p>Elevado dominio del ingl\u00e9s hablado y escrito. Valorables idiomas adicionales (franc\u00e9s y\/o alem\u00e1n)<\/p>\n<ul>\n<li style=\"list-style-type: none;\">\n<ul>[\/vc_column_text]<div class=\"ult-spacer spacer-69dcdc0b4bbc8\" data-id=\"69dcdc0b4bbc8\" data-height=\"30\" data-height-mobile=\"10\" data-height-tab=\"20\" data-height-tab-portrait=\"\" data-height-mobile-landscape=\"\" style=\"clear:both;display:block;\"><\/div><div class=\"dfd-heading-shortcode\"><div class=\"dfd-heading-module-wrap  text-left style_01 dfd-heading-69dcdc0b4bc26 dfd-disable-resposive-headings\" id=\"dfd-heading-69dcdc0b4bc26\" ><div class=\"inline-block\"><div class=\"dfd-heading-module\"><h6 class=\"widget-title dfd-title \" style=\"font-family:PT Sans Narrow; font-weight:400; font-style:normal; font-size: 25px; color: #25bdd5 !important; line-height: 30px; \">Competencias a valorar<\/ul>\n<\/li>\n<\/ul>\n<p><\/h6><\/div><\/div><\/div><script type=\"text\/javascript\">\r\n\t\t\t\t\t\t\t\t\t(function($) {\r\n\t\t\t\t\t\t\t\t\t\t$(\"head\").append(\"<style>.dfd-heading-69dcdc0b4bc26.dfd-heading-module-wrap .dfd-heading-module .dfd-heading-delimiter {margin-top:10px;margin-bottom:10px;}<\/style>\");\r\n\t\t\t\t\t\t\t\t\t})(jQuery);\r\n\t\t\t\t\t\t\t\t<\/script><\/div>[vc_column_text]<\/p>\n<ul>\n<li style=\"list-style-type: none;\">\n<ul>\n<li style=\"list-style-type: none;\">\n<ul>\n<li>Inquietud t\u00e9cnica.<\/li>\n<li>Inquietud por mejorar los conocimientos t\u00e9cnicos y en general por la mejora continua.<\/li>\n<li>Capacidad para estructurar y especificar desarrollos complejos.<\/li>\n<li>Rigurosidad.<\/li>\n<li>Orientaci\u00f3n a la consecuci\u00f3n de resultados.<\/li>\n<li>Responsabilidad y cumplimiento de los compromisos adquiridos.<\/li>\n<li>Flexibilidad para adaptarse a un entorno cambiante.<\/li>\n<li>Dotes relacionales para trabajar en equipo y con los departamentos usuarios potenciales de sus desarrollos.<\/li>\n<\/ul>\n<\/li>\n<\/ul>\n<\/li>\n<\/ul>\n<p>[\/vc_column_text]<div class=\"ult-spacer spacer-69dcdc0b4bd04\" data-id=\"69dcdc0b4bd04\" data-height=\"30\" data-height-mobile=\"30\" data-height-tab=\"30\" data-height-tab-portrait=\"\" data-height-mobile-landscape=\"\" style=\"clear:both;display:block;\"><\/div>[\/vc_column][\/vc_row]<\/p>\n<\/div>","protected":false},"excerpt":{"rendered":"<p>[vc_row][vc_column][\/vc_column][\/vc_row][vc_row][vc_column width=\u00bb1\/2&#8243;][\/vc_column][vc_column width=\u00bb1\/4&#8243;][\/vc_column][vc_column width=\u00bb1\/4&#8243;][\/vc_column][\/vc_row][vc_row][vc_column][vc_column_text]Estamos buscando ingeniero\/a de producto para la participaci\u00f3n en proyectos de desarrollo y suministro de sistemas de monitorizaci\u00f3n\/bancos de ensayo de alto valor a\u00f1adido. Las funciones principales<\/p>\n","protected":false},"author":2,"featured_media":0,"parent":17922,"menu_order":0,"comment_status":"closed","ping_status":"closed","template":"tmp-page-right-sidebar.php","meta":{"_acf_changed":false,"footnotes":""},"class_list":["post-19482","page","type-page","status-publish","hentry"],"acf":[],"yoast_head":"<!-- This site is optimized with the Yoast SEO plugin v27.3 - https:\/\/yoast.com\/product\/yoast-seo-wordpress\/ -->\n<title>Ingeniero de Test- Systems | CETEST<\/title>\n<meta name=\"robots\" content=\"index, follow, max-snippet:-1, max-image-preview:large, max-video-preview:-1\" \/>\n<link rel=\"canonical\" href=\"https:\/\/www.cetestgroup.com\/es\/ofertas-de-empleo\/ingeniero-test-systems\/\" \/>\n<meta property=\"og:locale\" content=\"es_ES\" \/>\n<meta property=\"og:type\" content=\"article\" \/>\n<meta property=\"og:title\" content=\"Ingeniero de Test- Systems | CETEST\" \/>\n<meta property=\"og:description\" content=\"[vc_row][vc_column][\/vc_column][\/vc_row][vc_row][vc_column width=\u00bb1\/2&#8243;][\/vc_column][vc_column width=\u00bb1\/4&#8243;][\/vc_column][vc_column width=\u00bb1\/4&#8243;][\/vc_column][\/vc_row][vc_row][vc_column][vc_column_text]Estamos buscando ingeniero\/a de producto para la participaci\u00f3n en proyectos de desarrollo y suministro de sistemas de monitorizaci\u00f3n\/bancos de ensayo de alto valor a\u00f1adido. Las funciones principales\" \/>\n<meta property=\"og:url\" content=\"https:\/\/www.cetestgroup.com\/es\/ofertas-de-empleo\/ingeniero-test-systems\/\" \/>\n<meta property=\"og:site_name\" content=\"CETEST\" \/>\n<meta property=\"article:modified_time\" content=\"2022-11-11T12:29:41+00:00\" \/>\n<meta name=\"twitter:card\" content=\"summary_large_image\" \/>\n<meta name=\"twitter:label1\" content=\"Tiempo de lectura\" \/>\n\t<meta name=\"twitter:data1\" content=\"4 minutos\" \/>\n<script type=\"application\/ld+json\" class=\"yoast-schema-graph\">{\"@context\":\"https:\\\/\\\/schema.org\",\"@graph\":[{\"@type\":\"WebPage\",\"@id\":\"https:\\\/\\\/www.cetestgroup.com\\\/es\\\/ofertas-de-empleo\\\/ingeniero-test-systems\\\/\",\"url\":\"https:\\\/\\\/www.cetestgroup.com\\\/es\\\/ofertas-de-empleo\\\/ingeniero-test-systems\\\/\",\"name\":\"Ingeniero de Test- Systems | CETEST\",\"isPartOf\":{\"@id\":\"https:\\\/\\\/www.cetestgroup.com\\\/es\\\/#website\"},\"datePublished\":\"2022-04-12T11:38:57+00:00\",\"dateModified\":\"2022-11-11T12:29:41+00:00\",\"breadcrumb\":{\"@id\":\"https:\\\/\\\/www.cetestgroup.com\\\/es\\\/ofertas-de-empleo\\\/ingeniero-test-systems\\\/#breadcrumb\"},\"inLanguage\":\"es\",\"potentialAction\":[{\"@type\":\"ReadAction\",\"target\":[\"https:\\\/\\\/www.cetestgroup.com\\\/es\\\/ofertas-de-empleo\\\/ingeniero-test-systems\\\/\"]}]},{\"@type\":\"BreadcrumbList\",\"@id\":\"https:\\\/\\\/www.cetestgroup.com\\\/es\\\/ofertas-de-empleo\\\/ingeniero-test-systems\\\/#breadcrumb\",\"itemListElement\":[{\"@type\":\"ListItem\",\"position\":1,\"name\":\"Home\",\"item\":\"https:\\\/\\\/www.cetestgroup.com\\\/es\\\/\"},{\"@type\":\"ListItem\",\"position\":2,\"name\":\"Ofertas de empleo\",\"item\":\"https:\\\/\\\/www.cetestgroup.com\\\/es\\\/ofertas-de-empleo\\\/\"},{\"@type\":\"ListItem\",\"position\":3,\"name\":\"Ingeniero de Test- Systems\"}]},{\"@type\":\"WebSite\",\"@id\":\"https:\\\/\\\/www.cetestgroup.com\\\/es\\\/#website\",\"url\":\"https:\\\/\\\/www.cetestgroup.com\\\/es\\\/\",\"name\":\"CETEST\",\"description\":\"CETEST is a fully accredited independent test laboratory offering services for design verification, model validation, developmental testing and\\\/or answers to help you identify failure root causes. We carry out tests in our facilities as well as on site as required by customer needs.\",\"potentialAction\":[{\"@type\":\"SearchAction\",\"target\":{\"@type\":\"EntryPoint\",\"urlTemplate\":\"https:\\\/\\\/www.cetestgroup.com\\\/es\\\/?s={search_term_string}\"},\"query-input\":{\"@type\":\"PropertyValueSpecification\",\"valueRequired\":true,\"valueName\":\"search_term_string\"}}],\"inLanguage\":\"es\"}]}<\/script>\n<!-- \/ Yoast SEO plugin. -->","yoast_head_json":{"title":"Ingeniero de Test- Systems | CETEST","robots":{"index":"index","follow":"follow","max-snippet":"max-snippet:-1","max-image-preview":"max-image-preview:large","max-video-preview":"max-video-preview:-1"},"canonical":"https:\/\/www.cetestgroup.com\/es\/ofertas-de-empleo\/ingeniero-test-systems\/","og_locale":"es_ES","og_type":"article","og_title":"Ingeniero de Test- Systems | CETEST","og_description":"[vc_row][vc_column][\/vc_column][\/vc_row][vc_row][vc_column width=\u00bb1\/2&#8243;][\/vc_column][vc_column width=\u00bb1\/4&#8243;][\/vc_column][vc_column width=\u00bb1\/4&#8243;][\/vc_column][\/vc_row][vc_row][vc_column][vc_column_text]Estamos buscando ingeniero\/a de producto para la participaci\u00f3n en proyectos de desarrollo y suministro de sistemas de monitorizaci\u00f3n\/bancos de ensayo de alto valor a\u00f1adido. Las funciones principales","og_url":"https:\/\/www.cetestgroup.com\/es\/ofertas-de-empleo\/ingeniero-test-systems\/","og_site_name":"CETEST","article_modified_time":"2022-11-11T12:29:41+00:00","twitter_card":"summary_large_image","twitter_misc":{"Tiempo de lectura":"4 minutos"},"schema":{"@context":"https:\/\/schema.org","@graph":[{"@type":"WebPage","@id":"https:\/\/www.cetestgroup.com\/es\/ofertas-de-empleo\/ingeniero-test-systems\/","url":"https:\/\/www.cetestgroup.com\/es\/ofertas-de-empleo\/ingeniero-test-systems\/","name":"Ingeniero de Test- Systems | CETEST","isPartOf":{"@id":"https:\/\/www.cetestgroup.com\/es\/#website"},"datePublished":"2022-04-12T11:38:57+00:00","dateModified":"2022-11-11T12:29:41+00:00","breadcrumb":{"@id":"https:\/\/www.cetestgroup.com\/es\/ofertas-de-empleo\/ingeniero-test-systems\/#breadcrumb"},"inLanguage":"es","potentialAction":[{"@type":"ReadAction","target":["https:\/\/www.cetestgroup.com\/es\/ofertas-de-empleo\/ingeniero-test-systems\/"]}]},{"@type":"BreadcrumbList","@id":"https:\/\/www.cetestgroup.com\/es\/ofertas-de-empleo\/ingeniero-test-systems\/#breadcrumb","itemListElement":[{"@type":"ListItem","position":1,"name":"Home","item":"https:\/\/www.cetestgroup.com\/es\/"},{"@type":"ListItem","position":2,"name":"Ofertas de empleo","item":"https:\/\/www.cetestgroup.com\/es\/ofertas-de-empleo\/"},{"@type":"ListItem","position":3,"name":"Ingeniero de Test- Systems"}]},{"@type":"WebSite","@id":"https:\/\/www.cetestgroup.com\/es\/#website","url":"https:\/\/www.cetestgroup.com\/es\/","name":"CETEST","description":"CETEST is a fully accredited independent test laboratory offering services for design verification, model validation, developmental testing and\/or answers to help you identify failure root causes. We carry out tests in our facilities as well as on site as required by customer needs.","potentialAction":[{"@type":"SearchAction","target":{"@type":"EntryPoint","urlTemplate":"https:\/\/www.cetestgroup.com\/es\/?s={search_term_string}"},"query-input":{"@type":"PropertyValueSpecification","valueRequired":true,"valueName":"search_term_string"}}],"inLanguage":"es"}]}},"_links":{"self":[{"href":"https:\/\/www.cetestgroup.com\/es\/wp-json\/wp\/v2\/pages\/19482","targetHints":{"allow":["GET"]}}],"collection":[{"href":"https:\/\/www.cetestgroup.com\/es\/wp-json\/wp\/v2\/pages"}],"about":[{"href":"https:\/\/www.cetestgroup.com\/es\/wp-json\/wp\/v2\/types\/page"}],"author":[{"embeddable":true,"href":"https:\/\/www.cetestgroup.com\/es\/wp-json\/wp\/v2\/users\/2"}],"replies":[{"embeddable":true,"href":"https:\/\/www.cetestgroup.com\/es\/wp-json\/wp\/v2\/comments?post=19482"}],"version-history":[{"count":2,"href":"https:\/\/www.cetestgroup.com\/es\/wp-json\/wp\/v2\/pages\/19482\/revisions"}],"predecessor-version":[{"id":19655,"href":"https:\/\/www.cetestgroup.com\/es\/wp-json\/wp\/v2\/pages\/19482\/revisions\/19655"}],"up":[{"embeddable":true,"href":"https:\/\/www.cetestgroup.com\/es\/wp-json\/wp\/v2\/pages\/17922"}],"wp:attachment":[{"href":"https:\/\/www.cetestgroup.com\/es\/wp-json\/wp\/v2\/media?parent=19482"}],"curies":[{"name":"wp","href":"https:\/\/api.w.org\/{rel}","templated":true}]}}