{"id":19467,"date":"2022-04-12T08:06:55","date_gmt":"2022-04-12T07:06:55","guid":{"rendered":"https:\/\/www.cetestgroup.com\/?page_id=19467"},"modified":"2025-03-04T14:46:48","modified_gmt":"2025-03-04T14:46:48","slug":"ingeniero-virtual-testing","status":"publish","type":"page","link":"https:\/\/www.cetestgroup.com\/es\/ofertas-de-empleo\/ingeniero-virtual-testing\/","title":{"rendered":"Ingeniero Virtual Testing"},"content":{"rendered":"<div class=\"wpb-content-wrapper\"><p>[vc_row][vc_column]<div class=\"ult-spacer spacer-69dcca2d7095b\" data-id=\"69dcca2d7095b\" data-height=\"80\" data-height-mobile=\"30\" data-height-tab=\"50\" data-height-tab-portrait=\"\" data-height-mobile-landscape=\"\" style=\"clear:both;display:block;\"><\/div>[\/vc_column][\/vc_row][vc_row][vc_column width=\u00bb1\/2&#8243;]<div class=\"dfd-heading-shortcode\"><div class=\"dfd-heading-module-wrap  text-left style_01 dfd-heading-69dcca2d70a51 dfd-disable-resposive-headings\" id=\"dfd-heading-69dcca2d70a51\" ><div class=\"inline-block\"><div class=\"dfd-heading-module\"><h6 class=\"widget-title dfd-title \" style=\"font-family:PT Sans Narrow; font-weight:400; font-style:normal; font-size: 18px; color: #25bdd5 !important; line-height: 22px; \">Poste<\/h6><h5 class=\"widget-sub-title dfd-sub-title \" style=\"font-family:PT Sans; font-weight:400; font-style:normal; font-size: 20px; line-height: 25px; \">Ingeniero Virtual Testing<\/h5><\/div><\/div><\/div><script type=\"text\/javascript\">\r\n\t\t\t\t\t\t\t\t\t(function($) {\r\n\t\t\t\t\t\t\t\t\t\t$(\"head\").append(\"<style>.dfd-heading-69dcca2d70a51.dfd-heading-module-wrap .dfd-heading-module .dfd-heading-delimiter {margin-top:10px;margin-bottom:10px;}<\/style>\");\r\n\t\t\t\t\t\t\t\t\t})(jQuery);\r\n\t\t\t\t\t\t\t\t<\/script><\/div>[\/vc_column][vc_column width=\u00bb1\/4&#8243;]<div class=\"dfd-heading-shortcode\"><div class=\"dfd-heading-module-wrap  text-center style_01 dfd-heading-69dcca2d70c3c dfd-disable-resposive-headings\" id=\"dfd-heading-69dcca2d70c3c\" ><div class=\"inline-block\"><div class=\"dfd-heading-module\"><h6 class=\"widget-title dfd-title \" style=\"font-family:PT Sans Narrow; font-weight:400; font-style:normal; font-size: 18px; color: #25bdd5 !important; line-height: 22px; \">Ref.<\/p>\n<p><\/h6><h5 class=\"widget-sub-title dfd-sub-title \" style=\"font-family:PT Sans; font-weight:400; font-style:normal; font-size: 20px; line-height: 25px; \">250302<\/h5><\/div><\/div><\/div><script type=\"text\/javascript\">\r\n\t\t\t\t\t\t\t\t\t(function($) {\r\n\t\t\t\t\t\t\t\t\t\t$(\"head\").append(\"<style>.dfd-heading-69dcca2d70c3c.dfd-heading-module-wrap .dfd-heading-module .dfd-heading-delimiter {margin-top:10px;margin-bottom:10px;}<\/style>\");\r\n\t\t\t\t\t\t\t\t\t})(jQuery);\r\n\t\t\t\t\t\t\t\t<\/script><\/div>[\/vc_column][vc_column width=\u00bb1\/4&#8243;]<div class=\"dfd-heading-shortcode\"><div class=\"dfd-heading-module-wrap  text-center style_01 dfd-heading-69dcca2d70dc7 dfd-disable-resposive-headings\" id=\"dfd-heading-69dcca2d70dc7\" ><div class=\"inline-block\"><div class=\"dfd-heading-module\"><h6 class=\"widget-title dfd-title \" style=\"font-family:PT Sans Narrow; font-weight:400; font-style:normal; font-size: 18px; color: #25bdd5 !important; line-height: 22px; \">Int\u00e9gration<\/p>\n<p><\/h6><h5 class=\"widget-sub-title dfd-sub-title \" style=\"font-family:PT Sans; font-weight:400; font-style:normal; font-size: 20px; line-height: 25px; \">A convenir<\/h5><\/div><\/div><\/div><script type=\"text\/javascript\">\r\n\t\t\t\t\t\t\t\t\t(function($) {\r\n\t\t\t\t\t\t\t\t\t\t$(\"head\").append(\"<style>.dfd-heading-69dcca2d70dc7.dfd-heading-module-wrap .dfd-heading-module .dfd-heading-delimiter {margin-top:10px;margin-bottom:10px;}<\/style>\");\r\n\t\t\t\t\t\t\t\t\t})(jQuery);\r\n\t\t\t\t\t\t\t\t<\/script><\/div>[\/vc_column][vc_column]<div class=\"ult-spacer spacer-69dcca2d70eec\" data-id=\"69dcca2d70eec\" data-height=\"30\" data-height-mobile=\"0\" data-height-tab=\"20\" data-height-tab-portrait=\"\" data-height-mobile-landscape=\"\" style=\"clear:both;display:block;\"><\/div>[vc_column_text css=\u00bb\u00bb]\u00bfTe gusta entender c\u00f3mo funciona el mundo f\u00edsico? \u00bfTe gustan las simulaciones? \u00bfTe gustar\u00eda desarrollar gemelos digitales de entornos ferroviarios? Si es as\u00ed, \u00a1este es tu sitio![\/vc_column_text]<div class=\"ult-spacer spacer-69dcca2d70f52\" data-id=\"69dcca2d70f52\" data-height=\"30\" data-height-mobile=\"10\" data-height-tab=\"20\" data-height-tab-portrait=\"\" data-height-mobile-landscape=\"\" style=\"clear:both;display:block;\"><\/div><div class=\"dfd-heading-shortcode\"><div class=\"dfd-heading-module-wrap  text-left style_01 dfd-heading-69dcca2d70fef dfd-disable-resposive-headings\" id=\"dfd-heading-69dcca2d70fef\" ><div class=\"inline-block\"><div class=\"dfd-heading-module\"><h6 class=\"widget-title dfd-title \" style=\"font-family:PT Sans Narrow; font-weight:400; font-style:normal; font-size: 25px; color: #25bdd5 !important; line-height: 30px; \">Quienes somos<\/h6><\/div><\/div><\/div><script type=\"text\/javascript\">\r\n\t\t\t\t\t\t\t\t\t(function($) {\r\n\t\t\t\t\t\t\t\t\t\t$(\"head\").append(\"<style>.dfd-heading-69dcca2d70fef.dfd-heading-module-wrap .dfd-heading-module .dfd-heading-delimiter {margin-top:10px;margin-bottom:10px;}<\/style>\");\r\n\t\t\t\t\t\t\t\t\t})(jQuery);\r\n\t\t\t\t\t\t\t\t<\/script><\/div>[vc_column_text css=\u00bb\u00bb]CETEST es un <em>laboratorio de ensayos acreditado<\/em> que forma parte del Grupo CAF, uno de los l\u00edderes internacionales en el dise\u00f1o e implantaci\u00f3n de sistemas integrales de <em>movilidad<\/em> sostenible.[\/vc_column_text]<div class=\"ult-spacer spacer-69dcca2d710dc\" data-id=\"69dcca2d710dc\" data-height=\"30\" data-height-mobile=\"10\" data-height-tab=\"20\" data-height-tab-portrait=\"\" data-height-mobile-landscape=\"\" style=\"clear:both;display:block;\"><\/div><div class=\"dfd-heading-shortcode\"><div class=\"dfd-heading-module-wrap  text-left style_01 dfd-heading-69dcca2d7117c dfd-disable-resposive-headings\" id=\"dfd-heading-69dcca2d7117c\" ><div class=\"inline-block\"><div class=\"dfd-heading-module\"><h6 class=\"widget-title dfd-title \" style=\"font-family:PT Sans Narrow; font-weight:400; font-style:normal; font-size: 25px; color: #25bdd5 !important; line-height: 30px; \">Qu\u00e9 ofrecemos<\/h6><\/div><\/div><\/div><script type=\"text\/javascript\">\r\n\t\t\t\t\t\t\t\t\t(function($) {\r\n\t\t\t\t\t\t\t\t\t\t$(\"head\").append(\"<style>.dfd-heading-69dcca2d7117c.dfd-heading-module-wrap .dfd-heading-module .dfd-heading-delimiter {margin-top:10px;margin-bottom:10px;}<\/style>\");\r\n\t\t\t\t\t\t\t\t\t})(jQuery);\r\n\t\t\t\t\t\t\t\t<\/script><\/div>[vc_column_text css=\u00bb\u00bb]Ofrecemos incorporaci\u00f3n a equipo altamente cualificado y en continuo desarrollo, que te permitir\u00e1 seguir creciendo en el marco de un ambicioso proyecto de servicios y nuevos desarrollos de \u00e1mbito internacional y con alto componente tecnol\u00f3gico.[\/vc_column_text]<div class=\"ult-spacer spacer-69dcca2d71261\" data-id=\"69dcca2d71261\" data-height=\"30\" data-height-mobile=\"10\" data-height-tab=\"30\" data-height-tab-portrait=\"\" data-height-mobile-landscape=\"\" style=\"clear:both;display:block;\"><\/div><div class=\"dfd-heading-shortcode\"><div class=\"dfd-heading-module-wrap  text-left style_01 dfd-heading-69dcca2d71318 dfd-disable-resposive-headings\" id=\"dfd-heading-69dcca2d71318\" ><div class=\"inline-block\"><div class=\"dfd-heading-module\"><h6 class=\"widget-title dfd-title \" style=\"font-family:PT Sans Narrow; font-weight:400; font-style:normal; font-size: 25px; color: #25bdd5 !important; line-height: 30px; \">Qu\u00e9 buscamos<\/h6><\/div><\/div><\/div><script type=\"text\/javascript\">\r\n\t\t\t\t\t\t\t\t\t(function($) {\r\n\t\t\t\t\t\t\t\t\t\t$(\"head\").append(\"<style>.dfd-heading-69dcca2d71318.dfd-heading-module-wrap .dfd-heading-module .dfd-heading-delimiter {margin-top:10px;margin-bottom:10px;}<\/style>\");\r\n\t\t\t\t\t\t\t\t\t})(jQuery);\r\n\t\t\t\t\t\t\t\t<\/script><\/div>[vc_column_text css=\u00bb\u00bb]Buscamos personas que refuercen nuestro equipo y que cuenten con:<\/p>\n<ul>\n<li>Grado o M\u00e1ster en <strong>Ingenier\u00eda<\/strong><\/li>\n<li>Muchas <strong>ganas de aprender<\/strong> en un <strong>entorno internacional e intercultural<\/strong><\/li>\n<li><strong>Inquietud t\u00e9cnica<\/strong>\n<ul>\n<li><strong>LabVIEW<\/strong><\/li>\n<li><strong>Matlab\/Simulink<\/strong><\/li>\n<li><strong>Arquitecturas (HW y SW) para validaci\u00f3n<\/strong><\/li>\n<li><strong>Electr\u00f3nica industrial<\/strong><\/li>\n<li><strong>Sistemas ferroviarios<\/strong><\/li>\n<li><strong>Desarrollo SW con C\/C++<\/strong><\/li>\n<li><strong>Conocimiento avanzado en al menos alguna de las siguientes competencias:<\/strong><\/li>\n<\/ul>\n<\/li>\n<li>Buen nivel de <strong>ingl\u00e9s<\/strong> y tantos idiomas puedan aportar<\/li>\n<\/ul>\n<p><em><strong>\u00bfTe interesa? \u00a1Ven y con\u00f3cenos!<\/strong><\/em>[\/vc_column_text]<div class=\"ult-spacer spacer-69dcca2d71404\" data-id=\"69dcca2d71404\" data-height=\"30\" data-height-mobile=\"10\" data-height-tab=\"30\" data-height-tab-portrait=\"\" data-height-mobile-landscape=\"\" style=\"clear:both;display:block;\"><\/div>[\/vc_column][\/vc_row]<\/p>\n<\/div>","protected":false},"excerpt":{"rendered":"<p>[vc_row][vc_column][\/vc_column][\/vc_row][vc_row][vc_column width=\u00bb1\/2&#8243;][\/vc_column][vc_column width=\u00bb1\/4&#8243;][\/vc_column][vc_column width=\u00bb1\/4&#8243;][\/vc_column][vc_column][vc_column_text css=\u00bb\u00bb]\u00bfTe gusta entender c\u00f3mo funciona el mundo f\u00edsico? \u00bfTe gustan las simulaciones? \u00bfTe gustar\u00eda desarrollar gemelos digitales de entornos ferroviarios? Si es as\u00ed, \u00a1este es tu<\/p>\n","protected":false},"author":2,"featured_media":0,"parent":17922,"menu_order":0,"comment_status":"closed","ping_status":"closed","template":"tmp-page-right-sidebar.php","meta":{"_acf_changed":false,"footnotes":""},"class_list":["post-19467","page","type-page","status-publish","hentry"],"acf":[],"yoast_head":"<!-- This site is optimized with the Yoast SEO plugin v27.3 - https:\/\/yoast.com\/product\/yoast-seo-wordpress\/ -->\n<title>Ingeniero Virtual Testing | CETEST<\/title>\n<meta name=\"robots\" content=\"index, follow, max-snippet:-1, max-image-preview:large, max-video-preview:-1\" \/>\n<link rel=\"canonical\" href=\"https:\/\/www.cetestgroup.com\/es\/ofertas-de-empleo\/ingeniero-virtual-testing\/\" \/>\n<meta property=\"og:locale\" content=\"es_ES\" \/>\n<meta property=\"og:type\" content=\"article\" \/>\n<meta property=\"og:title\" content=\"Ingeniero Virtual Testing | CETEST\" \/>\n<meta property=\"og:description\" content=\"[vc_row][vc_column][\/vc_column][\/vc_row][vc_row][vc_column width=\u00bb1\/2&#8243;][\/vc_column][vc_column width=\u00bb1\/4&#8243;][\/vc_column][vc_column width=\u00bb1\/4&#8243;][\/vc_column][vc_column][vc_column_text css=\u00bb\u00bb]\u00bfTe gusta entender c\u00f3mo funciona el mundo f\u00edsico? \u00bfTe gustan las simulaciones? \u00bfTe gustar\u00eda desarrollar gemelos digitales de entornos ferroviarios? Si es as\u00ed, \u00a1este es tu\" \/>\n<meta property=\"og:url\" content=\"https:\/\/www.cetestgroup.com\/es\/ofertas-de-empleo\/ingeniero-virtual-testing\/\" \/>\n<meta property=\"og:site_name\" content=\"CETEST\" \/>\n<meta property=\"article:modified_time\" content=\"2025-03-04T14:46:48+00:00\" \/>\n<meta name=\"twitter:card\" content=\"summary_large_image\" \/>\n<meta name=\"twitter:label1\" content=\"Tiempo de lectura\" \/>\n\t<meta name=\"twitter:data1\" content=\"2 minutos\" \/>\n<script type=\"application\/ld+json\" class=\"yoast-schema-graph\">{\"@context\":\"https:\\\/\\\/schema.org\",\"@graph\":[{\"@type\":\"WebPage\",\"@id\":\"https:\\\/\\\/www.cetestgroup.com\\\/es\\\/ofertas-de-empleo\\\/ingeniero-virtual-testing\\\/\",\"url\":\"https:\\\/\\\/www.cetestgroup.com\\\/es\\\/ofertas-de-empleo\\\/ingeniero-virtual-testing\\\/\",\"name\":\"Ingeniero Virtual Testing | CETEST\",\"isPartOf\":{\"@id\":\"https:\\\/\\\/www.cetestgroup.com\\\/es\\\/#website\"},\"datePublished\":\"2022-04-12T07:06:55+00:00\",\"dateModified\":\"2025-03-04T14:46:48+00:00\",\"breadcrumb\":{\"@id\":\"https:\\\/\\\/www.cetestgroup.com\\\/es\\\/ofertas-de-empleo\\\/ingeniero-virtual-testing\\\/#breadcrumb\"},\"inLanguage\":\"es\",\"potentialAction\":[{\"@type\":\"ReadAction\",\"target\":[\"https:\\\/\\\/www.cetestgroup.com\\\/es\\\/ofertas-de-empleo\\\/ingeniero-virtual-testing\\\/\"]}]},{\"@type\":\"BreadcrumbList\",\"@id\":\"https:\\\/\\\/www.cetestgroup.com\\\/es\\\/ofertas-de-empleo\\\/ingeniero-virtual-testing\\\/#breadcrumb\",\"itemListElement\":[{\"@type\":\"ListItem\",\"position\":1,\"name\":\"Home\",\"item\":\"https:\\\/\\\/www.cetestgroup.com\\\/es\\\/\"},{\"@type\":\"ListItem\",\"position\":2,\"name\":\"Ofertas de empleo\",\"item\":\"https:\\\/\\\/www.cetestgroup.com\\\/es\\\/ofertas-de-empleo\\\/\"},{\"@type\":\"ListItem\",\"position\":3,\"name\":\"Ingeniero Virtual Testing\"}]},{\"@type\":\"WebSite\",\"@id\":\"https:\\\/\\\/www.cetestgroup.com\\\/es\\\/#website\",\"url\":\"https:\\\/\\\/www.cetestgroup.com\\\/es\\\/\",\"name\":\"CETEST\",\"description\":\"CETEST is a fully accredited independent test laboratory offering services for design verification, model validation, developmental testing and\\\/or answers to help you identify failure root causes. We carry out tests in our facilities as well as on site as required by customer needs.\",\"potentialAction\":[{\"@type\":\"SearchAction\",\"target\":{\"@type\":\"EntryPoint\",\"urlTemplate\":\"https:\\\/\\\/www.cetestgroup.com\\\/es\\\/?s={search_term_string}\"},\"query-input\":{\"@type\":\"PropertyValueSpecification\",\"valueRequired\":true,\"valueName\":\"search_term_string\"}}],\"inLanguage\":\"es\"}]}<\/script>\n<!-- \/ Yoast SEO plugin. -->","yoast_head_json":{"title":"Ingeniero Virtual Testing | CETEST","robots":{"index":"index","follow":"follow","max-snippet":"max-snippet:-1","max-image-preview":"max-image-preview:large","max-video-preview":"max-video-preview:-1"},"canonical":"https:\/\/www.cetestgroup.com\/es\/ofertas-de-empleo\/ingeniero-virtual-testing\/","og_locale":"es_ES","og_type":"article","og_title":"Ingeniero Virtual Testing | CETEST","og_description":"[vc_row][vc_column][\/vc_column][\/vc_row][vc_row][vc_column width=\u00bb1\/2&#8243;][\/vc_column][vc_column width=\u00bb1\/4&#8243;][\/vc_column][vc_column width=\u00bb1\/4&#8243;][\/vc_column][vc_column][vc_column_text css=\u00bb\u00bb]\u00bfTe gusta entender c\u00f3mo funciona el mundo f\u00edsico? \u00bfTe gustan las simulaciones? \u00bfTe gustar\u00eda desarrollar gemelos digitales de entornos ferroviarios? Si es as\u00ed, \u00a1este es tu","og_url":"https:\/\/www.cetestgroup.com\/es\/ofertas-de-empleo\/ingeniero-virtual-testing\/","og_site_name":"CETEST","article_modified_time":"2025-03-04T14:46:48+00:00","twitter_card":"summary_large_image","twitter_misc":{"Tiempo de lectura":"2 minutos"},"schema":{"@context":"https:\/\/schema.org","@graph":[{"@type":"WebPage","@id":"https:\/\/www.cetestgroup.com\/es\/ofertas-de-empleo\/ingeniero-virtual-testing\/","url":"https:\/\/www.cetestgroup.com\/es\/ofertas-de-empleo\/ingeniero-virtual-testing\/","name":"Ingeniero Virtual Testing | CETEST","isPartOf":{"@id":"https:\/\/www.cetestgroup.com\/es\/#website"},"datePublished":"2022-04-12T07:06:55+00:00","dateModified":"2025-03-04T14:46:48+00:00","breadcrumb":{"@id":"https:\/\/www.cetestgroup.com\/es\/ofertas-de-empleo\/ingeniero-virtual-testing\/#breadcrumb"},"inLanguage":"es","potentialAction":[{"@type":"ReadAction","target":["https:\/\/www.cetestgroup.com\/es\/ofertas-de-empleo\/ingeniero-virtual-testing\/"]}]},{"@type":"BreadcrumbList","@id":"https:\/\/www.cetestgroup.com\/es\/ofertas-de-empleo\/ingeniero-virtual-testing\/#breadcrumb","itemListElement":[{"@type":"ListItem","position":1,"name":"Home","item":"https:\/\/www.cetestgroup.com\/es\/"},{"@type":"ListItem","position":2,"name":"Ofertas de empleo","item":"https:\/\/www.cetestgroup.com\/es\/ofertas-de-empleo\/"},{"@type":"ListItem","position":3,"name":"Ingeniero Virtual Testing"}]},{"@type":"WebSite","@id":"https:\/\/www.cetestgroup.com\/es\/#website","url":"https:\/\/www.cetestgroup.com\/es\/","name":"CETEST","description":"CETEST is a fully accredited independent test laboratory offering services for design verification, model validation, developmental testing and\/or answers to help you identify failure root causes. We carry out tests in our facilities as well as on site as required by customer needs.","potentialAction":[{"@type":"SearchAction","target":{"@type":"EntryPoint","urlTemplate":"https:\/\/www.cetestgroup.com\/es\/?s={search_term_string}"},"query-input":{"@type":"PropertyValueSpecification","valueRequired":true,"valueName":"search_term_string"}}],"inLanguage":"es"}]}},"_links":{"self":[{"href":"https:\/\/www.cetestgroup.com\/es\/wp-json\/wp\/v2\/pages\/19467","targetHints":{"allow":["GET"]}}],"collection":[{"href":"https:\/\/www.cetestgroup.com\/es\/wp-json\/wp\/v2\/pages"}],"about":[{"href":"https:\/\/www.cetestgroup.com\/es\/wp-json\/wp\/v2\/types\/page"}],"author":[{"embeddable":true,"href":"https:\/\/www.cetestgroup.com\/es\/wp-json\/wp\/v2\/users\/2"}],"replies":[{"embeddable":true,"href":"https:\/\/www.cetestgroup.com\/es\/wp-json\/wp\/v2\/comments?post=19467"}],"version-history":[{"count":2,"href":"https:\/\/www.cetestgroup.com\/es\/wp-json\/wp\/v2\/pages\/19467\/revisions"}],"predecessor-version":[{"id":20180,"href":"https:\/\/www.cetestgroup.com\/es\/wp-json\/wp\/v2\/pages\/19467\/revisions\/20180"}],"up":[{"embeddable":true,"href":"https:\/\/www.cetestgroup.com\/es\/wp-json\/wp\/v2\/pages\/17922"}],"wp:attachment":[{"href":"https:\/\/www.cetestgroup.com\/es\/wp-json\/wp\/v2\/media?parent=19467"}],"curies":[{"name":"wp","href":"https:\/\/api.w.org\/{rel}","templated":true}]}}