{"id":19069,"date":"2019-01-18T11:52:52","date_gmt":"2019-01-18T11:52:52","guid":{"rendered":"https:\/\/www.cetestgroup.com\/?page_id=19069"},"modified":"2025-02-21T10:28:35","modified_gmt":"2025-02-21T10:28:35","slug":"politica-de-cookies","status":"publish","type":"page","link":"https:\/\/www.cetestgroup.com\/es\/politica-de-cookies\/","title":{"rendered":"Pol\u00edtica de Cookies"},"content":{"rendered":"<div class=\"wpb-content-wrapper\"><p>[vc_row][vc_column]<div class=\"dfd-heading-shortcode\"><div class=\"dfd-heading-module-wrap  text-left style_01 dfd-heading-69df4d9821300 dfd-disable-resposive-headings\" id=\"dfd-heading-69df4d9821300\" ><div class=\"inline-block\"><div class=\"dfd-heading-module\"><h3 class=\"widget-title dfd-title \" style=\"font-size: 25px; color: #25bdd5 !important; line-height: 25px; \">Pol\u00edtica de Cookies<\/h3><div class=\"dfd-heading-delimiter\"><\/div><\/div><\/div><\/div><script type=\"text\/javascript\">\r\n\t\t\t\t\t\t\t\t\t(function($) {\r\n\t\t\t\t\t\t\t\t\t\t$(\"head\").append(\"<style>.dfd-heading-69df4d9821300.dfd-heading-module-wrap .dfd-heading-module .dfd-heading-delimiter {border-bottom-style:solid;border-bottom-width:1px;width:100px;border-bottom-color:#dddddd;}.dfd-heading-69df4d9821300.dfd-heading-module-wrap .dfd-heading-module .dfd-heading-delimiter {margin-top:20px;margin-bottom:20px;}<\/style>\");\r\n\t\t\t\t\t\t\t\t\t})(jQuery);\r\n\t\t\t\t\t\t\t\t<\/script><\/div><div class=\"dfd-heading-shortcode\"><div class=\"dfd-heading-module-wrap  text-left style_01 dfd-heading-69df4d9821458 dfd-disable-resposive-headings\" id=\"dfd-heading-69df4d9821458\" ><div class=\"inline-block\"><div class=\"dfd-heading-module\"><h4 class=\"widget-title dfd-title \" style=\"font-size: 20px; color: #28262b !important; line-height: 20px; \">\u00bfQu\u00e9 son las cookies?<\/h4><\/div><\/div><\/div><script type=\"text\/javascript\">\r\n\t\t\t\t\t\t\t\t\t(function($) {\r\n\t\t\t\t\t\t\t\t\t\t$(\"head\").append(\"<style>.dfd-heading-69df4d9821458.dfd-heading-module-wrap .dfd-heading-module .dfd-heading-delimiter {margin-top:10px;margin-bottom:10px;}<\/style>\");\r\n\t\t\t\t\t\t\t\t\t})(jQuery);\r\n\t\t\t\t\t\t\t\t<\/script><\/div><div class=\"ult-spacer spacer-69df4d982151b\" data-id=\"69df4d982151b\" data-height=\"10\" data-height-mobile=\"0\" data-height-tab=\"10\" data-height-tab-portrait=\"\" data-height-mobile-landscape=\"\" style=\"clear:both;display:block;\"><\/div>[vc_column_text css=\u00bb\u00bb]Las cookies son peque\u00f1os archivos o dispositivos de uso generalizado que se instalan en el navegador del usuario con la finalidad de almacenar, recuperar o actualizar datos. Permiten al responsable de un sitio web conocer las preferencias de los usuarios al navegar por su sitio web y personalizar los servicios ofrecidos en base a esas preferencias.<br \/>\nEn CETEST utilizamos cookies propias y de terceros que nos permiten realizar an\u00e1lisis de uso y medici\u00f3n para asegurarnos que nuestros sitios web funcionan correctamente y poder mejorar nuestros servicios.<br \/>\nLas cookies de terceros que se emplean para obtener informaci\u00f3n de las visitas, medir y analizar la navegaci\u00f3n por la web y personalizar algunos servicios, son propiedad de Google Analytics, Google, Google Maps y Youtube. CAF como Google Analytics, Google, Google Maps y Youtube, tienen acceso a los datos recopilados por los dispositivos, propiedad de estas \u00faltimas.[\/vc_column_text]<div class=\"ult-spacer spacer-69df4d9821572\" data-id=\"69df4d9821572\" data-height=\"40\" data-height-mobile=\"20\" data-height-tab=\"30\" data-height-tab-portrait=\"\" data-height-mobile-landscape=\"\" style=\"clear:both;display:block;\"><\/div><div class=\"dfd-heading-shortcode\"><div class=\"dfd-heading-module-wrap  text-left style_01 dfd-heading-69df4d982162c dfd-disable-resposive-headings\" id=\"dfd-heading-69df4d982162c\" ><div class=\"inline-block\"><div class=\"dfd-heading-module\"><h4 class=\"widget-title dfd-title \" style=\"font-size: 20px; color: #28262b !important; line-height: 20px; \">Tipos de cookies<\/h4><\/div><\/div><\/div><script type=\"text\/javascript\">\r\n\t\t\t\t\t\t\t\t\t(function($) {\r\n\t\t\t\t\t\t\t\t\t\t$(\"head\").append(\"<style>.dfd-heading-69df4d982162c.dfd-heading-module-wrap .dfd-heading-module .dfd-heading-delimiter {margin-top:10px;margin-bottom:10px;}<\/style>\");\r\n\t\t\t\t\t\t\t\t\t})(jQuery);\r\n\t\t\t\t\t\t\t\t<\/script><\/div><div class=\"ult-spacer spacer-69df4d98216e8\" data-id=\"69df4d98216e8\" data-height=\"10\" data-height-mobile=\"0\" data-height-tab=\"10\" data-height-tab-portrait=\"\" data-height-mobile-landscape=\"\" style=\"clear:both;display:block;\"><\/div>[vc_column_text css=\u00bb\u00bb]En funci\u00f3n de su finalidad, las cookies pueden ser:<\/p>\n<ul>\n<li>Cookies t\u00e9cnicas: son necesarias para la navegaci\u00f3n. Sin ellas la p\u00e1gina no funcionar\u00eda adecuadamente (cookies del \u201centrada del usuario\u201d para cestas de compra online, de sesi\u00f3n del reproductor multimedia, etc.).<\/li>\n<li>Cookies de personalizaci\u00f3n o configuraci\u00f3n: permiten que la p\u00e1gina reconozca el idioma del usuario, el tama\u00f1o de letra, etc.<\/li>\n<li>Cookies de seguridad: impiden o dificultan ataques contra el sitio web o a sus usuarios.<\/li>\n<li>Cookies de an\u00e1lisis: permiten medir la actividad de los usuarios y elaborar estad\u00edsticas de navegaci\u00f3n.<\/li>\n<li>Cookies publicitarias: gestionan la frecuencia y el contenido de los anuncios.<\/li>\n<li>Cookies de publicidad comportamental: almacenan informaci\u00f3n sobre los usuarios para mostrarles publicidad personalizada.<\/li>\n<\/ul>\n<p>[\/vc_column_text]<div class=\"ult-spacer spacer-69df4d9821736\" data-id=\"69df4d9821736\" data-height=\"40\" data-height-mobile=\"20\" data-height-tab=\"30\" data-height-tab-portrait=\"\" data-height-mobile-landscape=\"\" style=\"clear:both;display:block;\"><\/div><div class=\"dfd-heading-shortcode\"><div class=\"dfd-heading-module-wrap  text-left style_01 dfd-heading-69df4d98217cd dfd-disable-resposive-headings\" id=\"dfd-heading-69df4d98217cd\" ><div class=\"inline-block\"><div class=\"dfd-heading-module\"><h4 class=\"widget-title dfd-title \" style=\"font-size: 20px; color: #28262b !important; line-height: 20px; \">\u00bfQu\u00e9 cookies utiliza este sitio?<\/h4><\/div><\/div><\/div><script type=\"text\/javascript\">\r\n\t\t\t\t\t\t\t\t\t(function($) {\r\n\t\t\t\t\t\t\t\t\t\t$(\"head\").append(\"<style>.dfd-heading-69df4d98217cd.dfd-heading-module-wrap .dfd-heading-module .dfd-heading-delimiter {margin-top:10px;margin-bottom:10px;}<\/style>\");\r\n\t\t\t\t\t\t\t\t\t})(jQuery);\r\n\t\t\t\t\t\t\t\t<\/script><\/div><div class=\"dfd-heading-shortcode\"><div class=\"dfd-heading-module-wrap  text-left style_01 dfd-heading-69df4d98218d2 dfd-disable-resposive-headings\" id=\"dfd-heading-69df4d98218d2\" ><div class=\"inline-block\"><div class=\"dfd-heading-module\"><h4 class=\"widget-title dfd-title \" style=\"font-size: 20px; color: #28262b !important; line-height: 20px; \"><span style=\"color: #808080;\">Categor\u00eda: <strong>Necesarias \/ T\u00e9cnicas<\/strong><\/span><\/h4><\/div><\/div><\/div><script type=\"text\/javascript\">\r\n\t\t\t\t\t\t\t\t\t(function($) {\r\n\t\t\t\t\t\t\t\t\t\t$(\"head\").append(\"<style>.dfd-heading-69df4d98218d2.dfd-heading-module-wrap .dfd-heading-module .dfd-heading-delimiter {margin-top:10px;margin-bottom:10px;}<\/style>\");\r\n\t\t\t\t\t\t\t\t\t})(jQuery);\r\n\t\t\t\t\t\t\t\t<\/script><\/div>[vc_column_text css=\u00bb\u00bb]<\/p>\n<table width=\"100%\">\n<tbody>\n<tr>\n<th>Nombre<\/th>\n<th>Proveedor<\/th>\n<th>Prop\u00f3sito<\/th>\n<th>Caducidad<\/th>\n<\/tr>\n<tr>\n<td><strong>_GRECAPTCHA<\/strong><\/td>\n<td><a href=\"https:\/\/policies.google.com\/privacy\" target=\"_blank\" rel=\"noopener\">Google<\/a><\/td>\n<td>Utilizada para distribuir el tr\u00e1fico al sitio web en varios servidores para optimizar los tiempos de respuesta.<\/td>\n<td>6 meses<\/td>\n<\/tr>\n<tr>\n<td><strong>PHPSESSID<\/strong><\/td>\n<td>cetestgroup.com<\/td>\n<td>Esta cookie sirve como marca de identificaci\u00f3n de la duraci\u00f3n de su visita a nuestras p\u00e1ginas web.<\/td>\n<td>Session<\/td>\n<\/tr>\n<tr>\n<td><strong>CONSENT<\/strong><\/td>\n<td><a href=\"https:\/\/policies.google.com\/privacy\" target=\"_blank\" rel=\"noopener\">Google<\/a><\/td>\n<td>Funci\u00f3n de aceptaci\u00f3n de cookies en sitios web.<\/td>\n<td>20 a\u00f1os<\/td>\n<\/tr>\n<tr>\n<td><strong>moove_gdpr_popup<\/strong><\/td>\n<td><a href=\"https:\/\/www.mooveagency.com\/wordpress-plugins\/gdpr-cookie-compliance\/\" target=\"_blank\" rel=\"noopener\">Moove Agency<\/a><\/td>\n<td>Destinadas a guardar las preferencias sobre el uso de las cookies.<\/td>\n<td>1 a\u00f1o<\/td>\n<\/tr>\n<\/tbody>\n<\/table>\n<p>[\/vc_column_text]<div class=\"ult-spacer spacer-69df4d982199c\" data-id=\"69df4d982199c\" data-height=\"40\" data-height-mobile=\"20\" data-height-tab=\"30\" data-height-tab-portrait=\"\" data-height-mobile-landscape=\"\" style=\"clear:both;display:block;\"><\/div><div class=\"dfd-heading-shortcode\"><div class=\"dfd-heading-module-wrap  text-left style_01 dfd-heading-69df4d9821a3b dfd-disable-resposive-headings\" id=\"dfd-heading-69df4d9821a3b\" ><div class=\"inline-block\"><div class=\"dfd-heading-module\"><h4 class=\"widget-title dfd-title \" style=\"font-size: 20px; color: #28262b !important; line-height: 20px; \"><span style=\"color: #808080;\">Categor\u00eda: <strong>Estad\u00edsticas \/ Anal\u00edticas<\/strong><\/span><\/h4><\/div><\/div><\/div><script type=\"text\/javascript\">\r\n\t\t\t\t\t\t\t\t\t(function($) {\r\n\t\t\t\t\t\t\t\t\t\t$(\"head\").append(\"<style>.dfd-heading-69df4d9821a3b.dfd-heading-module-wrap .dfd-heading-module .dfd-heading-delimiter {margin-top:10px;margin-bottom:10px;}<\/style>\");\r\n\t\t\t\t\t\t\t\t\t})(jQuery);\r\n\t\t\t\t\t\t\t\t<\/script><\/div>[vc_column_text css=\u00bb\u00bb]<\/p>\n<table width=\"100%\">\n<tbody>\n<tr>\n<th>Nombre<\/th>\n<th>Proveedor<\/th>\n<th>Prop\u00f3sito<\/th>\n<th>Caducidad<\/th>\n<\/tr>\n<tr>\n<td><strong>_ga<\/strong><\/td>\n<td><a href=\"https:\/\/developers.google.com\/analytics\/devguides\/collection\/gajs\/cookie-usage\" target=\"_blank\" rel=\"noopener\">Google<\/a><\/td>\n<td>Registra una identificaci\u00f3n \u00fanica que se utiliza para generar datos estad\u00edsticos acerca de c\u00f3mo utiliza el visitante el sitio web.<\/td>\n<td>2 a\u00f1os<\/td>\n<\/tr>\n<tr>\n<td><strong>_gat<\/strong><\/td>\n<td><a href=\"https:\/\/developers.google.com\/analytics\/devguides\/collection\/gajs\/cookie-usage\" target=\"_blank\" rel=\"noopener\">Google<\/a><\/td>\n<td>Utilizado por Google Analytics para limitar el porcentaje de solicitudes.<\/td>\n<td>1 minuto<\/td>\n<\/tr>\n<tr>\n<td><strong>_gid<\/strong><\/td>\n<td><a href=\"https:\/\/developers.google.com\/analytics\/devguides\/collection\/gajs\/cookie-usage\" target=\"_blank\" rel=\"noopener\">Google<\/a><\/td>\n<td>Registra una identificaci\u00f3n \u00fanica que se utiliza para generar datos estad\u00edsticos acerca de c\u00f3mo utiliza el visitante el sitio web.<\/td>\n<td>1 d\u00eda<\/td>\n<\/tr>\n<\/tbody>\n<\/table>\n<p>[\/vc_column_text]<div class=\"ult-spacer spacer-69df4d9821aed\" data-id=\"69df4d9821aed\" data-height=\"40\" data-height-mobile=\"20\" data-height-tab=\"30\" data-height-tab-portrait=\"\" data-height-mobile-landscape=\"\" style=\"clear:both;display:block;\"><\/div><div class=\"dfd-heading-shortcode\"><div class=\"dfd-heading-module-wrap  text-left style_01 dfd-heading-69df4d9821b88 dfd-disable-resposive-headings\" id=\"dfd-heading-69df4d9821b88\" ><div class=\"inline-block\"><div class=\"dfd-heading-module\"><h4 class=\"widget-title dfd-title \" style=\"font-size: 20px; color: #28262b !important; line-height: 20px; \">Google reCaptcha<\/h4><\/div><\/div><\/div><script type=\"text\/javascript\">\r\n\t\t\t\t\t\t\t\t\t(function($) {\r\n\t\t\t\t\t\t\t\t\t\t$(\"head\").append(\"<style>.dfd-heading-69df4d9821b88.dfd-heading-module-wrap .dfd-heading-module .dfd-heading-delimiter {margin-top:10px;margin-bottom:10px;}<\/style>\");\r\n\t\t\t\t\t\t\t\t\t})(jQuery);\r\n\t\t\t\t\t\t\t\t<\/script><\/div><div class=\"ult-spacer spacer-69df4d9821c35\" data-id=\"69df4d9821c35\" data-height=\"10\" data-height-mobile=\"0\" data-height-tab=\"10\" data-height-tab-portrait=\"\" data-height-mobile-landscape=\"\" style=\"clear:both;display:block;\"><\/div>[vc_column_text css=\u00bb\u00bb]Utilizamos \u00abGoogle reCAPTCHA\u00bb (en lo sucesivo \u201creCAPTCHA\u201d) en nuestro sitio web. Con reCAPTCHA comprobamos si es una persona o un ordenador quien hace ciertas entradas en nuestros formularios de contacto o de boletines. Con reCAPTCHA contrarrestaremos el aumento de registros mediante m\u00e1quinas en cuentas de usuarios y boletines de noticias. En la actualidad, reCAPTCHA es la mejor protecci\u00f3n frente a esa clase de ataques (ataques procedentes de robots).<\/p>\n<p>En cuanto usted accede al sitio web, reCAPTCHA analiza sus interacciones mediante las siguientes caracter\u00edsticas:<\/p>\n<ul>\n<li>\n<p class=\"western\">Direcci\u00f3n IP del dispositivo terminal utilizado.<\/p>\n<\/li>\n<li>\n<p class=\"western\">Fecha y tiempo pasado en el sitio web.<\/p>\n<\/li>\n<li>\n<p class=\"western\">Movimientos con el rat\u00f3n en las superficies de reCAPTCHA y tareas que exigen la identificaci\u00f3n de im\u00e1genes.<\/p>\n<\/li>\n<li>\n<p class=\"western\">Datos de identificaci\u00f3n del navegador y del tipo de sistema operativo utilizado.<\/p>\n<\/li>\n<li>\n<p class=\"western\">Cuenta de Google, si ha iniciado sesi\u00f3n en Google.<\/p>\n<\/li>\n<\/ul>\n<p>Los datos recabados durante el an\u00e1lisis se env\u00edan a Google. Seg\u00fan las indicaciones de Google, Google no utiliza la informaci\u00f3n recabada por reCAPTCHA para publicidad personalizada.[\/vc_column_text]<div class=\"ult-spacer spacer-69df4d9821c7d\" data-id=\"69df4d9821c7d\" data-height=\"40\" data-height-mobile=\"20\" data-height-tab=\"30\" data-height-tab-portrait=\"\" data-height-mobile-landscape=\"\" style=\"clear:both;display:block;\"><\/div><div class=\"dfd-heading-shortcode\"><div class=\"dfd-heading-module-wrap  text-left style_01 dfd-heading-69df4d9821d11 dfd-disable-resposive-headings\" id=\"dfd-heading-69df4d9821d11\" ><div class=\"inline-block\"><div class=\"dfd-heading-module\"><h4 class=\"widget-title dfd-title \" style=\"font-size: 20px; color: #28262b !important; line-height: 20px; \">Controlar el uso de cookies<\/h4><\/div><\/div><\/div><script type=\"text\/javascript\">\r\n\t\t\t\t\t\t\t\t\t(function($) {\r\n\t\t\t\t\t\t\t\t\t\t$(\"head\").append(\"<style>.dfd-heading-69df4d9821d11.dfd-heading-module-wrap .dfd-heading-module .dfd-heading-delimiter {margin-top:10px;margin-bottom:10px;}<\/style>\");\r\n\t\t\t\t\t\t\t\t\t})(jQuery);\r\n\t\t\t\t\t\t\t\t<\/script><\/div><div class=\"ult-spacer spacer-69df4d9821ddc\" data-id=\"69df4d9821ddc\" data-height=\"10\" data-height-mobile=\"0\" data-height-tab=\"10\" data-height-tab-portrait=\"\" data-height-mobile-landscape=\"\" style=\"clear:both;display:block;\"><\/div>[vc_column_text]Aunque la mayor\u00eda de los navegadores aceptan autom\u00e1ticamente las cookies, puede modificar la configuraci\u00f3n de su navegador para permitir, bloquear o eliminar las cookies instaladas en su equipo.<\/p>\n<ul>\n<li>Como configurar las cookies en\u00a0<a title=\"Se abrir\u00e1 en ventana nueva\" href=\"http:\/\/windows.microsoft.com\/es-xl\/internet-explorer\/delete-manage-cookies#ie=ie-11\" target=\"_blank\" rel=\"external noopener noreferrer\">Internet Explorer<\/a>.<\/li>\n<li>Como configurar las cookies en\u00a0<a title=\"Se abrir\u00e1 en ventana nueva\" href=\"https:\/\/support.google.com\/chrome\/answer\/95647?hl=es\" target=\"_blank\" rel=\"external noopener noreferrer\">Google Chrome<\/a>.<\/li>\n<li>Como configurar las cookies en\u00a0<a title=\"Se abrir\u00e1 en ventana nueva\" href=\"https:\/\/support.mozilla.org\/en-US\/kb\/enable-and-disable-cookies-website-preferences\" target=\"_blank\" rel=\"external noopener noreferrer\">Firefox<\/a>.<\/li>\n<li>Como configurar las cookies en\u00a0<a title=\"Se abrir\u00e1 en ventana nueva\" href=\"http:\/\/www.apple.com\/es\/privacy\/use-of-cookies\/\" target=\"_blank\" rel=\"external noopener noreferrer\">Safari<\/a>.<\/li>\n<\/ul>\n<p>[\/vc_column_text]<div class=\"ult-spacer spacer-69df4d9821e21\" data-id=\"69df4d9821e21\" data-height=\"40\" data-height-mobile=\"20\" data-height-tab=\"30\" data-height-tab-portrait=\"\" data-height-mobile-landscape=\"\" style=\"clear:both;display:block;\"><\/div><div class=\"dfd-heading-shortcode\"><div class=\"dfd-heading-module-wrap  text-left style_01 dfd-heading-69df4d9821ebc dfd-disable-resposive-headings\" id=\"dfd-heading-69df4d9821ebc\" ><div class=\"inline-block\"><div class=\"dfd-heading-module\"><h4 class=\"widget-title dfd-title \" style=\"font-size: 20px; color: #28262b !important; line-height: 20px; \">Modificaciones de la Pol\u00edtica de Cookies<\/h4><\/div><\/div><\/div><script type=\"text\/javascript\">\r\n\t\t\t\t\t\t\t\t\t(function($) {\r\n\t\t\t\t\t\t\t\t\t\t$(\"head\").append(\"<style>.dfd-heading-69df4d9821ebc.dfd-heading-module-wrap .dfd-heading-module .dfd-heading-delimiter {margin-top:10px;margin-bottom:10px;}<\/style>\");\r\n\t\t\t\t\t\t\t\t\t})(jQuery);\r\n\t\t\t\t\t\t\t\t<\/script><\/div><div class=\"ult-spacer spacer-69df4d9821f67\" data-id=\"69df4d9821f67\" data-height=\"10\" data-height-mobile=\"0\" data-height-tab=\"10\" data-height-tab-portrait=\"\" data-height-mobile-landscape=\"\" style=\"clear:both;display:block;\"><\/div>[vc_column_text css=\u00bb\u00bb]La <strong>P\u00e1gina Web<\/strong> reserva el derecho a modificar la presente Pol\u00edtica de Cookies, siempre en los t\u00e9rminos permitidos por la legislaci\u00f3n espa\u00f1ola vigente. Por ello, le recomendamos revisar esta pol\u00edtica cada vez que acceda a nuestro sitio web a los efectos de actualizaci\u00f3n e informaci\u00f3n oportunos.<\/p>\n<p>[\/vc_column_text]<div class=\"ult-spacer spacer-69df4d9821fa9\" data-id=\"69df4d9821fa9\" data-height=\"40\" data-height-mobile=\"20\" data-height-tab=\"30\" data-height-tab-portrait=\"\" data-height-mobile-landscape=\"\" style=\"clear:both;display:block;\"><\/div><div class=\"dfd-heading-shortcode\"><div class=\"dfd-heading-module-wrap  text-left style_01 dfd-heading-69df4d9822043 dfd-disable-resposive-headings\" id=\"dfd-heading-69df4d9822043\" ><div class=\"inline-block\"><div class=\"dfd-heading-module\"><h4 class=\"widget-title dfd-title \" style=\"font-size: 20px; color: #28262b !important; line-height: 20px; \">Protecci\u00f3n de datos personales<\/h4><\/div><\/div><\/div><script type=\"text\/javascript\">\r\n\t\t\t\t\t\t\t\t\t(function($) {\r\n\t\t\t\t\t\t\t\t\t\t$(\"head\").append(\"<style>.dfd-heading-69df4d9822043.dfd-heading-module-wrap .dfd-heading-module .dfd-heading-delimiter {margin-top:10px;margin-bottom:10px;}<\/style>\");\r\n\t\t\t\t\t\t\t\t\t})(jQuery);\r\n\t\t\t\t\t\t\t\t<\/script><\/div><div class=\"ult-spacer spacer-69df4d98220ec\" data-id=\"69df4d98220ec\" data-height=\"10\" data-height-mobile=\"0\" data-height-tab=\"10\" data-height-tab-portrait=\"\" data-height-mobile-landscape=\"\" style=\"clear:both;display:block;\"><\/div>[vc_column_text css=\u00bb\u00bb]Las cookies empleadas en el sitio web permiten recabar informaci\u00f3n sobre el usuario, sus preferencias o su dispositivo, permitiendo que el sitio web funcione correctamente; sin que se recabe informaci\u00f3n sensible. Para mejor informaci\u00f3n sobre el tratamiento de sus datos personales, visite nuestra <a href=\"https:\/\/www.cetestgroup.com\/es\/aviso-legal\/\">Pol\u00edtica de Privacidad<\/a>.<\/p>\n<p>[\/vc_column_text][\/vc_column][\/vc_row]<\/p>\n<\/div>","protected":false},"excerpt":{"rendered":"<p>[vc_row][vc_column][vc_column_text css=\u00bb\u00bb]Las cookies son peque\u00f1os archivos o dispositivos de uso generalizado que se instalan en el navegador del usuario con la finalidad de almacenar, recuperar o actualizar datos. Permiten al<\/p>\n","protected":false},"author":1,"featured_media":0,"parent":0,"menu_order":0,"comment_status":"closed","ping_status":"closed","template":"tmp-page-right-sidebar.php","meta":{"_acf_changed":false,"footnotes":""},"class_list":["post-19069","page","type-page","status-publish","hentry"],"acf":[],"yoast_head":"<!-- This site is optimized with the Yoast SEO plugin v27.4 - https:\/\/yoast.com\/product\/yoast-seo-wordpress\/ -->\n<title>Pol\u00edtica de Cookies | CETEST<\/title>\n<meta name=\"robots\" content=\"index, follow, max-snippet:-1, max-image-preview:large, max-video-preview:-1\" \/>\n<link rel=\"canonical\" href=\"https:\/\/www.cetestgroup.com\/es\/politica-de-cookies\/\" \/>\n<meta property=\"og:locale\" content=\"es_ES\" \/>\n<meta property=\"og:type\" content=\"article\" \/>\n<meta property=\"og:title\" content=\"Pol\u00edtica de Cookies | CETEST\" \/>\n<meta property=\"og:description\" content=\"[vc_row][vc_column][vc_column_text css=\u00bb\u00bb]Las cookies son peque\u00f1os archivos o dispositivos de uso generalizado que se instalan en el navegador del usuario con la finalidad de almacenar, recuperar o actualizar datos. Permiten al\" \/>\n<meta property=\"og:url\" content=\"https:\/\/www.cetestgroup.com\/es\/politica-de-cookies\/\" \/>\n<meta property=\"og:site_name\" content=\"CETEST\" \/>\n<meta property=\"article:modified_time\" content=\"2025-02-21T10:28:35+00:00\" \/>\n<meta name=\"twitter:card\" content=\"summary_large_image\" \/>\n<meta name=\"twitter:label1\" content=\"Tiempo de lectura\" \/>\n\t<meta name=\"twitter:data1\" content=\"4 minutos\" \/>\n<script type=\"application\/ld+json\" class=\"yoast-schema-graph\">{\"@context\":\"https:\\\/\\\/schema.org\",\"@graph\":[{\"@type\":\"WebPage\",\"@id\":\"https:\\\/\\\/www.cetestgroup.com\\\/es\\\/politica-de-cookies\\\/\",\"url\":\"https:\\\/\\\/www.cetestgroup.com\\\/es\\\/politica-de-cookies\\\/\",\"name\":\"Pol\u00edtica de Cookies | CETEST\",\"isPartOf\":{\"@id\":\"https:\\\/\\\/www.cetestgroup.com\\\/es\\\/#website\"},\"datePublished\":\"2019-01-18T11:52:52+00:00\",\"dateModified\":\"2025-02-21T10:28:35+00:00\",\"breadcrumb\":{\"@id\":\"https:\\\/\\\/www.cetestgroup.com\\\/es\\\/politica-de-cookies\\\/#breadcrumb\"},\"inLanguage\":\"es\",\"potentialAction\":[{\"@type\":\"ReadAction\",\"target\":[\"https:\\\/\\\/www.cetestgroup.com\\\/es\\\/politica-de-cookies\\\/\"]}]},{\"@type\":\"BreadcrumbList\",\"@id\":\"https:\\\/\\\/www.cetestgroup.com\\\/es\\\/politica-de-cookies\\\/#breadcrumb\",\"itemListElement\":[{\"@type\":\"ListItem\",\"position\":1,\"name\":\"Home\",\"item\":\"https:\\\/\\\/www.cetestgroup.com\\\/es\\\/\"},{\"@type\":\"ListItem\",\"position\":2,\"name\":\"Pol\u00edtica de Cookies\"}]},{\"@type\":\"WebSite\",\"@id\":\"https:\\\/\\\/www.cetestgroup.com\\\/es\\\/#website\",\"url\":\"https:\\\/\\\/www.cetestgroup.com\\\/es\\\/\",\"name\":\"CETEST\",\"description\":\"CETEST is a fully accredited independent test laboratory offering services for design verification, model validation, developmental testing and\\\/or answers to help you identify failure root causes. We carry out tests in our facilities as well as on site as required by customer needs.\",\"potentialAction\":[{\"@type\":\"SearchAction\",\"target\":{\"@type\":\"EntryPoint\",\"urlTemplate\":\"https:\\\/\\\/www.cetestgroup.com\\\/es\\\/?s={search_term_string}\"},\"query-input\":{\"@type\":\"PropertyValueSpecification\",\"valueRequired\":true,\"valueName\":\"search_term_string\"}}],\"inLanguage\":\"es\"}]}<\/script>\n<!-- \/ Yoast SEO plugin. -->","yoast_head_json":{"title":"Pol\u00edtica de Cookies | CETEST","robots":{"index":"index","follow":"follow","max-snippet":"max-snippet:-1","max-image-preview":"max-image-preview:large","max-video-preview":"max-video-preview:-1"},"canonical":"https:\/\/www.cetestgroup.com\/es\/politica-de-cookies\/","og_locale":"es_ES","og_type":"article","og_title":"Pol\u00edtica de Cookies | CETEST","og_description":"[vc_row][vc_column][vc_column_text css=\u00bb\u00bb]Las cookies son peque\u00f1os archivos o dispositivos de uso generalizado que se instalan en el navegador del usuario con la finalidad de almacenar, recuperar o actualizar datos. Permiten al","og_url":"https:\/\/www.cetestgroup.com\/es\/politica-de-cookies\/","og_site_name":"CETEST","article_modified_time":"2025-02-21T10:28:35+00:00","twitter_card":"summary_large_image","twitter_misc":{"Tiempo de lectura":"4 minutos"},"schema":{"@context":"https:\/\/schema.org","@graph":[{"@type":"WebPage","@id":"https:\/\/www.cetestgroup.com\/es\/politica-de-cookies\/","url":"https:\/\/www.cetestgroup.com\/es\/politica-de-cookies\/","name":"Pol\u00edtica de Cookies | CETEST","isPartOf":{"@id":"https:\/\/www.cetestgroup.com\/es\/#website"},"datePublished":"2019-01-18T11:52:52+00:00","dateModified":"2025-02-21T10:28:35+00:00","breadcrumb":{"@id":"https:\/\/www.cetestgroup.com\/es\/politica-de-cookies\/#breadcrumb"},"inLanguage":"es","potentialAction":[{"@type":"ReadAction","target":["https:\/\/www.cetestgroup.com\/es\/politica-de-cookies\/"]}]},{"@type":"BreadcrumbList","@id":"https:\/\/www.cetestgroup.com\/es\/politica-de-cookies\/#breadcrumb","itemListElement":[{"@type":"ListItem","position":1,"name":"Home","item":"https:\/\/www.cetestgroup.com\/es\/"},{"@type":"ListItem","position":2,"name":"Pol\u00edtica de Cookies"}]},{"@type":"WebSite","@id":"https:\/\/www.cetestgroup.com\/es\/#website","url":"https:\/\/www.cetestgroup.com\/es\/","name":"CETEST","description":"CETEST is a fully accredited independent test laboratory offering services for design verification, model validation, developmental testing and\/or answers to help you identify failure root causes. We carry out tests in our facilities as well as on site as required by customer needs.","potentialAction":[{"@type":"SearchAction","target":{"@type":"EntryPoint","urlTemplate":"https:\/\/www.cetestgroup.com\/es\/?s={search_term_string}"},"query-input":{"@type":"PropertyValueSpecification","valueRequired":true,"valueName":"search_term_string"}}],"inLanguage":"es"}]}},"_links":{"self":[{"href":"https:\/\/www.cetestgroup.com\/es\/wp-json\/wp\/v2\/pages\/19069","targetHints":{"allow":["GET"]}}],"collection":[{"href":"https:\/\/www.cetestgroup.com\/es\/wp-json\/wp\/v2\/pages"}],"about":[{"href":"https:\/\/www.cetestgroup.com\/es\/wp-json\/wp\/v2\/types\/page"}],"author":[{"embeddable":true,"href":"https:\/\/www.cetestgroup.com\/es\/wp-json\/wp\/v2\/users\/1"}],"replies":[{"embeddable":true,"href":"https:\/\/www.cetestgroup.com\/es\/wp-json\/wp\/v2\/comments?post=19069"}],"version-history":[{"count":3,"href":"https:\/\/www.cetestgroup.com\/es\/wp-json\/wp\/v2\/pages\/19069\/revisions"}],"predecessor-version":[{"id":20155,"href":"https:\/\/www.cetestgroup.com\/es\/wp-json\/wp\/v2\/pages\/19069\/revisions\/20155"}],"wp:attachment":[{"href":"https:\/\/www.cetestgroup.com\/es\/wp-json\/wp\/v2\/media?parent=19069"}],"curies":[{"name":"wp","href":"https:\/\/api.w.org\/{rel}","templated":true}]}}