{"id":18000,"date":"2018-05-15T15:41:31","date_gmt":"2018-05-15T14:41:31","guid":{"rendered":"https:\/\/www.cetestgroup.com\/?page_id=18000"},"modified":"2023-03-27T11:13:09","modified_gmt":"2023-03-27T10:13:09","slug":"ensayos-ferroviarios","status":"publish","type":"page","link":"https:\/\/www.cetestgroup.com\/es\/ensayos-ferroviarios\/","title":{"rendered":"Ensayos Ferroviarios"},"content":{"rendered":"<div class=\"wpb-content-wrapper\"><p>[vc_row][vc_column width=\u00bb1\/3&#8243;]\n<div id=\"interactive-banner-1-wrap-5573\" class=\"ult-banner-block ult-adjust-bottom-margin ult-bb-box  banner-style01 BannerInteractivo\"   style=\"\">\n\t<img decoding=\"async\" src=\"https:\/\/www.cetestgroup.com\/wp-content\/uploads\/2017\/07\/structures-intro.jpg\" alt=\"Cetest: Structures and Subassemblies\">\n\t<h3  data-ultimate-target='#interactive-banner-1-wrap-5573 .bb-top-title '  data-responsive-json-new='{\"font-size\":\"desktop:16px;\",\"line-height\":\"\"}'  class=\"title-center bb-top-title ult-responsive\" style=\"font-weight:bold;color:#ffffff;\">Estructuras y Subsistemas<\/h3>\n\t<div class=\"mask opaque-background\" style=\"background:#242424;\">\n\t\t<div  data-ultimate-target='#interactive-banner-1-wrap-5573 .bb-description'  data-responsive-json-new='{\"font-size\":\"desktop:14px;\",\"line-height\":\"\"}'  class=\"bb-description ult-responsive\" style=\"font-weight:normal;color:#ffffff;\">Ensayos de resistencia mec\u00e1nica sobre estructura y sobre subconjuntos, con posibilidad de aplicaci\u00f3n de la carga m\u00e1xima de rotura o de cargas reales de trabajo.<\/div>\n\t<\/div><a class=\"bb-link\" href=\"https:\/\/www.cetestgroup.com\/es\/ensayos-ferroviarios\/estructuras-y-subsistemas\/\" ><\/a>\n<\/div>[\/vc_column][vc_column width=\u00bb1\/3&#8243;]\n<div id=\"interactive-banner-1-wrap-6685\" class=\"ult-banner-block ult-adjust-bottom-margin ult-bb-box  banner-style01 BannerInteractivo\"   style=\"\">\n\t<img decoding=\"async\" src=\"https:\/\/www.cetestgroup.com\/wp-content\/uploads\/2017\/08\/cetest-special-instrumentation.jpg\" alt=\"Cetest: Special Instrumentation\">\n\t<h3  data-ultimate-target='#interactive-banner-1-wrap-6685 .bb-top-title '  data-responsive-json-new='{\"font-size\":\"desktop:16px;\",\"line-height\":\"\"}'  class=\"title-center bb-top-title ult-responsive\" style=\"font-weight:bold;color:#ffffff;\">Instrumentaci\u00f3n especial<\/h3>\n\t<div class=\"mask opaque-background\" style=\"background:#242424;\">\n\t\t<div  data-ultimate-target='#interactive-banner-1-wrap-6685 .bb-description'  data-responsive-json-new='{\"font-size\":\"desktop:14px;\",\"line-height\":\"\"}'  class=\"bb-description ult-responsive\" style=\"font-weight:normal;color:#ffffff;\">Dise\u00f1o de sistemas de medida (basados en mecatr\u00f3nica avanzada) para el estudio de la interacci\u00f3n ente veh\u00edculo y subsistemas de la infraestructura.<\/div>\n\t<\/div><a class=\"bb-link\" href=\"https:\/\/www.cetestgroup.com\/es\/ensayos-ferroviarios\/instrumentacion-especial\/\" ><\/a>\n<\/div>[\/vc_column][vc_column width=\u00bb1\/3&#8243;]\n<div id=\"interactive-banner-1-wrap-3080\" class=\"ult-banner-block ult-adjust-bottom-margin ult-bb-box  banner-style01 BannerInteractivo\"   style=\"\">\n\t<img decoding=\"async\" src=\"https:\/\/www.cetestgroup.com\/wp-content\/uploads\/2017\/08\/cetest-ride-dynamics.jpg\" alt=\"Cetest: Ride dynamics\">\n\t<h3  data-ultimate-target='#interactive-banner-1-wrap-3080 .bb-top-title '  data-responsive-json-new='{\"font-size\":\"desktop:16px;\",\"line-height\":\"\"}'  class=\"title-center bb-top-title ult-responsive\" style=\"font-weight:bold;color:#ffffff;\">Comportamiento Din\u00e1mico<\/h3>\n\t<div class=\"mask opaque-background\" style=\"background:#242424;\">\n\t\t<div  data-ultimate-target='#interactive-banner-1-wrap-3080 .bb-description'  data-responsive-json-new='{\"font-size\":\"desktop:14px;\",\"line-height\":\"\"}'  class=\"bb-description ult-responsive\" style=\"font-weight:normal;color:#ffffff;\">Ensayos est\u00e1ticos y ensayos din\u00e1micos en v\u00eda en condiciones de operaci\u00f3n real.<\/div>\n\t<\/div><a class=\"bb-link\" href=\"https:\/\/www.cetestgroup.com\/es\/ensayos-ferroviarios\/comportamiento-dinamico-y-ensayos-estacionarios\/\" ><\/a>\n<\/div>[\/vc_column][\/vc_row][vc_row][vc_column width=\u00bb1\/3&#8243;]\n<div id=\"interactive-banner-1-wrap-1718\" class=\"ult-banner-block ult-adjust-bottom-margin ult-bb-box  banner-style01 BannerInteractivo\"   style=\"\">\n\t<img decoding=\"async\" src=\"https:\/\/www.cetestgroup.com\/wp-content\/uploads\/2017\/08\/cetest-noise-vibrations.jpg\" alt=\"Cetest-Noise &amp; Vibrations\">\n\t<h3  data-ultimate-target='#interactive-banner-1-wrap-1718 .bb-top-title '  data-responsive-json-new='{\"font-size\":\"desktop:16px;\",\"line-height\":\"\"}'  class=\"title-center bb-top-title ult-responsive\" style=\"font-weight:bold;color:#ffffff;\">Ruido y Vibraciones<\/h3>\n\t<div class=\"mask opaque-background\" style=\"background:#242424;\">\n\t\t<div  data-ultimate-target='#interactive-banner-1-wrap-1718 .bb-description'  data-responsive-json-new='{\"font-size\":\"desktop:14px;\",\"line-height\":\"\"}'  class=\"bb-description ult-responsive\" style=\"font-weight:normal;color:#ffffff;\">Ensayo de ruido y determinaci\u00f3n de niveles de vibraciones sobre componentes y sobre veh\u00edculo completo.<\/div>\n\t<\/div><a class=\"bb-link\" href=\"https:\/\/www.cetestgroup.com\/es\/ensayos-ferroviarios\/ruido-y-vibraciones\/\" ><\/a>\n<\/div>[\/vc_column][vc_column width=\u00bb1\/3&#8243;]\n<div id=\"interactive-banner-1-wrap-2871\" class=\"ult-banner-block ult-adjust-bottom-margin ult-bb-box  banner-style01 BannerInteractivo\"   style=\"\">\n\t<img decoding=\"async\" src=\"https:\/\/www.cetestgroup.com\/wp-content\/uploads\/2017\/09\/cetest-environmental.jpg\" alt=\"Cetest: Environmental\">\n\t<h3  data-ultimate-target='#interactive-banner-1-wrap-2871 .bb-top-title '  data-responsive-json-new='{\"font-size\":\"desktop:16px;\",\"line-height\":\"\"}'  class=\"title-center bb-top-title ult-responsive\" style=\"font-weight:bold;color:#ffffff;\">Ensayos Clim\u00e1ticos<\/h3>\n\t<div class=\"mask opaque-background\" style=\"background:#242424;\">\n\t\t<div  data-ultimate-target='#interactive-banner-1-wrap-2871 .bb-description'  data-responsive-json-new='{\"font-size\":\"desktop:14px;\",\"line-height\":\"\"}'  class=\"bb-description ult-responsive\" style=\"font-weight:normal;color:#ffffff;\">Medios de ensayo y ensayos de campo para la evaluaci\u00f3n del dise\u00f1o seg\u00fan requisitos de temperatura y humedad.<\/div>\n\t<\/div><a class=\"bb-link\" href=\"https:\/\/www.cetestgroup.com\/es\/ensayos-ferroviarios\/ensayos-climaticos\/\" ><\/a>\n<\/div>[\/vc_column][vc_column width=\u00bb1\/3&#8243;]\n<div id=\"interactive-banner-1-wrap-7547\" class=\"ult-banner-block ult-adjust-bottom-margin ult-bb-box  banner-style01 BannerInteractivo\"   style=\"\">\n\t<img decoding=\"async\" src=\"https:\/\/www.cetestgroup.com\/wp-content\/uploads\/2017\/08\/cetest-special-on-track-test.jpg\" alt=\"\">\n\t<h3  data-ultimate-target='#interactive-banner-1-wrap-7547 .bb-top-title '  data-responsive-json-new='{\"font-size\":\"desktop:16px;\",\"line-height\":\"\"}'  class=\"title-center bb-top-title ult-responsive\" style=\"font-weight:bold;color:#ffffff;\">Ensayos en V\u00eda<\/h3>\n\t<div class=\"mask opaque-background\" style=\"background:#242424;\">\n\t\t<div  data-ultimate-target='#interactive-banner-1-wrap-7547 .bb-description'  data-responsive-json-new='{\"font-size\":\"desktop:14px;\",\"line-height\":\"\"}'  class=\"bb-description ult-responsive\" style=\"font-weight:normal;color:#ffffff;\">Medios de ensayo y ensayos de campo para la evaluaci\u00f3n del dise\u00f1o seg\u00fan requerimientos aerodin\u00e1micos y de fatiga de componentes durante el servicio.<\/div>\n\t<\/div><a class=\"bb-link\" href=\"https:\/\/www.cetestgroup.com\/es\/ensayos-ferroviarios\/ensayos-especiales-en-via\/\" ><\/a>\n<\/div>[\/vc_column][\/vc_row][vc_row][vc_column width=\u00bb1\/3&#8243;]\n<div id=\"interactive-banner-1-wrap-4491\" class=\"ult-banner-block ult-adjust-bottom-margin ult-bb-box  banner-style01 BannerInteractivo\"   style=\"\">\n\t<img decoding=\"async\" src=\"https:\/\/www.cetestgroup.com\/wp-content\/uploads\/2017\/08\/cetest-rotating-elements-and-components.jpg\" alt=\"Cetest: Rotating elements and components\">\n\t<h3  data-ultimate-target='#interactive-banner-1-wrap-4491 .bb-top-title '  data-responsive-json-new='{\"font-size\":\"desktop:16px;\",\"line-height\":\"\"}'  class=\"title-center bb-top-title ult-responsive\" style=\"font-weight:bold;color:#ffffff;\">Elementos y Componentes Rotativos<\/h3>\n\t<div class=\"mask opaque-background\" style=\"background:#242424;\">\n\t\t<div  data-ultimate-target='#interactive-banner-1-wrap-4491 .bb-description'  data-responsive-json-new='{\"font-size\":\"desktop:14px;\",\"line-height\":\"\"}'  class=\"bb-description ult-responsive\" style=\"font-weight:normal;color:#ffffff;\">Ensayos sobre elementos rotativos y sobre componentes del eje montado: Ensayos de integridad mec\u00e1nica, a fatiga, ensayos de vida, de fiabilidad y funcionales.<\/div>\n\t<\/div><a class=\"bb-link\" href=\"https:\/\/www.cetestgroup.com\/es\/ensayos-ferroviarios\/elementos-y-componentes-rotativos\/\" ><\/a>\n<\/div>[\/vc_column][vc_column width=\u00bb1\/3&#8243;]\n<div id=\"interactive-banner-1-wrap-4377\" class=\"ult-banner-block ult-adjust-bottom-margin ult-bb-box  banner-style01 BannerInteractivo\"   style=\"\">\n\t<img decoding=\"async\" src=\"https:\/\/www.cetestgroup.com\/wp-content\/uploads\/2017\/08\/cetest-emc-and-energy-consumption.jpg\" alt=\"Cetest-EMC and energy consumption\">\n\t<h3  data-ultimate-target='#interactive-banner-1-wrap-4377 .bb-top-title '  data-responsive-json-new='{\"font-size\":\"desktop:16px;\",\"line-height\":\"\"}'  class=\"title-center bb-top-title ult-responsive\" style=\"font-weight:bold;color:#ffffff;\">EMC y Consumo de Energ\u00eda<\/h3>\n\t<div class=\"mask opaque-background\" style=\"background:#242424;\">\n\t\t<div  data-ultimate-target='#interactive-banner-1-wrap-4377 .bb-description'  data-responsive-json-new='{\"font-size\":\"\",\"line-height\":\"\"}'  class=\"bb-description ult-responsive\" style=\"font-weight:normal;color:#ffffff;\">Campa\u00f1as de ensayo para la verificaci\u00f3n del dise\u00f1o a nivel de requisitos de EMC\/EMI y consumo de energ\u00eda.<\/div>\n\t<\/div><a class=\"bb-link\" href=\"https:\/\/www.cetestgroup.com\/es\/ensayos-ferroviarios\/emc-y-consumo-de-energia\/\" ><\/a>\n<\/div>[\/vc_column][vc_column width=\u00bb1\/3&#8243;]\n<div id=\"interactive-banner-1-wrap-9596\" class=\"ult-banner-block ult-adjust-bottom-margin ult-bb-box  banner-style01 BannerInteractivo\"   style=\"\">\n\t<img decoding=\"async\" src=\"https:\/\/www.cetestgroup.com\/wp-content\/uploads\/2017\/08\/cetest-traction-braking-and-current-collection-performance.jpg\" alt=\"Cetest: Traction, braking and current collection performance\">\n\t<h3  data-ultimate-target='#interactive-banner-1-wrap-9596 .bb-top-title '  data-responsive-json-new='{\"font-size\":\"desktop:16px;\",\"line-height\":\"\"}'  class=\"title-center bb-top-title ult-responsive\" style=\"font-weight:bold;color:#ffffff;\">Tracci\u00f3n, Freno y Captaci\u00f3n de Corriente<\/h3>\n\t<div class=\"mask opaque-background\" style=\"background:#242424;\">\n\t\t<div  data-ultimate-target='#interactive-banner-1-wrap-9596 .bb-description'  data-responsive-json-new='{\"font-size\":\"desktop:14px;\",\"line-height\":\"\"}'  class=\"bb-description ult-responsive\" style=\"font-weight:normal;color:#ffffff;\">Ensayos en v\u00eda para evaluaci\u00f3n de prestaciones de tracci\u00f3n y de frenado, as\u00ed como de captaci\u00f3n de corriente (interacci\u00f3n pant\u00f3grafo \u2013 catenaria).<\/div>\n\t<\/div><a class=\"bb-link\" href=\"https:\/\/www.cetestgroup.com\/es\/ensayos-ferroviarios\/traccion-freno-y-captacion-de-corriente\/\" ><\/a>\n<\/div>[\/vc_column][\/vc_row]<\/p>\n<\/div>","protected":false},"excerpt":{"rendered":"<p>[vc_row][vc_column width=\u00bb1\/3&#8243;][\/vc_column][vc_column width=\u00bb1\/3&#8243;][\/vc_column][vc_column width=\u00bb1\/3&#8243;][\/vc_column][\/vc_row][vc_row][vc_column width=\u00bb1\/3&#8243;][\/vc_column][vc_column width=\u00bb1\/3&#8243;][\/vc_column][vc_column width=\u00bb1\/3&#8243;][\/vc_column][\/vc_row][vc_row][vc_column width=\u00bb1\/3&#8243;][\/vc_column][vc_column width=\u00bb1\/3&#8243;][\/vc_column][vc_column width=\u00bb1\/3&#8243;][\/vc_column][\/vc_row]<\/p>\n","protected":false},"author":1,"featured_media":0,"parent":0,"menu_order":0,"comment_status":"closed","ping_status":"closed","template":"tmp-page-no-sidebar.php","meta":{"_acf_changed":false,"footnotes":""},"class_list":["post-18000","page","type-page","status-publish","hentry"],"acf":[],"yoast_head":"<!-- This site is optimized with the Yoast SEO plugin v27.3 - https:\/\/yoast.com\/product\/yoast-seo-wordpress\/ -->\n<title>Ensayos Ferroviarios, somos un laboratorio independiente | CETEST<\/title>\n<meta name=\"description\" content=\"CETEST lleva ensayando para el sector ferroviario m\u00e1s de 40 a\u00f1os. Esta experiencia se extiende a todos los segmentos del mercado: metros, tranv\u00edas, transportes suburbanos o de cercan\u00edas y de alta velocidad, as\u00ed como vagones de mercanc\u00edas y material rodante para mantenimiento.\" \/>\n<meta name=\"robots\" content=\"index, follow, max-snippet:-1, max-image-preview:large, max-video-preview:-1\" \/>\n<link rel=\"canonical\" href=\"https:\/\/www.cetestgroup.com\/es\/ensayos-ferroviarios\/\" \/>\n<meta property=\"og:locale\" content=\"es_ES\" \/>\n<meta property=\"og:type\" content=\"article\" \/>\n<meta property=\"og:title\" content=\"Ensayos Ferroviarios, somos un laboratorio independiente | CETEST\" \/>\n<meta property=\"og:description\" content=\"CETEST lleva ensayando para el sector ferroviario m\u00e1s de 40 a\u00f1os. Esta experiencia se extiende a todos los segmentos del mercado: metros, tranv\u00edas, transportes suburbanos o de cercan\u00edas y de alta velocidad, as\u00ed como vagones de mercanc\u00edas y material rodante para mantenimiento.\" \/>\n<meta property=\"og:url\" content=\"https:\/\/www.cetestgroup.com\/es\/ensayos-ferroviarios\/\" \/>\n<meta property=\"og:site_name\" content=\"CETEST\" \/>\n<meta property=\"article:modified_time\" content=\"2023-03-27T10:13:09+00:00\" \/>\n<meta name=\"twitter:card\" content=\"summary_large_image\" \/>\n<meta name=\"twitter:label1\" content=\"Tiempo de lectura\" \/>\n\t<meta name=\"twitter:data1\" content=\"3 minutos\" \/>\n<script type=\"application\/ld+json\" class=\"yoast-schema-graph\">{\"@context\":\"https:\\\/\\\/schema.org\",\"@graph\":[{\"@type\":\"WebPage\",\"@id\":\"https:\\\/\\\/www.cetestgroup.com\\\/es\\\/ensayos-ferroviarios\\\/\",\"url\":\"https:\\\/\\\/www.cetestgroup.com\\\/es\\\/ensayos-ferroviarios\\\/\",\"name\":\"Ensayos Ferroviarios, somos un laboratorio independiente | CETEST\",\"isPartOf\":{\"@id\":\"https:\\\/\\\/www.cetestgroup.com\\\/es\\\/#website\"},\"datePublished\":\"2018-05-15T14:41:31+00:00\",\"dateModified\":\"2023-03-27T10:13:09+00:00\",\"description\":\"CETEST lleva ensayando para el sector ferroviario m\u00e1s de 40 a\u00f1os. Esta experiencia se extiende a todos los segmentos del mercado: metros, tranv\u00edas, transportes suburbanos o de cercan\u00edas y de alta velocidad, as\u00ed como vagones de mercanc\u00edas y material rodante para mantenimiento.\",\"breadcrumb\":{\"@id\":\"https:\\\/\\\/www.cetestgroup.com\\\/es\\\/ensayos-ferroviarios\\\/#breadcrumb\"},\"inLanguage\":\"es\",\"potentialAction\":[{\"@type\":\"ReadAction\",\"target\":[\"https:\\\/\\\/www.cetestgroup.com\\\/es\\\/ensayos-ferroviarios\\\/\"]}]},{\"@type\":\"BreadcrumbList\",\"@id\":\"https:\\\/\\\/www.cetestgroup.com\\\/es\\\/ensayos-ferroviarios\\\/#breadcrumb\",\"itemListElement\":[{\"@type\":\"ListItem\",\"position\":1,\"name\":\"Home\",\"item\":\"https:\\\/\\\/www.cetestgroup.com\\\/es\\\/\"},{\"@type\":\"ListItem\",\"position\":2,\"name\":\"Ensayos Ferroviarios\"}]},{\"@type\":\"WebSite\",\"@id\":\"https:\\\/\\\/www.cetestgroup.com\\\/es\\\/#website\",\"url\":\"https:\\\/\\\/www.cetestgroup.com\\\/es\\\/\",\"name\":\"CETEST\",\"description\":\"CETEST is a fully accredited independent test laboratory offering services for design verification, model validation, developmental testing and\\\/or answers to help you identify failure root causes. We carry out tests in our facilities as well as on site as required by customer needs.\",\"potentialAction\":[{\"@type\":\"SearchAction\",\"target\":{\"@type\":\"EntryPoint\",\"urlTemplate\":\"https:\\\/\\\/www.cetestgroup.com\\\/es\\\/?s={search_term_string}\"},\"query-input\":{\"@type\":\"PropertyValueSpecification\",\"valueRequired\":true,\"valueName\":\"search_term_string\"}}],\"inLanguage\":\"es\"}]}<\/script>\n<!-- \/ Yoast SEO plugin. -->","yoast_head_json":{"title":"Ensayos Ferroviarios, somos un laboratorio independiente | CETEST","description":"CETEST lleva ensayando para el sector ferroviario m\u00e1s de 40 a\u00f1os. Esta experiencia se extiende a todos los segmentos del mercado: metros, tranv\u00edas, transportes suburbanos o de cercan\u00edas y de alta velocidad, as\u00ed como vagones de mercanc\u00edas y material rodante para mantenimiento.","robots":{"index":"index","follow":"follow","max-snippet":"max-snippet:-1","max-image-preview":"max-image-preview:large","max-video-preview":"max-video-preview:-1"},"canonical":"https:\/\/www.cetestgroup.com\/es\/ensayos-ferroviarios\/","og_locale":"es_ES","og_type":"article","og_title":"Ensayos Ferroviarios, somos un laboratorio independiente | CETEST","og_description":"CETEST lleva ensayando para el sector ferroviario m\u00e1s de 40 a\u00f1os. Esta experiencia se extiende a todos los segmentos del mercado: metros, tranv\u00edas, transportes suburbanos o de cercan\u00edas y de alta velocidad, as\u00ed como vagones de mercanc\u00edas y material rodante para mantenimiento.","og_url":"https:\/\/www.cetestgroup.com\/es\/ensayos-ferroviarios\/","og_site_name":"CETEST","article_modified_time":"2023-03-27T10:13:09+00:00","twitter_card":"summary_large_image","twitter_misc":{"Tiempo de lectura":"3 minutos"},"schema":{"@context":"https:\/\/schema.org","@graph":[{"@type":"WebPage","@id":"https:\/\/www.cetestgroup.com\/es\/ensayos-ferroviarios\/","url":"https:\/\/www.cetestgroup.com\/es\/ensayos-ferroviarios\/","name":"Ensayos Ferroviarios, somos un laboratorio independiente | CETEST","isPartOf":{"@id":"https:\/\/www.cetestgroup.com\/es\/#website"},"datePublished":"2018-05-15T14:41:31+00:00","dateModified":"2023-03-27T10:13:09+00:00","description":"CETEST lleva ensayando para el sector ferroviario m\u00e1s de 40 a\u00f1os. Esta experiencia se extiende a todos los segmentos del mercado: metros, tranv\u00edas, transportes suburbanos o de cercan\u00edas y de alta velocidad, as\u00ed como vagones de mercanc\u00edas y material rodante para mantenimiento.","breadcrumb":{"@id":"https:\/\/www.cetestgroup.com\/es\/ensayos-ferroviarios\/#breadcrumb"},"inLanguage":"es","potentialAction":[{"@type":"ReadAction","target":["https:\/\/www.cetestgroup.com\/es\/ensayos-ferroviarios\/"]}]},{"@type":"BreadcrumbList","@id":"https:\/\/www.cetestgroup.com\/es\/ensayos-ferroviarios\/#breadcrumb","itemListElement":[{"@type":"ListItem","position":1,"name":"Home","item":"https:\/\/www.cetestgroup.com\/es\/"},{"@type":"ListItem","position":2,"name":"Ensayos Ferroviarios"}]},{"@type":"WebSite","@id":"https:\/\/www.cetestgroup.com\/es\/#website","url":"https:\/\/www.cetestgroup.com\/es\/","name":"CETEST","description":"CETEST is a fully accredited independent test laboratory offering services for design verification, model validation, developmental testing and\/or answers to help you identify failure root causes. We carry out tests in our facilities as well as on site as required by customer needs.","potentialAction":[{"@type":"SearchAction","target":{"@type":"EntryPoint","urlTemplate":"https:\/\/www.cetestgroup.com\/es\/?s={search_term_string}"},"query-input":{"@type":"PropertyValueSpecification","valueRequired":true,"valueName":"search_term_string"}}],"inLanguage":"es"}]}},"_links":{"self":[{"href":"https:\/\/www.cetestgroup.com\/es\/wp-json\/wp\/v2\/pages\/18000","targetHints":{"allow":["GET"]}}],"collection":[{"href":"https:\/\/www.cetestgroup.com\/es\/wp-json\/wp\/v2\/pages"}],"about":[{"href":"https:\/\/www.cetestgroup.com\/es\/wp-json\/wp\/v2\/types\/page"}],"author":[{"embeddable":true,"href":"https:\/\/www.cetestgroup.com\/es\/wp-json\/wp\/v2\/users\/1"}],"replies":[{"embeddable":true,"href":"https:\/\/www.cetestgroup.com\/es\/wp-json\/wp\/v2\/comments?post=18000"}],"version-history":[{"count":2,"href":"https:\/\/www.cetestgroup.com\/es\/wp-json\/wp\/v2\/pages\/18000\/revisions"}],"predecessor-version":[{"id":19810,"href":"https:\/\/www.cetestgroup.com\/es\/wp-json\/wp\/v2\/pages\/18000\/revisions\/19810"}],"wp:attachment":[{"href":"https:\/\/www.cetestgroup.com\/es\/wp-json\/wp\/v2\/media?parent=18000"}],"curies":[{"name":"wp","href":"https:\/\/api.w.org\/{rel}","templated":true}]}}