{"id":17954,"date":"2018-05-08T11:57:18","date_gmt":"2018-05-08T10:57:18","guid":{"rendered":"https:\/\/www.cetestgroup.com\/?page_id=17954"},"modified":"2019-07-23T07:59:32","modified_gmt":"2019-07-23T06:59:32","slug":"case-studies","status":"publish","type":"page","link":"https:\/\/www.cetestgroup.com\/es\/experiencia\/case-studies\/","title":{"rendered":"Case studies"},"content":{"rendered":"<div class=\"wpb-content-wrapper\"><p>[vc_row][vc_column]<div class=\"ult-spacer spacer-69df4f47bddba\" data-id=\"69df4f47bddba\" data-height=\"0\" data-height-mobile=\"0\" data-height-tab=\"0\" data-height-tab-portrait=\"\" data-height-mobile-landscape=\"\" style=\"clear:both;display:block;\"><\/div>[\/vc_column][\/vc_row]<\/p>\n<\/div>","protected":false},"excerpt":{"rendered":"<p>[vc_row][vc_column][\/vc_column][\/vc_row]<\/p>\n","protected":false},"author":1,"featured_media":0,"parent":17909,"menu_order":0,"comment_status":"closed","ping_status":"closed","template":"page-templates\/tmp-cs-template-2-right-sidebar.php","meta":{"_acf_changed":false,"footnotes":""},"class_list":["post-17954","page","type-page","status-publish","hentry"],"acf":[],"yoast_head":"<!-- This site is optimized with the Yoast SEO plugin v27.4 - https:\/\/yoast.com\/product\/yoast-seo-wordpress\/ -->\n<title>Case studies | CETEST<\/title>\n<meta name=\"description\" content=\"Descubra la experiencia de CETEST y sus ingenieros a trav\u00e9s de casos de estudio concretos: Distribuci\u00f3n irregular de la temperatura en el compartimento de pasajeros, Eficiencia del filtro de aire y caracterizaci\u00f3n t\u00e9rmica de la locomotora, Determinaci\u00f3n de la causa de las fisuras en el soporte de un bogie,...\" \/>\n<meta name=\"robots\" content=\"index, follow, max-snippet:-1, max-image-preview:large, max-video-preview:-1\" \/>\n<link rel=\"canonical\" href=\"https:\/\/www.cetestgroup.com\/es\/experiencia\/case-studies\/\" \/>\n<meta property=\"og:locale\" content=\"es_ES\" \/>\n<meta property=\"og:type\" content=\"article\" \/>\n<meta property=\"og:title\" content=\"Case studies | CETEST\" \/>\n<meta property=\"og:description\" content=\"Descubra la experiencia de CETEST y sus ingenieros a trav\u00e9s de casos de estudio concretos: Distribuci\u00f3n irregular de la temperatura en el compartimento de pasajeros, Eficiencia del filtro de aire y caracterizaci\u00f3n t\u00e9rmica de la locomotora, Determinaci\u00f3n de la causa de las fisuras en el soporte de un bogie,...\" \/>\n<meta property=\"og:url\" content=\"https:\/\/www.cetestgroup.com\/es\/experiencia\/case-studies\/\" \/>\n<meta property=\"og:site_name\" content=\"CETEST\" \/>\n<meta property=\"article:modified_time\" content=\"2019-07-23T06:59:32+00:00\" \/>\n<meta name=\"twitter:card\" content=\"summary_large_image\" \/>\n<script type=\"application\/ld+json\" class=\"yoast-schema-graph\">{\"@context\":\"https:\\\/\\\/schema.org\",\"@graph\":[{\"@type\":\"WebPage\",\"@id\":\"https:\\\/\\\/www.cetestgroup.com\\\/es\\\/experiencia\\\/case-studies\\\/\",\"url\":\"https:\\\/\\\/www.cetestgroup.com\\\/es\\\/experiencia\\\/case-studies\\\/\",\"name\":\"Case studies | CETEST\",\"isPartOf\":{\"@id\":\"https:\\\/\\\/www.cetestgroup.com\\\/es\\\/#website\"},\"datePublished\":\"2018-05-08T10:57:18+00:00\",\"dateModified\":\"2019-07-23T06:59:32+00:00\",\"description\":\"Descubra la experiencia de CETEST y sus ingenieros a trav\u00e9s de casos de estudio concretos: Distribuci\u00f3n irregular de la temperatura en el compartimento de pasajeros, Eficiencia del filtro de aire y caracterizaci\u00f3n t\u00e9rmica de la locomotora, Determinaci\u00f3n de la causa de las fisuras en el soporte de un bogie,...\",\"breadcrumb\":{\"@id\":\"https:\\\/\\\/www.cetestgroup.com\\\/es\\\/experiencia\\\/case-studies\\\/#breadcrumb\"},\"inLanguage\":\"es\",\"potentialAction\":[{\"@type\":\"ReadAction\",\"target\":[\"https:\\\/\\\/www.cetestgroup.com\\\/es\\\/experiencia\\\/case-studies\\\/\"]}]},{\"@type\":\"BreadcrumbList\",\"@id\":\"https:\\\/\\\/www.cetestgroup.com\\\/es\\\/experiencia\\\/case-studies\\\/#breadcrumb\",\"itemListElement\":[{\"@type\":\"ListItem\",\"position\":1,\"name\":\"Home\",\"item\":\"https:\\\/\\\/www.cetestgroup.com\\\/es\\\/\"},{\"@type\":\"ListItem\",\"position\":2,\"name\":\"Experiencia\",\"item\":\"https:\\\/\\\/www.cetestgroup.com\\\/our-expertise\\\/\"},{\"@type\":\"ListItem\",\"position\":3,\"name\":\"Case studies\"}]},{\"@type\":\"WebSite\",\"@id\":\"https:\\\/\\\/www.cetestgroup.com\\\/es\\\/#website\",\"url\":\"https:\\\/\\\/www.cetestgroup.com\\\/es\\\/\",\"name\":\"CETEST\",\"description\":\"CETEST is a fully accredited independent test laboratory offering services for design verification, model validation, developmental testing and\\\/or answers to help you identify failure root causes. We carry out tests in our facilities as well as on site as required by customer needs.\",\"potentialAction\":[{\"@type\":\"SearchAction\",\"target\":{\"@type\":\"EntryPoint\",\"urlTemplate\":\"https:\\\/\\\/www.cetestgroup.com\\\/es\\\/?s={search_term_string}\"},\"query-input\":{\"@type\":\"PropertyValueSpecification\",\"valueRequired\":true,\"valueName\":\"search_term_string\"}}],\"inLanguage\":\"es\"}]}<\/script>\n<!-- \/ Yoast SEO plugin. -->","yoast_head_json":{"title":"Case studies | CETEST","description":"Descubra la experiencia de CETEST y sus ingenieros a trav\u00e9s de casos de estudio concretos: Distribuci\u00f3n irregular de la temperatura en el compartimento de pasajeros, Eficiencia del filtro de aire y caracterizaci\u00f3n t\u00e9rmica de la locomotora, Determinaci\u00f3n de la causa de las fisuras en el soporte de un bogie,...","robots":{"index":"index","follow":"follow","max-snippet":"max-snippet:-1","max-image-preview":"max-image-preview:large","max-video-preview":"max-video-preview:-1"},"canonical":"https:\/\/www.cetestgroup.com\/es\/experiencia\/case-studies\/","og_locale":"es_ES","og_type":"article","og_title":"Case studies | CETEST","og_description":"Descubra la experiencia de CETEST y sus ingenieros a trav\u00e9s de casos de estudio concretos: Distribuci\u00f3n irregular de la temperatura en el compartimento de pasajeros, Eficiencia del filtro de aire y caracterizaci\u00f3n t\u00e9rmica de la locomotora, Determinaci\u00f3n de la causa de las fisuras en el soporte de un bogie,...","og_url":"https:\/\/www.cetestgroup.com\/es\/experiencia\/case-studies\/","og_site_name":"CETEST","article_modified_time":"2019-07-23T06:59:32+00:00","twitter_card":"summary_large_image","schema":{"@context":"https:\/\/schema.org","@graph":[{"@type":"WebPage","@id":"https:\/\/www.cetestgroup.com\/es\/experiencia\/case-studies\/","url":"https:\/\/www.cetestgroup.com\/es\/experiencia\/case-studies\/","name":"Case studies | CETEST","isPartOf":{"@id":"https:\/\/www.cetestgroup.com\/es\/#website"},"datePublished":"2018-05-08T10:57:18+00:00","dateModified":"2019-07-23T06:59:32+00:00","description":"Descubra la experiencia de CETEST y sus ingenieros a trav\u00e9s de casos de estudio concretos: Distribuci\u00f3n irregular de la temperatura en el compartimento de pasajeros, Eficiencia del filtro de aire y caracterizaci\u00f3n t\u00e9rmica de la locomotora, Determinaci\u00f3n de la causa de las fisuras en el soporte de un bogie,...","breadcrumb":{"@id":"https:\/\/www.cetestgroup.com\/es\/experiencia\/case-studies\/#breadcrumb"},"inLanguage":"es","potentialAction":[{"@type":"ReadAction","target":["https:\/\/www.cetestgroup.com\/es\/experiencia\/case-studies\/"]}]},{"@type":"BreadcrumbList","@id":"https:\/\/www.cetestgroup.com\/es\/experiencia\/case-studies\/#breadcrumb","itemListElement":[{"@type":"ListItem","position":1,"name":"Home","item":"https:\/\/www.cetestgroup.com\/es\/"},{"@type":"ListItem","position":2,"name":"Experiencia","item":"https:\/\/www.cetestgroup.com\/our-expertise\/"},{"@type":"ListItem","position":3,"name":"Case studies"}]},{"@type":"WebSite","@id":"https:\/\/www.cetestgroup.com\/es\/#website","url":"https:\/\/www.cetestgroup.com\/es\/","name":"CETEST","description":"CETEST is a fully accredited independent test laboratory offering services for design verification, model validation, developmental testing and\/or answers to help you identify failure root causes. We carry out tests in our facilities as well as on site as required by customer needs.","potentialAction":[{"@type":"SearchAction","target":{"@type":"EntryPoint","urlTemplate":"https:\/\/www.cetestgroup.com\/es\/?s={search_term_string}"},"query-input":{"@type":"PropertyValueSpecification","valueRequired":true,"valueName":"search_term_string"}}],"inLanguage":"es"}]}},"_links":{"self":[{"href":"https:\/\/www.cetestgroup.com\/es\/wp-json\/wp\/v2\/pages\/17954","targetHints":{"allow":["GET"]}}],"collection":[{"href":"https:\/\/www.cetestgroup.com\/es\/wp-json\/wp\/v2\/pages"}],"about":[{"href":"https:\/\/www.cetestgroup.com\/es\/wp-json\/wp\/v2\/types\/page"}],"author":[{"embeddable":true,"href":"https:\/\/www.cetestgroup.com\/es\/wp-json\/wp\/v2\/users\/1"}],"replies":[{"embeddable":true,"href":"https:\/\/www.cetestgroup.com\/es\/wp-json\/wp\/v2\/comments?post=17954"}],"version-history":[{"count":2,"href":"https:\/\/www.cetestgroup.com\/es\/wp-json\/wp\/v2\/pages\/17954\/revisions"}],"predecessor-version":[{"id":19043,"href":"https:\/\/www.cetestgroup.com\/es\/wp-json\/wp\/v2\/pages\/17954\/revisions\/19043"}],"up":[{"embeddable":true,"href":"https:\/\/www.cetestgroup.com\/es\/wp-json\/wp\/v2\/pages\/17909"}],"wp:attachment":[{"href":"https:\/\/www.cetestgroup.com\/es\/wp-json\/wp\/v2\/media?parent=17954"}],"curies":[{"name":"wp","href":"https:\/\/api.w.org\/{rel}","templated":true}]}}