{"id":17943,"date":"2018-05-08T10:01:46","date_gmt":"2018-05-08T09:01:46","guid":{"rendered":"https:\/\/www.cetestgroup.com\/?page_id=17943"},"modified":"2018-05-16T11:03:22","modified_gmt":"2018-05-16T10:03:22","slug":"dinamica-de-marcha","status":"publish","type":"page","link":"https:\/\/www.cetestgroup.com\/es\/experiencia\/dinamica-de-marcha\/","title":{"rendered":"Din\u00e1mica de marcha"},"content":{"rendered":"<div class=\"wpb-content-wrapper\"><p>[vc_row][vc_column]<div class=\"ult-spacer spacer-69dd037deab8b\" data-id=\"69dd037deab8b\" data-height=\"30\" data-height-mobile=\"20\" data-height-tab=\"20\" data-height-tab-portrait=\"\" data-height-mobile-landscape=\"\" style=\"clear:both;display:block;\"><\/div>[vc_single_image image=\u00bb16253&#8243; img_size=\u00bbfull\u00bb alignment=\u00bbcenter\u00bb]<div class=\"ult-spacer spacer-69dd037deabf1\" data-id=\"69dd037deabf1\" data-height=\"30\" data-height-mobile=\"20\" data-height-tab=\"20\" data-height-tab-portrait=\"\" data-height-mobile-landscape=\"\" style=\"clear:both;display:block;\"><\/div>[\/vc_column][\/vc_row][vc_row][vc_column width=\u00bb1\/2&#8243;][vc_column_text]Tenemos un conocimiento profundo de la din\u00e1mica de veh\u00edculo, incluida la interfaz rueda-carril, lo que nos permite no solo ayudar a nuestros clientes durante la certificaci\u00f3n de veh\u00edculos, sino tambi\u00e9n durante la fase de dise\u00f1o, aportando nuestra experiencia y apoyo en lo que a din\u00e1mica de veh\u00edculos se refiere.[\/vc_column_text]<div class=\"ult-spacer spacer-69dd037deac31\" data-id=\"69dd037deac31\" data-height=\"20\" data-height-mobile=\"20\" data-height-tab=\"20\" data-height-tab-portrait=\"\" data-height-mobile-landscape=\"\" style=\"clear:both;display:block;\"><\/div>[\/vc_column][vc_column width=\u00bb1\/2&#8243;][vc_single_image image=\u00bb16252&#8243; img_size=\u00bbfull\u00bb alignment=\u00bbcenter\u00bb][\/vc_column][\/vc_row][vc_row][vc_column]<div class=\"ult-spacer spacer-69dd037deac92\" data-id=\"69dd037deac92\" data-height=\"60\" data-height-mobile=\"20\" data-height-tab=\"30\" data-height-tab-portrait=\"\" data-height-mobile-landscape=\"\" style=\"clear:both;display:block;\"><\/div>[\/vc_column][\/vc_row]<\/p>\n<\/div>","protected":false},"excerpt":{"rendered":"<p>[vc_row][vc_column][vc_single_image image=\u00bb16253&#8243; img_size=\u00bbfull\u00bb alignment=\u00bbcenter\u00bb][\/vc_column][\/vc_row][vc_row][vc_column width=\u00bb1\/2&#8243;][vc_column_text]Tenemos un conocimiento profundo de la din\u00e1mica de veh\u00edculo, incluida la interfaz rueda-carril, lo que nos permite no solo ayudar a nuestros clientes durante la certificaci\u00f3n<\/p>\n","protected":false},"author":1,"featured_media":0,"parent":17909,"menu_order":0,"comment_status":"closed","ping_status":"closed","template":"tmp-page-right-sidebar.php","meta":{"_acf_changed":false,"footnotes":""},"class_list":["post-17943","page","type-page","status-publish","hentry"],"acf":[],"yoast_head":"<!-- This site is optimized with the Yoast SEO plugin v27.3 - https:\/\/yoast.com\/product\/yoast-seo-wordpress\/ -->\n<title>Din\u00e1mica de marcha de veh\u00edculos ferroviarios | CETEST<\/title>\n<meta name=\"description\" content=\"En CETEST tenemos un conocimiento profundo de la din\u00e1mica de veh\u00edculo, incluida la interfaz rueda-carril, lo que nos permite ayudar a nuestros clientes durante la certificaci\u00f3n de veh\u00edculos y durante la fase de dise\u00f1o, aportando nuestra experiencia y apoyo en lo que a din\u00e1mica de veh\u00edculos se refiere.\" \/>\n<meta name=\"robots\" content=\"index, follow, max-snippet:-1, max-image-preview:large, max-video-preview:-1\" \/>\n<link rel=\"canonical\" href=\"https:\/\/www.cetestgroup.com\/es\/experiencia\/dinamica-de-marcha\/\" \/>\n<meta property=\"og:locale\" content=\"es_ES\" \/>\n<meta property=\"og:type\" content=\"article\" \/>\n<meta property=\"og:title\" content=\"Din\u00e1mica de marcha de veh\u00edculos ferroviarios | CETEST\" \/>\n<meta property=\"og:description\" content=\"En CETEST tenemos un conocimiento profundo de la din\u00e1mica de veh\u00edculo, incluida la interfaz rueda-carril, lo que nos permite ayudar a nuestros clientes durante la certificaci\u00f3n de veh\u00edculos y durante la fase de dise\u00f1o, aportando nuestra experiencia y apoyo en lo que a din\u00e1mica de veh\u00edculos se refiere.\" \/>\n<meta property=\"og:url\" content=\"https:\/\/www.cetestgroup.com\/es\/experiencia\/dinamica-de-marcha\/\" \/>\n<meta property=\"og:site_name\" content=\"CETEST\" \/>\n<meta property=\"article:modified_time\" content=\"2018-05-16T10:03:22+00:00\" \/>\n<meta name=\"twitter:card\" content=\"summary_large_image\" \/>\n<meta name=\"twitter:label1\" content=\"Tiempo de lectura\" \/>\n\t<meta name=\"twitter:data1\" content=\"1 minuto\" \/>\n<script type=\"application\/ld+json\" class=\"yoast-schema-graph\">{\"@context\":\"https:\\\/\\\/schema.org\",\"@graph\":[{\"@type\":\"WebPage\",\"@id\":\"https:\\\/\\\/www.cetestgroup.com\\\/es\\\/experiencia\\\/dinamica-de-marcha\\\/\",\"url\":\"https:\\\/\\\/www.cetestgroup.com\\\/es\\\/experiencia\\\/dinamica-de-marcha\\\/\",\"name\":\"Din\u00e1mica de marcha de veh\u00edculos ferroviarios | CETEST\",\"isPartOf\":{\"@id\":\"https:\\\/\\\/www.cetestgroup.com\\\/es\\\/#website\"},\"datePublished\":\"2018-05-08T09:01:46+00:00\",\"dateModified\":\"2018-05-16T10:03:22+00:00\",\"description\":\"En CETEST tenemos un conocimiento profundo de la din\u00e1mica de veh\u00edculo, incluida la interfaz rueda-carril, lo que nos permite ayudar a nuestros clientes durante la certificaci\u00f3n de veh\u00edculos y durante la fase de dise\u00f1o, aportando nuestra experiencia y apoyo en lo que a din\u00e1mica de veh\u00edculos se refiere.\",\"breadcrumb\":{\"@id\":\"https:\\\/\\\/www.cetestgroup.com\\\/es\\\/experiencia\\\/dinamica-de-marcha\\\/#breadcrumb\"},\"inLanguage\":\"es\",\"potentialAction\":[{\"@type\":\"ReadAction\",\"target\":[\"https:\\\/\\\/www.cetestgroup.com\\\/es\\\/experiencia\\\/dinamica-de-marcha\\\/\"]}]},{\"@type\":\"BreadcrumbList\",\"@id\":\"https:\\\/\\\/www.cetestgroup.com\\\/es\\\/experiencia\\\/dinamica-de-marcha\\\/#breadcrumb\",\"itemListElement\":[{\"@type\":\"ListItem\",\"position\":1,\"name\":\"Home\",\"item\":\"https:\\\/\\\/www.cetestgroup.com\\\/es\\\/\"},{\"@type\":\"ListItem\",\"position\":2,\"name\":\"Experiencia\",\"item\":\"https:\\\/\\\/www.cetestgroup.com\\\/our-expertise\\\/\"},{\"@type\":\"ListItem\",\"position\":3,\"name\":\"Din\u00e1mica de marcha\"}]},{\"@type\":\"WebSite\",\"@id\":\"https:\\\/\\\/www.cetestgroup.com\\\/es\\\/#website\",\"url\":\"https:\\\/\\\/www.cetestgroup.com\\\/es\\\/\",\"name\":\"CETEST\",\"description\":\"CETEST is a fully accredited independent test laboratory offering services for design verification, model validation, developmental testing and\\\/or answers to help you identify failure root causes. We carry out tests in our facilities as well as on site as required by customer needs.\",\"potentialAction\":[{\"@type\":\"SearchAction\",\"target\":{\"@type\":\"EntryPoint\",\"urlTemplate\":\"https:\\\/\\\/www.cetestgroup.com\\\/es\\\/?s={search_term_string}\"},\"query-input\":{\"@type\":\"PropertyValueSpecification\",\"valueRequired\":true,\"valueName\":\"search_term_string\"}}],\"inLanguage\":\"es\"}]}<\/script>\n<!-- \/ Yoast SEO plugin. -->","yoast_head_json":{"title":"Din\u00e1mica de marcha de veh\u00edculos ferroviarios | CETEST","description":"En CETEST tenemos un conocimiento profundo de la din\u00e1mica de veh\u00edculo, incluida la interfaz rueda-carril, lo que nos permite ayudar a nuestros clientes durante la certificaci\u00f3n de veh\u00edculos y durante la fase de dise\u00f1o, aportando nuestra experiencia y apoyo en lo que a din\u00e1mica de veh\u00edculos se refiere.","robots":{"index":"index","follow":"follow","max-snippet":"max-snippet:-1","max-image-preview":"max-image-preview:large","max-video-preview":"max-video-preview:-1"},"canonical":"https:\/\/www.cetestgroup.com\/es\/experiencia\/dinamica-de-marcha\/","og_locale":"es_ES","og_type":"article","og_title":"Din\u00e1mica de marcha de veh\u00edculos ferroviarios | CETEST","og_description":"En CETEST tenemos un conocimiento profundo de la din\u00e1mica de veh\u00edculo, incluida la interfaz rueda-carril, lo que nos permite ayudar a nuestros clientes durante la certificaci\u00f3n de veh\u00edculos y durante la fase de dise\u00f1o, aportando nuestra experiencia y apoyo en lo que a din\u00e1mica de veh\u00edculos se refiere.","og_url":"https:\/\/www.cetestgroup.com\/es\/experiencia\/dinamica-de-marcha\/","og_site_name":"CETEST","article_modified_time":"2018-05-16T10:03:22+00:00","twitter_card":"summary_large_image","twitter_misc":{"Tiempo de lectura":"1 minuto"},"schema":{"@context":"https:\/\/schema.org","@graph":[{"@type":"WebPage","@id":"https:\/\/www.cetestgroup.com\/es\/experiencia\/dinamica-de-marcha\/","url":"https:\/\/www.cetestgroup.com\/es\/experiencia\/dinamica-de-marcha\/","name":"Din\u00e1mica de marcha de veh\u00edculos ferroviarios | CETEST","isPartOf":{"@id":"https:\/\/www.cetestgroup.com\/es\/#website"},"datePublished":"2018-05-08T09:01:46+00:00","dateModified":"2018-05-16T10:03:22+00:00","description":"En CETEST tenemos un conocimiento profundo de la din\u00e1mica de veh\u00edculo, incluida la interfaz rueda-carril, lo que nos permite ayudar a nuestros clientes durante la certificaci\u00f3n de veh\u00edculos y durante la fase de dise\u00f1o, aportando nuestra experiencia y apoyo en lo que a din\u00e1mica de veh\u00edculos se refiere.","breadcrumb":{"@id":"https:\/\/www.cetestgroup.com\/es\/experiencia\/dinamica-de-marcha\/#breadcrumb"},"inLanguage":"es","potentialAction":[{"@type":"ReadAction","target":["https:\/\/www.cetestgroup.com\/es\/experiencia\/dinamica-de-marcha\/"]}]},{"@type":"BreadcrumbList","@id":"https:\/\/www.cetestgroup.com\/es\/experiencia\/dinamica-de-marcha\/#breadcrumb","itemListElement":[{"@type":"ListItem","position":1,"name":"Home","item":"https:\/\/www.cetestgroup.com\/es\/"},{"@type":"ListItem","position":2,"name":"Experiencia","item":"https:\/\/www.cetestgroup.com\/our-expertise\/"},{"@type":"ListItem","position":3,"name":"Din\u00e1mica de marcha"}]},{"@type":"WebSite","@id":"https:\/\/www.cetestgroup.com\/es\/#website","url":"https:\/\/www.cetestgroup.com\/es\/","name":"CETEST","description":"CETEST is a fully accredited independent test laboratory offering services for design verification, model validation, developmental testing and\/or answers to help you identify failure root causes. We carry out tests in our facilities as well as on site as required by customer needs.","potentialAction":[{"@type":"SearchAction","target":{"@type":"EntryPoint","urlTemplate":"https:\/\/www.cetestgroup.com\/es\/?s={search_term_string}"},"query-input":{"@type":"PropertyValueSpecification","valueRequired":true,"valueName":"search_term_string"}}],"inLanguage":"es"}]}},"_links":{"self":[{"href":"https:\/\/www.cetestgroup.com\/es\/wp-json\/wp\/v2\/pages\/17943","targetHints":{"allow":["GET"]}}],"collection":[{"href":"https:\/\/www.cetestgroup.com\/es\/wp-json\/wp\/v2\/pages"}],"about":[{"href":"https:\/\/www.cetestgroup.com\/es\/wp-json\/wp\/v2\/types\/page"}],"author":[{"embeddable":true,"href":"https:\/\/www.cetestgroup.com\/es\/wp-json\/wp\/v2\/users\/1"}],"replies":[{"embeddable":true,"href":"https:\/\/www.cetestgroup.com\/es\/wp-json\/wp\/v2\/comments?post=17943"}],"version-history":[{"count":2,"href":"https:\/\/www.cetestgroup.com\/es\/wp-json\/wp\/v2\/pages\/17943\/revisions"}],"predecessor-version":[{"id":17945,"href":"https:\/\/www.cetestgroup.com\/es\/wp-json\/wp\/v2\/pages\/17943\/revisions\/17945"}],"up":[{"embeddable":true,"href":"https:\/\/www.cetestgroup.com\/es\/wp-json\/wp\/v2\/pages\/17909"}],"wp:attachment":[{"href":"https:\/\/www.cetestgroup.com\/es\/wp-json\/wp\/v2\/media?parent=17943"}],"curies":[{"name":"wp","href":"https:\/\/api.w.org\/{rel}","templated":true}]}}