{"id":17940,"date":"2018-05-08T09:50:48","date_gmt":"2018-05-08T08:50:48","guid":{"rendered":"https:\/\/www.cetestgroup.com\/?page_id=17940"},"modified":"2018-05-16T11:00:46","modified_gmt":"2018-05-16T10:00:46","slug":"acustica-y-vibraciones","status":"publish","type":"page","link":"https:\/\/www.cetestgroup.com\/es\/experiencia\/acustica-y-vibraciones\/","title":{"rendered":"Ac\u00fastica y vibraciones"},"content":{"rendered":"<div class=\"wpb-content-wrapper\"><p>[vc_row][vc_column]<div class=\"ult-spacer spacer-69dcb3509b353\" data-id=\"69dcb3509b353\" data-height=\"30\" data-height-mobile=\"20\" data-height-tab=\"20\" data-height-tab-portrait=\"\" data-height-mobile-landscape=\"\" style=\"clear:both;display:block;\"><\/div>[\/vc_column][\/vc_row][vc_row][vc_column width=\u00bb1\/2&#8243;][vc_column_text]Contamos con los medios y el conocimiento pr\u00e1ctico para analizar y ofrecer soluciones para cada necesidad de medida de todo tipo ruido y\/o vibraci\u00f3n en m\u00e1quinas, componentes, estructuras, etc. Podemos llevar a cabo ensayos en nuestras instalaciones, as\u00ed como en campo.<\/p>\n<p>En CETEST, somos expertos en adquisici\u00f3n de datos de ruido y vibraci\u00f3n, as\u00ed como en su posterior an\u00e1lisis para evaluar la resistencia a las vibraciones, an\u00e1lisis modal, etc.[\/vc_column_text]<div class=\"ult-spacer spacer-69dcb3509b39e\" data-id=\"69dcb3509b39e\" data-height=\"30\" data-height-mobile=\"30\" data-height-tab=\"30\" data-height-tab-portrait=\"\" data-height-mobile-landscape=\"\" style=\"clear:both;display:block;\"><\/div>[\/vc_column][vc_column width=\u00bb1\/2&#8243;]<div id=\"dfd-carousel-69dcb3509b43a\" class=\"dfd-carousel-wrapper\"><div class=\"dfd-carousel-module-wrapper  dfd-carousel-horizontal dfd-arrows_aside2 dfdfillsquare dfd-arrows-style_4 dfd-arrows-enabled dfd-dots-enabled\" ><div class=\"dfd-carousel\">[vc_single_image image=\u00bb16248&#8243; img_size=\u00bbfull\u00bb alignment=\u00bbcenter\u00bb][vc_single_image image=\u00bb16247&#8243; img_size=\u00bbfull\u00bb alignment=\u00bbcenter\u00bb]<\/div><a href=\"#\" class=\"dfd-slider-control prev\" title=\"Previous slide\"><i class=\"dfd-added-font-icon-left-open2\"><\/i><\/a><a href=\"#\" class=\"dfd-slider-control next\" title=\"Next slide\"><i class=\"dfd-added-font-icon-right-open2\"><\/i><\/a><\/div>\t\t\t\t<script type=\"text\/javascript\">\r\n\t\t\t\t\t(function($) {\r\n\t\t\t\t\t\t\"use strict\";\r\n\t\t\t\t\t\tvar $carousel = $('#dfd-carousel-69dcb3509b43a').find('.dfd-carousel');\r\n\t\t\t\t\t\t$(document).ready(function() {\r\n\t\t\t\t\t\t\tvar $initialized = ($('body').hasClass('page-template-tmp-side-by-side')) ? $carousel.not('.slick-initialized') : $carousel;\r\n\t\t\t\t\t\t\t\t\t\t\t\t\t\t$carousel.siblings('.dfd-slider-control.prev').click(function(e) {\r\n\t\t\t\t\t\t\t\te.preventDefault();\r\n\t\t\t\t\t\t\t\t$carousel.eq(0).slick('slickPrev');\r\n\t\t\t\t\t\t\t});\r\n\t\t\t\t\t\t\t$carousel.siblings('.dfd-slider-control.next').click(function(e) {\r\n\t\t\t\t\t\t\t\te.preventDefault();\r\n\t\t\t\t\t\t\t\t$carousel.eq(0).slick('slickNext');\r\n\t\t\t\t\t\t\t});\r\n\t\t\t\t\t\t\t$initialized.slick({arrows: false,dotsClass: 'dfd-slick-dots',slidesToScroll: 1,autoplay: true,autoplaySpeed: 5000,dots: true,customPaging: function(slider, i) {\r\n\t\t\t\t\t\t\t\t\treturn '<span data-role=\"none\" role=\"button\" aria-required=\"false\" tabindex=\"0\"><\/span>';\r\n\t\t\t\t\t\t\t\t},infinite: true,slidesToShow: 1,speed: 300,swipe: true,draggable: true,adaptiveHeight: true,responsive: [\r\n\t\t\t\t\t\t\t{\r\n\t\t\t\t\t\t\t\tbreakpoint: 1024,\r\n\t\t\t\t\t\t\t\tsettings: {\r\n\t\t\t\t\t\t\t\t\tslidesToShow: 1,\r\n\t\t\t\t\t\t\t\t\tslidesToScroll: 1,\r\n\t\t\t\t\t\t\t\t}\r\n\t\t\t\t\t\t\t},\r\n\t\t\t\t\t\t\t{\r\n\t\t\t\t\t\t\t\tbreakpoint: 800,\r\n\t\t\t\t\t\t\t\tsettings: {\r\n\t\t\t\t\t\t\t\t\tslidesToShow: 1,\r\n\t\t\t\t\t\t\t\t\tslidesToScroll: 1,\r\n\t\t\t\t\t\t\t\t}\r\n\t\t\t\t\t\t\t},\r\n\t\t\t\t\t\t\t{\r\n\t\t\t\t\t\t\t\tbreakpoint: 480,\r\n\t\t\t\t\t\t\t\tsettings: {\r\n\t\t\t\t\t\t\t\t\tslidesToShow: 1,\r\n\t\t\t\t\t\t\t\t\tslidesToScroll: 1,\r\n\t\t\t\t\t\t\t\t}\r\n\t\t\t\t\t\t\t},]});\r\n\t\t\t\t\t\t\t$(\"head\").append(\"<style>#dfd-carousel-69dcb3509b43a > .dfd-carousel-module-wrapper > .dfd-carousel > .slick-list > .slick-track > .dfd-item-wrap > .cover {padding: 10px;}#dfd-carousel-69dcb3509b43a {margin: -10px;}<\/style>\")\t\t\t\t\t\t});\r\n\t\t\t\t\t})(jQuery);\r\n\t\t\t\t<\/script>\r\n            <\/div>[\/vc_column][\/vc_row][vc_row][vc_column]<div class=\"ult-spacer spacer-69dcb3509b4ce\" data-id=\"69dcb3509b4ce\" data-height=\"60\" data-height-mobile=\"20\" data-height-tab=\"30\" data-height-tab-portrait=\"\" data-height-mobile-landscape=\"\" style=\"clear:both;display:block;\"><\/div>[\/vc_column][\/vc_row][vc_row][vc_column][vc_column_text]<\/p>\n<p>[\/vc_column_text][\/vc_column][\/vc_row]<\/p>\n<\/div>","protected":false},"excerpt":{"rendered":"<p>[vc_row][vc_column][\/vc_column][\/vc_row][vc_row][vc_column width=\u00bb1\/2&#8243;][vc_column_text]Contamos con los medios y el conocimiento pr\u00e1ctico para analizar y ofrecer soluciones para cada necesidad de medida de todo tipo ruido y\/o vibraci\u00f3n en m\u00e1quinas, componentes, estructuras, etc.<\/p>\n","protected":false},"author":1,"featured_media":0,"parent":17909,"menu_order":0,"comment_status":"closed","ping_status":"closed","template":"tmp-page-right-sidebar.php","meta":{"_acf_changed":false,"footnotes":""},"class_list":["post-17940","page","type-page","status-publish","hentry"],"acf":[],"yoast_head":"<!-- This site is optimized with the Yoast SEO plugin v27.3 - https:\/\/yoast.com\/product\/yoast-seo-wordpress\/ -->\n<title>Ac\u00fastica y vibraciones | CETEST<\/title>\n<meta name=\"description\" content=\"Contamos con los medios y el conocimiento pr\u00e1ctico para analizar y ofrecer soluciones para cada necesidad de medida de todo tipo ruido y\/o vibraci\u00f3n en m\u00e1quinas, componentes, estructuras, etc. Podemos llevar a cabo ensayos en nuestras instalaciones, as\u00ed como en campo.\" \/>\n<meta name=\"robots\" content=\"index, follow, max-snippet:-1, max-image-preview:large, max-video-preview:-1\" \/>\n<link rel=\"canonical\" href=\"https:\/\/www.cetestgroup.com\/es\/experiencia\/acustica-y-vibraciones\/\" \/>\n<meta property=\"og:locale\" content=\"es_ES\" \/>\n<meta property=\"og:type\" content=\"article\" \/>\n<meta property=\"og:title\" content=\"Ac\u00fastica y vibraciones | CETEST\" \/>\n<meta property=\"og:description\" content=\"Contamos con los medios y el conocimiento pr\u00e1ctico para analizar y ofrecer soluciones para cada necesidad de medida de todo tipo ruido y\/o vibraci\u00f3n en m\u00e1quinas, componentes, estructuras, etc. Podemos llevar a cabo ensayos en nuestras instalaciones, as\u00ed como en campo.\" \/>\n<meta property=\"og:url\" content=\"https:\/\/www.cetestgroup.com\/es\/experiencia\/acustica-y-vibraciones\/\" \/>\n<meta property=\"og:site_name\" content=\"CETEST\" \/>\n<meta property=\"article:modified_time\" content=\"2018-05-16T10:00:46+00:00\" \/>\n<meta name=\"twitter:card\" content=\"summary_large_image\" \/>\n<meta name=\"twitter:label1\" content=\"Tiempo de lectura\" \/>\n\t<meta name=\"twitter:data1\" content=\"1 minuto\" \/>\n<script type=\"application\/ld+json\" class=\"yoast-schema-graph\">{\"@context\":\"https:\\\/\\\/schema.org\",\"@graph\":[{\"@type\":\"WebPage\",\"@id\":\"https:\\\/\\\/www.cetestgroup.com\\\/es\\\/experiencia\\\/acustica-y-vibraciones\\\/\",\"url\":\"https:\\\/\\\/www.cetestgroup.com\\\/es\\\/experiencia\\\/acustica-y-vibraciones\\\/\",\"name\":\"Ac\u00fastica y vibraciones | CETEST\",\"isPartOf\":{\"@id\":\"https:\\\/\\\/www.cetestgroup.com\\\/es\\\/#website\"},\"datePublished\":\"2018-05-08T08:50:48+00:00\",\"dateModified\":\"2018-05-16T10:00:46+00:00\",\"description\":\"Contamos con los medios y el conocimiento pr\u00e1ctico para analizar y ofrecer soluciones para cada necesidad de medida de todo tipo ruido y\\\/o vibraci\u00f3n en m\u00e1quinas, componentes, estructuras, etc. Podemos llevar a cabo ensayos en nuestras instalaciones, as\u00ed como en campo.\",\"breadcrumb\":{\"@id\":\"https:\\\/\\\/www.cetestgroup.com\\\/es\\\/experiencia\\\/acustica-y-vibraciones\\\/#breadcrumb\"},\"inLanguage\":\"es\",\"potentialAction\":[{\"@type\":\"ReadAction\",\"target\":[\"https:\\\/\\\/www.cetestgroup.com\\\/es\\\/experiencia\\\/acustica-y-vibraciones\\\/\"]}]},{\"@type\":\"BreadcrumbList\",\"@id\":\"https:\\\/\\\/www.cetestgroup.com\\\/es\\\/experiencia\\\/acustica-y-vibraciones\\\/#breadcrumb\",\"itemListElement\":[{\"@type\":\"ListItem\",\"position\":1,\"name\":\"Home\",\"item\":\"https:\\\/\\\/www.cetestgroup.com\\\/es\\\/\"},{\"@type\":\"ListItem\",\"position\":2,\"name\":\"Experiencia\",\"item\":\"https:\\\/\\\/www.cetestgroup.com\\\/our-expertise\\\/\"},{\"@type\":\"ListItem\",\"position\":3,\"name\":\"Ac\u00fastica y vibraciones\"}]},{\"@type\":\"WebSite\",\"@id\":\"https:\\\/\\\/www.cetestgroup.com\\\/es\\\/#website\",\"url\":\"https:\\\/\\\/www.cetestgroup.com\\\/es\\\/\",\"name\":\"CETEST\",\"description\":\"CETEST is a fully accredited independent test laboratory offering services for design verification, model validation, developmental testing and\\\/or answers to help you identify failure root causes. We carry out tests in our facilities as well as on site as required by customer needs.\",\"potentialAction\":[{\"@type\":\"SearchAction\",\"target\":{\"@type\":\"EntryPoint\",\"urlTemplate\":\"https:\\\/\\\/www.cetestgroup.com\\\/es\\\/?s={search_term_string}\"},\"query-input\":{\"@type\":\"PropertyValueSpecification\",\"valueRequired\":true,\"valueName\":\"search_term_string\"}}],\"inLanguage\":\"es\"}]}<\/script>\n<!-- \/ Yoast SEO plugin. -->","yoast_head_json":{"title":"Ac\u00fastica y vibraciones | CETEST","description":"Contamos con los medios y el conocimiento pr\u00e1ctico para analizar y ofrecer soluciones para cada necesidad de medida de todo tipo ruido y\/o vibraci\u00f3n en m\u00e1quinas, componentes, estructuras, etc. Podemos llevar a cabo ensayos en nuestras instalaciones, as\u00ed como en campo.","robots":{"index":"index","follow":"follow","max-snippet":"max-snippet:-1","max-image-preview":"max-image-preview:large","max-video-preview":"max-video-preview:-1"},"canonical":"https:\/\/www.cetestgroup.com\/es\/experiencia\/acustica-y-vibraciones\/","og_locale":"es_ES","og_type":"article","og_title":"Ac\u00fastica y vibraciones | CETEST","og_description":"Contamos con los medios y el conocimiento pr\u00e1ctico para analizar y ofrecer soluciones para cada necesidad de medida de todo tipo ruido y\/o vibraci\u00f3n en m\u00e1quinas, componentes, estructuras, etc. Podemos llevar a cabo ensayos en nuestras instalaciones, as\u00ed como en campo.","og_url":"https:\/\/www.cetestgroup.com\/es\/experiencia\/acustica-y-vibraciones\/","og_site_name":"CETEST","article_modified_time":"2018-05-16T10:00:46+00:00","twitter_card":"summary_large_image","twitter_misc":{"Tiempo de lectura":"1 minuto"},"schema":{"@context":"https:\/\/schema.org","@graph":[{"@type":"WebPage","@id":"https:\/\/www.cetestgroup.com\/es\/experiencia\/acustica-y-vibraciones\/","url":"https:\/\/www.cetestgroup.com\/es\/experiencia\/acustica-y-vibraciones\/","name":"Ac\u00fastica y vibraciones | CETEST","isPartOf":{"@id":"https:\/\/www.cetestgroup.com\/es\/#website"},"datePublished":"2018-05-08T08:50:48+00:00","dateModified":"2018-05-16T10:00:46+00:00","description":"Contamos con los medios y el conocimiento pr\u00e1ctico para analizar y ofrecer soluciones para cada necesidad de medida de todo tipo ruido y\/o vibraci\u00f3n en m\u00e1quinas, componentes, estructuras, etc. Podemos llevar a cabo ensayos en nuestras instalaciones, as\u00ed como en campo.","breadcrumb":{"@id":"https:\/\/www.cetestgroup.com\/es\/experiencia\/acustica-y-vibraciones\/#breadcrumb"},"inLanguage":"es","potentialAction":[{"@type":"ReadAction","target":["https:\/\/www.cetestgroup.com\/es\/experiencia\/acustica-y-vibraciones\/"]}]},{"@type":"BreadcrumbList","@id":"https:\/\/www.cetestgroup.com\/es\/experiencia\/acustica-y-vibraciones\/#breadcrumb","itemListElement":[{"@type":"ListItem","position":1,"name":"Home","item":"https:\/\/www.cetestgroup.com\/es\/"},{"@type":"ListItem","position":2,"name":"Experiencia","item":"https:\/\/www.cetestgroup.com\/our-expertise\/"},{"@type":"ListItem","position":3,"name":"Ac\u00fastica y vibraciones"}]},{"@type":"WebSite","@id":"https:\/\/www.cetestgroup.com\/es\/#website","url":"https:\/\/www.cetestgroup.com\/es\/","name":"CETEST","description":"CETEST is a fully accredited independent test laboratory offering services for design verification, model validation, developmental testing and\/or answers to help you identify failure root causes. We carry out tests in our facilities as well as on site as required by customer needs.","potentialAction":[{"@type":"SearchAction","target":{"@type":"EntryPoint","urlTemplate":"https:\/\/www.cetestgroup.com\/es\/?s={search_term_string}"},"query-input":{"@type":"PropertyValueSpecification","valueRequired":true,"valueName":"search_term_string"}}],"inLanguage":"es"}]}},"_links":{"self":[{"href":"https:\/\/www.cetestgroup.com\/es\/wp-json\/wp\/v2\/pages\/17940","targetHints":{"allow":["GET"]}}],"collection":[{"href":"https:\/\/www.cetestgroup.com\/es\/wp-json\/wp\/v2\/pages"}],"about":[{"href":"https:\/\/www.cetestgroup.com\/es\/wp-json\/wp\/v2\/types\/page"}],"author":[{"embeddable":true,"href":"https:\/\/www.cetestgroup.com\/es\/wp-json\/wp\/v2\/users\/1"}],"replies":[{"embeddable":true,"href":"https:\/\/www.cetestgroup.com\/es\/wp-json\/wp\/v2\/comments?post=17940"}],"version-history":[{"count":2,"href":"https:\/\/www.cetestgroup.com\/es\/wp-json\/wp\/v2\/pages\/17940\/revisions"}],"predecessor-version":[{"id":17942,"href":"https:\/\/www.cetestgroup.com\/es\/wp-json\/wp\/v2\/pages\/17940\/revisions\/17942"}],"up":[{"embeddable":true,"href":"https:\/\/www.cetestgroup.com\/es\/wp-json\/wp\/v2\/pages\/17909"}],"wp:attachment":[{"href":"https:\/\/www.cetestgroup.com\/es\/wp-json\/wp\/v2\/media?parent=17940"}],"curies":[{"name":"wp","href":"https:\/\/api.w.org\/{rel}","templated":true}]}}