{"id":17937,"date":"2018-05-08T09:41:29","date_gmt":"2018-05-08T08:41:29","guid":{"rendered":"https:\/\/www.cetestgroup.com\/?page_id=17937"},"modified":"2018-05-16T11:02:36","modified_gmt":"2018-05-16T10:02:36","slug":"sistemas-de-medicion-y-bancos-de-ensayo-especiales","status":"publish","type":"page","link":"https:\/\/www.cetestgroup.com\/es\/experiencia\/sistemas-de-medicion-y-bancos-de-ensayo-especiales\/","title":{"rendered":"Sistemas de medici\u00f3n y bancos de ensayo especiales"},"content":{"rendered":"<div class=\"wpb-content-wrapper\"><p>[vc_row][vc_column]<div class=\"ult-spacer spacer-69dc8bba030c9\" data-id=\"69dc8bba030c9\" data-height=\"30\" data-height-mobile=\"20\" data-height-tab=\"20\" data-height-tab-portrait=\"\" data-height-mobile-landscape=\"\" style=\"clear:both;display:block;\"><\/div>[vc_single_image image=\u00bb16244&#8243; img_size=\u00bbfull\u00bb alignment=\u00bbcenter\u00bb]<div class=\"ult-spacer spacer-69dc8bba03114\" data-id=\"69dc8bba03114\" data-height=\"30\" data-height-mobile=\"20\" data-height-tab=\"20\" data-height-tab-portrait=\"\" data-height-mobile-landscape=\"\" style=\"clear:both;display:block;\"><\/div>[\/vc_column][\/vc_row][vc_row][vc_column][vc_column_text]Una capacidad exclusiva y diferencial de CETEST es nuestro conocimiento pr\u00e1ctico y nuestra experiencia en el desarrollo de soluciones mecatr\u00f3nicas: soluciones de control y detecci\u00f3n a medida donde se a\u00fana el dise\u00f1o mec\u00e1nico con los sistemas electr\u00f3nicos.<\/p>\n<p>Cabe mencionar las soluciones para ensayo de sistemas mediante actuadores servohidr\u00e1ulicos y t\u00e9cnicas avanzadas de control.[\/vc_column_text][\/vc_column][\/vc_row][vc_row][vc_column]<div class=\"ult-spacer spacer-69dc8bba0315e\" data-id=\"69dc8bba0315e\" data-height=\"60\" data-height-mobile=\"20\" data-height-tab=\"30\" data-height-tab-portrait=\"\" data-height-mobile-landscape=\"\" style=\"clear:both;display:block;\"><\/div>[\/vc_column][\/vc_row]<\/p>\n<\/div>","protected":false},"excerpt":{"rendered":"<p>[vc_row][vc_column][vc_single_image image=\u00bb16244&#8243; img_size=\u00bbfull\u00bb alignment=\u00bbcenter\u00bb][\/vc_column][\/vc_row][vc_row][vc_column][vc_column_text]Una capacidad exclusiva y diferencial de CETEST es nuestro conocimiento pr\u00e1ctico y nuestra experiencia en el desarrollo de soluciones mecatr\u00f3nicas: soluciones de control y detecci\u00f3n a medida<\/p>\n","protected":false},"author":1,"featured_media":0,"parent":17909,"menu_order":0,"comment_status":"closed","ping_status":"closed","template":"tmp-page-right-sidebar.php","meta":{"_acf_changed":false,"footnotes":""},"class_list":["post-17937","page","type-page","status-publish","hentry"],"acf":[],"yoast_head":"<!-- This site is optimized with the Yoast SEO plugin v27.3 - https:\/\/yoast.com\/product\/yoast-seo-wordpress\/ -->\n<title>Sistemas de medici\u00f3n y bancos de ensayo especiales | CETEST<\/title>\n<meta name=\"description\" content=\"Conocimiento pr\u00e1ctico y experiencia en el desarrollo de soluciones mecatr\u00f3nicas: soluciones de control y detecci\u00f3n a medida donde se a\u00fana el dise\u00f1o mec\u00e1nico con los sistemas electr\u00f3nicos. Soluciones para ensayo de sistemas mediante actuadores servohidr\u00e1ulicos y t\u00e9cnicas avanzadas de control.\" \/>\n<meta name=\"robots\" content=\"index, follow, max-snippet:-1, max-image-preview:large, max-video-preview:-1\" \/>\n<link rel=\"canonical\" href=\"https:\/\/www.cetestgroup.com\/es\/experiencia\/sistemas-de-medicion-y-bancos-de-ensayo-especiales\/\" \/>\n<meta property=\"og:locale\" content=\"es_ES\" \/>\n<meta property=\"og:type\" content=\"article\" \/>\n<meta property=\"og:title\" content=\"Sistemas de medici\u00f3n y bancos de ensayo especiales | CETEST\" \/>\n<meta property=\"og:description\" content=\"Conocimiento pr\u00e1ctico y experiencia en el desarrollo de soluciones mecatr\u00f3nicas: soluciones de control y detecci\u00f3n a medida donde se a\u00fana el dise\u00f1o mec\u00e1nico con los sistemas electr\u00f3nicos. Soluciones para ensayo de sistemas mediante actuadores servohidr\u00e1ulicos y t\u00e9cnicas avanzadas de control.\" \/>\n<meta property=\"og:url\" content=\"https:\/\/www.cetestgroup.com\/es\/experiencia\/sistemas-de-medicion-y-bancos-de-ensayo-especiales\/\" \/>\n<meta property=\"og:site_name\" content=\"CETEST\" \/>\n<meta property=\"article:modified_time\" content=\"2018-05-16T10:02:36+00:00\" \/>\n<meta name=\"twitter:card\" content=\"summary_large_image\" \/>\n<meta name=\"twitter:label1\" content=\"Tiempo de lectura\" \/>\n\t<meta name=\"twitter:data1\" content=\"1 minuto\" \/>\n<script type=\"application\/ld+json\" class=\"yoast-schema-graph\">{\"@context\":\"https:\\\/\\\/schema.org\",\"@graph\":[{\"@type\":\"WebPage\",\"@id\":\"https:\\\/\\\/www.cetestgroup.com\\\/es\\\/experiencia\\\/sistemas-de-medicion-y-bancos-de-ensayo-especiales\\\/\",\"url\":\"https:\\\/\\\/www.cetestgroup.com\\\/es\\\/experiencia\\\/sistemas-de-medicion-y-bancos-de-ensayo-especiales\\\/\",\"name\":\"Sistemas de medici\u00f3n y bancos de ensayo especiales | CETEST\",\"isPartOf\":{\"@id\":\"https:\\\/\\\/www.cetestgroup.com\\\/es\\\/#website\"},\"datePublished\":\"2018-05-08T08:41:29+00:00\",\"dateModified\":\"2018-05-16T10:02:36+00:00\",\"description\":\"Conocimiento pr\u00e1ctico y experiencia en el desarrollo de soluciones mecatr\u00f3nicas: soluciones de control y detecci\u00f3n a medida donde se a\u00fana el dise\u00f1o mec\u00e1nico con los sistemas electr\u00f3nicos. Soluciones para ensayo de sistemas mediante actuadores servohidr\u00e1ulicos y t\u00e9cnicas avanzadas de control.\",\"breadcrumb\":{\"@id\":\"https:\\\/\\\/www.cetestgroup.com\\\/es\\\/experiencia\\\/sistemas-de-medicion-y-bancos-de-ensayo-especiales\\\/#breadcrumb\"},\"inLanguage\":\"es\",\"potentialAction\":[{\"@type\":\"ReadAction\",\"target\":[\"https:\\\/\\\/www.cetestgroup.com\\\/es\\\/experiencia\\\/sistemas-de-medicion-y-bancos-de-ensayo-especiales\\\/\"]}]},{\"@type\":\"BreadcrumbList\",\"@id\":\"https:\\\/\\\/www.cetestgroup.com\\\/es\\\/experiencia\\\/sistemas-de-medicion-y-bancos-de-ensayo-especiales\\\/#breadcrumb\",\"itemListElement\":[{\"@type\":\"ListItem\",\"position\":1,\"name\":\"Home\",\"item\":\"https:\\\/\\\/www.cetestgroup.com\\\/es\\\/\"},{\"@type\":\"ListItem\",\"position\":2,\"name\":\"Experiencia\",\"item\":\"https:\\\/\\\/www.cetestgroup.com\\\/our-expertise\\\/\"},{\"@type\":\"ListItem\",\"position\":3,\"name\":\"Sistemas de medici\u00f3n y bancos de ensayo especiales\"}]},{\"@type\":\"WebSite\",\"@id\":\"https:\\\/\\\/www.cetestgroup.com\\\/es\\\/#website\",\"url\":\"https:\\\/\\\/www.cetestgroup.com\\\/es\\\/\",\"name\":\"CETEST\",\"description\":\"CETEST is a fully accredited independent test laboratory offering services for design verification, model validation, developmental testing and\\\/or answers to help you identify failure root causes. We carry out tests in our facilities as well as on site as required by customer needs.\",\"potentialAction\":[{\"@type\":\"SearchAction\",\"target\":{\"@type\":\"EntryPoint\",\"urlTemplate\":\"https:\\\/\\\/www.cetestgroup.com\\\/es\\\/?s={search_term_string}\"},\"query-input\":{\"@type\":\"PropertyValueSpecification\",\"valueRequired\":true,\"valueName\":\"search_term_string\"}}],\"inLanguage\":\"es\"}]}<\/script>\n<!-- \/ Yoast SEO plugin. -->","yoast_head_json":{"title":"Sistemas de medici\u00f3n y bancos de ensayo especiales | CETEST","description":"Conocimiento pr\u00e1ctico y experiencia en el desarrollo de soluciones mecatr\u00f3nicas: soluciones de control y detecci\u00f3n a medida donde se a\u00fana el dise\u00f1o mec\u00e1nico con los sistemas electr\u00f3nicos. Soluciones para ensayo de sistemas mediante actuadores servohidr\u00e1ulicos y t\u00e9cnicas avanzadas de control.","robots":{"index":"index","follow":"follow","max-snippet":"max-snippet:-1","max-image-preview":"max-image-preview:large","max-video-preview":"max-video-preview:-1"},"canonical":"https:\/\/www.cetestgroup.com\/es\/experiencia\/sistemas-de-medicion-y-bancos-de-ensayo-especiales\/","og_locale":"es_ES","og_type":"article","og_title":"Sistemas de medici\u00f3n y bancos de ensayo especiales | CETEST","og_description":"Conocimiento pr\u00e1ctico y experiencia en el desarrollo de soluciones mecatr\u00f3nicas: soluciones de control y detecci\u00f3n a medida donde se a\u00fana el dise\u00f1o mec\u00e1nico con los sistemas electr\u00f3nicos. Soluciones para ensayo de sistemas mediante actuadores servohidr\u00e1ulicos y t\u00e9cnicas avanzadas de control.","og_url":"https:\/\/www.cetestgroup.com\/es\/experiencia\/sistemas-de-medicion-y-bancos-de-ensayo-especiales\/","og_site_name":"CETEST","article_modified_time":"2018-05-16T10:02:36+00:00","twitter_card":"summary_large_image","twitter_misc":{"Tiempo de lectura":"1 minuto"},"schema":{"@context":"https:\/\/schema.org","@graph":[{"@type":"WebPage","@id":"https:\/\/www.cetestgroup.com\/es\/experiencia\/sistemas-de-medicion-y-bancos-de-ensayo-especiales\/","url":"https:\/\/www.cetestgroup.com\/es\/experiencia\/sistemas-de-medicion-y-bancos-de-ensayo-especiales\/","name":"Sistemas de medici\u00f3n y bancos de ensayo especiales | CETEST","isPartOf":{"@id":"https:\/\/www.cetestgroup.com\/es\/#website"},"datePublished":"2018-05-08T08:41:29+00:00","dateModified":"2018-05-16T10:02:36+00:00","description":"Conocimiento pr\u00e1ctico y experiencia en el desarrollo de soluciones mecatr\u00f3nicas: soluciones de control y detecci\u00f3n a medida donde se a\u00fana el dise\u00f1o mec\u00e1nico con los sistemas electr\u00f3nicos. Soluciones para ensayo de sistemas mediante actuadores servohidr\u00e1ulicos y t\u00e9cnicas avanzadas de control.","breadcrumb":{"@id":"https:\/\/www.cetestgroup.com\/es\/experiencia\/sistemas-de-medicion-y-bancos-de-ensayo-especiales\/#breadcrumb"},"inLanguage":"es","potentialAction":[{"@type":"ReadAction","target":["https:\/\/www.cetestgroup.com\/es\/experiencia\/sistemas-de-medicion-y-bancos-de-ensayo-especiales\/"]}]},{"@type":"BreadcrumbList","@id":"https:\/\/www.cetestgroup.com\/es\/experiencia\/sistemas-de-medicion-y-bancos-de-ensayo-especiales\/#breadcrumb","itemListElement":[{"@type":"ListItem","position":1,"name":"Home","item":"https:\/\/www.cetestgroup.com\/es\/"},{"@type":"ListItem","position":2,"name":"Experiencia","item":"https:\/\/www.cetestgroup.com\/our-expertise\/"},{"@type":"ListItem","position":3,"name":"Sistemas de medici\u00f3n y bancos de ensayo especiales"}]},{"@type":"WebSite","@id":"https:\/\/www.cetestgroup.com\/es\/#website","url":"https:\/\/www.cetestgroup.com\/es\/","name":"CETEST","description":"CETEST is a fully accredited independent test laboratory offering services for design verification, model validation, developmental testing and\/or answers to help you identify failure root causes. We carry out tests in our facilities as well as on site as required by customer needs.","potentialAction":[{"@type":"SearchAction","target":{"@type":"EntryPoint","urlTemplate":"https:\/\/www.cetestgroup.com\/es\/?s={search_term_string}"},"query-input":{"@type":"PropertyValueSpecification","valueRequired":true,"valueName":"search_term_string"}}],"inLanguage":"es"}]}},"_links":{"self":[{"href":"https:\/\/www.cetestgroup.com\/es\/wp-json\/wp\/v2\/pages\/17937","targetHints":{"allow":["GET"]}}],"collection":[{"href":"https:\/\/www.cetestgroup.com\/es\/wp-json\/wp\/v2\/pages"}],"about":[{"href":"https:\/\/www.cetestgroup.com\/es\/wp-json\/wp\/v2\/types\/page"}],"author":[{"embeddable":true,"href":"https:\/\/www.cetestgroup.com\/es\/wp-json\/wp\/v2\/users\/1"}],"replies":[{"embeddable":true,"href":"https:\/\/www.cetestgroup.com\/es\/wp-json\/wp\/v2\/comments?post=17937"}],"version-history":[{"count":3,"href":"https:\/\/www.cetestgroup.com\/es\/wp-json\/wp\/v2\/pages\/17937\/revisions"}],"predecessor-version":[{"id":18473,"href":"https:\/\/www.cetestgroup.com\/es\/wp-json\/wp\/v2\/pages\/17937\/revisions\/18473"}],"up":[{"embeddable":true,"href":"https:\/\/www.cetestgroup.com\/es\/wp-json\/wp\/v2\/pages\/17909"}],"wp:attachment":[{"href":"https:\/\/www.cetestgroup.com\/es\/wp-json\/wp\/v2\/media?parent=17937"}],"curies":[{"name":"wp","href":"https:\/\/api.w.org\/{rel}","templated":true}]}}