{"id":17931,"date":"2018-05-07T16:13:03","date_gmt":"2018-05-07T15:13:03","guid":{"rendered":"https:\/\/www.cetestgroup.com\/?page_id=17931"},"modified":"2018-05-16T11:03:54","modified_gmt":"2018-05-16T10:03:54","slug":"mediciones-tratamiento-de-senales-y-analisis","status":"publish","type":"page","link":"https:\/\/www.cetestgroup.com\/es\/experiencia\/mediciones-tratamiento-de-senales-y-analisis\/","title":{"rendered":"Mediciones, tratamiento de se\u00f1ales y an\u00e1lisis"},"content":{"rendered":"<div class=\"wpb-content-wrapper\"><p>[vc_row][vc_column][vc_single_image image=\u00bb16802&#8243; img_size=\u00bbfull\u00bb alignment=\u00bbcenter\u00bb]<div class=\"ult-spacer spacer-69dcf6f338afc\" data-id=\"69dcf6f338afc\" data-height=\"30\" data-height-mobile=\"20\" data-height-tab=\"20\" data-height-tab-portrait=\"\" data-height-mobile-landscape=\"\" style=\"clear:both;display:block;\"><\/div>[\/vc_column][\/vc_row][vc_row][vc_column width=\u00bb1\/2&#8243;][vc_column_text]En CETEST, somos expertos en la medida de variables f\u00edsicas utilizando los medios y t\u00e9cnicas m\u00e1s adecuados para cada aplicaci\u00f3n. Disponemos de una amplia variedad de sensores y equipos de \u00faltima generaci\u00f3n para nuestra actividad diaria de servicios de ensayos.<\/p>\n<p>Asimismo, dominamos las t\u00e9cnicas avanzadas de an\u00e1lisis como: an\u00e1lisis en el dominio del tiempo, an\u00e1lisis en el dominio de la frecuencia, an\u00e1lisis estad\u00edsticos, an\u00e1lisis modales, etc.[\/vc_column_text]<div class=\"ult-spacer spacer-69dcf6f338b65\" data-id=\"69dcf6f338b65\" data-height=\"20\" data-height-mobile=\"20\" data-height-tab=\"20\" data-height-tab-portrait=\"\" data-height-mobile-landscape=\"\" style=\"clear:both;display:block;\"><\/div>[\/vc_column][vc_column width=\u00bb1\/2&#8243;][vc_single_image image=\u00bb16238&#8243; img_size=\u00bbfull\u00bb alignment=\u00bbcenter\u00bb][\/vc_column][\/vc_row][vc_row][vc_column]<div class=\"ult-spacer spacer-69dcf6f338ba8\" data-id=\"69dcf6f338ba8\" data-height=\"60\" data-height-mobile=\"20\" data-height-tab=\"30\" data-height-tab-portrait=\"\" data-height-mobile-landscape=\"\" style=\"clear:both;display:block;\"><\/div>[\/vc_column][\/vc_row]<\/p>\n<\/div>","protected":false},"excerpt":{"rendered":"<p>[vc_row][vc_column][vc_single_image image=\u00bb16802&#8243; img_size=\u00bbfull\u00bb alignment=\u00bbcenter\u00bb][\/vc_column][\/vc_row][vc_row][vc_column width=\u00bb1\/2&#8243;][vc_column_text]En CETEST, somos expertos en la medida de variables f\u00edsicas utilizando los medios y t\u00e9cnicas m\u00e1s adecuados para cada aplicaci\u00f3n. Disponemos de una amplia variedad de<\/p>\n","protected":false},"author":1,"featured_media":0,"parent":17909,"menu_order":0,"comment_status":"closed","ping_status":"closed","template":"tmp-page-right-sidebar.php","meta":{"_acf_changed":false,"footnotes":""},"class_list":["post-17931","page","type-page","status-publish","hentry"],"acf":[],"yoast_head":"<!-- This site is optimized with the Yoast SEO plugin v27.3 - https:\/\/yoast.com\/product\/yoast-seo-wordpress\/ -->\n<title>Mediciones, tratamiento de se\u00f1ales y an\u00e1lisis | CETEST<\/title>\n<meta name=\"description\" content=\"En CETEST, somos expertos en la medida de variables f\u00edsicas utilizando los medios y t\u00e9cnicas m\u00e1s adecuados para cada aplicaci\u00f3n. Disponemos de una amplia variedad de sensores y equipos de \u00faltima generaci\u00f3n para nuestra actividad diaria de servicios de ensayos.\" \/>\n<meta name=\"robots\" content=\"index, follow, max-snippet:-1, max-image-preview:large, max-video-preview:-1\" \/>\n<link rel=\"canonical\" href=\"https:\/\/www.cetestgroup.com\/es\/experiencia\/mediciones-tratamiento-de-senales-y-analisis\/\" \/>\n<meta property=\"og:locale\" content=\"es_ES\" \/>\n<meta property=\"og:type\" content=\"article\" \/>\n<meta property=\"og:title\" content=\"Mediciones, tratamiento de se\u00f1ales y an\u00e1lisis | CETEST\" \/>\n<meta property=\"og:description\" content=\"En CETEST, somos expertos en la medida de variables f\u00edsicas utilizando los medios y t\u00e9cnicas m\u00e1s adecuados para cada aplicaci\u00f3n. Disponemos de una amplia variedad de sensores y equipos de \u00faltima generaci\u00f3n para nuestra actividad diaria de servicios de ensayos.\" \/>\n<meta property=\"og:url\" content=\"https:\/\/www.cetestgroup.com\/es\/experiencia\/mediciones-tratamiento-de-senales-y-analisis\/\" \/>\n<meta property=\"og:site_name\" content=\"CETEST\" \/>\n<meta property=\"article:modified_time\" content=\"2018-05-16T10:03:54+00:00\" \/>\n<meta name=\"twitter:card\" content=\"summary_large_image\" \/>\n<meta name=\"twitter:label1\" content=\"Tiempo de lectura\" \/>\n\t<meta name=\"twitter:data1\" content=\"1 minuto\" \/>\n<script type=\"application\/ld+json\" class=\"yoast-schema-graph\">{\"@context\":\"https:\\\/\\\/schema.org\",\"@graph\":[{\"@type\":\"WebPage\",\"@id\":\"https:\\\/\\\/www.cetestgroup.com\\\/es\\\/experiencia\\\/mediciones-tratamiento-de-senales-y-analisis\\\/\",\"url\":\"https:\\\/\\\/www.cetestgroup.com\\\/es\\\/experiencia\\\/mediciones-tratamiento-de-senales-y-analisis\\\/\",\"name\":\"Mediciones, tratamiento de se\u00f1ales y an\u00e1lisis | CETEST\",\"isPartOf\":{\"@id\":\"https:\\\/\\\/www.cetestgroup.com\\\/es\\\/#website\"},\"datePublished\":\"2018-05-07T15:13:03+00:00\",\"dateModified\":\"2018-05-16T10:03:54+00:00\",\"description\":\"En CETEST, somos expertos en la medida de variables f\u00edsicas utilizando los medios y t\u00e9cnicas m\u00e1s adecuados para cada aplicaci\u00f3n. Disponemos de una amplia variedad de sensores y equipos de \u00faltima generaci\u00f3n para nuestra actividad diaria de servicios de ensayos.\",\"breadcrumb\":{\"@id\":\"https:\\\/\\\/www.cetestgroup.com\\\/es\\\/experiencia\\\/mediciones-tratamiento-de-senales-y-analisis\\\/#breadcrumb\"},\"inLanguage\":\"es\",\"potentialAction\":[{\"@type\":\"ReadAction\",\"target\":[\"https:\\\/\\\/www.cetestgroup.com\\\/es\\\/experiencia\\\/mediciones-tratamiento-de-senales-y-analisis\\\/\"]}]},{\"@type\":\"BreadcrumbList\",\"@id\":\"https:\\\/\\\/www.cetestgroup.com\\\/es\\\/experiencia\\\/mediciones-tratamiento-de-senales-y-analisis\\\/#breadcrumb\",\"itemListElement\":[{\"@type\":\"ListItem\",\"position\":1,\"name\":\"Home\",\"item\":\"https:\\\/\\\/www.cetestgroup.com\\\/es\\\/\"},{\"@type\":\"ListItem\",\"position\":2,\"name\":\"Experiencia\",\"item\":\"https:\\\/\\\/www.cetestgroup.com\\\/our-expertise\\\/\"},{\"@type\":\"ListItem\",\"position\":3,\"name\":\"Mediciones, tratamiento de se\u00f1ales y an\u00e1lisis\"}]},{\"@type\":\"WebSite\",\"@id\":\"https:\\\/\\\/www.cetestgroup.com\\\/es\\\/#website\",\"url\":\"https:\\\/\\\/www.cetestgroup.com\\\/es\\\/\",\"name\":\"CETEST\",\"description\":\"CETEST is a fully accredited independent test laboratory offering services for design verification, model validation, developmental testing and\\\/or answers to help you identify failure root causes. We carry out tests in our facilities as well as on site as required by customer needs.\",\"potentialAction\":[{\"@type\":\"SearchAction\",\"target\":{\"@type\":\"EntryPoint\",\"urlTemplate\":\"https:\\\/\\\/www.cetestgroup.com\\\/es\\\/?s={search_term_string}\"},\"query-input\":{\"@type\":\"PropertyValueSpecification\",\"valueRequired\":true,\"valueName\":\"search_term_string\"}}],\"inLanguage\":\"es\"}]}<\/script>\n<!-- \/ Yoast SEO plugin. -->","yoast_head_json":{"title":"Mediciones, tratamiento de se\u00f1ales y an\u00e1lisis | CETEST","description":"En CETEST, somos expertos en la medida de variables f\u00edsicas utilizando los medios y t\u00e9cnicas m\u00e1s adecuados para cada aplicaci\u00f3n. Disponemos de una amplia variedad de sensores y equipos de \u00faltima generaci\u00f3n para nuestra actividad diaria de servicios de ensayos.","robots":{"index":"index","follow":"follow","max-snippet":"max-snippet:-1","max-image-preview":"max-image-preview:large","max-video-preview":"max-video-preview:-1"},"canonical":"https:\/\/www.cetestgroup.com\/es\/experiencia\/mediciones-tratamiento-de-senales-y-analisis\/","og_locale":"es_ES","og_type":"article","og_title":"Mediciones, tratamiento de se\u00f1ales y an\u00e1lisis | CETEST","og_description":"En CETEST, somos expertos en la medida de variables f\u00edsicas utilizando los medios y t\u00e9cnicas m\u00e1s adecuados para cada aplicaci\u00f3n. Disponemos de una amplia variedad de sensores y equipos de \u00faltima generaci\u00f3n para nuestra actividad diaria de servicios de ensayos.","og_url":"https:\/\/www.cetestgroup.com\/es\/experiencia\/mediciones-tratamiento-de-senales-y-analisis\/","og_site_name":"CETEST","article_modified_time":"2018-05-16T10:03:54+00:00","twitter_card":"summary_large_image","twitter_misc":{"Tiempo de lectura":"1 minuto"},"schema":{"@context":"https:\/\/schema.org","@graph":[{"@type":"WebPage","@id":"https:\/\/www.cetestgroup.com\/es\/experiencia\/mediciones-tratamiento-de-senales-y-analisis\/","url":"https:\/\/www.cetestgroup.com\/es\/experiencia\/mediciones-tratamiento-de-senales-y-analisis\/","name":"Mediciones, tratamiento de se\u00f1ales y an\u00e1lisis | CETEST","isPartOf":{"@id":"https:\/\/www.cetestgroup.com\/es\/#website"},"datePublished":"2018-05-07T15:13:03+00:00","dateModified":"2018-05-16T10:03:54+00:00","description":"En CETEST, somos expertos en la medida de variables f\u00edsicas utilizando los medios y t\u00e9cnicas m\u00e1s adecuados para cada aplicaci\u00f3n. Disponemos de una amplia variedad de sensores y equipos de \u00faltima generaci\u00f3n para nuestra actividad diaria de servicios de ensayos.","breadcrumb":{"@id":"https:\/\/www.cetestgroup.com\/es\/experiencia\/mediciones-tratamiento-de-senales-y-analisis\/#breadcrumb"},"inLanguage":"es","potentialAction":[{"@type":"ReadAction","target":["https:\/\/www.cetestgroup.com\/es\/experiencia\/mediciones-tratamiento-de-senales-y-analisis\/"]}]},{"@type":"BreadcrumbList","@id":"https:\/\/www.cetestgroup.com\/es\/experiencia\/mediciones-tratamiento-de-senales-y-analisis\/#breadcrumb","itemListElement":[{"@type":"ListItem","position":1,"name":"Home","item":"https:\/\/www.cetestgroup.com\/es\/"},{"@type":"ListItem","position":2,"name":"Experiencia","item":"https:\/\/www.cetestgroup.com\/our-expertise\/"},{"@type":"ListItem","position":3,"name":"Mediciones, tratamiento de se\u00f1ales y an\u00e1lisis"}]},{"@type":"WebSite","@id":"https:\/\/www.cetestgroup.com\/es\/#website","url":"https:\/\/www.cetestgroup.com\/es\/","name":"CETEST","description":"CETEST is a fully accredited independent test laboratory offering services for design verification, model validation, developmental testing and\/or answers to help you identify failure root causes. We carry out tests in our facilities as well as on site as required by customer needs.","potentialAction":[{"@type":"SearchAction","target":{"@type":"EntryPoint","urlTemplate":"https:\/\/www.cetestgroup.com\/es\/?s={search_term_string}"},"query-input":{"@type":"PropertyValueSpecification","valueRequired":true,"valueName":"search_term_string"}}],"inLanguage":"es"}]}},"_links":{"self":[{"href":"https:\/\/www.cetestgroup.com\/es\/wp-json\/wp\/v2\/pages\/17931","targetHints":{"allow":["GET"]}}],"collection":[{"href":"https:\/\/www.cetestgroup.com\/es\/wp-json\/wp\/v2\/pages"}],"about":[{"href":"https:\/\/www.cetestgroup.com\/es\/wp-json\/wp\/v2\/types\/page"}],"author":[{"embeddable":true,"href":"https:\/\/www.cetestgroup.com\/es\/wp-json\/wp\/v2\/users\/1"}],"replies":[{"embeddable":true,"href":"https:\/\/www.cetestgroup.com\/es\/wp-json\/wp\/v2\/comments?post=17931"}],"version-history":[{"count":3,"href":"https:\/\/www.cetestgroup.com\/es\/wp-json\/wp\/v2\/pages\/17931\/revisions"}],"predecessor-version":[{"id":18466,"href":"https:\/\/www.cetestgroup.com\/es\/wp-json\/wp\/v2\/pages\/17931\/revisions\/18466"}],"up":[{"embeddable":true,"href":"https:\/\/www.cetestgroup.com\/es\/wp-json\/wp\/v2\/pages\/17909"}],"wp:attachment":[{"href":"https:\/\/www.cetestgroup.com\/es\/wp-json\/wp\/v2\/media?parent=17931"}],"curies":[{"name":"wp","href":"https:\/\/api.w.org\/{rel}","templated":true}]}}