{"id":17922,"date":"2018-05-07T15:46:24","date_gmt":"2018-05-07T14:46:24","guid":{"rendered":"https:\/\/www.cetestgroup.com\/?page_id=17922"},"modified":"2025-04-08T15:25:49","modified_gmt":"2025-04-08T14:25:49","slug":"ofertas-de-empleo","status":"publish","type":"page","link":"https:\/\/www.cetestgroup.com\/es\/ofertas-de-empleo\/","title":{"rendered":"Ofertas de empleo"},"content":{"rendered":"<div class=\"wpb-content-wrapper\"><p>[vc_row][vc_column]<div class=\"ult-spacer spacer-69dcb3470fe79\" data-id=\"69dcb3470fe79\" data-height=\"30\" data-height-mobile=\"0\" data-height-tab=\"20\" data-height-tab-portrait=\"\" data-height-mobile-landscape=\"\" style=\"clear:both;display:block;\"><\/div>[\/vc_column][\/vc_row][vc_row][vc_column width=\u00bb1\/3&#8243; css=\u00bb.vc_custom_1501741811224{margin-bottom: 30px !important;padding-top: 3% !important;padding-right: 3% !important;padding-bottom: 3% !important;padding-left: 3% !important;background-color: #eeeeee !important;}\u00bb el_class=\u00bbformEmpleo\u00bb]\n<div class=\"wpcf7 no-js\" id=\"wpcf7-f17976-o1\" lang=\"en-US\" dir=\"ltr\" data-wpcf7-id=\"17976\">\n<div class=\"screen-reader-response\"><p role=\"status\" aria-live=\"polite\" aria-atomic=\"true\"><\/p> <ul><\/ul><\/div>\n<form action=\"\/es\/wp-json\/wp\/v2\/pages\/17922#wpcf7-f17976-o1\" method=\"post\" class=\"wpcf7-form init\" aria-label=\"Contact form\" enctype=\"multipart\/form-data\" novalidate=\"novalidate\" data-status=\"init\">\n<fieldset class=\"hidden-fields-container\"><input type=\"hidden\" name=\"_wpcf7\" value=\"17976\" \/><input type=\"hidden\" name=\"_wpcf7_version\" value=\"6.1.5\" \/><input type=\"hidden\" name=\"_wpcf7_locale\" value=\"en_US\" \/><input type=\"hidden\" name=\"_wpcf7_unit_tag\" value=\"wpcf7-f17976-o1\" \/><input type=\"hidden\" name=\"_wpcf7_container_post\" value=\"0\" \/><input type=\"hidden\" name=\"_wpcf7_posted_data_hash\" value=\"\" \/><input type=\"hidden\" name=\"_wpcf7_recaptcha_response\" value=\"\" \/>\n<\/fieldset>\n<div class=\"campoObligatorio\">Los campos marcados con * son obligatorios<\/div>\n<div style=\"float:left; width:100%;\"><span class=\"wpcf7-form-control-wrap\" data-name=\"number\"><input class=\"wpcf7-form-control wpcf7-number wpcf7-validates-as-required wpcf7-validates-as-number\" aria-required=\"true\" aria-invalid=\"false\" placeholder=\"Referencia de la Oferta*\" value=\"\" type=\"number\" name=\"number\" \/><\/span><\/div>\n<div style=\"float:left; width:100%;\"><span class=\"wpcf7-form-control-wrap\" data-name=\"your-name\"><input size=\"40\" maxlength=\"400\" class=\"wpcf7-form-control wpcf7-text wpcf7-validates-as-required\" aria-required=\"true\" aria-invalid=\"false\" placeholder=\"Nombre*\" value=\"\" type=\"text\" name=\"your-name\" \/><\/span><\/div>\n<div style=\"float:left; width:100%;\"><span class=\"wpcf7-form-control-wrap\" data-name=\"your-surname\"><input size=\"40\" maxlength=\"400\" class=\"wpcf7-form-control wpcf7-text wpcf7-validates-as-required\" aria-required=\"true\" aria-invalid=\"false\" placeholder=\"Apellido*\" value=\"\" type=\"text\" name=\"your-surname\" \/><\/span><\/div>\n<div style=\"float:left; width:100%;\"><span class=\"wpcf7-form-control-wrap\" data-name=\"your-email\"><input size=\"40\" maxlength=\"400\" class=\"wpcf7-form-control wpcf7-email wpcf7-validates-as-required wpcf7-text wpcf7-validates-as-email\" aria-required=\"true\" aria-invalid=\"false\" placeholder=\"Email*\" value=\"\" type=\"email\" name=\"your-email\" \/><\/span><\/div>\n<div style=\"float:left; width:100%;\"><span class=\"wpcf7-form-control-wrap\" data-name=\"telephone\"><input size=\"40\" maxlength=\"400\" class=\"wpcf7-form-control wpcf7-tel wpcf7-text wpcf7-validates-as-tel\" aria-invalid=\"false\" placeholder=\"Tel\u00e9fono\" value=\"\" type=\"tel\" name=\"telephone\" \/><\/span><\/div>\n<div class=\"formOfertasBottom\">\n<div style=\"padding-bottom:10px;\"><div style=\"float:left; width:auto; font-size:14px;\">Curriculum Vitae<\/div><div><span class=\"wpcf7-form-control-wrap\" data-name=\"file-397\"><input size=\"40\" class=\"wpcf7-form-control wpcf7-file\" accept=\".pdf,.doc,.docx\" aria-invalid=\"false\" type=\"file\" name=\"file-397\" \/><\/span><\/div><\/div>\n<div style=\"float:left; width:auto; font-size:14px;\">Expediente acad\u00e9mico<\/div><div><span class=\"wpcf7-form-control-wrap\" data-name=\"file-128\"><input size=\"40\" class=\"wpcf7-form-control wpcf7-file\" accept=\".pdf,.doc,.docx\" aria-invalid=\"false\" type=\"file\" name=\"file-128\" \/><\/span><\/div>\n<\/div>\n<div style=\"clear:both!important; padding-top:10px;\"><input class=\"wpcf7-form-control wpcf7-submit has-spinner\" type=\"submit\" value=\"Registrar\" \/><\/div><input type='hidden' class='wpcf7-pum' value='{\"closepopup\":false,\"closedelay\":0,\"openpopup\":false,\"openpopup_id\":0}' \/><div class=\"wpcf7-response-output\" aria-hidden=\"true\"><\/div>\n<\/form>\n<\/div>\n[\/vc_column][vc_column width=\u00bb2\/3&#8243; offset=\u00bbvc_col-lg-offset-1 vc_col-lg-7&#8243;]<div class=\"dfd-heading-shortcode\"><div class=\"dfd-heading-module-wrap  text-left style_01 dfd-heading-69dcb34719508 dfd-disable-resposive-headings\" id=\"dfd-heading-69dcb34719508\" ><div class=\"inline-block\"><div class=\"dfd-heading-module\"><h5 class=\"widget-title dfd-title \" style=\"\">OFERTAS ABIERTAS<\/h5><h3 class=\"widget-sub-title dfd-sub-title \" style=\"\">\u00a1\u00danete al equipo CETEST!<\/h3><div class=\"dfd-heading-delimiter\"><\/div><\/div><\/div><\/div><script type=\"text\/javascript\">\r\n\t\t\t\t\t\t\t\t\t(function($) {\r\n\t\t\t\t\t\t\t\t\t\t$(\"head\").append(\"<style>.dfd-heading-69dcb34719508.dfd-heading-module-wrap .dfd-heading-module .dfd-heading-delimiter {border-bottom-style:solid;border-bottom-width:1px;width:100px;border-bottom-color:#dddddd;}.dfd-heading-69dcb34719508.dfd-heading-module-wrap .dfd-heading-module .dfd-heading-delimiter {margin-top:10px;margin-bottom:10px;}<\/style>\");\r\n\t\t\t\t\t\t\t\t\t})(jQuery);\r\n\t\t\t\t\t\t\t\t<\/script><\/div>[vc_column_text]Consulta aqu\u00ed nuestra <a href=\"https:\/\/www.cetestgroup.com\/wp-content\/uploads\/2018\/10\/A02.01.019-Politica-de-Privacidad-para-Candidatos_ESP.pdf\">pol\u00edtica de privacidad<\/a> para candidatos.[\/vc_column_text]<div class=\"dfd-service-module-wrap \"><ul class=\"dfd-service-list dfd-mobile-keep-height clearfix full-width-elements\"><li class=\"dfd-service-item \"  style=\"border-style: solid; border-color: #cccccc; \"><div class=\"dfd-service-item  style-01  hover-04  \" ><div class=\"dfd-service-front dfd-equalize-height\" style=\"\"><div class=\"dfd-service-front-wrap dfd-vertical-aligned \"><div class=\"module-icon\"><i class=\"featured-icon dfd-icon-pin2\" style=\"color:#25bdd5; opacity:1;\" ><\/i><a href=\"https:\/\/www.cetestgroup.com\/es\/ofertas-de-empleo\/ingeniero-instrumentacion-medida-campo\/\" class=\"abs-link\" title=\"Ingeniero de instrumentaci\u00f3n y medidas en campo\" ><\/a><\/div><div class=\"content-wrapper\"><div class=\"info-banner-title feature-title\" style=\"\">Ingeniero de instrumentaci\u00f3n y medidas en campo<\/div><div class=\"info-banner-subtitle subtitle\" style=\"\">Ref. 250301<\/div><\/div><\/div><\/div><div class=\"dfd-service-description dfd-service-back dfd-equalize-height\" style=\"\"><div class=\"description dfd-vertical-aligned\" style=\"\"><h3><strong>Ingeniero de instrumentaci\u00f3n y medidas en campo <\/strong><\/h3>\n<h4>Ref.: 250301<\/h4>\n<h4>Incorporaci\u00f3n: A convenir<\/h4>\n<p>Estamos buscando reforzar nuestra \u00e1rea de Instrumentaci\u00f3n y Medida con una persona que se encargar\u00e1 de la definici\u00f3n y ejecuci\u00f3n de ensayos en campo sistemas complejos (material rodante ferroviario). Habitualmente se ensayar\u00e1 seg\u00fan normativa internacional.<\/p>\n<div class=\"moreInfo\"><img decoding=\"async\" src=\"https:\/\/www.cetestgroup.com\/wp-content\/uploads\/2017\/10\/more-info.png\" \/><\/div>\n<p><a style=\"float: left;\" href=\"https:\/\/www.cetestgroup.com\/es\/ofertas-de-empleo\/tecnico-instrumentacion-medida-campo\/\" rel=\"noopener\">M\u00e1s informaci\u00f3n<\/a><\/p>\n<\/div><\/div><a href=\"https:\/\/www.cetestgroup.com\/es\/ofertas-de-empleo\/ingeniero-instrumentacion-medida-campo\/\" class=\"abs-link\" title=\"Ingeniero de instrumentaci\u00f3n y medidas en campo\" ><\/a><\/div><\/li><li class=\"dfd-service-item \"  style=\"border-style: solid; border-color: #cccccc; \"><div class=\"dfd-service-item  style-01  hover-04  \" ><div class=\"dfd-service-front dfd-equalize-height\" style=\"\"><div class=\"dfd-service-front-wrap dfd-vertical-aligned \"><div class=\"module-icon\"><i class=\"featured-icon dfd-icon-pin2\" style=\"color:#25bdd5; opacity:1;\" ><\/i><a href=\"https:\/\/www.cetestgroup.com\/es\/ofertas-de-empleo\/ingeniero-virtual-testing\/\" class=\"abs-link\" title=\"Ingeniero Virtual Testing\" ><\/a><\/div><div class=\"content-wrapper\"><div class=\"info-banner-title feature-title\" style=\"\">Ingeniero Virtual Testing<\/div><div class=\"info-banner-subtitle subtitle\" style=\"\">Ref. 250302<\/div><\/div><\/div><\/div><div class=\"dfd-service-description dfd-service-back dfd-equalize-height\" style=\"\"><div class=\"description dfd-vertical-aligned\" style=\"\"><h3><strong>Ingeniero Virtual Testing<br \/>\n<\/strong><\/h3>\n<h4>Ref.: 250302<\/h4>\n<h4>Incorporaci\u00f3n: A convenir<\/h4>\n<p>Buscamos una persona con perfil superior de ingenier\u00eda para unirse a nuestro equipo de pruebas Virtuales y participar en proyectos de desarrollo con alto contenido tecnol\u00f3gico.<br \/>\n<a style=\"float: left;\" href=\"https:\/\/www.cetestgroup.com\/es\/ofertas-de-empleo\/ingeniero-test-systems\/\" rel=\"noopener\">M\u00e1s informaci\u00f3n<\/a><\/p>\n<p>&nbsp;<\/p>\n<p>&nbsp;<\/p>\n<\/div><\/div><a href=\"https:\/\/www.cetestgroup.com\/es\/ofertas-de-empleo\/ingeniero-virtual-testing\/\" class=\"abs-link\" title=\"Ingeniero Virtual Testing\" ><\/a><\/div><\/li><\/ul><\/div>[\/vc_column][\/vc_row][vc_row][vc_column][\/vc_column][\/vc_row]<\/p>\n<\/div>","protected":false},"excerpt":{"rendered":"<p>[vc_row][vc_column][\/vc_column][\/vc_row][vc_row][vc_column width=\u00bb1\/3&#8243; css=\u00bb.vc_custom_1501741811224{margin-bottom: 30px !important;padding-top: 3% !important;padding-right: 3% !important;padding-bottom: 3% !important;padding-left: 3% !important;background-color: #eeeeee !important;}\u00bb el_class=\u00bbformEmpleo\u00bb][\/vc_column][vc_column width=\u00bb2\/3&#8243; offset=\u00bbvc_col-lg-offset-1 vc_col-lg-7&#8243;][vc_column_text]Consulta aqu\u00ed nuestra pol\u00edtica de privacidad para candidatos.[\/vc_column_text][\/vc_column][\/vc_row][vc_row][vc_column][\/vc_column][\/vc_row]<\/p>\n","protected":false},"author":1,"featured_media":0,"parent":0,"menu_order":0,"comment_status":"closed","ping_status":"closed","template":"tmp-page-right-sidebar.php","meta":{"_acf_changed":false,"footnotes":""},"class_list":["post-17922","page","type-page","status-publish","hentry"],"acf":[],"yoast_head":"<!-- This site is optimized with the Yoast SEO plugin v27.3 - https:\/\/yoast.com\/product\/yoast-seo-wordpress\/ -->\n<title>Ofertas de empleo | CETEST<\/title>\n<meta name=\"description\" content=\"Mira nuestras ofertas de empleo activas. Sabemos que la clave para el \u00e9xito es un gran equipo. \u00a1\u00danete al equipo CETEST!\" \/>\n<meta name=\"robots\" content=\"index, follow, max-snippet:-1, max-image-preview:large, max-video-preview:-1\" \/>\n<link rel=\"canonical\" href=\"https:\/\/www.cetestgroup.com\/es\/ofertas-de-empleo\/\" \/>\n<meta property=\"og:locale\" content=\"es_ES\" \/>\n<meta property=\"og:type\" content=\"article\" \/>\n<meta property=\"og:title\" content=\"Ofertas de empleo | CETEST\" \/>\n<meta property=\"og:description\" content=\"Mira nuestras ofertas de empleo activas. Sabemos que la clave para el \u00e9xito es un gran equipo. \u00a1\u00danete al equipo CETEST!\" \/>\n<meta property=\"og:url\" content=\"https:\/\/www.cetestgroup.com\/es\/ofertas-de-empleo\/\" \/>\n<meta property=\"og:site_name\" content=\"CETEST\" \/>\n<meta property=\"article:modified_time\" content=\"2025-04-08T14:25:49+00:00\" \/>\n<meta property=\"og:image\" content=\"https:\/\/www.cetestgroup.com\/wp-content\/uploads\/2017\/10\/more-info.png\" \/>\n<meta name=\"twitter:card\" content=\"summary_large_image\" \/>\n<meta name=\"twitter:label1\" content=\"Tiempo de lectura\" \/>\n\t<meta name=\"twitter:data1\" content=\"1 minuto\" \/>\n<script type=\"application\/ld+json\" class=\"yoast-schema-graph\">{\"@context\":\"https:\\\/\\\/schema.org\",\"@graph\":[{\"@type\":\"WebPage\",\"@id\":\"https:\\\/\\\/www.cetestgroup.com\\\/es\\\/ofertas-de-empleo\\\/\",\"url\":\"https:\\\/\\\/www.cetestgroup.com\\\/es\\\/ofertas-de-empleo\\\/\",\"name\":\"Ofertas de empleo | CETEST\",\"isPartOf\":{\"@id\":\"https:\\\/\\\/www.cetestgroup.com\\\/es\\\/#website\"},\"primaryImageOfPage\":{\"@id\":\"https:\\\/\\\/www.cetestgroup.com\\\/es\\\/ofertas-de-empleo\\\/#primaryimage\"},\"image\":{\"@id\":\"https:\\\/\\\/www.cetestgroup.com\\\/es\\\/ofertas-de-empleo\\\/#primaryimage\"},\"thumbnailUrl\":\"https:\\\/\\\/www.cetestgroup.com\\\/wp-content\\\/uploads\\\/2017\\\/10\\\/more-info.png\",\"datePublished\":\"2018-05-07T14:46:24+00:00\",\"dateModified\":\"2025-04-08T14:25:49+00:00\",\"description\":\"Mira nuestras ofertas de empleo activas. Sabemos que la clave para el \u00e9xito es un gran equipo. \u00a1\u00danete al equipo CETEST!\",\"breadcrumb\":{\"@id\":\"https:\\\/\\\/www.cetestgroup.com\\\/es\\\/ofertas-de-empleo\\\/#breadcrumb\"},\"inLanguage\":\"es\",\"potentialAction\":[{\"@type\":\"ReadAction\",\"target\":[\"https:\\\/\\\/www.cetestgroup.com\\\/es\\\/ofertas-de-empleo\\\/\"]}]},{\"@type\":\"ImageObject\",\"inLanguage\":\"es\",\"@id\":\"https:\\\/\\\/www.cetestgroup.com\\\/es\\\/ofertas-de-empleo\\\/#primaryimage\",\"url\":\"https:\\\/\\\/www.cetestgroup.com\\\/wp-content\\\/uploads\\\/2017\\\/10\\\/more-info.png\",\"contentUrl\":\"https:\\\/\\\/www.cetestgroup.com\\\/wp-content\\\/uploads\\\/2017\\\/10\\\/more-info.png\"},{\"@type\":\"BreadcrumbList\",\"@id\":\"https:\\\/\\\/www.cetestgroup.com\\\/es\\\/ofertas-de-empleo\\\/#breadcrumb\",\"itemListElement\":[{\"@type\":\"ListItem\",\"position\":1,\"name\":\"Home\",\"item\":\"https:\\\/\\\/www.cetestgroup.com\\\/es\\\/\"},{\"@type\":\"ListItem\",\"position\":2,\"name\":\"Ofertas de empleo\"}]},{\"@type\":\"WebSite\",\"@id\":\"https:\\\/\\\/www.cetestgroup.com\\\/es\\\/#website\",\"url\":\"https:\\\/\\\/www.cetestgroup.com\\\/es\\\/\",\"name\":\"CETEST\",\"description\":\"CETEST is a fully accredited independent test laboratory offering services for design verification, model validation, developmental testing and\\\/or answers to help you identify failure root causes. We carry out tests in our facilities as well as on site as required by customer needs.\",\"potentialAction\":[{\"@type\":\"SearchAction\",\"target\":{\"@type\":\"EntryPoint\",\"urlTemplate\":\"https:\\\/\\\/www.cetestgroup.com\\\/es\\\/?s={search_term_string}\"},\"query-input\":{\"@type\":\"PropertyValueSpecification\",\"valueRequired\":true,\"valueName\":\"search_term_string\"}}],\"inLanguage\":\"es\"}]}<\/script>\n<!-- \/ Yoast SEO plugin. -->","yoast_head_json":{"title":"Ofertas de empleo | CETEST","description":"Mira nuestras ofertas de empleo activas. Sabemos que la clave para el \u00e9xito es un gran equipo. \u00a1\u00danete al equipo CETEST!","robots":{"index":"index","follow":"follow","max-snippet":"max-snippet:-1","max-image-preview":"max-image-preview:large","max-video-preview":"max-video-preview:-1"},"canonical":"https:\/\/www.cetestgroup.com\/es\/ofertas-de-empleo\/","og_locale":"es_ES","og_type":"article","og_title":"Ofertas de empleo | CETEST","og_description":"Mira nuestras ofertas de empleo activas. Sabemos que la clave para el \u00e9xito es un gran equipo. \u00a1\u00danete al equipo CETEST!","og_url":"https:\/\/www.cetestgroup.com\/es\/ofertas-de-empleo\/","og_site_name":"CETEST","article_modified_time":"2025-04-08T14:25:49+00:00","og_image":[{"url":"https:\/\/www.cetestgroup.com\/wp-content\/uploads\/2017\/10\/more-info.png","type":"","width":"","height":""}],"twitter_card":"summary_large_image","twitter_misc":{"Tiempo de lectura":"1 minuto"},"schema":{"@context":"https:\/\/schema.org","@graph":[{"@type":"WebPage","@id":"https:\/\/www.cetestgroup.com\/es\/ofertas-de-empleo\/","url":"https:\/\/www.cetestgroup.com\/es\/ofertas-de-empleo\/","name":"Ofertas de empleo | CETEST","isPartOf":{"@id":"https:\/\/www.cetestgroup.com\/es\/#website"},"primaryImageOfPage":{"@id":"https:\/\/www.cetestgroup.com\/es\/ofertas-de-empleo\/#primaryimage"},"image":{"@id":"https:\/\/www.cetestgroup.com\/es\/ofertas-de-empleo\/#primaryimage"},"thumbnailUrl":"https:\/\/www.cetestgroup.com\/wp-content\/uploads\/2017\/10\/more-info.png","datePublished":"2018-05-07T14:46:24+00:00","dateModified":"2025-04-08T14:25:49+00:00","description":"Mira nuestras ofertas de empleo activas. Sabemos que la clave para el \u00e9xito es un gran equipo. \u00a1\u00danete al equipo CETEST!","breadcrumb":{"@id":"https:\/\/www.cetestgroup.com\/es\/ofertas-de-empleo\/#breadcrumb"},"inLanguage":"es","potentialAction":[{"@type":"ReadAction","target":["https:\/\/www.cetestgroup.com\/es\/ofertas-de-empleo\/"]}]},{"@type":"ImageObject","inLanguage":"es","@id":"https:\/\/www.cetestgroup.com\/es\/ofertas-de-empleo\/#primaryimage","url":"https:\/\/www.cetestgroup.com\/wp-content\/uploads\/2017\/10\/more-info.png","contentUrl":"https:\/\/www.cetestgroup.com\/wp-content\/uploads\/2017\/10\/more-info.png"},{"@type":"BreadcrumbList","@id":"https:\/\/www.cetestgroup.com\/es\/ofertas-de-empleo\/#breadcrumb","itemListElement":[{"@type":"ListItem","position":1,"name":"Home","item":"https:\/\/www.cetestgroup.com\/es\/"},{"@type":"ListItem","position":2,"name":"Ofertas de empleo"}]},{"@type":"WebSite","@id":"https:\/\/www.cetestgroup.com\/es\/#website","url":"https:\/\/www.cetestgroup.com\/es\/","name":"CETEST","description":"CETEST is a fully accredited independent test laboratory offering services for design verification, model validation, developmental testing and\/or answers to help you identify failure root causes. We carry out tests in our facilities as well as on site as required by customer needs.","potentialAction":[{"@type":"SearchAction","target":{"@type":"EntryPoint","urlTemplate":"https:\/\/www.cetestgroup.com\/es\/?s={search_term_string}"},"query-input":{"@type":"PropertyValueSpecification","valueRequired":true,"valueName":"search_term_string"}}],"inLanguage":"es"}]}},"_links":{"self":[{"href":"https:\/\/www.cetestgroup.com\/es\/wp-json\/wp\/v2\/pages\/17922","targetHints":{"allow":["GET"]}}],"collection":[{"href":"https:\/\/www.cetestgroup.com\/es\/wp-json\/wp\/v2\/pages"}],"about":[{"href":"https:\/\/www.cetestgroup.com\/es\/wp-json\/wp\/v2\/types\/page"}],"author":[{"embeddable":true,"href":"https:\/\/www.cetestgroup.com\/es\/wp-json\/wp\/v2\/users\/1"}],"replies":[{"embeddable":true,"href":"https:\/\/www.cetestgroup.com\/es\/wp-json\/wp\/v2\/comments?post=17922"}],"version-history":[{"count":3,"href":"https:\/\/www.cetestgroup.com\/es\/wp-json\/wp\/v2\/pages\/17922\/revisions"}],"predecessor-version":[{"id":18559,"href":"https:\/\/www.cetestgroup.com\/es\/wp-json\/wp\/v2\/pages\/17922\/revisions\/18559"}],"wp:attachment":[{"href":"https:\/\/www.cetestgroup.com\/es\/wp-json\/wp\/v2\/media?parent=17922"}],"curies":[{"name":"wp","href":"https:\/\/api.w.org\/{rel}","templated":true}]}}