{"id":17915,"date":"2018-05-07T15:19:53","date_gmt":"2018-05-07T14:19:53","guid":{"rendered":"https:\/\/www.cetestgroup.com\/?page_id=17915"},"modified":"2025-03-05T07:26:04","modified_gmt":"2025-03-05T07:26:04","slug":"ingeniero-instrumentacion-medida-campo","status":"publish","type":"page","link":"https:\/\/www.cetestgroup.com\/es\/ofertas-de-empleo\/ingeniero-instrumentacion-medida-campo\/","title":{"rendered":"Ingeniero de instrumentaci\u00f3n y medidas en campo"},"content":{"rendered":"<div class=\"wpb-content-wrapper\"><p>[vc_row][vc_column]<div class=\"ult-spacer spacer-69dd0a2dee8f2\" data-id=\"69dd0a2dee8f2\" data-height=\"80\" data-height-mobile=\"30\" data-height-tab=\"50\" data-height-tab-portrait=\"\" data-height-mobile-landscape=\"\" style=\"clear:both;display:block;\"><\/div>[\/vc_column][\/vc_row][vc_row css=\u00bb.vc_custom_1508832705309{border-bottom-width: 1px !important;padding-bottom: 20px !important;border-bottom-color: #eeeeee !important;border-bottom-style: solid !important;}\u00bb][vc_column width=\u00bb1\/2&#8243;]<div class=\"dfd-heading-shortcode\"><div class=\"dfd-heading-module-wrap  text-left style_01 dfd-heading-69dd0a2dee9bb dfd-disable-resposive-headings\" id=\"dfd-heading-69dd0a2dee9bb\" ><div class=\"inline-block\"><div class=\"dfd-heading-module\"><h6 class=\"widget-title dfd-title \" style=\"font-family:PT Sans Narrow; font-weight:400; font-style:normal; font-size: 18px; color: #25bdd5 !important; line-height: 22px; \">Title<\/h6><h5 class=\"widget-sub-title dfd-sub-title \" style=\"font-family:PT Sans; font-weight:400; font-style:normal; font-size: 20px; line-height: 25px; \">Ingeniero de instrumentaci\u00f3n y medidas en campo<\/h5><\/div><\/div><\/div><script type=\"text\/javascript\">\r\n\t\t\t\t\t\t\t\t\t(function($) {\r\n\t\t\t\t\t\t\t\t\t\t$(\"head\").append(\"<style>.dfd-heading-69dd0a2dee9bb.dfd-heading-module-wrap .dfd-heading-module .dfd-heading-delimiter {margin-top:10px;margin-bottom:10px;}<\/style>\");\r\n\t\t\t\t\t\t\t\t\t})(jQuery);\r\n\t\t\t\t\t\t\t\t<\/script><\/div>[\/vc_column][vc_column width=\u00bb1\/4&#8243;]<div class=\"dfd-heading-shortcode\"><div class=\"dfd-heading-module-wrap  text-left style_01 dfd-heading-69dd0a2deeb4e dfd-disable-resposive-headings\" id=\"dfd-heading-69dd0a2deeb4e\" ><div class=\"inline-block\"><div class=\"dfd-heading-module\"><h6 class=\"widget-title dfd-title \" style=\"font-family:PT Sans Narrow; font-weight:400; font-style:normal; font-size: 18px; color: #25bdd5 !important; line-height: 22px; \">Ref.<\/h6><h5 class=\"widget-sub-title dfd-sub-title \" style=\"font-family:PT Sans; font-weight:400; font-style:normal; font-size: 20px; line-height: 25px; \">250301<\/h5><\/div><\/div><\/div><script type=\"text\/javascript\">\r\n\t\t\t\t\t\t\t\t\t(function($) {\r\n\t\t\t\t\t\t\t\t\t\t$(\"head\").append(\"<style>.dfd-heading-69dd0a2deeb4e.dfd-heading-module-wrap .dfd-heading-module .dfd-heading-delimiter {margin-top:10px;margin-bottom:10px;}<\/style>\");\r\n\t\t\t\t\t\t\t\t\t})(jQuery);\r\n\t\t\t\t\t\t\t\t<\/script><\/div>[\/vc_column][vc_column width=\u00bb1\/4&#8243;]<div class=\"dfd-heading-shortcode\"><div class=\"dfd-heading-module-wrap  text-left style_01 dfd-heading-69dd0a2deec82 dfd-disable-resposive-headings\" id=\"dfd-heading-69dd0a2deec82\" ><div class=\"inline-block\"><div class=\"dfd-heading-module\"><h6 class=\"widget-title dfd-title \" style=\"font-family:PT Sans Narrow; font-weight:400; font-style:normal; font-size: 18px; color: #25bdd5 !important; line-height: 22px; \">Start date<\/p>\n<p><\/h6><h5 class=\"widget-sub-title dfd-sub-title \" style=\"font-family:PT Sans; font-weight:400; font-style:normal; font-size: 20px; line-height: 25px; \">A convenir<\/h5><\/div><\/div><\/div><script type=\"text\/javascript\">\r\n\t\t\t\t\t\t\t\t\t(function($) {\r\n\t\t\t\t\t\t\t\t\t\t$(\"head\").append(\"<style>.dfd-heading-69dd0a2deec82.dfd-heading-module-wrap .dfd-heading-module .dfd-heading-delimiter {margin-top:10px;margin-bottom:10px;}<\/style>\");\r\n\t\t\t\t\t\t\t\t\t})(jQuery);\r\n\t\t\t\t\t\t\t\t<\/script><\/div>[\/vc_column][\/vc_row][vc_row][vc_column css=\u00bb.vc_custom_1508832727555{padding-top: 20px !important;}\u00bb]<div class=\"ult-spacer spacer-69dd0a2deed6a\" data-id=\"69dd0a2deed6a\" data-height=\"30\" data-height-mobile=\"0\" data-height-tab=\"20\" data-height-tab-portrait=\"\" data-height-mobile-landscape=\"\" style=\"clear:both;display:block;\"><\/div><div class=\"dfd-heading-shortcode\"><div class=\"dfd-heading-module-wrap  text-left style_02 dfd-heading-69dd0a2deedcf dfd-disable-resposive-headings\" id=\"dfd-heading-69dd0a2deedcf\" ><div class=\"inline-block\"><div class=\"dfd-heading-module\"><h6 class=\"widget-title dfd-title \" style=\"font-family:PT Sans Narrow; font-weight:400; font-style:normal; font-size: 25px; color: #25bdd5 !important; line-height: 30px; \">FUNCIONES<\/h6><div class=\"dfd-heading-delimiter\"><\/div><\/div><\/div><\/div><script type=\"text\/javascript\">\r\n\t\t\t\t\t\t\t\t\t(function($) {\r\n\t\t\t\t\t\t\t\t\t\t$(\"head\").append(\"<style>.dfd-heading-69dd0a2deedcf.dfd-heading-module-wrap .dfd-heading-module .dfd-heading-delimiter {border-bottom-style:solid;border-bottom-width:1px;width:100px;border-bottom-color:#25bdd5;}.dfd-heading-69dd0a2deedcf.dfd-heading-module-wrap .dfd-heading-module .dfd-heading-delimiter {margin-top:10px;margin-bottom:10px;}<\/style>\");\r\n\t\t\t\t\t\t\t\t\t})(jQuery);\r\n\t\t\t\t\t\t\t\t<\/script><\/div>[vc_column_text css=\u00bb\u00bb]Preparar y organizar un ensayo, recoger datos en campo, analizarlos&#8230; \u00bfte ves en esto? \u00bfY si lo completamos contando que son nada m\u00e1s y nada menos que veh\u00edculos ferroviarios lo que en mayor medida ensayamos, evaluando par\u00e1metros tan complejos como el comportamiento din\u00e1mico del veh\u00edculo, los niveles de vibraci\u00f3n y ruido o la compatibilidad electromagn\u00e9tica entre veh\u00edculo y la infraestructura? El abanico de ensayos que ofrecemos es ampl\u00edsimo y nos ponemos como objetivo estar siempre a la vanguardia de las tecnolog\u00edas para poder seguir ofreciendo el mejor servicio a nuestros clientes.[\/vc_column_text]<div class=\"ult-spacer spacer-69dd0a2deee92\" data-id=\"69dd0a2deee92\" data-height=\"30\" data-height-mobile=\"10\" data-height-tab=\"20\" data-height-tab-portrait=\"\" data-height-mobile-landscape=\"\" style=\"clear:both;display:block;\"><\/div><div class=\"dfd-heading-shortcode\"><div class=\"dfd-heading-module-wrap  text-left style_01 cr-animate-gen dfd-heading-69dd0a2deef10 dfd-disable-resposive-headings\" id=\"dfd-heading-69dd0a2deef10\" data-animate-type = \"transition.fadeIn\" ><div class=\"inline-block\"><div class=\"dfd-heading-module\"><h6 class=\"widget-title dfd-title \" style=\"font-family:PT Sans Narrow; font-weight:400; font-style:normal; font-size: 25px; color: #25bdd5 !important; line-height: 30px; \">Quienes somos<\/h6><\/div><\/div><\/div><script type=\"text\/javascript\">\r\n\t\t\t\t\t\t\t\t\t(function($) {\r\n\t\t\t\t\t\t\t\t\t\t$(\"head\").append(\"<style>.dfd-heading-69dd0a2deef10.dfd-heading-module-wrap .dfd-heading-module .dfd-heading-delimiter {margin-top:10px;margin-bottom:10px;}<\/style>\");\r\n\t\t\t\t\t\t\t\t\t})(jQuery);\r\n\t\t\t\t\t\t\t\t<\/script><\/div>[vc_column_text css=\u00bb\u00bb item_animation=\u00bbtransition.fadeIn\u00bb]CETEST es un <em>laboratorio de ensayos acreditado<\/em> que forma parte del Grupo CAF, uno de los l\u00edderes internacionales en el dise\u00f1o e implantaci\u00f3n de sistemas integrales de <em>movilidad<\/em> sostenible.[\/vc_column_text]<div class=\"ult-spacer spacer-69dd0a2deefc5\" data-id=\"69dd0a2deefc5\" data-height=\"50\" data-height-mobile=\"20\" data-height-tab=\"30\" data-height-tab-portrait=\"\" data-height-mobile-landscape=\"\" style=\"clear:both;display:block;\"><\/div><div class=\"dfd-heading-shortcode\"><div class=\"dfd-heading-module-wrap  text-left style_01 cr-animate-gen dfd-heading-69dd0a2def026 dfd-disable-resposive-headings\" id=\"dfd-heading-69dd0a2def026\" data-animate-type = \"transition.fadeIn\" ><div class=\"inline-block\"><div class=\"dfd-heading-module\"><h6 class=\"widget-title dfd-title \" style=\"font-family:PT Sans Narrow; font-weight:400; font-style:normal; font-size: 25px; color: #25bdd5 !important; line-height: 30px; \">Qu\u00e9 ofrecemos<\/h6><\/div><\/div><\/div><script type=\"text\/javascript\">\r\n\t\t\t\t\t\t\t\t\t(function($) {\r\n\t\t\t\t\t\t\t\t\t\t$(\"head\").append(\"<style>.dfd-heading-69dd0a2def026.dfd-heading-module-wrap .dfd-heading-module .dfd-heading-delimiter {margin-top:10px;margin-bottom:10px;}<\/style>\");\r\n\t\t\t\t\t\t\t\t\t})(jQuery);\r\n\t\t\t\t\t\t\t\t<\/script><\/div>[vc_column_text css=\u00bb\u00bb item_animation=\u00bbtransition.fadeIn\u00bb]Ofrecemos incorporaci\u00f3n a equipo altamente cualificado y en continuo desarrollo, que te permitir\u00e1 seguir creciendo en el marco de un ambicioso proyecto de servicios y nuevos desarrollos de \u00e1mbito internacional y con alto componente tecnol\u00f3gico.[\/vc_column_text]<div class=\"ult-spacer spacer-69dd0a2def0da\" data-id=\"69dd0a2def0da\" data-height=\"30\" data-height-mobile=\"30\" data-height-tab=\"30\" data-height-tab-portrait=\"\" data-height-mobile-landscape=\"\" style=\"clear:both;display:block;\"><\/div><div class=\"dfd-heading-shortcode\"><div class=\"dfd-heading-module-wrap  text-left style_01 cr-animate-gen dfd-heading-69dd0a2def185 dfd-disable-resposive-headings\" id=\"dfd-heading-69dd0a2def185\" data-animate-type = \"transition.fadeIn\" ><div class=\"inline-block\"><div class=\"dfd-heading-module\"><h6 class=\"widget-title dfd-title \" style=\"font-family:PT Sans Narrow; font-weight:400; font-style:normal; font-size: 25px; color: #25bdd5 !important; line-height: 30px; \">Qu\u00e9 buscamos<\/h6><\/div><\/div><\/div><script type=\"text\/javascript\">\r\n\t\t\t\t\t\t\t\t\t(function($) {\r\n\t\t\t\t\t\t\t\t\t\t$(\"head\").append(\"<style>.dfd-heading-69dd0a2def185.dfd-heading-module-wrap .dfd-heading-module .dfd-heading-delimiter {margin-top:10px;margin-bottom:10px;}<\/style>\");\r\n\t\t\t\t\t\t\t\t\t})(jQuery);\r\n\t\t\t\t\t\t\t\t<\/script><\/div>[vc_column_text css=\u00bb\u00bb item_animation=\u00bbtransition.fadeIn\u00bb]Buscamos personas que refuercen nuestro gran equipo y que cuenten con:<\/p>\n<ul>\n<li>Muchas <strong>ganas de aprender<\/strong> en un entorno internacional e <strong>intercultural<\/strong><\/li>\n<li><strong>Disponibilidad <\/strong>e inquietud por una actividad que requiere de un volumen elevado de <strong>viajes internacionales<\/strong>.<\/li>\n<li>Grado o M\u00e1ster en <strong>Ingenier\u00eda<\/strong><\/li>\n<li>Buen nivel de <strong>ingl\u00e9s<\/strong>, y tantos idiomas puedan aportar<\/li>\n<li>Inquietud <strong>t\u00e9cnica<\/strong><\/li>\n<\/ul>\n<p><em>\u00bfTe interesa? \u00a1Ven y con\u00f3cenos!<\/em>[\/vc_column_text]<div class=\"ult-spacer spacer-69dd0a2def246\" data-id=\"69dd0a2def246\" data-height=\"30\" data-height-mobile=\"30\" data-height-tab=\"30\" data-height-tab-portrait=\"\" data-height-mobile-landscape=\"\" style=\"clear:both;display:block;\"><\/div>[\/vc_column][\/vc_row]<\/p>\n<\/div>","protected":false},"excerpt":{"rendered":"<p>[vc_row][vc_column][\/vc_column][\/vc_row][vc_row css=\u00bb.vc_custom_1508832705309{border-bottom-width: 1px !important;padding-bottom: 20px !important;border-bottom-color: #eeeeee !important;border-bottom-style: solid !important;}\u00bb][vc_column width=\u00bb1\/2&#8243;][\/vc_column][vc_column width=\u00bb1\/4&#8243;][\/vc_column][vc_column width=\u00bb1\/4&#8243;][\/vc_column][\/vc_row][vc_row][vc_column css=\u00bb.vc_custom_1508832727555{padding-top: 20px !important;}\u00bb][vc_column_text css=\u00bb\u00bb]Preparar y organizar un ensayo, recoger datos en campo, analizarlos&#8230; \u00bfte ves en esto?<\/p>\n","protected":false},"author":1,"featured_media":0,"parent":17922,"menu_order":0,"comment_status":"closed","ping_status":"closed","template":"tmp-page-right-sidebar.php","meta":{"_acf_changed":false,"footnotes":""},"class_list":["post-17915","page","type-page","status-publish","hentry"],"acf":[],"yoast_head":"<!-- This site is optimized with the Yoast SEO plugin v27.3 - https:\/\/yoast.com\/product\/yoast-seo-wordpress\/ -->\n<title>Ingeniero de instrumentaci\u00f3n y medidas en campo | CETEST<\/title>\n<meta name=\"description\" content=\"Buscamos un ingeniero para unirse a nuestro equipo comercial. Nos gustar\u00eda que nos ayudaras a incrementar nuestro negocio internacional y a cuidar a nuestros clientes.\" \/>\n<meta name=\"robots\" content=\"index, follow, max-snippet:-1, max-image-preview:large, max-video-preview:-1\" \/>\n<link rel=\"canonical\" href=\"https:\/\/www.cetestgroup.com\/es\/ofertas-de-empleo\/ingeniero-instrumentacion-medida-campo\/\" \/>\n<meta property=\"og:locale\" content=\"es_ES\" \/>\n<meta property=\"og:type\" content=\"article\" \/>\n<meta property=\"og:title\" content=\"Ingeniero de instrumentaci\u00f3n y medidas en campo | CETEST\" \/>\n<meta property=\"og:description\" content=\"Buscamos un ingeniero para unirse a nuestro equipo comercial. Nos gustar\u00eda que nos ayudaras a incrementar nuestro negocio internacional y a cuidar a nuestros clientes.\" \/>\n<meta property=\"og:url\" content=\"https:\/\/www.cetestgroup.com\/es\/ofertas-de-empleo\/ingeniero-instrumentacion-medida-campo\/\" \/>\n<meta property=\"og:site_name\" content=\"CETEST\" \/>\n<meta property=\"article:modified_time\" content=\"2025-03-05T07:26:04+00:00\" \/>\n<meta name=\"twitter:card\" content=\"summary_large_image\" \/>\n<meta name=\"twitter:label1\" content=\"Tiempo de lectura\" \/>\n\t<meta name=\"twitter:data1\" content=\"2 minutos\" \/>\n<script type=\"application\/ld+json\" class=\"yoast-schema-graph\">{\"@context\":\"https:\\\/\\\/schema.org\",\"@graph\":[{\"@type\":\"WebPage\",\"@id\":\"https:\\\/\\\/www.cetestgroup.com\\\/es\\\/ofertas-de-empleo\\\/ingeniero-instrumentacion-medida-campo\\\/\",\"url\":\"https:\\\/\\\/www.cetestgroup.com\\\/es\\\/ofertas-de-empleo\\\/ingeniero-instrumentacion-medida-campo\\\/\",\"name\":\"Ingeniero de instrumentaci\u00f3n y medidas en campo | CETEST\",\"isPartOf\":{\"@id\":\"https:\\\/\\\/www.cetestgroup.com\\\/es\\\/#website\"},\"datePublished\":\"2018-05-07T14:19:53+00:00\",\"dateModified\":\"2025-03-05T07:26:04+00:00\",\"description\":\"Buscamos un ingeniero para unirse a nuestro equipo comercial. Nos gustar\u00eda que nos ayudaras a incrementar nuestro negocio internacional y a cuidar a nuestros clientes.\",\"breadcrumb\":{\"@id\":\"https:\\\/\\\/www.cetestgroup.com\\\/es\\\/ofertas-de-empleo\\\/ingeniero-instrumentacion-medida-campo\\\/#breadcrumb\"},\"inLanguage\":\"es\",\"potentialAction\":[{\"@type\":\"ReadAction\",\"target\":[\"https:\\\/\\\/www.cetestgroup.com\\\/es\\\/ofertas-de-empleo\\\/ingeniero-instrumentacion-medida-campo\\\/\"]}]},{\"@type\":\"BreadcrumbList\",\"@id\":\"https:\\\/\\\/www.cetestgroup.com\\\/es\\\/ofertas-de-empleo\\\/ingeniero-instrumentacion-medida-campo\\\/#breadcrumb\",\"itemListElement\":[{\"@type\":\"ListItem\",\"position\":1,\"name\":\"Home\",\"item\":\"https:\\\/\\\/www.cetestgroup.com\\\/es\\\/\"},{\"@type\":\"ListItem\",\"position\":2,\"name\":\"Ofertas de empleo\",\"item\":\"https:\\\/\\\/www.cetestgroup.com\\\/es\\\/ofertas-de-empleo\\\/\"},{\"@type\":\"ListItem\",\"position\":3,\"name\":\"Ingeniero de instrumentaci\u00f3n y medidas en campo\"}]},{\"@type\":\"WebSite\",\"@id\":\"https:\\\/\\\/www.cetestgroup.com\\\/es\\\/#website\",\"url\":\"https:\\\/\\\/www.cetestgroup.com\\\/es\\\/\",\"name\":\"CETEST\",\"description\":\"CETEST is a fully accredited independent test laboratory offering services for design verification, model validation, developmental testing and\\\/or answers to help you identify failure root causes. We carry out tests in our facilities as well as on site as required by customer needs.\",\"potentialAction\":[{\"@type\":\"SearchAction\",\"target\":{\"@type\":\"EntryPoint\",\"urlTemplate\":\"https:\\\/\\\/www.cetestgroup.com\\\/es\\\/?s={search_term_string}\"},\"query-input\":{\"@type\":\"PropertyValueSpecification\",\"valueRequired\":true,\"valueName\":\"search_term_string\"}}],\"inLanguage\":\"es\"}]}<\/script>\n<!-- \/ Yoast SEO plugin. -->","yoast_head_json":{"title":"Ingeniero de instrumentaci\u00f3n y medidas en campo | CETEST","description":"Buscamos un ingeniero para unirse a nuestro equipo comercial. Nos gustar\u00eda que nos ayudaras a incrementar nuestro negocio internacional y a cuidar a nuestros clientes.","robots":{"index":"index","follow":"follow","max-snippet":"max-snippet:-1","max-image-preview":"max-image-preview:large","max-video-preview":"max-video-preview:-1"},"canonical":"https:\/\/www.cetestgroup.com\/es\/ofertas-de-empleo\/ingeniero-instrumentacion-medida-campo\/","og_locale":"es_ES","og_type":"article","og_title":"Ingeniero de instrumentaci\u00f3n y medidas en campo | CETEST","og_description":"Buscamos un ingeniero para unirse a nuestro equipo comercial. Nos gustar\u00eda que nos ayudaras a incrementar nuestro negocio internacional y a cuidar a nuestros clientes.","og_url":"https:\/\/www.cetestgroup.com\/es\/ofertas-de-empleo\/ingeniero-instrumentacion-medida-campo\/","og_site_name":"CETEST","article_modified_time":"2025-03-05T07:26:04+00:00","twitter_card":"summary_large_image","twitter_misc":{"Tiempo de lectura":"2 minutos"},"schema":{"@context":"https:\/\/schema.org","@graph":[{"@type":"WebPage","@id":"https:\/\/www.cetestgroup.com\/es\/ofertas-de-empleo\/ingeniero-instrumentacion-medida-campo\/","url":"https:\/\/www.cetestgroup.com\/es\/ofertas-de-empleo\/ingeniero-instrumentacion-medida-campo\/","name":"Ingeniero de instrumentaci\u00f3n y medidas en campo | CETEST","isPartOf":{"@id":"https:\/\/www.cetestgroup.com\/es\/#website"},"datePublished":"2018-05-07T14:19:53+00:00","dateModified":"2025-03-05T07:26:04+00:00","description":"Buscamos un ingeniero para unirse a nuestro equipo comercial. Nos gustar\u00eda que nos ayudaras a incrementar nuestro negocio internacional y a cuidar a nuestros clientes.","breadcrumb":{"@id":"https:\/\/www.cetestgroup.com\/es\/ofertas-de-empleo\/ingeniero-instrumentacion-medida-campo\/#breadcrumb"},"inLanguage":"es","potentialAction":[{"@type":"ReadAction","target":["https:\/\/www.cetestgroup.com\/es\/ofertas-de-empleo\/ingeniero-instrumentacion-medida-campo\/"]}]},{"@type":"BreadcrumbList","@id":"https:\/\/www.cetestgroup.com\/es\/ofertas-de-empleo\/ingeniero-instrumentacion-medida-campo\/#breadcrumb","itemListElement":[{"@type":"ListItem","position":1,"name":"Home","item":"https:\/\/www.cetestgroup.com\/es\/"},{"@type":"ListItem","position":2,"name":"Ofertas de empleo","item":"https:\/\/www.cetestgroup.com\/es\/ofertas-de-empleo\/"},{"@type":"ListItem","position":3,"name":"Ingeniero de instrumentaci\u00f3n y medidas en campo"}]},{"@type":"WebSite","@id":"https:\/\/www.cetestgroup.com\/es\/#website","url":"https:\/\/www.cetestgroup.com\/es\/","name":"CETEST","description":"CETEST is a fully accredited independent test laboratory offering services for design verification, model validation, developmental testing and\/or answers to help you identify failure root causes. We carry out tests in our facilities as well as on site as required by customer needs.","potentialAction":[{"@type":"SearchAction","target":{"@type":"EntryPoint","urlTemplate":"https:\/\/www.cetestgroup.com\/es\/?s={search_term_string}"},"query-input":{"@type":"PropertyValueSpecification","valueRequired":true,"valueName":"search_term_string"}}],"inLanguage":"es"}]}},"_links":{"self":[{"href":"https:\/\/www.cetestgroup.com\/es\/wp-json\/wp\/v2\/pages\/17915","targetHints":{"allow":["GET"]}}],"collection":[{"href":"https:\/\/www.cetestgroup.com\/es\/wp-json\/wp\/v2\/pages"}],"about":[{"href":"https:\/\/www.cetestgroup.com\/es\/wp-json\/wp\/v2\/types\/page"}],"author":[{"embeddable":true,"href":"https:\/\/www.cetestgroup.com\/es\/wp-json\/wp\/v2\/users\/1"}],"replies":[{"embeddable":true,"href":"https:\/\/www.cetestgroup.com\/es\/wp-json\/wp\/v2\/comments?post=17915"}],"version-history":[{"count":2,"href":"https:\/\/www.cetestgroup.com\/es\/wp-json\/wp\/v2\/pages\/17915\/revisions"}],"predecessor-version":[{"id":20204,"href":"https:\/\/www.cetestgroup.com\/es\/wp-json\/wp\/v2\/pages\/17915\/revisions\/20204"}],"up":[{"embeddable":true,"href":"https:\/\/www.cetestgroup.com\/es\/wp-json\/wp\/v2\/pages\/17922"}],"wp:attachment":[{"href":"https:\/\/www.cetestgroup.com\/es\/wp-json\/wp\/v2\/media?parent=17915"}],"curies":[{"name":"wp","href":"https:\/\/api.w.org\/{rel}","templated":true}]}}