{"id":17909,"date":"2018-05-07T14:49:28","date_gmt":"2018-05-07T13:49:28","guid":{"rendered":"https:\/\/www.cetestgroup.com\/?page_id=17909"},"modified":"2018-08-27T13:35:26","modified_gmt":"2018-08-27T12:35:26","slug":"experiencia","status":"publish","type":"page","link":"https:\/\/www.cetestgroup.com\/es\/experiencia\/","title":{"rendered":"Experiencia"},"content":{"rendered":"<div class=\"wpb-content-wrapper\"><p>[vc_row][vc_column][vc_column_text]<\/p>\n<p>CETEST pone su amplia experiencia al servicio de fabricantes de veh\u00edculos ferroviarios, operadores, proveedores de componentes y gestores de infraestructuras, ofreciendo servicios de ensayos, monitorizaci\u00f3n y an\u00e1lisis. Ayudamos a nuestros clientes en la certificaci\u00f3n de sus sistemas y les ofrecemos servicios de consultor\u00eda para identificar causas de fallo y solucionar los problemas operativos en las siguientes \u00e1reas:<\/p>\n<p>[\/vc_column_text]<div class=\"ult-spacer spacer-69dc759f1dcc1\" data-id=\"69dc759f1dcc1\" data-height=\"30\" data-height-mobile=\"20\" data-height-tab=\"20\" data-height-tab-portrait=\"\" data-height-mobile-landscape=\"\" style=\"clear:both;display:block;\"><\/div>[\/vc_column][\/vc_row][vc_row][vc_column width=\u00bb1\/3&#8243;]\n<div id=\"interactive-banner-1-wrap-7385\" class=\"ult-banner-block ult-adjust-bottom-margin ult-bb-box  banner-style01 BannerInteractivo\"   style=\"\">\n\t<img decoding=\"async\" src=\"https:\/\/www.cetestgroup.com\/wp-content\/uploads\/2017\/10\/structural-integrity-and-fatigue-resistance-intro.jpg\" alt=\"Cetest: Structural integrity and fatigue resistance\">\n\t<h3  data-ultimate-target='#interactive-banner-1-wrap-7385 .bb-top-title '  data-responsive-json-new='{\"font-size\":\"desktop:16px;\",\"line-height\":\"\"}'  class=\"title-center bb-top-title ult-responsive\" style=\"font-weight:bold;color:#ffffff;\">Integridad estructural y resistencia a la fatiga<\/h3>\n\t<div class=\"mask opaque-background\" style=\"background:#242424;\">\n\t\t<div  data-ultimate-target='#interactive-banner-1-wrap-7385 .bb-description'  data-responsive-json-new='{\"font-size\":\"desktop:14px;\",\"line-height\":\"\"}'  class=\"bb-description ult-responsive\" style=\"font-weight:normal;color:#ffffff;\">En CETEST somos l\u00edderes en el estudio de la resistencia y durabilidad de estructuras y componentes.<\/div>\n\t<\/div><a class=\"bb-link\" href=\"https:\/\/www.cetestgroup.com\/es\/experiencia\/integridad-estructural-y-resistencia-la-fatiga\/\" ><\/a>\n<\/div>[\/vc_column][vc_column width=\u00bb1\/3&#8243;]\n<div id=\"interactive-banner-1-wrap-9514\" class=\"ult-banner-block ult-adjust-bottom-margin ult-bb-box  banner-style01 BannerInteractivo\"   style=\"\">\n\t<img decoding=\"async\" src=\"https:\/\/www.cetestgroup.com\/wp-content\/uploads\/2017\/10\/measurement-signal-processing-and-analysis-intro.jpg\" alt=\"Cetest: Measurement, signal processing and analysis\">\n\t<h3  data-ultimate-target='#interactive-banner-1-wrap-9514 .bb-top-title '  data-responsive-json-new='{\"font-size\":\"desktop:16px;\",\"line-height\":\"\"}'  class=\"title-center bb-top-title ult-responsive\" style=\"font-weight:bold;color:#ffffff;\">Mediciones, tratamiento de se\u00f1ales y an\u00e1lisis<\/h3>\n\t<div class=\"mask opaque-background\" style=\"background:#242424;\">\n\t\t<div  data-ultimate-target='#interactive-banner-1-wrap-9514 .bb-description'  data-responsive-json-new='{\"font-size\":\"desktop:14px;\",\"line-height\":\"\"}'  class=\"bb-description ult-responsive\" style=\"font-weight:normal;color:#ffffff;\">En CETEST somos expertos en la medida de variables f\u00edsicas utilizando los medios y t\u00e9cnicas m\u00e1s adecuados para cada aplicaci\u00f3n.<\/div>\n\t<\/div><a class=\"bb-link\" href=\"https:\/\/www.cetestgroup.com\/es\/experiencia\/mediciones-tratamiento-de-senales-y-analisis\/\" ><\/a>\n<\/div>[\/vc_column][vc_column width=\u00bb1\/3&#8243;]\n<div id=\"interactive-banner-1-wrap-9631\" class=\"ult-banner-block ult-adjust-bottom-margin ult-bb-box  banner-style01 BannerInteractivo\"   style=\"\">\n\t<img decoding=\"async\" src=\"https:\/\/www.cetestgroup.com\/wp-content\/uploads\/2017\/10\/electronics-and-power-electronics-intro.jpg\" alt=\"Cetest: Electronics and power electronics\">\n\t<h3  data-ultimate-target='#interactive-banner-1-wrap-9631 .bb-top-title '  data-responsive-json-new='{\"font-size\":\"desktop:16px;\",\"line-height\":\"\"}'  class=\"title-center bb-top-title ult-responsive\" style=\"font-weight:bold;color:#ffffff;\">EMC y electr\u00f3nica de potencia<\/h3>\n\t<div class=\"mask opaque-background\" style=\"background:#242424;\">\n\t\t<div  data-ultimate-target='#interactive-banner-1-wrap-9631 .bb-description'  data-responsive-json-new='{\"font-size\":\"desktop:14px;\",\"line-height\":\"\"}'  class=\"bb-description ult-responsive\" style=\"font-weight:normal;color:#ffffff;\">La compatibilidad e inmunidad electromagn\u00e9tica es una de nuestras principales ofertas.<\/div>\n\t<\/div><a class=\"bb-link\" href=\"https:\/\/www.cetestgroup.com\/es\/experiencia\/electronica-y-electronica-de-potencia\/\" ><\/a>\n<\/div>[\/vc_column][\/vc_row][vc_row][vc_column width=\u00bb1\/3&#8243;]\n<div id=\"interactive-banner-1-wrap-7467\" class=\"ult-banner-block ult-adjust-bottom-margin ult-bb-box  banner-style01 BannerInteractivo\"   style=\"\">\n\t<img decoding=\"async\" src=\"https:\/\/www.cetestgroup.com\/wp-content\/uploads\/2017\/10\/special-measurement-systems-and-rigs-intro.jpg\" alt=\"Cetest: Special measurement systems and rigs\">\n\t<h3  data-ultimate-target='#interactive-banner-1-wrap-7467 .bb-top-title '  data-responsive-json-new='{\"font-size\":\"desktop:16px;\",\"line-height\":\"\"}'  class=\"title-center bb-top-title ult-responsive\" style=\"font-weight:bold;color:#ffffff;\">Sistemas de medici\u00f3n y bancos de ensayo especiales<\/h3>\n\t<div class=\"mask opaque-background\" style=\"background:#242424;\">\n\t\t<div  data-ultimate-target='#interactive-banner-1-wrap-7467 .bb-description'  data-responsive-json-new='{\"font-size\":\"desktop:14px;\",\"line-height\":\"\"}'  class=\"bb-description ult-responsive\" style=\"font-weight:normal;color:#ffffff;\">Una capacidad exclusiva y diferencial de CETEST es nuestro conocimiento pr\u00e1ctico y nuestra experiencia en el desarrollo de soluciones mecatr\u00f3nicas.<\/div>\n\t<\/div><a class=\"bb-link\" href=\"https:\/\/www.cetestgroup.com\/es\/experiencia\/sistemas-de-medicion-y-bancos-de-ensayo-especiales\/\" ><\/a>\n<\/div>[\/vc_column][vc_column width=\u00bb1\/3&#8243;]\n<div id=\"interactive-banner-1-wrap-6553\" class=\"ult-banner-block ult-adjust-bottom-margin ult-bb-box  banner-style01 BannerInteractivo\"   style=\"\">\n\t<img decoding=\"async\" src=\"https:\/\/www.cetestgroup.com\/wp-content\/uploads\/2017\/10\/acoustics-and-vibrations-intro.jpg\" alt=\"Cetest: Acoustics and vibrations\">\n\t<h3  data-ultimate-target='#interactive-banner-1-wrap-6553 .bb-top-title '  data-responsive-json-new='{\"font-size\":\"desktop:16px;\",\"line-height\":\"\"}'  class=\"title-center bb-top-title ult-responsive\" style=\"font-weight:bold;color:#ffffff;\">Ac\u00fastica y vibraciones<\/h3>\n\t<div class=\"mask opaque-background\" style=\"background:#242424;\">\n\t\t<div  data-ultimate-target='#interactive-banner-1-wrap-6553 .bb-description'  data-responsive-json-new='{\"font-size\":\"desktop:14px;\",\"line-height\":\"\"}'  class=\"bb-description ult-responsive\" style=\"font-weight:normal;color:#ffffff;\">Contamos con los medios y el conocimiento pr\u00e1ctico para analizar y ofrecer soluciones para cada necesidad de medida de todo tipo ruido y\/o vibraci\u00f3n en m\u00e1quinas, componentes, estructuras, etc.<\/div>\n\t<\/div><a class=\"bb-link\" href=\"https:\/\/www.cetestgroup.com\/es\/experiencia\/acustica-y-vibraciones\/\" ><\/a>\n<\/div>[\/vc_column][vc_column width=\u00bb1\/3&#8243;]\n<div id=\"interactive-banner-1-wrap-7712\" class=\"ult-banner-block ult-adjust-bottom-margin ult-bb-box  banner-style01 BannerInteractivo\"   style=\"\">\n\t<img decoding=\"async\" src=\"https:\/\/www.cetestgroup.com\/wp-content\/uploads\/2017\/10\/running-dynamics-intro.jpg\" alt=\"Cetest: Running dynamics\">\n\t<h3  data-ultimate-target='#interactive-banner-1-wrap-7712 .bb-top-title '  data-responsive-json-new='{\"font-size\":\"desktop:16px;\",\"line-height\":\"\"}'  class=\"title-center bb-top-title ult-responsive\" style=\"font-weight:bold;color:#ffffff;\">Din\u00e1mica de marcha<\/h3>\n\t<div class=\"mask opaque-background\" style=\"background:#242424;\">\n\t\t<div  data-ultimate-target='#interactive-banner-1-wrap-7712 .bb-description'  data-responsive-json-new='{\"font-size\":\"desktop:14px;\",\"line-height\":\"\"}'  class=\"bb-description ult-responsive\" style=\"font-weight:normal;color:#ffffff;\">Tenemos un conocimiento profundo de la din\u00e1mica de veh\u00edculo, incluida la interfaz rueda-carril.<\/div>\n\t<\/div><a class=\"bb-link\" href=\"https:\/\/www.cetestgroup.com\/es\/experiencia\/dinamica-de-marcha\/\" ><\/a>\n<\/div>[\/vc_column][\/vc_row][vc_row][vc_column width=\u00bb1\/3&#8243;]\n<div id=\"interactive-banner-1-wrap-7936\" class=\"ult-banner-block ult-adjust-bottom-margin ult-bb-box  banner-style01 BannerInteractivo\"   style=\"\">\n\t<img decoding=\"async\" src=\"https:\/\/www.cetestgroup.com\/wp-content\/uploads\/2017\/10\/climatic-intro.jpg\" alt=\"\">\n\t<h3  data-ultimate-target='#interactive-banner-1-wrap-7936 .bb-top-title '  data-responsive-json-new='{\"font-size\":\"desktop:16px;\",\"line-height\":\"\"}'  class=\"title-center bb-top-title ult-responsive\" style=\"font-weight:bold;color:#ffffff;\">Clim\u00e1tico<\/h3>\n\t<div class=\"mask opaque-background\" style=\"background:#242424;\">\n\t\t<div  data-ultimate-target='#interactive-banner-1-wrap-7936 .bb-description'  data-responsive-json-new='{\"font-size\":\"desktop:14px;\",\"line-height\":\"\"}'  class=\"bb-description ult-responsive\" style=\"font-weight:normal;color:#ffffff;\">CETEST cuenta con una amplia experiencia en el campo del an\u00e1lisis clim\u00e1tico (ventilaci\u00f3n o climatizaci\u00f3n).<\/div>\n\t<\/div><a class=\"bb-link\" href=\"https:\/\/www.cetestgroup.com\/es\/experiencia\/climatico\/\" ><\/a>\n<\/div>[\/vc_column][vc_column width=\u00bb1\/3&#8243;]\n<div id=\"interactive-banner-1-wrap-6366\" class=\"ult-banner-block ult-adjust-bottom-margin ult-bb-box  banner-style01 BannerInteractivo\"   style=\"\">\n\t<img decoding=\"async\" src=\"https:\/\/www.cetestgroup.com\/wp-content\/uploads\/2017\/10\/case-studies-intro.jpg\" alt=\"Cetest: Case studies\">\n\t<h3  data-ultimate-target='#interactive-banner-1-wrap-6366 .bb-top-title '  data-responsive-json-new='{\"font-size\":\"desktop:16px;\",\"line-height\":\"\"}'  class=\"title-center bb-top-title ult-responsive\" style=\"font-weight:bold;color:#ffffff;\">Case studies<\/h3>\n\t<div class=\"mask opaque-background\" style=\"background:#242424;\">\n\t\t<div  data-ultimate-target='#interactive-banner-1-wrap-6366 .bb-description'  data-responsive-json-new='{\"font-size\":\"\",\"line-height\":\"\"}'  class=\"bb-description ult-responsive\" style=\"font-weight:normal;color:#ffffff;\">Descubra la experiencia de CETEST y sus ingenieros a trav\u00e9s de algunos casos pr\u00e1cticos.<\/div>\n\t<\/div><a class=\"bb-link\" href=\"https:\/\/www.cetestgroup.com\/es\/experiencia\/case-studies\/\" ><\/a>\n<\/div>[\/vc_column][vc_column width=\u00bb1\/3&#8243;]\n<div id=\"interactive-banner-1-wrap-5221\" class=\"ult-banner-block ult-adjust-bottom-margin ult-bb-box  banner-style01 BannerInteractivo\"   style=\"\">\n\t<img decoding=\"async\" src=\"https:\/\/www.cetestgroup.com\/wp-content\/uploads\/2017\/10\/research-and-development-intro.jpg\" alt=\"Cetest: Research &amp; development\">\n\t<h3  data-ultimate-target='#interactive-banner-1-wrap-5221 .bb-top-title '  data-responsive-json-new='{\"font-size\":\"desktop:16px;\",\"line-height\":\"\"}'  class=\"title-center bb-top-title ult-responsive\" style=\"font-weight:bold;color:#ffffff;\">Investigaci\u00f3n y Desarrollo<\/h3>\n\t<div class=\"mask opaque-background\" style=\"background:#242424;\">\n\t\t<div  data-ultimate-target='#interactive-banner-1-wrap-5221 .bb-description'  data-responsive-json-new='{\"font-size\":\"desktop:14px;\",\"line-height\":\"\"}'  class=\"bb-description ult-responsive\" style=\"font-weight:normal;color:#ffffff;\">Buscamos la mejora continua en todas nuestras \u00e1reas de experiencia, as\u00ed como en los medios t\u00e9cnicos para el ensayo.<\/div>\n\t<\/div><a class=\"bb-link\" href=\"https:\/\/www.cetestgroup.com\/es\/experiencia\/investigacion-y-desarrollo\/\" ><\/a>\n<\/div>[\/vc_column][\/vc_row]<\/p>\n<\/div>","protected":false},"excerpt":{"rendered":"<p>[vc_row][vc_column][vc_column_text] CETEST pone su amplia experiencia al servicio de fabricantes de veh\u00edculos ferroviarios, operadores, proveedores de componentes y gestores de infraestructuras, ofreciendo servicios de ensayos, monitorizaci\u00f3n y an\u00e1lisis. Ayudamos a<\/p>\n","protected":false},"author":1,"featured_media":0,"parent":0,"menu_order":0,"comment_status":"closed","ping_status":"closed","template":"tmp-page-no-sidebar.php","meta":{"_acf_changed":false,"footnotes":""},"class_list":["post-17909","page","type-page","status-publish","hentry"],"acf":[],"yoast_head":"<!-- This site is optimized with the Yoast SEO plugin v27.3 - https:\/\/yoast.com\/product\/yoast-seo-wordpress\/ -->\n<title>Experiencia | CETEST<\/title>\n<meta name=\"description\" content=\"CETEST pone su amplia experiencia al servicio de fabricantes de veh\u00edculos ferroviarios, operadores, proveedores de componentes y gestores de infraestructuras, ofreciendo servicios de ensayos, monitorizaci\u00f3n y an\u00e1lisis.\" \/>\n<meta name=\"robots\" content=\"index, follow, max-snippet:-1, max-image-preview:large, max-video-preview:-1\" \/>\n<link rel=\"canonical\" href=\"https:\/\/www.cetestgroup.com\/our-expertise\/\" \/>\n<meta property=\"og:locale\" content=\"es_ES\" \/>\n<meta property=\"og:type\" content=\"article\" \/>\n<meta property=\"og:title\" content=\"Experiencia | CETEST\" \/>\n<meta property=\"og:description\" content=\"CETEST pone su amplia experiencia al servicio de fabricantes de veh\u00edculos ferroviarios, operadores, proveedores de componentes y gestores de infraestructuras, ofreciendo servicios de ensayos, monitorizaci\u00f3n y an\u00e1lisis.\" \/>\n<meta property=\"og:url\" content=\"https:\/\/www.cetestgroup.com\/our-expertise\/\" \/>\n<meta property=\"og:site_name\" content=\"CETEST\" \/>\n<meta property=\"article:modified_time\" content=\"2018-08-27T12:35:26+00:00\" \/>\n<meta name=\"twitter:card\" content=\"summary_large_image\" \/>\n<meta name=\"twitter:label1\" content=\"Tiempo de lectura\" \/>\n\t<meta name=\"twitter:data1\" content=\"4 minutos\" \/>\n<script type=\"application\/ld+json\" class=\"yoast-schema-graph\">{\"@context\":\"https:\\\/\\\/schema.org\",\"@graph\":[{\"@type\":\"WebPage\",\"@id\":\"https:\\\/\\\/www.cetestgroup.com\\\/our-expertise\\\/\",\"url\":\"https:\\\/\\\/www.cetestgroup.com\\\/our-expertise\\\/\",\"name\":\"Experiencia | CETEST\",\"isPartOf\":{\"@id\":\"https:\\\/\\\/www.cetestgroup.com\\\/es\\\/#website\"},\"datePublished\":\"2018-05-07T13:49:28+00:00\",\"dateModified\":\"2018-08-27T12:35:26+00:00\",\"description\":\"CETEST pone su amplia experiencia al servicio de fabricantes de veh\u00edculos ferroviarios, operadores, proveedores de componentes y gestores de infraestructuras, ofreciendo servicios de ensayos, monitorizaci\u00f3n y an\u00e1lisis.\",\"breadcrumb\":{\"@id\":\"https:\\\/\\\/www.cetestgroup.com\\\/our-expertise\\\/#breadcrumb\"},\"inLanguage\":\"es\",\"potentialAction\":[{\"@type\":\"ReadAction\",\"target\":[\"https:\\\/\\\/www.cetestgroup.com\\\/our-expertise\\\/\"]}]},{\"@type\":\"BreadcrumbList\",\"@id\":\"https:\\\/\\\/www.cetestgroup.com\\\/our-expertise\\\/#breadcrumb\",\"itemListElement\":[{\"@type\":\"ListItem\",\"position\":1,\"name\":\"Home\",\"item\":\"https:\\\/\\\/www.cetestgroup.com\\\/es\\\/\"},{\"@type\":\"ListItem\",\"position\":2,\"name\":\"Experiencia\"}]},{\"@type\":\"WebSite\",\"@id\":\"https:\\\/\\\/www.cetestgroup.com\\\/es\\\/#website\",\"url\":\"https:\\\/\\\/www.cetestgroup.com\\\/es\\\/\",\"name\":\"CETEST\",\"description\":\"CETEST is a fully accredited independent test laboratory offering services for design verification, model validation, developmental testing and\\\/or answers to help you identify failure root causes. We carry out tests in our facilities as well as on site as required by customer needs.\",\"potentialAction\":[{\"@type\":\"SearchAction\",\"target\":{\"@type\":\"EntryPoint\",\"urlTemplate\":\"https:\\\/\\\/www.cetestgroup.com\\\/es\\\/?s={search_term_string}\"},\"query-input\":{\"@type\":\"PropertyValueSpecification\",\"valueRequired\":true,\"valueName\":\"search_term_string\"}}],\"inLanguage\":\"es\"}]}<\/script>\n<!-- \/ Yoast SEO plugin. -->","yoast_head_json":{"title":"Experiencia | CETEST","description":"CETEST pone su amplia experiencia al servicio de fabricantes de veh\u00edculos ferroviarios, operadores, proveedores de componentes y gestores de infraestructuras, ofreciendo servicios de ensayos, monitorizaci\u00f3n y an\u00e1lisis.","robots":{"index":"index","follow":"follow","max-snippet":"max-snippet:-1","max-image-preview":"max-image-preview:large","max-video-preview":"max-video-preview:-1"},"canonical":"https:\/\/www.cetestgroup.com\/our-expertise\/","og_locale":"es_ES","og_type":"article","og_title":"Experiencia | CETEST","og_description":"CETEST pone su amplia experiencia al servicio de fabricantes de veh\u00edculos ferroviarios, operadores, proveedores de componentes y gestores de infraestructuras, ofreciendo servicios de ensayos, monitorizaci\u00f3n y an\u00e1lisis.","og_url":"https:\/\/www.cetestgroup.com\/our-expertise\/","og_site_name":"CETEST","article_modified_time":"2018-08-27T12:35:26+00:00","twitter_card":"summary_large_image","twitter_misc":{"Tiempo de lectura":"4 minutos"},"schema":{"@context":"https:\/\/schema.org","@graph":[{"@type":"WebPage","@id":"https:\/\/www.cetestgroup.com\/our-expertise\/","url":"https:\/\/www.cetestgroup.com\/our-expertise\/","name":"Experiencia | CETEST","isPartOf":{"@id":"https:\/\/www.cetestgroup.com\/es\/#website"},"datePublished":"2018-05-07T13:49:28+00:00","dateModified":"2018-08-27T12:35:26+00:00","description":"CETEST pone su amplia experiencia al servicio de fabricantes de veh\u00edculos ferroviarios, operadores, proveedores de componentes y gestores de infraestructuras, ofreciendo servicios de ensayos, monitorizaci\u00f3n y an\u00e1lisis.","breadcrumb":{"@id":"https:\/\/www.cetestgroup.com\/our-expertise\/#breadcrumb"},"inLanguage":"es","potentialAction":[{"@type":"ReadAction","target":["https:\/\/www.cetestgroup.com\/our-expertise\/"]}]},{"@type":"BreadcrumbList","@id":"https:\/\/www.cetestgroup.com\/our-expertise\/#breadcrumb","itemListElement":[{"@type":"ListItem","position":1,"name":"Home","item":"https:\/\/www.cetestgroup.com\/es\/"},{"@type":"ListItem","position":2,"name":"Experiencia"}]},{"@type":"WebSite","@id":"https:\/\/www.cetestgroup.com\/es\/#website","url":"https:\/\/www.cetestgroup.com\/es\/","name":"CETEST","description":"CETEST is a fully accredited independent test laboratory offering services for design verification, model validation, developmental testing and\/or answers to help you identify failure root causes. We carry out tests in our facilities as well as on site as required by customer needs.","potentialAction":[{"@type":"SearchAction","target":{"@type":"EntryPoint","urlTemplate":"https:\/\/www.cetestgroup.com\/es\/?s={search_term_string}"},"query-input":{"@type":"PropertyValueSpecification","valueRequired":true,"valueName":"search_term_string"}}],"inLanguage":"es"}]}},"_links":{"self":[{"href":"https:\/\/www.cetestgroup.com\/es\/wp-json\/wp\/v2\/pages\/17909","targetHints":{"allow":["GET"]}}],"collection":[{"href":"https:\/\/www.cetestgroup.com\/es\/wp-json\/wp\/v2\/pages"}],"about":[{"href":"https:\/\/www.cetestgroup.com\/es\/wp-json\/wp\/v2\/types\/page"}],"author":[{"embeddable":true,"href":"https:\/\/www.cetestgroup.com\/es\/wp-json\/wp\/v2\/users\/1"}],"replies":[{"embeddable":true,"href":"https:\/\/www.cetestgroup.com\/es\/wp-json\/wp\/v2\/comments?post=17909"}],"version-history":[{"count":3,"href":"https:\/\/www.cetestgroup.com\/es\/wp-json\/wp\/v2\/pages\/17909\/revisions"}],"predecessor-version":[{"id":18930,"href":"https:\/\/www.cetestgroup.com\/es\/wp-json\/wp\/v2\/pages\/17909\/revisions\/18930"}],"wp:attachment":[{"href":"https:\/\/www.cetestgroup.com\/es\/wp-json\/wp\/v2\/media?parent=17909"}],"curies":[{"name":"wp","href":"https:\/\/api.w.org\/{rel}","templated":true}]}}