{"id":17905,"date":"2018-05-07T14:22:29","date_gmt":"2018-05-07T13:22:29","guid":{"rendered":"https:\/\/www.cetestgroup.com\/?page_id=17905"},"modified":"2018-08-28T08:22:39","modified_gmt":"2018-08-28T07:22:39","slug":"localizacion-y-contacto","status":"publish","type":"page","link":"https:\/\/www.cetestgroup.com\/es\/localizacion-y-contacto\/","title":{"rendered":"Localizaci\u00f3n y Contacto"},"content":{"rendered":"<div class=\"wpb-content-wrapper\"><p>[vc_row][vc_column width=\u00bb1\/3&#8243;]<div class=\"dfd-heading-shortcode\"><div class=\"dfd-heading-module-wrap  text-left style_01 dfd-heading-69dcb5a65f842 dfd-disable-resposive-headings\" id=\"dfd-heading-69dcb5a65f842\" ><div class=\"inline-block\"><div class=\"dfd-heading-module\"><h6 class=\"widget-title dfd-title \" style=\"font-family:PT Sans Narrow; font-weight:400; font-style:normal; font-size: 20px; color: #25bdd5 !important; line-height: 25px; \">Por favor, escr\u00edbanos para m\u00e1s informaci\u00f3n o cualquier otra consulta. Nuestros ingenieros le contactar\u00e1n en breve.<\/h6><div class=\"dfd-heading-delimiter\"><\/div><\/div><\/div><\/div><script type=\"text\/javascript\">\r\n\t\t\t\t\t\t\t\t\t(function($) {\r\n\t\t\t\t\t\t\t\t\t\t$(\"head\").append(\"<style>.dfd-heading-69dcb5a65f842.dfd-heading-module-wrap .dfd-heading-module .dfd-heading-delimiter {border-bottom-style:solid;border-bottom-width:1px;width:100px;border-bottom-color:#dddddd;}.dfd-heading-69dcb5a65f842.dfd-heading-module-wrap .dfd-heading-module .dfd-heading-delimiter {margin-top:20px;margin-bottom:20px;}<\/style>\");\r\n\t\t\t\t\t\t\t\t\t})(jQuery);\r\n\t\t\t\t\t\t\t\t<\/script><\/div><div class=\"dfd-contact-block-container style-1    cr-animate-gen\" data-animate-type = \"transition.slideLeftIn\"  style=\"\"><div class=\"dfd-contact-block-module\" >\r\n\t\t\t\t\t\t\t<div class=\"fild-content\">\r\n\t\t\t\t\t\t\t\t<i class=\"dfd-icon-navigation\" style=\"width: 40px; height: 40px; \"><span class=\"delimiter\" style=\"left: 40px ;\"><\/span><\/i>\r\n\t\t\t\t\t\t\t\t<div class=\"fild-name\" style=\"height: 20px; \">Direcci\u00f3n:<\/div>\r\n\t\t\t\t\t\t\t\t<p class=\"Direcci\u00f3n\">Lazkaibar s\/n, Beasain. 20.200 Spain <\/p>\r\n\t\t\t\t\t\t\t<\/div>\r\n\t\t\t\t\t\t\t<div class=\"fild-content\">\r\n\t\t\t\t\t\t\t\t<i class=\"dfd-icon-tablet2\" style=\"width: 40px; height: 40px; \"><span class=\"delimiter\" style=\"left: 40px ;\"><\/span><\/i>\r\n\t\t\t\t\t\t\t\t<div class=\"fild-name\" style=\"height: 20px; \">Tel\u00e9fono:<\/div>\r\n\t\t\t\t\t\t\t\t<p class=\"Tel\u00e9fono\">+34 943 028 690 <\/p>\r\n\t\t\t\t\t\t\t<\/div><\/div><\/div><div class=\"ult-spacer spacer-69dcb5a65f9e4\" data-id=\"69dcb5a65f9e4\" data-height=\"30\" data-height-mobile=\"10\" data-height-tab=\"20\" data-height-tab-portrait=\"\" data-height-mobile-landscape=\"\" style=\"clear:both;display:block;\"><\/div>[\/vc_column][vc_column width=\u00bb2\/3&#8243;]\n<div class=\"wpcf7 no-js\" id=\"wpcf7-f17973-o1\" lang=\"en-US\" dir=\"ltr\" data-wpcf7-id=\"17973\">\n<div class=\"screen-reader-response\"><p role=\"status\" aria-live=\"polite\" aria-atomic=\"true\"><\/p> <ul><\/ul><\/div>\n<form action=\"\/es\/wp-json\/wp\/v2\/pages\/17905#wpcf7-f17973-o1\" method=\"post\" class=\"wpcf7-form init\" aria-label=\"Contact form\" novalidate=\"novalidate\" data-status=\"init\">\n<fieldset class=\"hidden-fields-container\"><input type=\"hidden\" name=\"_wpcf7\" value=\"17973\" \/><input type=\"hidden\" name=\"_wpcf7_version\" value=\"6.1.5\" \/><input type=\"hidden\" name=\"_wpcf7_locale\" value=\"en_US\" \/><input type=\"hidden\" name=\"_wpcf7_unit_tag\" value=\"wpcf7-f17973-o1\" \/><input type=\"hidden\" name=\"_wpcf7_container_post\" value=\"0\" \/><input type=\"hidden\" name=\"_wpcf7_posted_data_hash\" value=\"\" \/><input type=\"hidden\" name=\"_wpcf7_recaptcha_response\" value=\"\" \/>\n<\/fieldset>\n<div class=\"campoObligatorio\">Los campos marcados con * son obligatorios<\/div>\n<div style=\"float:left; width:100%;\"><span class=\"wpcf7-form-control-wrap\" data-name=\"your-name\"><input size=\"40\" maxlength=\"400\" class=\"wpcf7-form-control wpcf7-text wpcf7-validates-as-required\" aria-required=\"true\" aria-invalid=\"false\" placeholder=\"Nombre*\" value=\"\" type=\"text\" name=\"your-name\" \/><\/span><\/div>\n<div style=\"float:left; width:100%;\"><span class=\"wpcf7-form-control-wrap\" data-name=\"your-email\"><input size=\"40\" maxlength=\"400\" class=\"wpcf7-form-control wpcf7-email wpcf7-validates-as-required wpcf7-text wpcf7-validates-as-email\" aria-required=\"true\" aria-invalid=\"false\" placeholder=\"Email*\" value=\"\" type=\"email\" name=\"your-email\" \/><\/span><\/div>\n<div style=\"float:left; width:100%;\"><span class=\"wpcf7-form-control-wrap\" data-name=\"telephone\"><input size=\"40\" maxlength=\"400\" class=\"wpcf7-form-control wpcf7-tel wpcf7-text wpcf7-validates-as-tel\" aria-invalid=\"false\" placeholder=\"Tel\u00e9fono\" value=\"\" type=\"tel\" name=\"telephone\" \/><\/span><\/div>\n<div style=\"float:left; width:100%;\"><span class=\"wpcf7-form-control-wrap\" data-name=\"your-message\"><textarea cols=\"40\" rows=\"10\" maxlength=\"2000\" class=\"wpcf7-form-control wpcf7-textarea wpcf7-validates-as-required\" aria-required=\"true\" aria-invalid=\"false\" placeholder=\"\u00bfC\u00f3mo podemos ayudarte? *\" name=\"your-message\"><\/textarea><\/span><\/label>\n<div class=\"formPolitica2\"><span class=\"wpcf7-form-control-wrap\" data-name=\"acepto-politica\"><span class=\"wpcf7-form-control wpcf7-acceptance\"><span class=\"wpcf7-list-item\"><input type=\"checkbox\" name=\"acepto-politica\" value=\"1\" aria-invalid=\"false\" \/><\/span><\/span><\/span> <span style=\"padding-left:10px;\">He le\u00eddo y acepto <a href=\"https:\/\/www.cetestgroup.com\/politica-privacidad\/\" target=\"_blank\" style='text-decoration:underline'>la pol\u00edtica de privacidad<\/a><\/span><\/div>\n<div style=\"clear:both!important; padding-top:20px;\"><input class=\"wpcf7-form-control wpcf7-submit has-spinner\" type=\"submit\" value=\"Enviar\" \/><\/div><input type='hidden' class='wpcf7-pum' value='{\"closepopup\":false,\"closedelay\":0,\"openpopup\":false,\"openpopup_id\":0}' \/><div class=\"wpcf7-response-output\" aria-hidden=\"true\"><\/div>\n<\/form>\n<\/div>\n<div class=\"ult-spacer spacer-69dcb5a661fa7\" data-id=\"69dcb5a661fa7\" data-height=\"30\" data-height-mobile=\"30\" data-height-tab=\"20\" data-height-tab-portrait=\"\" data-height-mobile-landscape=\"\" style=\"clear:both;display:block;\"><\/div>[\/vc_column][\/vc_row]<\/p>\n<\/div>","protected":false},"excerpt":{"rendered":"<p>[vc_row][vc_column width=\u00bb1\/3&#8243;][\/vc_column][vc_column width=\u00bb2\/3&#8243;][\/vc_column][\/vc_row]<\/p>\n","protected":false},"author":1,"featured_media":0,"parent":0,"menu_order":0,"comment_status":"closed","ping_status":"closed","template":"tmp-page-right-sidebar.php","meta":{"_acf_changed":false,"footnotes":""},"class_list":["post-17905","page","type-page","status-publish","hentry"],"acf":[],"yoast_head":"<!-- This site is optimized with the Yoast SEO plugin v27.3 - https:\/\/yoast.com\/product\/yoast-seo-wordpress\/ -->\n<title>Localizaci\u00f3n y Contacto | CETEST<\/title>\n<meta name=\"description\" content=\"Por favor, cont\u00e1ctenos para m\u00e1s informaci\u00f3n o cualquier otra consulta. Nuestros ingenieros les contactar\u00e1n en breve.\" \/>\n<meta name=\"robots\" content=\"index, follow, max-snippet:-1, max-image-preview:large, max-video-preview:-1\" \/>\n<link rel=\"canonical\" href=\"https:\/\/www.cetestgroup.com\/es\/localizacion-y-contacto\/\" \/>\n<meta property=\"og:locale\" content=\"es_ES\" \/>\n<meta property=\"og:type\" content=\"article\" \/>\n<meta property=\"og:title\" content=\"Localizaci\u00f3n y Contacto | CETEST\" \/>\n<meta property=\"og:description\" content=\"Por favor, cont\u00e1ctenos para m\u00e1s informaci\u00f3n o cualquier otra consulta. Nuestros ingenieros les contactar\u00e1n en breve.\" \/>\n<meta property=\"og:url\" content=\"https:\/\/www.cetestgroup.com\/es\/localizacion-y-contacto\/\" \/>\n<meta property=\"og:site_name\" content=\"CETEST\" \/>\n<meta property=\"article:modified_time\" content=\"2018-08-28T07:22:39+00:00\" \/>\n<meta name=\"twitter:card\" content=\"summary_large_image\" \/>\n<meta name=\"twitter:label1\" content=\"Tiempo de lectura\" \/>\n\t<meta name=\"twitter:data1\" content=\"1 minuto\" \/>\n<script type=\"application\/ld+json\" class=\"yoast-schema-graph\">{\"@context\":\"https:\\\/\\\/schema.org\",\"@graph\":[{\"@type\":\"WebPage\",\"@id\":\"https:\\\/\\\/www.cetestgroup.com\\\/es\\\/localizacion-y-contacto\\\/\",\"url\":\"https:\\\/\\\/www.cetestgroup.com\\\/es\\\/localizacion-y-contacto\\\/\",\"name\":\"Localizaci\u00f3n y Contacto | CETEST\",\"isPartOf\":{\"@id\":\"https:\\\/\\\/www.cetestgroup.com\\\/es\\\/#website\"},\"datePublished\":\"2018-05-07T13:22:29+00:00\",\"dateModified\":\"2018-08-28T07:22:39+00:00\",\"description\":\"Por favor, cont\u00e1ctenos para m\u00e1s informaci\u00f3n o cualquier otra consulta. Nuestros ingenieros les contactar\u00e1n en breve.\",\"breadcrumb\":{\"@id\":\"https:\\\/\\\/www.cetestgroup.com\\\/es\\\/localizacion-y-contacto\\\/#breadcrumb\"},\"inLanguage\":\"es\",\"potentialAction\":[{\"@type\":\"ReadAction\",\"target\":[\"https:\\\/\\\/www.cetestgroup.com\\\/es\\\/localizacion-y-contacto\\\/\"]}]},{\"@type\":\"BreadcrumbList\",\"@id\":\"https:\\\/\\\/www.cetestgroup.com\\\/es\\\/localizacion-y-contacto\\\/#breadcrumb\",\"itemListElement\":[{\"@type\":\"ListItem\",\"position\":1,\"name\":\"Home\",\"item\":\"https:\\\/\\\/www.cetestgroup.com\\\/es\\\/\"},{\"@type\":\"ListItem\",\"position\":2,\"name\":\"Localizaci\u00f3n y Contacto\"}]},{\"@type\":\"WebSite\",\"@id\":\"https:\\\/\\\/www.cetestgroup.com\\\/es\\\/#website\",\"url\":\"https:\\\/\\\/www.cetestgroup.com\\\/es\\\/\",\"name\":\"CETEST\",\"description\":\"CETEST is a fully accredited independent test laboratory offering services for design verification, model validation, developmental testing and\\\/or answers to help you identify failure root causes. We carry out tests in our facilities as well as on site as required by customer needs.\",\"potentialAction\":[{\"@type\":\"SearchAction\",\"target\":{\"@type\":\"EntryPoint\",\"urlTemplate\":\"https:\\\/\\\/www.cetestgroup.com\\\/es\\\/?s={search_term_string}\"},\"query-input\":{\"@type\":\"PropertyValueSpecification\",\"valueRequired\":true,\"valueName\":\"search_term_string\"}}],\"inLanguage\":\"es\"}]}<\/script>\n<!-- \/ Yoast SEO plugin. -->","yoast_head_json":{"title":"Localizaci\u00f3n y Contacto | CETEST","description":"Por favor, cont\u00e1ctenos para m\u00e1s informaci\u00f3n o cualquier otra consulta. Nuestros ingenieros les contactar\u00e1n en breve.","robots":{"index":"index","follow":"follow","max-snippet":"max-snippet:-1","max-image-preview":"max-image-preview:large","max-video-preview":"max-video-preview:-1"},"canonical":"https:\/\/www.cetestgroup.com\/es\/localizacion-y-contacto\/","og_locale":"es_ES","og_type":"article","og_title":"Localizaci\u00f3n y Contacto | CETEST","og_description":"Por favor, cont\u00e1ctenos para m\u00e1s informaci\u00f3n o cualquier otra consulta. Nuestros ingenieros les contactar\u00e1n en breve.","og_url":"https:\/\/www.cetestgroup.com\/es\/localizacion-y-contacto\/","og_site_name":"CETEST","article_modified_time":"2018-08-28T07:22:39+00:00","twitter_card":"summary_large_image","twitter_misc":{"Tiempo de lectura":"1 minuto"},"schema":{"@context":"https:\/\/schema.org","@graph":[{"@type":"WebPage","@id":"https:\/\/www.cetestgroup.com\/es\/localizacion-y-contacto\/","url":"https:\/\/www.cetestgroup.com\/es\/localizacion-y-contacto\/","name":"Localizaci\u00f3n y Contacto | CETEST","isPartOf":{"@id":"https:\/\/www.cetestgroup.com\/es\/#website"},"datePublished":"2018-05-07T13:22:29+00:00","dateModified":"2018-08-28T07:22:39+00:00","description":"Por favor, cont\u00e1ctenos para m\u00e1s informaci\u00f3n o cualquier otra consulta. Nuestros ingenieros les contactar\u00e1n en breve.","breadcrumb":{"@id":"https:\/\/www.cetestgroup.com\/es\/localizacion-y-contacto\/#breadcrumb"},"inLanguage":"es","potentialAction":[{"@type":"ReadAction","target":["https:\/\/www.cetestgroup.com\/es\/localizacion-y-contacto\/"]}]},{"@type":"BreadcrumbList","@id":"https:\/\/www.cetestgroup.com\/es\/localizacion-y-contacto\/#breadcrumb","itemListElement":[{"@type":"ListItem","position":1,"name":"Home","item":"https:\/\/www.cetestgroup.com\/es\/"},{"@type":"ListItem","position":2,"name":"Localizaci\u00f3n y Contacto"}]},{"@type":"WebSite","@id":"https:\/\/www.cetestgroup.com\/es\/#website","url":"https:\/\/www.cetestgroup.com\/es\/","name":"CETEST","description":"CETEST is a fully accredited independent test laboratory offering services for design verification, model validation, developmental testing and\/or answers to help you identify failure root causes. We carry out tests in our facilities as well as on site as required by customer needs.","potentialAction":[{"@type":"SearchAction","target":{"@type":"EntryPoint","urlTemplate":"https:\/\/www.cetestgroup.com\/es\/?s={search_term_string}"},"query-input":{"@type":"PropertyValueSpecification","valueRequired":true,"valueName":"search_term_string"}}],"inLanguage":"es"}]}},"_links":{"self":[{"href":"https:\/\/www.cetestgroup.com\/es\/wp-json\/wp\/v2\/pages\/17905","targetHints":{"allow":["GET"]}}],"collection":[{"href":"https:\/\/www.cetestgroup.com\/es\/wp-json\/wp\/v2\/pages"}],"about":[{"href":"https:\/\/www.cetestgroup.com\/es\/wp-json\/wp\/v2\/types\/page"}],"author":[{"embeddable":true,"href":"https:\/\/www.cetestgroup.com\/es\/wp-json\/wp\/v2\/users\/1"}],"replies":[{"embeddable":true,"href":"https:\/\/www.cetestgroup.com\/es\/wp-json\/wp\/v2\/comments?post=17905"}],"version-history":[{"count":3,"href":"https:\/\/www.cetestgroup.com\/es\/wp-json\/wp\/v2\/pages\/17905\/revisions"}],"predecessor-version":[{"id":18936,"href":"https:\/\/www.cetestgroup.com\/es\/wp-json\/wp\/v2\/pages\/17905\/revisions\/18936"}],"wp:attachment":[{"href":"https:\/\/www.cetestgroup.com\/es\/wp-json\/wp\/v2\/media?parent=17905"}],"curies":[{"name":"wp","href":"https:\/\/api.w.org\/{rel}","templated":true}]}}