{"id":17900,"date":"2018-05-07T12:59:51","date_gmt":"2018-05-07T11:59:51","guid":{"rendered":"https:\/\/www.cetestgroup.com\/?page_id=17900"},"modified":"2018-05-07T14:11:23","modified_gmt":"2018-05-07T13:11:23","slug":"ensayos-aeronauticos-y-otros","status":"publish","type":"page","link":"https:\/\/www.cetestgroup.com\/es\/ensayos-aeronauticos-y-otros\/","title":{"rendered":"Ensayos Aeron\u00e1uticos y Otros"},"content":{"rendered":"<div class=\"wpb-content-wrapper\"><p>[vc_row][vc_column width=\u00bb1\/3&#8243;]\n<div id=\"interactive-banner-1-wrap-5086\" class=\"ult-banner-block ult-adjust-bottom-margin ult-bb-box  banner-style01 BannerInteractivo\"   style=\"\">\n\t<img decoding=\"async\" src=\"https:\/\/www.cetestgroup.com\/wp-content\/uploads\/2017\/09\/full-scale-structural-tests-intro.jpg\" alt=\"Cetest: Full scale structural tests\">\n\t<h3  data-ultimate-target='#interactive-banner-1-wrap-5086 .bb-top-title '  data-responsive-json-new='{\"font-size\":\"desktop:16px;\",\"line-height\":\"\"}'  class=\"title-center bb-top-title ult-responsive\" style=\"font-weight:bold;color:#ffffff;\">Ensayos estructurales a escala real<\/h3>\n\t<div class=\"mask opaque-background\" style=\"background:#242424;\">\n\t\t<div  data-ultimate-target='#interactive-banner-1-wrap-5086 .bb-description'  data-responsive-json-new='{\"font-size\":\"desktop:14px;\",\"line-height\":\"\"}'  class=\"bb-description ult-responsive\" style=\"font-weight:normal;color:#ffffff;\">CETEST ofrece un servicio completo para ensayos a escala real.<\/div>\n\t<\/div><a class=\"bb-link\" href=\"https:\/\/www.cetestgroup.com\/es\/ensayos-aeronauticos-y-otros\/ensayos-estructurales-escala-real\/\" ><\/a>\n<\/div>[\/vc_column][vc_column width=\u00bb1\/3&#8243;]\n<div id=\"interactive-banner-1-wrap-9916\" class=\"ult-banner-block ult-adjust-bottom-margin ult-bb-box  banner-style01 BannerInteractivo\"   style=\"\">\n\t<img decoding=\"async\" src=\"https:\/\/www.cetestgroup.com\/wp-content\/uploads\/2017\/09\/cetest-multiaxial-complex-tests-intro.jpg\" alt=\"Cetest: Multiaxial complex tests\">\n\t<h3  data-ultimate-target='#interactive-banner-1-wrap-9916 .bb-top-title '  data-responsive-json-new='{\"font-size\":\"desktop:16px;\",\"line-height\":\"\"}'  class=\"title-center bb-top-title ult-responsive\" style=\"font-weight:bold;color:#ffffff;\">Ensayos complejos multiaxiales<\/h3>\n\t<div class=\"mask opaque-background\" style=\"background:#242424;\">\n\t\t<div  data-ultimate-target='#interactive-banner-1-wrap-9916 .bb-description'  data-responsive-json-new='{\"font-size\":\"desktop:14px;\",\"line-height\":\"\"}'  class=\"bb-description ult-responsive\" style=\"font-weight:normal;color:#ffffff;\">Dise\u00f1o de bancos de ensayo para la aplicaci\u00f3n de cargas multiaxiales.<\/div>\n\t<\/div><a class=\"bb-link\" href=\"https:\/\/www.cetestgroup.com\/es\/ensayos-aeronauticos-y-otros\/ensayos-complejos-multiaxiales\/\" ><\/a>\n<\/div>[\/vc_column][vc_column width=\u00bb1\/3&#8243;]\n<div id=\"interactive-banner-1-wrap-9207\" class=\"ult-banner-block ult-adjust-bottom-margin ult-bb-box  banner-style01 BannerInteractivo\"   style=\"\">\n\t<img decoding=\"async\" src=\"https:\/\/www.cetestgroup.com\/wp-content\/uploads\/2017\/09\/functional-and-durability-tests-intro.jpg\" alt=\"Cetest: Functionality\">\n\t<h3  data-ultimate-target='#interactive-banner-1-wrap-9207 .bb-top-title '  data-responsive-json-new='{\"font-size\":\"desktop:16px;\",\"line-height\":\"\"}'  class=\"title-center bb-top-title ult-responsive\" style=\"font-weight:bold;color:#ffffff;\">Ensayos funcionales y de durabilidad<\/h3>\n\t<div class=\"mask opaque-background\" style=\"background:#242424;\">\n\t\t<div  data-ultimate-target='#interactive-banner-1-wrap-9207 .bb-description'  data-responsive-json-new='{\"font-size\":\"desktop:14px;\",\"line-height\":\"\"}'  class=\"bb-description ult-responsive\" style=\"font-weight:normal;color:#ffffff;\">Ensayo dise\u00f1ado para comprobar la fiabilidad, vida \u00fatil y funcionamiento de los componentes de la aeronave.<\/div>\n\t<\/div><a class=\"bb-link\" href=\"https:\/\/www.cetestgroup.com\/es\/ensayos-aeronauticos-y-otros\/ensayos-funcionales-y-de-durabilidad\/\" ><\/a>\n<\/div>[\/vc_column][\/vc_row][vc_row][vc_column width=\u00bb1\/3&#8243;]\n<div id=\"interactive-banner-1-wrap-5907\" class=\"ult-banner-block ult-adjust-bottom-margin ult-bb-box  banner-style01 BannerInteractivo\"   style=\"\">\n\t<img decoding=\"async\" src=\"https:\/\/www.cetestgroup.com\/wp-content\/uploads\/2017\/09\/dynamic-fatigue-and-durability-testing-intro.jpg\" alt=\"Cetest: Dynamic, fatigue and durability testing\">\n\t<h3  data-ultimate-target='#interactive-banner-1-wrap-5907 .bb-top-title '  data-responsive-json-new='{\"font-size\":\"desktop:16px;\",\"line-height\":\"\"}'  class=\"title-center bb-top-title ult-responsive\" style=\"font-weight:bold;color:#ffffff;\">Ensayos de integridad estructural y de fatiga<\/h3>\n\t<div class=\"mask opaque-background\" style=\"background:#242424;\">\n\t\t<div  data-ultimate-target='#interactive-banner-1-wrap-5907 .bb-description'  data-responsive-json-new='{\"font-size\":\"desktop:14px;\",\"line-height\":\"\"}'  class=\"bb-description ult-responsive\" style=\"font-weight:normal;color:#ffffff;\">Ensayos mec\u00e1nicos en aeroestructuras y subconjuntos (materiales met\u00e1licos y\/o compuestos) con aplicaci\u00f3n de cargas m\u00e1ximas de rotura o cargas de servicio de fatiga din\u00e1mica.<\/div>\n\t<\/div><a class=\"bb-link\" href=\"https:\/\/www.cetestgroup.com\/es\/ensayos-aeronauticos-y-otros\/ensayos-de-integridad-estructural-y-de-fatiga\/\" ><\/a>\n<\/div>[\/vc_column][vc_column width=\u00bb1\/3&#8243;]\n<div id=\"interactive-banner-1-wrap-6679\" class=\"ult-banner-block ult-adjust-bottom-margin ult-bb-box  banner-style01 BannerInteractivo\"   style=\"\">\n\t<img decoding=\"async\" src=\"https:\/\/www.cetestgroup.com\/wp-content\/uploads\/2017\/09\/aero-emi-emc-intro.jpg\" alt=\"Cetest: EMI\/EMC\">\n\t<h3  data-ultimate-target='#interactive-banner-1-wrap-6679 .bb-top-title '  data-responsive-json-new='{\"font-size\":\"desktop:16px;\",\"line-height\":\"\"}'  class=\"title-center bb-top-title ult-responsive\" style=\"font-weight:bold;color:#ffffff;\">EMI\/EMC<\/h3>\n\t<div class=\"mask opaque-background\" style=\"background:#242424;\">\n\t\t<div  data-ultimate-target='#interactive-banner-1-wrap-6679 .bb-description'  data-responsive-json-new='{\"font-size\":\"desktop:14px;\",\"line-height\":\"\"}'  class=\"bb-description ult-responsive\" style=\"font-weight:normal;color:#ffffff;\">Medici\u00f3n y monitorizaci\u00f3n de las emisiones electromagn\u00e9ticas (conducidas, inducidas o radiadas), \u2026<\/div>\n\t<\/div><a class=\"bb-link\" href=\"https:\/\/www.cetestgroup.com\/es\/ensayos-aeronauticos-y-otros\/emi-emc\/\" ><\/a>\n<\/div>[\/vc_column][vc_column width=\u00bb1\/3&#8243;]\n<div id=\"interactive-banner-1-wrap-4680\" class=\"ult-banner-block ult-adjust-bottom-margin ult-bb-box  banner-style01 BannerInteractivo\"   style=\"\">\n\t<img decoding=\"async\" src=\"https:\/\/www.cetestgroup.com\/wp-content\/uploads\/2017\/09\/noise-and-vibrations-intro.jpg\" alt=\"Cetest: Noise and vibrations\">\n\t<h3  data-ultimate-target='#interactive-banner-1-wrap-4680 .bb-top-title '  data-responsive-json-new='{\"font-size\":\"desktop:16px;\",\"line-height\":\"\"}'  class=\"title-center bb-top-title ult-responsive\" style=\"font-weight:bold;color:#ffffff;\">Ruido y vibraciones<\/h3>\n\t<div class=\"mask opaque-background\" style=\"background:#242424;\">\n\t\t<div  data-ultimate-target='#interactive-banner-1-wrap-4680 .bb-description'  data-responsive-json-new='{\"font-size\":\"desktop:14px;\",\"line-height\":\"\"}'  class=\"bb-description ult-responsive\" style=\"font-weight:normal;color:#ffffff;\">Ensayos de verificaci\u00f3n y validaci\u00f3n conforme a las principales normas internacionales.<\/div>\n\t<\/div><a class=\"bb-link\" href=\"https:\/\/www.cetestgroup.com\/es\/ensayos-aeronauticos-y-otros\/ruido-y-vibraciones\/\" ><\/a>\n<\/div>[\/vc_column][\/vc_row][vc_row][vc_column width=\u00bb1\/2&#8243; offset=\u00bbvc_col-lg-offset-2 vc_col-lg-4&#8243;]\n<div id=\"interactive-banner-1-wrap-3551\" class=\"ult-banner-block ult-adjust-bottom-margin ult-bb-box  banner-style01 BannerInteractivo\"   style=\"\">\n\t<img decoding=\"async\" src=\"https:\/\/www.cetestgroup.com\/wp-content\/uploads\/2017\/09\/modal-analysis-intro.jpg\" alt=\"Cetest: Modal analysis\">\n\t<h3  data-ultimate-target='#interactive-banner-1-wrap-3551 .bb-top-title '  data-responsive-json-new='{\"font-size\":\"desktop:16px;\",\"line-height\":\"\"}'  class=\"title-center bb-top-title ult-responsive\" style=\"font-weight:bold;color:#ffffff;\">An\u00e1lisis modal<\/h3>\n\t<div class=\"mask opaque-background\" style=\"background:#242424;\">\n\t\t<div  data-ultimate-target='#interactive-banner-1-wrap-3551 .bb-description'  data-responsive-json-new='{\"font-size\":\"desktop:14px;\",\"line-height\":\"\"}'  class=\"bb-description ult-responsive\" style=\"font-weight:normal;color:#ffffff;\">En CETEST tenemos una amplia experiencia en an\u00e1lisis modal.<\/div>\n\t<\/div><a class=\"bb-link\" href=\"https:\/\/www.cetestgroup.com\/es\/ensayos-aeronauticos-y-otros\/analisis-modal\/\" ><\/a>\n<\/div>[\/vc_column][vc_column width=\u00bb1\/2&#8243; offset=\u00bbvc_col-lg-4&#8243;]\n<div id=\"interactive-banner-1-wrap-7886\" class=\"ult-banner-block ult-adjust-bottom-margin ult-bb-box  banner-style01 BannerInteractivo\"   style=\"\">\n\t<img decoding=\"async\" src=\"https:\/\/www.cetestgroup.com\/wp-content\/uploads\/2017\/09\/facilities-Instrumentation-Inspection-intro.jpg\" alt=\"Cetest: Facilities, Instrumentation &amp; Inspection\">\n\t<h3  data-ultimate-target='#interactive-banner-1-wrap-7886 .bb-top-title '  data-responsive-json-new='{\"font-size\":\"desktop:16px;\",\"line-height\":\"\"}'  class=\"title-center bb-top-title ult-responsive\" style=\"font-weight:bold;color:#ffffff;\">Instalaciones, instrumentaci\u00f3n e inspecci\u00f3n<\/h3>\n\t<div class=\"mask opaque-background\" style=\"background:#242424;\">\n\t\t<div  data-ultimate-target='#interactive-banner-1-wrap-7886 .bb-description'  data-responsive-json-new='{\"font-size\":\"desktop:14px;\",\"line-height\":\"\"}'  class=\"bb-description ult-responsive\" style=\"font-weight:normal;color:#ffffff;\">En CETEST ofrecemos un espacio \u00fanico y unas potentes capacidades para la instalaci\u00f3n de montajes de ensayo modulares.<\/div>\n\t<\/div><a class=\"bb-link\" href=\"https:\/\/www.cetestgroup.com\/es\/ensayos-aeronauticos-y-otros\/instalaciones-instrumentacion-e-inspeccion\/\" ><\/a>\n<\/div>[\/vc_column][\/vc_row]<\/p>\n<\/div>","protected":false},"excerpt":{"rendered":"<p>[vc_row][vc_column width=\u00bb1\/3&#8243;][\/vc_column][vc_column width=\u00bb1\/3&#8243;][\/vc_column][vc_column width=\u00bb1\/3&#8243;][\/vc_column][\/vc_row][vc_row][vc_column width=\u00bb1\/3&#8243;][\/vc_column][vc_column width=\u00bb1\/3&#8243;][\/vc_column][vc_column width=\u00bb1\/3&#8243;][\/vc_column][\/vc_row][vc_row][vc_column width=\u00bb1\/2&#8243; offset=\u00bbvc_col-lg-offset-2 vc_col-lg-4&#8243;][\/vc_column][vc_column width=\u00bb1\/2&#8243; offset=\u00bbvc_col-lg-4&#8243;][\/vc_column][\/vc_row]<\/p>\n","protected":false},"author":1,"featured_media":0,"parent":0,"menu_order":0,"comment_status":"closed","ping_status":"closed","template":"tmp-page-no-sidebar.php","meta":{"_acf_changed":false,"footnotes":""},"class_list":["post-17900","page","type-page","status-publish","hentry"],"acf":[],"yoast_head":"<!-- This site is optimized with the Yoast SEO plugin v27.4 - https:\/\/yoast.com\/product\/yoast-seo-wordpress\/ -->\n<title>Laboratorio independiente de ensayos aeron\u00e1uticos y otros | CETEST<\/title>\n<meta name=\"description\" content=\"Ensayos y proyectos de I+D en el sector aeron\u00e1utico, e\u00f3lico y otros: Ensayos estructurales a escala real, complejos multiaxiales, funcionales y de durabilidad, de integridad estructural y de fatiga, EMI\/EMC, ruido y vibraciones, an\u00e1lisis modal, etc.\" \/>\n<meta name=\"robots\" content=\"index, follow, max-snippet:-1, max-image-preview:large, max-video-preview:-1\" \/>\n<link rel=\"canonical\" href=\"https:\/\/www.cetestgroup.com\/es\/ensayos-aeronauticos-y-otros\/\" \/>\n<meta property=\"og:locale\" content=\"es_ES\" \/>\n<meta property=\"og:type\" content=\"article\" \/>\n<meta property=\"og:title\" content=\"Laboratorio independiente de ensayos aeron\u00e1uticos y otros | CETEST\" \/>\n<meta property=\"og:description\" content=\"Ensayos y proyectos de I+D en el sector aeron\u00e1utico, e\u00f3lico y otros: Ensayos estructurales a escala real, complejos multiaxiales, funcionales y de durabilidad, de integridad estructural y de fatiga, EMI\/EMC, ruido y vibraciones, an\u00e1lisis modal, etc.\" \/>\n<meta property=\"og:url\" content=\"https:\/\/www.cetestgroup.com\/es\/ensayos-aeronauticos-y-otros\/\" \/>\n<meta property=\"og:site_name\" content=\"CETEST\" \/>\n<meta property=\"article:modified_time\" content=\"2018-05-07T13:11:23+00:00\" \/>\n<meta name=\"twitter:card\" content=\"summary_large_image\" \/>\n<meta name=\"twitter:label1\" content=\"Tiempo de lectura\" \/>\n\t<meta name=\"twitter:data1\" content=\"3 minutos\" \/>\n<script type=\"application\/ld+json\" class=\"yoast-schema-graph\">{\"@context\":\"https:\\\/\\\/schema.org\",\"@graph\":[{\"@type\":\"WebPage\",\"@id\":\"https:\\\/\\\/www.cetestgroup.com\\\/es\\\/ensayos-aeronauticos-y-otros\\\/\",\"url\":\"https:\\\/\\\/www.cetestgroup.com\\\/es\\\/ensayos-aeronauticos-y-otros\\\/\",\"name\":\"Laboratorio independiente de ensayos aeron\u00e1uticos y otros | CETEST\",\"isPartOf\":{\"@id\":\"https:\\\/\\\/www.cetestgroup.com\\\/es\\\/#website\"},\"datePublished\":\"2018-05-07T11:59:51+00:00\",\"dateModified\":\"2018-05-07T13:11:23+00:00\",\"description\":\"Ensayos y proyectos de I+D en el sector aeron\u00e1utico, e\u00f3lico y otros: Ensayos estructurales a escala real, complejos multiaxiales, funcionales y de durabilidad, de integridad estructural y de fatiga, EMI\\\/EMC, ruido y vibraciones, an\u00e1lisis modal, etc.\",\"breadcrumb\":{\"@id\":\"https:\\\/\\\/www.cetestgroup.com\\\/es\\\/ensayos-aeronauticos-y-otros\\\/#breadcrumb\"},\"inLanguage\":\"es\",\"potentialAction\":[{\"@type\":\"ReadAction\",\"target\":[\"https:\\\/\\\/www.cetestgroup.com\\\/es\\\/ensayos-aeronauticos-y-otros\\\/\"]}]},{\"@type\":\"BreadcrumbList\",\"@id\":\"https:\\\/\\\/www.cetestgroup.com\\\/es\\\/ensayos-aeronauticos-y-otros\\\/#breadcrumb\",\"itemListElement\":[{\"@type\":\"ListItem\",\"position\":1,\"name\":\"Home\",\"item\":\"https:\\\/\\\/www.cetestgroup.com\\\/es\\\/\"},{\"@type\":\"ListItem\",\"position\":2,\"name\":\"Ensayos Aeron\u00e1uticos y Otros\"}]},{\"@type\":\"WebSite\",\"@id\":\"https:\\\/\\\/www.cetestgroup.com\\\/es\\\/#website\",\"url\":\"https:\\\/\\\/www.cetestgroup.com\\\/es\\\/\",\"name\":\"CETEST\",\"description\":\"CETEST is a fully accredited independent test laboratory offering services for design verification, model validation, developmental testing and\\\/or answers to help you identify failure root causes. We carry out tests in our facilities as well as on site as required by customer needs.\",\"potentialAction\":[{\"@type\":\"SearchAction\",\"target\":{\"@type\":\"EntryPoint\",\"urlTemplate\":\"https:\\\/\\\/www.cetestgroup.com\\\/es\\\/?s={search_term_string}\"},\"query-input\":{\"@type\":\"PropertyValueSpecification\",\"valueRequired\":true,\"valueName\":\"search_term_string\"}}],\"inLanguage\":\"es\"}]}<\/script>\n<!-- \/ Yoast SEO plugin. -->","yoast_head_json":{"title":"Laboratorio independiente de ensayos aeron\u00e1uticos y otros | CETEST","description":"Ensayos y proyectos de I+D en el sector aeron\u00e1utico, e\u00f3lico y otros: Ensayos estructurales a escala real, complejos multiaxiales, funcionales y de durabilidad, de integridad estructural y de fatiga, EMI\/EMC, ruido y vibraciones, an\u00e1lisis modal, etc.","robots":{"index":"index","follow":"follow","max-snippet":"max-snippet:-1","max-image-preview":"max-image-preview:large","max-video-preview":"max-video-preview:-1"},"canonical":"https:\/\/www.cetestgroup.com\/es\/ensayos-aeronauticos-y-otros\/","og_locale":"es_ES","og_type":"article","og_title":"Laboratorio independiente de ensayos aeron\u00e1uticos y otros | CETEST","og_description":"Ensayos y proyectos de I+D en el sector aeron\u00e1utico, e\u00f3lico y otros: Ensayos estructurales a escala real, complejos multiaxiales, funcionales y de durabilidad, de integridad estructural y de fatiga, EMI\/EMC, ruido y vibraciones, an\u00e1lisis modal, etc.","og_url":"https:\/\/www.cetestgroup.com\/es\/ensayos-aeronauticos-y-otros\/","og_site_name":"CETEST","article_modified_time":"2018-05-07T13:11:23+00:00","twitter_card":"summary_large_image","twitter_misc":{"Tiempo de lectura":"3 minutos"},"schema":{"@context":"https:\/\/schema.org","@graph":[{"@type":"WebPage","@id":"https:\/\/www.cetestgroup.com\/es\/ensayos-aeronauticos-y-otros\/","url":"https:\/\/www.cetestgroup.com\/es\/ensayos-aeronauticos-y-otros\/","name":"Laboratorio independiente de ensayos aeron\u00e1uticos y otros | CETEST","isPartOf":{"@id":"https:\/\/www.cetestgroup.com\/es\/#website"},"datePublished":"2018-05-07T11:59:51+00:00","dateModified":"2018-05-07T13:11:23+00:00","description":"Ensayos y proyectos de I+D en el sector aeron\u00e1utico, e\u00f3lico y otros: Ensayos estructurales a escala real, complejos multiaxiales, funcionales y de durabilidad, de integridad estructural y de fatiga, EMI\/EMC, ruido y vibraciones, an\u00e1lisis modal, etc.","breadcrumb":{"@id":"https:\/\/www.cetestgroup.com\/es\/ensayos-aeronauticos-y-otros\/#breadcrumb"},"inLanguage":"es","potentialAction":[{"@type":"ReadAction","target":["https:\/\/www.cetestgroup.com\/es\/ensayos-aeronauticos-y-otros\/"]}]},{"@type":"BreadcrumbList","@id":"https:\/\/www.cetestgroup.com\/es\/ensayos-aeronauticos-y-otros\/#breadcrumb","itemListElement":[{"@type":"ListItem","position":1,"name":"Home","item":"https:\/\/www.cetestgroup.com\/es\/"},{"@type":"ListItem","position":2,"name":"Ensayos Aeron\u00e1uticos y Otros"}]},{"@type":"WebSite","@id":"https:\/\/www.cetestgroup.com\/es\/#website","url":"https:\/\/www.cetestgroup.com\/es\/","name":"CETEST","description":"CETEST is a fully accredited independent test laboratory offering services for design verification, model validation, developmental testing and\/or answers to help you identify failure root causes. We carry out tests in our facilities as well as on site as required by customer needs.","potentialAction":[{"@type":"SearchAction","target":{"@type":"EntryPoint","urlTemplate":"https:\/\/www.cetestgroup.com\/es\/?s={search_term_string}"},"query-input":{"@type":"PropertyValueSpecification","valueRequired":true,"valueName":"search_term_string"}}],"inLanguage":"es"}]}},"_links":{"self":[{"href":"https:\/\/www.cetestgroup.com\/es\/wp-json\/wp\/v2\/pages\/17900","targetHints":{"allow":["GET"]}}],"collection":[{"href":"https:\/\/www.cetestgroup.com\/es\/wp-json\/wp\/v2\/pages"}],"about":[{"href":"https:\/\/www.cetestgroup.com\/es\/wp-json\/wp\/v2\/types\/page"}],"author":[{"embeddable":true,"href":"https:\/\/www.cetestgroup.com\/es\/wp-json\/wp\/v2\/users\/1"}],"replies":[{"embeddable":true,"href":"https:\/\/www.cetestgroup.com\/es\/wp-json\/wp\/v2\/comments?post=17900"}],"version-history":[{"count":3,"href":"https:\/\/www.cetestgroup.com\/es\/wp-json\/wp\/v2\/pages\/17900\/revisions"}],"predecessor-version":[{"id":17904,"href":"https:\/\/www.cetestgroup.com\/es\/wp-json\/wp\/v2\/pages\/17900\/revisions\/17904"}],"wp:attachment":[{"href":"https:\/\/www.cetestgroup.com\/es\/wp-json\/wp\/v2\/media?parent=17900"}],"curies":[{"name":"wp","href":"https:\/\/api.w.org\/{rel}","templated":true}]}}