{"id":17819,"date":"2018-04-17T16:02:23","date_gmt":"2018-04-17T15:02:23","guid":{"rendered":"https:\/\/www.cetestgroup.com\/?page_id=17819"},"modified":"2023-04-28T08:14:29","modified_gmt":"2023-04-28T07:14:29","slug":"ensayos-especiales-en-via","status":"publish","type":"page","link":"https:\/\/www.cetestgroup.com\/es\/ensayos-ferroviarios\/ensayos-especiales-en-via\/","title":{"rendered":"Ensayos especiales en v\u00eda"},"content":{"rendered":"<div class=\"wpb-content-wrapper\"><p>[vc_row][vc_column]<div class=\"ult-spacer spacer-69dcef3c926c2\" data-id=\"69dcef3c926c2\" data-height=\"70\" data-height-mobile=\"70\" data-height-tab=\"70\" data-height-tab-portrait=\"\" data-height-mobile-landscape=\"\" style=\"clear:both;display:block;\"><\/div><div class=\"dfd-heading-shortcode\"><div class=\"dfd-heading-module-wrap  text-center style_01 dfd-heading-69dcef3c9281f dfd-disable-resposive-headings\" id=\"dfd-heading-69dcef3c9281f\" ><div class=\"inline-block\"><div class=\"dfd-heading-module\"><h6 class=\"widget-title dfd-title \" style=\"font-family:PT Sans Narrow; font-weight:400; font-style:normal; font-size: 20px; color: #25bdd5 !important; line-height: 25px; \">Medios de ensayo y ensayos de campo para la evaluaci\u00f3n del dise\u00f1o seg\u00fan requerimientos aerodin\u00e1micos y de fatiga de componentes durante el servicio.<\/p>\n<p>Ensayos de homologaci\u00f3n seg\u00fan normas internacionales, o bien ensayos espec\u00edficos para desarrollo de proyectos de I+D, modificaci\u00f3n y optimizaci\u00f3n de dise\u00f1o, as\u00ed como an\u00e1lisis de causas de fallo.<\/p>\n<p><\/h6><div class=\"dfd-heading-delimiter\"><\/div><\/div><\/div><\/div><script type=\"text\/javascript\">\r\n\t\t\t\t\t\t\t\t\t(function($) {\r\n\t\t\t\t\t\t\t\t\t\t$(\"head\").append(\"<style>.dfd-heading-69dcef3c9281f.dfd-heading-module-wrap .dfd-heading-module .dfd-heading-delimiter {border-bottom-style:solid;border-bottom-width:1px;width:100px;border-bottom-color:#dddddd;}.dfd-heading-69dcef3c9281f.dfd-heading-module-wrap .dfd-heading-module .dfd-heading-delimiter {margin-top:10px;margin-bottom:10px;}<\/style>\");\r\n\t\t\t\t\t\t\t\t\t})(jQuery);\r\n\t\t\t\t\t\t\t\t<\/script><\/div><div class=\"dfd-spacer-module\"  data-units=\"px\" data-wide_resolution=\"1280\" data-wide_size=\"50\" data-normal_resolution=\"1024\" data-normal_size=\"30\" data-tablet_resolution=\"800\" data-tablet_size=\"30\" data-mobile_resolution=\"480\" data-mobile_size=\"30\" style=\"height: 50px;\"><\/div>[\/vc_column][\/vc_row][vc_row][vc_column width=\u00bb1\/3&#8243; offset=\u00bbvc_col-lg-4&#8243; col_shadow=\u00bbbox_shadow_enable:disable|shadow_horizontal:0|shadow_vertical:15|shadow_blur:50|shadow_spread:0|box_shadow_color:rgba(0%2C0%2C0%2C0.35)\u00bb col_shadow_hover=\u00bbbox_shadow_enable:disable|shadow_horizontal:0|shadow_vertical:15|shadow_blur:50|shadow_spread:0|box_shadow_color:rgba(0%2C0%2C0%2C0.35)\u00bb]\n<div id=\"interactive-banner-1-wrap-7191\" class=\"ult-banner-block ult-adjust-bottom-margin ult-bb-box  banner-style01 BannerInteractivo\"   style=\"\">\n\t<img decoding=\"async\" src=\"https:\/\/www.cetestgroup.com\/wp-content\/uploads\/2023\/04\/cetest-aerodynamics-e1682663505345-1.jpg\" alt=\"aerodynamics cetest\">\n\t<h3  data-ultimate-target='#interactive-banner-1-wrap-7191 .bb-top-title '  data-responsive-json-new='{\"font-size\":\"desktop:16px;\",\"line-height\":\"\"}'  class=\"title-center bb-top-title ult-responsive\" style=\"font-weight:bold;color:#ffffff;\">Aerodin\u00e1mica<\/h3>\n\t<div class=\"mask opaque-background\" style=\"background:#242424;\">\n\t\t<div  data-ultimate-target='#interactive-banner-1-wrap-7191 .bb-description'  data-responsive-json-new='{\"font-size\":\"desktop:14px;\",\"line-height\":\"\"}'  class=\"bb-description ult-responsive\" style=\"font-weight:normal;color:#ffffff;\">La norma EN 14067 est\u00e1 dedicada a los fen\u00f3menos aerodin\u00e1micos que act\u00faan sobre los veh\u00edculos ferroviarios en campo abierto y en t\u00faneles. CETEST est\u00e1 acreditado para llevar a cabo ensayos conforme a esta norma, as\u00ed como a las incluidas en LOC &amp; PAS TSI.<\/div>\n\t<\/div><a class=\"bb-link\" href=\"https:\/\/www.cetestgroup.com\/es\/ensayos-ferroviarios\/ensayos-especiales-en-via\/aerodinamica\/\" ><\/a>\n<\/div><div class=\"dfd-spacer-module\"  data-units=\"px\" data-wide_resolution=\"1280\" data-wide_size=\"15\" data-normal_resolution=\"1024\" data-normal_size=\"15\" data-tablet_resolution=\"800\" data-tablet_size=\"15\" data-mobile_resolution=\"480\" data-mobile_size=\"10\" style=\"height: 15px;\"><\/div>[\/vc_column][vc_column width=\u00bb1\/3&#8243; offset=\u00bbvc_col-lg-4&#8243;]\n<div id=\"interactive-banner-1-wrap-5679\" class=\"ult-banner-block ult-adjust-bottom-margin ult-bb-box  banner-style01 BannerInteractivo\"   style=\"\">\n\t<img decoding=\"async\" src=\"https:\/\/www.cetestgroup.com\/wp-content\/uploads\/2023\/04\/on-track-strength-test-e1682663531145-1.jpg\" alt=\"oin track test CETEST\">\n\t<h3  data-ultimate-target='#interactive-banner-1-wrap-5679 .bb-top-title '  data-responsive-json-new='{\"font-size\":\"desktop:16px;\",\"line-height\":\"\"}'  class=\"title-center bb-top-title ult-responsive\" style=\"font-weight:bold;color:#ffffff;\">Ensayo de monitorizaci\u00f3n estructural en v\u00eda<\/h3>\n\t<div class=\"mask opaque-background\" style=\"background:#242424;\">\n\t\t<div  data-ultimate-target='#interactive-banner-1-wrap-5679 .bb-description'  data-responsive-json-new='{\"font-size\":\"desktop:14px;\",\"line-height\":\"\"}'  class=\"bb-description ult-responsive\" style=\"font-weight:normal;color:#ffffff;\">Ensayos con galgas extensiom\u00e9tricas en v\u00eda para determinar niveles de tensi\u00f3n en distintos componentes (bogies, estructuras de caja o elementos espec\u00edficos) durante el servicio. Esto aporta informaci\u00f3n que complementa los ensayos est\u00e1ticos, valiosa para el an\u00e1lisis de los fallos por fatiga y\/o para una homologaci\u00f3n simplificada por modificaciones menores en la caja durante la vida \u00fatil del veh\u00edculo.<\/div>\n\t<\/div><a class=\"bb-link\" href=\"https:\/\/www.cetestgroup.com\/es\/ensayos-ferroviarios\/ensayos-especiales-en-via\/ensayo-de-monitorizacion-estructural-en-via\/\" ><\/a>\n<\/div><div class=\"dfd-spacer-module\"  data-units=\"px\" data-wide_resolution=\"1280\" data-wide_size=\"15\" data-normal_resolution=\"1024\" data-normal_size=\"15\" data-tablet_resolution=\"800\" data-tablet_size=\"15\" data-mobile_resolution=\"480\" data-mobile_size=\"10\" style=\"height: 15px;\"><\/div>[\/vc_column][vc_column width=\u00bb1\/3&#8243;]\n<div id=\"interactive-banner-1-wrap-7352\" class=\"ult-banner-block ult-adjust-bottom-margin ult-bb-box  banner-style01 BannerInteractivo\"   style=\"\">\n\t<img decoding=\"async\" src=\"https:\/\/www.cetestgroup.com\/wp-content\/uploads\/2023\/04\/pesada-3-e1682665967686.jpg\" alt=\"Weighting cetest\">\n\t<h3  data-ultimate-target='#interactive-banner-1-wrap-7352 .bb-top-title '  data-responsive-json-new='{\"font-size\":\"desktop:16px;\",\"line-height\":\"\"}'  class=\"title-center bb-top-title ult-responsive\" style=\"font-weight:bold;color:#ffffff;\">Pesada<\/h3>\n\t<div class=\"mask opaque-background\" style=\"background:#242424;\">\n\t\t<div  data-ultimate-target='#interactive-banner-1-wrap-7352 .bb-description'  data-responsive-json-new='{\"font-size\":\"desktop:14px;\",\"line-height\":\"\"}'  class=\"bb-description ult-responsive\" style=\"font-weight:normal;color:#ffffff;\">CETEST ha completado m\u00faltiples ensayos de comportamiento din\u00e1mico conforme a EN50215 y a EN15654-2 en todo el mundo.<\/div>\n\t<\/div><a class=\"bb-link\" href=\"https:\/\/www.cetestgroup.com\/es\/pesada\/\" ><\/a>\n<\/div><div class=\"dfd-spacer-module\"  data-units=\"px\" data-wide_resolution=\"1280\" data-wide_size=\"15\" data-normal_resolution=\"1024\" data-normal_size=\"15\" data-tablet_resolution=\"800\" data-tablet_size=\"15\" data-mobile_resolution=\"480\" data-mobile_size=\"10\" style=\"height: 15px;\"><\/div>[\/vc_column][\/vc_row][vc_row][vc_column]<div class=\"ult-spacer spacer-69dcef3c93efc\" data-id=\"69dcef3c93efc\" data-height=\"60\" data-height-mobile=\"30\" data-height-tab=\"40\" data-height-tab-portrait=\"\" data-height-mobile-landscape=\"\" style=\"clear:both;display:block;\"><\/div>[\/vc_column][\/vc_row]<\/p>\n<\/div>","protected":false},"excerpt":{"rendered":"<p>[vc_row][vc_column][\/vc_column][\/vc_row][vc_row][vc_column width=\u00bb1\/3&#8243; offset=\u00bbvc_col-lg-4&#8243; col_shadow=\u00bbbox_shadow_enable:disable|shadow_horizontal:0|shadow_vertical:15|shadow_blur:50|shadow_spread:0|box_shadow_color:rgba(0%2C0%2C0%2C0.35)\u00bb col_shadow_hover=\u00bbbox_shadow_enable:disable|shadow_horizontal:0|shadow_vertical:15|shadow_blur:50|shadow_spread:0|box_shadow_color:rgba(0%2C0%2C0%2C0.35)\u00bb][\/vc_column][vc_column width=\u00bb1\/3&#8243; offset=\u00bbvc_col-lg-4&#8243;][\/vc_column][vc_column width=\u00bb1\/3&#8243;][\/vc_column][\/vc_row][vc_row][vc_column][\/vc_column][\/vc_row]<\/p>\n","protected":false},"author":1,"featured_media":0,"parent":18000,"menu_order":0,"comment_status":"closed","ping_status":"closed","template":"page-custom-with-header.php","meta":{"_acf_changed":false,"footnotes":""},"class_list":["post-17819","page","type-page","status-publish","hentry"],"acf":[],"yoast_head":"<!-- This site is optimized with the Yoast SEO plugin v27.3 - https:\/\/yoast.com\/product\/yoast-seo-wordpress\/ -->\n<title>Ensayos especiales en v\u00eda | CETEST<\/title>\n<meta name=\"description\" content=\"Medios de ensayo y ensayos de campo para la evaluaci\u00f3n del dise\u00f1o seg\u00fan requerimientos aerodin\u00e1micos y de fatiga de componentes durante el servicio. Ensayos de homologaci\u00f3n seg\u00fan normas internacionales, o bien ensayos espec\u00edficos para desarrollo de proyectos de I+D, modificaci\u00f3n y optimizaci\u00f3n de dise\u00f1o, as\u00ed como an\u00e1lisis de causas de fallo.\" \/>\n<meta name=\"robots\" content=\"index, follow, max-snippet:-1, max-image-preview:large, max-video-preview:-1\" \/>\n<link rel=\"canonical\" href=\"https:\/\/www.cetestgroup.com\/es\/ensayos-ferroviarios\/ensayos-especiales-en-via\/\" \/>\n<meta property=\"og:locale\" content=\"es_ES\" \/>\n<meta property=\"og:type\" content=\"article\" \/>\n<meta property=\"og:title\" content=\"Ensayos especiales en v\u00eda | CETEST\" \/>\n<meta property=\"og:description\" content=\"Medios de ensayo y ensayos de campo para la evaluaci\u00f3n del dise\u00f1o seg\u00fan requerimientos aerodin\u00e1micos y de fatiga de componentes durante el servicio. Ensayos de homologaci\u00f3n seg\u00fan normas internacionales, o bien ensayos espec\u00edficos para desarrollo de proyectos de I+D, modificaci\u00f3n y optimizaci\u00f3n de dise\u00f1o, as\u00ed como an\u00e1lisis de causas de fallo.\" \/>\n<meta property=\"og:url\" content=\"https:\/\/www.cetestgroup.com\/es\/ensayos-ferroviarios\/ensayos-especiales-en-via\/\" \/>\n<meta property=\"og:site_name\" content=\"CETEST\" \/>\n<meta property=\"article:modified_time\" content=\"2023-04-28T07:14:29+00:00\" \/>\n<meta name=\"twitter:card\" content=\"summary_large_image\" \/>\n<meta name=\"twitter:label1\" content=\"Tiempo de lectura\" \/>\n\t<meta name=\"twitter:data1\" content=\"3 minutos\" \/>\n<script type=\"application\/ld+json\" class=\"yoast-schema-graph\">{\"@context\":\"https:\\\/\\\/schema.org\",\"@graph\":[{\"@type\":\"WebPage\",\"@id\":\"https:\\\/\\\/www.cetestgroup.com\\\/es\\\/ensayos-ferroviarios\\\/ensayos-especiales-en-via\\\/\",\"url\":\"https:\\\/\\\/www.cetestgroup.com\\\/es\\\/ensayos-ferroviarios\\\/ensayos-especiales-en-via\\\/\",\"name\":\"Ensayos especiales en v\u00eda | CETEST\",\"isPartOf\":{\"@id\":\"https:\\\/\\\/www.cetestgroup.com\\\/es\\\/#website\"},\"datePublished\":\"2018-04-17T15:02:23+00:00\",\"dateModified\":\"2023-04-28T07:14:29+00:00\",\"description\":\"Medios de ensayo y ensayos de campo para la evaluaci\u00f3n del dise\u00f1o seg\u00fan requerimientos aerodin\u00e1micos y de fatiga de componentes durante el servicio. Ensayos de homologaci\u00f3n seg\u00fan normas internacionales, o bien ensayos espec\u00edficos para desarrollo de proyectos de I+D, modificaci\u00f3n y optimizaci\u00f3n de dise\u00f1o, as\u00ed como an\u00e1lisis de causas de fallo.\",\"breadcrumb\":{\"@id\":\"https:\\\/\\\/www.cetestgroup.com\\\/es\\\/ensayos-ferroviarios\\\/ensayos-especiales-en-via\\\/#breadcrumb\"},\"inLanguage\":\"es\",\"potentialAction\":[{\"@type\":\"ReadAction\",\"target\":[\"https:\\\/\\\/www.cetestgroup.com\\\/es\\\/ensayos-ferroviarios\\\/ensayos-especiales-en-via\\\/\"]}]},{\"@type\":\"BreadcrumbList\",\"@id\":\"https:\\\/\\\/www.cetestgroup.com\\\/es\\\/ensayos-ferroviarios\\\/ensayos-especiales-en-via\\\/#breadcrumb\",\"itemListElement\":[{\"@type\":\"ListItem\",\"position\":1,\"name\":\"Home\",\"item\":\"https:\\\/\\\/www.cetestgroup.com\\\/es\\\/\"},{\"@type\":\"ListItem\",\"position\":2,\"name\":\"Ensayos Ferroviarios\",\"item\":\"https:\\\/\\\/www.cetestgroup.com\\\/es\\\/ensayos-ferroviarios\\\/\"},{\"@type\":\"ListItem\",\"position\":3,\"name\":\"Ensayos especiales en v\u00eda\"}]},{\"@type\":\"WebSite\",\"@id\":\"https:\\\/\\\/www.cetestgroup.com\\\/es\\\/#website\",\"url\":\"https:\\\/\\\/www.cetestgroup.com\\\/es\\\/\",\"name\":\"CETEST\",\"description\":\"CETEST is a fully accredited independent test laboratory offering services for design verification, model validation, developmental testing and\\\/or answers to help you identify failure root causes. We carry out tests in our facilities as well as on site as required by customer needs.\",\"potentialAction\":[{\"@type\":\"SearchAction\",\"target\":{\"@type\":\"EntryPoint\",\"urlTemplate\":\"https:\\\/\\\/www.cetestgroup.com\\\/es\\\/?s={search_term_string}\"},\"query-input\":{\"@type\":\"PropertyValueSpecification\",\"valueRequired\":true,\"valueName\":\"search_term_string\"}}],\"inLanguage\":\"es\"}]}<\/script>\n<!-- \/ Yoast SEO plugin. -->","yoast_head_json":{"title":"Ensayos especiales en v\u00eda | CETEST","description":"Medios de ensayo y ensayos de campo para la evaluaci\u00f3n del dise\u00f1o seg\u00fan requerimientos aerodin\u00e1micos y de fatiga de componentes durante el servicio. Ensayos de homologaci\u00f3n seg\u00fan normas internacionales, o bien ensayos espec\u00edficos para desarrollo de proyectos de I+D, modificaci\u00f3n y optimizaci\u00f3n de dise\u00f1o, as\u00ed como an\u00e1lisis de causas de fallo.","robots":{"index":"index","follow":"follow","max-snippet":"max-snippet:-1","max-image-preview":"max-image-preview:large","max-video-preview":"max-video-preview:-1"},"canonical":"https:\/\/www.cetestgroup.com\/es\/ensayos-ferroviarios\/ensayos-especiales-en-via\/","og_locale":"es_ES","og_type":"article","og_title":"Ensayos especiales en v\u00eda | CETEST","og_description":"Medios de ensayo y ensayos de campo para la evaluaci\u00f3n del dise\u00f1o seg\u00fan requerimientos aerodin\u00e1micos y de fatiga de componentes durante el servicio. Ensayos de homologaci\u00f3n seg\u00fan normas internacionales, o bien ensayos espec\u00edficos para desarrollo de proyectos de I+D, modificaci\u00f3n y optimizaci\u00f3n de dise\u00f1o, as\u00ed como an\u00e1lisis de causas de fallo.","og_url":"https:\/\/www.cetestgroup.com\/es\/ensayos-ferroviarios\/ensayos-especiales-en-via\/","og_site_name":"CETEST","article_modified_time":"2023-04-28T07:14:29+00:00","twitter_card":"summary_large_image","twitter_misc":{"Tiempo de lectura":"3 minutos"},"schema":{"@context":"https:\/\/schema.org","@graph":[{"@type":"WebPage","@id":"https:\/\/www.cetestgroup.com\/es\/ensayos-ferroviarios\/ensayos-especiales-en-via\/","url":"https:\/\/www.cetestgroup.com\/es\/ensayos-ferroviarios\/ensayos-especiales-en-via\/","name":"Ensayos especiales en v\u00eda | CETEST","isPartOf":{"@id":"https:\/\/www.cetestgroup.com\/es\/#website"},"datePublished":"2018-04-17T15:02:23+00:00","dateModified":"2023-04-28T07:14:29+00:00","description":"Medios de ensayo y ensayos de campo para la evaluaci\u00f3n del dise\u00f1o seg\u00fan requerimientos aerodin\u00e1micos y de fatiga de componentes durante el servicio. Ensayos de homologaci\u00f3n seg\u00fan normas internacionales, o bien ensayos espec\u00edficos para desarrollo de proyectos de I+D, modificaci\u00f3n y optimizaci\u00f3n de dise\u00f1o, as\u00ed como an\u00e1lisis de causas de fallo.","breadcrumb":{"@id":"https:\/\/www.cetestgroup.com\/es\/ensayos-ferroviarios\/ensayos-especiales-en-via\/#breadcrumb"},"inLanguage":"es","potentialAction":[{"@type":"ReadAction","target":["https:\/\/www.cetestgroup.com\/es\/ensayos-ferroviarios\/ensayos-especiales-en-via\/"]}]},{"@type":"BreadcrumbList","@id":"https:\/\/www.cetestgroup.com\/es\/ensayos-ferroviarios\/ensayos-especiales-en-via\/#breadcrumb","itemListElement":[{"@type":"ListItem","position":1,"name":"Home","item":"https:\/\/www.cetestgroup.com\/es\/"},{"@type":"ListItem","position":2,"name":"Ensayos Ferroviarios","item":"https:\/\/www.cetestgroup.com\/es\/ensayos-ferroviarios\/"},{"@type":"ListItem","position":3,"name":"Ensayos especiales en v\u00eda"}]},{"@type":"WebSite","@id":"https:\/\/www.cetestgroup.com\/es\/#website","url":"https:\/\/www.cetestgroup.com\/es\/","name":"CETEST","description":"CETEST is a fully accredited independent test laboratory offering services for design verification, model validation, developmental testing and\/or answers to help you identify failure root causes. We carry out tests in our facilities as well as on site as required by customer needs.","potentialAction":[{"@type":"SearchAction","target":{"@type":"EntryPoint","urlTemplate":"https:\/\/www.cetestgroup.com\/es\/?s={search_term_string}"},"query-input":{"@type":"PropertyValueSpecification","valueRequired":true,"valueName":"search_term_string"}}],"inLanguage":"es"}]}},"_links":{"self":[{"href":"https:\/\/www.cetestgroup.com\/es\/wp-json\/wp\/v2\/pages\/17819","targetHints":{"allow":["GET"]}}],"collection":[{"href":"https:\/\/www.cetestgroup.com\/es\/wp-json\/wp\/v2\/pages"}],"about":[{"href":"https:\/\/www.cetestgroup.com\/es\/wp-json\/wp\/v2\/types\/page"}],"author":[{"embeddable":true,"href":"https:\/\/www.cetestgroup.com\/es\/wp-json\/wp\/v2\/users\/1"}],"replies":[{"embeddable":true,"href":"https:\/\/www.cetestgroup.com\/es\/wp-json\/wp\/v2\/comments?post=17819"}],"version-history":[{"count":2,"href":"https:\/\/www.cetestgroup.com\/es\/wp-json\/wp\/v2\/pages\/17819\/revisions"}],"predecessor-version":[{"id":19909,"href":"https:\/\/www.cetestgroup.com\/es\/wp-json\/wp\/v2\/pages\/17819\/revisions\/19909"}],"up":[{"embeddable":true,"href":"https:\/\/www.cetestgroup.com\/es\/wp-json\/wp\/v2\/pages\/18000"}],"wp:attachment":[{"href":"https:\/\/www.cetestgroup.com\/es\/wp-json\/wp\/v2\/media?parent=17819"}],"curies":[{"name":"wp","href":"https:\/\/api.w.org\/{rel}","templated":true}]}}