{"id":17804,"date":"2018-04-17T15:43:50","date_gmt":"2018-04-17T14:43:50","guid":{"rendered":"https:\/\/www.cetestgroup.com\/?page_id=17804"},"modified":"2018-05-16T08:51:51","modified_gmt":"2018-05-16T07:51:51","slug":"elementos-y-componentes-rotativos","status":"publish","type":"page","link":"https:\/\/www.cetestgroup.com\/es\/ensayos-ferroviarios\/elementos-y-componentes-rotativos\/","title":{"rendered":"Elementos y Componentes Rotativos"},"content":{"rendered":"<div class=\"wpb-content-wrapper\"><p>[vc_row][vc_column]<div class=\"ult-spacer spacer-69dc8bf5be8c0\" data-id=\"69dc8bf5be8c0\" data-height=\"70\" data-height-mobile=\"70\" data-height-tab=\"70\" data-height-tab-portrait=\"\" data-height-mobile-landscape=\"\" style=\"clear:both;display:block;\"><\/div><div class=\"dfd-heading-shortcode\"><div class=\"dfd-heading-module-wrap  text-center style_01 dfd-heading-69dc8bf5be97c dfd-disable-resposive-headings\" id=\"dfd-heading-69dc8bf5be97c\" ><div class=\"inline-block\"><div class=\"dfd-heading-module\"><h6 class=\"widget-title dfd-title \" style=\"font-family:PT Sans Narrow; font-weight:400; font-style:normal; font-size: 20px; color: #25bdd5 !important; line-height: 25px; \">Ensayos de resistencia mec\u00e1nica sobre estructura y sobre subconjuntos, con posibilidad de aplicaci\u00f3n de la carga m\u00e1xima de rotura o de cargas reales de trabajo.<\/p>\n<p>Ensayos de homologaci\u00f3n seg\u00fan normas internacionales, o bien ensayos espec\u00edficos para desarrollo de proyectos de I+D, modificaci\u00f3n y optimizaci\u00f3n de dise\u00f1o, as\u00ed como an\u00e1lisis de causas de fallo.<\/p>\n<p><\/h6><div class=\"dfd-heading-delimiter\"><\/div><\/div><\/div><\/div><script type=\"text\/javascript\">\r\n\t\t\t\t\t\t\t\t\t(function($) {\r\n\t\t\t\t\t\t\t\t\t\t$(\"head\").append(\"<style>.dfd-heading-69dc8bf5be97c.dfd-heading-module-wrap .dfd-heading-module .dfd-heading-delimiter {border-bottom-style:solid;border-bottom-width:1px;width:100px;border-bottom-color:#dddddd;}.dfd-heading-69dc8bf5be97c.dfd-heading-module-wrap .dfd-heading-module .dfd-heading-delimiter {margin-top:10px;margin-bottom:10px;}<\/style>\");\r\n\t\t\t\t\t\t\t\t\t})(jQuery);\r\n\t\t\t\t\t\t\t\t<\/script><\/div><div class=\"dfd-spacer-module\"  data-units=\"px\" data-wide_resolution=\"1280\" data-wide_size=\"50\" data-normal_resolution=\"1024\" data-normal_size=\"30\" data-tablet_resolution=\"800\" data-tablet_size=\"30\" data-mobile_resolution=\"480\" data-mobile_size=\"30\" style=\"height: 50px;\"><\/div>[\/vc_column][\/vc_row][vc_row][vc_column width=\u00bb1\/3&#8243; offset=\u00bbvc_col-lg-4&#8243;]\n<div id=\"interactive-banner-1-wrap-9939\" class=\"ult-banner-block ult-adjust-bottom-margin ult-bb-box  banner-style01 BannerInteractivo\"   style=\"\">\n\t<img decoding=\"async\" src=\"https:\/\/www.cetestgroup.com\/wp-content\/uploads\/2017\/11\/cetest-bearing-and-axle-boxes1-boton.jpg\" alt=\"Cetest: Bearing and Axle boxes\">\n\t<h3  data-ultimate-target='#interactive-banner-1-wrap-9939 .bb-top-title '  data-responsive-json-new='{\"font-size\":\"desktop:16px;\",\"line-height\":\"\"}'  class=\"title-center bb-top-title ult-responsive\" style=\"font-weight:bold;color:#ffffff;\">Rodamientos y cajas de grasa<\/h3>\n\t<div class=\"mask opaque-background\" style=\"background:#242424;\">\n\t\t<div  data-ultimate-target='#interactive-banner-1-wrap-9939 .bb-description'  data-responsive-json-new='{\"font-size\":\"desktop:14px;\",\"line-height\":\"\"}'  class=\"bb-description ult-responsive\" style=\"font-weight:normal;color:#ffffff;\">El laboratorio de ensayos de CETEST est\u00e1 acreditado para realizar ensayos de resistencia de rodamientos y cajas de grasa conforme a EN 12082, entre otras normas.<\/div>\n\t<\/div><a class=\"bb-link\" href=\"https:\/\/www.cetestgroup.com\/es\/ensayos-ferroviarios\/elementos-y-componentes-rotativos\/rodamientos-y-cajas-de-grasa\/\" ><\/a>\n<\/div><div class=\"dfd-spacer-module\"  data-units=\"px\" data-wide_resolution=\"1280\" data-wide_size=\"15\" data-normal_resolution=\"1024\" data-normal_size=\"15\" data-tablet_resolution=\"800\" data-tablet_size=\"15\" data-mobile_resolution=\"480\" data-mobile_size=\"10\" style=\"height: 15px;\"><\/div>[\/vc_column][vc_column width=\u00bb1\/3&#8243;]\n<div id=\"interactive-banner-1-wrap-4793\" class=\"ult-banner-block ult-adjust-bottom-margin ult-bb-box  banner-style01 BannerInteractivo\"   style=\"\">\n\t<img decoding=\"async\" src=\"https:\/\/www.cetestgroup.com\/wp-content\/uploads\/2017\/09\/cetest-wheels-and-axles-boton.jpg\" alt=\"Cetest: Wheels and axles\">\n\t<h3  data-ultimate-target='#interactive-banner-1-wrap-4793 .bb-top-title '  data-responsive-json-new='{\"font-size\":\"desktop:16px;\",\"line-height\":\"\"}'  class=\"title-center bb-top-title ult-responsive\" style=\"font-weight:bold;color:#ffffff;\">Ruedas y ejes<\/h3>\n\t<div class=\"mask opaque-background\" style=\"background:#242424;\">\n\t\t<div  data-ultimate-target='#interactive-banner-1-wrap-4793 .bb-description'  data-responsive-json-new='{\"font-size\":\"desktop:14px;\",\"line-height\":\"\"}'  class=\"bb-description ult-responsive\" style=\"font-weight:normal;color:#ffffff;\">El laboratorio de ensayos de CETEST est\u00e1 acreditado para llevar a cabo ensayos de homologaci\u00f3n de fatiga y resistencia sobre ruedas y ejes, conforme a EN 13260, EN 13261, EN 13262 e ISO 1143.<\/div>\n\t<\/div><a class=\"bb-link\" href=\"https:\/\/www.cetestgroup.com\/es\/ensayos-ferroviarios\/elementos-y-componentes-rotativos\/ruedas-y-ejes\/\" ><\/a>\n<\/div><div class=\"dfd-spacer-module\"  data-units=\"px\" data-wide_resolution=\"1280\" data-wide_size=\"15\" data-normal_resolution=\"1024\" data-normal_size=\"15\" data-tablet_resolution=\"800\" data-tablet_size=\"15\" data-mobile_resolution=\"480\" data-mobile_size=\"10\" style=\"height: 15px;\"><\/div>[\/vc_column][vc_column width=\u00bb1\/3&#8243;]\n<div id=\"interactive-banner-1-wrap-4942\" class=\"ult-banner-block ult-adjust-bottom-margin ult-bb-box  banner-style01 BannerInteractivo\"   style=\"\">\n\t<img decoding=\"async\" src=\"https:\/\/www.cetestgroup.com\/wp-content\/uploads\/2017\/09\/cetest-gearboxes-boton.jpg\" alt=\"Cetest: Gearboxes\">\n\t<h3  data-ultimate-target='#interactive-banner-1-wrap-4942 .bb-top-title '  data-responsive-json-new='{\"font-size\":\"desktop:16px;\",\"line-height\":\"\"}'  class=\"title-center bb-top-title ult-responsive\" style=\"font-weight:bold;color:#ffffff;\">Reductoras<\/h3>\n\t<div class=\"mask opaque-background\" style=\"background:#242424;\">\n\t\t<div  data-ultimate-target='#interactive-banner-1-wrap-4942 .bb-description'  data-responsive-json-new='{\"font-size\":\"desktop:14px;\",\"line-height\":\"\"}'  class=\"bb-description ult-responsive\" style=\"font-weight:normal;color:#ffffff;\">CETEST dispone en sus instalaciones de bancos de ensayos para llevar a cabo ensayos funcionales y de resistencia de reductoras.<\/div>\n\t<\/div><a class=\"bb-link\" href=\"https:\/\/www.cetestgroup.com\/es\/ensayos-ferroviarios\/elementos-y-componentes-rotativos\/reductoras\/\" ><\/a>\n<\/div><div class=\"dfd-spacer-module\"  data-units=\"px\" data-wide_resolution=\"1280\" data-wide_size=\"15\" data-normal_resolution=\"1024\" data-normal_size=\"15\" data-tablet_resolution=\"800\" data-tablet_size=\"15\" data-mobile_resolution=\"480\" data-mobile_size=\"10\" style=\"height: 15px;\"><\/div>[\/vc_column][\/vc_row][vc_row][vc_column]<div class=\"ult-spacer spacer-69dc8bf5bf398\" data-id=\"69dc8bf5bf398\" data-height=\"60\" data-height-mobile=\"30\" data-height-tab=\"40\" data-height-tab-portrait=\"\" data-height-mobile-landscape=\"\" style=\"clear:both;display:block;\"><\/div>[\/vc_column][\/vc_row]<\/p>\n<\/div>","protected":false},"excerpt":{"rendered":"<p>[vc_row][vc_column][\/vc_column][\/vc_row][vc_row][vc_column width=\u00bb1\/3&#8243; offset=\u00bbvc_col-lg-4&#8243;][\/vc_column][vc_column width=\u00bb1\/3&#8243;][\/vc_column][vc_column width=\u00bb1\/3&#8243;][\/vc_column][\/vc_row][vc_row][vc_column][\/vc_column][\/vc_row]<\/p>\n","protected":false},"author":1,"featured_media":0,"parent":18000,"menu_order":0,"comment_status":"closed","ping_status":"closed","template":"page-custom-with-header.php","meta":{"_acf_changed":false,"footnotes":""},"class_list":["post-17804","page","type-page","status-publish","hentry"],"acf":[],"yoast_head":"<!-- This site is optimized with the Yoast SEO plugin v27.3 - https:\/\/yoast.com\/product\/yoast-seo-wordpress\/ -->\n<title>Elementos y Componentes Rotativos | CETEST<\/title>\n<meta name=\"description\" content=\"Ensayos sobre elementos rotativos y sobre componentes del eje montado: Ensayos de integridad mec\u00e1nica, a fatiga, ensayos de vida, de fiabilidad y funcionales. Ensayos de homologaci\u00f3n seg\u00fan normas internacionales, o bien ensayos espec\u00edficos para desarrollo de proyectos de I+D, modificaci\u00f3n y optimizaci\u00f3n de dise\u00f1o, as\u00ed como an\u00e1lisis de causas de fallo.\" \/>\n<meta name=\"robots\" content=\"index, follow, max-snippet:-1, max-image-preview:large, max-video-preview:-1\" \/>\n<link rel=\"canonical\" href=\"https:\/\/www.cetestgroup.com\/es\/ensayos-ferroviarios\/elementos-y-componentes-rotativos\/\" \/>\n<meta property=\"og:locale\" content=\"es_ES\" \/>\n<meta property=\"og:type\" content=\"article\" \/>\n<meta property=\"og:title\" content=\"Elementos y Componentes Rotativos | CETEST\" \/>\n<meta property=\"og:description\" content=\"Ensayos sobre elementos rotativos y sobre componentes del eje montado: Ensayos de integridad mec\u00e1nica, a fatiga, ensayos de vida, de fiabilidad y funcionales. Ensayos de homologaci\u00f3n seg\u00fan normas internacionales, o bien ensayos espec\u00edficos para desarrollo de proyectos de I+D, modificaci\u00f3n y optimizaci\u00f3n de dise\u00f1o, as\u00ed como an\u00e1lisis de causas de fallo.\" \/>\n<meta property=\"og:url\" content=\"https:\/\/www.cetestgroup.com\/es\/ensayos-ferroviarios\/elementos-y-componentes-rotativos\/\" \/>\n<meta property=\"og:site_name\" content=\"CETEST\" \/>\n<meta property=\"article:modified_time\" content=\"2018-05-16T07:51:51+00:00\" \/>\n<meta name=\"twitter:card\" content=\"summary_large_image\" \/>\n<meta name=\"twitter:label1\" content=\"Tiempo de lectura\" \/>\n\t<meta name=\"twitter:data1\" content=\"2 minutos\" \/>\n<script type=\"application\/ld+json\" class=\"yoast-schema-graph\">{\"@context\":\"https:\\\/\\\/schema.org\",\"@graph\":[{\"@type\":\"WebPage\",\"@id\":\"https:\\\/\\\/www.cetestgroup.com\\\/es\\\/ensayos-ferroviarios\\\/elementos-y-componentes-rotativos\\\/\",\"url\":\"https:\\\/\\\/www.cetestgroup.com\\\/es\\\/ensayos-ferroviarios\\\/elementos-y-componentes-rotativos\\\/\",\"name\":\"Elementos y Componentes Rotativos | CETEST\",\"isPartOf\":{\"@id\":\"https:\\\/\\\/www.cetestgroup.com\\\/es\\\/#website\"},\"datePublished\":\"2018-04-17T14:43:50+00:00\",\"dateModified\":\"2018-05-16T07:51:51+00:00\",\"description\":\"Ensayos sobre elementos rotativos y sobre componentes del eje montado: Ensayos de integridad mec\u00e1nica, a fatiga, ensayos de vida, de fiabilidad y funcionales. Ensayos de homologaci\u00f3n seg\u00fan normas internacionales, o bien ensayos espec\u00edficos para desarrollo de proyectos de I+D, modificaci\u00f3n y optimizaci\u00f3n de dise\u00f1o, as\u00ed como an\u00e1lisis de causas de fallo.\",\"breadcrumb\":{\"@id\":\"https:\\\/\\\/www.cetestgroup.com\\\/es\\\/ensayos-ferroviarios\\\/elementos-y-componentes-rotativos\\\/#breadcrumb\"},\"inLanguage\":\"es\",\"potentialAction\":[{\"@type\":\"ReadAction\",\"target\":[\"https:\\\/\\\/www.cetestgroup.com\\\/es\\\/ensayos-ferroviarios\\\/elementos-y-componentes-rotativos\\\/\"]}]},{\"@type\":\"BreadcrumbList\",\"@id\":\"https:\\\/\\\/www.cetestgroup.com\\\/es\\\/ensayos-ferroviarios\\\/elementos-y-componentes-rotativos\\\/#breadcrumb\",\"itemListElement\":[{\"@type\":\"ListItem\",\"position\":1,\"name\":\"Home\",\"item\":\"https:\\\/\\\/www.cetestgroup.com\\\/es\\\/\"},{\"@type\":\"ListItem\",\"position\":2,\"name\":\"Ensayos Ferroviarios\",\"item\":\"https:\\\/\\\/www.cetestgroup.com\\\/es\\\/ensayos-ferroviarios\\\/\"},{\"@type\":\"ListItem\",\"position\":3,\"name\":\"Elementos y Componentes Rotativos\"}]},{\"@type\":\"WebSite\",\"@id\":\"https:\\\/\\\/www.cetestgroup.com\\\/es\\\/#website\",\"url\":\"https:\\\/\\\/www.cetestgroup.com\\\/es\\\/\",\"name\":\"CETEST\",\"description\":\"CETEST is a fully accredited independent test laboratory offering services for design verification, model validation, developmental testing and\\\/or answers to help you identify failure root causes. We carry out tests in our facilities as well as on site as required by customer needs.\",\"potentialAction\":[{\"@type\":\"SearchAction\",\"target\":{\"@type\":\"EntryPoint\",\"urlTemplate\":\"https:\\\/\\\/www.cetestgroup.com\\\/es\\\/?s={search_term_string}\"},\"query-input\":{\"@type\":\"PropertyValueSpecification\",\"valueRequired\":true,\"valueName\":\"search_term_string\"}}],\"inLanguage\":\"es\"}]}<\/script>\n<!-- \/ Yoast SEO plugin. -->","yoast_head_json":{"title":"Elementos y Componentes Rotativos | CETEST","description":"Ensayos sobre elementos rotativos y sobre componentes del eje montado: Ensayos de integridad mec\u00e1nica, a fatiga, ensayos de vida, de fiabilidad y funcionales. Ensayos de homologaci\u00f3n seg\u00fan normas internacionales, o bien ensayos espec\u00edficos para desarrollo de proyectos de I+D, modificaci\u00f3n y optimizaci\u00f3n de dise\u00f1o, as\u00ed como an\u00e1lisis de causas de fallo.","robots":{"index":"index","follow":"follow","max-snippet":"max-snippet:-1","max-image-preview":"max-image-preview:large","max-video-preview":"max-video-preview:-1"},"canonical":"https:\/\/www.cetestgroup.com\/es\/ensayos-ferroviarios\/elementos-y-componentes-rotativos\/","og_locale":"es_ES","og_type":"article","og_title":"Elementos y Componentes Rotativos | CETEST","og_description":"Ensayos sobre elementos rotativos y sobre componentes del eje montado: Ensayos de integridad mec\u00e1nica, a fatiga, ensayos de vida, de fiabilidad y funcionales. Ensayos de homologaci\u00f3n seg\u00fan normas internacionales, o bien ensayos espec\u00edficos para desarrollo de proyectos de I+D, modificaci\u00f3n y optimizaci\u00f3n de dise\u00f1o, as\u00ed como an\u00e1lisis de causas de fallo.","og_url":"https:\/\/www.cetestgroup.com\/es\/ensayos-ferroviarios\/elementos-y-componentes-rotativos\/","og_site_name":"CETEST","article_modified_time":"2018-05-16T07:51:51+00:00","twitter_card":"summary_large_image","twitter_misc":{"Tiempo de lectura":"2 minutos"},"schema":{"@context":"https:\/\/schema.org","@graph":[{"@type":"WebPage","@id":"https:\/\/www.cetestgroup.com\/es\/ensayos-ferroviarios\/elementos-y-componentes-rotativos\/","url":"https:\/\/www.cetestgroup.com\/es\/ensayos-ferroviarios\/elementos-y-componentes-rotativos\/","name":"Elementos y Componentes Rotativos | CETEST","isPartOf":{"@id":"https:\/\/www.cetestgroup.com\/es\/#website"},"datePublished":"2018-04-17T14:43:50+00:00","dateModified":"2018-05-16T07:51:51+00:00","description":"Ensayos sobre elementos rotativos y sobre componentes del eje montado: Ensayos de integridad mec\u00e1nica, a fatiga, ensayos de vida, de fiabilidad y funcionales. Ensayos de homologaci\u00f3n seg\u00fan normas internacionales, o bien ensayos espec\u00edficos para desarrollo de proyectos de I+D, modificaci\u00f3n y optimizaci\u00f3n de dise\u00f1o, as\u00ed como an\u00e1lisis de causas de fallo.","breadcrumb":{"@id":"https:\/\/www.cetestgroup.com\/es\/ensayos-ferroviarios\/elementos-y-componentes-rotativos\/#breadcrumb"},"inLanguage":"es","potentialAction":[{"@type":"ReadAction","target":["https:\/\/www.cetestgroup.com\/es\/ensayos-ferroviarios\/elementos-y-componentes-rotativos\/"]}]},{"@type":"BreadcrumbList","@id":"https:\/\/www.cetestgroup.com\/es\/ensayos-ferroviarios\/elementos-y-componentes-rotativos\/#breadcrumb","itemListElement":[{"@type":"ListItem","position":1,"name":"Home","item":"https:\/\/www.cetestgroup.com\/es\/"},{"@type":"ListItem","position":2,"name":"Ensayos Ferroviarios","item":"https:\/\/www.cetestgroup.com\/es\/ensayos-ferroviarios\/"},{"@type":"ListItem","position":3,"name":"Elementos y Componentes Rotativos"}]},{"@type":"WebSite","@id":"https:\/\/www.cetestgroup.com\/es\/#website","url":"https:\/\/www.cetestgroup.com\/es\/","name":"CETEST","description":"CETEST is a fully accredited independent test laboratory offering services for design verification, model validation, developmental testing and\/or answers to help you identify failure root causes. We carry out tests in our facilities as well as on site as required by customer needs.","potentialAction":[{"@type":"SearchAction","target":{"@type":"EntryPoint","urlTemplate":"https:\/\/www.cetestgroup.com\/es\/?s={search_term_string}"},"query-input":{"@type":"PropertyValueSpecification","valueRequired":true,"valueName":"search_term_string"}}],"inLanguage":"es"}]}},"_links":{"self":[{"href":"https:\/\/www.cetestgroup.com\/es\/wp-json\/wp\/v2\/pages\/17804","targetHints":{"allow":["GET"]}}],"collection":[{"href":"https:\/\/www.cetestgroup.com\/es\/wp-json\/wp\/v2\/pages"}],"about":[{"href":"https:\/\/www.cetestgroup.com\/es\/wp-json\/wp\/v2\/types\/page"}],"author":[{"embeddable":true,"href":"https:\/\/www.cetestgroup.com\/es\/wp-json\/wp\/v2\/users\/1"}],"replies":[{"embeddable":true,"href":"https:\/\/www.cetestgroup.com\/es\/wp-json\/wp\/v2\/comments?post=17804"}],"version-history":[{"count":3,"href":"https:\/\/www.cetestgroup.com\/es\/wp-json\/wp\/v2\/pages\/17804\/revisions"}],"predecessor-version":[{"id":18066,"href":"https:\/\/www.cetestgroup.com\/es\/wp-json\/wp\/v2\/pages\/17804\/revisions\/18066"}],"up":[{"embeddable":true,"href":"https:\/\/www.cetestgroup.com\/es\/wp-json\/wp\/v2\/pages\/18000"}],"wp:attachment":[{"href":"https:\/\/www.cetestgroup.com\/es\/wp-json\/wp\/v2\/media?parent=17804"}],"curies":[{"name":"wp","href":"https:\/\/api.w.org\/{rel}","templated":true}]}}