{"id":17760,"date":"2018-04-06T16:41:22","date_gmt":"2018-04-06T15:41:22","guid":{"rendered":"https:\/\/www.cetestgroup.com\/?page_id=17760"},"modified":"2025-03-10T10:41:23","modified_gmt":"2025-03-10T10:41:23","slug":"captacion-de-corriente","status":"publish","type":"page","link":"https:\/\/www.cetestgroup.com\/es\/ensayos-ferroviarios\/traccion-freno-y-captacion-de-corriente\/captacion-de-corriente\/","title":{"rendered":"Captaci\u00f3n de Corriente"},"content":{"rendered":"<div class=\"wpb-content-wrapper\"><p>[vc_row][vc_column]<div class=\"ult-spacer spacer-69dcb35946c1d\" data-id=\"69dcb35946c1d\" data-height=\"30\" data-height-mobile=\"20\" data-height-tab=\"20\" data-height-tab-portrait=\"\" data-height-mobile-landscape=\"\" style=\"clear:both;display:block;\"><\/div><div class=\"dfd-heading-shortcode\"><div class=\"dfd-heading-module-wrap  text-center style_01 dfd-heading-69dcb35946d11 dfd-disable-resposive-headings\" id=\"dfd-heading-69dcb35946d11\" ><div class=\"inline-block\"><div class=\"dfd-heading-module\"><h6 class=\"widget-title dfd-title \" style=\"font-family:PT Sans Narrow; font-weight:400; font-style:normal; font-size: 20px; color: #25bdd5 !important; line-height: 25px; \">CETEST est\u00e1 acreditado para realizar ensayos de evaluaci\u00f3n de la calidad de la captaci\u00f3n de corriente conforme a EN 50317, EN 50367 y TSI.<\/h6><div class=\"dfd-heading-delimiter\"><\/div><\/div><\/div><\/div><script type=\"text\/javascript\">\r\n\t\t\t\t\t\t\t\t\t(function($) {\r\n\t\t\t\t\t\t\t\t\t\t$(\"head\").append(\"<style>.dfd-heading-69dcb35946d11.dfd-heading-module-wrap .dfd-heading-module .dfd-heading-delimiter {border-bottom-style:solid;border-bottom-width:1px;width:100px;border-bottom-color:#dddddd;}.dfd-heading-69dcb35946d11.dfd-heading-module-wrap .dfd-heading-module .dfd-heading-delimiter {margin-top:20px;margin-bottom:20px;}<\/style>\");\r\n\t\t\t\t\t\t\t\t\t})(jQuery);\r\n\t\t\t\t\t\t\t\t<\/script><\/div><div class=\"ult-spacer spacer-69dcb35946eae\" data-id=\"69dcb35946eae\" data-height=\"30\" data-height-mobile=\"20\" data-height-tab=\"20\" data-height-tab-portrait=\"\" data-height-mobile-landscape=\"\" style=\"clear:both;display:block;\"><\/div>[vc_row_inner][vc_column_inner width=\u00bb1\/3&#8243;][vc_column_text css=\u00bb\u00bb]Evaluamos la calidad de la captaci\u00f3n de corriente a trav\u00e9s de los siguientes ensayos, seg\u00fan exigen las normas indicadas anteriormente:<\/p>\n<ul>\n<li><strong>Simulaci\u00f3n: <\/strong>software para la simulaci\u00f3n de la interacci\u00f3n entre pant\u00f3grafo y catenaria.<\/li>\n<li><strong>Evaluaci\u00f3n de las fuerzas de contacto entre el arco del pant\u00f3grafo y la catenaria:<\/strong> el pant\u00f3grafo se instrumenta en las instalaciones de CETEST donde se calibra en un banco de ensayos espec\u00edfico. Puede obtener m\u00e1s informaci\u00f3n sobre nuestro <a href=\"https:\/\/www.cetestgroup.com\/es\/ensayos-ferroviarios\/instrumentacion-especial\/pantografo-instrumentado\/\">pant\u00f3grafo instrumentado<\/a>.<\/li>\n<li><strong>Elevaci\u00f3n de hilo:<\/strong> El sistema de medici\u00f3n es no intrusivo, es decir, no requiere modificaciones en la catenaria. Se instala junto a la v\u00eda, con una c\u00e1mara que apunta al hilo de contacto. Este sistema mide el desplazamiento vertical del hilo de contacto provocado por el paso de un tren. El desplazamiento vertical obtenido se eval\u00faa seg\u00fan los l\u00edmites establecidos en la normativa.<\/li>\n<li><strong>Contador de arcos:<\/strong> se mide el n\u00famero y duraci\u00f3n de los arcos generados durante la operaci\u00f3n. Los par\u00e1metros se analizan conforme a EN50317 para evaluar la calidad de la captaci\u00f3n de corriente.<\/li>\n<\/ul>\n<div id=\"tw-target-text-container\" class=\"tw-ta-container F0azHf tw-nfl\" tabindex=\"0\">\n<p id=\"tw-target-text\" class=\"tw-data-text tw-text-large tw-ta\" dir=\"ltr\" data-placeholder=\"Translation\"><span class=\"Y2IQFc\" lang=\"es\">Otros ensayos de pant\u00f3grafo: <\/span><\/p>\n<ul>\n<li class=\"tw-data-text tw-text-large tw-ta\" dir=\"ltr\" data-placeholder=\"Translation\"><span class=\"Y2IQFc\" lang=\"es\"><strong>Comprobaci\u00f3n del sistema operativo a m\u00e1xima velocidad<\/strong>: distancia de aislamiento. <\/span><\/li>\n<li class=\"tw-data-text tw-text-large tw-ta\" dir=\"ltr\" data-placeholder=\"Translation\"><span class=\"Y2IQFc\" lang=\"es\"><strong>Medida de la fuerza est\u00e1tica<\/strong>.<\/span><\/li>\n<\/ul>\n<\/div>\n<p>[\/vc_column_text]<div class=\"ult-spacer spacer-69dcb35946efa\" data-id=\"69dcb35946efa\" data-height=\"20\" data-height-mobile=\"10\" data-height-tab=\"20\" data-height-tab-portrait=\"\" data-height-mobile-landscape=\"\" style=\"clear:both;display:block;\"><\/div>[\/vc_column_inner][vc_column_inner width=\u00bb2\/3&#8243; css=\u00bb.vc_custom_1501153082267{padding-right: 5% !important;padding-left: 5% !important;}\u00bb][vc_single_image image=\u00bb17285&#8243; img_size=\u00bbfull\u00bb alignment=\u00bbcenter\u00bb]<div class=\"ult-spacer spacer-69dcb35946f5b\" data-id=\"69dcb35946f5b\" data-height=\"20\" data-height-mobile=\"10\" data-height-tab=\"20\" data-height-tab-portrait=\"\" data-height-mobile-landscape=\"\" style=\"clear:both;display:block;\"><\/div><div id=\"dfd-announce-69dcb35946fa8-2815\" class=\"dfd-announce-module-wrap align-left no_full_bg_class  style-3 layout-1\" ><div class=\"dfd-announce-module\"><div class=\"module-icon\" ><i class = \"dfd-icon-train_1\"><\/i><\/div><div class=\"module-text\" style=\"font-family:PT Sans; font-weight:400; font-style:normal; font-size: 18px; color: #25bdd5 !important; line-height: 22px; font-weight:bold; \">El pant\u00f3grafo se instrumenta en las instalaciones de CETEST donde se calibra en un banco de ensayos espec\u00edfico.<\/div><\/div><\/div><div class=\"ult-spacer spacer-69dcb35947020\" data-id=\"69dcb35947020\" data-height=\"30\" data-height-mobile=\"30\" data-height-tab=\"30\" data-height-tab-portrait=\"\" data-height-mobile-landscape=\"\" style=\"clear:both;display:block;\"><\/div>[\/vc_column_inner][\/vc_row_inner][vc_row_inner][vc_column_inner dfd_column_responsive_enable=\u00bbdfd-column-responsive-enable\u00bb responsive_styles=\u00bbpadding_left_desktop:10|padding_right_desktop:10&#8243;][vc_column_text]En CETEST contamos con una amplia experiencia en aplicaciones tanto DC como AC en todo el rango de velocidades, incluso a elevadas velocidades (m\u00e1s de 350 km\/h). Utilizamos sens\u00f3rica de \u00faltima generaci\u00f3n y, gracias a nuestro conocimiento y experiencia en esta \u00e1rea, hemos desarrollado sistemas espec\u00edficos para la realizaci\u00f3n de estos ensayos.[\/vc_column_text][\/vc_column_inner][\/vc_row_inner]<div class=\"ult-spacer spacer-69dcb35947060\" data-id=\"69dcb35947060\" data-height=\"60\" data-height-mobile=\"20\" data-height-tab=\"30\" data-height-tab-portrait=\"\" data-height-mobile-landscape=\"\" style=\"clear:both;display:block;\"><\/div>[\/vc_column][\/vc_row]<\/p>\n<\/div>","protected":false},"excerpt":{"rendered":"<p>[vc_row][vc_column][vc_row_inner][vc_column_inner width=\u00bb1\/3&#8243;][vc_column_text css=\u00bb\u00bb]Evaluamos la calidad de la captaci\u00f3n de corriente a trav\u00e9s de los siguientes ensayos, seg\u00fan exigen las normas indicadas anteriormente: Simulaci\u00f3n: software para la simulaci\u00f3n de la interacci\u00f3n<\/p>\n","protected":false},"author":1,"featured_media":0,"parent":17816,"menu_order":0,"comment_status":"closed","ping_status":"closed","template":"tmp-page-right-sidebar.php","meta":{"_acf_changed":false,"footnotes":""},"class_list":["post-17760","page","type-page","status-publish","hentry"],"acf":[],"yoast_head":"<!-- This site is optimized with the Yoast SEO plugin v27.3 - https:\/\/yoast.com\/product\/yoast-seo-wordpress\/ -->\n<title>Ensayos de Calidad de Captaci\u00f3n de Corriente | CETEST<\/title>\n<meta name=\"description\" content=\"CETEST est\u00e1 acreditado para realizar ensayos de evaluaci\u00f3n de la calidad de la captaci\u00f3n de corriente conforme a EN 50317, EN 50367 y TSI. Evaluaci\u00f3n de las fuerzas de contacto entre el arco del pant\u00f3grafo y la catenaria, Elevaci\u00f3n de hilo, y Contador de arcos.\" \/>\n<meta name=\"robots\" content=\"index, follow, max-snippet:-1, max-image-preview:large, max-video-preview:-1\" \/>\n<link rel=\"canonical\" href=\"https:\/\/www.cetestgroup.com\/es\/ensayos-ferroviarios\/traccion-freno-y-captacion-de-corriente\/captacion-de-corriente\/\" \/>\n<meta property=\"og:locale\" content=\"es_ES\" \/>\n<meta property=\"og:type\" content=\"article\" \/>\n<meta property=\"og:title\" content=\"Ensayos de Calidad de Captaci\u00f3n de Corriente | CETEST\" \/>\n<meta property=\"og:description\" content=\"CETEST est\u00e1 acreditado para realizar ensayos de evaluaci\u00f3n de la calidad de la captaci\u00f3n de corriente conforme a EN 50317, EN 50367 y TSI. Evaluaci\u00f3n de las fuerzas de contacto entre el arco del pant\u00f3grafo y la catenaria, Elevaci\u00f3n de hilo, y Contador de arcos.\" \/>\n<meta property=\"og:url\" content=\"https:\/\/www.cetestgroup.com\/es\/ensayos-ferroviarios\/traccion-freno-y-captacion-de-corriente\/captacion-de-corriente\/\" \/>\n<meta property=\"og:site_name\" content=\"CETEST\" \/>\n<meta property=\"article:modified_time\" content=\"2025-03-10T10:41:23+00:00\" \/>\n<meta name=\"twitter:card\" content=\"summary_large_image\" \/>\n<meta name=\"twitter:label1\" content=\"Tiempo de lectura\" \/>\n\t<meta name=\"twitter:data1\" content=\"2 minutos\" \/>\n<script type=\"application\/ld+json\" class=\"yoast-schema-graph\">{\"@context\":\"https:\\\/\\\/schema.org\",\"@graph\":[{\"@type\":\"WebPage\",\"@id\":\"https:\\\/\\\/www.cetestgroup.com\\\/es\\\/ensayos-ferroviarios\\\/traccion-freno-y-captacion-de-corriente\\\/captacion-de-corriente\\\/\",\"url\":\"https:\\\/\\\/www.cetestgroup.com\\\/es\\\/ensayos-ferroviarios\\\/traccion-freno-y-captacion-de-corriente\\\/captacion-de-corriente\\\/\",\"name\":\"Ensayos de Calidad de Captaci\u00f3n de Corriente | CETEST\",\"isPartOf\":{\"@id\":\"https:\\\/\\\/www.cetestgroup.com\\\/es\\\/#website\"},\"datePublished\":\"2018-04-06T15:41:22+00:00\",\"dateModified\":\"2025-03-10T10:41:23+00:00\",\"description\":\"CETEST est\u00e1 acreditado para realizar ensayos de evaluaci\u00f3n de la calidad de la captaci\u00f3n de corriente conforme a EN 50317, EN 50367 y TSI. Evaluaci\u00f3n de las fuerzas de contacto entre el arco del pant\u00f3grafo y la catenaria, Elevaci\u00f3n de hilo, y Contador de arcos.\",\"breadcrumb\":{\"@id\":\"https:\\\/\\\/www.cetestgroup.com\\\/es\\\/ensayos-ferroviarios\\\/traccion-freno-y-captacion-de-corriente\\\/captacion-de-corriente\\\/#breadcrumb\"},\"inLanguage\":\"es\",\"potentialAction\":[{\"@type\":\"ReadAction\",\"target\":[\"https:\\\/\\\/www.cetestgroup.com\\\/es\\\/ensayos-ferroviarios\\\/traccion-freno-y-captacion-de-corriente\\\/captacion-de-corriente\\\/\"]}]},{\"@type\":\"BreadcrumbList\",\"@id\":\"https:\\\/\\\/www.cetestgroup.com\\\/es\\\/ensayos-ferroviarios\\\/traccion-freno-y-captacion-de-corriente\\\/captacion-de-corriente\\\/#breadcrumb\",\"itemListElement\":[{\"@type\":\"ListItem\",\"position\":1,\"name\":\"Home\",\"item\":\"https:\\\/\\\/www.cetestgroup.com\\\/es\\\/\"},{\"@type\":\"ListItem\",\"position\":2,\"name\":\"Ensayos Ferroviarios\",\"item\":\"https:\\\/\\\/www.cetestgroup.com\\\/es\\\/ensayos-ferroviarios\\\/\"},{\"@type\":\"ListItem\",\"position\":3,\"name\":\"Tracci\u00f3n, freno y captaci\u00f3n de corriente\",\"item\":\"https:\\\/\\\/www.cetestgroup.com\\\/es\\\/ensayos-ferroviarios\\\/traccion-freno-y-captacion-de-corriente\\\/\"},{\"@type\":\"ListItem\",\"position\":4,\"name\":\"Captaci\u00f3n de Corriente\"}]},{\"@type\":\"WebSite\",\"@id\":\"https:\\\/\\\/www.cetestgroup.com\\\/es\\\/#website\",\"url\":\"https:\\\/\\\/www.cetestgroup.com\\\/es\\\/\",\"name\":\"CETEST\",\"description\":\"CETEST is a fully accredited independent test laboratory offering services for design verification, model validation, developmental testing and\\\/or answers to help you identify failure root causes. We carry out tests in our facilities as well as on site as required by customer needs.\",\"potentialAction\":[{\"@type\":\"SearchAction\",\"target\":{\"@type\":\"EntryPoint\",\"urlTemplate\":\"https:\\\/\\\/www.cetestgroup.com\\\/es\\\/?s={search_term_string}\"},\"query-input\":{\"@type\":\"PropertyValueSpecification\",\"valueRequired\":true,\"valueName\":\"search_term_string\"}}],\"inLanguage\":\"es\"}]}<\/script>\n<!-- \/ Yoast SEO plugin. -->","yoast_head_json":{"title":"Ensayos de Calidad de Captaci\u00f3n de Corriente | CETEST","description":"CETEST est\u00e1 acreditado para realizar ensayos de evaluaci\u00f3n de la calidad de la captaci\u00f3n de corriente conforme a EN 50317, EN 50367 y TSI. Evaluaci\u00f3n de las fuerzas de contacto entre el arco del pant\u00f3grafo y la catenaria, Elevaci\u00f3n de hilo, y Contador de arcos.","robots":{"index":"index","follow":"follow","max-snippet":"max-snippet:-1","max-image-preview":"max-image-preview:large","max-video-preview":"max-video-preview:-1"},"canonical":"https:\/\/www.cetestgroup.com\/es\/ensayos-ferroviarios\/traccion-freno-y-captacion-de-corriente\/captacion-de-corriente\/","og_locale":"es_ES","og_type":"article","og_title":"Ensayos de Calidad de Captaci\u00f3n de Corriente | CETEST","og_description":"CETEST est\u00e1 acreditado para realizar ensayos de evaluaci\u00f3n de la calidad de la captaci\u00f3n de corriente conforme a EN 50317, EN 50367 y TSI. Evaluaci\u00f3n de las fuerzas de contacto entre el arco del pant\u00f3grafo y la catenaria, Elevaci\u00f3n de hilo, y Contador de arcos.","og_url":"https:\/\/www.cetestgroup.com\/es\/ensayos-ferroviarios\/traccion-freno-y-captacion-de-corriente\/captacion-de-corriente\/","og_site_name":"CETEST","article_modified_time":"2025-03-10T10:41:23+00:00","twitter_card":"summary_large_image","twitter_misc":{"Tiempo de lectura":"2 minutos"},"schema":{"@context":"https:\/\/schema.org","@graph":[{"@type":"WebPage","@id":"https:\/\/www.cetestgroup.com\/es\/ensayos-ferroviarios\/traccion-freno-y-captacion-de-corriente\/captacion-de-corriente\/","url":"https:\/\/www.cetestgroup.com\/es\/ensayos-ferroviarios\/traccion-freno-y-captacion-de-corriente\/captacion-de-corriente\/","name":"Ensayos de Calidad de Captaci\u00f3n de Corriente | CETEST","isPartOf":{"@id":"https:\/\/www.cetestgroup.com\/es\/#website"},"datePublished":"2018-04-06T15:41:22+00:00","dateModified":"2025-03-10T10:41:23+00:00","description":"CETEST est\u00e1 acreditado para realizar ensayos de evaluaci\u00f3n de la calidad de la captaci\u00f3n de corriente conforme a EN 50317, EN 50367 y TSI. Evaluaci\u00f3n de las fuerzas de contacto entre el arco del pant\u00f3grafo y la catenaria, Elevaci\u00f3n de hilo, y Contador de arcos.","breadcrumb":{"@id":"https:\/\/www.cetestgroup.com\/es\/ensayos-ferroviarios\/traccion-freno-y-captacion-de-corriente\/captacion-de-corriente\/#breadcrumb"},"inLanguage":"es","potentialAction":[{"@type":"ReadAction","target":["https:\/\/www.cetestgroup.com\/es\/ensayos-ferroviarios\/traccion-freno-y-captacion-de-corriente\/captacion-de-corriente\/"]}]},{"@type":"BreadcrumbList","@id":"https:\/\/www.cetestgroup.com\/es\/ensayos-ferroviarios\/traccion-freno-y-captacion-de-corriente\/captacion-de-corriente\/#breadcrumb","itemListElement":[{"@type":"ListItem","position":1,"name":"Home","item":"https:\/\/www.cetestgroup.com\/es\/"},{"@type":"ListItem","position":2,"name":"Ensayos Ferroviarios","item":"https:\/\/www.cetestgroup.com\/es\/ensayos-ferroviarios\/"},{"@type":"ListItem","position":3,"name":"Tracci\u00f3n, freno y captaci\u00f3n de corriente","item":"https:\/\/www.cetestgroup.com\/es\/ensayos-ferroviarios\/traccion-freno-y-captacion-de-corriente\/"},{"@type":"ListItem","position":4,"name":"Captaci\u00f3n de Corriente"}]},{"@type":"WebSite","@id":"https:\/\/www.cetestgroup.com\/es\/#website","url":"https:\/\/www.cetestgroup.com\/es\/","name":"CETEST","description":"CETEST is a fully accredited independent test laboratory offering services for design verification, model validation, developmental testing and\/or answers to help you identify failure root causes. We carry out tests in our facilities as well as on site as required by customer needs.","potentialAction":[{"@type":"SearchAction","target":{"@type":"EntryPoint","urlTemplate":"https:\/\/www.cetestgroup.com\/es\/?s={search_term_string}"},"query-input":{"@type":"PropertyValueSpecification","valueRequired":true,"valueName":"search_term_string"}}],"inLanguage":"es"}]}},"_links":{"self":[{"href":"https:\/\/www.cetestgroup.com\/es\/wp-json\/wp\/v2\/pages\/17760","targetHints":{"allow":["GET"]}}],"collection":[{"href":"https:\/\/www.cetestgroup.com\/es\/wp-json\/wp\/v2\/pages"}],"about":[{"href":"https:\/\/www.cetestgroup.com\/es\/wp-json\/wp\/v2\/types\/page"}],"author":[{"embeddable":true,"href":"https:\/\/www.cetestgroup.com\/es\/wp-json\/wp\/v2\/users\/1"}],"replies":[{"embeddable":true,"href":"https:\/\/www.cetestgroup.com\/es\/wp-json\/wp\/v2\/comments?post=17760"}],"version-history":[{"count":2,"href":"https:\/\/www.cetestgroup.com\/es\/wp-json\/wp\/v2\/pages\/17760\/revisions"}],"predecessor-version":[{"id":20228,"href":"https:\/\/www.cetestgroup.com\/es\/wp-json\/wp\/v2\/pages\/17760\/revisions\/20228"}],"up":[{"embeddable":true,"href":"https:\/\/www.cetestgroup.com\/es\/wp-json\/wp\/v2\/pages\/17816"}],"wp:attachment":[{"href":"https:\/\/www.cetestgroup.com\/es\/wp-json\/wp\/v2\/media?parent=17760"}],"curies":[{"name":"wp","href":"https:\/\/api.w.org\/{rel}","templated":true}]}}