{"id":17748,"date":"2018-04-06T15:50:43","date_gmt":"2018-04-06T14:50:43","guid":{"rendered":"https:\/\/www.cetestgroup.com\/?page_id=17748"},"modified":"2022-12-14T14:08:28","modified_gmt":"2022-12-14T14:08:28","slug":"consumo-de-energia","status":"publish","type":"page","link":"https:\/\/www.cetestgroup.com\/es\/ensayos-ferroviarios\/emc-y-consumo-de-energia\/consumo-de-energia\/","title":{"rendered":"Consumo de Energ\u00eda"},"content":{"rendered":"<div class=\"wpb-content-wrapper\"><p>[vc_row][vc_column]<div class=\"ult-spacer spacer-69dc75b48c781\" data-id=\"69dc75b48c781\" data-height=\"30\" data-height-mobile=\"20\" data-height-tab=\"20\" data-height-tab-portrait=\"\" data-height-mobile-landscape=\"\" style=\"clear:both;display:block;\"><\/div><div class=\"dfd-heading-shortcode\"><div class=\"dfd-heading-module-wrap  text-center style_01 dfd-heading-69dc75b48c88e dfd-disable-resposive-headings\" id=\"dfd-heading-69dc75b48c88e\" ><div class=\"inline-block\"><div class=\"dfd-heading-module\"><h6 class=\"widget-title dfd-title \" style=\"font-family:PT Sans Narrow; font-weight:400; font-style:normal; font-size: 20px; color: #25bdd5 !important; line-height: 25px; \">La eficiencia energ\u00e9tica es uno de los objetivos de dise\u00f1o m\u00e1s importantes en los veh\u00edculos ferroviarios nuevos y reformados. CETEST est\u00e1 acreditado conforme a TSI1302\/2014, EN50215 y EN50388 para evaluar y medir el consumo de energ\u00eda en veh\u00edculos ferroviarios el\u00e9ctricos.<\/h6><div class=\"dfd-heading-delimiter\"><\/div><\/div><\/div><\/div><script type=\"text\/javascript\">\r\n\t\t\t\t\t\t\t\t\t(function($) {\r\n\t\t\t\t\t\t\t\t\t\t$(\"head\").append(\"<style>.dfd-heading-69dc75b48c88e.dfd-heading-module-wrap .dfd-heading-module .dfd-heading-delimiter {border-bottom-style:solid;border-bottom-width:1px;width:100px;border-bottom-color:#dddddd;}.dfd-heading-69dc75b48c88e.dfd-heading-module-wrap .dfd-heading-module .dfd-heading-delimiter {margin-top:20px;margin-bottom:20px;}<\/style>\");\r\n\t\t\t\t\t\t\t\t\t})(jQuery);\r\n\t\t\t\t\t\t\t\t<\/script><\/div><div class=\"ult-spacer spacer-69dc75b48ca72\" data-id=\"69dc75b48ca72\" data-height=\"30\" data-height-mobile=\"20\" data-height-tab=\"20\" data-height-tab-portrait=\"\" data-height-mobile-landscape=\"\" style=\"clear:both;display:block;\"><\/div>[vc_row_inner][vc_column_inner width=\u00bb1\/2&#8243;]<div class=\"ult-spacer spacer-69dc75b48cac8\" data-id=\"69dc75b48cac8\" data-height=\"20\" data-height-mobile=\"10\" data-height-tab=\"20\" data-height-tab-portrait=\"\" data-height-mobile-landscape=\"\" style=\"clear:both;display:block;\"><\/div>[vc_single_image image=\u00bb17287&#8243; img_size=\u00bbfull\u00bb alignment=\u00bbcenter\u00bb][\/vc_column_inner][vc_column_inner width=\u00bb1\/2&#8243; css=\u00bb.vc_custom_1501153082267{padding-right: 5% !important;padding-left: 5% !important;}\u00bb]<div class=\"ult-spacer spacer-69dc75b48cb81\" data-id=\"69dc75b48cb81\" data-height=\"20\" data-height-mobile=\"20\" data-height-tab=\"20\" data-height-tab-portrait=\"\" data-height-mobile-landscape=\"\" style=\"clear:both;display:block;\"><\/div>[vc_column_text]Los veh\u00edculos ferroviarios el\u00e9ctricos actuales est\u00e1n equipados con sistemas de ahorro y almacenaje de energ\u00eda que reducen su consumo global. Adem\u00e1s, la regeneraci\u00f3n de la energ\u00eda a la catenaria durante el frenado reduce la energ\u00eda disipada en las resistencias de frenado.<\/p>\n<p>CETEST eval\u00faa la cadena de tracci\u00f3n y de alimentaci\u00f3n de auxiliares en diferentes veh\u00edculos ferroviarios, con el objetivo de evaluar su consumo energ\u00e9tico. Esto tambi\u00e9n incluye identificar d\u00f3nde y cu\u00e1ndo los veh\u00edculos estar\u00e1n circulando a lo largo de su vida \u00fatil.<\/p>\n<p>CETEST es capaz de medir el consumo de gas\u00f3leo a trav\u00e9s de un caudal\u00edmetro.[\/vc_column_text]<div class=\"ult-spacer spacer-69dc75b48cbcc\" data-id=\"69dc75b48cbcc\" data-height=\"20\" data-height-mobile=\"10\" data-height-tab=\"20\" data-height-tab-portrait=\"\" data-height-mobile-landscape=\"\" style=\"clear:both;display:block;\"><\/div><div id=\"dfd-announce-69dc75b48cc17-9788\" class=\"dfd-announce-module-wrap align-left no_full_bg_class  style-3 layout-1\" ><div class=\"dfd-announce-module\"><div class=\"module-icon\" ><i class = \"dfd-icon-train_1\"><\/i><\/div><div class=\"module-text\" style=\"font-family:PT Sans; font-weight:400; font-style:normal; font-size: 18px; color: #25bdd5 !important; line-height: 22px; font-weight:bold; \">Con los sistemas de adquisici\u00f3n de datos de CETEST se pueden generar con rapidez diferentes cadenas de medida flexibles.<\/div><\/div><\/div><div class=\"ult-spacer spacer-69dc75b48ccac\" data-id=\"69dc75b48ccac\" data-height=\"20\" data-height-mobile=\"10\" data-height-tab=\"20\" data-height-tab-portrait=\"\" data-height-mobile-landscape=\"\" style=\"clear:both;display:block;\"><\/div>[\/vc_column_inner][\/vc_row_inner]<div class=\"ult-spacer spacer-69dc75b48ccfa\" data-id=\"69dc75b48ccfa\" data-height=\"20\" data-height-mobile=\"20\" data-height-tab=\"20\" data-height-tab-portrait=\"\" data-height-mobile-landscape=\"\" style=\"clear:both;display:block;\"><\/div>[vc_row_inner][vc_column_inner dfd_column_responsive_enable=\u00bbdfd-column-responsive-enable\u00bb css=\u00bb.vc_custom_1509631268588{margin-bottom: 20px !important;padding-top: 5% !important;padding-right: 5% !important;padding-bottom: 5% !important;padding-left: 5% !important;background-color: #f4f4f4 !important;}\u00bb responsive_styles=\u00bbmargin_left_mobile:20|margin_right_mobile:20&#8243;][vc_column_text]Una vez queda definido el m\u00e9todo y el modo de evaluaci\u00f3n, CETEST emplea los mejores sensores y equipos de adquisici\u00f3n de datos para supervisar y registrar los distintos par\u00e1metros del ensayo que influir\u00e1n en el consumo de energ\u00eda del veh\u00edculo.[\/vc_column_text]<div class=\"ult-spacer spacer-69dc75b48cd3c\" data-id=\"69dc75b48cd3c\" data-height=\"20\" data-height-mobile=\"10\" data-height-tab=\"20\" data-height-tab-portrait=\"\" data-height-mobile-landscape=\"\" style=\"clear:both;display:block;\"><\/div><div class=\"dfd-heading-shortcode\"><div class=\"dfd-heading-module-wrap  text-left style_02 dfd-heading-69dc75b48cdd8 dfd-disable-resposive-headings\" id=\"dfd-heading-69dc75b48cdd8\" ><div class=\"inline-block\"><div class=\"dfd-heading-module\"><h6 class=\"widget-title dfd-title \" style=\"font-size: 20px; color: #25bdd5 !important; \">Estos par\u00e1metros pueden ser:<\/h6><div class=\"dfd-heading-delimiter\"><\/div><\/div><\/div><\/div><script type=\"text\/javascript\">\r\n\t\t\t\t\t\t\t\t\t(function($) {\r\n\t\t\t\t\t\t\t\t\t\t$(\"head\").append(\"<style>.dfd-heading-69dc75b48cdd8.dfd-heading-module-wrap .dfd-heading-module .dfd-heading-delimiter {border-bottom-style:solid;border-bottom-width:1px;width:100px;border-bottom-color:#dddddd;}.dfd-heading-69dc75b48cdd8.dfd-heading-module-wrap .dfd-heading-module .dfd-heading-delimiter {margin-top:10px;margin-bottom:10px;}<\/style>\");\r\n\t\t\t\t\t\t\t\t\t})(jQuery);\r\n\t\t\t\t\t\t\t\t<\/script><\/div><div class=\"ult-spacer spacer-69dc75b48cf1a\" data-id=\"69dc75b48cf1a\" data-height=\"10\" data-height-mobile=\"10\" data-height-tab=\"10\" data-height-tab-portrait=\"\" data-height-mobile-landscape=\"\" style=\"clear:both;display:block;\"><\/div>[vc_column_text]<\/p>\n<ul>\n<li><strong>Corriente de entrada total suministrada al veh\u00edculo:<\/strong> se utilizan pinzas amper\u00edmetricas DC o transformadores de corriente AC para medir y registrar la corriente de entrada al veh\u00edculo el\u00e9ctrico.\n<ul>\n<li>Las pinzas amperim\u00e9tricas DC se utilizan para aplicaciones de DC: tranv\u00edas, metros, unidades el\u00e9ctricas m\u00faltiples (EMUs),\u2026<\/li>\n<li>Los transformadores de corriente AC se utilizan para aplicaciones de AC: trenes de alta velocidad, locomotoras.<\/li>\n<\/ul>\n<\/li>\n<li><strong>Corriente de entrada a convertidores de tracci\u00f3n y convertidores auxiliares:<\/strong> tambi\u00e9n se mide la corriente de entrada a los equipos de potencia principal para conocer mejor la distribuci\u00f3n de la energ\u00eda dentro del veh\u00edculo durante el servicio comercial. La energ\u00eda disipada en las resistencias de freno tambi\u00e9n puede medirse con estos sensores para identificar cu\u00e1ndo no se est\u00e1 regenerando la energ\u00eda en la catenaria.\n<ul>\n<li>Las pinzas amperim\u00e9tricas DC se utilizan para aplicaciones de DC: tranv\u00edas, metros, unidades el\u00e9ctricas m\u00faltiples (EMUs),\u2026<\/li>\n<li>Los transformadores de corriente AC se utilizan para aplicaciones de AC: trenes de alta velocidad, locomotoras.<\/li>\n<\/ul>\n<\/li>\n<li><strong>Tensiones de entrada:<\/strong> la tensi\u00f3n de entrada al veh\u00edculo y a los equipos de potencia deben registrarse para valorar el consumo de energ\u00eda.\n<ul>\n<li>Se utilizan sondas de alta tensi\u00f3n para las medidas de tensi\u00f3n de la catenaria y de los convertidores.<\/li>\n<\/ul>\n<\/li>\n<li><strong>Velocidad del veh\u00edculo:<\/strong> la velocidad de circulaci\u00f3n se mide con sensores de velocidad internos o externos al veh\u00edculo.<\/li>\n<li><strong>Estado de tracci\u00f3n del veh\u00edculo:<\/strong> se utiliza un aceler\u00f3metro longitudinal y un gir\u00f3scopo para identificar el estado de tracci\u00f3n del veh\u00edculo durante los ensayos. Estos sensores pueden aportar informaci\u00f3n muy \u00fatil sobre d\u00f3nde y c\u00f3mo circula el veh\u00edculo.<\/li>\n<li><strong>Posici\u00f3n del veh\u00edculo:<\/strong> se utiliza un GPS para identificar la posici\u00f3n exacta del veh\u00edculo durante los ensayos de evaluaci\u00f3n de la energ\u00eda.<\/li>\n<\/ul>\n<p>[\/vc_column_text][\/vc_column_inner][\/vc_row_inner]<div class=\"ult-spacer spacer-69dc75b48cf5f\" data-id=\"69dc75b48cf5f\" data-height=\"20\" data-height-mobile=\"20\" data-height-tab=\"20\" data-height-tab-portrait=\"\" data-height-mobile-landscape=\"\" style=\"clear:both;display:block;\"><\/div>[vc_row_inner][vc_column_inner width=\u00bb1\/2&#8243;][vc_column_text]Estas variables se registran de manera s\u00edncrona con diferentes velocidades de muestreo con los sistemas de adquisici\u00f3n de datos de CETEST. De esta forma, se pueden generar con rapidez diferentes cadenas de medida flexibles. Adem\u00e1s, CETEST ha desarrollado herramientas propias de postprocesado que ofrecen un tratamiento \u00f3ptimo de los datos y que permiten adaptarse a las necesidades concretas de cada cliente.[\/vc_column_text]<div class=\"ult-spacer spacer-69dc75b48cf9b\" data-id=\"69dc75b48cf9b\" data-height=\"20\" data-height-mobile=\"20\" data-height-tab=\"20\" data-height-tab-portrait=\"\" data-height-mobile-landscape=\"\" style=\"clear:both;display:block;\"><\/div>[\/vc_column_inner][vc_column_inner width=\u00bb1\/2&#8243;][vc_single_image image=\u00bb17533&#8243; img_size=\u00bbfull\u00bb alignment=\u00bbcenter\u00bb][\/vc_column_inner][\/vc_row_inner]<div class=\"ult-spacer spacer-69dc75b48cff1\" data-id=\"69dc75b48cff1\" data-height=\"60\" data-height-mobile=\"20\" data-height-tab=\"30\" data-height-tab-portrait=\"\" data-height-mobile-landscape=\"\" style=\"clear:both;display:block;\"><\/div>[\/vc_column][\/vc_row]<\/p>\n<\/div>","protected":false},"excerpt":{"rendered":"<p>[vc_row][vc_column][vc_row_inner][vc_column_inner width=\u00bb1\/2&#8243;][vc_single_image image=\u00bb17287&#8243; img_size=\u00bbfull\u00bb alignment=\u00bbcenter\u00bb][\/vc_column_inner][vc_column_inner width=\u00bb1\/2&#8243; css=\u00bb.vc_custom_1501153082267{padding-right: 5% !important;padding-left: 5% !important;}\u00bb][vc_column_text]Los veh\u00edculos ferroviarios el\u00e9ctricos actuales est\u00e1n equipados con sistemas de ahorro y almacenaje de energ\u00eda que reducen su consumo global.<\/p>\n","protected":false},"author":1,"featured_media":0,"parent":17826,"menu_order":0,"comment_status":"closed","ping_status":"closed","template":"tmp-page-right-sidebar.php","meta":{"_acf_changed":false,"footnotes":""},"class_list":["post-17748","page","type-page","status-publish","hentry"],"acf":[],"yoast_head":"<!-- This site is optimized with the Yoast SEO plugin v27.3 - https:\/\/yoast.com\/product\/yoast-seo-wordpress\/ -->\n<title>Consumo de Energ\u00eda en Veh\u00edculos Ferroviarios El\u00e9ctricos | CETEST<\/title>\n<meta name=\"description\" content=\"CETEST est\u00e1 acreditado conforme a TSI1302\/2014, EN50215 y EN50388 para evaluar y medir el consumo de energ\u00eda en veh\u00edculos ferroviarios el\u00e9ctricos. Uno de los objetivos de dise\u00f1o m\u00e1s importantes en los veh\u00edculos ferroviarios nuevos y reformados.\" \/>\n<meta name=\"robots\" content=\"index, follow, max-snippet:-1, max-image-preview:large, max-video-preview:-1\" \/>\n<link rel=\"canonical\" href=\"https:\/\/www.cetestgroup.com\/es\/ensayos-ferroviarios\/emc-y-consumo-de-energia\/consumo-de-energia\/\" \/>\n<meta property=\"og:locale\" content=\"es_ES\" \/>\n<meta property=\"og:type\" content=\"article\" \/>\n<meta property=\"og:title\" content=\"Consumo de Energ\u00eda en Veh\u00edculos Ferroviarios El\u00e9ctricos | CETEST\" \/>\n<meta property=\"og:description\" content=\"CETEST est\u00e1 acreditado conforme a TSI1302\/2014, EN50215 y EN50388 para evaluar y medir el consumo de energ\u00eda en veh\u00edculos ferroviarios el\u00e9ctricos. Uno de los objetivos de dise\u00f1o m\u00e1s importantes en los veh\u00edculos ferroviarios nuevos y reformados.\" \/>\n<meta property=\"og:url\" content=\"https:\/\/www.cetestgroup.com\/es\/ensayos-ferroviarios\/emc-y-consumo-de-energia\/consumo-de-energia\/\" \/>\n<meta property=\"og:site_name\" content=\"CETEST\" \/>\n<meta property=\"article:modified_time\" content=\"2022-12-14T14:08:28+00:00\" \/>\n<meta name=\"twitter:card\" content=\"summary_large_image\" \/>\n<meta name=\"twitter:label1\" content=\"Tiempo de lectura\" \/>\n\t<meta name=\"twitter:data1\" content=\"5 minutos\" \/>\n<script type=\"application\/ld+json\" class=\"yoast-schema-graph\">{\"@context\":\"https:\\\/\\\/schema.org\",\"@graph\":[{\"@type\":\"WebPage\",\"@id\":\"https:\\\/\\\/www.cetestgroup.com\\\/es\\\/ensayos-ferroviarios\\\/emc-y-consumo-de-energia\\\/consumo-de-energia\\\/\",\"url\":\"https:\\\/\\\/www.cetestgroup.com\\\/es\\\/ensayos-ferroviarios\\\/emc-y-consumo-de-energia\\\/consumo-de-energia\\\/\",\"name\":\"Consumo de Energ\u00eda en Veh\u00edculos Ferroviarios El\u00e9ctricos | CETEST\",\"isPartOf\":{\"@id\":\"https:\\\/\\\/www.cetestgroup.com\\\/es\\\/#website\"},\"datePublished\":\"2018-04-06T14:50:43+00:00\",\"dateModified\":\"2022-12-14T14:08:28+00:00\",\"description\":\"CETEST est\u00e1 acreditado conforme a TSI1302\\\/2014, EN50215 y EN50388 para evaluar y medir el consumo de energ\u00eda en veh\u00edculos ferroviarios el\u00e9ctricos. Uno de los objetivos de dise\u00f1o m\u00e1s importantes en los veh\u00edculos ferroviarios nuevos y reformados.\",\"breadcrumb\":{\"@id\":\"https:\\\/\\\/www.cetestgroup.com\\\/es\\\/ensayos-ferroviarios\\\/emc-y-consumo-de-energia\\\/consumo-de-energia\\\/#breadcrumb\"},\"inLanguage\":\"es\",\"potentialAction\":[{\"@type\":\"ReadAction\",\"target\":[\"https:\\\/\\\/www.cetestgroup.com\\\/es\\\/ensayos-ferroviarios\\\/emc-y-consumo-de-energia\\\/consumo-de-energia\\\/\"]}]},{\"@type\":\"BreadcrumbList\",\"@id\":\"https:\\\/\\\/www.cetestgroup.com\\\/es\\\/ensayos-ferroviarios\\\/emc-y-consumo-de-energia\\\/consumo-de-energia\\\/#breadcrumb\",\"itemListElement\":[{\"@type\":\"ListItem\",\"position\":1,\"name\":\"Home\",\"item\":\"https:\\\/\\\/www.cetestgroup.com\\\/es\\\/\"},{\"@type\":\"ListItem\",\"position\":2,\"name\":\"Ensayos Ferroviarios\",\"item\":\"https:\\\/\\\/www.cetestgroup.com\\\/es\\\/ensayos-ferroviarios\\\/\"},{\"@type\":\"ListItem\",\"position\":3,\"name\":\"EMC y consumo de energ\u00eda\",\"item\":\"https:\\\/\\\/www.cetestgroup.com\\\/es\\\/ensayos-ferroviarios\\\/emc-y-consumo-de-energia\\\/\"},{\"@type\":\"ListItem\",\"position\":4,\"name\":\"Consumo de Energ\u00eda\"}]},{\"@type\":\"WebSite\",\"@id\":\"https:\\\/\\\/www.cetestgroup.com\\\/es\\\/#website\",\"url\":\"https:\\\/\\\/www.cetestgroup.com\\\/es\\\/\",\"name\":\"CETEST\",\"description\":\"CETEST is a fully accredited independent test laboratory offering services for design verification, model validation, developmental testing and\\\/or answers to help you identify failure root causes. We carry out tests in our facilities as well as on site as required by customer needs.\",\"potentialAction\":[{\"@type\":\"SearchAction\",\"target\":{\"@type\":\"EntryPoint\",\"urlTemplate\":\"https:\\\/\\\/www.cetestgroup.com\\\/es\\\/?s={search_term_string}\"},\"query-input\":{\"@type\":\"PropertyValueSpecification\",\"valueRequired\":true,\"valueName\":\"search_term_string\"}}],\"inLanguage\":\"es\"}]}<\/script>\n<!-- \/ Yoast SEO plugin. -->","yoast_head_json":{"title":"Consumo de Energ\u00eda en Veh\u00edculos Ferroviarios El\u00e9ctricos | CETEST","description":"CETEST est\u00e1 acreditado conforme a TSI1302\/2014, EN50215 y EN50388 para evaluar y medir el consumo de energ\u00eda en veh\u00edculos ferroviarios el\u00e9ctricos. Uno de los objetivos de dise\u00f1o m\u00e1s importantes en los veh\u00edculos ferroviarios nuevos y reformados.","robots":{"index":"index","follow":"follow","max-snippet":"max-snippet:-1","max-image-preview":"max-image-preview:large","max-video-preview":"max-video-preview:-1"},"canonical":"https:\/\/www.cetestgroup.com\/es\/ensayos-ferroviarios\/emc-y-consumo-de-energia\/consumo-de-energia\/","og_locale":"es_ES","og_type":"article","og_title":"Consumo de Energ\u00eda en Veh\u00edculos Ferroviarios El\u00e9ctricos | CETEST","og_description":"CETEST est\u00e1 acreditado conforme a TSI1302\/2014, EN50215 y EN50388 para evaluar y medir el consumo de energ\u00eda en veh\u00edculos ferroviarios el\u00e9ctricos. Uno de los objetivos de dise\u00f1o m\u00e1s importantes en los veh\u00edculos ferroviarios nuevos y reformados.","og_url":"https:\/\/www.cetestgroup.com\/es\/ensayos-ferroviarios\/emc-y-consumo-de-energia\/consumo-de-energia\/","og_site_name":"CETEST","article_modified_time":"2022-12-14T14:08:28+00:00","twitter_card":"summary_large_image","twitter_misc":{"Tiempo de lectura":"5 minutos"},"schema":{"@context":"https:\/\/schema.org","@graph":[{"@type":"WebPage","@id":"https:\/\/www.cetestgroup.com\/es\/ensayos-ferroviarios\/emc-y-consumo-de-energia\/consumo-de-energia\/","url":"https:\/\/www.cetestgroup.com\/es\/ensayos-ferroviarios\/emc-y-consumo-de-energia\/consumo-de-energia\/","name":"Consumo de Energ\u00eda en Veh\u00edculos Ferroviarios El\u00e9ctricos | CETEST","isPartOf":{"@id":"https:\/\/www.cetestgroup.com\/es\/#website"},"datePublished":"2018-04-06T14:50:43+00:00","dateModified":"2022-12-14T14:08:28+00:00","description":"CETEST est\u00e1 acreditado conforme a TSI1302\/2014, EN50215 y EN50388 para evaluar y medir el consumo de energ\u00eda en veh\u00edculos ferroviarios el\u00e9ctricos. Uno de los objetivos de dise\u00f1o m\u00e1s importantes en los veh\u00edculos ferroviarios nuevos y reformados.","breadcrumb":{"@id":"https:\/\/www.cetestgroup.com\/es\/ensayos-ferroviarios\/emc-y-consumo-de-energia\/consumo-de-energia\/#breadcrumb"},"inLanguage":"es","potentialAction":[{"@type":"ReadAction","target":["https:\/\/www.cetestgroup.com\/es\/ensayos-ferroviarios\/emc-y-consumo-de-energia\/consumo-de-energia\/"]}]},{"@type":"BreadcrumbList","@id":"https:\/\/www.cetestgroup.com\/es\/ensayos-ferroviarios\/emc-y-consumo-de-energia\/consumo-de-energia\/#breadcrumb","itemListElement":[{"@type":"ListItem","position":1,"name":"Home","item":"https:\/\/www.cetestgroup.com\/es\/"},{"@type":"ListItem","position":2,"name":"Ensayos Ferroviarios","item":"https:\/\/www.cetestgroup.com\/es\/ensayos-ferroviarios\/"},{"@type":"ListItem","position":3,"name":"EMC y consumo de energ\u00eda","item":"https:\/\/www.cetestgroup.com\/es\/ensayos-ferroviarios\/emc-y-consumo-de-energia\/"},{"@type":"ListItem","position":4,"name":"Consumo de Energ\u00eda"}]},{"@type":"WebSite","@id":"https:\/\/www.cetestgroup.com\/es\/#website","url":"https:\/\/www.cetestgroup.com\/es\/","name":"CETEST","description":"CETEST is a fully accredited independent test laboratory offering services for design verification, model validation, developmental testing and\/or answers to help you identify failure root causes. We carry out tests in our facilities as well as on site as required by customer needs.","potentialAction":[{"@type":"SearchAction","target":{"@type":"EntryPoint","urlTemplate":"https:\/\/www.cetestgroup.com\/es\/?s={search_term_string}"},"query-input":{"@type":"PropertyValueSpecification","valueRequired":true,"valueName":"search_term_string"}}],"inLanguage":"es"}]}},"_links":{"self":[{"href":"https:\/\/www.cetestgroup.com\/es\/wp-json\/wp\/v2\/pages\/17748","targetHints":{"allow":["GET"]}}],"collection":[{"href":"https:\/\/www.cetestgroup.com\/es\/wp-json\/wp\/v2\/pages"}],"about":[{"href":"https:\/\/www.cetestgroup.com\/es\/wp-json\/wp\/v2\/types\/page"}],"author":[{"embeddable":true,"href":"https:\/\/www.cetestgroup.com\/es\/wp-json\/wp\/v2\/users\/1"}],"replies":[{"embeddable":true,"href":"https:\/\/www.cetestgroup.com\/es\/wp-json\/wp\/v2\/comments?post=17748"}],"version-history":[{"count":2,"href":"https:\/\/www.cetestgroup.com\/es\/wp-json\/wp\/v2\/pages\/17748\/revisions"}],"predecessor-version":[{"id":19690,"href":"https:\/\/www.cetestgroup.com\/es\/wp-json\/wp\/v2\/pages\/17748\/revisions\/19690"}],"up":[{"embeddable":true,"href":"https:\/\/www.cetestgroup.com\/es\/wp-json\/wp\/v2\/pages\/17826"}],"wp:attachment":[{"href":"https:\/\/www.cetestgroup.com\/es\/wp-json\/wp\/v2\/media?parent=17748"}],"curies":[{"name":"wp","href":"https:\/\/api.w.org\/{rel}","templated":true}]}}