{"id":17744,"date":"2018-04-06T15:34:44","date_gmt":"2018-04-06T14:34:44","guid":{"rendered":"https:\/\/www.cetestgroup.com\/?page_id=17744"},"modified":"2023-05-16T11:02:46","modified_gmt":"2023-05-16T10:02:46","slug":"emc-emi","status":"publish","type":"page","link":"https:\/\/www.cetestgroup.com\/es\/ensayos-ferroviarios\/emc-y-consumo-de-energia\/emc-emi\/","title":{"rendered":"EMC\/EMI"},"content":{"rendered":"<div class=\"wpb-content-wrapper\"><p>[vc_row][vc_column]<div class=\"ult-spacer spacer-69dd091d0c51f\" data-id=\"69dd091d0c51f\" data-height=\"30\" data-height-mobile=\"20\" data-height-tab=\"20\" data-height-tab-portrait=\"\" data-height-mobile-landscape=\"\" style=\"clear:both;display:block;\"><\/div>[\/vc_column][\/vc_row][vc_row][vc_column]<div class=\"dfd-heading-shortcode\"><div class=\"dfd-heading-module-wrap  text-center style_01 dfd-heading-69dd091d0c5d9 dfd-disable-resposive-headings\" id=\"dfd-heading-69dd091d0c5d9\" ><div class=\"inline-block\"><div class=\"dfd-heading-module\"><h6 class=\"widget-title dfd-title \" style=\"font-family:PT Sans Narrow; font-weight:400; font-style:normal; font-size: 20px; color: #25bdd5 !important; line-height: 25px; \">CETEST es especialista en ensayos de EMC para el sector ferroviario. Medimos y supervisamos emisiones electromagn\u00e9ticas (conducidas, inducidas o radiadas) conforme a las principales normas internacionales, como EN 50121, EN 50238, EN 50500 y EN 50592.<\/h6><div class=\"dfd-heading-delimiter\"><\/div><\/div><\/div><\/div><script type=\"text\/javascript\">\r\n\t\t\t\t\t\t\t\t\t(function($) {\r\n\t\t\t\t\t\t\t\t\t\t$(\"head\").append(\"<style>.dfd-heading-69dd091d0c5d9.dfd-heading-module-wrap .dfd-heading-module .dfd-heading-delimiter {border-bottom-style:solid;border-bottom-width:1px;width:100px;border-bottom-color:#dddddd;}.dfd-heading-69dd091d0c5d9.dfd-heading-module-wrap .dfd-heading-module .dfd-heading-delimiter {margin-top:20px;margin-bottom:20px;}<\/style>\");\r\n\t\t\t\t\t\t\t\t\t})(jQuery);\r\n\t\t\t\t\t\t\t\t<\/script><\/div><div class=\"ult-spacer spacer-69dd091d0c6d7\" data-id=\"69dd091d0c6d7\" data-height=\"30\" data-height-mobile=\"20\" data-height-tab=\"20\" data-height-tab-portrait=\"\" data-height-mobile-landscape=\"\" style=\"clear:both;display:block;\"><\/div>[\/vc_column][\/vc_row][vc_row css=\u00bb.vc_custom_1504094682285{padding-top: 5% !important;padding-right: 5% !important;padding-bottom: 5% !important;padding-left: 5% !important;background-color: #f4f4f4 !important;}\u00bb][vc_column]<div class=\"dfd-heading-shortcode\"><div class=\"dfd-heading-module-wrap  text-left style_01 dfd-heading-69dd091d0c740 dfd-disable-resposive-headings\" id=\"dfd-heading-69dd091d0c740\" ><div class=\"inline-block\"><div class=\"dfd-heading-module\"><h6 class=\"widget-title dfd-title \" style=\"font-size: 20px; color: #25bdd5 !important; \">CETEST lleva a cabo ensayos de campo para verificar los componentes independientemente, veh\u00edculos completos o incluso la infraestructura con fines de I+D y de homologaci\u00f3n. Algunos ejemplos:<\/h6><div class=\"dfd-heading-delimiter\"><\/div><\/div><\/div><\/div><script type=\"text\/javascript\">\r\n\t\t\t\t\t\t\t\t\t(function($) {\r\n\t\t\t\t\t\t\t\t\t\t$(\"head\").append(\"<style>.dfd-heading-69dd091d0c740.dfd-heading-module-wrap .dfd-heading-module .dfd-heading-delimiter {border-bottom-style:solid;border-bottom-width:1px;width:100px;border-bottom-color:#dddddd;}.dfd-heading-69dd091d0c740.dfd-heading-module-wrap .dfd-heading-module .dfd-heading-delimiter {margin-top:10px;margin-bottom:10px;}<\/style>\");\r\n\t\t\t\t\t\t\t\t\t})(jQuery);\r\n\t\t\t\t\t\t\t\t<\/script><\/div>[vc_column_text]<\/p>\n<ul>\n<li><strong>Ensayos de campo EMI radiada.<\/strong> Se centran en caracterizar los niveles de campos electromagn\u00e9ticos radiados emitidos desde el veh\u00edculo al exterior o en la propia infraestructura. Los campos magn\u00e9ticos y el\u00e9ctricos registrados se eval\u00faan en comparaci\u00f3n con los l\u00edmites establecidos en la norma EN 50121-3-1 para veh\u00edculo y la EN 50121-5 para infraestructura.<\/li>\n<li><strong>Los ensayos de compatibilidad con los circuitos de v\u00eda<\/strong> est\u00e1n dise\u00f1ados para evaluar el contenido arm\u00f3nico total generado por el veh\u00edculo e introducido en la red ferroviaria de conformidad con EN50121 y TS 50238. Las se\u00f1ales de corriente registradas se eval\u00faan compar\u00e1ndolas con los l\u00edmites definidos para los circuitos de v\u00eda concretos utilizados en el proyecto.<\/li>\n<li><strong>La medici\u00f3n de la corriente psofom\u00e9trica<\/strong> ayuda a evaluar la interferencia efectiva introducida por el veh\u00edculo en una l\u00ednea de telefon\u00eda anal\u00f3gica seg\u00fan los est\u00e1ndares definidos en la norma EN 50121.<\/li>\n<li><strong>Ensayos de compatibilidad con los contadores de ejes<\/strong> , dise\u00f1ados para valorar la compatibilidad entre el material rodante y los detectores del contador de ejes.<br \/>\nLos campos magn\u00e9ticos generados por el equipo de a bordo se miden con antenas de lazo magn\u00e9ticas y se eval\u00faan mediante comparaci\u00f3n con los l\u00edmites espec\u00edficos del contador de ejes.<\/li>\n<li><strong>La exposici\u00f3n a campos magn\u00e9ticos<\/strong> se eval\u00faa midiendo los campos magn\u00e9ticos AC y est\u00e1ticos generados dentro del veh\u00edculo o en la infraestructura de conformidad con EN 50500. Estos campos magn\u00e9ticos se comparan con las directrices europeas ICNIRP sobre salud y seguridad u otras especificaciones.<\/li>\n<\/ul>\n<p>[\/vc_column_text][\/vc_column][\/vc_row][vc_row][vc_column]<div class=\"ult-spacer spacer-69dd091d0c7f2\" data-id=\"69dd091d0c7f2\" data-height=\"20\" data-height-mobile=\"10\" data-height-tab=\"20\" data-height-tab-portrait=\"\" data-height-mobile-landscape=\"\" style=\"clear:both;display:block;\"><\/div>[\/vc_column][\/vc_row][vc_row][vc_column width=\u00bb1\/2&#8243;]<div class=\"ult-spacer spacer-69dd091d0c81d\" data-id=\"69dd091d0c81d\" data-height=\"20\" data-height-mobile=\"20\" data-height-tab=\"20\" data-height-tab-portrait=\"\" data-height-mobile-landscape=\"\" style=\"clear:both;display:block;\"><\/div>[vc_column_text]Otros ensayos que llevamos a cabo en este \u00e1rea son los de la medici\u00f3n de la densidad de flujo magn\u00e9tico para la exposici\u00f3n humana, la inmunidad de los equipos embarcados frente a descargas electrost\u00e1ticas, transitorios el\u00e9ctricos r\u00e1pidos en r\u00e1fagas, ondas de choque, interferencias conducidas y radiadas provocadas por RF, etc. Entre nuestros servicios, se incluye asistencia en la definici\u00f3n del plan de control de EMC y consultor\u00eda FMCA (an\u00e1lisis del modo, efecto y criticidad de los fallos).<\/p>\n<p>CETEST realiza campa\u00f1as de ensayos de EMC por todo el mundo, seg\u00fan las necesidades de nuestros clientes. Todos nuestros equipos son port\u00e1tiles y constan b\u00e1sicamente de sensores de tensi\u00f3n, sondas Rogowski, sistemas de adquisici\u00f3n de datos con diferentes velocidades de muestreo y resoluciones para la emisi\u00f3n de arm\u00f3nicos y antenas de campo magn\u00e9tico, antenas de campo el\u00e9ctrico, analizadores de espectro y receptores EMI para el ensayo de emisiones radiadas.<\/p>\n<p>Hemos profundizado en este campo con diversos proyectos de consultor\u00eda sobre sistemas de se\u00f1alizaci\u00f3n y an\u00e1lisis de problemas como, por ejemplo, estudios de fallos de componentes provocados por corrientes que circulan a trav\u00e9s de los rodamientos.[\/vc_column_text]<div class=\"ult-spacer spacer-69dd091d0c840\" data-id=\"69dd091d0c840\" data-height=\"20\" data-height-mobile=\"20\" data-height-tab=\"20\" data-height-tab-portrait=\"\" data-height-mobile-landscape=\"\" style=\"clear:both;display:block;\"><\/div>[\/vc_column][vc_column width=\u00bb1\/2&#8243;]<div id=\"dfd-carousel-69dd091d0c8b6\" class=\"dfd-carousel-wrapper\"><div class=\"dfd-carousel-module-wrapper  dfd-carousel-horizontal dfd-arrows_aside2 dfdfillsquare dfd-arrows-style_4 dfd-arrows-enabled dfd-dots-enabled\" ><div class=\"dfd-carousel\">[vc_single_image image=\u00bb17191&#8243; img_size=\u00bbfull\u00bb alignment=\u00bbcenter\u00bb][vc_single_image image=\u00bb17538&#8243; img_size=\u00bbfull\u00bb alignment=\u00bbcenter\u00bb][vc_single_image image=\u00bb17190&#8243; img_size=\u00bbfull\u00bb alignment=\u00bbcenter\u00bb][vc_single_image image=\u00bb17539&#8243; img_size=\u00bbfull\u00bb alignment=\u00bbcenter\u00bb][vc_single_image image=\u00bb17193&#8243; img_size=\u00bbfull\u00bb alignment=\u00bbcenter\u00bb]<\/div><a href=\"#\" class=\"dfd-slider-control prev\" title=\"Previous slide\"><i class=\"dfd-added-font-icon-left-open2\"><\/i><\/a><a href=\"#\" class=\"dfd-slider-control next\" title=\"Next slide\"><i class=\"dfd-added-font-icon-right-open2\"><\/i><\/a><\/div>\t\t\t\t<script type=\"text\/javascript\">\r\n\t\t\t\t\t(function($) {\r\n\t\t\t\t\t\t\"use strict\";\r\n\t\t\t\t\t\tvar $carousel = $('#dfd-carousel-69dd091d0c8b6').find('.dfd-carousel');\r\n\t\t\t\t\t\t$(document).ready(function() {\r\n\t\t\t\t\t\t\tvar $initialized = ($('body').hasClass('page-template-tmp-side-by-side')) ? $carousel.not('.slick-initialized') : $carousel;\r\n\t\t\t\t\t\t\t\t\t\t\t\t\t\t$carousel.siblings('.dfd-slider-control.prev').click(function(e) {\r\n\t\t\t\t\t\t\t\te.preventDefault();\r\n\t\t\t\t\t\t\t\t$carousel.eq(0).slick('slickPrev');\r\n\t\t\t\t\t\t\t});\r\n\t\t\t\t\t\t\t$carousel.siblings('.dfd-slider-control.next').click(function(e) {\r\n\t\t\t\t\t\t\t\te.preventDefault();\r\n\t\t\t\t\t\t\t\t$carousel.eq(0).slick('slickNext');\r\n\t\t\t\t\t\t\t});\r\n\t\t\t\t\t\t\t$initialized.slick({arrows: false,dotsClass: 'dfd-slick-dots',slidesToScroll: 1,autoplay: true,autoplaySpeed: 5000,dots: true,customPaging: function(slider, i) {\r\n\t\t\t\t\t\t\t\t\treturn '<span data-role=\"none\" role=\"button\" aria-required=\"false\" tabindex=\"0\"><\/span>';\r\n\t\t\t\t\t\t\t\t},infinite: true,slidesToShow: 1,speed: 300,swipe: true,draggable: true,adaptiveHeight: true,responsive: [\r\n\t\t\t\t\t\t\t{\r\n\t\t\t\t\t\t\t\tbreakpoint: 1024,\r\n\t\t\t\t\t\t\t\tsettings: {\r\n\t\t\t\t\t\t\t\t\tslidesToShow: 1,\r\n\t\t\t\t\t\t\t\t\tslidesToScroll: 1,\r\n\t\t\t\t\t\t\t\t}\r\n\t\t\t\t\t\t\t},\r\n\t\t\t\t\t\t\t{\r\n\t\t\t\t\t\t\t\tbreakpoint: 800,\r\n\t\t\t\t\t\t\t\tsettings: {\r\n\t\t\t\t\t\t\t\t\tslidesToShow: 1,\r\n\t\t\t\t\t\t\t\t\tslidesToScroll: 1,\r\n\t\t\t\t\t\t\t\t}\r\n\t\t\t\t\t\t\t},\r\n\t\t\t\t\t\t\t{\r\n\t\t\t\t\t\t\t\tbreakpoint: 480,\r\n\t\t\t\t\t\t\t\tsettings: {\r\n\t\t\t\t\t\t\t\t\tslidesToShow: 1,\r\n\t\t\t\t\t\t\t\t\tslidesToScroll: 1,\r\n\t\t\t\t\t\t\t\t}\r\n\t\t\t\t\t\t\t},]});\r\n\t\t\t\t\t\t\t$(\"head\").append(\"<style>#dfd-carousel-69dd091d0c8b6 > .dfd-carousel-module-wrapper > .dfd-carousel > .slick-list > .slick-track > .dfd-item-wrap > .cover {padding: 10px;}#dfd-carousel-69dd091d0c8b6 {margin: -10px;}<\/style>\")\t\t\t\t\t\t});\r\n\t\t\t\t\t})(jQuery);\r\n\t\t\t\t<\/script>\r\n            <\/div>[\/vc_column][\/vc_row][vc_row][vc_column]<div class=\"ult-spacer spacer-69dd091d0c93e\" data-id=\"69dd091d0c93e\" data-height=\"60\" data-height-mobile=\"20\" data-height-tab=\"30\" data-height-tab-portrait=\"\" data-height-mobile-landscape=\"\" style=\"clear:both;display:block;\"><\/div>[\/vc_column][\/vc_row]<\/p>\n<\/div>","protected":false},"excerpt":{"rendered":"<p>[vc_row][vc_column][\/vc_column][\/vc_row][vc_row][vc_column][\/vc_column][\/vc_row][vc_row css=\u00bb.vc_custom_1504094682285{padding-top: 5% !important;padding-right: 5% !important;padding-bottom: 5% !important;padding-left: 5% !important;background-color: #f4f4f4 !important;}\u00bb][vc_column][vc_column_text] Ensayos de campo EMI radiada. Se centran en caracterizar los niveles de campos electromagn\u00e9ticos radiados emitidos desde el<\/p>\n","protected":false},"author":1,"featured_media":0,"parent":17826,"menu_order":0,"comment_status":"closed","ping_status":"closed","template":"tmp-page-right-sidebar.php","meta":{"_acf_changed":false,"footnotes":""},"class_list":["post-17744","page","type-page","status-publish","hentry"],"acf":[],"yoast_head":"<!-- This site is optimized with the Yoast SEO plugin v27.3 - https:\/\/yoast.com\/product\/yoast-seo-wordpress\/ -->\n<title>Ensayos de EMC para el Sector Ferroviario | CETEST<\/title>\n<meta name=\"description\" content=\"CETEST es especialista en ensayos de EMC para el sector ferroviario. Medimos y supervisamos emisiones electromagn\u00e9ticas conforme a las principales normas internacionales, como EN 50121, EN 50238, EN 50500 y EN 50592. Ensayos de campo para verificar los componentes o el veh\u00edculo para fines de I+D y de homologaci\u00f3n.\" \/>\n<meta name=\"robots\" content=\"index, follow, max-snippet:-1, max-image-preview:large, max-video-preview:-1\" \/>\n<link rel=\"canonical\" href=\"https:\/\/www.cetestgroup.com\/es\/ensayos-ferroviarios\/emc-y-consumo-de-energia\/emc-emi\/\" \/>\n<meta property=\"og:locale\" content=\"es_ES\" \/>\n<meta property=\"og:type\" content=\"article\" \/>\n<meta property=\"og:title\" content=\"Ensayos de EMC para el Sector Ferroviario | CETEST\" \/>\n<meta property=\"og:description\" content=\"CETEST es especialista en ensayos de EMC para el sector ferroviario. Medimos y supervisamos emisiones electromagn\u00e9ticas conforme a las principales normas internacionales, como EN 50121, EN 50238, EN 50500 y EN 50592. Ensayos de campo para verificar los componentes o el veh\u00edculo para fines de I+D y de homologaci\u00f3n.\" \/>\n<meta property=\"og:url\" content=\"https:\/\/www.cetestgroup.com\/es\/ensayos-ferroviarios\/emc-y-consumo-de-energia\/emc-emi\/\" \/>\n<meta property=\"og:site_name\" content=\"CETEST\" \/>\n<meta property=\"article:modified_time\" content=\"2023-05-16T10:02:46+00:00\" \/>\n<meta name=\"twitter:card\" content=\"summary_large_image\" \/>\n<meta name=\"twitter:label1\" content=\"Tiempo de lectura\" \/>\n\t<meta name=\"twitter:data1\" content=\"4 minutos\" \/>\n<script type=\"application\/ld+json\" class=\"yoast-schema-graph\">{\"@context\":\"https:\\\/\\\/schema.org\",\"@graph\":[{\"@type\":\"WebPage\",\"@id\":\"https:\\\/\\\/www.cetestgroup.com\\\/es\\\/ensayos-ferroviarios\\\/emc-y-consumo-de-energia\\\/emc-emi\\\/\",\"url\":\"https:\\\/\\\/www.cetestgroup.com\\\/es\\\/ensayos-ferroviarios\\\/emc-y-consumo-de-energia\\\/emc-emi\\\/\",\"name\":\"Ensayos de EMC para el Sector Ferroviario | CETEST\",\"isPartOf\":{\"@id\":\"https:\\\/\\\/www.cetestgroup.com\\\/es\\\/#website\"},\"datePublished\":\"2018-04-06T14:34:44+00:00\",\"dateModified\":\"2023-05-16T10:02:46+00:00\",\"description\":\"CETEST es especialista en ensayos de EMC para el sector ferroviario. Medimos y supervisamos emisiones electromagn\u00e9ticas conforme a las principales normas internacionales, como EN 50121, EN 50238, EN 50500 y EN 50592. Ensayos de campo para verificar los componentes o el veh\u00edculo para fines de I+D y de homologaci\u00f3n.\",\"breadcrumb\":{\"@id\":\"https:\\\/\\\/www.cetestgroup.com\\\/es\\\/ensayos-ferroviarios\\\/emc-y-consumo-de-energia\\\/emc-emi\\\/#breadcrumb\"},\"inLanguage\":\"es\",\"potentialAction\":[{\"@type\":\"ReadAction\",\"target\":[\"https:\\\/\\\/www.cetestgroup.com\\\/es\\\/ensayos-ferroviarios\\\/emc-y-consumo-de-energia\\\/emc-emi\\\/\"]}]},{\"@type\":\"BreadcrumbList\",\"@id\":\"https:\\\/\\\/www.cetestgroup.com\\\/es\\\/ensayos-ferroviarios\\\/emc-y-consumo-de-energia\\\/emc-emi\\\/#breadcrumb\",\"itemListElement\":[{\"@type\":\"ListItem\",\"position\":1,\"name\":\"Home\",\"item\":\"https:\\\/\\\/www.cetestgroup.com\\\/es\\\/\"},{\"@type\":\"ListItem\",\"position\":2,\"name\":\"Ensayos Ferroviarios\",\"item\":\"https:\\\/\\\/www.cetestgroup.com\\\/es\\\/ensayos-ferroviarios\\\/\"},{\"@type\":\"ListItem\",\"position\":3,\"name\":\"EMC y consumo de energ\u00eda\",\"item\":\"https:\\\/\\\/www.cetestgroup.com\\\/es\\\/ensayos-ferroviarios\\\/emc-y-consumo-de-energia\\\/\"},{\"@type\":\"ListItem\",\"position\":4,\"name\":\"EMC\\\/EMI\"}]},{\"@type\":\"WebSite\",\"@id\":\"https:\\\/\\\/www.cetestgroup.com\\\/es\\\/#website\",\"url\":\"https:\\\/\\\/www.cetestgroup.com\\\/es\\\/\",\"name\":\"CETEST\",\"description\":\"CETEST is a fully accredited independent test laboratory offering services for design verification, model validation, developmental testing and\\\/or answers to help you identify failure root causes. We carry out tests in our facilities as well as on site as required by customer needs.\",\"potentialAction\":[{\"@type\":\"SearchAction\",\"target\":{\"@type\":\"EntryPoint\",\"urlTemplate\":\"https:\\\/\\\/www.cetestgroup.com\\\/es\\\/?s={search_term_string}\"},\"query-input\":{\"@type\":\"PropertyValueSpecification\",\"valueRequired\":true,\"valueName\":\"search_term_string\"}}],\"inLanguage\":\"es\"}]}<\/script>\n<!-- \/ Yoast SEO plugin. -->","yoast_head_json":{"title":"Ensayos de EMC para el Sector Ferroviario | CETEST","description":"CETEST es especialista en ensayos de EMC para el sector ferroviario. Medimos y supervisamos emisiones electromagn\u00e9ticas conforme a las principales normas internacionales, como EN 50121, EN 50238, EN 50500 y EN 50592. Ensayos de campo para verificar los componentes o el veh\u00edculo para fines de I+D y de homologaci\u00f3n.","robots":{"index":"index","follow":"follow","max-snippet":"max-snippet:-1","max-image-preview":"max-image-preview:large","max-video-preview":"max-video-preview:-1"},"canonical":"https:\/\/www.cetestgroup.com\/es\/ensayos-ferroviarios\/emc-y-consumo-de-energia\/emc-emi\/","og_locale":"es_ES","og_type":"article","og_title":"Ensayos de EMC para el Sector Ferroviario | CETEST","og_description":"CETEST es especialista en ensayos de EMC para el sector ferroviario. Medimos y supervisamos emisiones electromagn\u00e9ticas conforme a las principales normas internacionales, como EN 50121, EN 50238, EN 50500 y EN 50592. Ensayos de campo para verificar los componentes o el veh\u00edculo para fines de I+D y de homologaci\u00f3n.","og_url":"https:\/\/www.cetestgroup.com\/es\/ensayos-ferroviarios\/emc-y-consumo-de-energia\/emc-emi\/","og_site_name":"CETEST","article_modified_time":"2023-05-16T10:02:46+00:00","twitter_card":"summary_large_image","twitter_misc":{"Tiempo de lectura":"4 minutos"},"schema":{"@context":"https:\/\/schema.org","@graph":[{"@type":"WebPage","@id":"https:\/\/www.cetestgroup.com\/es\/ensayos-ferroviarios\/emc-y-consumo-de-energia\/emc-emi\/","url":"https:\/\/www.cetestgroup.com\/es\/ensayos-ferroviarios\/emc-y-consumo-de-energia\/emc-emi\/","name":"Ensayos de EMC para el Sector Ferroviario | CETEST","isPartOf":{"@id":"https:\/\/www.cetestgroup.com\/es\/#website"},"datePublished":"2018-04-06T14:34:44+00:00","dateModified":"2023-05-16T10:02:46+00:00","description":"CETEST es especialista en ensayos de EMC para el sector ferroviario. Medimos y supervisamos emisiones electromagn\u00e9ticas conforme a las principales normas internacionales, como EN 50121, EN 50238, EN 50500 y EN 50592. Ensayos de campo para verificar los componentes o el veh\u00edculo para fines de I+D y de homologaci\u00f3n.","breadcrumb":{"@id":"https:\/\/www.cetestgroup.com\/es\/ensayos-ferroviarios\/emc-y-consumo-de-energia\/emc-emi\/#breadcrumb"},"inLanguage":"es","potentialAction":[{"@type":"ReadAction","target":["https:\/\/www.cetestgroup.com\/es\/ensayos-ferroviarios\/emc-y-consumo-de-energia\/emc-emi\/"]}]},{"@type":"BreadcrumbList","@id":"https:\/\/www.cetestgroup.com\/es\/ensayos-ferroviarios\/emc-y-consumo-de-energia\/emc-emi\/#breadcrumb","itemListElement":[{"@type":"ListItem","position":1,"name":"Home","item":"https:\/\/www.cetestgroup.com\/es\/"},{"@type":"ListItem","position":2,"name":"Ensayos Ferroviarios","item":"https:\/\/www.cetestgroup.com\/es\/ensayos-ferroviarios\/"},{"@type":"ListItem","position":3,"name":"EMC y consumo de energ\u00eda","item":"https:\/\/www.cetestgroup.com\/es\/ensayos-ferroviarios\/emc-y-consumo-de-energia\/"},{"@type":"ListItem","position":4,"name":"EMC\/EMI"}]},{"@type":"WebSite","@id":"https:\/\/www.cetestgroup.com\/es\/#website","url":"https:\/\/www.cetestgroup.com\/es\/","name":"CETEST","description":"CETEST is a fully accredited independent test laboratory offering services for design verification, model validation, developmental testing and\/or answers to help you identify failure root causes. We carry out tests in our facilities as well as on site as required by customer needs.","potentialAction":[{"@type":"SearchAction","target":{"@type":"EntryPoint","urlTemplate":"https:\/\/www.cetestgroup.com\/es\/?s={search_term_string}"},"query-input":{"@type":"PropertyValueSpecification","valueRequired":true,"valueName":"search_term_string"}}],"inLanguage":"es"}]}},"_links":{"self":[{"href":"https:\/\/www.cetestgroup.com\/es\/wp-json\/wp\/v2\/pages\/17744","targetHints":{"allow":["GET"]}}],"collection":[{"href":"https:\/\/www.cetestgroup.com\/es\/wp-json\/wp\/v2\/pages"}],"about":[{"href":"https:\/\/www.cetestgroup.com\/es\/wp-json\/wp\/v2\/types\/page"}],"author":[{"embeddable":true,"href":"https:\/\/www.cetestgroup.com\/es\/wp-json\/wp\/v2\/users\/1"}],"replies":[{"embeddable":true,"href":"https:\/\/www.cetestgroup.com\/es\/wp-json\/wp\/v2\/comments?post=17744"}],"version-history":[{"count":2,"href":"https:\/\/www.cetestgroup.com\/es\/wp-json\/wp\/v2\/pages\/17744\/revisions"}],"predecessor-version":[{"id":19915,"href":"https:\/\/www.cetestgroup.com\/es\/wp-json\/wp\/v2\/pages\/17744\/revisions\/19915"}],"up":[{"embeddable":true,"href":"https:\/\/www.cetestgroup.com\/es\/wp-json\/wp\/v2\/pages\/17826"}],"wp:attachment":[{"href":"https:\/\/www.cetestgroup.com\/es\/wp-json\/wp\/v2\/media?parent=17744"}],"curies":[{"name":"wp","href":"https:\/\/api.w.org\/{rel}","templated":true}]}}