{"id":17735,"date":"2018-04-06T14:57:50","date_gmt":"2018-04-06T13:57:50","guid":{"rendered":"https:\/\/www.cetestgroup.com\/?page_id=17735"},"modified":"2018-05-16T12:39:13","modified_gmt":"2018-05-16T11:39:13","slug":"ruedas-y-ejes","status":"publish","type":"page","link":"https:\/\/www.cetestgroup.com\/es\/ensayos-ferroviarios\/elementos-y-componentes-rotativos\/ruedas-y-ejes\/","title":{"rendered":"Ruedas y Ejes"},"content":{"rendered":"<div class=\"wpb-content-wrapper\"><p>[vc_row][vc_column]<div class=\"ult-spacer spacer-69dccfcfa6646\" data-id=\"69dccfcfa6646\" data-height=\"30\" data-height-mobile=\"20\" data-height-tab=\"20\" data-height-tab-portrait=\"\" data-height-mobile-landscape=\"\" style=\"clear:both;display:block;\"><\/div><div class=\"dfd-heading-shortcode\"><div class=\"dfd-heading-module-wrap  text-center style_01 dfd-heading-69dccfcfa6746 dfd-disable-resposive-headings\" id=\"dfd-heading-69dccfcfa6746\" ><div class=\"inline-block\"><div class=\"dfd-heading-module\"><h6 class=\"widget-title dfd-title \" style=\"font-family:PT Sans Narrow; font-weight:400; font-style:normal; font-size: 20px; color: #25bdd5 !important; line-height: 25px; \"><\/p>\n<p>El laboratorio de ensayos de CETEST est\u00e1 acreditado para llevar a cabo ensayos de homologaci\u00f3n de fatiga y resistencia sobre ruedas y ejes, conforme a EN 13260, EN 13261, EN 13262 e ISO 1143.<\/p>\n<p><\/h6><div class=\"dfd-heading-delimiter\"><\/div><\/div><\/div><\/div><script type=\"text\/javascript\">\r\n\t\t\t\t\t\t\t\t\t(function($) {\r\n\t\t\t\t\t\t\t\t\t\t$(\"head\").append(\"<style>.dfd-heading-69dccfcfa6746.dfd-heading-module-wrap .dfd-heading-module .dfd-heading-delimiter {border-bottom-style:solid;border-bottom-width:1px;width:100px;border-bottom-color:#dddddd;}.dfd-heading-69dccfcfa6746.dfd-heading-module-wrap .dfd-heading-module .dfd-heading-delimiter {margin-top:20px;margin-bottom:20px;}<\/style>\");\r\n\t\t\t\t\t\t\t\t\t})(jQuery);\r\n\t\t\t\t\t\t\t\t<\/script><\/div><div class=\"ult-spacer spacer-69dccfcfa686e\" data-id=\"69dccfcfa686e\" data-height=\"30\" data-height-mobile=\"20\" data-height-tab=\"20\" data-height-tab-portrait=\"\" data-height-mobile-landscape=\"\" style=\"clear:both;display:block;\"><\/div>[vc_row_inner][vc_column_inner]<div id=\"dfd-carousel-69dccfcfa6943\" class=\"dfd-carousel-wrapper\"><div class=\"dfd-carousel-module-wrapper  dfd-carousel-horizontal dfd-arrows_aside2 dfdfillsquare dfd-arrows-style_4 dfd-arrows-enabled dfd-dots-enabled\" ><div class=\"dfd-carousel\">[vc_single_image image=\u00bb15694&#8243; img_size=\u00bbfull\u00bb alignment=\u00bbcenter\u00bb][vc_single_image image=\u00bb15700&#8243; img_size=\u00bbfull\u00bb alignment=\u00bbcenter\u00bb][vc_single_image image=\u00bb15701&#8243; img_size=\u00bbfull\u00bb alignment=\u00bbcenter\u00bb]<\/div><a href=\"#\" class=\"dfd-slider-control prev\" title=\"Previous slide\"><i class=\"dfd-added-font-icon-left-open2\"><\/i><\/a><a href=\"#\" class=\"dfd-slider-control next\" title=\"Next slide\"><i class=\"dfd-added-font-icon-right-open2\"><\/i><\/a><\/div>\t\t\t\t<script type=\"text\/javascript\">\r\n\t\t\t\t\t(function($) {\r\n\t\t\t\t\t\t\"use strict\";\r\n\t\t\t\t\t\tvar $carousel = $('#dfd-carousel-69dccfcfa6943').find('.dfd-carousel');\r\n\t\t\t\t\t\t$(document).ready(function() {\r\n\t\t\t\t\t\t\tvar $initialized = ($('body').hasClass('page-template-tmp-side-by-side')) ? $carousel.not('.slick-initialized') : $carousel;\r\n\t\t\t\t\t\t\t\t\t\t\t\t\t\t$carousel.siblings('.dfd-slider-control.prev').click(function(e) {\r\n\t\t\t\t\t\t\t\te.preventDefault();\r\n\t\t\t\t\t\t\t\t$carousel.eq(0).slick('slickPrev');\r\n\t\t\t\t\t\t\t});\r\n\t\t\t\t\t\t\t$carousel.siblings('.dfd-slider-control.next').click(function(e) {\r\n\t\t\t\t\t\t\t\te.preventDefault();\r\n\t\t\t\t\t\t\t\t$carousel.eq(0).slick('slickNext');\r\n\t\t\t\t\t\t\t});\r\n\t\t\t\t\t\t\t$initialized.slick({arrows: false,dotsClass: 'dfd-slick-dots',slidesToScroll: 1,autoplay: true,autoplaySpeed: 5000,dots: true,customPaging: function(slider, i) {\r\n\t\t\t\t\t\t\t\t\treturn '<span data-role=\"none\" role=\"button\" aria-required=\"false\" tabindex=\"0\"><\/span>';\r\n\t\t\t\t\t\t\t\t},infinite: true,slidesToShow: 1,speed: 300,swipe: true,draggable: true,adaptiveHeight: true,responsive: [\r\n\t\t\t\t\t\t\t{\r\n\t\t\t\t\t\t\t\tbreakpoint: 1024,\r\n\t\t\t\t\t\t\t\tsettings: {\r\n\t\t\t\t\t\t\t\t\tslidesToShow: 1,\r\n\t\t\t\t\t\t\t\t\tslidesToScroll: 1,\r\n\t\t\t\t\t\t\t\t}\r\n\t\t\t\t\t\t\t},\r\n\t\t\t\t\t\t\t{\r\n\t\t\t\t\t\t\t\tbreakpoint: 800,\r\n\t\t\t\t\t\t\t\tsettings: {\r\n\t\t\t\t\t\t\t\t\tslidesToShow: 1,\r\n\t\t\t\t\t\t\t\t\tslidesToScroll: 1,\r\n\t\t\t\t\t\t\t\t}\r\n\t\t\t\t\t\t\t},\r\n\t\t\t\t\t\t\t{\r\n\t\t\t\t\t\t\t\tbreakpoint: 480,\r\n\t\t\t\t\t\t\t\tsettings: {\r\n\t\t\t\t\t\t\t\t\tslidesToShow: 1,\r\n\t\t\t\t\t\t\t\t\tslidesToScroll: 1,\r\n\t\t\t\t\t\t\t\t}\r\n\t\t\t\t\t\t\t},]});\r\n\t\t\t\t\t\t\t$(\"head\").append(\"<style>#dfd-carousel-69dccfcfa6943 > .dfd-carousel-module-wrapper > .dfd-carousel > .slick-list > .slick-track > .dfd-item-wrap > .cover {padding: 10px;}#dfd-carousel-69dccfcfa6943 {margin: -10px;}<\/style>\")\t\t\t\t\t\t});\r\n\t\t\t\t\t})(jQuery);\r\n\t\t\t\t<\/script>\r\n            <\/div><div class=\"ult-spacer spacer-69dccfcfa6a22\" data-id=\"69dccfcfa6a22\" data-height=\"30\" data-height-mobile=\"20\" data-height-tab=\"20\" data-height-tab-portrait=\"\" data-height-mobile-landscape=\"\" style=\"clear:both;display:block;\"><\/div>[\/vc_column_inner][\/vc_row_inner][vc_row_inner][vc_column_inner width=\u00bb1\/2&#8243;]<div class=\"ult-spacer spacer-69dccfcfa6a7d\" data-id=\"69dccfcfa6a7d\" data-height=\"20\" data-height-mobile=\"10\" data-height-tab=\"20\" data-height-tab-portrait=\"\" data-height-mobile-landscape=\"\" style=\"clear:both;display:block;\"><\/div>[vc_column_text]CETEST dispone de un banco especial destinado a los ensayos de ruedas y ejes. Se trata de ensayos pasa\/no pasa en los que se introduce una carga c\u00edclica conforme a la norma. Si aparece alguna fisura durante el ensayo, se considera que la pieza de ensayo no cumple. El ensayo en su totalidad est\u00e1 controlado autom\u00e1ticamente.<\/p>\n<p>Adem\u00e1s del cumplimiento de la norma, tambi\u00e9n ayudamos a nuestros clientes a verificar los l\u00edmites reales de dise\u00f1o sometiendo a las muestras a ensayos en condiciones excepcionales.<\/p>\n<p>De igual modo, CETEST lleva a cabo ensayos de homologaci\u00f3n de ruedas el\u00e1sticas, utilizadas normalmente en trenes ligeros y tranv\u00edas. La serie de ensayos puede incluir:<\/p>\n<ul>\n<li>Ensayos est\u00e1ticos con cargas de servicio y excepcionales.<\/li>\n<li>Evaluaci\u00f3n de la rigidez del conjunto (incluida la pieza de goma).<\/li>\n<li>Ensayos de fatiga.<\/li>\n<\/ul>\n<p>CETEST tambi\u00e9n puede ayudar al cliente a definir las cargas de ensayo. Si es preciso, estamos capacitados para realizar una evaluaci\u00f3n en v\u00eda para medir las fuerzas reales rueda-carril que se utilizar\u00e1n despu\u00e9s como datos de entrada para el ensayo.[\/vc_column_text]<div class=\"ult-spacer spacer-69dccfcfa6abc\" data-id=\"69dccfcfa6abc\" data-height=\"30\" data-height-mobile=\"30\" data-height-tab=\"30\" data-height-tab-portrait=\"\" data-height-mobile-landscape=\"\" style=\"clear:both;display:block;\"><\/div>[\/vc_column_inner][vc_column_inner width=\u00bb1\/2&#8243; css=\u00bb.vc_custom_1501153082267{padding-right: 5% !important;padding-left: 5% !important;}\u00bb][vc_single_image image=\u00bb15691&#8243; img_size=\u00bbfull\u00bb alignment=\u00bbcenter\u00bb]<div id=\"dfd-announce-69dccfcfa6b05-2997\" class=\"dfd-announce-module-wrap align-left no_full_bg_class  style-3 layout-1\" ><div class=\"dfd-announce-module\"><div class=\"module-icon\" ><i class = \"dfd-icon-train_1\"><\/i><\/div><div class=\"module-text\" style=\"font-family:PT Sans; font-weight:400; font-style:normal; font-size: 18px; color: #25bdd5 !important; line-height: 22px; font-weight:bold; \">Tambi\u00e9n ayudamos a nuestros clientes a verificar los l\u00edmites reales de dise\u00f1o sometiendo a las muestras a ensayos en condiciones excepcionales.<\/div><\/div><\/div>[\/vc_column_inner][\/vc_row_inner]<div class=\"ult-spacer spacer-69dccfcfa6b7a\" data-id=\"69dccfcfa6b7a\" data-height=\"60\" data-height-mobile=\"20\" data-height-tab=\"30\" data-height-tab-portrait=\"\" data-height-mobile-landscape=\"\" style=\"clear:both;display:block;\"><\/div>[\/vc_column][\/vc_row]<\/p>\n<\/div>","protected":false},"excerpt":{"rendered":"<p>[vc_row][vc_column][vc_row_inner][vc_column_inner][\/vc_column_inner][\/vc_row_inner][vc_row_inner][vc_column_inner width=\u00bb1\/2&#8243;][vc_column_text]CETEST dispone de un banco especial destinado a los ensayos de ruedas y ejes. Se trata de ensayos pasa\/no pasa en los que se introduce una carga c\u00edclica conforme<\/p>\n","protected":false},"author":1,"featured_media":0,"parent":17804,"menu_order":0,"comment_status":"closed","ping_status":"closed","template":"tmp-page-right-sidebar.php","meta":{"_acf_changed":false,"footnotes":""},"class_list":["post-17735","page","type-page","status-publish","hentry"],"acf":[],"yoast_head":"<!-- This site is optimized with the Yoast SEO plugin v27.3 - https:\/\/yoast.com\/product\/yoast-seo-wordpress\/ -->\n<title>Ensayos de Fatiga y Resistencia sobre Ruedas y Ejes | CETEST<\/title>\n<meta name=\"description\" content=\"El laboratorio de ensayos de CETEST est\u00e1 acreditado para llevar a cabo ensayos de homologaci\u00f3n de fatiga y resistencia sobre ruedas y ejes, conforme a EN 13260, EN 13261, EN 13262 e ISO 1143. Adem\u00e1s del cumplimiento de la norma, tambi\u00e9n ayudamos a nuestros clientes a verificar los l\u00edmites reales de dise\u00f1o con ensayos en condiciones excepcionales.\" \/>\n<meta name=\"robots\" content=\"index, follow, max-snippet:-1, max-image-preview:large, max-video-preview:-1\" \/>\n<link rel=\"canonical\" href=\"https:\/\/www.cetestgroup.com\/es\/ensayos-ferroviarios\/elementos-y-componentes-rotativos\/ruedas-y-ejes\/\" \/>\n<meta property=\"og:locale\" content=\"es_ES\" \/>\n<meta property=\"og:type\" content=\"article\" \/>\n<meta property=\"og:title\" content=\"Ensayos de Fatiga y Resistencia sobre Ruedas y Ejes | CETEST\" \/>\n<meta property=\"og:description\" content=\"El laboratorio de ensayos de CETEST est\u00e1 acreditado para llevar a cabo ensayos de homologaci\u00f3n de fatiga y resistencia sobre ruedas y ejes, conforme a EN 13260, EN 13261, EN 13262 e ISO 1143. Adem\u00e1s del cumplimiento de la norma, tambi\u00e9n ayudamos a nuestros clientes a verificar los l\u00edmites reales de dise\u00f1o con ensayos en condiciones excepcionales.\" \/>\n<meta property=\"og:url\" content=\"https:\/\/www.cetestgroup.com\/es\/ensayos-ferroviarios\/elementos-y-componentes-rotativos\/ruedas-y-ejes\/\" \/>\n<meta property=\"og:site_name\" content=\"CETEST\" \/>\n<meta property=\"article:modified_time\" content=\"2018-05-16T11:39:13+00:00\" \/>\n<meta name=\"twitter:card\" content=\"summary_large_image\" \/>\n<meta name=\"twitter:label1\" content=\"Tiempo de lectura\" \/>\n\t<meta name=\"twitter:data1\" content=\"3 minutos\" \/>\n<script type=\"application\/ld+json\" class=\"yoast-schema-graph\">{\"@context\":\"https:\\\/\\\/schema.org\",\"@graph\":[{\"@type\":\"WebPage\",\"@id\":\"https:\\\/\\\/www.cetestgroup.com\\\/es\\\/ensayos-ferroviarios\\\/elementos-y-componentes-rotativos\\\/ruedas-y-ejes\\\/\",\"url\":\"https:\\\/\\\/www.cetestgroup.com\\\/es\\\/ensayos-ferroviarios\\\/elementos-y-componentes-rotativos\\\/ruedas-y-ejes\\\/\",\"name\":\"Ensayos de Fatiga y Resistencia sobre Ruedas y Ejes | CETEST\",\"isPartOf\":{\"@id\":\"https:\\\/\\\/www.cetestgroup.com\\\/es\\\/#website\"},\"datePublished\":\"2018-04-06T13:57:50+00:00\",\"dateModified\":\"2018-05-16T11:39:13+00:00\",\"description\":\"El laboratorio de ensayos de CETEST est\u00e1 acreditado para llevar a cabo ensayos de homologaci\u00f3n de fatiga y resistencia sobre ruedas y ejes, conforme a EN 13260, EN 13261, EN 13262 e ISO 1143. Adem\u00e1s del cumplimiento de la norma, tambi\u00e9n ayudamos a nuestros clientes a verificar los l\u00edmites reales de dise\u00f1o con ensayos en condiciones excepcionales.\",\"breadcrumb\":{\"@id\":\"https:\\\/\\\/www.cetestgroup.com\\\/es\\\/ensayos-ferroviarios\\\/elementos-y-componentes-rotativos\\\/ruedas-y-ejes\\\/#breadcrumb\"},\"inLanguage\":\"es\",\"potentialAction\":[{\"@type\":\"ReadAction\",\"target\":[\"https:\\\/\\\/www.cetestgroup.com\\\/es\\\/ensayos-ferroviarios\\\/elementos-y-componentes-rotativos\\\/ruedas-y-ejes\\\/\"]}]},{\"@type\":\"BreadcrumbList\",\"@id\":\"https:\\\/\\\/www.cetestgroup.com\\\/es\\\/ensayos-ferroviarios\\\/elementos-y-componentes-rotativos\\\/ruedas-y-ejes\\\/#breadcrumb\",\"itemListElement\":[{\"@type\":\"ListItem\",\"position\":1,\"name\":\"Home\",\"item\":\"https:\\\/\\\/www.cetestgroup.com\\\/es\\\/\"},{\"@type\":\"ListItem\",\"position\":2,\"name\":\"Ensayos Ferroviarios\",\"item\":\"https:\\\/\\\/www.cetestgroup.com\\\/es\\\/ensayos-ferroviarios\\\/\"},{\"@type\":\"ListItem\",\"position\":3,\"name\":\"Elementos y Componentes Rotativos\",\"item\":\"https:\\\/\\\/www.cetestgroup.com\\\/es\\\/ensayos-ferroviarios\\\/elementos-y-componentes-rotativos\\\/\"},{\"@type\":\"ListItem\",\"position\":4,\"name\":\"Ruedas y Ejes\"}]},{\"@type\":\"WebSite\",\"@id\":\"https:\\\/\\\/www.cetestgroup.com\\\/es\\\/#website\",\"url\":\"https:\\\/\\\/www.cetestgroup.com\\\/es\\\/\",\"name\":\"CETEST\",\"description\":\"CETEST is a fully accredited independent test laboratory offering services for design verification, model validation, developmental testing and\\\/or answers to help you identify failure root causes. We carry out tests in our facilities as well as on site as required by customer needs.\",\"potentialAction\":[{\"@type\":\"SearchAction\",\"target\":{\"@type\":\"EntryPoint\",\"urlTemplate\":\"https:\\\/\\\/www.cetestgroup.com\\\/es\\\/?s={search_term_string}\"},\"query-input\":{\"@type\":\"PropertyValueSpecification\",\"valueRequired\":true,\"valueName\":\"search_term_string\"}}],\"inLanguage\":\"es\"}]}<\/script>\n<!-- \/ Yoast SEO plugin. -->","yoast_head_json":{"title":"Ensayos de Fatiga y Resistencia sobre Ruedas y Ejes | CETEST","description":"El laboratorio de ensayos de CETEST est\u00e1 acreditado para llevar a cabo ensayos de homologaci\u00f3n de fatiga y resistencia sobre ruedas y ejes, conforme a EN 13260, EN 13261, EN 13262 e ISO 1143. Adem\u00e1s del cumplimiento de la norma, tambi\u00e9n ayudamos a nuestros clientes a verificar los l\u00edmites reales de dise\u00f1o con ensayos en condiciones excepcionales.","robots":{"index":"index","follow":"follow","max-snippet":"max-snippet:-1","max-image-preview":"max-image-preview:large","max-video-preview":"max-video-preview:-1"},"canonical":"https:\/\/www.cetestgroup.com\/es\/ensayos-ferroviarios\/elementos-y-componentes-rotativos\/ruedas-y-ejes\/","og_locale":"es_ES","og_type":"article","og_title":"Ensayos de Fatiga y Resistencia sobre Ruedas y Ejes | CETEST","og_description":"El laboratorio de ensayos de CETEST est\u00e1 acreditado para llevar a cabo ensayos de homologaci\u00f3n de fatiga y resistencia sobre ruedas y ejes, conforme a EN 13260, EN 13261, EN 13262 e ISO 1143. Adem\u00e1s del cumplimiento de la norma, tambi\u00e9n ayudamos a nuestros clientes a verificar los l\u00edmites reales de dise\u00f1o con ensayos en condiciones excepcionales.","og_url":"https:\/\/www.cetestgroup.com\/es\/ensayos-ferroviarios\/elementos-y-componentes-rotativos\/ruedas-y-ejes\/","og_site_name":"CETEST","article_modified_time":"2018-05-16T11:39:13+00:00","twitter_card":"summary_large_image","twitter_misc":{"Tiempo de lectura":"3 minutos"},"schema":{"@context":"https:\/\/schema.org","@graph":[{"@type":"WebPage","@id":"https:\/\/www.cetestgroup.com\/es\/ensayos-ferroviarios\/elementos-y-componentes-rotativos\/ruedas-y-ejes\/","url":"https:\/\/www.cetestgroup.com\/es\/ensayos-ferroviarios\/elementos-y-componentes-rotativos\/ruedas-y-ejes\/","name":"Ensayos de Fatiga y Resistencia sobre Ruedas y Ejes | CETEST","isPartOf":{"@id":"https:\/\/www.cetestgroup.com\/es\/#website"},"datePublished":"2018-04-06T13:57:50+00:00","dateModified":"2018-05-16T11:39:13+00:00","description":"El laboratorio de ensayos de CETEST est\u00e1 acreditado para llevar a cabo ensayos de homologaci\u00f3n de fatiga y resistencia sobre ruedas y ejes, conforme a EN 13260, EN 13261, EN 13262 e ISO 1143. Adem\u00e1s del cumplimiento de la norma, tambi\u00e9n ayudamos a nuestros clientes a verificar los l\u00edmites reales de dise\u00f1o con ensayos en condiciones excepcionales.","breadcrumb":{"@id":"https:\/\/www.cetestgroup.com\/es\/ensayos-ferroviarios\/elementos-y-componentes-rotativos\/ruedas-y-ejes\/#breadcrumb"},"inLanguage":"es","potentialAction":[{"@type":"ReadAction","target":["https:\/\/www.cetestgroup.com\/es\/ensayos-ferroviarios\/elementos-y-componentes-rotativos\/ruedas-y-ejes\/"]}]},{"@type":"BreadcrumbList","@id":"https:\/\/www.cetestgroup.com\/es\/ensayos-ferroviarios\/elementos-y-componentes-rotativos\/ruedas-y-ejes\/#breadcrumb","itemListElement":[{"@type":"ListItem","position":1,"name":"Home","item":"https:\/\/www.cetestgroup.com\/es\/"},{"@type":"ListItem","position":2,"name":"Ensayos Ferroviarios","item":"https:\/\/www.cetestgroup.com\/es\/ensayos-ferroviarios\/"},{"@type":"ListItem","position":3,"name":"Elementos y Componentes Rotativos","item":"https:\/\/www.cetestgroup.com\/es\/ensayos-ferroviarios\/elementos-y-componentes-rotativos\/"},{"@type":"ListItem","position":4,"name":"Ruedas y Ejes"}]},{"@type":"WebSite","@id":"https:\/\/www.cetestgroup.com\/es\/#website","url":"https:\/\/www.cetestgroup.com\/es\/","name":"CETEST","description":"CETEST is a fully accredited independent test laboratory offering services for design verification, model validation, developmental testing and\/or answers to help you identify failure root causes. We carry out tests in our facilities as well as on site as required by customer needs.","potentialAction":[{"@type":"SearchAction","target":{"@type":"EntryPoint","urlTemplate":"https:\/\/www.cetestgroup.com\/es\/?s={search_term_string}"},"query-input":{"@type":"PropertyValueSpecification","valueRequired":true,"valueName":"search_term_string"}}],"inLanguage":"es"}]}},"_links":{"self":[{"href":"https:\/\/www.cetestgroup.com\/es\/wp-json\/wp\/v2\/pages\/17735","targetHints":{"allow":["GET"]}}],"collection":[{"href":"https:\/\/www.cetestgroup.com\/es\/wp-json\/wp\/v2\/pages"}],"about":[{"href":"https:\/\/www.cetestgroup.com\/es\/wp-json\/wp\/v2\/types\/page"}],"author":[{"embeddable":true,"href":"https:\/\/www.cetestgroup.com\/es\/wp-json\/wp\/v2\/users\/1"}],"replies":[{"embeddable":true,"href":"https:\/\/www.cetestgroup.com\/es\/wp-json\/wp\/v2\/comments?post=17735"}],"version-history":[{"count":3,"href":"https:\/\/www.cetestgroup.com\/es\/wp-json\/wp\/v2\/pages\/17735\/revisions"}],"predecessor-version":[{"id":17739,"href":"https:\/\/www.cetestgroup.com\/es\/wp-json\/wp\/v2\/pages\/17735\/revisions\/17739"}],"up":[{"embeddable":true,"href":"https:\/\/www.cetestgroup.com\/es\/wp-json\/wp\/v2\/pages\/17804"}],"wp:attachment":[{"href":"https:\/\/www.cetestgroup.com\/es\/wp-json\/wp\/v2\/media?parent=17735"}],"curies":[{"name":"wp","href":"https:\/\/api.w.org\/{rel}","templated":true}]}}