{"id":17729,"date":"2018-04-06T14:40:23","date_gmt":"2018-04-06T13:40:23","guid":{"rendered":"https:\/\/www.cetestgroup.com\/?page_id=17729"},"modified":"2022-12-14T14:13:10","modified_gmt":"2022-12-14T14:13:10","slug":"ensayo-de-monitorizacion-estructural-en-via","status":"publish","type":"page","link":"https:\/\/www.cetestgroup.com\/es\/ensayos-ferroviarios\/ensayos-especiales-en-via\/ensayo-de-monitorizacion-estructural-en-via\/","title":{"rendered":"Ensayo de Monitorizaci\u00f3n Estructural en V\u00eda"},"content":{"rendered":"<div class=\"wpb-content-wrapper\"><p>[vc_row][vc_column]<div class=\"ult-spacer spacer-69dca19d08015\" data-id=\"69dca19d08015\" data-height=\"30\" data-height-mobile=\"20\" data-height-tab=\"20\" data-height-tab-portrait=\"\" data-height-mobile-landscape=\"\" style=\"clear:both;display:block;\"><\/div><div class=\"dfd-heading-shortcode\"><div class=\"dfd-heading-module-wrap  text-center style_01 dfd-heading-69dca19d080b8 dfd-disable-resposive-headings\" id=\"dfd-heading-69dca19d080b8\" ><div class=\"inline-block\"><div class=\"dfd-heading-module\"><h6 class=\"widget-title dfd-title \" style=\"font-family:PT Sans Narrow; font-weight:400; font-style:normal; font-size: 20px; color: #25bdd5 !important; line-height: 25px; \">CETEST es especialista en ensayos con galgas extensiom\u00e9tricas en v\u00eda para determinar niveles de tensi\u00f3n en distintos componentes (bogies, estructuras de caja o elementos espec\u00edficos) durante el servicio. Esto aporta informaci\u00f3n que complementa los ensayos est\u00e1ticos y que es sumamente valiosa para el an\u00e1lisis de los fallos por fatiga y\/o para una homologaci\u00f3n simplificada por modificaciones menores en la caja durante la vida \u00fatil del veh\u00edculo.<\/h6><div class=\"dfd-heading-delimiter\"><\/div><\/div><\/div><\/div><script type=\"text\/javascript\">\r\n\t\t\t\t\t\t\t\t\t(function($) {\r\n\t\t\t\t\t\t\t\t\t\t$(\"head\").append(\"<style>.dfd-heading-69dca19d080b8.dfd-heading-module-wrap .dfd-heading-module .dfd-heading-delimiter {border-bottom-style:solid;border-bottom-width:1px;width:100px;border-bottom-color:#dddddd;}.dfd-heading-69dca19d080b8.dfd-heading-module-wrap .dfd-heading-module .dfd-heading-delimiter {margin-top:20px;margin-bottom:20px;}<\/style>\");\r\n\t\t\t\t\t\t\t\t\t})(jQuery);\r\n\t\t\t\t\t\t\t\t<\/script><\/div><div class=\"ult-spacer spacer-69dca19d081c0\" data-id=\"69dca19d081c0\" data-height=\"30\" data-height-mobile=\"20\" data-height-tab=\"20\" data-height-tab-portrait=\"\" data-height-mobile-landscape=\"\" style=\"clear:both;display:block;\"><\/div>[vc_row_inner][vc_column_inner]<div id=\"dfd-carousel-69dca19d08246\" class=\"dfd-carousel-wrapper\"><div class=\"dfd-carousel-module-wrapper  dfd-carousel-horizontal dfd-arrows_aside2 dfdfillsquare dfd-arrows-style_4 dfd-arrows-enabled dfd-dots-enabled\" ><div class=\"dfd-carousel\">[vc_single_image image=\u00bb17528&#8243; img_size=\u00bbfull\u00bb alignment=\u00bbcenter\u00bb][vc_single_image image=\u00bb17529&#8243; img_size=\u00bbfull\u00bb alignment=\u00bbcenter\u00bb][vc_single_image image=\u00bb17530&#8243; img_size=\u00bbfull\u00bb alignment=\u00bbcenter\u00bb]<\/div><a href=\"#\" class=\"dfd-slider-control prev\" title=\"Previous slide\"><i class=\"dfd-added-font-icon-left-open2\"><\/i><\/a><a href=\"#\" class=\"dfd-slider-control next\" title=\"Next slide\"><i class=\"dfd-added-font-icon-right-open2\"><\/i><\/a><\/div>\t\t\t\t<script type=\"text\/javascript\">\r\n\t\t\t\t\t(function($) {\r\n\t\t\t\t\t\t\"use strict\";\r\n\t\t\t\t\t\tvar $carousel = $('#dfd-carousel-69dca19d08246').find('.dfd-carousel');\r\n\t\t\t\t\t\t$(document).ready(function() {\r\n\t\t\t\t\t\t\tvar $initialized = ($('body').hasClass('page-template-tmp-side-by-side')) ? $carousel.not('.slick-initialized') : $carousel;\r\n\t\t\t\t\t\t\t\t\t\t\t\t\t\t$carousel.siblings('.dfd-slider-control.prev').click(function(e) {\r\n\t\t\t\t\t\t\t\te.preventDefault();\r\n\t\t\t\t\t\t\t\t$carousel.eq(0).slick('slickPrev');\r\n\t\t\t\t\t\t\t});\r\n\t\t\t\t\t\t\t$carousel.siblings('.dfd-slider-control.next').click(function(e) {\r\n\t\t\t\t\t\t\t\te.preventDefault();\r\n\t\t\t\t\t\t\t\t$carousel.eq(0).slick('slickNext');\r\n\t\t\t\t\t\t\t});\r\n\t\t\t\t\t\t\t$initialized.slick({arrows: false,dotsClass: 'dfd-slick-dots',slidesToScroll: 1,autoplay: true,autoplaySpeed: 5000,dots: true,customPaging: function(slider, i) {\r\n\t\t\t\t\t\t\t\t\treturn '<span data-role=\"none\" role=\"button\" aria-required=\"false\" tabindex=\"0\"><\/span>';\r\n\t\t\t\t\t\t\t\t},infinite: true,slidesToShow: 1,speed: 300,swipe: true,draggable: true,adaptiveHeight: true,responsive: [\r\n\t\t\t\t\t\t\t{\r\n\t\t\t\t\t\t\t\tbreakpoint: 1024,\r\n\t\t\t\t\t\t\t\tsettings: {\r\n\t\t\t\t\t\t\t\t\tslidesToShow: 1,\r\n\t\t\t\t\t\t\t\t\tslidesToScroll: 1,\r\n\t\t\t\t\t\t\t\t}\r\n\t\t\t\t\t\t\t},\r\n\t\t\t\t\t\t\t{\r\n\t\t\t\t\t\t\t\tbreakpoint: 800,\r\n\t\t\t\t\t\t\t\tsettings: {\r\n\t\t\t\t\t\t\t\t\tslidesToShow: 1,\r\n\t\t\t\t\t\t\t\t\tslidesToScroll: 1,\r\n\t\t\t\t\t\t\t\t}\r\n\t\t\t\t\t\t\t},\r\n\t\t\t\t\t\t\t{\r\n\t\t\t\t\t\t\t\tbreakpoint: 480,\r\n\t\t\t\t\t\t\t\tsettings: {\r\n\t\t\t\t\t\t\t\t\tslidesToShow: 1,\r\n\t\t\t\t\t\t\t\t\tslidesToScroll: 1,\r\n\t\t\t\t\t\t\t\t}\r\n\t\t\t\t\t\t\t},]});\r\n\t\t\t\t\t\t\t$(\"head\").append(\"<style>#dfd-carousel-69dca19d08246 > .dfd-carousel-module-wrapper > .dfd-carousel > .slick-list > .slick-track > .dfd-item-wrap > .cover {padding: 10px;}#dfd-carousel-69dca19d08246 {margin: -10px;}<\/style>\")\t\t\t\t\t\t});\r\n\t\t\t\t\t})(jQuery);\r\n\t\t\t\t<\/script>\r\n            <\/div><div class=\"ult-spacer spacer-69dca19d082e8\" data-id=\"69dca19d082e8\" data-height=\"30\" data-height-mobile=\"20\" data-height-tab=\"20\" data-height-tab-portrait=\"\" data-height-mobile-landscape=\"\" style=\"clear:both;display:block;\"><\/div>[\/vc_column_inner][\/vc_row_inner][vc_row_inner][vc_column_inner][vc_column_text]CETEST mide los niveles de tensi\u00f3n en v\u00eda para determinar, mediante extrapolaci\u00f3n, las tensiones que sufrir\u00e1 la pieza durante su vida \u00fatil. Este c\u00e1lculo de tensiones se utiliza para estimar el riesgo de fallo por fatiga a trav\u00e9s del m\u00e9todo del da\u00f1o acumulado, tambi\u00e9n conocido como la regla de Miner y Goodman. Este c\u00e1lculo se basa en la comparaci\u00f3n de los niveles de tensi\u00f3n medidos contra una curva S-N (en cumplimiento de las normas EN 1999-1-3, EN 1993-1-9 y ERRI B12\/RP60).[\/vc_column_text][\/vc_column_inner][\/vc_row_inner]<div class=\"ult-spacer spacer-69dca19d08312\" data-id=\"69dca19d08312\" data-height=\"30\" data-height-mobile=\"20\" data-height-tab=\"20\" data-height-tab-portrait=\"\" data-height-mobile-landscape=\"\" style=\"clear:both;display:block;\"><\/div>[vc_row_inner][vc_column_inner width=\u00bb1\/2&#8243;]<div class=\"ult-spacer spacer-69dca19d0834c\" data-id=\"69dca19d0834c\" data-height=\"20\" data-height-mobile=\"20\" data-height-tab=\"20\" data-height-tab-portrait=\"\" data-height-mobile-landscape=\"\" style=\"clear:both;display:block;\"><\/div>[vc_column_text]Los an\u00e1lisis de fatiga en v\u00eda aportan informaci\u00f3n que complementa los datos obtenidos durante los ensayos est\u00e1ticos (por ejemplo, identificaci\u00f3n de modos ligeramente amortiguados asociados con resonancias). Los escenarios de carga real recreados durante este ensayo tambi\u00e9n pueden utilizarse para validar el dise\u00f1o cuando las normas son demasiado restrictivas.[\/vc_column_text]<div class=\"ult-spacer spacer-69dca19d08375\" data-id=\"69dca19d08375\" data-height=\"20\" data-height-mobile=\"20\" data-height-tab=\"20\" data-height-tab-portrait=\"\" data-height-mobile-landscape=\"\" style=\"clear:both;display:block;\"><\/div><div id=\"dfd-announce-69dca19d083a0-4812\" class=\"dfd-announce-module-wrap align-left no_full_bg_class  style-3 layout-1\" ><div class=\"dfd-announce-module\"><div class=\"module-icon\" ><i class = \"dfd-icon-train_1\"><\/i><\/div><div class=\"module-text\" style=\"font-family:PT Sans; font-weight:400; font-style:normal; font-size: 18px; color: #25bdd5 !important; line-height: 22px; font-weight:bold; \">CETEST cuenta con una amplia experiencia ejecutando estos ensayos en todo tipo de veh\u00edculos en todo el mundo.<\/div><\/div><\/div><div class=\"ult-spacer spacer-69dca19d083f1\" data-id=\"69dca19d083f1\" data-height=\"20\" data-height-mobile=\"20\" data-height-tab=\"20\" data-height-tab-portrait=\"\" data-height-mobile-landscape=\"\" style=\"clear:both;display:block;\"><\/div>[vc_column_text]En caso de fallo por fatiga, la informaci\u00f3n derivada de este tipo de ensayo podr\u00eda ser esencial para determinar la naturaleza del problema y las soluciones potenciales.<\/p>\n<p>CETEST tambi\u00e9n ha utilizado este ensayo para validar ligeras modificaciones en la caja (por ejemplo, por la modificaci\u00f3n de soportes debido a un cambio de equipos).[\/vc_column_text][\/vc_column_inner][vc_column_inner width=\u00bb1\/2&#8243; dfd_column_responsive_enable=\u00bbdfd-column-responsive-enable\u00bb css=\u00bb.vc_custom_1509439216469{padding-right: 5% !important;padding-left: 5% !important;}\u00bb responsive_styles=\u00bbborder_right_desktop:0|padding_left_tablet:0|padding_right_tablet:0|padding_left_mobile:0|padding_right_mobile:0&#8243;]<div class=\"ult-spacer spacer-69dca19d08413\" data-id=\"69dca19d08413\" data-height=\"20\" data-height-mobile=\"20\" data-height-tab=\"20\" data-height-tab-portrait=\"\" data-height-mobile-landscape=\"\" style=\"clear:both;display:block;\"><\/div>[vc_single_image image=\u00bb17531&#8243; img_size=\u00bbfull\u00bb alignment=\u00bbcenter\u00bb][\/vc_column_inner][\/vc_row_inner][vc_row_inner][vc_column_inner dfd_column_responsive_enable=\u00bbdfd-column-responsive-enable\u00bb responsive_styles=\u00bbpadding_left_desktop:10|padding_right_desktop:10&#8243;]<div class=\"ult-spacer spacer-69dca19d08432\" data-id=\"69dca19d08432\" data-height=\"30\" data-height-mobile=\"30\" data-height-tab=\"30\" data-height-tab-portrait=\"\" data-height-mobile-landscape=\"\" style=\"clear:both;display:block;\"><\/div>[vc_column_text]CETEST cuenta con una amplia experiencia ejecutando estos ensayos en todo tipo de veh\u00edculos en todo el mundo. Ofrecemos soporte t\u00e9cnico para definir los puntos de medici\u00f3n m\u00e1s cr\u00edticos, as\u00ed como para llevar a cabo el ensayo, y valorar la resistencia a la fatiga del componente sometido a ensayo. Adem\u00e1s, nuestra amplia experiencia en este tipo de mediciones significa que podemos ofrecer la mejor configuraci\u00f3n de la instrumentaci\u00f3n que garantice mayor durabilidad de las galgas extensiom\u00e9tricas, a la vez que minimice el tiempo de instrumentaci\u00f3n.[\/vc_column_text][\/vc_column_inner][\/vc_row_inner]<div class=\"ult-spacer spacer-69dca19d08450\" data-id=\"69dca19d08450\" data-height=\"60\" data-height-mobile=\"20\" data-height-tab=\"30\" data-height-tab-portrait=\"\" data-height-mobile-landscape=\"\" style=\"clear:both;display:block;\"><\/div>[\/vc_column][\/vc_row]<\/p>\n<\/div>","protected":false},"excerpt":{"rendered":"<p>[vc_row][vc_column][vc_row_inner][vc_column_inner][\/vc_column_inner][\/vc_row_inner][vc_row_inner][vc_column_inner][vc_column_text]CETEST mide los niveles de tensi\u00f3n en v\u00eda para determinar, mediante extrapolaci\u00f3n, las tensiones que sufrir\u00e1 la pieza durante su vida \u00fatil. Este c\u00e1lculo de tensiones se utiliza para estimar<\/p>\n","protected":false},"author":1,"featured_media":0,"parent":17819,"menu_order":0,"comment_status":"closed","ping_status":"closed","template":"tmp-page-right-sidebar.php","meta":{"_acf_changed":false,"footnotes":""},"class_list":["post-17729","page","type-page","status-publish","hentry"],"acf":[],"yoast_head":"<!-- This site is optimized with the Yoast SEO plugin v27.3 - https:\/\/yoast.com\/product\/yoast-seo-wordpress\/ -->\n<title>Ensayo de Monitorizaci\u00f3n Estructural en V\u00eda | CETEST<\/title>\n<meta name=\"description\" content=\"CETEST es especialista en ensayos con galgas extensiom\u00e9tricas en v\u00eda para determinar niveles de tensi\u00f3n en distintos componentes (bogies, estructuras de caja o elementos espec\u00edficos) durante el servicio.\" \/>\n<meta name=\"robots\" content=\"index, follow, max-snippet:-1, max-image-preview:large, max-video-preview:-1\" \/>\n<link rel=\"canonical\" href=\"https:\/\/www.cetestgroup.com\/es\/ensayos-ferroviarios\/ensayos-especiales-en-via\/ensayo-de-monitorizacion-estructural-en-via\/\" \/>\n<meta property=\"og:locale\" content=\"es_ES\" \/>\n<meta property=\"og:type\" content=\"article\" \/>\n<meta property=\"og:title\" content=\"Ensayo de Monitorizaci\u00f3n Estructural en V\u00eda | CETEST\" \/>\n<meta property=\"og:description\" content=\"CETEST es especialista en ensayos con galgas extensiom\u00e9tricas en v\u00eda para determinar niveles de tensi\u00f3n en distintos componentes (bogies, estructuras de caja o elementos espec\u00edficos) durante el servicio.\" \/>\n<meta property=\"og:url\" content=\"https:\/\/www.cetestgroup.com\/es\/ensayos-ferroviarios\/ensayos-especiales-en-via\/ensayo-de-monitorizacion-estructural-en-via\/\" \/>\n<meta property=\"og:site_name\" content=\"CETEST\" \/>\n<meta property=\"article:modified_time\" content=\"2022-12-14T14:13:10+00:00\" \/>\n<meta name=\"twitter:card\" content=\"summary_large_image\" \/>\n<meta name=\"twitter:label1\" content=\"Tiempo de lectura\" \/>\n\t<meta name=\"twitter:data1\" content=\"4 minutos\" \/>\n<script type=\"application\/ld+json\" class=\"yoast-schema-graph\">{\"@context\":\"https:\\\/\\\/schema.org\",\"@graph\":[{\"@type\":\"WebPage\",\"@id\":\"https:\\\/\\\/www.cetestgroup.com\\\/es\\\/ensayos-ferroviarios\\\/ensayos-especiales-en-via\\\/ensayo-de-monitorizacion-estructural-en-via\\\/\",\"url\":\"https:\\\/\\\/www.cetestgroup.com\\\/es\\\/ensayos-ferroviarios\\\/ensayos-especiales-en-via\\\/ensayo-de-monitorizacion-estructural-en-via\\\/\",\"name\":\"Ensayo de Monitorizaci\u00f3n Estructural en V\u00eda | CETEST\",\"isPartOf\":{\"@id\":\"https:\\\/\\\/www.cetestgroup.com\\\/es\\\/#website\"},\"datePublished\":\"2018-04-06T13:40:23+00:00\",\"dateModified\":\"2022-12-14T14:13:10+00:00\",\"description\":\"CETEST es especialista en ensayos con galgas extensiom\u00e9tricas en v\u00eda para determinar niveles de tensi\u00f3n en distintos componentes (bogies, estructuras de caja o elementos espec\u00edficos) durante el servicio.\",\"breadcrumb\":{\"@id\":\"https:\\\/\\\/www.cetestgroup.com\\\/es\\\/ensayos-ferroviarios\\\/ensayos-especiales-en-via\\\/ensayo-de-monitorizacion-estructural-en-via\\\/#breadcrumb\"},\"inLanguage\":\"es\",\"potentialAction\":[{\"@type\":\"ReadAction\",\"target\":[\"https:\\\/\\\/www.cetestgroup.com\\\/es\\\/ensayos-ferroviarios\\\/ensayos-especiales-en-via\\\/ensayo-de-monitorizacion-estructural-en-via\\\/\"]}]},{\"@type\":\"BreadcrumbList\",\"@id\":\"https:\\\/\\\/www.cetestgroup.com\\\/es\\\/ensayos-ferroviarios\\\/ensayos-especiales-en-via\\\/ensayo-de-monitorizacion-estructural-en-via\\\/#breadcrumb\",\"itemListElement\":[{\"@type\":\"ListItem\",\"position\":1,\"name\":\"Home\",\"item\":\"https:\\\/\\\/www.cetestgroup.com\\\/es\\\/\"},{\"@type\":\"ListItem\",\"position\":2,\"name\":\"Ensayos Ferroviarios\",\"item\":\"https:\\\/\\\/www.cetestgroup.com\\\/es\\\/ensayos-ferroviarios\\\/\"},{\"@type\":\"ListItem\",\"position\":3,\"name\":\"Ensayos especiales en v\u00eda\",\"item\":\"https:\\\/\\\/www.cetestgroup.com\\\/es\\\/ensayos-ferroviarios\\\/ensayos-especiales-en-via\\\/\"},{\"@type\":\"ListItem\",\"position\":4,\"name\":\"Ensayo de Monitorizaci\u00f3n Estructural en V\u00eda\"}]},{\"@type\":\"WebSite\",\"@id\":\"https:\\\/\\\/www.cetestgroup.com\\\/es\\\/#website\",\"url\":\"https:\\\/\\\/www.cetestgroup.com\\\/es\\\/\",\"name\":\"CETEST\",\"description\":\"CETEST is a fully accredited independent test laboratory offering services for design verification, model validation, developmental testing and\\\/or answers to help you identify failure root causes. We carry out tests in our facilities as well as on site as required by customer needs.\",\"potentialAction\":[{\"@type\":\"SearchAction\",\"target\":{\"@type\":\"EntryPoint\",\"urlTemplate\":\"https:\\\/\\\/www.cetestgroup.com\\\/es\\\/?s={search_term_string}\"},\"query-input\":{\"@type\":\"PropertyValueSpecification\",\"valueRequired\":true,\"valueName\":\"search_term_string\"}}],\"inLanguage\":\"es\"}]}<\/script>\n<!-- \/ Yoast SEO plugin. -->","yoast_head_json":{"title":"Ensayo de Monitorizaci\u00f3n Estructural en V\u00eda | CETEST","description":"CETEST es especialista en ensayos con galgas extensiom\u00e9tricas en v\u00eda para determinar niveles de tensi\u00f3n en distintos componentes (bogies, estructuras de caja o elementos espec\u00edficos) durante el servicio.","robots":{"index":"index","follow":"follow","max-snippet":"max-snippet:-1","max-image-preview":"max-image-preview:large","max-video-preview":"max-video-preview:-1"},"canonical":"https:\/\/www.cetestgroup.com\/es\/ensayos-ferroviarios\/ensayos-especiales-en-via\/ensayo-de-monitorizacion-estructural-en-via\/","og_locale":"es_ES","og_type":"article","og_title":"Ensayo de Monitorizaci\u00f3n Estructural en V\u00eda | CETEST","og_description":"CETEST es especialista en ensayos con galgas extensiom\u00e9tricas en v\u00eda para determinar niveles de tensi\u00f3n en distintos componentes (bogies, estructuras de caja o elementos espec\u00edficos) durante el servicio.","og_url":"https:\/\/www.cetestgroup.com\/es\/ensayos-ferroviarios\/ensayos-especiales-en-via\/ensayo-de-monitorizacion-estructural-en-via\/","og_site_name":"CETEST","article_modified_time":"2022-12-14T14:13:10+00:00","twitter_card":"summary_large_image","twitter_misc":{"Tiempo de lectura":"4 minutos"},"schema":{"@context":"https:\/\/schema.org","@graph":[{"@type":"WebPage","@id":"https:\/\/www.cetestgroup.com\/es\/ensayos-ferroviarios\/ensayos-especiales-en-via\/ensayo-de-monitorizacion-estructural-en-via\/","url":"https:\/\/www.cetestgroup.com\/es\/ensayos-ferroviarios\/ensayos-especiales-en-via\/ensayo-de-monitorizacion-estructural-en-via\/","name":"Ensayo de Monitorizaci\u00f3n Estructural en V\u00eda | CETEST","isPartOf":{"@id":"https:\/\/www.cetestgroup.com\/es\/#website"},"datePublished":"2018-04-06T13:40:23+00:00","dateModified":"2022-12-14T14:13:10+00:00","description":"CETEST es especialista en ensayos con galgas extensiom\u00e9tricas en v\u00eda para determinar niveles de tensi\u00f3n en distintos componentes (bogies, estructuras de caja o elementos espec\u00edficos) durante el servicio.","breadcrumb":{"@id":"https:\/\/www.cetestgroup.com\/es\/ensayos-ferroviarios\/ensayos-especiales-en-via\/ensayo-de-monitorizacion-estructural-en-via\/#breadcrumb"},"inLanguage":"es","potentialAction":[{"@type":"ReadAction","target":["https:\/\/www.cetestgroup.com\/es\/ensayos-ferroviarios\/ensayos-especiales-en-via\/ensayo-de-monitorizacion-estructural-en-via\/"]}]},{"@type":"BreadcrumbList","@id":"https:\/\/www.cetestgroup.com\/es\/ensayos-ferroviarios\/ensayos-especiales-en-via\/ensayo-de-monitorizacion-estructural-en-via\/#breadcrumb","itemListElement":[{"@type":"ListItem","position":1,"name":"Home","item":"https:\/\/www.cetestgroup.com\/es\/"},{"@type":"ListItem","position":2,"name":"Ensayos Ferroviarios","item":"https:\/\/www.cetestgroup.com\/es\/ensayos-ferroviarios\/"},{"@type":"ListItem","position":3,"name":"Ensayos especiales en v\u00eda","item":"https:\/\/www.cetestgroup.com\/es\/ensayos-ferroviarios\/ensayos-especiales-en-via\/"},{"@type":"ListItem","position":4,"name":"Ensayo de Monitorizaci\u00f3n Estructural en V\u00eda"}]},{"@type":"WebSite","@id":"https:\/\/www.cetestgroup.com\/es\/#website","url":"https:\/\/www.cetestgroup.com\/es\/","name":"CETEST","description":"CETEST is a fully accredited independent test laboratory offering services for design verification, model validation, developmental testing and\/or answers to help you identify failure root causes. We carry out tests in our facilities as well as on site as required by customer needs.","potentialAction":[{"@type":"SearchAction","target":{"@type":"EntryPoint","urlTemplate":"https:\/\/www.cetestgroup.com\/es\/?s={search_term_string}"},"query-input":{"@type":"PropertyValueSpecification","valueRequired":true,"valueName":"search_term_string"}}],"inLanguage":"es"}]}},"_links":{"self":[{"href":"https:\/\/www.cetestgroup.com\/es\/wp-json\/wp\/v2\/pages\/17729","targetHints":{"allow":["GET"]}}],"collection":[{"href":"https:\/\/www.cetestgroup.com\/es\/wp-json\/wp\/v2\/pages"}],"about":[{"href":"https:\/\/www.cetestgroup.com\/es\/wp-json\/wp\/v2\/types\/page"}],"author":[{"embeddable":true,"href":"https:\/\/www.cetestgroup.com\/es\/wp-json\/wp\/v2\/users\/1"}],"replies":[{"embeddable":true,"href":"https:\/\/www.cetestgroup.com\/es\/wp-json\/wp\/v2\/comments?post=17729"}],"version-history":[{"count":2,"href":"https:\/\/www.cetestgroup.com\/es\/wp-json\/wp\/v2\/pages\/17729\/revisions"}],"predecessor-version":[{"id":19692,"href":"https:\/\/www.cetestgroup.com\/es\/wp-json\/wp\/v2\/pages\/17729\/revisions\/19692"}],"up":[{"embeddable":true,"href":"https:\/\/www.cetestgroup.com\/es\/wp-json\/wp\/v2\/pages\/17819"}],"wp:attachment":[{"href":"https:\/\/www.cetestgroup.com\/es\/wp-json\/wp\/v2\/media?parent=17729"}],"curies":[{"name":"wp","href":"https:\/\/api.w.org\/{rel}","templated":true}]}}