{"id":17717,"date":"2018-04-06T12:41:28","date_gmt":"2018-04-06T11:41:28","guid":{"rendered":"https:\/\/www.cetestgroup.com\/?page_id=17717"},"modified":"2022-12-14T12:54:54","modified_gmt":"2022-12-14T12:54:54","slug":"enganches-y-rotulas","status":"publish","type":"page","link":"https:\/\/www.cetestgroup.com\/es\/ensayos-ferroviarios\/estructuras-y-subsistemas\/enganches-y-rotulas\/","title":{"rendered":"Enganches y R\u00f3tulas"},"content":{"rendered":"<div class=\"wpb-content-wrapper\"><p>[vc_row][vc_column]<div class=\"ult-spacer spacer-69dcdb26b0e0c\" data-id=\"69dcdb26b0e0c\" data-height=\"30\" data-height-mobile=\"20\" data-height-tab=\"20\" data-height-tab-portrait=\"\" data-height-mobile-landscape=\"\" style=\"clear:both;display:block;\"><\/div><div class=\"dfd-heading-shortcode\"><div class=\"dfd-heading-module-wrap  text-center style_01 dfd-heading-69dcdb26b0ec1 dfd-disable-resposive-headings\" id=\"dfd-heading-69dcdb26b0ec1\" ><div class=\"inline-block\"><div class=\"dfd-heading-module\"><h6 class=\"widget-title dfd-title \" style=\"font-family:PT Sans Narrow; font-weight:400; font-style:normal; font-size: 20px; color: #25bdd5 !important; line-height: 25px; \">Sometemos a ensayo los enganches conforme a EN16019 o a cualquier norma espec\u00edfica que precise el cliente. Los ensayos se desarrollan para obtener la validaci\u00f3n y homologaci\u00f3n y para caracterizar el sistema completo.<\/h6><div class=\"dfd-heading-delimiter\"><\/div><\/div><\/div><\/div><script type=\"text\/javascript\">\r\n\t\t\t\t\t\t\t\t\t(function($) {\r\n\t\t\t\t\t\t\t\t\t\t$(\"head\").append(\"<style>.dfd-heading-69dcdb26b0ec1.dfd-heading-module-wrap .dfd-heading-module .dfd-heading-delimiter {border-bottom-style:solid;border-bottom-width:1px;width:100px;border-bottom-color:#dddddd;}.dfd-heading-69dcdb26b0ec1.dfd-heading-module-wrap .dfd-heading-module .dfd-heading-delimiter {margin-top:20px;margin-bottom:20px;}<\/style>\");\r\n\t\t\t\t\t\t\t\t\t})(jQuery);\r\n\t\t\t\t\t\t\t\t<\/script><\/div><div id=\"dfd-carousel-69dcdb26b1010\" class=\"dfd-carousel-wrapper\"><div class=\"dfd-carousel-module-wrapper  dfd-carousel-horizontal dfd-arrows_aside2 dfdfillsquare dfd-arrows-style_4 dfd-arrows-enabled dfd-dots-enabled\" ><div class=\"dfd-carousel\">[vc_single_image image=\u00bb17430&#8243; img_size=\u00bbfull\u00bb alignment=\u00bbcenter\u00bb][vc_single_image image=\u00bb17431&#8243; img_size=\u00bbfull\u00bb alignment=\u00bbcenter\u00bb][vc_single_image image=\u00bb17433&#8243; img_size=\u00bbfull\u00bb alignment=\u00bbcenter\u00bb][vc_single_image image=\u00bb17432&#8243; img_size=\u00bbfull\u00bb alignment=\u00bbcenter\u00bb]<\/div><a href=\"#\" class=\"dfd-slider-control prev\" title=\"Previous slide\"><i class=\"dfd-added-font-icon-left-open2\"><\/i><\/a><a href=\"#\" class=\"dfd-slider-control next\" title=\"Next slide\"><i class=\"dfd-added-font-icon-right-open2\"><\/i><\/a><\/div>\t\t\t\t<script type=\"text\/javascript\">\r\n\t\t\t\t\t(function($) {\r\n\t\t\t\t\t\t\"use strict\";\r\n\t\t\t\t\t\tvar $carousel = $('#dfd-carousel-69dcdb26b1010').find('.dfd-carousel');\r\n\t\t\t\t\t\t$(document).ready(function() {\r\n\t\t\t\t\t\t\tvar $initialized = ($('body').hasClass('page-template-tmp-side-by-side')) ? $carousel.not('.slick-initialized') : $carousel;\r\n\t\t\t\t\t\t\t\t\t\t\t\t\t\t$carousel.siblings('.dfd-slider-control.prev').click(function(e) {\r\n\t\t\t\t\t\t\t\te.preventDefault();\r\n\t\t\t\t\t\t\t\t$carousel.eq(0).slick('slickPrev');\r\n\t\t\t\t\t\t\t});\r\n\t\t\t\t\t\t\t$carousel.siblings('.dfd-slider-control.next').click(function(e) {\r\n\t\t\t\t\t\t\t\te.preventDefault();\r\n\t\t\t\t\t\t\t\t$carousel.eq(0).slick('slickNext');\r\n\t\t\t\t\t\t\t});\r\n\t\t\t\t\t\t\t$initialized.slick({arrows: false,dotsClass: 'dfd-slick-dots',slidesToScroll: 1,autoplay: true,autoplaySpeed: 5000,dots: true,customPaging: function(slider, i) {\r\n\t\t\t\t\t\t\t\t\treturn '<span data-role=\"none\" role=\"button\" aria-required=\"false\" tabindex=\"0\"><\/span>';\r\n\t\t\t\t\t\t\t\t},infinite: true,slidesToShow: 1,speed: 300,swipe: true,draggable: true,adaptiveHeight: true,responsive: [\r\n\t\t\t\t\t\t\t{\r\n\t\t\t\t\t\t\t\tbreakpoint: 1024,\r\n\t\t\t\t\t\t\t\tsettings: {\r\n\t\t\t\t\t\t\t\t\tslidesToShow: 1,\r\n\t\t\t\t\t\t\t\t\tslidesToScroll: 1,\r\n\t\t\t\t\t\t\t\t}\r\n\t\t\t\t\t\t\t},\r\n\t\t\t\t\t\t\t{\r\n\t\t\t\t\t\t\t\tbreakpoint: 800,\r\n\t\t\t\t\t\t\t\tsettings: {\r\n\t\t\t\t\t\t\t\t\tslidesToShow: 1,\r\n\t\t\t\t\t\t\t\t\tslidesToScroll: 1,\r\n\t\t\t\t\t\t\t\t}\r\n\t\t\t\t\t\t\t},\r\n\t\t\t\t\t\t\t{\r\n\t\t\t\t\t\t\t\tbreakpoint: 480,\r\n\t\t\t\t\t\t\t\tsettings: {\r\n\t\t\t\t\t\t\t\t\tslidesToShow: 1,\r\n\t\t\t\t\t\t\t\t\tslidesToScroll: 1,\r\n\t\t\t\t\t\t\t\t}\r\n\t\t\t\t\t\t\t},]});\r\n\t\t\t\t\t\t\t$(\"head\").append(\"<style>#dfd-carousel-69dcdb26b1010 > .dfd-carousel-module-wrapper > .dfd-carousel > .slick-list > .slick-track > .dfd-item-wrap > .cover {padding: 10px;}#dfd-carousel-69dcdb26b1010 {margin: -10px;}<\/style>\")\t\t\t\t\t\t});\r\n\t\t\t\t\t})(jQuery);\r\n\t\t\t\t<\/script>\r\n            <\/div><div class=\"ult-spacer spacer-69dcdb26b10b1\" data-id=\"69dcdb26b10b1\" data-height=\"30\" data-height-mobile=\"20\" data-height-tab=\"20\" data-height-tab-portrait=\"\" data-height-mobile-landscape=\"\" style=\"clear:both;display:block;\"><\/div>[vc_row_inner][vc_column_inner width=\u00bb1\/2&#8243;]<div class=\"ult-spacer spacer-69dcdb26b10dd\" data-id=\"69dcdb26b10dd\" data-height=\"20\" data-height-mobile=\"10\" data-height-tab=\"20\" data-height-tab-portrait=\"\" data-height-mobile-landscape=\"\" style=\"clear:both;display:block;\"><\/div>[vc_column_text]CETEST ofrece una gama completa de ensayos funcionales o estructurales como, entre otros:<\/p>\n<ul>\n<li>Tracci\u00f3n y compresi\u00f3n en servicio y cargas de rotura.<\/li>\n<li>Caracterizaci\u00f3n de la rigidez de los elementos de goma.<\/li>\n<li>Evaluaci\u00f3n de la absorci\u00f3n de energ\u00eda.<\/li>\n<li>Ensayos funcionales especificados por los clientes.<\/li>\n<li>Evaluaci\u00f3n y verificaci\u00f3n del sistema de colapso.<\/li>\n<\/ul>\n<p>Asimismo, realizamos ensayos funcionales y estructurales sobre r\u00f3tulas. Los ensayos pueden ser complejos, e incluyen cargas introducidas simult\u00e1neamente en los tres ejes.<\/p>\n<p>Los ensayos est\u00e1ticos se llevan a cabo utilizando cargas de servicio y excepcionales. Tambi\u00e9n se llevan a cabo ensayos de fatiga y de resistencia en condiciones reales de servicio, para simular la vida \u00fatil de los componentes.<\/p>\n<p>Adaptamos nuestros bancos de ensayo \u2013 con un dise\u00f1o propio modular \u2013 seg\u00fan las necesidades de cada ensayo. Adem\u00e1s, ayudamos a nuestros clientes con las modificaciones de dise\u00f1o que sean necesarias a la vista de los resultados de los ensayos. CETEST, su Departamento de Ensayos y An\u00e1lisis.[\/vc_column_text]<div class=\"ult-spacer spacer-69dcdb26b1101\" data-id=\"69dcdb26b1101\" data-height=\"30\" data-height-mobile=\"30\" data-height-tab=\"30\" data-height-tab-portrait=\"\" data-height-mobile-landscape=\"\" style=\"clear:both;display:block;\"><\/div>[\/vc_column_inner][vc_column_inner width=\u00bb1\/2&#8243; dfd_column_responsive_enable=\u00bbdfd-column-responsive-enable\u00bb responsive_styles=\u00bbpadding_left_mobile:10|padding_right_mobile:10&#8243;]<div id=\"dfd-announce-69dcdb26b112c-3849\" class=\"dfd-announce-module-wrap align-left no_full_bg_class  style-3 layout-1\" ><div class=\"dfd-announce-module\"><div class=\"module-icon\" ><i class = \"dfd-icon-train_1\"><\/i><\/div><div class=\"module-text\" style=\"font-family:PT Sans; font-weight:400; font-style:normal; font-size: 18px; color: #25bdd5 !important; line-height: 22px; font-weight:bold; \">Adaptamos nuestros bancos de ensayo, con un dise\u00f1o propio modular, seg\u00fan las necesidades de cada ensayo.<\/div><\/div><\/div><div class=\"ult-spacer spacer-69dcdb26b1178\" data-id=\"69dcdb26b1178\" data-height=\"30\" data-height-mobile=\"20\" data-height-tab=\"20\" data-height-tab-portrait=\"\" data-height-mobile-landscape=\"\" style=\"clear:both;display:block;\"><\/div>[\/vc_column_inner][\/vc_row_inner]<div class=\"ult-spacer spacer-69dcdb26b1198\" data-id=\"69dcdb26b1198\" data-height=\"60\" data-height-mobile=\"20\" data-height-tab=\"30\" data-height-tab-portrait=\"\" data-height-mobile-landscape=\"\" style=\"clear:both;display:block;\"><\/div>[\/vc_column][\/vc_row]<\/p>\n<\/div>","protected":false},"excerpt":{"rendered":"<p>[vc_row][vc_column][vc_row_inner][vc_column_inner width=\u00bb1\/2&#8243;][vc_column_text]CETEST ofrece una gama completa de ensayos funcionales o estructurales como, entre otros: Tracci\u00f3n y compresi\u00f3n en servicio y cargas de rotura. Caracterizaci\u00f3n de la rigidez de los elementos<\/p>\n","protected":false},"author":1,"featured_media":0,"parent":17799,"menu_order":0,"comment_status":"closed","ping_status":"closed","template":"tmp-page-right-sidebar.php","meta":{"_acf_changed":false,"footnotes":""},"class_list":["post-17717","page","type-page","status-publish","hentry"],"acf":[],"yoast_head":"<!-- This site is optimized with the Yoast SEO plugin v27.3 - https:\/\/yoast.com\/product\/yoast-seo-wordpress\/ -->\n<title>Ensayos Ferroviarios de Enganches y R\u00f3tulas | CETEST<\/title>\n<meta name=\"description\" content=\"Sometemos a ensayo los enganches conforme a EN16019 o a cualquier norma espec\u00edfica que precise el cliente. Los ensayos se desarrollan para obtener la validaci\u00f3n y homologaci\u00f3n y para caracterizar el sistema completo. CETEST ofrece una gama completa de ensayos funcionales o estructurales.\" \/>\n<meta name=\"robots\" content=\"index, follow, max-snippet:-1, max-image-preview:large, max-video-preview:-1\" \/>\n<link rel=\"canonical\" href=\"https:\/\/www.cetestgroup.com\/es\/ensayos-ferroviarios\/estructuras-y-subsistemas\/enganches-y-rotulas\/\" \/>\n<meta property=\"og:locale\" content=\"es_ES\" \/>\n<meta property=\"og:type\" content=\"article\" \/>\n<meta property=\"og:title\" content=\"Ensayos Ferroviarios de Enganches y R\u00f3tulas | CETEST\" \/>\n<meta property=\"og:description\" content=\"Sometemos a ensayo los enganches conforme a EN16019 o a cualquier norma espec\u00edfica que precise el cliente. Los ensayos se desarrollan para obtener la validaci\u00f3n y homologaci\u00f3n y para caracterizar el sistema completo. CETEST ofrece una gama completa de ensayos funcionales o estructurales.\" \/>\n<meta property=\"og:url\" content=\"https:\/\/www.cetestgroup.com\/es\/ensayos-ferroviarios\/estructuras-y-subsistemas\/enganches-y-rotulas\/\" \/>\n<meta property=\"og:site_name\" content=\"CETEST\" \/>\n<meta property=\"article:modified_time\" content=\"2022-12-14T12:54:54+00:00\" \/>\n<meta name=\"twitter:card\" content=\"summary_large_image\" \/>\n<meta name=\"twitter:label1\" content=\"Tiempo de lectura\" \/>\n\t<meta name=\"twitter:data1\" content=\"2 minutos\" \/>\n<script type=\"application\/ld+json\" class=\"yoast-schema-graph\">{\"@context\":\"https:\\\/\\\/schema.org\",\"@graph\":[{\"@type\":\"WebPage\",\"@id\":\"https:\\\/\\\/www.cetestgroup.com\\\/es\\\/ensayos-ferroviarios\\\/estructuras-y-subsistemas\\\/enganches-y-rotulas\\\/\",\"url\":\"https:\\\/\\\/www.cetestgroup.com\\\/es\\\/ensayos-ferroviarios\\\/estructuras-y-subsistemas\\\/enganches-y-rotulas\\\/\",\"name\":\"Ensayos Ferroviarios de Enganches y R\u00f3tulas | CETEST\",\"isPartOf\":{\"@id\":\"https:\\\/\\\/www.cetestgroup.com\\\/es\\\/#website\"},\"datePublished\":\"2018-04-06T11:41:28+00:00\",\"dateModified\":\"2022-12-14T12:54:54+00:00\",\"description\":\"Sometemos a ensayo los enganches conforme a EN16019 o a cualquier norma espec\u00edfica que precise el cliente. Los ensayos se desarrollan para obtener la validaci\u00f3n y homologaci\u00f3n y para caracterizar el sistema completo. CETEST ofrece una gama completa de ensayos funcionales o estructurales.\",\"breadcrumb\":{\"@id\":\"https:\\\/\\\/www.cetestgroup.com\\\/es\\\/ensayos-ferroviarios\\\/estructuras-y-subsistemas\\\/enganches-y-rotulas\\\/#breadcrumb\"},\"inLanguage\":\"es\",\"potentialAction\":[{\"@type\":\"ReadAction\",\"target\":[\"https:\\\/\\\/www.cetestgroup.com\\\/es\\\/ensayos-ferroviarios\\\/estructuras-y-subsistemas\\\/enganches-y-rotulas\\\/\"]}]},{\"@type\":\"BreadcrumbList\",\"@id\":\"https:\\\/\\\/www.cetestgroup.com\\\/es\\\/ensayos-ferroviarios\\\/estructuras-y-subsistemas\\\/enganches-y-rotulas\\\/#breadcrumb\",\"itemListElement\":[{\"@type\":\"ListItem\",\"position\":1,\"name\":\"Home\",\"item\":\"https:\\\/\\\/www.cetestgroup.com\\\/es\\\/\"},{\"@type\":\"ListItem\",\"position\":2,\"name\":\"Ensayos Ferroviarios\",\"item\":\"https:\\\/\\\/www.cetestgroup.com\\\/es\\\/ensayos-ferroviarios\\\/\"},{\"@type\":\"ListItem\",\"position\":3,\"name\":\"Estructuras y Subsistemas\",\"item\":\"https:\\\/\\\/www.cetestgroup.com\\\/es\\\/ensayos-ferroviarios\\\/estructuras-y-subsistemas\\\/\"},{\"@type\":\"ListItem\",\"position\":4,\"name\":\"Enganches y R\u00f3tulas\"}]},{\"@type\":\"WebSite\",\"@id\":\"https:\\\/\\\/www.cetestgroup.com\\\/es\\\/#website\",\"url\":\"https:\\\/\\\/www.cetestgroup.com\\\/es\\\/\",\"name\":\"CETEST\",\"description\":\"CETEST is a fully accredited independent test laboratory offering services for design verification, model validation, developmental testing and\\\/or answers to help you identify failure root causes. We carry out tests in our facilities as well as on site as required by customer needs.\",\"potentialAction\":[{\"@type\":\"SearchAction\",\"target\":{\"@type\":\"EntryPoint\",\"urlTemplate\":\"https:\\\/\\\/www.cetestgroup.com\\\/es\\\/?s={search_term_string}\"},\"query-input\":{\"@type\":\"PropertyValueSpecification\",\"valueRequired\":true,\"valueName\":\"search_term_string\"}}],\"inLanguage\":\"es\"}]}<\/script>\n<!-- \/ Yoast SEO plugin. -->","yoast_head_json":{"title":"Ensayos Ferroviarios de Enganches y R\u00f3tulas | CETEST","description":"Sometemos a ensayo los enganches conforme a EN16019 o a cualquier norma espec\u00edfica que precise el cliente. Los ensayos se desarrollan para obtener la validaci\u00f3n y homologaci\u00f3n y para caracterizar el sistema completo. CETEST ofrece una gama completa de ensayos funcionales o estructurales.","robots":{"index":"index","follow":"follow","max-snippet":"max-snippet:-1","max-image-preview":"max-image-preview:large","max-video-preview":"max-video-preview:-1"},"canonical":"https:\/\/www.cetestgroup.com\/es\/ensayos-ferroviarios\/estructuras-y-subsistemas\/enganches-y-rotulas\/","og_locale":"es_ES","og_type":"article","og_title":"Ensayos Ferroviarios de Enganches y R\u00f3tulas | CETEST","og_description":"Sometemos a ensayo los enganches conforme a EN16019 o a cualquier norma espec\u00edfica que precise el cliente. Los ensayos se desarrollan para obtener la validaci\u00f3n y homologaci\u00f3n y para caracterizar el sistema completo. CETEST ofrece una gama completa de ensayos funcionales o estructurales.","og_url":"https:\/\/www.cetestgroup.com\/es\/ensayos-ferroviarios\/estructuras-y-subsistemas\/enganches-y-rotulas\/","og_site_name":"CETEST","article_modified_time":"2022-12-14T12:54:54+00:00","twitter_card":"summary_large_image","twitter_misc":{"Tiempo de lectura":"2 minutos"},"schema":{"@context":"https:\/\/schema.org","@graph":[{"@type":"WebPage","@id":"https:\/\/www.cetestgroup.com\/es\/ensayos-ferroviarios\/estructuras-y-subsistemas\/enganches-y-rotulas\/","url":"https:\/\/www.cetestgroup.com\/es\/ensayos-ferroviarios\/estructuras-y-subsistemas\/enganches-y-rotulas\/","name":"Ensayos Ferroviarios de Enganches y R\u00f3tulas | CETEST","isPartOf":{"@id":"https:\/\/www.cetestgroup.com\/es\/#website"},"datePublished":"2018-04-06T11:41:28+00:00","dateModified":"2022-12-14T12:54:54+00:00","description":"Sometemos a ensayo los enganches conforme a EN16019 o a cualquier norma espec\u00edfica que precise el cliente. Los ensayos se desarrollan para obtener la validaci\u00f3n y homologaci\u00f3n y para caracterizar el sistema completo. CETEST ofrece una gama completa de ensayos funcionales o estructurales.","breadcrumb":{"@id":"https:\/\/www.cetestgroup.com\/es\/ensayos-ferroviarios\/estructuras-y-subsistemas\/enganches-y-rotulas\/#breadcrumb"},"inLanguage":"es","potentialAction":[{"@type":"ReadAction","target":["https:\/\/www.cetestgroup.com\/es\/ensayos-ferroviarios\/estructuras-y-subsistemas\/enganches-y-rotulas\/"]}]},{"@type":"BreadcrumbList","@id":"https:\/\/www.cetestgroup.com\/es\/ensayos-ferroviarios\/estructuras-y-subsistemas\/enganches-y-rotulas\/#breadcrumb","itemListElement":[{"@type":"ListItem","position":1,"name":"Home","item":"https:\/\/www.cetestgroup.com\/es\/"},{"@type":"ListItem","position":2,"name":"Ensayos Ferroviarios","item":"https:\/\/www.cetestgroup.com\/es\/ensayos-ferroviarios\/"},{"@type":"ListItem","position":3,"name":"Estructuras y Subsistemas","item":"https:\/\/www.cetestgroup.com\/es\/ensayos-ferroviarios\/estructuras-y-subsistemas\/"},{"@type":"ListItem","position":4,"name":"Enganches y R\u00f3tulas"}]},{"@type":"WebSite","@id":"https:\/\/www.cetestgroup.com\/es\/#website","url":"https:\/\/www.cetestgroup.com\/es\/","name":"CETEST","description":"CETEST is a fully accredited independent test laboratory offering services for design verification, model validation, developmental testing and\/or answers to help you identify failure root causes. We carry out tests in our facilities as well as on site as required by customer needs.","potentialAction":[{"@type":"SearchAction","target":{"@type":"EntryPoint","urlTemplate":"https:\/\/www.cetestgroup.com\/es\/?s={search_term_string}"},"query-input":{"@type":"PropertyValueSpecification","valueRequired":true,"valueName":"search_term_string"}}],"inLanguage":"es"}]}},"_links":{"self":[{"href":"https:\/\/www.cetestgroup.com\/es\/wp-json\/wp\/v2\/pages\/17717","targetHints":{"allow":["GET"]}}],"collection":[{"href":"https:\/\/www.cetestgroup.com\/es\/wp-json\/wp\/v2\/pages"}],"about":[{"href":"https:\/\/www.cetestgroup.com\/es\/wp-json\/wp\/v2\/types\/page"}],"author":[{"embeddable":true,"href":"https:\/\/www.cetestgroup.com\/es\/wp-json\/wp\/v2\/users\/1"}],"replies":[{"embeddable":true,"href":"https:\/\/www.cetestgroup.com\/es\/wp-json\/wp\/v2\/comments?post=17717"}],"version-history":[{"count":2,"href":"https:\/\/www.cetestgroup.com\/es\/wp-json\/wp\/v2\/pages\/17717\/revisions"}],"predecessor-version":[{"id":19682,"href":"https:\/\/www.cetestgroup.com\/es\/wp-json\/wp\/v2\/pages\/17717\/revisions\/19682"}],"up":[{"embeddable":true,"href":"https:\/\/www.cetestgroup.com\/es\/wp-json\/wp\/v2\/pages\/17799"}],"wp:attachment":[{"href":"https:\/\/www.cetestgroup.com\/es\/wp-json\/wp\/v2\/media?parent=17717"}],"curies":[{"name":"wp","href":"https:\/\/api.w.org\/{rel}","templated":true}]}}