{"id":17714,"date":"2018-04-06T12:32:27","date_gmt":"2018-04-06T11:32:27","guid":{"rendered":"https:\/\/www.cetestgroup.com\/?page_id=17714"},"modified":"2018-05-25T14:31:01","modified_gmt":"2018-05-25T13:31:01","slug":"bastidores-y-traviesas-de-bogie","status":"publish","type":"page","link":"https:\/\/www.cetestgroup.com\/es\/ensayos-ferroviarios\/estructuras-y-subsistemas\/bastidores-y-traviesas-de-bogie\/","title":{"rendered":"Bastidores y Traviesas de Bogie"},"content":{"rendered":"<div class=\"wpb-content-wrapper\"><p>[vc_row][vc_column]<div class=\"ult-spacer spacer-69dcf3fb93427\" data-id=\"69dcf3fb93427\" data-height=\"30\" data-height-mobile=\"20\" data-height-tab=\"20\" data-height-tab-portrait=\"\" data-height-mobile-landscape=\"\" style=\"clear:both;display:block;\"><\/div><div class=\"dfd-heading-shortcode\"><div class=\"dfd-heading-module-wrap  text-center style_01 dfd-heading-69dcf3fb934c5 dfd-disable-resposive-headings\" id=\"dfd-heading-69dcf3fb934c5\" ><div class=\"inline-block\"><div class=\"dfd-heading-module\"><h6 class=\"widget-title dfd-title \" style=\"font-family:PT Sans Narrow; font-weight:400; font-style:normal; font-size: 20px; color: #25bdd5 !important; line-height: 25px; \">Nuestro laboratorio est\u00e1 acreditado para los ensayos de fatiga de bogie y de traviesas de bogie conforme a EN 13749, UIC 515-4 y UIC 615-4. Estos ensayos tambi\u00e9n son obligatorios para obtener la homologaci\u00f3n TSI de componentes.<\/h6><div class=\"dfd-heading-delimiter\"><\/div><\/div><\/div><\/div><script type=\"text\/javascript\">\r\n\t\t\t\t\t\t\t\t\t(function($) {\r\n\t\t\t\t\t\t\t\t\t\t$(\"head\").append(\"<style>.dfd-heading-69dcf3fb934c5.dfd-heading-module-wrap .dfd-heading-module .dfd-heading-delimiter {border-bottom-style:solid;border-bottom-width:1px;width:100px;border-bottom-color:#dddddd;}.dfd-heading-69dcf3fb934c5.dfd-heading-module-wrap .dfd-heading-module .dfd-heading-delimiter {margin-top:20px;margin-bottom:20px;}<\/style>\");\r\n\t\t\t\t\t\t\t\t\t})(jQuery);\r\n\t\t\t\t\t\t\t\t<\/script><\/div><div class=\"ult-spacer spacer-69dcf3fb935c3\" data-id=\"69dcf3fb935c3\" data-height=\"30\" data-height-mobile=\"20\" data-height-tab=\"20\" data-height-tab-portrait=\"\" data-height-mobile-landscape=\"\" style=\"clear:both;display:block;\"><\/div>[vc_row_inner][vc_column_inner][vc_single_image image=\u00bb15729&#8243; img_size=\u00bbfull\u00bb alignment=\u00bbcenter\u00bb][\/vc_column_inner][\/vc_row_inner]<div class=\"ult-spacer spacer-69dcf3fb9360e\" data-id=\"69dcf3fb9360e\" data-height=\"30\" data-height-mobile=\"20\" data-height-tab=\"20\" data-height-tab-portrait=\"\" data-height-mobile-landscape=\"\" style=\"clear:both;display:block;\"><\/div>[vc_row_inner][vc_column_inner width=\u00bb1\/2&#8243;]<div class=\"ult-spacer spacer-69dcf3fb93635\" data-id=\"69dcf3fb93635\" data-height=\"20\" data-height-mobile=\"10\" data-height-tab=\"20\" data-height-tab-portrait=\"\" data-height-mobile-landscape=\"\" style=\"clear:both;display:block;\"><\/div>[vc_column_text]El objeto de estos ensayos es simular la vida \u00fatil en un corto periodo de tiempo. Contamos con varios bancos de ensayos de \u00faltima generaci\u00f3n que pueden utilizarse de manera simult\u00e1nea, especialmente dise\u00f1ados para bogies y traviesas de bogie. Estos bancos de ensayo vers\u00e1tiles est\u00e1n provistos de moderno equipamiento para todo tipo de carga, como vertical, lateral, de balanceo, de cabeceo, de tracci\u00f3n y de freno, adem\u00e1s de m\u00faltiples combinaciones de las mismas. Estas cargas simulan las condiciones de circulaci\u00f3n real, as\u00ed como las influencias de otros componentes.[\/vc_column_text]<div id=\"dfd-announce-69dcf3fb93662-7173\" class=\"dfd-announce-module-wrap align-left no_full_bg_class  style-3 layout-1\" ><div class=\"dfd-announce-module\"><div class=\"module-icon\" ><i class = \"dfd-icon-train_1\"><\/i><\/div><div class=\"module-text\" style=\"font-family:PT Sans; font-weight:400; font-style:normal; font-size: 18px; color: #25bdd5 !important; line-height: 22px; font-weight:bold; \">CETEST cuenta con equipos e instrumentos de medici\u00f3n de vanguardia; sensores de desplazamiento, c\u00e9lulas de carga, sistemas de control y un moderno programa inform\u00e1tico de adquisici\u00f3n de datos, que garantizan a nuestros clientes que recibir\u00e1n el mejor servicio posible.<\/div><\/div><\/div><div class=\"ult-spacer spacer-69dcf3fb936b2\" data-id=\"69dcf3fb936b2\" data-height=\"30\" data-height-mobile=\"20\" data-height-tab=\"20\" data-height-tab-portrait=\"\" data-height-mobile-landscape=\"\" style=\"clear:both;display:block;\"><\/div>[\/vc_column_inner][vc_column_inner width=\u00bb1\/2&#8243; dfd_column_responsive_enable=\u00bbdfd-column-responsive-enable\u00bb css=\u00bb.vc_custom_1503901540029{padding-right: 5% !important;padding-left: 5% !important;}\u00bb responsive_styles=\u00bbpadding_left_mobile:10|padding_right_mobile:10&#8243;][vc_single_image image=\u00bb15723&#8243; img_size=\u00bbfull\u00bb alignment=\u00bbcenter\u00bb]<div class=\"ult-spacer spacer-69dcf3fb936d5\" data-id=\"69dcf3fb936d5\" data-height=\"30\" data-height-mobile=\"20\" data-height-tab=\"20\" data-height-tab-portrait=\"\" data-height-mobile-landscape=\"\" style=\"clear:both;display:block;\"><\/div>[\/vc_column_inner][\/vc_row_inner][vc_row_inner][vc_column_inner width=\u00bb1\/2&#8243;][vc_single_image image=\u00bb15725&#8243; img_size=\u00bbfull\u00bb alignment=\u00bbcenter\u00bb]<div class=\"ult-spacer spacer-69dcf3fb936f6\" data-id=\"69dcf3fb936f6\" data-height=\"50\" data-height-mobile=\"20\" data-height-tab=\"30\" data-height-tab-portrait=\"\" data-height-mobile-landscape=\"\" style=\"clear:both;display:block;\"><\/div>[\/vc_column_inner][vc_column_inner width=\u00bb1\/2&#8243; dfd_column_responsive_enable=\u00bbdfd-column-responsive-enable\u00bb css=\u00bb.vc_custom_1502142324415{padding-right: 5% !important;padding-left: 5% !important;}\u00bb responsive_styles=\u00bbpadding_left_mobile:10|padding_right_mobile:10&#8243;][vc_column_text item_animation=\u00bbtransition.fadeIn\u00bb]Nuestro servicio incluye, adem\u00e1s, ensayos no destructivos (inspecci\u00f3n por part\u00edculas magn\u00e9ticas) en diversas fases del ensayo para detectar la formaci\u00f3n de fisuras o evaluar su propagaci\u00f3n. La duraci\u00f3n de los ensayos depende de los requisitos de las normas (cargas, n\u00famero de ciclos, frecuencia de ensayo, etc.) o de la especificaci\u00f3n del cliente. No obstante, el compromiso de CETEST es reducir al m\u00ednimo el tiempo necesario para la preparaci\u00f3n del banco de ensayo y para las tareas de an\u00e1lisis, disminuyendo as\u00ed al m\u00e1ximo los plazos.<\/p>\n<p>CETEST cuenta con equipos e instrumentos de medici\u00f3n de vanguardia; sensores de desplazamiento, c\u00e9lulas de carga, sistemas de control y un moderno programa inform\u00e1tico de adquisici\u00f3n de datos, que garantizan a nuestros clientes que recibir\u00e1n el mejor servicio posible.<\/p>\n<p>Colaboramos, adem\u00e1s, con nuestros clientes en la comparaci\u00f3n de los resultados del c\u00e1lculo FEM con los resultados reales obtenidos durante los ensayos.<\/p>\n<p>Y tambi\u00e9n llevamos a cabo <a href=\"https:\/\/www.cetestgroup.com\/es\/ensayos-ferroviarios\/ensayos-especiales-en-via\/ensayo-de-monitorizacion-estructural-en-via\/\">estudios de fatiga de bogie en v\u00eda<\/a>.[\/vc_column_text]<div class=\"ult-spacer spacer-69dcf3fb93714\" data-id=\"69dcf3fb93714\" data-height=\"30\" data-height-mobile=\"20\" data-height-tab=\"20\" data-height-tab-portrait=\"\" data-height-mobile-landscape=\"\" style=\"clear:both;display:block;\"><\/div>[\/vc_column_inner][\/vc_row_inner]<div class=\"ult-spacer spacer-69dcf3fb93731\" data-id=\"69dcf3fb93731\" data-height=\"60\" data-height-mobile=\"20\" data-height-tab=\"30\" data-height-tab-portrait=\"\" data-height-mobile-landscape=\"\" style=\"clear:both;display:block;\"><\/div>[\/vc_column][\/vc_row]<\/p>\n<\/div>","protected":false},"excerpt":{"rendered":"<p>[vc_row][vc_column][vc_row_inner][vc_column_inner][vc_single_image image=\u00bb15729&#8243; img_size=\u00bbfull\u00bb alignment=\u00bbcenter\u00bb][\/vc_column_inner][\/vc_row_inner][vc_row_inner][vc_column_inner width=\u00bb1\/2&#8243;][vc_column_text]El objeto de estos ensayos es simular la vida \u00fatil en un corto periodo de tiempo. Contamos con varios bancos de ensayos de \u00faltima generaci\u00f3n que<\/p>\n","protected":false},"author":1,"featured_media":0,"parent":17799,"menu_order":0,"comment_status":"closed","ping_status":"closed","template":"tmp-page-right-sidebar.php","meta":{"_acf_changed":false,"footnotes":""},"class_list":["post-17714","page","type-page","status-publish","hentry"],"acf":[],"yoast_head":"<!-- This site is optimized with the Yoast SEO plugin v27.3 - https:\/\/yoast.com\/product\/yoast-seo-wordpress\/ -->\n<title>Ensayos Ferroviarios de Bastidores y Traviesas de Bogie | CETEST<\/title>\n<meta name=\"description\" content=\"Nuestro laboratorio est\u00e1 acreditado para los ensayos de fatiga de bogie y de traviesas de bogie conforme a EN 13749, UIC 514-4 y UIC 614-4. Estos ensayos tambi\u00e9n son obligatorios para obtener la homologaci\u00f3n TSI de componentes. CETEST cuenta con equipos e instrumentos de medici\u00f3n de vanguardia.\" \/>\n<meta name=\"robots\" content=\"index, follow, max-snippet:-1, max-image-preview:large, max-video-preview:-1\" \/>\n<link rel=\"canonical\" href=\"https:\/\/www.cetestgroup.com\/es\/ensayos-ferroviarios\/estructuras-y-subsistemas\/bastidores-y-traviesas-de-bogie\/\" \/>\n<meta property=\"og:locale\" content=\"es_ES\" \/>\n<meta property=\"og:type\" content=\"article\" \/>\n<meta property=\"og:title\" content=\"Ensayos Ferroviarios de Bastidores y Traviesas de Bogie | CETEST\" \/>\n<meta property=\"og:description\" content=\"Nuestro laboratorio est\u00e1 acreditado para los ensayos de fatiga de bogie y de traviesas de bogie conforme a EN 13749, UIC 514-4 y UIC 614-4. Estos ensayos tambi\u00e9n son obligatorios para obtener la homologaci\u00f3n TSI de componentes. CETEST cuenta con equipos e instrumentos de medici\u00f3n de vanguardia.\" \/>\n<meta property=\"og:url\" content=\"https:\/\/www.cetestgroup.com\/es\/ensayos-ferroviarios\/estructuras-y-subsistemas\/bastidores-y-traviesas-de-bogie\/\" \/>\n<meta property=\"og:site_name\" content=\"CETEST\" \/>\n<meta property=\"article:modified_time\" content=\"2018-05-25T13:31:01+00:00\" \/>\n<meta name=\"twitter:card\" content=\"summary_large_image\" \/>\n<meta name=\"twitter:label1\" content=\"Tiempo de lectura\" \/>\n\t<meta name=\"twitter:data1\" content=\"3 minutos\" \/>\n<script type=\"application\/ld+json\" class=\"yoast-schema-graph\">{\"@context\":\"https:\\\/\\\/schema.org\",\"@graph\":[{\"@type\":\"WebPage\",\"@id\":\"https:\\\/\\\/www.cetestgroup.com\\\/es\\\/ensayos-ferroviarios\\\/estructuras-y-subsistemas\\\/bastidores-y-traviesas-de-bogie\\\/\",\"url\":\"https:\\\/\\\/www.cetestgroup.com\\\/es\\\/ensayos-ferroviarios\\\/estructuras-y-subsistemas\\\/bastidores-y-traviesas-de-bogie\\\/\",\"name\":\"Ensayos Ferroviarios de Bastidores y Traviesas de Bogie | CETEST\",\"isPartOf\":{\"@id\":\"https:\\\/\\\/www.cetestgroup.com\\\/es\\\/#website\"},\"datePublished\":\"2018-04-06T11:32:27+00:00\",\"dateModified\":\"2018-05-25T13:31:01+00:00\",\"description\":\"Nuestro laboratorio est\u00e1 acreditado para los ensayos de fatiga de bogie y de traviesas de bogie conforme a EN 13749, UIC 514-4 y UIC 614-4. Estos ensayos tambi\u00e9n son obligatorios para obtener la homologaci\u00f3n TSI de componentes. CETEST cuenta con equipos e instrumentos de medici\u00f3n de vanguardia.\",\"breadcrumb\":{\"@id\":\"https:\\\/\\\/www.cetestgroup.com\\\/es\\\/ensayos-ferroviarios\\\/estructuras-y-subsistemas\\\/bastidores-y-traviesas-de-bogie\\\/#breadcrumb\"},\"inLanguage\":\"es\",\"potentialAction\":[{\"@type\":\"ReadAction\",\"target\":[\"https:\\\/\\\/www.cetestgroup.com\\\/es\\\/ensayos-ferroviarios\\\/estructuras-y-subsistemas\\\/bastidores-y-traviesas-de-bogie\\\/\"]}]},{\"@type\":\"BreadcrumbList\",\"@id\":\"https:\\\/\\\/www.cetestgroup.com\\\/es\\\/ensayos-ferroviarios\\\/estructuras-y-subsistemas\\\/bastidores-y-traviesas-de-bogie\\\/#breadcrumb\",\"itemListElement\":[{\"@type\":\"ListItem\",\"position\":1,\"name\":\"Home\",\"item\":\"https:\\\/\\\/www.cetestgroup.com\\\/es\\\/\"},{\"@type\":\"ListItem\",\"position\":2,\"name\":\"Ensayos Ferroviarios\",\"item\":\"https:\\\/\\\/www.cetestgroup.com\\\/es\\\/ensayos-ferroviarios\\\/\"},{\"@type\":\"ListItem\",\"position\":3,\"name\":\"Estructuras y Subsistemas\",\"item\":\"https:\\\/\\\/www.cetestgroup.com\\\/es\\\/ensayos-ferroviarios\\\/estructuras-y-subsistemas\\\/\"},{\"@type\":\"ListItem\",\"position\":4,\"name\":\"Bastidores y Traviesas de Bogie\"}]},{\"@type\":\"WebSite\",\"@id\":\"https:\\\/\\\/www.cetestgroup.com\\\/es\\\/#website\",\"url\":\"https:\\\/\\\/www.cetestgroup.com\\\/es\\\/\",\"name\":\"CETEST\",\"description\":\"CETEST is a fully accredited independent test laboratory offering services for design verification, model validation, developmental testing and\\\/or answers to help you identify failure root causes. We carry out tests in our facilities as well as on site as required by customer needs.\",\"potentialAction\":[{\"@type\":\"SearchAction\",\"target\":{\"@type\":\"EntryPoint\",\"urlTemplate\":\"https:\\\/\\\/www.cetestgroup.com\\\/es\\\/?s={search_term_string}\"},\"query-input\":{\"@type\":\"PropertyValueSpecification\",\"valueRequired\":true,\"valueName\":\"search_term_string\"}}],\"inLanguage\":\"es\"}]}<\/script>\n<!-- \/ Yoast SEO plugin. -->","yoast_head_json":{"title":"Ensayos Ferroviarios de Bastidores y Traviesas de Bogie | CETEST","description":"Nuestro laboratorio est\u00e1 acreditado para los ensayos de fatiga de bogie y de traviesas de bogie conforme a EN 13749, UIC 514-4 y UIC 614-4. Estos ensayos tambi\u00e9n son obligatorios para obtener la homologaci\u00f3n TSI de componentes. CETEST cuenta con equipos e instrumentos de medici\u00f3n de vanguardia.","robots":{"index":"index","follow":"follow","max-snippet":"max-snippet:-1","max-image-preview":"max-image-preview:large","max-video-preview":"max-video-preview:-1"},"canonical":"https:\/\/www.cetestgroup.com\/es\/ensayos-ferroviarios\/estructuras-y-subsistemas\/bastidores-y-traviesas-de-bogie\/","og_locale":"es_ES","og_type":"article","og_title":"Ensayos Ferroviarios de Bastidores y Traviesas de Bogie | CETEST","og_description":"Nuestro laboratorio est\u00e1 acreditado para los ensayos de fatiga de bogie y de traviesas de bogie conforme a EN 13749, UIC 514-4 y UIC 614-4. Estos ensayos tambi\u00e9n son obligatorios para obtener la homologaci\u00f3n TSI de componentes. CETEST cuenta con equipos e instrumentos de medici\u00f3n de vanguardia.","og_url":"https:\/\/www.cetestgroup.com\/es\/ensayos-ferroviarios\/estructuras-y-subsistemas\/bastidores-y-traviesas-de-bogie\/","og_site_name":"CETEST","article_modified_time":"2018-05-25T13:31:01+00:00","twitter_card":"summary_large_image","twitter_misc":{"Tiempo de lectura":"3 minutos"},"schema":{"@context":"https:\/\/schema.org","@graph":[{"@type":"WebPage","@id":"https:\/\/www.cetestgroup.com\/es\/ensayos-ferroviarios\/estructuras-y-subsistemas\/bastidores-y-traviesas-de-bogie\/","url":"https:\/\/www.cetestgroup.com\/es\/ensayos-ferroviarios\/estructuras-y-subsistemas\/bastidores-y-traviesas-de-bogie\/","name":"Ensayos Ferroviarios de Bastidores y Traviesas de Bogie | CETEST","isPartOf":{"@id":"https:\/\/www.cetestgroup.com\/es\/#website"},"datePublished":"2018-04-06T11:32:27+00:00","dateModified":"2018-05-25T13:31:01+00:00","description":"Nuestro laboratorio est\u00e1 acreditado para los ensayos de fatiga de bogie y de traviesas de bogie conforme a EN 13749, UIC 514-4 y UIC 614-4. Estos ensayos tambi\u00e9n son obligatorios para obtener la homologaci\u00f3n TSI de componentes. CETEST cuenta con equipos e instrumentos de medici\u00f3n de vanguardia.","breadcrumb":{"@id":"https:\/\/www.cetestgroup.com\/es\/ensayos-ferroviarios\/estructuras-y-subsistemas\/bastidores-y-traviesas-de-bogie\/#breadcrumb"},"inLanguage":"es","potentialAction":[{"@type":"ReadAction","target":["https:\/\/www.cetestgroup.com\/es\/ensayos-ferroviarios\/estructuras-y-subsistemas\/bastidores-y-traviesas-de-bogie\/"]}]},{"@type":"BreadcrumbList","@id":"https:\/\/www.cetestgroup.com\/es\/ensayos-ferroviarios\/estructuras-y-subsistemas\/bastidores-y-traviesas-de-bogie\/#breadcrumb","itemListElement":[{"@type":"ListItem","position":1,"name":"Home","item":"https:\/\/www.cetestgroup.com\/es\/"},{"@type":"ListItem","position":2,"name":"Ensayos Ferroviarios","item":"https:\/\/www.cetestgroup.com\/es\/ensayos-ferroviarios\/"},{"@type":"ListItem","position":3,"name":"Estructuras y Subsistemas","item":"https:\/\/www.cetestgroup.com\/es\/ensayos-ferroviarios\/estructuras-y-subsistemas\/"},{"@type":"ListItem","position":4,"name":"Bastidores y Traviesas de Bogie"}]},{"@type":"WebSite","@id":"https:\/\/www.cetestgroup.com\/es\/#website","url":"https:\/\/www.cetestgroup.com\/es\/","name":"CETEST","description":"CETEST is a fully accredited independent test laboratory offering services for design verification, model validation, developmental testing and\/or answers to help you identify failure root causes. We carry out tests in our facilities as well as on site as required by customer needs.","potentialAction":[{"@type":"SearchAction","target":{"@type":"EntryPoint","urlTemplate":"https:\/\/www.cetestgroup.com\/es\/?s={search_term_string}"},"query-input":{"@type":"PropertyValueSpecification","valueRequired":true,"valueName":"search_term_string"}}],"inLanguage":"es"}]}},"_links":{"self":[{"href":"https:\/\/www.cetestgroup.com\/es\/wp-json\/wp\/v2\/pages\/17714","targetHints":{"allow":["GET"]}}],"collection":[{"href":"https:\/\/www.cetestgroup.com\/es\/wp-json\/wp\/v2\/pages"}],"about":[{"href":"https:\/\/www.cetestgroup.com\/es\/wp-json\/wp\/v2\/types\/page"}],"author":[{"embeddable":true,"href":"https:\/\/www.cetestgroup.com\/es\/wp-json\/wp\/v2\/users\/1"}],"replies":[{"embeddable":true,"href":"https:\/\/www.cetestgroup.com\/es\/wp-json\/wp\/v2\/comments?post=17714"}],"version-history":[{"count":2,"href":"https:\/\/www.cetestgroup.com\/es\/wp-json\/wp\/v2\/pages\/17714\/revisions"}],"predecessor-version":[{"id":18185,"href":"https:\/\/www.cetestgroup.com\/es\/wp-json\/wp\/v2\/pages\/17714\/revisions\/18185"}],"up":[{"embeddable":true,"href":"https:\/\/www.cetestgroup.com\/es\/wp-json\/wp\/v2\/pages\/17799"}],"wp:attachment":[{"href":"https:\/\/www.cetestgroup.com\/es\/wp-json\/wp\/v2\/media?parent=17714"}],"curies":[{"name":"wp","href":"https:\/\/api.w.org\/{rel}","templated":true}]}}