{"id":17707,"date":"2018-04-06T12:05:50","date_gmt":"2018-04-06T11:05:50","guid":{"rendered":"https:\/\/www.cetestgroup.com\/?page_id=17707"},"modified":"2022-12-20T08:00:14","modified_gmt":"2022-12-20T08:00:14","slug":"estructura-de-caja","status":"publish","type":"page","link":"https:\/\/www.cetestgroup.com\/es\/ensayos-ferroviarios\/estructuras-y-subsistemas\/estructura-de-caja\/","title":{"rendered":"Estructura de Caja"},"content":{"rendered":"<div class=\"wpb-content-wrapper\"><p>[vc_row][vc_column]<div class=\"ult-spacer spacer-69dcb83d96673\" data-id=\"69dcb83d96673\" data-height=\"30\" data-height-mobile=\"20\" data-height-tab=\"20\" data-height-tab-portrait=\"\" data-height-mobile-landscape=\"\" style=\"clear:both;display:block;\"><\/div><div class=\"dfd-heading-shortcode\"><div class=\"dfd-heading-module-wrap  text-center style_01 dfd-heading-69dcb83d9670e dfd-disable-resposive-headings\" id=\"dfd-heading-69dcb83d9670e\" ><div class=\"inline-block\"><div class=\"dfd-heading-module\"><h6 class=\"widget-title dfd-title \" style=\"font-family:PT Sans Narrow; font-weight:400; font-style:normal; font-size: 20px; color: #25bdd5 !important; line-height: 25px; \">CETEST es un laboratorio de ensayos acreditado para llevar a cabo ensayos estructurales de cajas conforme a EN 12663. Gracias a nuestra amplia experiencia en este campo, prestamos un servicio completo de verificaci\u00f3n estructural de las cajas. Utilizamos para ello nuestros propios bancos de ensayos, bien en nuestras instalaciones o con nuestros bancos port\u00e1tiles en la f\u00e1brica del cliente.<\/h6><div class=\"dfd-heading-delimiter\"><\/div><\/div><\/div><\/div><script type=\"text\/javascript\">\r\n\t\t\t\t\t\t\t\t\t(function($) {\r\n\t\t\t\t\t\t\t\t\t\t$(\"head\").append(\"<style>.dfd-heading-69dcb83d9670e.dfd-heading-module-wrap .dfd-heading-module .dfd-heading-delimiter {border-bottom-style:solid;border-bottom-width:1px;width:100px;border-bottom-color:#dddddd;}.dfd-heading-69dcb83d9670e.dfd-heading-module-wrap .dfd-heading-module .dfd-heading-delimiter {margin-top:20px;margin-bottom:20px;}<\/style>\");\r\n\t\t\t\t\t\t\t\t\t})(jQuery);\r\n\t\t\t\t\t\t\t\t<\/script><\/div><div class=\"ult-spacer spacer-69dcb83d9680a\" data-id=\"69dcb83d9680a\" data-height=\"30\" data-height-mobile=\"20\" data-height-tab=\"20\" data-height-tab-portrait=\"\" data-height-mobile-landscape=\"\" style=\"clear:both;display:block;\"><\/div>[vc_row_inner][vc_column_inner]<div id=\"dfd-carousel-69dcb83d968d3\" class=\"dfd-carousel-wrapper\"><div class=\"dfd-carousel-module-wrapper  dfd-carousel-horizontal dfd-arrows_aside2 dfdfillsquare dfd-arrows-style_4 dfd-arrows-enabled dfd-dots-enabled\" ><div class=\"dfd-carousel\">[vc_single_image image=\u00bb17240&#8243; img_size=\u00bbfull\u00bb alignment=\u00bbcenter\u00bb][vc_single_image image=\u00bb17544&#8243; img_size=\u00bbfull\u00bb alignment=\u00bbcenter\u00bb][vc_single_image image=\u00bb17545&#8243; img_size=\u00bbfull\u00bb alignment=\u00bbcenter\u00bb]<\/div><a href=\"#\" class=\"dfd-slider-control prev\" title=\"Previous slide\"><i class=\"dfd-added-font-icon-left-open2\"><\/i><\/a><a href=\"#\" class=\"dfd-slider-control next\" title=\"Next slide\"><i class=\"dfd-added-font-icon-right-open2\"><\/i><\/a><\/div>\t\t\t\t<script type=\"text\/javascript\">\r\n\t\t\t\t\t(function($) {\r\n\t\t\t\t\t\t\"use strict\";\r\n\t\t\t\t\t\tvar $carousel = $('#dfd-carousel-69dcb83d968d3').find('.dfd-carousel');\r\n\t\t\t\t\t\t$(document).ready(function() {\r\n\t\t\t\t\t\t\tvar $initialized = ($('body').hasClass('page-template-tmp-side-by-side')) ? $carousel.not('.slick-initialized') : $carousel;\r\n\t\t\t\t\t\t\t\t\t\t\t\t\t\t$carousel.siblings('.dfd-slider-control.prev').click(function(e) {\r\n\t\t\t\t\t\t\t\te.preventDefault();\r\n\t\t\t\t\t\t\t\t$carousel.eq(0).slick('slickPrev');\r\n\t\t\t\t\t\t\t});\r\n\t\t\t\t\t\t\t$carousel.siblings('.dfd-slider-control.next').click(function(e) {\r\n\t\t\t\t\t\t\t\te.preventDefault();\r\n\t\t\t\t\t\t\t\t$carousel.eq(0).slick('slickNext');\r\n\t\t\t\t\t\t\t});\r\n\t\t\t\t\t\t\t$initialized.slick({arrows: false,dotsClass: 'dfd-slick-dots',slidesToScroll: 1,autoplay: true,autoplaySpeed: 5000,dots: true,customPaging: function(slider, i) {\r\n\t\t\t\t\t\t\t\t\treturn '<span data-role=\"none\" role=\"button\" aria-required=\"false\" tabindex=\"0\"><\/span>';\r\n\t\t\t\t\t\t\t\t},infinite: true,slidesToShow: 1,speed: 300,swipe: true,draggable: true,adaptiveHeight: true,responsive: [\r\n\t\t\t\t\t\t\t{\r\n\t\t\t\t\t\t\t\tbreakpoint: 1024,\r\n\t\t\t\t\t\t\t\tsettings: {\r\n\t\t\t\t\t\t\t\t\tslidesToShow: 1,\r\n\t\t\t\t\t\t\t\t\tslidesToScroll: 1,\r\n\t\t\t\t\t\t\t\t}\r\n\t\t\t\t\t\t\t},\r\n\t\t\t\t\t\t\t{\r\n\t\t\t\t\t\t\t\tbreakpoint: 800,\r\n\t\t\t\t\t\t\t\tsettings: {\r\n\t\t\t\t\t\t\t\t\tslidesToShow: 1,\r\n\t\t\t\t\t\t\t\t\tslidesToScroll: 1,\r\n\t\t\t\t\t\t\t\t}\r\n\t\t\t\t\t\t\t},\r\n\t\t\t\t\t\t\t{\r\n\t\t\t\t\t\t\t\tbreakpoint: 480,\r\n\t\t\t\t\t\t\t\tsettings: {\r\n\t\t\t\t\t\t\t\t\tslidesToShow: 1,\r\n\t\t\t\t\t\t\t\t\tslidesToScroll: 1,\r\n\t\t\t\t\t\t\t\t}\r\n\t\t\t\t\t\t\t},]});\r\n\t\t\t\t\t\t\t$(\"head\").append(\"<style>#dfd-carousel-69dcb83d968d3 > .dfd-carousel-module-wrapper > .dfd-carousel > .slick-list > .slick-track > .dfd-item-wrap > .cover {padding: 10px;}#dfd-carousel-69dcb83d968d3 {margin: -10px;}<\/style>\")\t\t\t\t\t\t});\r\n\t\t\t\t\t})(jQuery);\r\n\t\t\t\t<\/script>\r\n            <\/div><div class=\"ult-spacer spacer-69dcb83d96977\" data-id=\"69dcb83d96977\" data-height=\"30\" data-height-mobile=\"20\" data-height-tab=\"20\" data-height-tab-portrait=\"\" data-height-mobile-landscape=\"\" style=\"clear:both;display:block;\"><\/div>[\/vc_column_inner][\/vc_row_inner][vc_row_inner][vc_column_inner width=\u00bb1\/2&#8243;][vc_column_text]Dise\u00f1amos, gestionamos y llevamos a cabo ensayos estructurales conformes a EN, APTA, PRIIA, ASME, GM RT y otras normas internacionales. CETEST tambi\u00e9n puede adaptar el dise\u00f1o del ensayo a los requisitos espec\u00edficos del cliente incluyendo, si es preciso, cargas est\u00e1ticas y din\u00e1micas.<\/p>\n<p>El dise\u00f1o estructural y, por consiguiente, la seguridad de las cajas de los veh\u00edculos ferroviarios depende de las cargas a las que est\u00e1n sometidas y de las caracter\u00edsticas de los materiales con los que est\u00e1n fabricadas. Estos requisitos de carga, que se tienen en cuenta durante el dise\u00f1o estructural y el ensayo de la caja del veh\u00edculo, se basan en la experiencia demostrada y est\u00e1n respaldados por la evaluaci\u00f3n de los datos experimentales y la informaci\u00f3n publicada. Aqu\u00ed, en CETEST, colaboramos con el cliente a lo largo de toda la fase de ensayo.<\/p>\n<p>El laboratorio de CETEST cuenta con varios bancos de ensayo estructurales adaptados a bastidores de caja de diferentes largos, anchos de v\u00eda y geometr\u00edas. Pueden colocarse galgas extensom\u00e9tricas y rosetas en cualquier punto del veh\u00edculo seg\u00fan se precise. \u00a1Hemos llevado a cabo ensayos tomando medidas con m\u00e1s de 400 canales![\/vc_column_text][\/vc_column_inner][vc_column_inner width=\u00bb1\/2&#8243; dfd_column_responsive_enable=\u00bbdfd-column-responsive-enable\u00bb css=\u00bb.vc_custom_1503901763609{padding-right: 5% !important;padding-left: 5% !important;}\u00bb responsive_styles=\u00bbpadding_left_mobile:10|padding_right_mobile:10&#8243;]<div class=\"ult-spacer spacer-69dcb83d969a3\" data-id=\"69dcb83d969a3\" data-height=\"20\" data-height-mobile=\"20\" data-height-tab=\"20\" data-height-tab-portrait=\"\" data-height-mobile-landscape=\"\" style=\"clear:both;display:block;\"><\/div>[vc_single_image image=\u00bb17546&#8243; img_size=\u00bbfull\u00bb alignment=\u00bbcenter\u00bb]<div class=\"ult-spacer spacer-69dcb83d969c8\" data-id=\"69dcb83d969c8\" data-height=\"10\" data-height-mobile=\"10\" data-height-tab=\"10\" data-height-tab-portrait=\"\" data-height-mobile-landscape=\"\" style=\"clear:both;display:block;\"><\/div>[\/vc_column_inner][\/vc_row_inner]<div class=\"ult-spacer spacer-69dcb83d969ea\" data-id=\"69dcb83d969ea\" data-height=\"50\" data-height-mobile=\"10\" data-height-tab=\"30\" data-height-tab-portrait=\"\" data-height-mobile-landscape=\"\" style=\"clear:both;display:block;\"><\/div>[vc_row_inner][vc_column_inner width=\u00bb1\/2&#8243;][vc_single_image image=\u00bb17711&#8243; img_size=\u00bbfull\u00bb add_caption=\u00bbyes\u00bb alignment=\u00bbcenter\u00bb]<div class=\"ult-spacer spacer-69dcb83d96a0a\" data-id=\"69dcb83d96a0a\" data-height=\"30\" data-height-mobile=\"20\" data-height-tab=\"20\" data-height-tab-portrait=\"\" data-height-mobile-landscape=\"\" style=\"clear:both;display:block;\"><\/div>[\/vc_column_inner][vc_column_inner width=\u00bb1\/2&#8243; dfd_column_responsive_enable=\u00bbdfd-column-responsive-enable\u00bb css=\u00bb.vc_custom_1503901780924{padding-right: 5% !important;padding-left: 5% !important;}\u00bb responsive_styles=\u00bbpadding_left_mobile:10|padding_right_mobile:10&#8243;][vc_column_text item_animation=\u00bbtransition.fadeIn\u00bb]CETEST presume de disponer de equipos e instrumentaci\u00f3n de medida de vanguardia; sensores de desplazamiento, c\u00e9lulas de carga, sistemas de control y un moderno programa inform\u00e1tico de adquisici\u00f3n de datos, que garantizan a nuestros clientes que recibir\u00e1n el mejor servicio posible.[\/vc_column_text]<div id=\"dfd-announce-69dcb83d96a33-7766\" class=\"dfd-announce-module-wrap align-left no_full_bg_class  style-3 layout-1\" ><div class=\"dfd-announce-module\"><div class=\"module-icon\" ><i class = \"dfd-icon-train_1\"><\/i><\/div><div class=\"module-text\" style=\"font-family:PT Sans; font-weight:400; font-style:normal; font-size: 18px; color: #25bdd5 !important; line-height: 22px; font-weight:bold; \">Nuestras soluciones de ensayos estructurales para cajas incluyen unos bancos de ensayo que pueden instalarse en cualquier ubicaci\u00f3n, y as\u00ed prestar un servicio a medida para cada cliente y proyecto.<\/div><\/div><\/div><div class=\"ult-spacer spacer-69dcb83d96a80\" data-id=\"69dcb83d96a80\" data-height=\"30\" data-height-mobile=\"20\" data-height-tab=\"20\" data-height-tab-portrait=\"\" data-height-mobile-landscape=\"\" style=\"clear:both;display:block;\"><\/div>[\/vc_column_inner][\/vc_row_inner]<div class=\"ult-spacer spacer-69dcb83d96aa2\" data-id=\"69dcb83d96aa2\" data-height=\"30\" data-height-mobile=\"10\" data-height-tab=\"20\" data-height-tab-portrait=\"\" data-height-mobile-landscape=\"\" style=\"clear:both;display:block;\"><\/div>[vc_row_inner][vc_column_inner][vc_column_text item_animation=\u00bbtransition.fadeIn\u00bb]Adem\u00e1s, nuestras soluciones de ensayos estructurales para cajas incluyen unos bancos de ensayo que pueden instalarse en cualquier ubicaci\u00f3n, y as\u00ed prestar un servicio a medida para cada cliente y proyecto. No necesita desplazar su veh\u00edculo; nosotros trasladamos el banco de ensayos a sus instalaciones. <em>Anywhere, anytime<\/em>.<\/p>\n<p>Nuestros bancos de cajas est\u00e1n dise\u00f1ados para aplicar cargas de servicio y excepcionales, como cargas longitudinales (compresi\u00f3n y tracci\u00f3n), verticales y laterales, cargas de encarrilo y de levante, as\u00ed como cargas en bastidor de bogie.<\/p>\n<p>Tambi\u00e9n colaboramos con nuestros clientes para comparar los resultados del c\u00e1lculo FEM con los resultados obtenidos durante los ensayos. Gracias a nuestra experiencia acumulada en ensayos, ayudamos a nuestros clientes a completar el proceso de comparaci\u00f3n, y les orientamos y ofrecemos sugerencias cuando es preciso.[\/vc_column_text][\/vc_column_inner][\/vc_row_inner]<div class=\"ult-spacer spacer-69dcb83d96ac0\" data-id=\"69dcb83d96ac0\" data-height=\"60\" data-height-mobile=\"20\" data-height-tab=\"30\" data-height-tab-portrait=\"\" data-height-mobile-landscape=\"\" style=\"clear:both;display:block;\"><\/div>[\/vc_column][\/vc_row]<\/p>\n<\/div>","protected":false},"excerpt":{"rendered":"<p>[vc_row][vc_column][vc_row_inner][vc_column_inner][\/vc_column_inner][\/vc_row_inner][vc_row_inner][vc_column_inner width=\u00bb1\/2&#8243;][vc_column_text]Dise\u00f1amos, gestionamos y llevamos a cabo ensayos estructurales conformes a EN, APTA, PRIIA, ASME, GM RT y otras normas internacionales. CETEST tambi\u00e9n puede adaptar el dise\u00f1o del ensayo a<\/p>\n","protected":false},"author":1,"featured_media":0,"parent":17799,"menu_order":0,"comment_status":"closed","ping_status":"closed","template":"tmp-page-right-sidebar.php","meta":{"_acf_changed":false,"footnotes":""},"class_list":["post-17707","page","type-page","status-publish","hentry"],"acf":[],"yoast_head":"<!-- This site is optimized with the Yoast SEO plugin v27.3 - https:\/\/yoast.com\/product\/yoast-seo-wordpress\/ -->\n<title>Ensayos Estructurales de Cajas de Veh\u00edculos Ferroviarios | CETEST<\/title>\n<meta name=\"description\" content=\"Dise\u00f1amos, gestionamos y llevamos a cabo ensayos estructurales conformes a EN, APTA, PRIIA, ASME, GM RT y otras normas internacionales. CETEST tambi\u00e9n puede adaptar el dise\u00f1o del ensayo a los requisitos espec\u00edficos del cliente incluyendo, si es preciso, cargas est\u00e1ticas y din\u00e1micas.\" \/>\n<meta name=\"robots\" content=\"index, follow, max-snippet:-1, max-image-preview:large, max-video-preview:-1\" \/>\n<link rel=\"canonical\" href=\"https:\/\/www.cetestgroup.com\/es\/ensayos-ferroviarios\/estructuras-y-subsistemas\/estructura-de-caja\/\" \/>\n<meta property=\"og:locale\" content=\"es_ES\" \/>\n<meta property=\"og:type\" content=\"article\" \/>\n<meta property=\"og:title\" content=\"Ensayos Estructurales de Cajas de Veh\u00edculos Ferroviarios | CETEST\" \/>\n<meta property=\"og:description\" content=\"Dise\u00f1amos, gestionamos y llevamos a cabo ensayos estructurales conformes a EN, APTA, PRIIA, ASME, GM RT y otras normas internacionales. CETEST tambi\u00e9n puede adaptar el dise\u00f1o del ensayo a los requisitos espec\u00edficos del cliente incluyendo, si es preciso, cargas est\u00e1ticas y din\u00e1micas.\" \/>\n<meta property=\"og:url\" content=\"https:\/\/www.cetestgroup.com\/es\/ensayos-ferroviarios\/estructuras-y-subsistemas\/estructura-de-caja\/\" \/>\n<meta property=\"og:site_name\" content=\"CETEST\" \/>\n<meta property=\"article:modified_time\" content=\"2022-12-20T08:00:14+00:00\" \/>\n<meta name=\"twitter:card\" content=\"summary_large_image\" \/>\n<meta name=\"twitter:label1\" content=\"Tiempo de lectura\" \/>\n\t<meta name=\"twitter:data1\" content=\"4 minutos\" \/>\n<script type=\"application\/ld+json\" class=\"yoast-schema-graph\">{\"@context\":\"https:\\\/\\\/schema.org\",\"@graph\":[{\"@type\":\"WebPage\",\"@id\":\"https:\\\/\\\/www.cetestgroup.com\\\/es\\\/ensayos-ferroviarios\\\/estructuras-y-subsistemas\\\/estructura-de-caja\\\/\",\"url\":\"https:\\\/\\\/www.cetestgroup.com\\\/es\\\/ensayos-ferroviarios\\\/estructuras-y-subsistemas\\\/estructura-de-caja\\\/\",\"name\":\"Ensayos Estructurales de Cajas de Veh\u00edculos Ferroviarios | CETEST\",\"isPartOf\":{\"@id\":\"https:\\\/\\\/www.cetestgroup.com\\\/es\\\/#website\"},\"datePublished\":\"2018-04-06T11:05:50+00:00\",\"dateModified\":\"2022-12-20T08:00:14+00:00\",\"description\":\"Dise\u00f1amos, gestionamos y llevamos a cabo ensayos estructurales conformes a EN, APTA, PRIIA, ASME, GM RT y otras normas internacionales. CETEST tambi\u00e9n puede adaptar el dise\u00f1o del ensayo a los requisitos espec\u00edficos del cliente incluyendo, si es preciso, cargas est\u00e1ticas y din\u00e1micas.\",\"breadcrumb\":{\"@id\":\"https:\\\/\\\/www.cetestgroup.com\\\/es\\\/ensayos-ferroviarios\\\/estructuras-y-subsistemas\\\/estructura-de-caja\\\/#breadcrumb\"},\"inLanguage\":\"es\",\"potentialAction\":[{\"@type\":\"ReadAction\",\"target\":[\"https:\\\/\\\/www.cetestgroup.com\\\/es\\\/ensayos-ferroviarios\\\/estructuras-y-subsistemas\\\/estructura-de-caja\\\/\"]}]},{\"@type\":\"BreadcrumbList\",\"@id\":\"https:\\\/\\\/www.cetestgroup.com\\\/es\\\/ensayos-ferroviarios\\\/estructuras-y-subsistemas\\\/estructura-de-caja\\\/#breadcrumb\",\"itemListElement\":[{\"@type\":\"ListItem\",\"position\":1,\"name\":\"Home\",\"item\":\"https:\\\/\\\/www.cetestgroup.com\\\/es\\\/\"},{\"@type\":\"ListItem\",\"position\":2,\"name\":\"Ensayos Ferroviarios\",\"item\":\"https:\\\/\\\/www.cetestgroup.com\\\/es\\\/ensayos-ferroviarios\\\/\"},{\"@type\":\"ListItem\",\"position\":3,\"name\":\"Estructuras y Subsistemas\",\"item\":\"https:\\\/\\\/www.cetestgroup.com\\\/es\\\/ensayos-ferroviarios\\\/estructuras-y-subsistemas\\\/\"},{\"@type\":\"ListItem\",\"position\":4,\"name\":\"Estructura de Caja\"}]},{\"@type\":\"WebSite\",\"@id\":\"https:\\\/\\\/www.cetestgroup.com\\\/es\\\/#website\",\"url\":\"https:\\\/\\\/www.cetestgroup.com\\\/es\\\/\",\"name\":\"CETEST\",\"description\":\"CETEST is a fully accredited independent test laboratory offering services for design verification, model validation, developmental testing and\\\/or answers to help you identify failure root causes. We carry out tests in our facilities as well as on site as required by customer needs.\",\"potentialAction\":[{\"@type\":\"SearchAction\",\"target\":{\"@type\":\"EntryPoint\",\"urlTemplate\":\"https:\\\/\\\/www.cetestgroup.com\\\/es\\\/?s={search_term_string}\"},\"query-input\":{\"@type\":\"PropertyValueSpecification\",\"valueRequired\":true,\"valueName\":\"search_term_string\"}}],\"inLanguage\":\"es\"}]}<\/script>\n<!-- \/ Yoast SEO plugin. -->","yoast_head_json":{"title":"Ensayos Estructurales de Cajas de Veh\u00edculos Ferroviarios | CETEST","description":"Dise\u00f1amos, gestionamos y llevamos a cabo ensayos estructurales conformes a EN, APTA, PRIIA, ASME, GM RT y otras normas internacionales. CETEST tambi\u00e9n puede adaptar el dise\u00f1o del ensayo a los requisitos espec\u00edficos del cliente incluyendo, si es preciso, cargas est\u00e1ticas y din\u00e1micas.","robots":{"index":"index","follow":"follow","max-snippet":"max-snippet:-1","max-image-preview":"max-image-preview:large","max-video-preview":"max-video-preview:-1"},"canonical":"https:\/\/www.cetestgroup.com\/es\/ensayos-ferroviarios\/estructuras-y-subsistemas\/estructura-de-caja\/","og_locale":"es_ES","og_type":"article","og_title":"Ensayos Estructurales de Cajas de Veh\u00edculos Ferroviarios | CETEST","og_description":"Dise\u00f1amos, gestionamos y llevamos a cabo ensayos estructurales conformes a EN, APTA, PRIIA, ASME, GM RT y otras normas internacionales. CETEST tambi\u00e9n puede adaptar el dise\u00f1o del ensayo a los requisitos espec\u00edficos del cliente incluyendo, si es preciso, cargas est\u00e1ticas y din\u00e1micas.","og_url":"https:\/\/www.cetestgroup.com\/es\/ensayos-ferroviarios\/estructuras-y-subsistemas\/estructura-de-caja\/","og_site_name":"CETEST","article_modified_time":"2022-12-20T08:00:14+00:00","twitter_card":"summary_large_image","twitter_misc":{"Tiempo de lectura":"4 minutos"},"schema":{"@context":"https:\/\/schema.org","@graph":[{"@type":"WebPage","@id":"https:\/\/www.cetestgroup.com\/es\/ensayos-ferroviarios\/estructuras-y-subsistemas\/estructura-de-caja\/","url":"https:\/\/www.cetestgroup.com\/es\/ensayos-ferroviarios\/estructuras-y-subsistemas\/estructura-de-caja\/","name":"Ensayos Estructurales de Cajas de Veh\u00edculos Ferroviarios | CETEST","isPartOf":{"@id":"https:\/\/www.cetestgroup.com\/es\/#website"},"datePublished":"2018-04-06T11:05:50+00:00","dateModified":"2022-12-20T08:00:14+00:00","description":"Dise\u00f1amos, gestionamos y llevamos a cabo ensayos estructurales conformes a EN, APTA, PRIIA, ASME, GM RT y otras normas internacionales. CETEST tambi\u00e9n puede adaptar el dise\u00f1o del ensayo a los requisitos espec\u00edficos del cliente incluyendo, si es preciso, cargas est\u00e1ticas y din\u00e1micas.","breadcrumb":{"@id":"https:\/\/www.cetestgroup.com\/es\/ensayos-ferroviarios\/estructuras-y-subsistemas\/estructura-de-caja\/#breadcrumb"},"inLanguage":"es","potentialAction":[{"@type":"ReadAction","target":["https:\/\/www.cetestgroup.com\/es\/ensayos-ferroviarios\/estructuras-y-subsistemas\/estructura-de-caja\/"]}]},{"@type":"BreadcrumbList","@id":"https:\/\/www.cetestgroup.com\/es\/ensayos-ferroviarios\/estructuras-y-subsistemas\/estructura-de-caja\/#breadcrumb","itemListElement":[{"@type":"ListItem","position":1,"name":"Home","item":"https:\/\/www.cetestgroup.com\/es\/"},{"@type":"ListItem","position":2,"name":"Ensayos Ferroviarios","item":"https:\/\/www.cetestgroup.com\/es\/ensayos-ferroviarios\/"},{"@type":"ListItem","position":3,"name":"Estructuras y Subsistemas","item":"https:\/\/www.cetestgroup.com\/es\/ensayos-ferroviarios\/estructuras-y-subsistemas\/"},{"@type":"ListItem","position":4,"name":"Estructura de Caja"}]},{"@type":"WebSite","@id":"https:\/\/www.cetestgroup.com\/es\/#website","url":"https:\/\/www.cetestgroup.com\/es\/","name":"CETEST","description":"CETEST is a fully accredited independent test laboratory offering services for design verification, model validation, developmental testing and\/or answers to help you identify failure root causes. We carry out tests in our facilities as well as on site as required by customer needs.","potentialAction":[{"@type":"SearchAction","target":{"@type":"EntryPoint","urlTemplate":"https:\/\/www.cetestgroup.com\/es\/?s={search_term_string}"},"query-input":{"@type":"PropertyValueSpecification","valueRequired":true,"valueName":"search_term_string"}}],"inLanguage":"es"}]}},"_links":{"self":[{"href":"https:\/\/www.cetestgroup.com\/es\/wp-json\/wp\/v2\/pages\/17707","targetHints":{"allow":["GET"]}}],"collection":[{"href":"https:\/\/www.cetestgroup.com\/es\/wp-json\/wp\/v2\/pages"}],"about":[{"href":"https:\/\/www.cetestgroup.com\/es\/wp-json\/wp\/v2\/types\/page"}],"author":[{"embeddable":true,"href":"https:\/\/www.cetestgroup.com\/es\/wp-json\/wp\/v2\/users\/1"}],"replies":[{"embeddable":true,"href":"https:\/\/www.cetestgroup.com\/es\/wp-json\/wp\/v2\/comments?post=17707"}],"version-history":[{"count":3,"href":"https:\/\/www.cetestgroup.com\/es\/wp-json\/wp\/v2\/pages\/17707\/revisions"}],"predecessor-version":[{"id":19701,"href":"https:\/\/www.cetestgroup.com\/es\/wp-json\/wp\/v2\/pages\/17707\/revisions\/19701"}],"up":[{"embeddable":true,"href":"https:\/\/www.cetestgroup.com\/es\/wp-json\/wp\/v2\/pages\/17799"}],"wp:attachment":[{"href":"https:\/\/www.cetestgroup.com\/es\/wp-json\/wp\/v2\/media?parent=17707"}],"curies":[{"name":"wp","href":"https:\/\/api.w.org\/{rel}","templated":true}]}}