{"id":17700,"date":"2018-04-06T11:18:08","date_gmt":"2018-04-06T10:18:08","guid":{"rendered":"https:\/\/www.cetestgroup.com\/?page_id=17700"},"modified":"2023-03-22T12:51:08","modified_gmt":"2023-03-22T12:51:08","slug":"vibraciones","status":"publish","type":"page","link":"https:\/\/www.cetestgroup.com\/es\/ensayos-ferroviarios\/ruido-y-vibraciones\/vibraciones\/","title":{"rendered":"Vibraciones"},"content":{"rendered":"<div class=\"wpb-content-wrapper\"><p>[vc_row][vc_column]<div class=\"ult-spacer spacer-69dcb7c0542ff\" data-id=\"69dcb7c0542ff\" data-height=\"30\" data-height-mobile=\"20\" data-height-tab=\"20\" data-height-tab-portrait=\"\" data-height-mobile-landscape=\"\" style=\"clear:both;display:block;\"><\/div><div class=\"dfd-heading-shortcode\"><div class=\"dfd-heading-module-wrap  text-center style_01 dfd-heading-69dcb7c0543ea dfd-disable-resposive-headings\" id=\"dfd-heading-69dcb7c0543ea\" ><div class=\"inline-block\"><div class=\"dfd-heading-module\"><h6 class=\"widget-title dfd-title \" style=\"font-family:PT Sans Narrow; font-weight:400; font-style:normal; font-size: 20px; color: #25bdd5 !important; line-height: 25px; \">En CETEST medimos y analizamos los niveles de vibraci\u00f3n en componentes y subconjuntos para el cumplimiento de normas.<\/h6><div class=\"dfd-heading-delimiter\"><\/div><\/div><\/div><\/div><script type=\"text\/javascript\">\r\n\t\t\t\t\t\t\t\t\t(function($) {\r\n\t\t\t\t\t\t\t\t\t\t$(\"head\").append(\"<style>.dfd-heading-69dcb7c0543ea.dfd-heading-module-wrap .dfd-heading-module .dfd-heading-delimiter {border-bottom-style:solid;border-bottom-width:1px;width:100px;border-bottom-color:#dddddd;}.dfd-heading-69dcb7c0543ea.dfd-heading-module-wrap .dfd-heading-module .dfd-heading-delimiter {margin-top:20px;margin-bottom:20px;}<\/style>\");\r\n\t\t\t\t\t\t\t\t\t})(jQuery);\r\n\t\t\t\t\t\t\t\t<\/script><\/div><div class=\"ult-spacer spacer-69dcb7c054586\" data-id=\"69dcb7c054586\" data-height=\"30\" data-height-mobile=\"20\" data-height-tab=\"20\" data-height-tab-portrait=\"\" data-height-mobile-landscape=\"\" style=\"clear:both;display:block;\"><\/div>[vc_row_inner][vc_column_inner][vc_column_text]Por ejemplo, calculamos la FRF (Funci\u00f3n de Respuesta en Frecuencia) para determinar la transmisi\u00f3n de la vibraci\u00f3n entre los distintos componentes y fases de suspensi\u00f3n. Estos datos nos permiten detectar problemas importantes as\u00ed como ajustar los modelos de simulaci\u00f3n.[\/vc_column_text][\/vc_column_inner][\/vc_row_inner]<div class=\"ult-spacer spacer-69dcb7c0545d4\" data-id=\"69dcb7c0545d4\" data-height=\"30\" data-height-mobile=\"20\" data-height-tab=\"20\" data-height-tab-portrait=\"\" data-height-mobile-landscape=\"\" style=\"clear:both;display:block;\"><\/div>[vc_row_inner][vc_column_inner width=\u00bb1\/2&#8243;]<div class=\"ult-spacer spacer-69dcb7c054635\" data-id=\"69dcb7c054635\" data-height=\"20\" data-height-mobile=\"10\" data-height-tab=\"20\" data-height-tab-portrait=\"\" data-height-mobile-landscape=\"\" style=\"clear:both;display:block;\"><\/div><div id=\"dfd-carousel-69dcb7c0546ff\" class=\"dfd-carousel-wrapper\"><div class=\"dfd-carousel-module-wrapper  dfd-carousel-horizontal dfd-arrows_aside2 dfdfillsquare dfd-arrows-style_4 dfd-arrows-enabled dfd-dots-enabled\" ><div class=\"dfd-carousel\">[vc_single_image image=\u00bb17293&#8243; img_size=\u00bbfull\u00bb alignment=\u00bbcenter\u00bb][vc_single_image image=\u00bb17294&#8243; img_size=\u00bbfull\u00bb alignment=\u00bbcenter\u00bb][vc_single_image image=\u00bb19397&#8243; img_size=\u00bbfull\u00bb alignment=\u00bbcenter\u00bb]<\/div><a href=\"#\" class=\"dfd-slider-control prev\" title=\"Previous slide\"><i class=\"dfd-added-font-icon-left-open2\"><\/i><\/a><a href=\"#\" class=\"dfd-slider-control next\" title=\"Next slide\"><i class=\"dfd-added-font-icon-right-open2\"><\/i><\/a><\/div>\t\t\t\t<script type=\"text\/javascript\">\r\n\t\t\t\t\t(function($) {\r\n\t\t\t\t\t\t\"use strict\";\r\n\t\t\t\t\t\tvar $carousel = $('#dfd-carousel-69dcb7c0546ff').find('.dfd-carousel');\r\n\t\t\t\t\t\t$(document).ready(function() {\r\n\t\t\t\t\t\t\tvar $initialized = ($('body').hasClass('page-template-tmp-side-by-side')) ? $carousel.not('.slick-initialized') : $carousel;\r\n\t\t\t\t\t\t\t\t\t\t\t\t\t\t$carousel.siblings('.dfd-slider-control.prev').click(function(e) {\r\n\t\t\t\t\t\t\t\te.preventDefault();\r\n\t\t\t\t\t\t\t\t$carousel.eq(0).slick('slickPrev');\r\n\t\t\t\t\t\t\t});\r\n\t\t\t\t\t\t\t$carousel.siblings('.dfd-slider-control.next').click(function(e) {\r\n\t\t\t\t\t\t\t\te.preventDefault();\r\n\t\t\t\t\t\t\t\t$carousel.eq(0).slick('slickNext');\r\n\t\t\t\t\t\t\t});\r\n\t\t\t\t\t\t\t$initialized.slick({arrows: false,dotsClass: 'dfd-slick-dots',slidesToScroll: 1,autoplay: true,autoplaySpeed: 5000,dots: true,customPaging: function(slider, i) {\r\n\t\t\t\t\t\t\t\t\treturn '<span data-role=\"none\" role=\"button\" aria-required=\"false\" tabindex=\"0\"><\/span>';\r\n\t\t\t\t\t\t\t\t},infinite: true,slidesToShow: 1,speed: 300,swipe: true,draggable: true,adaptiveHeight: true,responsive: [\r\n\t\t\t\t\t\t\t{\r\n\t\t\t\t\t\t\t\tbreakpoint: 1024,\r\n\t\t\t\t\t\t\t\tsettings: {\r\n\t\t\t\t\t\t\t\t\tslidesToShow: 1,\r\n\t\t\t\t\t\t\t\t\tslidesToScroll: 1,\r\n\t\t\t\t\t\t\t\t}\r\n\t\t\t\t\t\t\t},\r\n\t\t\t\t\t\t\t{\r\n\t\t\t\t\t\t\t\tbreakpoint: 800,\r\n\t\t\t\t\t\t\t\tsettings: {\r\n\t\t\t\t\t\t\t\t\tslidesToShow: 1,\r\n\t\t\t\t\t\t\t\t\tslidesToScroll: 1,\r\n\t\t\t\t\t\t\t\t}\r\n\t\t\t\t\t\t\t},\r\n\t\t\t\t\t\t\t{\r\n\t\t\t\t\t\t\t\tbreakpoint: 480,\r\n\t\t\t\t\t\t\t\tsettings: {\r\n\t\t\t\t\t\t\t\t\tslidesToShow: 1,\r\n\t\t\t\t\t\t\t\t\tslidesToScroll: 1,\r\n\t\t\t\t\t\t\t\t}\r\n\t\t\t\t\t\t\t},]});\r\n\t\t\t\t\t\t\t$(\"head\").append(\"<style>#dfd-carousel-69dcb7c0546ff > .dfd-carousel-module-wrapper > .dfd-carousel > .slick-list > .slick-track > .dfd-item-wrap > .cover {padding: 10px;}#dfd-carousel-69dcb7c0546ff {margin: -10px;}<\/style>\")\t\t\t\t\t\t});\r\n\t\t\t\t\t})(jQuery);\r\n\t\t\t\t<\/script>\r\n            <\/div>[\/vc_column_inner][vc_column_inner width=\u00bb1\/2&#8243; css=\u00bb.vc_custom_1501153082267{padding-right: 5% !important;padding-left: 5% !important;}\u00bb]<div id=\"dfd-announce-69dcb7c0547e5-7434\" class=\"dfd-announce-module-wrap align-left no_full_bg_class  style-3 layout-1\" ><div class=\"dfd-announce-module\"><div class=\"module-icon\" ><i class = \"dfd-icon-train_1\"><\/i><\/div><div class=\"module-text\" style=\"font-family:PT Sans; font-weight:400; font-style:normal; font-size: 18px; color: #25bdd5 !important; line-height: 22px; font-weight:bold; \">Podemos analizar y comparar la DEP (Densidad Espectral de Potencia) con las curvas de referencia.<\/div><\/div><\/div><div class=\"ult-spacer spacer-69dcb7c05485f\" data-id=\"69dcb7c05485f\" data-height=\"20\" data-height-mobile=\"20\" data-height-tab=\"20\" data-height-tab-portrait=\"\" data-height-mobile-landscape=\"\" style=\"clear:both;display:block;\"><\/div>[vc_column_text]CETEST tambi\u00e9n realiza el an\u00e1lisis de \u00f3rdenes. Este an\u00e1lisis compara los niveles de vibraci\u00f3n en el dominio de la frecuencia con la velocidad de rotaci\u00f3n. Es una herramienta muy \u00fatil para la detecci\u00f3n de fallos en los elementos rotatorios.[\/vc_column_text][\/vc_column_inner][\/vc_row_inner]<div class=\"ult-spacer spacer-69dcb7c0548a0\" data-id=\"69dcb7c0548a0\" data-height=\"30\" data-height-mobile=\"20\" data-height-tab=\"20\" data-height-tab-portrait=\"\" data-height-mobile-landscape=\"\" style=\"clear:both;display:block;\"><\/div>[vc_column_text]Adem\u00e1s, podemos analizar y comparar la DEP (Densidad Espectral de Potencia) con las curvas de referencia. La DEP correspondiente se calcula partiendo de las aceleraciones medidas en la v\u00eda en condiciones operativas. Esta DEP se compara con la curva de referencia establecida por el ensayo funcional de la norma IEC 61373 para determinar si el componente a estudio experimenta un nivel de vibraci\u00f3n normal.[\/vc_column_text]<div class=\"ult-spacer spacer-69dcb7c0548db\" data-id=\"69dcb7c0548db\" data-height=\"60\" data-height-mobile=\"20\" data-height-tab=\"30\" data-height-tab-portrait=\"\" data-height-mobile-landscape=\"\" style=\"clear:both;display:block;\"><\/div>[\/vc_column][\/vc_row]<\/p>\n<\/div>","protected":false},"excerpt":{"rendered":"<p>[vc_row][vc_column][vc_row_inner][vc_column_inner][vc_column_text]Por ejemplo, calculamos la FRF (Funci\u00f3n de Respuesta en Frecuencia) para determinar la transmisi\u00f3n de la vibraci\u00f3n entre los distintos componentes y fases de suspensi\u00f3n. Estos datos nos permiten detectar<\/p>\n","protected":false},"author":1,"featured_media":0,"parent":17823,"menu_order":0,"comment_status":"closed","ping_status":"closed","template":"tmp-page-right-sidebar.php","meta":{"_acf_changed":false,"footnotes":""},"class_list":["post-17700","page","type-page","status-publish","hentry"],"acf":[],"yoast_head":"<!-- This site is optimized with the Yoast SEO plugin v27.3 - https:\/\/yoast.com\/product\/yoast-seo-wordpress\/ -->\n<title>Ensayos del Nivel de Vibraciones en el Sector Ferroviario | CETEST<\/title>\n<meta name=\"description\" content=\"En CETEST medimos y analizamos los niveles de vibraci\u00f3n en componentes y subconjuntos para el cumplimiento de normas. Tambi\u00e9n el an\u00e1lisis de \u00f3rdenes, que compara los niveles de vibraci\u00f3n en el dominio de la frecuencia con la velocidad de rotaci\u00f3n. Es muy \u00fatil para la detecci\u00f3n de fallos en los elementos rotatorios.\" \/>\n<meta name=\"robots\" content=\"index, follow, max-snippet:-1, max-image-preview:large, max-video-preview:-1\" \/>\n<link rel=\"canonical\" href=\"https:\/\/www.cetestgroup.com\/es\/ensayos-ferroviarios\/ruido-y-vibraciones\/vibraciones\/\" \/>\n<meta property=\"og:locale\" content=\"es_ES\" \/>\n<meta property=\"og:type\" content=\"article\" \/>\n<meta property=\"og:title\" content=\"Ensayos del Nivel de Vibraciones en el Sector Ferroviario | CETEST\" \/>\n<meta property=\"og:description\" content=\"En CETEST medimos y analizamos los niveles de vibraci\u00f3n en componentes y subconjuntos para el cumplimiento de normas. Tambi\u00e9n el an\u00e1lisis de \u00f3rdenes, que compara los niveles de vibraci\u00f3n en el dominio de la frecuencia con la velocidad de rotaci\u00f3n. Es muy \u00fatil para la detecci\u00f3n de fallos en los elementos rotatorios.\" \/>\n<meta property=\"og:url\" content=\"https:\/\/www.cetestgroup.com\/es\/ensayos-ferroviarios\/ruido-y-vibraciones\/vibraciones\/\" \/>\n<meta property=\"og:site_name\" content=\"CETEST\" \/>\n<meta property=\"article:modified_time\" content=\"2023-03-22T12:51:08+00:00\" \/>\n<meta name=\"twitter:card\" content=\"summary_large_image\" \/>\n<meta name=\"twitter:label1\" content=\"Tiempo de lectura\" \/>\n\t<meta name=\"twitter:data1\" content=\"2 minutos\" \/>\n<script type=\"application\/ld+json\" class=\"yoast-schema-graph\">{\"@context\":\"https:\\\/\\\/schema.org\",\"@graph\":[{\"@type\":\"WebPage\",\"@id\":\"https:\\\/\\\/www.cetestgroup.com\\\/es\\\/ensayos-ferroviarios\\\/ruido-y-vibraciones\\\/vibraciones\\\/\",\"url\":\"https:\\\/\\\/www.cetestgroup.com\\\/es\\\/ensayos-ferroviarios\\\/ruido-y-vibraciones\\\/vibraciones\\\/\",\"name\":\"Ensayos del Nivel de Vibraciones en el Sector Ferroviario | CETEST\",\"isPartOf\":{\"@id\":\"https:\\\/\\\/www.cetestgroup.com\\\/es\\\/#website\"},\"datePublished\":\"2018-04-06T10:18:08+00:00\",\"dateModified\":\"2023-03-22T12:51:08+00:00\",\"description\":\"En CETEST medimos y analizamos los niveles de vibraci\u00f3n en componentes y subconjuntos para el cumplimiento de normas. Tambi\u00e9n el an\u00e1lisis de \u00f3rdenes, que compara los niveles de vibraci\u00f3n en el dominio de la frecuencia con la velocidad de rotaci\u00f3n. Es muy \u00fatil para la detecci\u00f3n de fallos en los elementos rotatorios.\",\"breadcrumb\":{\"@id\":\"https:\\\/\\\/www.cetestgroup.com\\\/es\\\/ensayos-ferroviarios\\\/ruido-y-vibraciones\\\/vibraciones\\\/#breadcrumb\"},\"inLanguage\":\"es\",\"potentialAction\":[{\"@type\":\"ReadAction\",\"target\":[\"https:\\\/\\\/www.cetestgroup.com\\\/es\\\/ensayos-ferroviarios\\\/ruido-y-vibraciones\\\/vibraciones\\\/\"]}]},{\"@type\":\"BreadcrumbList\",\"@id\":\"https:\\\/\\\/www.cetestgroup.com\\\/es\\\/ensayos-ferroviarios\\\/ruido-y-vibraciones\\\/vibraciones\\\/#breadcrumb\",\"itemListElement\":[{\"@type\":\"ListItem\",\"position\":1,\"name\":\"Home\",\"item\":\"https:\\\/\\\/www.cetestgroup.com\\\/es\\\/\"},{\"@type\":\"ListItem\",\"position\":2,\"name\":\"Ensayos Ferroviarios\",\"item\":\"https:\\\/\\\/www.cetestgroup.com\\\/es\\\/ensayos-ferroviarios\\\/\"},{\"@type\":\"ListItem\",\"position\":3,\"name\":\"Ruido y vibraciones\",\"item\":\"https:\\\/\\\/www.cetestgroup.com\\\/es\\\/ensayos-ferroviarios\\\/ruido-y-vibraciones\\\/\"},{\"@type\":\"ListItem\",\"position\":4,\"name\":\"Vibraciones\"}]},{\"@type\":\"WebSite\",\"@id\":\"https:\\\/\\\/www.cetestgroup.com\\\/es\\\/#website\",\"url\":\"https:\\\/\\\/www.cetestgroup.com\\\/es\\\/\",\"name\":\"CETEST\",\"description\":\"CETEST is a fully accredited independent test laboratory offering services for design verification, model validation, developmental testing and\\\/or answers to help you identify failure root causes. We carry out tests in our facilities as well as on site as required by customer needs.\",\"potentialAction\":[{\"@type\":\"SearchAction\",\"target\":{\"@type\":\"EntryPoint\",\"urlTemplate\":\"https:\\\/\\\/www.cetestgroup.com\\\/es\\\/?s={search_term_string}\"},\"query-input\":{\"@type\":\"PropertyValueSpecification\",\"valueRequired\":true,\"valueName\":\"search_term_string\"}}],\"inLanguage\":\"es\"}]}<\/script>\n<!-- \/ Yoast SEO plugin. -->","yoast_head_json":{"title":"Ensayos del Nivel de Vibraciones en el Sector Ferroviario | CETEST","description":"En CETEST medimos y analizamos los niveles de vibraci\u00f3n en componentes y subconjuntos para el cumplimiento de normas. Tambi\u00e9n el an\u00e1lisis de \u00f3rdenes, que compara los niveles de vibraci\u00f3n en el dominio de la frecuencia con la velocidad de rotaci\u00f3n. Es muy \u00fatil para la detecci\u00f3n de fallos en los elementos rotatorios.","robots":{"index":"index","follow":"follow","max-snippet":"max-snippet:-1","max-image-preview":"max-image-preview:large","max-video-preview":"max-video-preview:-1"},"canonical":"https:\/\/www.cetestgroup.com\/es\/ensayos-ferroviarios\/ruido-y-vibraciones\/vibraciones\/","og_locale":"es_ES","og_type":"article","og_title":"Ensayos del Nivel de Vibraciones en el Sector Ferroviario | CETEST","og_description":"En CETEST medimos y analizamos los niveles de vibraci\u00f3n en componentes y subconjuntos para el cumplimiento de normas. Tambi\u00e9n el an\u00e1lisis de \u00f3rdenes, que compara los niveles de vibraci\u00f3n en el dominio de la frecuencia con la velocidad de rotaci\u00f3n. Es muy \u00fatil para la detecci\u00f3n de fallos en los elementos rotatorios.","og_url":"https:\/\/www.cetestgroup.com\/es\/ensayos-ferroviarios\/ruido-y-vibraciones\/vibraciones\/","og_site_name":"CETEST","article_modified_time":"2023-03-22T12:51:08+00:00","twitter_card":"summary_large_image","twitter_misc":{"Tiempo de lectura":"2 minutos"},"schema":{"@context":"https:\/\/schema.org","@graph":[{"@type":"WebPage","@id":"https:\/\/www.cetestgroup.com\/es\/ensayos-ferroviarios\/ruido-y-vibraciones\/vibraciones\/","url":"https:\/\/www.cetestgroup.com\/es\/ensayos-ferroviarios\/ruido-y-vibraciones\/vibraciones\/","name":"Ensayos del Nivel de Vibraciones en el Sector Ferroviario | CETEST","isPartOf":{"@id":"https:\/\/www.cetestgroup.com\/es\/#website"},"datePublished":"2018-04-06T10:18:08+00:00","dateModified":"2023-03-22T12:51:08+00:00","description":"En CETEST medimos y analizamos los niveles de vibraci\u00f3n en componentes y subconjuntos para el cumplimiento de normas. Tambi\u00e9n el an\u00e1lisis de \u00f3rdenes, que compara los niveles de vibraci\u00f3n en el dominio de la frecuencia con la velocidad de rotaci\u00f3n. Es muy \u00fatil para la detecci\u00f3n de fallos en los elementos rotatorios.","breadcrumb":{"@id":"https:\/\/www.cetestgroup.com\/es\/ensayos-ferroviarios\/ruido-y-vibraciones\/vibraciones\/#breadcrumb"},"inLanguage":"es","potentialAction":[{"@type":"ReadAction","target":["https:\/\/www.cetestgroup.com\/es\/ensayos-ferroviarios\/ruido-y-vibraciones\/vibraciones\/"]}]},{"@type":"BreadcrumbList","@id":"https:\/\/www.cetestgroup.com\/es\/ensayos-ferroviarios\/ruido-y-vibraciones\/vibraciones\/#breadcrumb","itemListElement":[{"@type":"ListItem","position":1,"name":"Home","item":"https:\/\/www.cetestgroup.com\/es\/"},{"@type":"ListItem","position":2,"name":"Ensayos Ferroviarios","item":"https:\/\/www.cetestgroup.com\/es\/ensayos-ferroviarios\/"},{"@type":"ListItem","position":3,"name":"Ruido y vibraciones","item":"https:\/\/www.cetestgroup.com\/es\/ensayos-ferroviarios\/ruido-y-vibraciones\/"},{"@type":"ListItem","position":4,"name":"Vibraciones"}]},{"@type":"WebSite","@id":"https:\/\/www.cetestgroup.com\/es\/#website","url":"https:\/\/www.cetestgroup.com\/es\/","name":"CETEST","description":"CETEST is a fully accredited independent test laboratory offering services for design verification, model validation, developmental testing and\/or answers to help you identify failure root causes. We carry out tests in our facilities as well as on site as required by customer needs.","potentialAction":[{"@type":"SearchAction","target":{"@type":"EntryPoint","urlTemplate":"https:\/\/www.cetestgroup.com\/es\/?s={search_term_string}"},"query-input":{"@type":"PropertyValueSpecification","valueRequired":true,"valueName":"search_term_string"}}],"inLanguage":"es"}]}},"_links":{"self":[{"href":"https:\/\/www.cetestgroup.com\/es\/wp-json\/wp\/v2\/pages\/17700","targetHints":{"allow":["GET"]}}],"collection":[{"href":"https:\/\/www.cetestgroup.com\/es\/wp-json\/wp\/v2\/pages"}],"about":[{"href":"https:\/\/www.cetestgroup.com\/es\/wp-json\/wp\/v2\/types\/page"}],"author":[{"embeddable":true,"href":"https:\/\/www.cetestgroup.com\/es\/wp-json\/wp\/v2\/users\/1"}],"replies":[{"embeddable":true,"href":"https:\/\/www.cetestgroup.com\/es\/wp-json\/wp\/v2\/comments?post=17700"}],"version-history":[{"count":2,"href":"https:\/\/www.cetestgroup.com\/es\/wp-json\/wp\/v2\/pages\/17700\/revisions"}],"predecessor-version":[{"id":19740,"href":"https:\/\/www.cetestgroup.com\/es\/wp-json\/wp\/v2\/pages\/17700\/revisions\/19740"}],"up":[{"embeddable":true,"href":"https:\/\/www.cetestgroup.com\/es\/wp-json\/wp\/v2\/pages\/17823"}],"wp:attachment":[{"href":"https:\/\/www.cetestgroup.com\/es\/wp-json\/wp\/v2\/media?parent=17700"}],"curies":[{"name":"wp","href":"https:\/\/api.w.org\/{rel}","templated":true}]}}