{"id":17697,"date":"2018-04-06T11:08:21","date_gmt":"2018-04-06T10:08:21","guid":{"rendered":"https:\/\/www.cetestgroup.com\/?page_id=17697"},"modified":"2022-12-14T12:50:07","modified_gmt":"2022-12-14T12:50:07","slug":"ruido","status":"publish","type":"page","link":"https:\/\/www.cetestgroup.com\/es\/ensayos-ferroviarios\/ruido-y-vibraciones\/ruido\/","title":{"rendered":"Ruido"},"content":{"rendered":"<div class=\"wpb-content-wrapper\"><p>[vc_row][vc_column]<div class=\"ult-spacer spacer-69dcdad55bb55\" data-id=\"69dcdad55bb55\" data-height=\"30\" data-height-mobile=\"20\" data-height-tab=\"20\" data-height-tab-portrait=\"\" data-height-mobile-landscape=\"\" style=\"clear:both;display:block;\"><\/div>[\/vc_column][\/vc_row][vc_row][vc_column]<div class=\"dfd-heading-shortcode\"><div class=\"dfd-heading-module-wrap  text-center style_01 dfd-heading-69dcdad55bc21 dfd-disable-resposive-headings\" id=\"dfd-heading-69dcdad55bc21\" ><div class=\"inline-block\"><div class=\"dfd-heading-module\"><h6 class=\"widget-title dfd-title \" style=\"font-family:PT Sans Narrow; font-weight:400; font-style:normal; font-size: 20px; color: #25bdd5 !important; line-height: 25px; \">CETEST est\u00e1 acreditado para llevar a cabo ensayos de ruido conforme a normas como ISO 3095, ISO 3381, TSI 1304\/2014, UIC 651, EN 15892, EN 15153 y UIC 644, entre otras.<\/h6><div class=\"dfd-heading-delimiter\"><\/div><\/div><\/div><\/div><script type=\"text\/javascript\">\r\n\t\t\t\t\t\t\t\t\t(function($) {\r\n\t\t\t\t\t\t\t\t\t\t$(\"head\").append(\"<style>.dfd-heading-69dcdad55bc21.dfd-heading-module-wrap .dfd-heading-module .dfd-heading-delimiter {border-bottom-style:solid;border-bottom-width:1px;width:100px;border-bottom-color:#dddddd;}.dfd-heading-69dcdad55bc21.dfd-heading-module-wrap .dfd-heading-module .dfd-heading-delimiter {margin-top:20px;margin-bottom:20px;}<\/style>\");\r\n\t\t\t\t\t\t\t\t\t})(jQuery);\r\n\t\t\t\t\t\t\t\t<\/script><\/div><div class=\"ult-spacer spacer-69dcdad55bd52\" data-id=\"69dcdad55bd52\" data-height=\"30\" data-height-mobile=\"20\" data-height-tab=\"20\" data-height-tab-portrait=\"\" data-height-mobile-landscape=\"\" style=\"clear:both;display:block;\"><\/div>[\/vc_column][\/vc_row][vc_row][vc_column width=\u00bb1\/2&#8243;][vc_column_text]CETEST acredita una gran experiencia en la realizaci\u00f3n de ensayos de ruido y ac\u00fastica para proyectos ferroviarios en todo el mundo. Dichos ensayos se exigen como parte de la evaluaci\u00f3n de la seguridad del veh\u00edculo.<\/p>\n<p>CETEST dispone de la \u00faltima tecnolog\u00eda (micr\u00f3fonos, arrays, herramientas hardware\/software de adquisici\u00f3n y postratamiento), para llevar a cabo diversos ensayos: ruido interior y exterior, advertencias ac\u00fasticas, intensidad ac\u00fastica, inteligibilidad hablada, etc. Los citados medios permiten el desarrollo del ensayo seg\u00fan los requisitos de medida especificados en las normas correspondientes, as\u00ed como el poder ofrecer una gran capacidad de investigaci\u00f3n para fen\u00f3menos asociados.<\/p>\n<p>CETEST, adem\u00e1s, realiza complejos ensayos de investigaci\u00f3n combinados, en los que se valora al mismo tiempo vibraci\u00f3n y ac\u00fastica o aerodin\u00e1mica y ac\u00fastica.[\/vc_column_text]<div class=\"ult-spacer spacer-69dcdad55bda3\" data-id=\"69dcdad55bda3\" data-height=\"20\" data-height-mobile=\"20\" data-height-tab=\"20\" data-height-tab-portrait=\"\" data-height-mobile-landscape=\"\" style=\"clear:both;display:block;\"><\/div>[\/vc_column][vc_column width=\u00bb1\/2&#8243;]<div id=\"dfd-carousel-69dcdad55be3b\" class=\"dfd-carousel-wrapper\"><div class=\"dfd-carousel-module-wrapper  dfd-carousel-horizontal dfd-arrows_aside2 dfdfillsquare dfd-arrows-style_4 dfd-arrows-enabled dfd-dots-enabled\" ><div class=\"dfd-carousel\">[vc_single_image image=\u00bb17536&#8243; img_size=\u00bbfull\u00bb alignment=\u00bbcenter\u00bb][vc_single_image image=\u00bb17559&#8243; img_size=\u00bbfull\u00bb alignment=\u00bbcenter\u00bb][vc_single_image image=\u00bb17205&#8243; img_size=\u00bbfull\u00bb alignment=\u00bbcenter\u00bb][vc_single_image image=\u00bb17204&#8243; img_size=\u00bbfull\u00bb alignment=\u00bbcenter\u00bb]<\/div><a href=\"#\" class=\"dfd-slider-control prev\" title=\"Previous slide\"><i class=\"dfd-added-font-icon-left-open2\"><\/i><\/a><a href=\"#\" class=\"dfd-slider-control next\" title=\"Next slide\"><i class=\"dfd-added-font-icon-right-open2\"><\/i><\/a><\/div>\t\t\t\t<script type=\"text\/javascript\">\r\n\t\t\t\t\t(function($) {\r\n\t\t\t\t\t\t\"use strict\";\r\n\t\t\t\t\t\tvar $carousel = $('#dfd-carousel-69dcdad55be3b').find('.dfd-carousel');\r\n\t\t\t\t\t\t$(document).ready(function() {\r\n\t\t\t\t\t\t\tvar $initialized = ($('body').hasClass('page-template-tmp-side-by-side')) ? $carousel.not('.slick-initialized') : $carousel;\r\n\t\t\t\t\t\t\t\t\t\t\t\t\t\t$carousel.siblings('.dfd-slider-control.prev').click(function(e) {\r\n\t\t\t\t\t\t\t\te.preventDefault();\r\n\t\t\t\t\t\t\t\t$carousel.eq(0).slick('slickPrev');\r\n\t\t\t\t\t\t\t});\r\n\t\t\t\t\t\t\t$carousel.siblings('.dfd-slider-control.next').click(function(e) {\r\n\t\t\t\t\t\t\t\te.preventDefault();\r\n\t\t\t\t\t\t\t\t$carousel.eq(0).slick('slickNext');\r\n\t\t\t\t\t\t\t});\r\n\t\t\t\t\t\t\t$initialized.slick({arrows: false,dotsClass: 'dfd-slick-dots',slidesToScroll: 1,autoplay: true,autoplaySpeed: 5000,dots: true,customPaging: function(slider, i) {\r\n\t\t\t\t\t\t\t\t\treturn '<span data-role=\"none\" role=\"button\" aria-required=\"false\" tabindex=\"0\"><\/span>';\r\n\t\t\t\t\t\t\t\t},infinite: true,slidesToShow: 1,speed: 300,swipe: true,draggable: true,adaptiveHeight: true,responsive: [\r\n\t\t\t\t\t\t\t{\r\n\t\t\t\t\t\t\t\tbreakpoint: 1024,\r\n\t\t\t\t\t\t\t\tsettings: {\r\n\t\t\t\t\t\t\t\t\tslidesToShow: 1,\r\n\t\t\t\t\t\t\t\t\tslidesToScroll: 1,\r\n\t\t\t\t\t\t\t\t}\r\n\t\t\t\t\t\t\t},\r\n\t\t\t\t\t\t\t{\r\n\t\t\t\t\t\t\t\tbreakpoint: 800,\r\n\t\t\t\t\t\t\t\tsettings: {\r\n\t\t\t\t\t\t\t\t\tslidesToShow: 1,\r\n\t\t\t\t\t\t\t\t\tslidesToScroll: 1,\r\n\t\t\t\t\t\t\t\t}\r\n\t\t\t\t\t\t\t},\r\n\t\t\t\t\t\t\t{\r\n\t\t\t\t\t\t\t\tbreakpoint: 480,\r\n\t\t\t\t\t\t\t\tsettings: {\r\n\t\t\t\t\t\t\t\t\tslidesToShow: 1,\r\n\t\t\t\t\t\t\t\t\tslidesToScroll: 1,\r\n\t\t\t\t\t\t\t\t}\r\n\t\t\t\t\t\t\t},]});\r\n\t\t\t\t\t\t\t$(\"head\").append(\"<style>#dfd-carousel-69dcdad55be3b > .dfd-carousel-module-wrapper > .dfd-carousel > .slick-list > .slick-track > .dfd-item-wrap > .cover {padding: 10px;}#dfd-carousel-69dcdad55be3b {margin: -10px;}<\/style>\")\t\t\t\t\t\t});\r\n\t\t\t\t\t})(jQuery);\r\n\t\t\t\t<\/script>\r\n            <\/div>[\/vc_column][\/vc_row][vc_row][vc_column]<div class=\"ult-spacer spacer-69dcdad55bed0\" data-id=\"69dcdad55bed0\" data-height=\"20\" data-height-mobile=\"20\" data-height-tab=\"20\" data-height-tab-portrait=\"\" data-height-mobile-landscape=\"\" style=\"clear:both;display:block;\"><\/div>[\/vc_column][\/vc_row][vc_row css=\u00bb.vc_custom_1504094682285{padding-top: 5% !important;padding-right: 5% !important;padding-bottom: 5% !important;padding-left: 5% !important;background-color: #f4f4f4 !important;}\u00bb][vc_column]<div class=\"dfd-heading-shortcode\"><div class=\"dfd-heading-module-wrap  text-left style_01 dfd-heading-69dcdad55bf4d dfd-disable-resposive-headings\" id=\"dfd-heading-69dcdad55bf4d\" ><div class=\"inline-block\"><div class=\"dfd-heading-module\"><h6 class=\"widget-title dfd-title \" style=\"font-size: 20px; color: #25bdd5 !important; \">Algunos ejemplos de los ensayos de ruidos que suele realizar CETEST:<\/h6><div class=\"dfd-heading-delimiter\"><\/div><\/div><\/div><\/div><script type=\"text\/javascript\">\r\n\t\t\t\t\t\t\t\t\t(function($) {\r\n\t\t\t\t\t\t\t\t\t\t$(\"head\").append(\"<style>.dfd-heading-69dcdad55bf4d.dfd-heading-module-wrap .dfd-heading-module .dfd-heading-delimiter {border-bottom-style:solid;border-bottom-width:1px;width:100px;border-bottom-color:#dddddd;}.dfd-heading-69dcdad55bf4d.dfd-heading-module-wrap .dfd-heading-module .dfd-heading-delimiter {margin-top:10px;margin-bottom:10px;}<\/style>\");\r\n\t\t\t\t\t\t\t\t\t})(jQuery);\r\n\t\t\t\t\t\t\t\t<\/script><\/div>[vc_column_text]<\/p>\n<ul>\n<li><strong>E<\/strong><strong>nsayo de ruido interior en la cabina de conducci\u00f3n y exterior con impacto de bocina.<\/strong> Se trata del ensayo conforme a TSI 1302\/2014, EN 15153-2 y EN 15892. Si la cabina contiene m\u00e1s de un set de mandos completo para la conducci\u00f3n, los ensayos deber\u00e1n realizarse en cada uno de los puestos.<br \/>\nLos ensayos de ruido interior en parado y con la bocina se llevan a cabo seg\u00fan EN 15892. En exterior se mide conforme a la norma EN 15153-2 y el documento TSI 1302\/2014. Los ensayos se desarrollan con las diferentes frecuencias de la bocina, trabajando a la presi\u00f3n nominal.<\/li>\n<\/ul>\n<ul>\n<li><strong>Ensayo de ruido interior en la cabina de conducci\u00f3n y en din\u00e1mico. <\/strong>Los niveles de ruido en el interior de la cabina se miden tambi\u00e9n en marcha, y las mediciones se realizan a la altura del o\u00eddo del conductor.<\/li>\n<\/ul>\n<ul>\n<li>La <strong>valoraci\u00f3n de la rugosidad de carril y la tasa de atenuaci\u00f3n de la v\u00eda<\/strong> se eval\u00faan conforme a ISO 3381 e ISO 3095. Tambi\u00e9n se aplica el procedimiento indicado en la norma EN 15610 para medir la rugosidad de carril y el procedimiento indicado en la norma EN 15461 para tasa de atenuaci\u00f3n de la v\u00eda.<\/li>\n<li><strong>Ensayo de STIPA. <\/strong>Se miden los niveles de inteligibilidad hablada conforme a la norma IEC 60268-16 y al documento TSI 1300\/2014.<\/li>\n<li><strong>Ensayo de apertura, habilitaci\u00f3n y cierre de puertas. <\/strong>Se eval\u00faan los niveles de presi\u00f3n sonora debido a operaciones con las puertas conforme al documento TSI 1300\/2014, EN 14752 y EN 17285.<\/li>\n<li><strong>Dispositivos de advertencia seg\u00fan EN 15153-2, EN 15892, UIC 644.<\/strong><\/li>\n<li><strong>Intensidad y potencia sonora seg\u00fan ISO 9614, ISO 3744, ISO 3746.<\/strong><\/li>\n<li><strong>Inteligibilidad del habla seg\u00fan IEC 60268-16, TSI 1300\/2014.<\/strong><\/li>\n<li><strong>Tiempo de reverberaci\u00f3n seg\u00fan ISO 3382-2, ISO 6926.<\/strong><\/li>\n<li><strong>Aislamiento ac\u00fastico seg\u00fan ISO 717.<\/strong><\/li>\n<li><strong>Ensayos para la medida y caracterizaci\u00f3n ac\u00fastica de equipos aut\u00f3nomos, tales como:<\/strong><br \/>\n-Puertas seg\u00fan TSI 1300\/2014, EN 14752.<br \/>\n-Convertidores e inversores de potencia seg\u00fan IEC 61287-1.<br \/>\n-Caja de cambios.<\/li>\n<\/ul>\n<p>[\/vc_column_text][\/vc_column][\/vc_row][vc_row][vc_column]<div class=\"ult-spacer spacer-69dcdad55c00d\" data-id=\"69dcdad55c00d\" data-height=\"20\" data-height-mobile=\"20\" data-height-tab=\"20\" data-height-tab-portrait=\"\" data-height-mobile-landscape=\"\" style=\"clear:both;display:block;\"><\/div>[\/vc_column][\/vc_row][vc_row][vc_column][vc_column_text]Gracias a nuestra experiencia, adem\u00e1s de en ensayos normativos, CETEST ha participado en proyectos de investigaci\u00f3n de problemas en servicio y ha llevado a cabo ensayos no normalizados asociados con los problemas de ruido.[\/vc_column_text][\/vc_column][\/vc_row][vc_row][vc_column]<div class=\"ult-spacer spacer-69dcdad55c038\" data-id=\"69dcdad55c038\" data-height=\"60\" data-height-mobile=\"20\" data-height-tab=\"30\" data-height-tab-portrait=\"\" data-height-mobile-landscape=\"\" style=\"clear:both;display:block;\"><\/div>[\/vc_column][\/vc_row]<\/p>\n<\/div>","protected":false},"excerpt":{"rendered":"<p>[vc_row][vc_column][\/vc_column][\/vc_row][vc_row][vc_column][\/vc_column][\/vc_row][vc_row][vc_column width=\u00bb1\/2&#8243;][vc_column_text]CETEST acredita una gran experiencia en la realizaci\u00f3n de ensayos de ruido y ac\u00fastica para proyectos ferroviarios en todo el mundo. Dichos ensayos se exigen como parte de la<\/p>\n","protected":false},"author":1,"featured_media":0,"parent":17823,"menu_order":0,"comment_status":"closed","ping_status":"closed","template":"tmp-page-right-sidebar.php","meta":{"_acf_changed":false,"footnotes":""},"class_list":["post-17697","page","type-page","status-publish","hentry"],"acf":[],"yoast_head":"<!-- This site is optimized with the Yoast SEO plugin v27.3 - https:\/\/yoast.com\/product\/yoast-seo-wordpress\/ -->\n<title>Ensayos de Ruido para Proyectos Ferroviarios | CETEST<\/title>\n<meta name=\"description\" content=\"CETEST est\u00e1 acreditado para llevar a cabo ensayos de ruido conforme a normas como ISO 3095, ISO 3381, TSI 1304\/2014, UIC 651, EN 15892, EN 15153 y UIC 644, entre otras. Adem\u00e1s de en ensayos normativos, CETEST participa en proyectos de investigaci\u00f3n de problemas en servicio y lleva a cabo ensayos no normalizados.\" \/>\n<meta name=\"robots\" content=\"index, follow, max-snippet:-1, max-image-preview:large, max-video-preview:-1\" \/>\n<link rel=\"canonical\" href=\"https:\/\/www.cetestgroup.com\/es\/ensayos-ferroviarios\/ruido-y-vibraciones\/ruido\/\" \/>\n<meta property=\"og:locale\" content=\"es_ES\" \/>\n<meta property=\"og:type\" content=\"article\" \/>\n<meta property=\"og:title\" content=\"Ensayos de Ruido para Proyectos Ferroviarios | CETEST\" \/>\n<meta property=\"og:description\" content=\"CETEST est\u00e1 acreditado para llevar a cabo ensayos de ruido conforme a normas como ISO 3095, ISO 3381, TSI 1304\/2014, UIC 651, EN 15892, EN 15153 y UIC 644, entre otras. Adem\u00e1s de en ensayos normativos, CETEST participa en proyectos de investigaci\u00f3n de problemas en servicio y lleva a cabo ensayos no normalizados.\" \/>\n<meta property=\"og:url\" content=\"https:\/\/www.cetestgroup.com\/es\/ensayos-ferroviarios\/ruido-y-vibraciones\/ruido\/\" \/>\n<meta property=\"og:site_name\" content=\"CETEST\" \/>\n<meta property=\"article:modified_time\" content=\"2022-12-14T12:50:07+00:00\" \/>\n<meta name=\"twitter:card\" content=\"summary_large_image\" \/>\n<meta name=\"twitter:label1\" content=\"Tiempo de lectura\" \/>\n\t<meta name=\"twitter:data1\" content=\"4 minutos\" \/>\n<script type=\"application\/ld+json\" class=\"yoast-schema-graph\">{\"@context\":\"https:\\\/\\\/schema.org\",\"@graph\":[{\"@type\":\"WebPage\",\"@id\":\"https:\\\/\\\/www.cetestgroup.com\\\/es\\\/ensayos-ferroviarios\\\/ruido-y-vibraciones\\\/ruido\\\/\",\"url\":\"https:\\\/\\\/www.cetestgroup.com\\\/es\\\/ensayos-ferroviarios\\\/ruido-y-vibraciones\\\/ruido\\\/\",\"name\":\"Ensayos de Ruido para Proyectos Ferroviarios | CETEST\",\"isPartOf\":{\"@id\":\"https:\\\/\\\/www.cetestgroup.com\\\/es\\\/#website\"},\"datePublished\":\"2018-04-06T10:08:21+00:00\",\"dateModified\":\"2022-12-14T12:50:07+00:00\",\"description\":\"CETEST est\u00e1 acreditado para llevar a cabo ensayos de ruido conforme a normas como ISO 3095, ISO 3381, TSI 1304\\\/2014, UIC 651, EN 15892, EN 15153 y UIC 644, entre otras. Adem\u00e1s de en ensayos normativos, CETEST participa en proyectos de investigaci\u00f3n de problemas en servicio y lleva a cabo ensayos no normalizados.\",\"breadcrumb\":{\"@id\":\"https:\\\/\\\/www.cetestgroup.com\\\/es\\\/ensayos-ferroviarios\\\/ruido-y-vibraciones\\\/ruido\\\/#breadcrumb\"},\"inLanguage\":\"es\",\"potentialAction\":[{\"@type\":\"ReadAction\",\"target\":[\"https:\\\/\\\/www.cetestgroup.com\\\/es\\\/ensayos-ferroviarios\\\/ruido-y-vibraciones\\\/ruido\\\/\"]}]},{\"@type\":\"BreadcrumbList\",\"@id\":\"https:\\\/\\\/www.cetestgroup.com\\\/es\\\/ensayos-ferroviarios\\\/ruido-y-vibraciones\\\/ruido\\\/#breadcrumb\",\"itemListElement\":[{\"@type\":\"ListItem\",\"position\":1,\"name\":\"Home\",\"item\":\"https:\\\/\\\/www.cetestgroup.com\\\/es\\\/\"},{\"@type\":\"ListItem\",\"position\":2,\"name\":\"Ensayos Ferroviarios\",\"item\":\"https:\\\/\\\/www.cetestgroup.com\\\/es\\\/ensayos-ferroviarios\\\/\"},{\"@type\":\"ListItem\",\"position\":3,\"name\":\"Ruido y vibraciones\",\"item\":\"https:\\\/\\\/www.cetestgroup.com\\\/es\\\/ensayos-ferroviarios\\\/ruido-y-vibraciones\\\/\"},{\"@type\":\"ListItem\",\"position\":4,\"name\":\"Ruido\"}]},{\"@type\":\"WebSite\",\"@id\":\"https:\\\/\\\/www.cetestgroup.com\\\/es\\\/#website\",\"url\":\"https:\\\/\\\/www.cetestgroup.com\\\/es\\\/\",\"name\":\"CETEST\",\"description\":\"CETEST is a fully accredited independent test laboratory offering services for design verification, model validation, developmental testing and\\\/or answers to help you identify failure root causes. We carry out tests in our facilities as well as on site as required by customer needs.\",\"potentialAction\":[{\"@type\":\"SearchAction\",\"target\":{\"@type\":\"EntryPoint\",\"urlTemplate\":\"https:\\\/\\\/www.cetestgroup.com\\\/es\\\/?s={search_term_string}\"},\"query-input\":{\"@type\":\"PropertyValueSpecification\",\"valueRequired\":true,\"valueName\":\"search_term_string\"}}],\"inLanguage\":\"es\"}]}<\/script>\n<!-- \/ Yoast SEO plugin. -->","yoast_head_json":{"title":"Ensayos de Ruido para Proyectos Ferroviarios | CETEST","description":"CETEST est\u00e1 acreditado para llevar a cabo ensayos de ruido conforme a normas como ISO 3095, ISO 3381, TSI 1304\/2014, UIC 651, EN 15892, EN 15153 y UIC 644, entre otras. Adem\u00e1s de en ensayos normativos, CETEST participa en proyectos de investigaci\u00f3n de problemas en servicio y lleva a cabo ensayos no normalizados.","robots":{"index":"index","follow":"follow","max-snippet":"max-snippet:-1","max-image-preview":"max-image-preview:large","max-video-preview":"max-video-preview:-1"},"canonical":"https:\/\/www.cetestgroup.com\/es\/ensayos-ferroviarios\/ruido-y-vibraciones\/ruido\/","og_locale":"es_ES","og_type":"article","og_title":"Ensayos de Ruido para Proyectos Ferroviarios | CETEST","og_description":"CETEST est\u00e1 acreditado para llevar a cabo ensayos de ruido conforme a normas como ISO 3095, ISO 3381, TSI 1304\/2014, UIC 651, EN 15892, EN 15153 y UIC 644, entre otras. Adem\u00e1s de en ensayos normativos, CETEST participa en proyectos de investigaci\u00f3n de problemas en servicio y lleva a cabo ensayos no normalizados.","og_url":"https:\/\/www.cetestgroup.com\/es\/ensayos-ferroviarios\/ruido-y-vibraciones\/ruido\/","og_site_name":"CETEST","article_modified_time":"2022-12-14T12:50:07+00:00","twitter_card":"summary_large_image","twitter_misc":{"Tiempo de lectura":"4 minutos"},"schema":{"@context":"https:\/\/schema.org","@graph":[{"@type":"WebPage","@id":"https:\/\/www.cetestgroup.com\/es\/ensayos-ferroviarios\/ruido-y-vibraciones\/ruido\/","url":"https:\/\/www.cetestgroup.com\/es\/ensayos-ferroviarios\/ruido-y-vibraciones\/ruido\/","name":"Ensayos de Ruido para Proyectos Ferroviarios | CETEST","isPartOf":{"@id":"https:\/\/www.cetestgroup.com\/es\/#website"},"datePublished":"2018-04-06T10:08:21+00:00","dateModified":"2022-12-14T12:50:07+00:00","description":"CETEST est\u00e1 acreditado para llevar a cabo ensayos de ruido conforme a normas como ISO 3095, ISO 3381, TSI 1304\/2014, UIC 651, EN 15892, EN 15153 y UIC 644, entre otras. Adem\u00e1s de en ensayos normativos, CETEST participa en proyectos de investigaci\u00f3n de problemas en servicio y lleva a cabo ensayos no normalizados.","breadcrumb":{"@id":"https:\/\/www.cetestgroup.com\/es\/ensayos-ferroviarios\/ruido-y-vibraciones\/ruido\/#breadcrumb"},"inLanguage":"es","potentialAction":[{"@type":"ReadAction","target":["https:\/\/www.cetestgroup.com\/es\/ensayos-ferroviarios\/ruido-y-vibraciones\/ruido\/"]}]},{"@type":"BreadcrumbList","@id":"https:\/\/www.cetestgroup.com\/es\/ensayos-ferroviarios\/ruido-y-vibraciones\/ruido\/#breadcrumb","itemListElement":[{"@type":"ListItem","position":1,"name":"Home","item":"https:\/\/www.cetestgroup.com\/es\/"},{"@type":"ListItem","position":2,"name":"Ensayos Ferroviarios","item":"https:\/\/www.cetestgroup.com\/es\/ensayos-ferroviarios\/"},{"@type":"ListItem","position":3,"name":"Ruido y vibraciones","item":"https:\/\/www.cetestgroup.com\/es\/ensayos-ferroviarios\/ruido-y-vibraciones\/"},{"@type":"ListItem","position":4,"name":"Ruido"}]},{"@type":"WebSite","@id":"https:\/\/www.cetestgroup.com\/es\/#website","url":"https:\/\/www.cetestgroup.com\/es\/","name":"CETEST","description":"CETEST is a fully accredited independent test laboratory offering services for design verification, model validation, developmental testing and\/or answers to help you identify failure root causes. We carry out tests in our facilities as well as on site as required by customer needs.","potentialAction":[{"@type":"SearchAction","target":{"@type":"EntryPoint","urlTemplate":"https:\/\/www.cetestgroup.com\/es\/?s={search_term_string}"},"query-input":{"@type":"PropertyValueSpecification","valueRequired":true,"valueName":"search_term_string"}}],"inLanguage":"es"}]}},"_links":{"self":[{"href":"https:\/\/www.cetestgroup.com\/es\/wp-json\/wp\/v2\/pages\/17697","targetHints":{"allow":["GET"]}}],"collection":[{"href":"https:\/\/www.cetestgroup.com\/es\/wp-json\/wp\/v2\/pages"}],"about":[{"href":"https:\/\/www.cetestgroup.com\/es\/wp-json\/wp\/v2\/types\/page"}],"author":[{"embeddable":true,"href":"https:\/\/www.cetestgroup.com\/es\/wp-json\/wp\/v2\/users\/1"}],"replies":[{"embeddable":true,"href":"https:\/\/www.cetestgroup.com\/es\/wp-json\/wp\/v2\/comments?post=17697"}],"version-history":[{"count":2,"href":"https:\/\/www.cetestgroup.com\/es\/wp-json\/wp\/v2\/pages\/17697\/revisions"}],"predecessor-version":[{"id":19679,"href":"https:\/\/www.cetestgroup.com\/es\/wp-json\/wp\/v2\/pages\/17697\/revisions\/19679"}],"up":[{"embeddable":true,"href":"https:\/\/www.cetestgroup.com\/es\/wp-json\/wp\/v2\/pages\/17823"}],"wp:attachment":[{"href":"https:\/\/www.cetestgroup.com\/es\/wp-json\/wp\/v2\/media?parent=17697"}],"curies":[{"name":"wp","href":"https:\/\/api.w.org\/{rel}","templated":true}]}}